{"id":641,"date":"2021-12-20T19:19:10","date_gmt":"2021-12-20T18:19:10","guid":{"rendered":"https:\/\/www.ewigerbund.org\/wuerttemberg\/?page_id=641"},"modified":"2023-02-18T09:28:32","modified_gmt":"2023-02-18T08:28:32","slug":"das-landeswappen-des-koenigreichs-wuerttemberg","status":"publish","type":"page","link":"https:\/\/www.ewigerbund.org\/wuerttemberg\/das-landeswappen-des-koenigreichs-wuerttemberg\/","title":{"rendered":"Das Landeswappen des K\u00f6nigreichs W\u00fcrttemberg"},"content":{"rendered":"\n<p>Das Landeswappen besteht in einem von oben nach unten geteilten Schild, wovon die eine H\u00e4lfte das alte Wappen von W\u00fcrttemberg, drei schwarze liegende Hirschstangen in goldenem Felde, die andere in ebensolchem Felde drei L\u00f6wen, das Zeichen des fr\u00fcheren schw\u00e4bischen (Hohenstaufenschen) Herzogtums enth\u00e4lt. Der Wahlspruch lautet: \u201e<strong>Furchtlos und treu<\/strong>\u201c. Schildhalter sind ein gekr\u00f6nter schwarzer L\u00f6we und ein goldener Hirsch. <\/p>\n\n\n\n<p><em>Die unbefugte gewerbliche Verwendung des Landeswappens ist mit Strafe bedroht (St. G. B. \u00a7 360 Ziff. 7). <\/em><\/p>\n\n\n\n<p><strong>Die Landesfarben sind schwarz und rot.<\/strong><\/p>\n\n\n\n<figure class=\"wp-block-image size-large\"><img loading=\"lazy\" decoding=\"async\" width=\"1024\" height=\"614\" src=\"https:\/\/www.ewigerbund.org\/wuerttemberg\/wp-content\/uploads\/sites\/13\/2021\/12\/K640_Flagge_Koenigreich_Wuerttemberg.svg_-1024x614.png\" alt=\"\" class=\"wp-image-644\" srcset=\"https:\/\/www.ewigerbund.org\/wuerttemberg\/wp-content\/uploads\/sites\/13\/2021\/12\/K640_Flagge_Koenigreich_Wuerttemberg.svg_-1024x614.png 1024w, https:\/\/www.ewigerbund.org\/wuerttemberg\/wp-content\/uploads\/sites\/13\/2021\/12\/K640_Flagge_Koenigreich_Wuerttemberg.svg_-300x180.png 300w, https:\/\/www.ewigerbund.org\/wuerttemberg\/wp-content\/uploads\/sites\/13\/2021\/12\/K640_Flagge_Koenigreich_Wuerttemberg.svg_-768x461.png 768w, https:\/\/www.ewigerbund.org\/wuerttemberg\/wp-content\/uploads\/sites\/13\/2021\/12\/K640_Flagge_Koenigreich_Wuerttemberg.svg_.png 1280w\" sizes=\"auto, (max-width: 1024px) 100vw, 1024px\" \/><\/figure>\n","protected":false},"excerpt":{"rendered":"<p>Das Landeswappen besteht in einem von oben nach unten geteilten Schild, wovon die eine H\u00e4lfte das alte Wappen von W\u00fcrttemberg, drei schwarze liegende Hirschstangen in goldenem Felde, die andere in ebensolchem Felde drei L\u00f6wen, das Zeichen des fr\u00fcheren schw\u00e4bischen (Hohenstaufenschen) Herzogtums enth\u00e4lt. Der Wahlspruch lautet: \u201eFurchtlos und treu\u201c. Schildhalter sind ein gekr\u00f6nter schwarzer L\u00f6we und &#8230; <a title=\"Das Landeswappen des K\u00f6nigreichs W\u00fcrttemberg\" class=\"read-more\" href=\"https:\/\/www.ewigerbund.org\/wuerttemberg\/das-landeswappen-des-koenigreichs-wuerttemberg\/\" aria-label=\"Mehr zu Das Landeswappen des K\u00f6nigreichs W\u00fcrttemberg\">Weiterlesen &#8230;<\/a><\/p>\n","protected":false},"author":8,"featured_media":643,"parent":0,"menu_order":0,"comment_status":"closed","ping_status":"closed","template":"template-5-rechte-seitenleiste.php","meta":{"footnotes":""},"categories":[],"tags":[],"class_list":["post-641","page","type-page","status-publish","has-post-thumbnail","hentry"],"yoast_head":"<!-- This site is optimized with the Yoast SEO plugin v23.1 - https:\/\/yoast.com\/wordpress\/plugins\/seo\/ -->\n<title>Das Landeswappen des K\u00f6nigreichs W\u00fcrttemberg - K\u00f6nigreich W\u00fcrttemberg<\/title>\n<meta name=\"robots\" content=\"index, follow, max-snippet:-1, max-image-preview:large, max-video-preview:-1\" \/>\n<link rel=\"canonical\" href=\"https:\/\/www.ewigerbund.org\/wuerttemberg\/das-landeswappen-des-koenigreichs-wuerttemberg\/\" \/>\n<meta property=\"og:locale\" content=\"de_DE\" \/>\n<meta property=\"og:type\" content=\"article\" \/>\n<meta property=\"og:title\" content=\"Das Landeswappen des K\u00f6nigreichs W\u00fcrttemberg - K\u00f6nigreich W\u00fcrttemberg\" \/>\n<meta property=\"og:description\" content=\"Das Landeswappen besteht in einem von oben nach unten geteilten Schild, wovon die eine H\u00e4lfte das alte Wappen von W\u00fcrttemberg, drei schwarze liegende Hirschstangen in goldenem Felde, die andere in ebensolchem Felde drei L\u00f6wen, das Zeichen des fr\u00fcheren schw\u00e4bischen (Hohenstaufenschen) Herzogtums enth\u00e4lt. Der Wahlspruch lautet: \u201eFurchtlos und treu\u201c. Schildhalter sind ein gekr\u00f6nter schwarzer L\u00f6we und ... Weiterlesen ...\" \/>\n<meta property=\"og:url\" content=\"https:\/\/www.ewigerbund.org\/wuerttemberg\/das-landeswappen-des-koenigreichs-wuerttemberg\/\" \/>\n<meta property=\"og:site_name\" content=\"K\u00f6nigreich W\u00fcrttemberg\" \/>\n<meta property=\"article:modified_time\" content=\"2023-02-18T08:28:32+00:00\" \/>\n<meta property=\"og:image\" content=\"https:\/\/www.ewigerbund.org\/wuerttemberg\/wp-content\/uploads\/sites\/13\/2021\/12\/K640_Wappen_Deutsches_Reich_-_Koenigreich_Wuerttemberg.jpg\" \/>\n\t<meta property=\"og:image:width\" content=\"480\" \/>\n\t<meta property=\"og:image:height\" content=\"535\" \/>\n\t<meta property=\"og:image:type\" content=\"image\/jpeg\" \/>\n<meta name=\"twitter:card\" content=\"summary_large_image\" \/>\n<meta name=\"twitter:label1\" content=\"Gesch\u00e4tzte Lesezeit\" \/>\n\t<meta name=\"twitter:data1\" content=\"1\u00a0Minute\" \/>\n<script type=\"application\/ld+json\" class=\"yoast-schema-graph\">{\"@context\":\"https:\/\/schema.org\",\"@graph\":[{\"@type\":\"WebPage\",\"@id\":\"https:\/\/www.ewigerbund.org\/wuerttemberg\/das-landeswappen-des-koenigreichs-wuerttemberg\/\",\"url\":\"https:\/\/www.ewigerbund.org\/wuerttemberg\/das-landeswappen-des-koenigreichs-wuerttemberg\/\",\"name\":\"Das Landeswappen des K\u00f6nigreichs W\u00fcrttemberg - K\u00f6nigreich W\u00fcrttemberg\",\"isPartOf\":{\"@id\":\"https:\/\/www.ewigerbund.org\/wuerttemberg\/#website\"},\"primaryImageOfPage\":{\"@id\":\"https:\/\/www.ewigerbund.org\/wuerttemberg\/das-landeswappen-des-koenigreichs-wuerttemberg\/#primaryimage\"},\"image\":{\"@id\":\"https:\/\/www.ewigerbund.org\/wuerttemberg\/das-landeswappen-des-koenigreichs-wuerttemberg\/#primaryimage\"},\"thumbnailUrl\":\"https:\/\/www.ewigerbund.org\/wuerttemberg\/wp-content\/uploads\/sites\/13\/2021\/12\/K640_Wappen_Deutsches_Reich_-_Koenigreich_Wuerttemberg.jpg\",\"datePublished\":\"2021-12-20T18:19:10+00:00\",\"dateModified\":\"2023-02-18T08:28:32+00:00\",\"breadcrumb\":{\"@id\":\"https:\/\/www.ewigerbund.org\/wuerttemberg\/das-landeswappen-des-koenigreichs-wuerttemberg\/#breadcrumb\"},\"inLanguage\":\"de\",\"potentialAction\":[{\"@type\":\"ReadAction\",\"target\":[\"https:\/\/www.ewigerbund.org\/wuerttemberg\/das-landeswappen-des-koenigreichs-wuerttemberg\/\"]}]},{\"@type\":\"ImageObject\",\"inLanguage\":\"de\",\"@id\":\"https:\/\/www.ewigerbund.org\/wuerttemberg\/das-landeswappen-des-koenigreichs-wuerttemberg\/#primaryimage\",\"url\":\"https:\/\/www.ewigerbund.org\/wuerttemberg\/wp-content\/uploads\/sites\/13\/2021\/12\/K640_Wappen_Deutsches_Reich_-_Koenigreich_Wuerttemberg.jpg\",\"contentUrl\":\"https:\/\/www.ewigerbund.org\/wuerttemberg\/wp-content\/uploads\/sites\/13\/2021\/12\/K640_Wappen_Deutsches_Reich_-_Koenigreich_Wuerttemberg.jpg\",\"width\":480,\"height\":535},{\"@type\":\"BreadcrumbList\",\"@id\":\"https:\/\/www.ewigerbund.org\/wuerttemberg\/das-landeswappen-des-koenigreichs-wuerttemberg\/#breadcrumb\",\"itemListElement\":[{\"@type\":\"ListItem\",\"position\":1,\"name\":\"Startseite\",\"item\":\"https:\/\/www.ewigerbund.org\/wuerttemberg\/\"},{\"@type\":\"ListItem\",\"position\":2,\"name\":\"Das Landeswappen des K\u00f6nigreichs W\u00fcrttemberg\"}]},{\"@type\":\"WebSite\",\"@id\":\"https:\/\/www.ewigerbund.org\/wuerttemberg\/#website\",\"url\":\"https:\/\/www.ewigerbund.org\/wuerttemberg\/\",\"name\":\"K\u00f6nigreich W\u00fcrttemberg\",\"description\":\" im ewigen Bund.\",\"publisher\":{\"@id\":\"https:\/\/www.ewigerbund.org\/wuerttemberg\/#organization\"},\"potentialAction\":[{\"@type\":\"SearchAction\",\"target\":{\"@type\":\"EntryPoint\",\"urlTemplate\":\"https:\/\/www.ewigerbund.org\/wuerttemberg\/?s={search_term_string}\"},\"query-input\":\"required name=search_term_string\"}],\"inLanguage\":\"de\"},{\"@type\":\"Organization\",\"@id\":\"https:\/\/www.ewigerbund.org\/wuerttemberg\/#organization\",\"name\":\"K\u00f6nigreich W\u00fcrttemberg\",\"url\":\"https:\/\/www.ewigerbund.org\/wuerttemberg\/\",\"logo\":{\"@type\":\"ImageObject\",\"inLanguage\":\"de\",\"@id\":\"https:\/\/www.ewigerbund.org\/wuerttemberg\/#\/schema\/logo\/image\/\",\"url\":\"https:\/\/www.ewigerbund.org\/wuerttemberg\/wp-content\/uploads\/sites\/13\/2024\/12\/2024-12-06-signet-wuerttemberg-v2-512px.png\",\"contentUrl\":\"https:\/\/www.ewigerbund.org\/wuerttemberg\/wp-content\/uploads\/sites\/13\/2024\/12\/2024-12-06-signet-wuerttemberg-v2-512px.png\",\"width\":512,\"height\":512,\"caption\":\"K\u00f6nigreich W\u00fcrttemberg\"},\"image\":{\"@id\":\"https:\/\/www.ewigerbund.org\/wuerttemberg\/#\/schema\/logo\/image\/\"}}]}<\/script>\n<!-- \/ Yoast SEO plugin. -->","yoast_head_json":{"title":"Das Landeswappen des K\u00f6nigreichs W\u00fcrttemberg - K\u00f6nigreich W\u00fcrttemberg","robots":{"index":"index","follow":"follow","max-snippet":"max-snippet:-1","max-image-preview":"max-image-preview:large","max-video-preview":"max-video-preview:-1"},"canonical":"https:\/\/www.ewigerbund.org\/wuerttemberg\/das-landeswappen-des-koenigreichs-wuerttemberg\/","og_locale":"de_DE","og_type":"article","og_title":"Das Landeswappen des K\u00f6nigreichs W\u00fcrttemberg - K\u00f6nigreich W\u00fcrttemberg","og_description":"Das Landeswappen besteht in einem von oben nach unten geteilten Schild, wovon die eine H\u00e4lfte das alte Wappen von W\u00fcrttemberg, drei schwarze liegende Hirschstangen in goldenem Felde, die andere in ebensolchem Felde drei L\u00f6wen, das Zeichen des fr\u00fcheren schw\u00e4bischen (Hohenstaufenschen) Herzogtums enth\u00e4lt. Der Wahlspruch lautet: \u201eFurchtlos und treu\u201c. Schildhalter sind ein gekr\u00f6nter schwarzer L\u00f6we und ... Weiterlesen ...","og_url":"https:\/\/www.ewigerbund.org\/wuerttemberg\/das-landeswappen-des-koenigreichs-wuerttemberg\/","og_site_name":"K\u00f6nigreich W\u00fcrttemberg","article_modified_time":"2023-02-18T08:28:32+00:00","og_image":[{"width":480,"height":535,"url":"https:\/\/www.ewigerbund.org\/wuerttemberg\/wp-content\/uploads\/sites\/13\/2021\/12\/K640_Wappen_Deutsches_Reich_-_Koenigreich_Wuerttemberg.jpg","type":"image\/jpeg"}],"twitter_card":"summary_large_image","twitter_misc":{"Gesch\u00e4tzte Lesezeit":"1\u00a0Minute"},"schema":{"@context":"https:\/\/schema.org","@graph":[{"@type":"WebPage","@id":"https:\/\/www.ewigerbund.org\/wuerttemberg\/das-landeswappen-des-koenigreichs-wuerttemberg\/","url":"https:\/\/www.ewigerbund.org\/wuerttemberg\/das-landeswappen-des-koenigreichs-wuerttemberg\/","name":"Das Landeswappen des K\u00f6nigreichs W\u00fcrttemberg - K\u00f6nigreich W\u00fcrttemberg","isPartOf":{"@id":"https:\/\/www.ewigerbund.org\/wuerttemberg\/#website"},"primaryImageOfPage":{"@id":"https:\/\/www.ewigerbund.org\/wuerttemberg\/das-landeswappen-des-koenigreichs-wuerttemberg\/#primaryimage"},"image":{"@id":"https:\/\/www.ewigerbund.org\/wuerttemberg\/das-landeswappen-des-koenigreichs-wuerttemberg\/#primaryimage"},"thumbnailUrl":"https:\/\/www.ewigerbund.org\/wuerttemberg\/wp-content\/uploads\/sites\/13\/2021\/12\/K640_Wappen_Deutsches_Reich_-_Koenigreich_Wuerttemberg.jpg","datePublished":"2021-12-20T18:19:10+00:00","dateModified":"2023-02-18T08:28:32+00:00","breadcrumb":{"@id":"https:\/\/www.ewigerbund.org\/wuerttemberg\/das-landeswappen-des-koenigreichs-wuerttemberg\/#breadcrumb"},"inLanguage":"de","potentialAction":[{"@type":"ReadAction","target":["https:\/\/www.ewigerbund.org\/wuerttemberg\/das-landeswappen-des-koenigreichs-wuerttemberg\/"]}]},{"@type":"ImageObject","inLanguage":"de","@id":"https:\/\/www.ewigerbund.org\/wuerttemberg\/das-landeswappen-des-koenigreichs-wuerttemberg\/#primaryimage","url":"https:\/\/www.ewigerbund.org\/wuerttemberg\/wp-content\/uploads\/sites\/13\/2021\/12\/K640_Wappen_Deutsches_Reich_-_Koenigreich_Wuerttemberg.jpg","contentUrl":"https:\/\/www.ewigerbund.org\/wuerttemberg\/wp-content\/uploads\/sites\/13\/2021\/12\/K640_Wappen_Deutsches_Reich_-_Koenigreich_Wuerttemberg.jpg","width":480,"height":535},{"@type":"BreadcrumbList","@id":"https:\/\/www.ewigerbund.org\/wuerttemberg\/das-landeswappen-des-koenigreichs-wuerttemberg\/#breadcrumb","itemListElement":[{"@type":"ListItem","position":1,"name":"Startseite","item":"https:\/\/www.ewigerbund.org\/wuerttemberg\/"},{"@type":"ListItem","position":2,"name":"Das Landeswappen des K\u00f6nigreichs W\u00fcrttemberg"}]},{"@type":"WebSite","@id":"https:\/\/www.ewigerbund.org\/wuerttemberg\/#website","url":"https:\/\/www.ewigerbund.org\/wuerttemberg\/","name":"K\u00f6nigreich W\u00fcrttemberg","description":" im ewigen Bund.","publisher":{"@id":"https:\/\/www.ewigerbund.org\/wuerttemberg\/#organization"},"potentialAction":[{"@type":"SearchAction","target":{"@type":"EntryPoint","urlTemplate":"https:\/\/www.ewigerbund.org\/wuerttemberg\/?s={search_term_string}"},"query-input":"required name=search_term_string"}],"inLanguage":"de"},{"@type":"Organization","@id":"https:\/\/www.ewigerbund.org\/wuerttemberg\/#organization","name":"K\u00f6nigreich W\u00fcrttemberg","url":"https:\/\/www.ewigerbund.org\/wuerttemberg\/","logo":{"@type":"ImageObject","inLanguage":"de","@id":"https:\/\/www.ewigerbund.org\/wuerttemberg\/#\/schema\/logo\/image\/","url":"https:\/\/www.ewigerbund.org\/wuerttemberg\/wp-content\/uploads\/sites\/13\/2024\/12\/2024-12-06-signet-wuerttemberg-v2-512px.png","contentUrl":"https:\/\/www.ewigerbund.org\/wuerttemberg\/wp-content\/uploads\/sites\/13\/2024\/12\/2024-12-06-signet-wuerttemberg-v2-512px.png","width":512,"height":512,"caption":"K\u00f6nigreich W\u00fcrttemberg"},"image":{"@id":"https:\/\/www.ewigerbund.org\/wuerttemberg\/#\/schema\/logo\/image\/"}}]}},"_links":{"self":[{"href":"https:\/\/www.ewigerbund.org\/wuerttemberg\/wp-json\/wp\/v2\/pages\/641","targetHints":{"allow":["GET"]}}],"collection":[{"href":"https:\/\/www.ewigerbund.org\/wuerttemberg\/wp-json\/wp\/v2\/pages"}],"about":[{"href":"https:\/\/www.ewigerbund.org\/wuerttemberg\/wp-json\/wp\/v2\/types\/page"}],"author":[{"embeddable":true,"href":"https:\/\/www.ewigerbund.org\/wuerttemberg\/wp-json\/wp\/v2\/users\/8"}],"replies":[{"embeddable":true,"href":"https:\/\/www.ewigerbund.org\/wuerttemberg\/wp-json\/wp\/v2\/comments?post=641"}],"version-history":[{"count":3,"href":"https:\/\/www.ewigerbund.org\/wuerttemberg\/wp-json\/wp\/v2\/pages\/641\/revisions"}],"predecessor-version":[{"id":647,"href":"https:\/\/www.ewigerbund.org\/wuerttemberg\/wp-json\/wp\/v2\/pages\/641\/revisions\/647"}],"wp:featuredmedia":[{"embeddable":true,"href":"https:\/\/www.ewigerbund.org\/wuerttemberg\/wp-json\/wp\/v2\/media\/643"}],"wp:attachment":[{"href":"https:\/\/www.ewigerbund.org\/wuerttemberg\/wp-json\/wp\/v2\/media?parent=641"}],"wp:term":[{"taxonomy":"category","embeddable":true,"href":"https:\/\/www.ewigerbund.org\/wuerttemberg\/wp-json\/wp\/v2\/categories?post=641"},{"taxonomy":"post_tag","embeddable":true,"href":"https:\/\/www.ewigerbund.org\/wuerttemberg\/wp-json\/wp\/v2\/tags?post=641"}],"curies":[{"name":"wp","href":"https:\/\/api.w.org\/{rel}","templated":true}]}}