{"id":635,"date":"2021-12-20T19:12:17","date_gmt":"2021-12-20T18:12:17","guid":{"rendered":"https:\/\/www.ewigerbund.org\/wuerttemberg\/?page_id=635"},"modified":"2023-02-18T09:29:33","modified_gmt":"2023-02-18T08:29:33","slug":"glied-des-deutschen-reichs","status":"publish","type":"page","link":"https:\/\/www.ewigerbund.org\/wuerttemberg\/glied-des-deutschen-reichs\/","title":{"rendered":"Glied des Deutschen Reichs"},"content":{"rendered":"\n<p>Als Glied des Deutschen Reichs ist der Staat W\u00fcrttemberg der einen und <strong>unteilbaren Souver\u00e4nit\u00e4t des Reichs untergeordnet<\/strong>, wogegen der K\u00f6nig von W\u00fcrttemberg als Inhaber der w\u00fcrttembergischen Staatsgewalt an der Souver\u00e4nit\u00e4t des Reichs \u00fcber das gesamte Reichsgebiet und an der Aus\u00fcbung der Reichsgewalt nach Ma\u00dfgabe der Reichsverfassung teilnimmt. Diese Teilnahme an der Herrschaft \u00fcber das gesamte Reich bildet den Ersatz f\u00fcr die im Reich aufgegangene Souver\u00e4nit\u00e4t der Landesstaatsgewalt. Die \u00e4u\u00dferen, mit der Souver\u00e4nit\u00e4t bisher verbundenen Ehrenrechte wurden durch diese Ver\u00e4nderung nicht ber\u00fchrt, da die deutschen Staaten, wenn auch nicht mehr als Einzelne, so doch in ihrer Gesamtheit souver\u00e4n sind. Im Bundesrat f\u00fchrt <strong>W\u00fcrttemberg vier Stimmen, in den Reichstag werden in W\u00fcrttemberg siebzehn Abgeordnete gew\u00e4hlt.<\/strong> Im Verh\u00e4ltnis zum Reich hat sich W\u00fcrttemberg einige besondere, den \u00fcbrigen Staaten nicht zustehende Hoheitsrechte vorbehalten (Reservatrechte), welche ohne seine Zustimmung nicht abge\u00e4ndert werden k\u00f6nnen (Art. 78 Abs. 2 Reichsverfassung):<\/p>\n\n\n\n<p>1) Die Bestimmungen der Reichsverfassung \u00fcber das Reichskriegswesen kommen in W\u00fcrttemberg nach n\u00e4herer Bestimmung der Milit\u00e4rkonvention vom 21.\/25. Nov. 1870 in Anwendung.<\/p>\n\n\n\n<p>2) Bez\u00fcglich des Post- und Telegraphenwesens sind W\u00fcrttemberg die Einnahmen, die Einrichtung und Verwaltung, der Erla\u00df der reglementarischen und Tarifbestimmungen f\u00fcr den internen Verkehr, die vertragsm\u00e4\u00dfige Regelung des unmittelbaren Verkehrs mit den dem Reich nicht angeh\u00f6renden Nachbarstaaten vorbehalten, auch d\u00fcrfen durch die Reichsgesetzgebung f\u00fcr den internen w\u00fcrtt. Verkehr der Post neue Vorrechte nur mit Genehmigung W\u00fcrttembergs beigelegt werden.<\/p>\n\n\n\n<p>3) Auf dem Gebiet des Eisenbahnwesens soll die Einf\u00fchrung des Einpfennigsatzes in W\u00fcrttemberg nicht ohne dessen Zustimmung erfolgen.<\/p>\n\n\n\n<p>4) Die Besteuerung des inl\u00e4ndischen Biers und der Ertrag daraus verbleibt W\u00fcrttemberg; auf das Recht der selbst\u00e4ndigen Besteuerung des Branntweins hat W\u00fcrttemberg im Jahre 1887 verzichtet, doch ist ihm dabei innerhalb der deutschen Branntweinsteuergemeinschaft insofern eine bevorrechtete Stellung einger\u00e4umt worden, als die Vorschriften des \u00a7 39 Abs. 1 und des \u00a7 47 Abs. 2 des Reichsgesetzblatt v. 24. Juni 1887 \u00fcber den Ma\u00dfstab der Verteilung des Reinertrags unter die einzelnen Bundesstaaten und \u00fcber die Berechnung und Austeilung der zu einem niedrigeren Abgabesatze herzustellenden Gesamtmenge von Branntwein ohne seine Zustimmung nicht abge\u00e4ndert werden d\u00fcrfen (vgl. W\u00fcrtt. Ges. v. 17. Sept. 1887 und Kais. V. O. v. 23. Sept. 1887, ferner Reichsges v. 4. April 1898 und W\u00fcrtt. Ged. v. 28. Juni 1898).<\/p>\n\n\n\n<p>5) In den Bundesratsaussch\u00fcssen f\u00fcr das Landheer und die Festungen und f\u00fcr die ausw\u00e4rtigen Angelegenheiten ist W\u00fcrttemberg ein st\u00e4ndiger Sitz zugestanden (R.-Verf. Art. 8, Abs. 3, Milit.-Konvention Art. 15 Abs. 2).<\/p>\n\n\n\n<p><strong>Der Rang des K\u00f6nigreichs W\u00fcrttemberg unter den deutschen Staaten ist jetzt durch Art. 6 R.V. bestimmt, n\u00e4mlich hinter dem K\u00f6nigreich Sachsen und vor dem Gro\u00dfherzogtum Baden.<\/strong><\/p>\n\n\n\n<p><a href=\"Literatur: Das Staatsrecht des K\u00f6nigreichs W\u00fcrttemberg.\">Literatur: Das Staatsrecht des K\u00f6nigreichs W\u00fcrttemberg.<\/a><\/p>\n","protected":false},"excerpt":{"rendered":"<p>Als Glied des Deutschen Reichs ist der Staat W\u00fcrttemberg der einen und unteilbaren Souver\u00e4nit\u00e4t des Reichs untergeordnet, wogegen der K\u00f6nig von W\u00fcrttemberg als Inhaber der w\u00fcrttembergischen Staatsgewalt an der Souver\u00e4nit\u00e4t des Reichs \u00fcber das gesamte Reichsgebiet und an der Aus\u00fcbung der Reichsgewalt nach Ma\u00dfgabe der Reichsverfassung teilnimmt. Diese Teilnahme an der Herrschaft \u00fcber das gesamte &#8230; <a title=\"Glied des Deutschen Reichs\" class=\"read-more\" href=\"https:\/\/www.ewigerbund.org\/wuerttemberg\/glied-des-deutschen-reichs\/\" aria-label=\"Mehr zu Glied des Deutschen Reichs\">Weiterlesen &#8230;<\/a><\/p>\n","protected":false},"author":8,"featured_media":0,"parent":0,"menu_order":0,"comment_status":"closed","ping_status":"closed","template":"template-5-rechte-seitenleiste.php","meta":{"footnotes":""},"categories":[],"tags":[],"class_list":["post-635","page","type-page","status-publish","hentry"],"yoast_head":"<!-- This site is optimized with the Yoast SEO plugin v23.1 - https:\/\/yoast.com\/wordpress\/plugins\/seo\/ -->\n<title>Glied des Deutschen Reichs - K\u00f6nigreich W\u00fcrttemberg<\/title>\n<meta name=\"robots\" content=\"index, follow, max-snippet:-1, max-image-preview:large, max-video-preview:-1\" \/>\n<link rel=\"canonical\" href=\"https:\/\/www.ewigerbund.org\/wuerttemberg\/glied-des-deutschen-reichs\/\" \/>\n<meta property=\"og:locale\" content=\"de_DE\" \/>\n<meta property=\"og:type\" content=\"article\" \/>\n<meta property=\"og:title\" content=\"Glied des Deutschen Reichs - K\u00f6nigreich W\u00fcrttemberg\" \/>\n<meta property=\"og:description\" content=\"Als Glied des Deutschen Reichs ist der Staat W\u00fcrttemberg der einen und unteilbaren Souver\u00e4nit\u00e4t des Reichs untergeordnet, wogegen der K\u00f6nig von W\u00fcrttemberg als Inhaber der w\u00fcrttembergischen Staatsgewalt an der Souver\u00e4nit\u00e4t des Reichs \u00fcber das gesamte Reichsgebiet und an der Aus\u00fcbung der Reichsgewalt nach Ma\u00dfgabe der Reichsverfassung teilnimmt. Diese Teilnahme an der Herrschaft \u00fcber das gesamte ... Weiterlesen ...\" \/>\n<meta property=\"og:url\" content=\"https:\/\/www.ewigerbund.org\/wuerttemberg\/glied-des-deutschen-reichs\/\" \/>\n<meta property=\"og:site_name\" content=\"K\u00f6nigreich W\u00fcrttemberg\" \/>\n<meta property=\"article:modified_time\" content=\"2023-02-18T08:29:33+00:00\" \/>\n<meta name=\"twitter:card\" content=\"summary_large_image\" \/>\n<meta name=\"twitter:label1\" content=\"Gesch\u00e4tzte Lesezeit\" \/>\n\t<meta name=\"twitter:data1\" content=\"2\u00a0Minuten\" \/>\n<script type=\"application\/ld+json\" class=\"yoast-schema-graph\">{\"@context\":\"https:\/\/schema.org\",\"@graph\":[{\"@type\":\"WebPage\",\"@id\":\"https:\/\/www.ewigerbund.org\/wuerttemberg\/glied-des-deutschen-reichs\/\",\"url\":\"https:\/\/www.ewigerbund.org\/wuerttemberg\/glied-des-deutschen-reichs\/\",\"name\":\"Glied des Deutschen Reichs - K\u00f6nigreich W\u00fcrttemberg\",\"isPartOf\":{\"@id\":\"https:\/\/www.ewigerbund.org\/wuerttemberg\/#website\"},\"datePublished\":\"2021-12-20T18:12:17+00:00\",\"dateModified\":\"2023-02-18T08:29:33+00:00\",\"breadcrumb\":{\"@id\":\"https:\/\/www.ewigerbund.org\/wuerttemberg\/glied-des-deutschen-reichs\/#breadcrumb\"},\"inLanguage\":\"de\",\"potentialAction\":[{\"@type\":\"ReadAction\",\"target\":[\"https:\/\/www.ewigerbund.org\/wuerttemberg\/glied-des-deutschen-reichs\/\"]}]},{\"@type\":\"BreadcrumbList\",\"@id\":\"https:\/\/www.ewigerbund.org\/wuerttemberg\/glied-des-deutschen-reichs\/#breadcrumb\",\"itemListElement\":[{\"@type\":\"ListItem\",\"position\":1,\"name\":\"Startseite\",\"item\":\"https:\/\/www.ewigerbund.org\/wuerttemberg\/\"},{\"@type\":\"ListItem\",\"position\":2,\"name\":\"Glied des Deutschen Reichs\"}]},{\"@type\":\"WebSite\",\"@id\":\"https:\/\/www.ewigerbund.org\/wuerttemberg\/#website\",\"url\":\"https:\/\/www.ewigerbund.org\/wuerttemberg\/\",\"name\":\"K\u00f6nigreich W\u00fcrttemberg\",\"description\":\" im ewigen Bund.\",\"publisher\":{\"@id\":\"https:\/\/www.ewigerbund.org\/wuerttemberg\/#organization\"},\"potentialAction\":[{\"@type\":\"SearchAction\",\"target\":{\"@type\":\"EntryPoint\",\"urlTemplate\":\"https:\/\/www.ewigerbund.org\/wuerttemberg\/?s={search_term_string}\"},\"query-input\":\"required name=search_term_string\"}],\"inLanguage\":\"de\"},{\"@type\":\"Organization\",\"@id\":\"https:\/\/www.ewigerbund.org\/wuerttemberg\/#organization\",\"name\":\"K\u00f6nigreich W\u00fcrttemberg\",\"url\":\"https:\/\/www.ewigerbund.org\/wuerttemberg\/\",\"logo\":{\"@type\":\"ImageObject\",\"inLanguage\":\"de\",\"@id\":\"https:\/\/www.ewigerbund.org\/wuerttemberg\/#\/schema\/logo\/image\/\",\"url\":\"https:\/\/www.ewigerbund.org\/wuerttemberg\/wp-content\/uploads\/sites\/13\/2024\/12\/2024-12-06-signet-wuerttemberg-v2-512px.png\",\"contentUrl\":\"https:\/\/www.ewigerbund.org\/wuerttemberg\/wp-content\/uploads\/sites\/13\/2024\/12\/2024-12-06-signet-wuerttemberg-v2-512px.png\",\"width\":512,\"height\":512,\"caption\":\"K\u00f6nigreich W\u00fcrttemberg\"},\"image\":{\"@id\":\"https:\/\/www.ewigerbund.org\/wuerttemberg\/#\/schema\/logo\/image\/\"}}]}<\/script>\n<!-- \/ Yoast SEO plugin. -->","yoast_head_json":{"title":"Glied des Deutschen Reichs - K\u00f6nigreich W\u00fcrttemberg","robots":{"index":"index","follow":"follow","max-snippet":"max-snippet:-1","max-image-preview":"max-image-preview:large","max-video-preview":"max-video-preview:-1"},"canonical":"https:\/\/www.ewigerbund.org\/wuerttemberg\/glied-des-deutschen-reichs\/","og_locale":"de_DE","og_type":"article","og_title":"Glied des Deutschen Reichs - K\u00f6nigreich W\u00fcrttemberg","og_description":"Als Glied des Deutschen Reichs ist der Staat W\u00fcrttemberg der einen und unteilbaren Souver\u00e4nit\u00e4t des Reichs untergeordnet, wogegen der K\u00f6nig von W\u00fcrttemberg als Inhaber der w\u00fcrttembergischen Staatsgewalt an der Souver\u00e4nit\u00e4t des Reichs \u00fcber das gesamte Reichsgebiet und an der Aus\u00fcbung der Reichsgewalt nach Ma\u00dfgabe der Reichsverfassung teilnimmt. Diese Teilnahme an der Herrschaft \u00fcber das gesamte ... Weiterlesen ...","og_url":"https:\/\/www.ewigerbund.org\/wuerttemberg\/glied-des-deutschen-reichs\/","og_site_name":"K\u00f6nigreich W\u00fcrttemberg","article_modified_time":"2023-02-18T08:29:33+00:00","twitter_card":"summary_large_image","twitter_misc":{"Gesch\u00e4tzte Lesezeit":"2\u00a0Minuten"},"schema":{"@context":"https:\/\/schema.org","@graph":[{"@type":"WebPage","@id":"https:\/\/www.ewigerbund.org\/wuerttemberg\/glied-des-deutschen-reichs\/","url":"https:\/\/www.ewigerbund.org\/wuerttemberg\/glied-des-deutschen-reichs\/","name":"Glied des Deutschen Reichs - K\u00f6nigreich W\u00fcrttemberg","isPartOf":{"@id":"https:\/\/www.ewigerbund.org\/wuerttemberg\/#website"},"datePublished":"2021-12-20T18:12:17+00:00","dateModified":"2023-02-18T08:29:33+00:00","breadcrumb":{"@id":"https:\/\/www.ewigerbund.org\/wuerttemberg\/glied-des-deutschen-reichs\/#breadcrumb"},"inLanguage":"de","potentialAction":[{"@type":"ReadAction","target":["https:\/\/www.ewigerbund.org\/wuerttemberg\/glied-des-deutschen-reichs\/"]}]},{"@type":"BreadcrumbList","@id":"https:\/\/www.ewigerbund.org\/wuerttemberg\/glied-des-deutschen-reichs\/#breadcrumb","itemListElement":[{"@type":"ListItem","position":1,"name":"Startseite","item":"https:\/\/www.ewigerbund.org\/wuerttemberg\/"},{"@type":"ListItem","position":2,"name":"Glied des Deutschen Reichs"}]},{"@type":"WebSite","@id":"https:\/\/www.ewigerbund.org\/wuerttemberg\/#website","url":"https:\/\/www.ewigerbund.org\/wuerttemberg\/","name":"K\u00f6nigreich W\u00fcrttemberg","description":" im ewigen Bund.","publisher":{"@id":"https:\/\/www.ewigerbund.org\/wuerttemberg\/#organization"},"potentialAction":[{"@type":"SearchAction","target":{"@type":"EntryPoint","urlTemplate":"https:\/\/www.ewigerbund.org\/wuerttemberg\/?s={search_term_string}"},"query-input":"required name=search_term_string"}],"inLanguage":"de"},{"@type":"Organization","@id":"https:\/\/www.ewigerbund.org\/wuerttemberg\/#organization","name":"K\u00f6nigreich W\u00fcrttemberg","url":"https:\/\/www.ewigerbund.org\/wuerttemberg\/","logo":{"@type":"ImageObject","inLanguage":"de","@id":"https:\/\/www.ewigerbund.org\/wuerttemberg\/#\/schema\/logo\/image\/","url":"https:\/\/www.ewigerbund.org\/wuerttemberg\/wp-content\/uploads\/sites\/13\/2024\/12\/2024-12-06-signet-wuerttemberg-v2-512px.png","contentUrl":"https:\/\/www.ewigerbund.org\/wuerttemberg\/wp-content\/uploads\/sites\/13\/2024\/12\/2024-12-06-signet-wuerttemberg-v2-512px.png","width":512,"height":512,"caption":"K\u00f6nigreich W\u00fcrttemberg"},"image":{"@id":"https:\/\/www.ewigerbund.org\/wuerttemberg\/#\/schema\/logo\/image\/"}}]}},"_links":{"self":[{"href":"https:\/\/www.ewigerbund.org\/wuerttemberg\/wp-json\/wp\/v2\/pages\/635","targetHints":{"allow":["GET"]}}],"collection":[{"href":"https:\/\/www.ewigerbund.org\/wuerttemberg\/wp-json\/wp\/v2\/pages"}],"about":[{"href":"https:\/\/www.ewigerbund.org\/wuerttemberg\/wp-json\/wp\/v2\/types\/page"}],"author":[{"embeddable":true,"href":"https:\/\/www.ewigerbund.org\/wuerttemberg\/wp-json\/wp\/v2\/users\/8"}],"replies":[{"embeddable":true,"href":"https:\/\/www.ewigerbund.org\/wuerttemberg\/wp-json\/wp\/v2\/comments?post=635"}],"version-history":[{"count":3,"href":"https:\/\/www.ewigerbund.org\/wuerttemberg\/wp-json\/wp\/v2\/pages\/635\/revisions"}],"predecessor-version":[{"id":640,"href":"https:\/\/www.ewigerbund.org\/wuerttemberg\/wp-json\/wp\/v2\/pages\/635\/revisions\/640"}],"wp:attachment":[{"href":"https:\/\/www.ewigerbund.org\/wuerttemberg\/wp-json\/wp\/v2\/media?parent=635"}],"wp:term":[{"taxonomy":"category","embeddable":true,"href":"https:\/\/www.ewigerbund.org\/wuerttemberg\/wp-json\/wp\/v2\/categories?post=635"},{"taxonomy":"post_tag","embeddable":true,"href":"https:\/\/www.ewigerbund.org\/wuerttemberg\/wp-json\/wp\/v2\/tags?post=635"}],"curies":[{"name":"wp","href":"https:\/\/api.w.org\/{rel}","templated":true}]}}