{"id":42,"date":"2022-12-16T12:54:31","date_gmt":"2022-12-16T11:54:31","guid":{"rendered":"https:\/\/www.ewigerbund.org\/volksschule\/?page_id=42"},"modified":"2023-02-16T10:29:10","modified_gmt":"2023-02-16T09:29:10","slug":"barbarossa","status":"publish","type":"page","link":"https:\/\/www.ewigerbund.org\/volksschule\/fraktur-lesen-lernen\/leseuebungen\/barbarossa\/","title":{"rendered":"Barbarossa &#8211; Frakturlese\u00fcbung"},"content":{"rendered":"\n<figure class=\"wp-block-embed aligncenter is-type-video is-provider-vimeo wp-block-embed-vimeo wp-embed-aspect-16-9 wp-has-aspect-ratio\"><div class=\"wp-block-embed__wrapper\">\n<iframe loading=\"lazy\" src=\"https:\/\/player.vimeo.com\/video\/781796764?h=5cc391057d&amp;dnt=1&amp;app_id=122963\" width=\"500\" height=\"281\" frameborder=\"0\" allow=\"autoplay; fullscreen; picture-in-picture; clipboard-write\"><\/iframe>\n<\/div><\/figure>\n","protected":false},"excerpt":{"rendered":"","protected":false},"author":8,"featured_media":138,"parent":38,"menu_order":0,"comment_status":"closed","ping_status":"closed","template":"template-6-beide-seitenleiste.php","meta":{"footnotes":""},"categories":[8,9,7],"tags":[],"class_list":["post-42","page","type-page","status-publish","has-post-thumbnail","hentry","category-fraktur-lesen-lernen","category-frakturleseuebung","category-volksschule"],"yoast_head":"<!-- This site is optimized with the Yoast SEO plugin v23.1 - https:\/\/yoast.com\/wordpress\/plugins\/seo\/ -->\n<title>Barbarossa - Frakturlese\u00fcbung | Bildung im ewigen Bund.<\/title>\n<meta name=\"description\" content=\"Wir haben die \u00dcbungstexte einsprechen lassen. Man lauscht dem Sprecher, w\u00e4hrend man den Text in Fraktur mitliest.\" \/>\n<meta name=\"robots\" content=\"index, follow, max-snippet:-1, max-image-preview:large, max-video-preview:-1\" \/>\n<link rel=\"canonical\" href=\"https:\/\/www.ewigerbund.org\/volksschule\/fraktur-lesen-lernen\/leseuebungen\/barbarossa\/\" \/>\n<meta property=\"og:locale\" content=\"de_DE\" \/>\n<meta property=\"og:type\" content=\"article\" \/>\n<meta property=\"og:title\" content=\"Barbarossa - Frakturlese\u00fcbung | Bildung im ewigen Bund.\" \/>\n<meta property=\"og:description\" content=\"Wir haben die \u00dcbungstexte einsprechen lassen. Man lauscht dem Sprecher, w\u00e4hrend man den Text in Fraktur mitliest.\" \/>\n<meta property=\"og:url\" content=\"https:\/\/www.ewigerbund.org\/volksschule\/fraktur-lesen-lernen\/leseuebungen\/barbarossa\/\" \/>\n<meta property=\"og:site_name\" content=\"Volksschule\" \/>\n<meta property=\"article:modified_time\" content=\"2023-02-16T09:29:10+00:00\" \/>\n<meta property=\"og:image\" content=\"https:\/\/www.ewigerbund.org\/volksschule\/wp-content\/uploads\/sites\/40\/2022\/12\/EB-Volksschule-Leseuebung2-Barbarossa.jpg\" \/>\n\t<meta property=\"og:image:width\" content=\"1748\" \/>\n\t<meta property=\"og:image:height\" content=\"994\" \/>\n\t<meta property=\"og:image:type\" content=\"image\/jpeg\" \/>\n<meta name=\"twitter:card\" content=\"summary_large_image\" \/>\n<meta name=\"twitter:image\" content=\"https:\/\/www.ewigerbund.org\/volksschule\/wp-content\/uploads\/sites\/40\/2022\/12\/EB-Volksschule-Leseuebung2-Barbarossa.jpg\" \/>\n<meta name=\"twitter:label1\" content=\"Gesch\u00e4tzte Lesezeit\" \/>\n\t<meta name=\"twitter:data1\" content=\"1\u00a0Minute\" \/>\n<script type=\"application\/ld+json\" class=\"yoast-schema-graph\">{\"@context\":\"https:\/\/schema.org\",\"@graph\":[{\"@type\":\"WebPage\",\"@id\":\"https:\/\/www.ewigerbund.org\/volksschule\/fraktur-lesen-lernen\/leseuebungen\/barbarossa\/\",\"url\":\"https:\/\/www.ewigerbund.org\/volksschule\/fraktur-lesen-lernen\/leseuebungen\/barbarossa\/\",\"name\":\"Barbarossa - Frakturlese\u00fcbung | Bildung im ewigen Bund.\",\"isPartOf\":{\"@id\":\"https:\/\/www.ewigerbund.org\/volksschule\/#website\"},\"primaryImageOfPage\":{\"@id\":\"https:\/\/www.ewigerbund.org\/volksschule\/fraktur-lesen-lernen\/leseuebungen\/barbarossa\/#primaryimage\"},\"image\":{\"@id\":\"https:\/\/www.ewigerbund.org\/volksschule\/fraktur-lesen-lernen\/leseuebungen\/barbarossa\/#primaryimage\"},\"thumbnailUrl\":\"https:\/\/www.ewigerbund.org\/volksschule\/wp-content\/uploads\/sites\/40\/2022\/12\/B01-1-WasIstDerEB-1920x270px.jpg\",\"datePublished\":\"2022-12-16T11:54:31+00:00\",\"dateModified\":\"2023-02-16T09:29:10+00:00\",\"description\":\"Wir haben die \u00dcbungstexte einsprechen lassen. Man lauscht dem Sprecher, w\u00e4hrend man den Text in Fraktur mitliest.\",\"breadcrumb\":{\"@id\":\"https:\/\/www.ewigerbund.org\/volksschule\/fraktur-lesen-lernen\/leseuebungen\/barbarossa\/#breadcrumb\"},\"inLanguage\":\"de\",\"potentialAction\":[{\"@type\":\"ReadAction\",\"target\":[\"https:\/\/www.ewigerbund.org\/volksschule\/fraktur-lesen-lernen\/leseuebungen\/barbarossa\/\"]}]},{\"@type\":\"ImageObject\",\"inLanguage\":\"de\",\"@id\":\"https:\/\/www.ewigerbund.org\/volksschule\/fraktur-lesen-lernen\/leseuebungen\/barbarossa\/#primaryimage\",\"url\":\"https:\/\/www.ewigerbund.org\/volksschule\/wp-content\/uploads\/sites\/40\/2022\/12\/B01-1-WasIstDerEB-1920x270px.jpg\",\"contentUrl\":\"https:\/\/www.ewigerbund.org\/volksschule\/wp-content\/uploads\/sites\/40\/2022\/12\/B01-1-WasIstDerEB-1920x270px.jpg\",\"width\":1920,\"height\":270},{\"@type\":\"BreadcrumbList\",\"@id\":\"https:\/\/www.ewigerbund.org\/volksschule\/fraktur-lesen-lernen\/leseuebungen\/barbarossa\/#breadcrumb\",\"itemListElement\":[{\"@type\":\"ListItem\",\"position\":1,\"name\":\"Startseite\",\"item\":\"https:\/\/www.ewigerbund.org\/volksschule\/\"},{\"@type\":\"ListItem\",\"position\":2,\"name\":\"Frakturschrift lesen lernen.\",\"item\":\"https:\/\/www.ewigerbund.org\/volksschule\/fraktur-lesen-lernen\/\"},{\"@type\":\"ListItem\",\"position\":3,\"name\":\"Lese\u00fcbungen in Fraktur.\",\"item\":\"https:\/\/www.ewigerbund.org\/volksschule\/fraktur-lesen-lernen\/leseuebungen\/\"},{\"@type\":\"ListItem\",\"position\":4,\"name\":\"Barbarossa &#8211; Frakturlese\u00fcbung\"}]},{\"@type\":\"WebSite\",\"@id\":\"https:\/\/www.ewigerbund.org\/volksschule\/#website\",\"url\":\"https:\/\/www.ewigerbund.org\/volksschule\/\",\"name\":\"Volksschule.\",\"description\":\"Verfassungsb\u00fcndnis der deutschen Einzelstaaten.\",\"publisher\":{\"@id\":\"https:\/\/www.ewigerbund.org\/volksschule\/#organization\"},\"alternateName\":\"Bildung im ewigen Bund.\",\"potentialAction\":[{\"@type\":\"SearchAction\",\"target\":{\"@type\":\"EntryPoint\",\"urlTemplate\":\"https:\/\/www.ewigerbund.org\/volksschule\/?s={search_term_string}\"},\"query-input\":\"required name=search_term_string\"}],\"inLanguage\":\"de\"},{\"@type\":\"Organization\",\"@id\":\"https:\/\/www.ewigerbund.org\/volksschule\/#organization\",\"name\":\"Volksschule.\",\"url\":\"https:\/\/www.ewigerbund.org\/volksschule\/\",\"logo\":{\"@type\":\"ImageObject\",\"inLanguage\":\"de\",\"@id\":\"https:\/\/www.ewigerbund.org\/volksschule\/#\/schema\/logo\/image\/\",\"url\":\"https:\/\/www.ewigerbund.org\/volksschule\/wp-content\/uploads\/sites\/40\/2022\/12\/2022-09-20-Logo-EB_Schutzzone_V4_Transparent.png\",\"contentUrl\":\"https:\/\/www.ewigerbund.org\/volksschule\/wp-content\/uploads\/sites\/40\/2022\/12\/2022-09-20-Logo-EB_Schutzzone_V4_Transparent.png\",\"width\":2000,\"height\":1982,\"caption\":\"Volksschule.\"},\"image\":{\"@id\":\"https:\/\/www.ewigerbund.org\/volksschule\/#\/schema\/logo\/image\/\"}}]}<\/script>\n<!-- \/ Yoast SEO plugin. -->","yoast_head_json":{"title":"Barbarossa - Frakturlese\u00fcbung | Bildung im ewigen Bund.","description":"Wir haben die \u00dcbungstexte einsprechen lassen. Man lauscht dem Sprecher, w\u00e4hrend man den Text in Fraktur mitliest.","robots":{"index":"index","follow":"follow","max-snippet":"max-snippet:-1","max-image-preview":"max-image-preview:large","max-video-preview":"max-video-preview:-1"},"canonical":"https:\/\/www.ewigerbund.org\/volksschule\/fraktur-lesen-lernen\/leseuebungen\/barbarossa\/","og_locale":"de_DE","og_type":"article","og_title":"Barbarossa - Frakturlese\u00fcbung | Bildung im ewigen Bund.","og_description":"Wir haben die \u00dcbungstexte einsprechen lassen. Man lauscht dem Sprecher, w\u00e4hrend man den Text in Fraktur mitliest.","og_url":"https:\/\/www.ewigerbund.org\/volksschule\/fraktur-lesen-lernen\/leseuebungen\/barbarossa\/","og_site_name":"Volksschule","article_modified_time":"2023-02-16T09:29:10+00:00","og_image":[{"width":1748,"height":994,"url":"https:\/\/www.ewigerbund.org\/volksschule\/wp-content\/uploads\/sites\/40\/2022\/12\/EB-Volksschule-Leseuebung2-Barbarossa.jpg","type":"image\/jpeg"}],"twitter_card":"summary_large_image","twitter_image":"https:\/\/www.ewigerbund.org\/volksschule\/wp-content\/uploads\/sites\/40\/2022\/12\/EB-Volksschule-Leseuebung2-Barbarossa.jpg","twitter_misc":{"Gesch\u00e4tzte Lesezeit":"1\u00a0Minute"},"schema":{"@context":"https:\/\/schema.org","@graph":[{"@type":"WebPage","@id":"https:\/\/www.ewigerbund.org\/volksschule\/fraktur-lesen-lernen\/leseuebungen\/barbarossa\/","url":"https:\/\/www.ewigerbund.org\/volksschule\/fraktur-lesen-lernen\/leseuebungen\/barbarossa\/","name":"Barbarossa - Frakturlese\u00fcbung | Bildung im ewigen Bund.","isPartOf":{"@id":"https:\/\/www.ewigerbund.org\/volksschule\/#website"},"primaryImageOfPage":{"@id":"https:\/\/www.ewigerbund.org\/volksschule\/fraktur-lesen-lernen\/leseuebungen\/barbarossa\/#primaryimage"},"image":{"@id":"https:\/\/www.ewigerbund.org\/volksschule\/fraktur-lesen-lernen\/leseuebungen\/barbarossa\/#primaryimage"},"thumbnailUrl":"https:\/\/www.ewigerbund.org\/volksschule\/wp-content\/uploads\/sites\/40\/2022\/12\/B01-1-WasIstDerEB-1920x270px.jpg","datePublished":"2022-12-16T11:54:31+00:00","dateModified":"2023-02-16T09:29:10+00:00","description":"Wir haben die \u00dcbungstexte einsprechen lassen. Man lauscht dem Sprecher, w\u00e4hrend man den Text in Fraktur mitliest.","breadcrumb":{"@id":"https:\/\/www.ewigerbund.org\/volksschule\/fraktur-lesen-lernen\/leseuebungen\/barbarossa\/#breadcrumb"},"inLanguage":"de","potentialAction":[{"@type":"ReadAction","target":["https:\/\/www.ewigerbund.org\/volksschule\/fraktur-lesen-lernen\/leseuebungen\/barbarossa\/"]}]},{"@type":"ImageObject","inLanguage":"de","@id":"https:\/\/www.ewigerbund.org\/volksschule\/fraktur-lesen-lernen\/leseuebungen\/barbarossa\/#primaryimage","url":"https:\/\/www.ewigerbund.org\/volksschule\/wp-content\/uploads\/sites\/40\/2022\/12\/B01-1-WasIstDerEB-1920x270px.jpg","contentUrl":"https:\/\/www.ewigerbund.org\/volksschule\/wp-content\/uploads\/sites\/40\/2022\/12\/B01-1-WasIstDerEB-1920x270px.jpg","width":1920,"height":270},{"@type":"BreadcrumbList","@id":"https:\/\/www.ewigerbund.org\/volksschule\/fraktur-lesen-lernen\/leseuebungen\/barbarossa\/#breadcrumb","itemListElement":[{"@type":"ListItem","position":1,"name":"Startseite","item":"https:\/\/www.ewigerbund.org\/volksschule\/"},{"@type":"ListItem","position":2,"name":"Frakturschrift lesen lernen.","item":"https:\/\/www.ewigerbund.org\/volksschule\/fraktur-lesen-lernen\/"},{"@type":"ListItem","position":3,"name":"Lese\u00fcbungen in Fraktur.","item":"https:\/\/www.ewigerbund.org\/volksschule\/fraktur-lesen-lernen\/leseuebungen\/"},{"@type":"ListItem","position":4,"name":"Barbarossa &#8211; Frakturlese\u00fcbung"}]},{"@type":"WebSite","@id":"https:\/\/www.ewigerbund.org\/volksschule\/#website","url":"https:\/\/www.ewigerbund.org\/volksschule\/","name":"Volksschule.","description":"Verfassungsb\u00fcndnis der deutschen Einzelstaaten.","publisher":{"@id":"https:\/\/www.ewigerbund.org\/volksschule\/#organization"},"alternateName":"Bildung im ewigen Bund.","potentialAction":[{"@type":"SearchAction","target":{"@type":"EntryPoint","urlTemplate":"https:\/\/www.ewigerbund.org\/volksschule\/?s={search_term_string}"},"query-input":"required name=search_term_string"}],"inLanguage":"de"},{"@type":"Organization","@id":"https:\/\/www.ewigerbund.org\/volksschule\/#organization","name":"Volksschule.","url":"https:\/\/www.ewigerbund.org\/volksschule\/","logo":{"@type":"ImageObject","inLanguage":"de","@id":"https:\/\/www.ewigerbund.org\/volksschule\/#\/schema\/logo\/image\/","url":"https:\/\/www.ewigerbund.org\/volksschule\/wp-content\/uploads\/sites\/40\/2022\/12\/2022-09-20-Logo-EB_Schutzzone_V4_Transparent.png","contentUrl":"https:\/\/www.ewigerbund.org\/volksschule\/wp-content\/uploads\/sites\/40\/2022\/12\/2022-09-20-Logo-EB_Schutzzone_V4_Transparent.png","width":2000,"height":1982,"caption":"Volksschule."},"image":{"@id":"https:\/\/www.ewigerbund.org\/volksschule\/#\/schema\/logo\/image\/"}}]}},"_links":{"self":[{"href":"https:\/\/www.ewigerbund.org\/volksschule\/wp-json\/wp\/v2\/pages\/42","targetHints":{"allow":["GET"]}}],"collection":[{"href":"https:\/\/www.ewigerbund.org\/volksschule\/wp-json\/wp\/v2\/pages"}],"about":[{"href":"https:\/\/www.ewigerbund.org\/volksschule\/wp-json\/wp\/v2\/types\/page"}],"author":[{"embeddable":true,"href":"https:\/\/www.ewigerbund.org\/volksschule\/wp-json\/wp\/v2\/users\/8"}],"replies":[{"embeddable":true,"href":"https:\/\/www.ewigerbund.org\/volksschule\/wp-json\/wp\/v2\/comments?post=42"}],"version-history":[{"count":3,"href":"https:\/\/www.ewigerbund.org\/volksschule\/wp-json\/wp\/v2\/pages\/42\/revisions"}],"predecessor-version":[{"id":68,"href":"https:\/\/www.ewigerbund.org\/volksschule\/wp-json\/wp\/v2\/pages\/42\/revisions\/68"}],"up":[{"embeddable":true,"href":"https:\/\/www.ewigerbund.org\/volksschule\/wp-json\/wp\/v2\/pages\/38"}],"wp:featuredmedia":[{"embeddable":true,"href":"https:\/\/www.ewigerbund.org\/volksschule\/wp-json\/wp\/v2\/media\/138"}],"wp:attachment":[{"href":"https:\/\/www.ewigerbund.org\/volksschule\/wp-json\/wp\/v2\/media?parent=42"}],"wp:term":[{"taxonomy":"category","embeddable":true,"href":"https:\/\/www.ewigerbund.org\/volksschule\/wp-json\/wp\/v2\/categories?post=42"},{"taxonomy":"post_tag","embeddable":true,"href":"https:\/\/www.ewigerbund.org\/volksschule\/wp-json\/wp\/v2\/tags?post=42"}],"curies":[{"name":"wp","href":"https:\/\/api.w.org\/{rel}","templated":true}]}}