{"id":2909,"date":"2023-12-10T13:38:36","date_gmt":"2023-12-10T12:38:36","guid":{"rendered":"https:\/\/www.ewigerbund.org\/volksschule\/?page_id=2909"},"modified":"2025-09-15T20:06:20","modified_gmt":"2025-09-15T18:06:20","slug":"lektion-18","status":"publish","type":"page","link":"https:\/\/www.ewigerbund.org\/volksschule\/geschichtsunterricht\/lektion-18\/","title":{"rendered":"Lektion 18. Der Wiener Kongre\u00df und der Deutsche Bund."},"content":{"rendered":"\n<div class=\"wp-block-columns is-layout-flex wp-container-core-columns-is-layout-1 wp-block-columns-is-layout-flex\">\n<div class=\"wp-block-column cat-box-border is-layout-flow wp-block-column-is-layout-flow\"><div class=\"h5p-iframe-wrapper\"><iframe id=\"h5p-iframe-18\" class=\"h5p-iframe\" data-content-id=\"18\" style=\"height:1px\" src=\"about:blank\" frameBorder=\"0\" scrolling=\"no\" title=\"Modul 18. Die Geschichte im 19. Jahrhundert. 1814. Der Wiener Kongre\u00df und der Deutsche Bund.\"><\/iframe><\/div>\n<\/div>\n<\/div>\n\n\n\n<a class=\"gb-button gb-button-be9303e6\" href=\"https:\/\/www.ewigerbund.org\/volksschule\/bedienungshilfe\/\"><span class=\"gb-icon\"><svg aria-hidden=\"true\" role=\"img\" height=\"1em\" width=\"1em\" viewBox=\"0 0 448 512\" xmlns=\"http:\/\/www.w3.org\/2000\/svg\"><path fill=\"currentColor\" d=\"M448 360V24c0-13.3-10.7-24-24-24H96C43 0 0 43 0 96v320c0 53 43 96 96 96h328c13.3 0 24-10.7 24-24v-16c0-7.5-3.5-14.3-8.9-18.7-4.2-15.4-4.2-59.3 0-74.7 5.4-4.3 8.9-11.1 8.9-18.6zM128 134c0-3.3 2.7-6 6-6h212c3.3 0 6 2.7 6 6v20c0 3.3-2.7 6-6 6H134c-3.3 0-6-2.7-6-6v-20zm0 64c0-3.3 2.7-6 6-6h212c3.3 0 6 2.7 6 6v20c0 3.3-2.7 6-6 6H134c-3.3 0-6-2.7-6-6v-20zm253.4 250H96c-17.7 0-32-14.3-32-32 0-17.6 14.4-32 32-32h285.4c-1.9 17.1-1.9 46.9 0 64z\"><\/path><\/svg><\/span><span class=\"gb-button-text\"> Bedienungshilfe zu den Kursen.<\/span><\/a>\n\n\n\n<div class=\"wp-block-columns is-layout-flex wp-container-core-columns-is-layout-2 wp-block-columns-is-layout-flex\">\n<div class=\"wp-block-column is-vertically-aligned-center is-layout-flow wp-block-column-is-layout-flow\" style=\"flex-basis:23px\">\n<figure class=\"wp-block-image size-full\"><img loading=\"lazy\" decoding=\"async\" width=\"40\" height=\"40\" src=\"https:\/\/www.ewigerbund.org\/volksschule\/wp-content\/uploads\/sites\/40\/2023\/12\/icon-vergroessern.png\" alt=\"\" class=\"wp-image-2836\"\/><\/figure>\n<\/div>\n\n\n\n<div class=\"wp-block-column is-vertically-aligned-center is-layout-flow wp-block-column-is-layout-flow\">\n<p class=\"has-text-align-left has-small-font-size\">Klicke auf das Symbol im Kursfenster um das Vollbild einzustellen.<\/p>\n<\/div>\n<\/div>\n\n\n\n<p>Die achtzehnte Lektion basiert auf dem folgenden Originalbeitrag.<\/p>\n\n\n\n<figure class=\"wp-block-embed is-type-wp-embed is-provider-geschichte wp-block-embed-geschichte\"><div class=\"wp-block-embed__wrapper\">\n<blockquote class=\"wp-embedded-content\" data-secret=\"hFXhbhqDpA\"><a href=\"https:\/\/www.ewigerbund.org\/geschichte\/19-jahrhundert\/1814-der-wiener-kongress-und-der-deutsche-bund\/\">1814. Der Wiener Kongre\u00df und der Deutsche Bund.<\/a><\/blockquote><iframe loading=\"lazy\" class=\"wp-embedded-content\" sandbox=\"allow-scripts\" security=\"restricted\" style=\"position: absolute; visibility: hidden;\" title=\"&#8222;1814. Der Wiener Kongre\u00df und der Deutsche Bund.&#8220; &#8212; Geschichte\" src=\"https:\/\/www.ewigerbund.org\/geschichte\/19-jahrhundert\/1814-der-wiener-kongress-und-der-deutsche-bund\/embed\/#?secret=HSiZYvjAbT#?secret=hFXhbhqDpA\" data-secret=\"hFXhbhqDpA\" width=\"500\" height=\"282\" frameborder=\"0\" marginwidth=\"0\" marginheight=\"0\" scrolling=\"no\"><\/iframe>\n<\/div><\/figure>\n","protected":false},"excerpt":{"rendered":"<p>Klicke auf das Symbol im Kursfenster um das Vollbild einzustellen. Die achtzehnte Lektion basiert auf dem folgenden Originalbeitrag.<\/p>\n","protected":false},"author":8,"featured_media":3133,"parent":2820,"menu_order":0,"comment_status":"closed","ping_status":"closed","template":"template-6-beide-seitenleiste.php","meta":{"footnotes":""},"categories":[7],"tags":[],"class_list":["post-2909","page","type-page","status-publish","has-post-thumbnail","hentry","category-volksschule"],"yoast_head":"<!-- This site is optimized with the Yoast SEO plugin v23.1 - https:\/\/yoast.com\/wordpress\/plugins\/seo\/ -->\n<title>Lektion 18. Der Wiener Kongre\u00df und der Deutsche Bund. | Bildung im ewigen Bund.<\/title>\n<meta name=\"description\" content=\"Bald nach Beendigung des gewaltigen Krieges 1814 versammelten sich die verb\u00fcndeten F\u00fcrsten in Wien, um den L\u00e4nderbesitz der einzelnen Staaten festzustellen.\" \/>\n<meta name=\"robots\" content=\"index, follow, max-snippet:-1, max-image-preview:large, max-video-preview:-1\" \/>\n<link rel=\"canonical\" href=\"https:\/\/www.ewigerbund.org\/volksschule\/geschichtsunterricht\/lektion-18\/\" \/>\n<meta property=\"og:locale\" content=\"de_DE\" \/>\n<meta property=\"og:type\" content=\"article\" \/>\n<meta property=\"og:title\" content=\"Lektion 18. Der Wiener Kongre\u00df und der Deutsche Bund. | Bildung im ewigen Bund.\" \/>\n<meta property=\"og:description\" content=\"Bald nach Beendigung des gewaltigen Krieges 1814 versammelten sich die verb\u00fcndeten F\u00fcrsten in Wien, um den L\u00e4nderbesitz der einzelnen Staaten festzustellen.\" \/>\n<meta property=\"og:url\" content=\"https:\/\/www.ewigerbund.org\/volksschule\/geschichtsunterricht\/lektion-18\/\" \/>\n<meta property=\"og:site_name\" content=\"Volksschule\" \/>\n<meta property=\"article:modified_time\" content=\"2025-09-15T18:06:20+00:00\" \/>\n<meta property=\"og:image\" content=\"https:\/\/www.ewigerbund.org\/volksschule\/wp-content\/uploads\/sites\/40\/2023\/12\/EB-Volksschule-Geschichtskurs-L18.jpg\" \/>\n\t<meta property=\"og:image:width\" content=\"1748\" \/>\n\t<meta property=\"og:image:height\" content=\"994\" \/>\n\t<meta property=\"og:image:type\" content=\"image\/jpeg\" \/>\n<meta name=\"twitter:card\" content=\"summary_large_image\" \/>\n<meta name=\"twitter:label1\" content=\"Gesch\u00e4tzte Lesezeit\" \/>\n\t<meta name=\"twitter:data1\" content=\"1\u00a0Minute\" \/>\n<script type=\"application\/ld+json\" class=\"yoast-schema-graph\">{\"@context\":\"https:\/\/schema.org\",\"@graph\":[{\"@type\":\"WebPage\",\"@id\":\"https:\/\/www.ewigerbund.org\/volksschule\/geschichtsunterricht\/lektion-18\/\",\"url\":\"https:\/\/www.ewigerbund.org\/volksschule\/geschichtsunterricht\/lektion-18\/\",\"name\":\"Lektion 18. Der Wiener Kongre\u00df und der Deutsche Bund. | Bildung im ewigen Bund.\",\"isPartOf\":{\"@id\":\"https:\/\/www.ewigerbund.org\/volksschule\/#website\"},\"primaryImageOfPage\":{\"@id\":\"https:\/\/www.ewigerbund.org\/volksschule\/geschichtsunterricht\/lektion-18\/#primaryimage\"},\"image\":{\"@id\":\"https:\/\/www.ewigerbund.org\/volksschule\/geschichtsunterricht\/lektion-18\/#primaryimage\"},\"thumbnailUrl\":\"https:\/\/www.ewigerbund.org\/volksschule\/wp-content\/uploads\/sites\/40\/2023\/12\/EB-Volksschule-Geschichtskurs-L18.jpg\",\"datePublished\":\"2023-12-10T12:38:36+00:00\",\"dateModified\":\"2025-09-15T18:06:20+00:00\",\"description\":\"Bald nach Beendigung des gewaltigen Krieges 1814 versammelten sich die verb\u00fcndeten F\u00fcrsten in Wien, um den L\u00e4nderbesitz der einzelnen Staaten festzustellen.\",\"breadcrumb\":{\"@id\":\"https:\/\/www.ewigerbund.org\/volksschule\/geschichtsunterricht\/lektion-18\/#breadcrumb\"},\"inLanguage\":\"de\",\"potentialAction\":[{\"@type\":\"ReadAction\",\"target\":[\"https:\/\/www.ewigerbund.org\/volksschule\/geschichtsunterricht\/lektion-18\/\"]}]},{\"@type\":\"ImageObject\",\"inLanguage\":\"de\",\"@id\":\"https:\/\/www.ewigerbund.org\/volksschule\/geschichtsunterricht\/lektion-18\/#primaryimage\",\"url\":\"https:\/\/www.ewigerbund.org\/volksschule\/wp-content\/uploads\/sites\/40\/2023\/12\/EB-Volksschule-Geschichtskurs-L18.jpg\",\"contentUrl\":\"https:\/\/www.ewigerbund.org\/volksschule\/wp-content\/uploads\/sites\/40\/2023\/12\/EB-Volksschule-Geschichtskurs-L18.jpg\",\"width\":1748,\"height\":994},{\"@type\":\"BreadcrumbList\",\"@id\":\"https:\/\/www.ewigerbund.org\/volksschule\/geschichtsunterricht\/lektion-18\/#breadcrumb\",\"itemListElement\":[{\"@type\":\"ListItem\",\"position\":1,\"name\":\"Startseite\",\"item\":\"https:\/\/www.ewigerbund.org\/volksschule\/\"},{\"@type\":\"ListItem\",\"position\":2,\"name\":\"Geschichtsunterricht.\",\"item\":\"https:\/\/www.ewigerbund.org\/volksschule\/geschichtsunterricht\/\"},{\"@type\":\"ListItem\",\"position\":3,\"name\":\"Lektion 18. Der Wiener Kongre\u00df und der Deutsche Bund.\"}]},{\"@type\":\"WebSite\",\"@id\":\"https:\/\/www.ewigerbund.org\/volksschule\/#website\",\"url\":\"https:\/\/www.ewigerbund.org\/volksschule\/\",\"name\":\"Volksschule.\",\"description\":\"Verfassungsb\u00fcndnis der deutschen Einzelstaaten.\",\"publisher\":{\"@id\":\"https:\/\/www.ewigerbund.org\/volksschule\/#organization\"},\"alternateName\":\"Bildung im ewigen Bund.\",\"potentialAction\":[{\"@type\":\"SearchAction\",\"target\":{\"@type\":\"EntryPoint\",\"urlTemplate\":\"https:\/\/www.ewigerbund.org\/volksschule\/?s={search_term_string}\"},\"query-input\":\"required name=search_term_string\"}],\"inLanguage\":\"de\"},{\"@type\":\"Organization\",\"@id\":\"https:\/\/www.ewigerbund.org\/volksschule\/#organization\",\"name\":\"Volksschule.\",\"url\":\"https:\/\/www.ewigerbund.org\/volksschule\/\",\"logo\":{\"@type\":\"ImageObject\",\"inLanguage\":\"de\",\"@id\":\"https:\/\/www.ewigerbund.org\/volksschule\/#\/schema\/logo\/image\/\",\"url\":\"https:\/\/www.ewigerbund.org\/volksschule\/wp-content\/uploads\/sites\/40\/2022\/12\/2022-09-20-Logo-EB_Schutzzone_V4_Transparent.png\",\"contentUrl\":\"https:\/\/www.ewigerbund.org\/volksschule\/wp-content\/uploads\/sites\/40\/2022\/12\/2022-09-20-Logo-EB_Schutzzone_V4_Transparent.png\",\"width\":2000,\"height\":1982,\"caption\":\"Volksschule.\"},\"image\":{\"@id\":\"https:\/\/www.ewigerbund.org\/volksschule\/#\/schema\/logo\/image\/\"}}]}<\/script>\n<!-- \/ Yoast SEO plugin. -->","yoast_head_json":{"title":"Lektion 18. Der Wiener Kongre\u00df und der Deutsche Bund. | Bildung im ewigen Bund.","description":"Bald nach Beendigung des gewaltigen Krieges 1814 versammelten sich die verb\u00fcndeten F\u00fcrsten in Wien, um den L\u00e4nderbesitz der einzelnen Staaten festzustellen.","robots":{"index":"index","follow":"follow","max-snippet":"max-snippet:-1","max-image-preview":"max-image-preview:large","max-video-preview":"max-video-preview:-1"},"canonical":"https:\/\/www.ewigerbund.org\/volksschule\/geschichtsunterricht\/lektion-18\/","og_locale":"de_DE","og_type":"article","og_title":"Lektion 18. Der Wiener Kongre\u00df und der Deutsche Bund. | Bildung im ewigen Bund.","og_description":"Bald nach Beendigung des gewaltigen Krieges 1814 versammelten sich die verb\u00fcndeten F\u00fcrsten in Wien, um den L\u00e4nderbesitz der einzelnen Staaten festzustellen.","og_url":"https:\/\/www.ewigerbund.org\/volksschule\/geschichtsunterricht\/lektion-18\/","og_site_name":"Volksschule","article_modified_time":"2025-09-15T18:06:20+00:00","og_image":[{"width":1748,"height":994,"url":"https:\/\/www.ewigerbund.org\/volksschule\/wp-content\/uploads\/sites\/40\/2023\/12\/EB-Volksschule-Geschichtskurs-L18.jpg","type":"image\/jpeg"}],"twitter_card":"summary_large_image","twitter_misc":{"Gesch\u00e4tzte Lesezeit":"1\u00a0Minute"},"schema":{"@context":"https:\/\/schema.org","@graph":[{"@type":"WebPage","@id":"https:\/\/www.ewigerbund.org\/volksschule\/geschichtsunterricht\/lektion-18\/","url":"https:\/\/www.ewigerbund.org\/volksschule\/geschichtsunterricht\/lektion-18\/","name":"Lektion 18. Der Wiener Kongre\u00df und der Deutsche Bund. | Bildung im ewigen Bund.","isPartOf":{"@id":"https:\/\/www.ewigerbund.org\/volksschule\/#website"},"primaryImageOfPage":{"@id":"https:\/\/www.ewigerbund.org\/volksschule\/geschichtsunterricht\/lektion-18\/#primaryimage"},"image":{"@id":"https:\/\/www.ewigerbund.org\/volksschule\/geschichtsunterricht\/lektion-18\/#primaryimage"},"thumbnailUrl":"https:\/\/www.ewigerbund.org\/volksschule\/wp-content\/uploads\/sites\/40\/2023\/12\/EB-Volksschule-Geschichtskurs-L18.jpg","datePublished":"2023-12-10T12:38:36+00:00","dateModified":"2025-09-15T18:06:20+00:00","description":"Bald nach Beendigung des gewaltigen Krieges 1814 versammelten sich die verb\u00fcndeten F\u00fcrsten in Wien, um den L\u00e4nderbesitz der einzelnen Staaten festzustellen.","breadcrumb":{"@id":"https:\/\/www.ewigerbund.org\/volksschule\/geschichtsunterricht\/lektion-18\/#breadcrumb"},"inLanguage":"de","potentialAction":[{"@type":"ReadAction","target":["https:\/\/www.ewigerbund.org\/volksschule\/geschichtsunterricht\/lektion-18\/"]}]},{"@type":"ImageObject","inLanguage":"de","@id":"https:\/\/www.ewigerbund.org\/volksschule\/geschichtsunterricht\/lektion-18\/#primaryimage","url":"https:\/\/www.ewigerbund.org\/volksschule\/wp-content\/uploads\/sites\/40\/2023\/12\/EB-Volksschule-Geschichtskurs-L18.jpg","contentUrl":"https:\/\/www.ewigerbund.org\/volksschule\/wp-content\/uploads\/sites\/40\/2023\/12\/EB-Volksschule-Geschichtskurs-L18.jpg","width":1748,"height":994},{"@type":"BreadcrumbList","@id":"https:\/\/www.ewigerbund.org\/volksschule\/geschichtsunterricht\/lektion-18\/#breadcrumb","itemListElement":[{"@type":"ListItem","position":1,"name":"Startseite","item":"https:\/\/www.ewigerbund.org\/volksschule\/"},{"@type":"ListItem","position":2,"name":"Geschichtsunterricht.","item":"https:\/\/www.ewigerbund.org\/volksschule\/geschichtsunterricht\/"},{"@type":"ListItem","position":3,"name":"Lektion 18. Der Wiener Kongre\u00df und der Deutsche Bund."}]},{"@type":"WebSite","@id":"https:\/\/www.ewigerbund.org\/volksschule\/#website","url":"https:\/\/www.ewigerbund.org\/volksschule\/","name":"Volksschule.","description":"Verfassungsb\u00fcndnis der deutschen Einzelstaaten.","publisher":{"@id":"https:\/\/www.ewigerbund.org\/volksschule\/#organization"},"alternateName":"Bildung im ewigen Bund.","potentialAction":[{"@type":"SearchAction","target":{"@type":"EntryPoint","urlTemplate":"https:\/\/www.ewigerbund.org\/volksschule\/?s={search_term_string}"},"query-input":"required name=search_term_string"}],"inLanguage":"de"},{"@type":"Organization","@id":"https:\/\/www.ewigerbund.org\/volksschule\/#organization","name":"Volksschule.","url":"https:\/\/www.ewigerbund.org\/volksschule\/","logo":{"@type":"ImageObject","inLanguage":"de","@id":"https:\/\/www.ewigerbund.org\/volksschule\/#\/schema\/logo\/image\/","url":"https:\/\/www.ewigerbund.org\/volksschule\/wp-content\/uploads\/sites\/40\/2022\/12\/2022-09-20-Logo-EB_Schutzzone_V4_Transparent.png","contentUrl":"https:\/\/www.ewigerbund.org\/volksschule\/wp-content\/uploads\/sites\/40\/2022\/12\/2022-09-20-Logo-EB_Schutzzone_V4_Transparent.png","width":2000,"height":1982,"caption":"Volksschule."},"image":{"@id":"https:\/\/www.ewigerbund.org\/volksschule\/#\/schema\/logo\/image\/"}}]}},"_links":{"self":[{"href":"https:\/\/www.ewigerbund.org\/volksschule\/wp-json\/wp\/v2\/pages\/2909","targetHints":{"allow":["GET"]}}],"collection":[{"href":"https:\/\/www.ewigerbund.org\/volksschule\/wp-json\/wp\/v2\/pages"}],"about":[{"href":"https:\/\/www.ewigerbund.org\/volksschule\/wp-json\/wp\/v2\/types\/page"}],"author":[{"embeddable":true,"href":"https:\/\/www.ewigerbund.org\/volksschule\/wp-json\/wp\/v2\/users\/8"}],"replies":[{"embeddable":true,"href":"https:\/\/www.ewigerbund.org\/volksschule\/wp-json\/wp\/v2\/comments?post=2909"}],"version-history":[{"count":4,"href":"https:\/\/www.ewigerbund.org\/volksschule\/wp-json\/wp\/v2\/pages\/2909\/revisions"}],"predecessor-version":[{"id":3555,"href":"https:\/\/www.ewigerbund.org\/volksschule\/wp-json\/wp\/v2\/pages\/2909\/revisions\/3555"}],"up":[{"embeddable":true,"href":"https:\/\/www.ewigerbund.org\/volksschule\/wp-json\/wp\/v2\/pages\/2820"}],"wp:featuredmedia":[{"embeddable":true,"href":"https:\/\/www.ewigerbund.org\/volksschule\/wp-json\/wp\/v2\/media\/3133"}],"wp:attachment":[{"href":"https:\/\/www.ewigerbund.org\/volksschule\/wp-json\/wp\/v2\/media?parent=2909"}],"wp:term":[{"taxonomy":"category","embeddable":true,"href":"https:\/\/www.ewigerbund.org\/volksschule\/wp-json\/wp\/v2\/categories?post=2909"},{"taxonomy":"post_tag","embeddable":true,"href":"https:\/\/www.ewigerbund.org\/volksschule\/wp-json\/wp\/v2\/tags?post=2909"}],"curies":[{"name":"wp","href":"https:\/\/api.w.org\/{rel}","templated":true}]}}