{"id":2830,"date":"2023-12-08T23:52:32","date_gmt":"2023-12-08T22:52:32","guid":{"rendered":"https:\/\/www.ewigerbund.org\/volksschule\/?page_id=2830"},"modified":"2024-01-14T08:58:21","modified_gmt":"2024-01-14T07:58:21","slug":"bedienungshilfe","status":"publish","type":"page","link":"https:\/\/www.ewigerbund.org\/volksschule\/bedienungshilfe\/","title":{"rendered":"Bedienungshilfe Lernlektionen."},"content":{"rendered":"\n<h2 class=\"wp-block-heading\">Erkl\u00e4rvideo zu den interaktiven Lektionen.<\/h2>\n\n\n\n<p>Um deinen Weg durch die Lernlektionen zug\u00e4nglicher zu gestalten, haben wir f\u00fcr dich die interaktiven Kurse vorbereitet. Die Funktionen sind in allen Kursen einheitlich gestaltet. Alle Lektionen innerhalb eines Kurses bauen aufeinander auf. Wir empfehlen dir deshalb, die Lektionen der Reihe nach zu durchlaufen, um ein durchg\u00e4ngiges Verst\u00e4ndnis zu entwickeln.<\/p>\n\n\n\n<p>Die interaktiven Lektionen der Volksschule sind darauf ausgelegt, den Lernerfolg zu sichern. Im folgenden Video werden die Grundlagen kurz erkl\u00e4rt.<\/p>\n\n\n<div style=\"padding:57% 0 0 0;position:relative;\"><iframe src=\"https:\/\/player.vimeo.com\/video\/888770421?h=2c98092be4&amp;badge=0&amp;autopause=0&amp;player_id=0&amp;app_id=58479\" allow=\"autoplay; fullscreen; picture-in-picture\" allowfullscreen=\"\" style=\"position:absolute;top:0;left:0;width:100%;height:100%;\" frameborder=\"0\"><\/iframe><\/div><script src=\"https:\/\/player.vimeo.com\/api\/player.js\"><\/script>\n\n\n\n<div style=\"height:63px\" aria-hidden=\"true\" class=\"wp-block-spacer\"><\/div>\n\n\n\n<h2 class=\"gb-headline gb-headline-066c74b7 gb-headline-text\">Alle Funktionen kurz beschrieben.<\/h2>\n\n\n\n<div class=\"wp-block-columns is-layout-flex wp-container-core-columns-is-layout-1 wp-block-columns-is-layout-flex\">\n<div class=\"wp-block-column is-layout-flow wp-block-column-is-layout-flow\">\n<figure class=\"wp-block-image size-full\"><a href=\"https:\/\/www.ewigerbund.org\/volksschule\/wp-content\/uploads\/sites\/40\/2023\/12\/2023-12-10_19-04.png\"><img loading=\"lazy\" decoding=\"async\" width=\"721\" height=\"307\" src=\"https:\/\/www.ewigerbund.org\/volksschule\/wp-content\/uploads\/sites\/40\/2023\/12\/2023-12-10_19-04.png\" alt=\"\" class=\"wp-image-3035\" srcset=\"https:\/\/www.ewigerbund.org\/volksschule\/wp-content\/uploads\/sites\/40\/2023\/12\/2023-12-10_19-04.png 721w, https:\/\/www.ewigerbund.org\/volksschule\/wp-content\/uploads\/sites\/40\/2023\/12\/2023-12-10_19-04-300x128.png 300w\" sizes=\"auto, (max-width: 721px) 100vw, 721px\" \/><\/a><figcaption class=\"wp-element-caption\">Vollbild ein.<\/figcaption><\/figure>\n<\/div>\n\n\n\n<div class=\"wp-block-column is-layout-flow wp-block-column-is-layout-flow\">\n<figure class=\"wp-block-image size-full\"><a href=\"https:\/\/www.ewigerbund.org\/volksschule\/wp-content\/uploads\/sites\/40\/2023\/12\/2023-12-10_19-03.png\"><img loading=\"lazy\" decoding=\"async\" width=\"722\" height=\"305\" src=\"https:\/\/www.ewigerbund.org\/volksschule\/wp-content\/uploads\/sites\/40\/2023\/12\/2023-12-10_19-03.png\" alt=\"\" class=\"wp-image-3036\" srcset=\"https:\/\/www.ewigerbund.org\/volksschule\/wp-content\/uploads\/sites\/40\/2023\/12\/2023-12-10_19-03.png 722w, https:\/\/www.ewigerbund.org\/volksschule\/wp-content\/uploads\/sites\/40\/2023\/12\/2023-12-10_19-03-300x127.png 300w\" sizes=\"auto, (max-width: 722px) 100vw, 722px\" \/><\/a><figcaption class=\"wp-element-caption\">Kurs starten.<\/figcaption><\/figure>\n<\/div>\n\n\n\n<div class=\"wp-block-column is-layout-flow wp-block-column-is-layout-flow\">\n<figure class=\"wp-block-image size-full\"><a href=\"https:\/\/www.ewigerbund.org\/volksschule\/wp-content\/uploads\/sites\/40\/2023\/12\/2023-12-10_18-55_1.png\"><img loading=\"lazy\" decoding=\"async\" width=\"719\" height=\"491\" src=\"https:\/\/www.ewigerbund.org\/volksschule\/wp-content\/uploads\/sites\/40\/2023\/12\/2023-12-10_18-55_1.png\" alt=\"\" class=\"wp-image-3037\" srcset=\"https:\/\/www.ewigerbund.org\/volksschule\/wp-content\/uploads\/sites\/40\/2023\/12\/2023-12-10_18-55_1.png 719w, https:\/\/www.ewigerbund.org\/volksschule\/wp-content\/uploads\/sites\/40\/2023\/12\/2023-12-10_18-55_1-300x205.png 300w\" sizes=\"auto, (max-width: 719px) 100vw, 719px\" \/><\/a><figcaption class=\"wp-element-caption\">Innerhalb des Kapitels navigieren.<\/figcaption><\/figure>\n<\/div>\n<\/div>\n\n\n\n<div class=\"wp-block-columns is-layout-flex wp-container-core-columns-is-layout-2 wp-block-columns-is-layout-flex\">\n<div class=\"wp-block-column is-layout-flow wp-block-column-is-layout-flow\">\n<figure class=\"wp-block-image size-full\"><a href=\"https:\/\/www.ewigerbund.org\/volksschule\/wp-content\/uploads\/sites\/40\/2023\/12\/2023-12-10_18-56.png\"><img loading=\"lazy\" decoding=\"async\" width=\"720\" height=\"487\" src=\"https:\/\/www.ewigerbund.org\/volksschule\/wp-content\/uploads\/sites\/40\/2023\/12\/2023-12-10_18-56.png\" alt=\"\" class=\"wp-image-3038\" srcset=\"https:\/\/www.ewigerbund.org\/volksschule\/wp-content\/uploads\/sites\/40\/2023\/12\/2023-12-10_18-56.png 720w, https:\/\/www.ewigerbund.org\/volksschule\/wp-content\/uploads\/sites\/40\/2023\/12\/2023-12-10_18-56-300x203.png 300w\" sizes=\"auto, (max-width: 720px) 100vw, 720px\" \/><\/a><figcaption class=\"wp-element-caption\">Kapitel \u00fcbergreifend navigieren.<\/figcaption><\/figure>\n<\/div>\n\n\n\n<div class=\"wp-block-column is-layout-flow wp-block-column-is-layout-flow\">\n<figure class=\"wp-block-image size-full\"><a href=\"https:\/\/www.ewigerbund.org\/volksschule\/wp-content\/uploads\/sites\/40\/2023\/12\/2023-12-10_18-52.png\"><img loading=\"lazy\" decoding=\"async\" width=\"718\" height=\"491\" src=\"https:\/\/www.ewigerbund.org\/volksschule\/wp-content\/uploads\/sites\/40\/2023\/12\/2023-12-10_18-52.png\" alt=\"\" class=\"wp-image-3039\" srcset=\"https:\/\/www.ewigerbund.org\/volksschule\/wp-content\/uploads\/sites\/40\/2023\/12\/2023-12-10_18-52.png 718w, https:\/\/www.ewigerbund.org\/volksschule\/wp-content\/uploads\/sites\/40\/2023\/12\/2023-12-10_18-52-300x205.png 300w\" sizes=\"auto, (max-width: 718px) 100vw, 718px\" \/><\/a><figcaption class=\"wp-element-caption\">Infoknopf. Dahinter verbergen sich weiterf\u00fchrende Informationen.<\/figcaption><\/figure>\n<\/div>\n\n\n\n<div class=\"wp-block-column is-layout-flow wp-block-column-is-layout-flow\">\n<figure class=\"wp-block-image size-full\"><a href=\"https:\/\/www.ewigerbund.org\/volksschule\/wp-content\/uploads\/sites\/40\/2023\/12\/2023-12-10_18-54.png\"><img loading=\"lazy\" decoding=\"async\" width=\"715\" height=\"490\" src=\"https:\/\/www.ewigerbund.org\/volksschule\/wp-content\/uploads\/sites\/40\/2023\/12\/2023-12-10_18-54.png\" alt=\"\" class=\"wp-image-3040\" srcset=\"https:\/\/www.ewigerbund.org\/volksschule\/wp-content\/uploads\/sites\/40\/2023\/12\/2023-12-10_18-54.png 715w, https:\/\/www.ewigerbund.org\/volksschule\/wp-content\/uploads\/sites\/40\/2023\/12\/2023-12-10_18-54-300x206.png 300w\" sizes=\"auto, (max-width: 715px) 100vw, 715px\" \/><\/a><figcaption class=\"wp-element-caption\">Bildknopf. Dahinter verbirgt sich ein Bild.<\/figcaption><\/figure>\n<\/div>\n<\/div>\n\n\n\n<div class=\"wp-block-columns is-layout-flex wp-container-core-columns-is-layout-3 wp-block-columns-is-layout-flex\">\n<div class=\"wp-block-column is-layout-flow wp-block-column-is-layout-flow\">\n<figure class=\"wp-block-image size-full\"><a href=\"https:\/\/www.ewigerbund.org\/volksschule\/wp-content\/uploads\/sites\/40\/2023\/12\/2023-12-10_18-53.png\"><img loading=\"lazy\" decoding=\"async\" width=\"717\" height=\"489\" src=\"https:\/\/www.ewigerbund.org\/volksschule\/wp-content\/uploads\/sites\/40\/2023\/12\/2023-12-10_18-53.png\" alt=\"\" class=\"wp-image-3041\" srcset=\"https:\/\/www.ewigerbund.org\/volksschule\/wp-content\/uploads\/sites\/40\/2023\/12\/2023-12-10_18-53.png 717w, https:\/\/www.ewigerbund.org\/volksschule\/wp-content\/uploads\/sites\/40\/2023\/12\/2023-12-10_18-53-300x205.png 300w\" sizes=\"auto, (max-width: 717px) 100vw, 717px\" \/><\/a><figcaption class=\"wp-element-caption\">Videoknopf. Dahinter verbirgt sich ein weiterf\u00fchrendes Video.<\/figcaption><\/figure>\n<\/div>\n\n\n\n<div class=\"wp-block-column is-layout-flow wp-block-column-is-layout-flow\">\n<figure class=\"wp-block-image size-full\"><a href=\"https:\/\/www.ewigerbund.org\/volksschule\/wp-content\/uploads\/sites\/40\/2023\/12\/2023-12-10_18-48.png\"><img loading=\"lazy\" decoding=\"async\" width=\"718\" height=\"523\" src=\"https:\/\/www.ewigerbund.org\/volksschule\/wp-content\/uploads\/sites\/40\/2023\/12\/2023-12-10_18-48.png\" alt=\"\" class=\"wp-image-3042\" srcset=\"https:\/\/www.ewigerbund.org\/volksschule\/wp-content\/uploads\/sites\/40\/2023\/12\/2023-12-10_18-48.png 718w, https:\/\/www.ewigerbund.org\/volksschule\/wp-content\/uploads\/sites\/40\/2023\/12\/2023-12-10_18-48-300x219.png 300w\" sizes=\"auto, (max-width: 718px) 100vw, 718px\" \/><\/a><figcaption class=\"wp-element-caption\">Aktionsknopf. Dr\u00fccke diesen Knopf und l\u00f6se die erscheinende Aufgabe, um die Lektion fortzusetzen.<\/figcaption><\/figure>\n<\/div>\n\n\n\n<div class=\"wp-block-column is-layout-flow wp-block-column-is-layout-flow\">\n<figure class=\"wp-block-image size-full\"><a href=\"https:\/\/www.ewigerbund.org\/volksschule\/wp-content\/uploads\/sites\/40\/2023\/12\/2023-12-10_18-51.png\"><img loading=\"lazy\" decoding=\"async\" width=\"719\" height=\"523\" src=\"https:\/\/www.ewigerbund.org\/volksschule\/wp-content\/uploads\/sites\/40\/2023\/12\/2023-12-10_18-51.png\" alt=\"\" class=\"wp-image-3043\" srcset=\"https:\/\/www.ewigerbund.org\/volksschule\/wp-content\/uploads\/sites\/40\/2023\/12\/2023-12-10_18-51.png 719w, https:\/\/www.ewigerbund.org\/volksschule\/wp-content\/uploads\/sites\/40\/2023\/12\/2023-12-10_18-51-300x218.png 300w\" sizes=\"auto, (max-width: 719px) 100vw, 719px\" \/><\/a><figcaption class=\"wp-element-caption\">Informationsknopf. Klicke ihn an, um weiterf\u00fchrende Informationen zu erhalten und damit die Lektion fortzuf\u00fchren.<\/figcaption><\/figure>\n<\/div>\n<\/div>\n\n\n\n<div class=\"wp-block-columns is-layout-flex wp-container-core-columns-is-layout-4 wp-block-columns-is-layout-flex\">\n<div class=\"wp-block-column is-layout-flow wp-block-column-is-layout-flow\">\n<figure class=\"wp-block-image size-full\"><a href=\"https:\/\/www.ewigerbund.org\/volksschule\/wp-content\/uploads\/sites\/40\/2023\/12\/2023-12-10_18-50.png\"><img loading=\"lazy\" decoding=\"async\" width=\"717\" height=\"525\" src=\"https:\/\/www.ewigerbund.org\/volksschule\/wp-content\/uploads\/sites\/40\/2023\/12\/2023-12-10_18-50.png\" alt=\"\" class=\"wp-image-3044\" srcset=\"https:\/\/www.ewigerbund.org\/volksschule\/wp-content\/uploads\/sites\/40\/2023\/12\/2023-12-10_18-50.png 717w, https:\/\/www.ewigerbund.org\/volksschule\/wp-content\/uploads\/sites\/40\/2023\/12\/2023-12-10_18-50-300x220.png 300w\" sizes=\"auto, (max-width: 717px) 100vw, 717px\" \/><\/a><figcaption class=\"wp-element-caption\">Verst\u00e4ndnisfrage. Klicke die richtige Antwort an, um mit der Lektion fortzufahren.<\/figcaption><\/figure>\n<\/div>\n\n\n\n<div class=\"wp-block-column is-layout-flow wp-block-column-is-layout-flow\">\n<figure class=\"wp-block-image size-large\"><a href=\"https:\/\/www.ewigerbund.org\/volksschule\/wp-content\/uploads\/sites\/40\/2023\/12\/2023-12-10_19-17.png\"><img loading=\"lazy\" decoding=\"async\" width=\"1024\" height=\"638\" src=\"https:\/\/www.ewigerbund.org\/volksschule\/wp-content\/uploads\/sites\/40\/2023\/12\/2023-12-10_19-17-1024x638.png\" alt=\"\" class=\"wp-image-3045\" srcset=\"https:\/\/www.ewigerbund.org\/volksschule\/wp-content\/uploads\/sites\/40\/2023\/12\/2023-12-10_19-17-1024x638.png 1024w, https:\/\/www.ewigerbund.org\/volksschule\/wp-content\/uploads\/sites\/40\/2023\/12\/2023-12-10_19-17-300x187.png 300w, https:\/\/www.ewigerbund.org\/volksschule\/wp-content\/uploads\/sites\/40\/2023\/12\/2023-12-10_19-17-768x478.png 768w, https:\/\/www.ewigerbund.org\/volksschule\/wp-content\/uploads\/sites\/40\/2023\/12\/2023-12-10_19-17.png 1272w\" sizes=\"auto, (max-width: 1024px) 100vw, 1024px\" \/><\/a><figcaption class=\"wp-element-caption\">L\u00fcckentext. Ziehe mit der Maus die entsprechende Antwort in die entsprechende L\u00fccke.<\/figcaption><\/figure>\n<\/div>\n\n\n\n<div class=\"wp-block-column is-layout-flow wp-block-column-is-layout-flow\">\n<figure class=\"wp-block-image size-large\"><a href=\"https:\/\/www.ewigerbund.org\/volksschule\/wp-content\/uploads\/sites\/40\/2023\/12\/2023-12-10_19-16.png\"><img loading=\"lazy\" decoding=\"async\" width=\"1024\" height=\"643\" src=\"https:\/\/www.ewigerbund.org\/volksschule\/wp-content\/uploads\/sites\/40\/2023\/12\/2023-12-10_19-16-1024x643.png\" alt=\"\" class=\"wp-image-3046\" srcset=\"https:\/\/www.ewigerbund.org\/volksschule\/wp-content\/uploads\/sites\/40\/2023\/12\/2023-12-10_19-16-1024x643.png 1024w, https:\/\/www.ewigerbund.org\/volksschule\/wp-content\/uploads\/sites\/40\/2023\/12\/2023-12-10_19-16-300x188.png 300w, https:\/\/www.ewigerbund.org\/volksschule\/wp-content\/uploads\/sites\/40\/2023\/12\/2023-12-10_19-16-768x482.png 768w, https:\/\/www.ewigerbund.org\/volksschule\/wp-content\/uploads\/sites\/40\/2023\/12\/2023-12-10_19-16.png 1272w\" sizes=\"auto, (max-width: 1024px) 100vw, 1024px\" \/><\/a><figcaption class=\"wp-element-caption\">L\u00fcckentext. Tippe die Worte in die L\u00fccken ein. <\/figcaption><\/figure>\n<\/div>\n<\/div>\n\n\n\n<div style=\"height:100px\" aria-hidden=\"true\" class=\"wp-block-spacer\"><\/div>\n","protected":false},"excerpt":{"rendered":"<p>Erkl\u00e4rvideo zu den interaktiven Lektionen. Um deinen Weg durch die Lernlektionen zug\u00e4nglicher zu gestalten, haben wir f\u00fcr dich die interaktiven Kurse vorbereitet. Die Funktionen sind in allen Kursen einheitlich gestaltet. Alle Lektionen innerhalb eines Kurses bauen aufeinander auf. Wir empfehlen dir deshalb, die Lektionen der Reihe nach zu durchlaufen, um ein durchg\u00e4ngiges Verst\u00e4ndnis zu entwickeln. [&hellip;]<\/p>\n","protected":false},"author":8,"featured_media":0,"parent":0,"menu_order":0,"comment_status":"closed","ping_status":"closed","template":"template-6-beide-seitenleiste.php","meta":{"footnotes":""},"categories":[],"tags":[],"class_list":["post-2830","page","type-page","status-publish","hentry"],"yoast_head":"<!-- This site is optimized with the Yoast SEO plugin v23.1 - https:\/\/yoast.com\/wordpress\/plugins\/seo\/ -->\n<title>Bedienungshilfe Lernlektionen. | Bildung im ewigen Bund.<\/title>\n<meta name=\"robots\" content=\"index, follow, max-snippet:-1, max-image-preview:large, max-video-preview:-1\" \/>\n<link rel=\"canonical\" href=\"https:\/\/www.ewigerbund.org\/volksschule\/bedienungshilfe\/\" \/>\n<meta property=\"og:locale\" content=\"de_DE\" \/>\n<meta property=\"og:type\" content=\"article\" \/>\n<meta property=\"og:title\" content=\"Bedienungshilfe Lernlektionen. | Bildung im ewigen Bund.\" \/>\n<meta property=\"og:description\" content=\"Erkl\u00e4rvideo zu den interaktiven Lektionen. Um deinen Weg durch die Lernlektionen zug\u00e4nglicher zu gestalten, haben wir f\u00fcr dich die interaktiven Kurse vorbereitet. Die Funktionen sind in allen Kursen einheitlich gestaltet. Alle Lektionen innerhalb eines Kurses bauen aufeinander auf. Wir empfehlen dir deshalb, die Lektionen der Reihe nach zu durchlaufen, um ein durchg\u00e4ngiges Verst\u00e4ndnis zu entwickeln. [&hellip;]\" \/>\n<meta property=\"og:url\" content=\"https:\/\/www.ewigerbund.org\/volksschule\/bedienungshilfe\/\" \/>\n<meta property=\"og:site_name\" content=\"Volksschule\" \/>\n<meta property=\"article:modified_time\" content=\"2024-01-14T07:58:21+00:00\" \/>\n<meta property=\"og:image\" content=\"https:\/\/www.ewigerbund.org\/volksschule\/wp-content\/uploads\/sites\/40\/2023\/12\/2023-12-10_19-04.png\" \/>\n<meta name=\"twitter:card\" content=\"summary_large_image\" \/>\n<meta name=\"twitter:label1\" content=\"Gesch\u00e4tzte Lesezeit\" \/>\n\t<meta name=\"twitter:data1\" content=\"4\u00a0Minuten\" \/>\n<script type=\"application\/ld+json\" class=\"yoast-schema-graph\">{\"@context\":\"https:\/\/schema.org\",\"@graph\":[{\"@type\":\"WebPage\",\"@id\":\"https:\/\/www.ewigerbund.org\/volksschule\/bedienungshilfe\/\",\"url\":\"https:\/\/www.ewigerbund.org\/volksschule\/bedienungshilfe\/\",\"name\":\"Bedienungshilfe Lernlektionen. | Bildung im ewigen Bund.\",\"isPartOf\":{\"@id\":\"https:\/\/www.ewigerbund.org\/volksschule\/#website\"},\"primaryImageOfPage\":{\"@id\":\"https:\/\/www.ewigerbund.org\/volksschule\/bedienungshilfe\/#primaryimage\"},\"image\":{\"@id\":\"https:\/\/www.ewigerbund.org\/volksschule\/bedienungshilfe\/#primaryimage\"},\"thumbnailUrl\":\"https:\/\/www.ewigerbund.org\/volksschule\/wp-content\/uploads\/sites\/40\/2023\/12\/2023-12-10_19-04.png\",\"datePublished\":\"2023-12-08T22:52:32+00:00\",\"dateModified\":\"2024-01-14T07:58:21+00:00\",\"breadcrumb\":{\"@id\":\"https:\/\/www.ewigerbund.org\/volksschule\/bedienungshilfe\/#breadcrumb\"},\"inLanguage\":\"de\",\"potentialAction\":[{\"@type\":\"ReadAction\",\"target\":[\"https:\/\/www.ewigerbund.org\/volksschule\/bedienungshilfe\/\"]}]},{\"@type\":\"ImageObject\",\"inLanguage\":\"de\",\"@id\":\"https:\/\/www.ewigerbund.org\/volksschule\/bedienungshilfe\/#primaryimage\",\"url\":\"https:\/\/www.ewigerbund.org\/volksschule\/wp-content\/uploads\/sites\/40\/2023\/12\/2023-12-10_19-04.png\",\"contentUrl\":\"https:\/\/www.ewigerbund.org\/volksschule\/wp-content\/uploads\/sites\/40\/2023\/12\/2023-12-10_19-04.png\",\"width\":721,\"height\":307,\"caption\":\"Vollbild ein.\"},{\"@type\":\"BreadcrumbList\",\"@id\":\"https:\/\/www.ewigerbund.org\/volksschule\/bedienungshilfe\/#breadcrumb\",\"itemListElement\":[{\"@type\":\"ListItem\",\"position\":1,\"name\":\"Startseite\",\"item\":\"https:\/\/www.ewigerbund.org\/volksschule\/\"},{\"@type\":\"ListItem\",\"position\":2,\"name\":\"Bedienungshilfe Lernlektionen.\"}]},{\"@type\":\"WebSite\",\"@id\":\"https:\/\/www.ewigerbund.org\/volksschule\/#website\",\"url\":\"https:\/\/www.ewigerbund.org\/volksschule\/\",\"name\":\"Volksschule.\",\"description\":\"Verfassungsb\u00fcndnis der deutschen Einzelstaaten.\",\"publisher\":{\"@id\":\"https:\/\/www.ewigerbund.org\/volksschule\/#organization\"},\"alternateName\":\"Bildung im ewigen Bund.\",\"potentialAction\":[{\"@type\":\"SearchAction\",\"target\":{\"@type\":\"EntryPoint\",\"urlTemplate\":\"https:\/\/www.ewigerbund.org\/volksschule\/?s={search_term_string}\"},\"query-input\":\"required name=search_term_string\"}],\"inLanguage\":\"de\"},{\"@type\":\"Organization\",\"@id\":\"https:\/\/www.ewigerbund.org\/volksschule\/#organization\",\"name\":\"Volksschule.\",\"url\":\"https:\/\/www.ewigerbund.org\/volksschule\/\",\"logo\":{\"@type\":\"ImageObject\",\"inLanguage\":\"de\",\"@id\":\"https:\/\/www.ewigerbund.org\/volksschule\/#\/schema\/logo\/image\/\",\"url\":\"https:\/\/www.ewigerbund.org\/volksschule\/wp-content\/uploads\/sites\/40\/2022\/12\/2022-09-20-Logo-EB_Schutzzone_V4_Transparent.png\",\"contentUrl\":\"https:\/\/www.ewigerbund.org\/volksschule\/wp-content\/uploads\/sites\/40\/2022\/12\/2022-09-20-Logo-EB_Schutzzone_V4_Transparent.png\",\"width\":2000,\"height\":1982,\"caption\":\"Volksschule.\"},\"image\":{\"@id\":\"https:\/\/www.ewigerbund.org\/volksschule\/#\/schema\/logo\/image\/\"}}]}<\/script>\n<!-- \/ Yoast SEO plugin. -->","yoast_head_json":{"title":"Bedienungshilfe Lernlektionen. | Bildung im ewigen Bund.","robots":{"index":"index","follow":"follow","max-snippet":"max-snippet:-1","max-image-preview":"max-image-preview:large","max-video-preview":"max-video-preview:-1"},"canonical":"https:\/\/www.ewigerbund.org\/volksschule\/bedienungshilfe\/","og_locale":"de_DE","og_type":"article","og_title":"Bedienungshilfe Lernlektionen. | Bildung im ewigen Bund.","og_description":"Erkl\u00e4rvideo zu den interaktiven Lektionen. Um deinen Weg durch die Lernlektionen zug\u00e4nglicher zu gestalten, haben wir f\u00fcr dich die interaktiven Kurse vorbereitet. Die Funktionen sind in allen Kursen einheitlich gestaltet. Alle Lektionen innerhalb eines Kurses bauen aufeinander auf. Wir empfehlen dir deshalb, die Lektionen der Reihe nach zu durchlaufen, um ein durchg\u00e4ngiges Verst\u00e4ndnis zu entwickeln. [&hellip;]","og_url":"https:\/\/www.ewigerbund.org\/volksschule\/bedienungshilfe\/","og_site_name":"Volksschule","article_modified_time":"2024-01-14T07:58:21+00:00","og_image":[{"url":"https:\/\/www.ewigerbund.org\/volksschule\/wp-content\/uploads\/sites\/40\/2023\/12\/2023-12-10_19-04.png"}],"twitter_card":"summary_large_image","twitter_misc":{"Gesch\u00e4tzte Lesezeit":"4\u00a0Minuten"},"schema":{"@context":"https:\/\/schema.org","@graph":[{"@type":"WebPage","@id":"https:\/\/www.ewigerbund.org\/volksschule\/bedienungshilfe\/","url":"https:\/\/www.ewigerbund.org\/volksschule\/bedienungshilfe\/","name":"Bedienungshilfe Lernlektionen. | Bildung im ewigen Bund.","isPartOf":{"@id":"https:\/\/www.ewigerbund.org\/volksschule\/#website"},"primaryImageOfPage":{"@id":"https:\/\/www.ewigerbund.org\/volksschule\/bedienungshilfe\/#primaryimage"},"image":{"@id":"https:\/\/www.ewigerbund.org\/volksschule\/bedienungshilfe\/#primaryimage"},"thumbnailUrl":"https:\/\/www.ewigerbund.org\/volksschule\/wp-content\/uploads\/sites\/40\/2023\/12\/2023-12-10_19-04.png","datePublished":"2023-12-08T22:52:32+00:00","dateModified":"2024-01-14T07:58:21+00:00","breadcrumb":{"@id":"https:\/\/www.ewigerbund.org\/volksschule\/bedienungshilfe\/#breadcrumb"},"inLanguage":"de","potentialAction":[{"@type":"ReadAction","target":["https:\/\/www.ewigerbund.org\/volksschule\/bedienungshilfe\/"]}]},{"@type":"ImageObject","inLanguage":"de","@id":"https:\/\/www.ewigerbund.org\/volksschule\/bedienungshilfe\/#primaryimage","url":"https:\/\/www.ewigerbund.org\/volksschule\/wp-content\/uploads\/sites\/40\/2023\/12\/2023-12-10_19-04.png","contentUrl":"https:\/\/www.ewigerbund.org\/volksschule\/wp-content\/uploads\/sites\/40\/2023\/12\/2023-12-10_19-04.png","width":721,"height":307,"caption":"Vollbild ein."},{"@type":"BreadcrumbList","@id":"https:\/\/www.ewigerbund.org\/volksschule\/bedienungshilfe\/#breadcrumb","itemListElement":[{"@type":"ListItem","position":1,"name":"Startseite","item":"https:\/\/www.ewigerbund.org\/volksschule\/"},{"@type":"ListItem","position":2,"name":"Bedienungshilfe Lernlektionen."}]},{"@type":"WebSite","@id":"https:\/\/www.ewigerbund.org\/volksschule\/#website","url":"https:\/\/www.ewigerbund.org\/volksschule\/","name":"Volksschule.","description":"Verfassungsb\u00fcndnis der deutschen Einzelstaaten.","publisher":{"@id":"https:\/\/www.ewigerbund.org\/volksschule\/#organization"},"alternateName":"Bildung im ewigen Bund.","potentialAction":[{"@type":"SearchAction","target":{"@type":"EntryPoint","urlTemplate":"https:\/\/www.ewigerbund.org\/volksschule\/?s={search_term_string}"},"query-input":"required name=search_term_string"}],"inLanguage":"de"},{"@type":"Organization","@id":"https:\/\/www.ewigerbund.org\/volksschule\/#organization","name":"Volksschule.","url":"https:\/\/www.ewigerbund.org\/volksschule\/","logo":{"@type":"ImageObject","inLanguage":"de","@id":"https:\/\/www.ewigerbund.org\/volksschule\/#\/schema\/logo\/image\/","url":"https:\/\/www.ewigerbund.org\/volksschule\/wp-content\/uploads\/sites\/40\/2022\/12\/2022-09-20-Logo-EB_Schutzzone_V4_Transparent.png","contentUrl":"https:\/\/www.ewigerbund.org\/volksschule\/wp-content\/uploads\/sites\/40\/2022\/12\/2022-09-20-Logo-EB_Schutzzone_V4_Transparent.png","width":2000,"height":1982,"caption":"Volksschule."},"image":{"@id":"https:\/\/www.ewigerbund.org\/volksschule\/#\/schema\/logo\/image\/"}}]}},"_links":{"self":[{"href":"https:\/\/www.ewigerbund.org\/volksschule\/wp-json\/wp\/v2\/pages\/2830","targetHints":{"allow":["GET"]}}],"collection":[{"href":"https:\/\/www.ewigerbund.org\/volksschule\/wp-json\/wp\/v2\/pages"}],"about":[{"href":"https:\/\/www.ewigerbund.org\/volksschule\/wp-json\/wp\/v2\/types\/page"}],"author":[{"embeddable":true,"href":"https:\/\/www.ewigerbund.org\/volksschule\/wp-json\/wp\/v2\/users\/8"}],"replies":[{"embeddable":true,"href":"https:\/\/www.ewigerbund.org\/volksschule\/wp-json\/wp\/v2\/comments?post=2830"}],"version-history":[{"count":52,"href":"https:\/\/www.ewigerbund.org\/volksschule\/wp-json\/wp\/v2\/pages\/2830\/revisions"}],"predecessor-version":[{"id":3265,"href":"https:\/\/www.ewigerbund.org\/volksschule\/wp-json\/wp\/v2\/pages\/2830\/revisions\/3265"}],"wp:attachment":[{"href":"https:\/\/www.ewigerbund.org\/volksschule\/wp-json\/wp\/v2\/media?parent=2830"}],"wp:term":[{"taxonomy":"category","embeddable":true,"href":"https:\/\/www.ewigerbund.org\/volksschule\/wp-json\/wp\/v2\/categories?post=2830"},{"taxonomy":"post_tag","embeddable":true,"href":"https:\/\/www.ewigerbund.org\/volksschule\/wp-json\/wp\/v2\/tags?post=2830"}],"curies":[{"name":"wp","href":"https:\/\/api.w.org\/{rel}","templated":true}]}}