{"id":27,"date":"2022-12-16T12:46:35","date_gmt":"2022-12-16T11:46:35","guid":{"rendered":"https:\/\/www.ewigerbund.org\/volksschule\/?page_id=27"},"modified":"2026-03-01T13:17:33","modified_gmt":"2026-03-01T12:17:33","slug":"volksschule","status":"publish","type":"page","link":"https:\/\/www.ewigerbund.org\/volksschule\/","title":{"rendered":"Volksschule"},"content":{"rendered":"<div class=\"gb-container gb-container-18a0989f\"><div class=\"gb-inside-container\">\n\n<div class=\"wp-block-columns is-layout-flex wp-container-core-columns-is-layout-1 wp-block-columns-is-layout-flex\">\n<div class=\"wp-block-column is-vertically-aligned-center is-layout-flow wp-block-column-is-layout-flow\" style=\"flex-basis:66.66%\"><div class=\"wp-block-image is-resized\">\n<figure class=\"aligncenter size-large\"><img decoding=\"async\" src=\"https:\/\/www.ewigerbund.org\/verfassungsrecht\/wp-content\/uploads\/sites\/10\/2023\/01\/Zitat-1.png\" alt=\"\" style=\"object-fit:cover;width:50px;height:50px\"\/><\/figure><\/div>\n\n\n<p class=\"gb-headline gb-headline-4af6fff0 gb-headline-text cat-box-titel-h3 has-20-font-size\"><em>Gegen theoretische Spekulationen mu\u00df man auf der Hut sein, <\/em><br><em>sie halten die Feuerprobe der Erfahrung nicht aus.<\/em><\/p>\n\n\n\n<p class=\"has-text-align-center has-small-font-size\">Friedrich II., genannt der Gro\u00dfe, K\u00f6nig von Preu\u00dfen.<\/p>\n<\/div>\n\n\n\n<div class=\"wp-block-column is-vertically-aligned-center is-layout-flow wp-block-column-is-layout-flow\" style=\"flex-basis:33.33%\"><div class=\"wp-block-image is-resized\">\n<figure class=\"aligncenter size-large\"><img decoding=\"async\" src=\"https:\/\/www.ewigerbund.org\/eb\/wp-content\/uploads\/sites\/42\/2023\/01\/Portrait-AlterFritz-sw-500x500px-300x300.png\" alt=\"Friedrich II., genannt der Gro\u00dfe\"\/><\/figure><\/div><\/div>\n<\/div>\n\n<\/div><\/div>\n\n<div class=\"gb-container gb-container-38d7b835\"><div class=\"gb-inside-container\">\n\n<div class=\"wp-block-columns is-layout-flex wp-container-core-columns-is-layout-2 wp-block-columns-is-layout-flex\">\n<div class=\"wp-block-column cat-box-border is-layout-flow wp-block-column-is-layout-flow\">\n<figure class=\"wp-block-image size-full\"><a href=\"https:\/\/www.ewigerbund.org\/volksschule\/fraktur-lesen-lernen\/\"><img loading=\"lazy\" decoding=\"async\" width=\"750\" height=\"350\" src=\"https:\/\/www.ewigerbund.org\/volksschule\/wp-content\/uploads\/sites\/40\/2023\/03\/EB-Volksschule-LesenSchreiben-FrakturLesenLernen_v.jpg\" alt=\"Fraktur wieder lesen lernen.\" class=\"wp-image-2600\" srcset=\"https:\/\/www.ewigerbund.org\/volksschule\/wp-content\/uploads\/sites\/40\/2023\/03\/EB-Volksschule-LesenSchreiben-FrakturLesenLernen_v.jpg 750w, https:\/\/www.ewigerbund.org\/volksschule\/wp-content\/uploads\/sites\/40\/2023\/03\/EB-Volksschule-LesenSchreiben-FrakturLesenLernen_v-300x140.jpg 300w\" sizes=\"auto, (max-width: 750px) 100vw, 750px\" \/><\/a><\/figure>\n\n\n\n<p class=\"cat-box-titel\">Die Lese\u00fcbungen.<\/p>\n\n\n\n<p>Frakturschrift lesen lernen oder Vorlesen lassen und dabei lernen.<\/p>\n\n\n\n<p><a href=\"https:\/\/www.ewigerbund.org\/volksschule\/fraktur-lesen-lernen\/\">Lerne einfach mit! \u2192<\/a><\/p>\n<\/div>\n\n\n\n<div class=\"wp-block-column cat-box-border is-layout-flow wp-block-column-is-layout-flow\">\n<figure class=\"wp-block-image size-full\"><a href=\"https:\/\/www.ewigerbund.org\/volksschule\/orientierungsstufen\/\"><img loading=\"lazy\" decoding=\"async\" width=\"750\" height=\"350\" src=\"https:\/\/www.ewigerbund.org\/volksschule\/wp-content\/uploads\/sites\/40\/2023\/08\/EB-Volksschule-OS_v.jpg\" alt=\"Orientierungsstufen vom ewigen Bund.\" class=\"wp-image-2781\" srcset=\"https:\/\/www.ewigerbund.org\/volksschule\/wp-content\/uploads\/sites\/40\/2023\/08\/EB-Volksschule-OS_v.jpg 750w, https:\/\/www.ewigerbund.org\/volksschule\/wp-content\/uploads\/sites\/40\/2023\/08\/EB-Volksschule-OS_v-300x140.jpg 300w\" sizes=\"auto, (max-width: 750px) 100vw, 750px\" \/><\/a><\/figure>\n\n\n\n<p class=\"cat-box-titel\">Die Orientierungsstufen.<\/p>\n\n\n\n<p>Mit den Orientierungsstufen wird Dir die T\u00fcr zur Wahrheit ge\u00f6ffnet.<\/p>\n\n\n\n<p><a href=\"https:\/\/www.ewigerbund.org\/volksschule\/orientierungsstufen\/\">Wir informieren Dich! \u2192<\/a><\/p>\n<\/div>\n<\/div>\n\n\n\n<div class=\"wp-block-columns is-layout-flex wp-container-core-columns-is-layout-3 wp-block-columns-is-layout-flex\">\n<div class=\"wp-block-column cat-box-border is-layout-flow wp-block-column-is-layout-flow\">\n<figure class=\"wp-block-image size-full\"><a href=\"https:\/\/www.ewigerbund.org\/volksschule\/geschichtsunterricht\/\"><img loading=\"lazy\" decoding=\"async\" width=\"750\" height=\"350\" src=\"https:\/\/www.ewigerbund.org\/volksschule\/wp-content\/uploads\/sites\/40\/2023\/12\/EB-Volksschule-Geschichtskurs_v.jpg\" alt=\"\" class=\"wp-image-3114\" srcset=\"https:\/\/www.ewigerbund.org\/volksschule\/wp-content\/uploads\/sites\/40\/2023\/12\/EB-Volksschule-Geschichtskurs_v.jpg 750w, https:\/\/www.ewigerbund.org\/volksschule\/wp-content\/uploads\/sites\/40\/2023\/12\/EB-Volksschule-Geschichtskurs_v-300x140.jpg 300w\" sizes=\"auto, (max-width: 750px) 100vw, 750px\" \/><\/a><\/figure>\n\n\n\n<p class=\"cat-box-titel\">Der Geschichtsunterricht.<\/p>\n\n\n\n<p>Hier gibt es Grundwissen in Geschichte f\u00fcr jeden aufrichtigen Deutschen.<\/p>\n\n\n\n<p><a href=\"https:\/\/www.ewigerbund.org\/volksschule\/geschichtsunterricht\/\">Pr\u00fcfe Dein Wissen! \u2192<\/a><\/p>\n<\/div>\n\n\n\n<div class=\"wp-block-column cat-box-border is-layout-flow wp-block-column-is-layout-flow\">\n<figure class=\"wp-block-image size-full\"><a href=\"https:\/\/www.ewigerbund.org\/volksschule\/staatskunde\/\"><img loading=\"lazy\" decoding=\"async\" width=\"750\" height=\"350\" src=\"https:\/\/www.ewigerbund.org\/volksschule\/wp-content\/uploads\/sites\/40\/2024\/02\/EB-Volksschule-Staatskundekurs_v.jpg\" alt=\"Moderne Staatkunde - Der Onlinekurs.\" class=\"wp-image-3330\" srcset=\"https:\/\/www.ewigerbund.org\/volksschule\/wp-content\/uploads\/sites\/40\/2024\/02\/EB-Volksschule-Staatskundekurs_v.jpg 750w, https:\/\/www.ewigerbund.org\/volksschule\/wp-content\/uploads\/sites\/40\/2024\/02\/EB-Volksschule-Staatskundekurs_v-300x140.jpg 300w\" sizes=\"auto, (max-width: 750px) 100vw, 750px\" \/><\/a><\/figure>\n\n\n\n<p class=\"cat-box-titel\">Die Staatskunde.<\/p>\n\n\n\n<p>Das Moderne Lehrbuch der Staatskunde kompakt in einem Onlinekurs.<\/p>\n\n\n\n<p><a href=\"https:\/\/www.ewigerbund.org\/volksschule\/staatskunde\/\">Tauche ins Staatswesen ein! \u2192<\/a><\/p>\n<\/div>\n<\/div>\n\n<\/div><\/div>","protected":false},"excerpt":{"rendered":"<p>Gegen theoretische Spekulationen mu\u00df man auf der Hut sein, sie halten die Feuerprobe der Erfahrung nicht aus. Friedrich II., genannt der Gro\u00dfe, K\u00f6nig von Preu\u00dfen. Die Lese\u00fcbungen. Frakturschrift lesen lernen oder Vorlesen lassen und dabei lernen. Lerne einfach mit! \u2192 Die Orientierungsstufen. Mit den Orientierungsstufen wird Dir die T\u00fcr zur Wahrheit ge\u00f6ffnet. Wir informieren Dich! [&hellip;]<\/p>\n","protected":false},"author":8,"featured_media":3562,"parent":0,"menu_order":0,"comment_status":"closed","ping_status":"closed","template":"","meta":{"footnotes":""},"categories":[7],"tags":[],"class_list":["post-27","page","type-page","status-publish","has-post-thumbnail","hentry","category-volksschule"],"yoast_head":"<!-- This site is optimized with the Yoast SEO plugin v23.1 - https:\/\/yoast.com\/wordpress\/plugins\/seo\/ -->\n<title>Volksschule | Bildung im ewigen Bund.<\/title>\n<meta name=\"description\" content=\"Frakturschrift lesen lernen oder Vorlesen lassen und dabei lernen. Mit den Orientierungsstufen wird Dir die T\u00fcr zur Wahrheit ge\u00f6ffnet.\" \/>\n<meta name=\"robots\" content=\"index, follow, max-snippet:-1, max-image-preview:large, max-video-preview:-1\" \/>\n<link rel=\"canonical\" href=\"https:\/\/www.ewigerbund.org\/volksschule\/\" \/>\n<meta property=\"og:locale\" content=\"de_DE\" \/>\n<meta property=\"og:type\" content=\"article\" \/>\n<meta property=\"og:title\" content=\"Volksschule\" \/>\n<meta property=\"og:description\" content=\"Frakturschrift lesen lernen oder Vorlesen lassen und dabei lernen. Mit den Orientierungsstufen wird Dir die T\u00fcr zur Wahrheit ge\u00f6ffnet.\" \/>\n<meta property=\"og:url\" content=\"https:\/\/www.ewigerbund.org\/volksschule\/\" \/>\n<meta property=\"og:site_name\" content=\"Volksschule\" \/>\n<meta property=\"article:modified_time\" content=\"2026-03-01T12:17:33+00:00\" \/>\n<meta property=\"og:image\" content=\"https:\/\/www.ewigerbund.org\/volksschule\/wp-content\/uploads\/sites\/40\/2026\/03\/Kat-Volksschule_v.jpg\" \/>\n\t<meta property=\"og:image:width\" content=\"750\" \/>\n\t<meta property=\"og:image:height\" content=\"350\" \/>\n\t<meta property=\"og:image:type\" content=\"image\/jpeg\" \/>\n<meta name=\"twitter:card\" content=\"summary_large_image\" \/>\n<meta name=\"twitter:title\" content=\"Volksschule\" \/>\n<meta name=\"twitter:description\" content=\"Frakturschrift lesen lernen oder Vorlesen lassen und dabei lernen. Mit den Orientierungsstufen wird Dir die T\u00fcr zur Wahrheit ge\u00f6ffnet.\" \/>\n<meta name=\"twitter:label1\" content=\"Gesch\u00e4tzte Lesezeit\" \/>\n\t<meta name=\"twitter:data1\" content=\"2\u00a0Minuten\" \/>\n<script type=\"application\/ld+json\" class=\"yoast-schema-graph\">{\"@context\":\"https:\/\/schema.org\",\"@graph\":[{\"@type\":\"WebPage\",\"@id\":\"https:\/\/www.ewigerbund.org\/volksschule\/\",\"url\":\"https:\/\/www.ewigerbund.org\/volksschule\/\",\"name\":\"Volksschule | Bildung im ewigen Bund.\",\"isPartOf\":{\"@id\":\"https:\/\/www.ewigerbund.org\/volksschule\/#website\"},\"primaryImageOfPage\":{\"@id\":\"https:\/\/www.ewigerbund.org\/volksschule\/#primaryimage\"},\"image\":{\"@id\":\"https:\/\/www.ewigerbund.org\/volksschule\/#primaryimage\"},\"thumbnailUrl\":\"https:\/\/www.ewigerbund.org\/volksschule\/wp-content\/uploads\/sites\/40\/2026\/03\/Kat-Volksschule.jpg\",\"datePublished\":\"2022-12-16T11:46:35+00:00\",\"dateModified\":\"2026-03-01T12:17:33+00:00\",\"description\":\"Frakturschrift lesen lernen oder Vorlesen lassen und dabei lernen. Mit den Orientierungsstufen wird Dir die T\u00fcr zur Wahrheit ge\u00f6ffnet.\",\"breadcrumb\":{\"@id\":\"https:\/\/www.ewigerbund.org\/volksschule\/#breadcrumb\"},\"inLanguage\":\"de\",\"potentialAction\":[{\"@type\":\"ReadAction\",\"target\":[\"https:\/\/www.ewigerbund.org\/volksschule\/\"]}]},{\"@type\":\"ImageObject\",\"inLanguage\":\"de\",\"@id\":\"https:\/\/www.ewigerbund.org\/volksschule\/#primaryimage\",\"url\":\"https:\/\/www.ewigerbund.org\/volksschule\/wp-content\/uploads\/sites\/40\/2026\/03\/Kat-Volksschule.jpg\",\"contentUrl\":\"https:\/\/www.ewigerbund.org\/volksschule\/wp-content\/uploads\/sites\/40\/2026\/03\/Kat-Volksschule.jpg\",\"width\":1748,\"height\":994,\"caption\":\"Friedrich-Wilhelm-Universit\u00e4t\"},{\"@type\":\"BreadcrumbList\",\"@id\":\"https:\/\/www.ewigerbund.org\/volksschule\/#breadcrumb\",\"itemListElement\":[{\"@type\":\"ListItem\",\"position\":1,\"name\":\"Startseite\",\"item\":\"https:\/\/www.ewigerbund.org\/volksschule\/\"},{\"@type\":\"ListItem\",\"position\":2,\"name\":\"Volksschule\"}]},{\"@type\":\"WebSite\",\"@id\":\"https:\/\/www.ewigerbund.org\/volksschule\/#website\",\"url\":\"https:\/\/www.ewigerbund.org\/volksschule\/\",\"name\":\"Volksschule.\",\"description\":\"Verfassungsb\u00fcndnis der deutschen Einzelstaaten.\",\"publisher\":{\"@id\":\"https:\/\/www.ewigerbund.org\/volksschule\/#organization\"},\"alternateName\":\"Bildung im ewigen Bund.\",\"potentialAction\":[{\"@type\":\"SearchAction\",\"target\":{\"@type\":\"EntryPoint\",\"urlTemplate\":\"https:\/\/www.ewigerbund.org\/volksschule\/?s={search_term_string}\"},\"query-input\":\"required name=search_term_string\"}],\"inLanguage\":\"de\"},{\"@type\":\"Organization\",\"@id\":\"https:\/\/www.ewigerbund.org\/volksschule\/#organization\",\"name\":\"Volksschule.\",\"url\":\"https:\/\/www.ewigerbund.org\/volksschule\/\",\"logo\":{\"@type\":\"ImageObject\",\"inLanguage\":\"de\",\"@id\":\"https:\/\/www.ewigerbund.org\/volksschule\/#\/schema\/logo\/image\/\",\"url\":\"https:\/\/www.ewigerbund.org\/volksschule\/wp-content\/uploads\/sites\/40\/2022\/12\/2022-09-20-Logo-EB_Schutzzone_V4_Transparent.png\",\"contentUrl\":\"https:\/\/www.ewigerbund.org\/volksschule\/wp-content\/uploads\/sites\/40\/2022\/12\/2022-09-20-Logo-EB_Schutzzone_V4_Transparent.png\",\"width\":2000,\"height\":1982,\"caption\":\"Volksschule.\"},\"image\":{\"@id\":\"https:\/\/www.ewigerbund.org\/volksschule\/#\/schema\/logo\/image\/\"}}]}<\/script>\n<!-- \/ Yoast SEO plugin. -->","yoast_head_json":{"title":"Volksschule | Bildung im ewigen Bund.","description":"Frakturschrift lesen lernen oder Vorlesen lassen und dabei lernen. Mit den Orientierungsstufen wird Dir die T\u00fcr zur Wahrheit ge\u00f6ffnet.","robots":{"index":"index","follow":"follow","max-snippet":"max-snippet:-1","max-image-preview":"max-image-preview:large","max-video-preview":"max-video-preview:-1"},"canonical":"https:\/\/www.ewigerbund.org\/volksschule\/","og_locale":"de_DE","og_type":"article","og_title":"Volksschule","og_description":"Frakturschrift lesen lernen oder Vorlesen lassen und dabei lernen. Mit den Orientierungsstufen wird Dir die T\u00fcr zur Wahrheit ge\u00f6ffnet.","og_url":"https:\/\/www.ewigerbund.org\/volksschule\/","og_site_name":"Volksschule","article_modified_time":"2026-03-01T12:17:33+00:00","og_image":[{"width":750,"height":350,"url":"https:\/\/www.ewigerbund.org\/volksschule\/wp-content\/uploads\/sites\/40\/2026\/03\/Kat-Volksschule_v.jpg","type":"image\/jpeg"}],"twitter_card":"summary_large_image","twitter_title":"Volksschule","twitter_description":"Frakturschrift lesen lernen oder Vorlesen lassen und dabei lernen. Mit den Orientierungsstufen wird Dir die T\u00fcr zur Wahrheit ge\u00f6ffnet.","twitter_misc":{"Gesch\u00e4tzte Lesezeit":"2\u00a0Minuten"},"schema":{"@context":"https:\/\/schema.org","@graph":[{"@type":"WebPage","@id":"https:\/\/www.ewigerbund.org\/volksschule\/","url":"https:\/\/www.ewigerbund.org\/volksschule\/","name":"Volksschule | Bildung im ewigen Bund.","isPartOf":{"@id":"https:\/\/www.ewigerbund.org\/volksschule\/#website"},"primaryImageOfPage":{"@id":"https:\/\/www.ewigerbund.org\/volksschule\/#primaryimage"},"image":{"@id":"https:\/\/www.ewigerbund.org\/volksschule\/#primaryimage"},"thumbnailUrl":"https:\/\/www.ewigerbund.org\/volksschule\/wp-content\/uploads\/sites\/40\/2026\/03\/Kat-Volksschule.jpg","datePublished":"2022-12-16T11:46:35+00:00","dateModified":"2026-03-01T12:17:33+00:00","description":"Frakturschrift lesen lernen oder Vorlesen lassen und dabei lernen. Mit den Orientierungsstufen wird Dir die T\u00fcr zur Wahrheit ge\u00f6ffnet.","breadcrumb":{"@id":"https:\/\/www.ewigerbund.org\/volksschule\/#breadcrumb"},"inLanguage":"de","potentialAction":[{"@type":"ReadAction","target":["https:\/\/www.ewigerbund.org\/volksschule\/"]}]},{"@type":"ImageObject","inLanguage":"de","@id":"https:\/\/www.ewigerbund.org\/volksschule\/#primaryimage","url":"https:\/\/www.ewigerbund.org\/volksschule\/wp-content\/uploads\/sites\/40\/2026\/03\/Kat-Volksschule.jpg","contentUrl":"https:\/\/www.ewigerbund.org\/volksschule\/wp-content\/uploads\/sites\/40\/2026\/03\/Kat-Volksschule.jpg","width":1748,"height":994,"caption":"Friedrich-Wilhelm-Universit\u00e4t"},{"@type":"BreadcrumbList","@id":"https:\/\/www.ewigerbund.org\/volksschule\/#breadcrumb","itemListElement":[{"@type":"ListItem","position":1,"name":"Startseite","item":"https:\/\/www.ewigerbund.org\/volksschule\/"},{"@type":"ListItem","position":2,"name":"Volksschule"}]},{"@type":"WebSite","@id":"https:\/\/www.ewigerbund.org\/volksschule\/#website","url":"https:\/\/www.ewigerbund.org\/volksschule\/","name":"Volksschule.","description":"Verfassungsb\u00fcndnis der deutschen Einzelstaaten.","publisher":{"@id":"https:\/\/www.ewigerbund.org\/volksschule\/#organization"},"alternateName":"Bildung im ewigen Bund.","potentialAction":[{"@type":"SearchAction","target":{"@type":"EntryPoint","urlTemplate":"https:\/\/www.ewigerbund.org\/volksschule\/?s={search_term_string}"},"query-input":"required name=search_term_string"}],"inLanguage":"de"},{"@type":"Organization","@id":"https:\/\/www.ewigerbund.org\/volksschule\/#organization","name":"Volksschule.","url":"https:\/\/www.ewigerbund.org\/volksschule\/","logo":{"@type":"ImageObject","inLanguage":"de","@id":"https:\/\/www.ewigerbund.org\/volksschule\/#\/schema\/logo\/image\/","url":"https:\/\/www.ewigerbund.org\/volksschule\/wp-content\/uploads\/sites\/40\/2022\/12\/2022-09-20-Logo-EB_Schutzzone_V4_Transparent.png","contentUrl":"https:\/\/www.ewigerbund.org\/volksschule\/wp-content\/uploads\/sites\/40\/2022\/12\/2022-09-20-Logo-EB_Schutzzone_V4_Transparent.png","width":2000,"height":1982,"caption":"Volksschule."},"image":{"@id":"https:\/\/www.ewigerbund.org\/volksschule\/#\/schema\/logo\/image\/"}}]}},"_links":{"self":[{"href":"https:\/\/www.ewigerbund.org\/volksschule\/wp-json\/wp\/v2\/pages\/27","targetHints":{"allow":["GET"]}}],"collection":[{"href":"https:\/\/www.ewigerbund.org\/volksschule\/wp-json\/wp\/v2\/pages"}],"about":[{"href":"https:\/\/www.ewigerbund.org\/volksschule\/wp-json\/wp\/v2\/types\/page"}],"author":[{"embeddable":true,"href":"https:\/\/www.ewigerbund.org\/volksschule\/wp-json\/wp\/v2\/users\/8"}],"replies":[{"embeddable":true,"href":"https:\/\/www.ewigerbund.org\/volksschule\/wp-json\/wp\/v2\/comments?post=27"}],"version-history":[{"count":46,"href":"https:\/\/www.ewigerbund.org\/volksschule\/wp-json\/wp\/v2\/pages\/27\/revisions"}],"predecessor-version":[{"id":3533,"href":"https:\/\/www.ewigerbund.org\/volksschule\/wp-json\/wp\/v2\/pages\/27\/revisions\/3533"}],"wp:featuredmedia":[{"embeddable":true,"href":"https:\/\/www.ewigerbund.org\/volksschule\/wp-json\/wp\/v2\/media\/3562"}],"wp:attachment":[{"href":"https:\/\/www.ewigerbund.org\/volksschule\/wp-json\/wp\/v2\/media?parent=27"}],"wp:term":[{"taxonomy":"category","embeddable":true,"href":"https:\/\/www.ewigerbund.org\/volksschule\/wp-json\/wp\/v2\/categories?post=27"},{"taxonomy":"post_tag","embeddable":true,"href":"https:\/\/www.ewigerbund.org\/volksschule\/wp-json\/wp\/v2\/tags?post=27"}],"curies":[{"name":"wp","href":"https:\/\/api.w.org\/{rel}","templated":true}]}}