{"id":1476,"date":"2023-01-04T09:22:06","date_gmt":"2023-01-04T08:22:06","guid":{"rendered":"https:\/\/www.ewigerbund.org\/verfassungsrecht\/?page_id=1476"},"modified":"2023-01-05T11:30:38","modified_gmt":"2023-01-05T10:30:38","slug":"literatur","status":"publish","type":"page","link":"https:\/\/www.ewigerbund.org\/verfassungsrecht\/kriegszustand\/wichtigste-kriegsgesetze\/vaterlaendischer-hilfsdienst\/literatur\/","title":{"rendered":"Literatur."},"content":{"rendered":"\n<p><strong>Der Vaterl\u00e4ndische Hilfsdienst &#8211; Teil 1<\/strong> <a href=\"https:\/\/staatsbibliothek.ewigerbund.org\/viewer\/image\/wille_vhd_1_teil\/1\/LOG_0003\/\" target=\"_blank\" rel=\"noreferrer noopener\">[In der Staatsbibliothek anschauen]<\/a><br>F\u00fcr den praktischen Gebrauch mit den Gesetzestexten, Musterformbl\u00e4ttern und einem Sachregister.<br>Dr. Siegfried Wille, 1916.<\/p>\n\n\n\n<p><strong>Der Vaterl\u00e4ndische Hilfsdienst &#8211; Teil 2<\/strong> <a href=\"https:\/\/staatsbibliothek.ewigerbund.org\/viewer\/image\/wille_vhd_2_teil\/1\/LOG_0003\/\" target=\"_blank\" rel=\"noreferrer noopener\">[In der Staatsbibliothek anschauen]<\/a><br>Vorschriften zur Ausf\u00fchrung und zum Vollzug des Gesetzes \u00fcber den vaterl\u00e4ndischen Hilfsdienst vom 5. Dezember 1916.<br>Dr. Siegfried Wille, 1917.<\/p>\n\n\n\n<p><strong>Das Hilfsdienstgesetz.<\/strong> <a href=\"https:\/\/bibliothek.ewigerbund.org\/?rcno_review=das-hilfsdienstgesetz-von-johannes-junck-1917\" target=\"_blank\" rel=\"noreferrer noopener\">[In der Staatsbibliothek anschauen]<\/a><br>Juristische und sozialpolitische Betrachtungen.<br>Dr. Johannes Junck, 1917.<\/p>\n\n\n\n<p><strong>Der Deutsche Krieg &#8211; 86.Heft &#8211; Vaterl\u00e4ndischer Hilfsdienst<\/strong>. <a href=\"https:\/\/bibliothek.ewigerbund.org\/?rcno_review=der-deutsche-krieg-26-heft-vaterlaendischer-hilfsdienst-1916\" target=\"_blank\" rel=\"noreferrer noopener\">[In der Staatsbibliothek anschauen]<\/a><br>Reden zur Vorlage des Gesetzes im Reichstag.<br>Ernst J\u00e4ckh, 1916.<\/p>\n\n\n\n<p><strong>Gesetz \u00fcber den vaterl\u00e4ndischen Hilfsdienst.<\/strong> <a href=\"https:\/\/bibliothek.ewigerbund.org\/?rcno_review=gesetz-ueber-den-vaterlaendischen-hilfsdienst-mit-erlaeuterungen-fuer-jedermann\" target=\"_blank\" rel=\"noreferrer noopener\">[In der Staatsbibliothek anschauen]<\/a><br>Mit Erl\u00e4uterungen f\u00fcr jedermann.<br>Schoenlank Bernhard Justizrat, 1916.<br><\/p>\n\n\n\n<figure class=\"wp-block-image alignnone size-full wp-image-42\"><img loading=\"lazy\" decoding=\"async\" width=\"1024\" height=\"768\" src=\"https:\/\/www.ewigerbund.org\/verfassungsrecht\/wp-content\/uploads\/sites\/10\/2023\/01\/vhd-waffengebrauch-polizeivollstreckungsbeamte.jpg\" alt=\"\" class=\"wp-image-1478\" srcset=\"https:\/\/www.ewigerbund.org\/verfassungsrecht\/wp-content\/uploads\/sites\/10\/2023\/01\/vhd-waffengebrauch-polizeivollstreckungsbeamte.jpg 1024w, https:\/\/www.ewigerbund.org\/verfassungsrecht\/wp-content\/uploads\/sites\/10\/2023\/01\/vhd-waffengebrauch-polizeivollstreckungsbeamte-300x225.jpg 300w, https:\/\/www.ewigerbund.org\/verfassungsrecht\/wp-content\/uploads\/sites\/10\/2023\/01\/vhd-waffengebrauch-polizeivollstreckungsbeamte-768x576.jpg 768w\" sizes=\"auto, (max-width: 1024px) 100vw, 1024px\" \/><figcaption class=\"wp-element-caption\">General von Falk ernennt im Hilfsdienst t\u00e4tige Personen zu Polizeivollstreckungsbeamten.<\/figcaption><\/figure>\n","protected":false},"excerpt":{"rendered":"<p>Der Vaterl\u00e4ndische Hilfsdienst &#8211; Teil 1 [In der Staatsbibliothek anschauen]F\u00fcr den praktischen Gebrauch mit den Gesetzestexten, Musterformbl\u00e4ttern und einem Sachregister.Dr. Siegfried Wille, 1916. Der Vaterl\u00e4ndische Hilfsdienst &#8211; Teil 2 [In der Staatsbibliothek anschauen]Vorschriften zur Ausf\u00fchrung und zum Vollzug des Gesetzes \u00fcber den vaterl\u00e4ndischen Hilfsdienst vom 5. Dezember 1916.Dr. Siegfried Wille, 1917. Das Hilfsdienstgesetz. [In der &#8230; <a title=\"Literatur.\" class=\"read-more\" href=\"https:\/\/www.ewigerbund.org\/verfassungsrecht\/kriegszustand\/wichtigste-kriegsgesetze\/vaterlaendischer-hilfsdienst\/literatur\/\" aria-label=\"Mehr zu Literatur.\">Weiterlesen &#8230;<\/a><\/p>\n","protected":false},"author":8,"featured_media":0,"parent":1455,"menu_order":0,"comment_status":"closed","ping_status":"closed","template":"template-6-beide-seitenleiste.php","meta":{"footnotes":""},"categories":[80],"tags":[],"class_list":["post-1476","page","type-page","status-publish","hentry","category-vaterlaendischer-hilfsdienst"],"yoast_head":"<!-- This site is optimized with the Yoast SEO plugin v23.1 - https:\/\/yoast.com\/wordpress\/plugins\/seo\/ -->\n<title>Verfassungsrecht im ewigen Bund. - Literatur.<\/title>\n<meta name=\"robots\" content=\"index, follow, max-snippet:-1, max-image-preview:large, max-video-preview:-1\" \/>\n<link rel=\"canonical\" href=\"https:\/\/www.ewigerbund.org\/verfassungsrecht\/kriegszustand\/wichtigste-kriegsgesetze\/vaterlaendischer-hilfsdienst\/literatur\/\" \/>\n<meta property=\"og:locale\" content=\"de_DE\" \/>\n<meta property=\"og:type\" content=\"article\" \/>\n<meta property=\"og:title\" content=\"Verfassungsrecht im ewigen Bund. - Literatur.\" \/>\n<meta property=\"og:description\" content=\"Der Vaterl\u00e4ndische Hilfsdienst &#8211; Teil 1 [In der Staatsbibliothek anschauen]F\u00fcr den praktischen Gebrauch mit den Gesetzestexten, Musterformbl\u00e4ttern und einem Sachregister.Dr. Siegfried Wille, 1916. Der Vaterl\u00e4ndische Hilfsdienst &#8211; Teil 2 [In der Staatsbibliothek anschauen]Vorschriften zur Ausf\u00fchrung und zum Vollzug des Gesetzes \u00fcber den vaterl\u00e4ndischen Hilfsdienst vom 5. Dezember 1916.Dr. Siegfried Wille, 1917. Das Hilfsdienstgesetz. [In der ... Weiterlesen ...\" \/>\n<meta property=\"og:url\" content=\"https:\/\/www.ewigerbund.org\/verfassungsrecht\/kriegszustand\/wichtigste-kriegsgesetze\/vaterlaendischer-hilfsdienst\/literatur\/\" \/>\n<meta property=\"og:site_name\" content=\"Verfassungsrecht\" \/>\n<meta property=\"article:modified_time\" content=\"2023-01-05T10:30:38+00:00\" \/>\n<meta property=\"og:image\" content=\"https:\/\/www.ewigerbund.org\/verfassungsrecht\/wp-content\/uploads\/sites\/10\/2023\/01\/vhd-waffengebrauch-polizeivollstreckungsbeamte.jpg\" \/>\n<meta name=\"twitter:card\" content=\"summary_large_image\" \/>\n<meta name=\"twitter:label1\" content=\"Gesch\u00e4tzte Lesezeit\" \/>\n\t<meta name=\"twitter:data1\" content=\"1\u00a0Minute\" \/>\n<script type=\"application\/ld+json\" class=\"yoast-schema-graph\">{\"@context\":\"https:\/\/schema.org\",\"@graph\":[{\"@type\":\"WebPage\",\"@id\":\"https:\/\/www.ewigerbund.org\/verfassungsrecht\/kriegszustand\/wichtigste-kriegsgesetze\/vaterlaendischer-hilfsdienst\/literatur\/\",\"url\":\"https:\/\/www.ewigerbund.org\/verfassungsrecht\/kriegszustand\/wichtigste-kriegsgesetze\/vaterlaendischer-hilfsdienst\/literatur\/\",\"name\":\"Verfassungsrecht im ewigen Bund. - Literatur.\",\"isPartOf\":{\"@id\":\"https:\/\/www.ewigerbund.org\/verfassungsrecht\/#website\"},\"primaryImageOfPage\":{\"@id\":\"https:\/\/www.ewigerbund.org\/verfassungsrecht\/kriegszustand\/wichtigste-kriegsgesetze\/vaterlaendischer-hilfsdienst\/literatur\/#primaryimage\"},\"image\":{\"@id\":\"https:\/\/www.ewigerbund.org\/verfassungsrecht\/kriegszustand\/wichtigste-kriegsgesetze\/vaterlaendischer-hilfsdienst\/literatur\/#primaryimage\"},\"thumbnailUrl\":\"https:\/\/www.ewigerbund.org\/verfassungsrecht\/wp-content\/uploads\/sites\/10\/2023\/01\/vhd-waffengebrauch-polizeivollstreckungsbeamte.jpg\",\"datePublished\":\"2023-01-04T08:22:06+00:00\",\"dateModified\":\"2023-01-05T10:30:38+00:00\",\"breadcrumb\":{\"@id\":\"https:\/\/www.ewigerbund.org\/verfassungsrecht\/kriegszustand\/wichtigste-kriegsgesetze\/vaterlaendischer-hilfsdienst\/literatur\/#breadcrumb\"},\"inLanguage\":\"de\",\"potentialAction\":[{\"@type\":\"ReadAction\",\"target\":[\"https:\/\/www.ewigerbund.org\/verfassungsrecht\/kriegszustand\/wichtigste-kriegsgesetze\/vaterlaendischer-hilfsdienst\/literatur\/\"]}]},{\"@type\":\"ImageObject\",\"inLanguage\":\"de\",\"@id\":\"https:\/\/www.ewigerbund.org\/verfassungsrecht\/kriegszustand\/wichtigste-kriegsgesetze\/vaterlaendischer-hilfsdienst\/literatur\/#primaryimage\",\"url\":\"https:\/\/www.ewigerbund.org\/verfassungsrecht\/wp-content\/uploads\/sites\/10\/2023\/01\/vhd-waffengebrauch-polizeivollstreckungsbeamte.jpg\",\"contentUrl\":\"https:\/\/www.ewigerbund.org\/verfassungsrecht\/wp-content\/uploads\/sites\/10\/2023\/01\/vhd-waffengebrauch-polizeivollstreckungsbeamte.jpg\",\"width\":1024,\"height\":768},{\"@type\":\"BreadcrumbList\",\"@id\":\"https:\/\/www.ewigerbund.org\/verfassungsrecht\/kriegszustand\/wichtigste-kriegsgesetze\/vaterlaendischer-hilfsdienst\/literatur\/#breadcrumb\",\"itemListElement\":[{\"@type\":\"ListItem\",\"position\":1,\"name\":\"Startseite\",\"item\":\"https:\/\/www.ewigerbund.org\/verfassungsrecht\/\"},{\"@type\":\"ListItem\",\"position\":2,\"name\":\"Kriegs- und Belagerungszustand.\",\"item\":\"https:\/\/www.ewigerbund.org\/verfassungsrecht\/kriegszustand\/\"},{\"@type\":\"ListItem\",\"position\":3,\"name\":\"Wichtigste Kriegsgesetze.\",\"item\":\"https:\/\/www.ewigerbund.org\/verfassungsrecht\/kriegszustand\/wichtigste-kriegsgesetze\/\"},{\"@type\":\"ListItem\",\"position\":4,\"name\":\"Vaterl\u00e4ndischer Hilfsdienst.\",\"item\":\"https:\/\/www.ewigerbund.org\/verfassungsrecht\/kriegszustand\/wichtigste-kriegsgesetze\/vaterlaendischer-hilfsdienst\/\"},{\"@type\":\"ListItem\",\"position\":5,\"name\":\"Literatur.\"}]},{\"@type\":\"WebSite\",\"@id\":\"https:\/\/www.ewigerbund.org\/verfassungsrecht\/#website\",\"url\":\"https:\/\/www.ewigerbund.org\/verfassungsrecht\/\",\"name\":\"Verfassungsrecht\",\"description\":\"Verfassungsb\u00fcndnis der deutschen Einzelstaaten.\",\"publisher\":{\"@id\":\"https:\/\/www.ewigerbund.org\/verfassungsrecht\/#organization\"},\"potentialAction\":[{\"@type\":\"SearchAction\",\"target\":{\"@type\":\"EntryPoint\",\"urlTemplate\":\"https:\/\/www.ewigerbund.org\/verfassungsrecht\/?s={search_term_string}\"},\"query-input\":\"required name=search_term_string\"}],\"inLanguage\":\"de\"},{\"@type\":\"Organization\",\"@id\":\"https:\/\/www.ewigerbund.org\/verfassungsrecht\/#organization\",\"name\":\"Verfassungsrecht\",\"url\":\"https:\/\/www.ewigerbund.org\/verfassungsrecht\/\",\"logo\":{\"@type\":\"ImageObject\",\"inLanguage\":\"de\",\"@id\":\"https:\/\/www.ewigerbund.org\/verfassungsrecht\/#\/schema\/logo\/image\/\",\"url\":\"https:\/\/www.ewigerbund.org\/verfassungsrecht\/wp-content\/uploads\/sites\/10\/2022\/11\/2022-09-20-Logo-EB_Schutzzone_V4_Transparent.png\",\"contentUrl\":\"https:\/\/www.ewigerbund.org\/verfassungsrecht\/wp-content\/uploads\/sites\/10\/2022\/11\/2022-09-20-Logo-EB_Schutzzone_V4_Transparent.png\",\"width\":2000,\"height\":1982,\"caption\":\"Verfassungsrecht\"},\"image\":{\"@id\":\"https:\/\/www.ewigerbund.org\/verfassungsrecht\/#\/schema\/logo\/image\/\"}}]}<\/script>\n<!-- \/ Yoast SEO plugin. -->","yoast_head_json":{"title":"Verfassungsrecht im ewigen Bund. - Literatur.","robots":{"index":"index","follow":"follow","max-snippet":"max-snippet:-1","max-image-preview":"max-image-preview:large","max-video-preview":"max-video-preview:-1"},"canonical":"https:\/\/www.ewigerbund.org\/verfassungsrecht\/kriegszustand\/wichtigste-kriegsgesetze\/vaterlaendischer-hilfsdienst\/literatur\/","og_locale":"de_DE","og_type":"article","og_title":"Verfassungsrecht im ewigen Bund. - Literatur.","og_description":"Der Vaterl\u00e4ndische Hilfsdienst &#8211; Teil 1 [In der Staatsbibliothek anschauen]F\u00fcr den praktischen Gebrauch mit den Gesetzestexten, Musterformbl\u00e4ttern und einem Sachregister.Dr. Siegfried Wille, 1916. Der Vaterl\u00e4ndische Hilfsdienst &#8211; Teil 2 [In der Staatsbibliothek anschauen]Vorschriften zur Ausf\u00fchrung und zum Vollzug des Gesetzes \u00fcber den vaterl\u00e4ndischen Hilfsdienst vom 5. Dezember 1916.Dr. Siegfried Wille, 1917. Das Hilfsdienstgesetz. [In der ... Weiterlesen ...","og_url":"https:\/\/www.ewigerbund.org\/verfassungsrecht\/kriegszustand\/wichtigste-kriegsgesetze\/vaterlaendischer-hilfsdienst\/literatur\/","og_site_name":"Verfassungsrecht","article_modified_time":"2023-01-05T10:30:38+00:00","og_image":[{"url":"https:\/\/www.ewigerbund.org\/verfassungsrecht\/wp-content\/uploads\/sites\/10\/2023\/01\/vhd-waffengebrauch-polizeivollstreckungsbeamte.jpg"}],"twitter_card":"summary_large_image","twitter_misc":{"Gesch\u00e4tzte Lesezeit":"1\u00a0Minute"},"schema":{"@context":"https:\/\/schema.org","@graph":[{"@type":"WebPage","@id":"https:\/\/www.ewigerbund.org\/verfassungsrecht\/kriegszustand\/wichtigste-kriegsgesetze\/vaterlaendischer-hilfsdienst\/literatur\/","url":"https:\/\/www.ewigerbund.org\/verfassungsrecht\/kriegszustand\/wichtigste-kriegsgesetze\/vaterlaendischer-hilfsdienst\/literatur\/","name":"Verfassungsrecht im ewigen Bund. - Literatur.","isPartOf":{"@id":"https:\/\/www.ewigerbund.org\/verfassungsrecht\/#website"},"primaryImageOfPage":{"@id":"https:\/\/www.ewigerbund.org\/verfassungsrecht\/kriegszustand\/wichtigste-kriegsgesetze\/vaterlaendischer-hilfsdienst\/literatur\/#primaryimage"},"image":{"@id":"https:\/\/www.ewigerbund.org\/verfassungsrecht\/kriegszustand\/wichtigste-kriegsgesetze\/vaterlaendischer-hilfsdienst\/literatur\/#primaryimage"},"thumbnailUrl":"https:\/\/www.ewigerbund.org\/verfassungsrecht\/wp-content\/uploads\/sites\/10\/2023\/01\/vhd-waffengebrauch-polizeivollstreckungsbeamte.jpg","datePublished":"2023-01-04T08:22:06+00:00","dateModified":"2023-01-05T10:30:38+00:00","breadcrumb":{"@id":"https:\/\/www.ewigerbund.org\/verfassungsrecht\/kriegszustand\/wichtigste-kriegsgesetze\/vaterlaendischer-hilfsdienst\/literatur\/#breadcrumb"},"inLanguage":"de","potentialAction":[{"@type":"ReadAction","target":["https:\/\/www.ewigerbund.org\/verfassungsrecht\/kriegszustand\/wichtigste-kriegsgesetze\/vaterlaendischer-hilfsdienst\/literatur\/"]}]},{"@type":"ImageObject","inLanguage":"de","@id":"https:\/\/www.ewigerbund.org\/verfassungsrecht\/kriegszustand\/wichtigste-kriegsgesetze\/vaterlaendischer-hilfsdienst\/literatur\/#primaryimage","url":"https:\/\/www.ewigerbund.org\/verfassungsrecht\/wp-content\/uploads\/sites\/10\/2023\/01\/vhd-waffengebrauch-polizeivollstreckungsbeamte.jpg","contentUrl":"https:\/\/www.ewigerbund.org\/verfassungsrecht\/wp-content\/uploads\/sites\/10\/2023\/01\/vhd-waffengebrauch-polizeivollstreckungsbeamte.jpg","width":1024,"height":768},{"@type":"BreadcrumbList","@id":"https:\/\/www.ewigerbund.org\/verfassungsrecht\/kriegszustand\/wichtigste-kriegsgesetze\/vaterlaendischer-hilfsdienst\/literatur\/#breadcrumb","itemListElement":[{"@type":"ListItem","position":1,"name":"Startseite","item":"https:\/\/www.ewigerbund.org\/verfassungsrecht\/"},{"@type":"ListItem","position":2,"name":"Kriegs- und Belagerungszustand.","item":"https:\/\/www.ewigerbund.org\/verfassungsrecht\/kriegszustand\/"},{"@type":"ListItem","position":3,"name":"Wichtigste Kriegsgesetze.","item":"https:\/\/www.ewigerbund.org\/verfassungsrecht\/kriegszustand\/wichtigste-kriegsgesetze\/"},{"@type":"ListItem","position":4,"name":"Vaterl\u00e4ndischer Hilfsdienst.","item":"https:\/\/www.ewigerbund.org\/verfassungsrecht\/kriegszustand\/wichtigste-kriegsgesetze\/vaterlaendischer-hilfsdienst\/"},{"@type":"ListItem","position":5,"name":"Literatur."}]},{"@type":"WebSite","@id":"https:\/\/www.ewigerbund.org\/verfassungsrecht\/#website","url":"https:\/\/www.ewigerbund.org\/verfassungsrecht\/","name":"Verfassungsrecht","description":"Verfassungsb\u00fcndnis der deutschen Einzelstaaten.","publisher":{"@id":"https:\/\/www.ewigerbund.org\/verfassungsrecht\/#organization"},"potentialAction":[{"@type":"SearchAction","target":{"@type":"EntryPoint","urlTemplate":"https:\/\/www.ewigerbund.org\/verfassungsrecht\/?s={search_term_string}"},"query-input":"required name=search_term_string"}],"inLanguage":"de"},{"@type":"Organization","@id":"https:\/\/www.ewigerbund.org\/verfassungsrecht\/#organization","name":"Verfassungsrecht","url":"https:\/\/www.ewigerbund.org\/verfassungsrecht\/","logo":{"@type":"ImageObject","inLanguage":"de","@id":"https:\/\/www.ewigerbund.org\/verfassungsrecht\/#\/schema\/logo\/image\/","url":"https:\/\/www.ewigerbund.org\/verfassungsrecht\/wp-content\/uploads\/sites\/10\/2022\/11\/2022-09-20-Logo-EB_Schutzzone_V4_Transparent.png","contentUrl":"https:\/\/www.ewigerbund.org\/verfassungsrecht\/wp-content\/uploads\/sites\/10\/2022\/11\/2022-09-20-Logo-EB_Schutzzone_V4_Transparent.png","width":2000,"height":1982,"caption":"Verfassungsrecht"},"image":{"@id":"https:\/\/www.ewigerbund.org\/verfassungsrecht\/#\/schema\/logo\/image\/"}}]}},"_links":{"self":[{"href":"https:\/\/www.ewigerbund.org\/verfassungsrecht\/wp-json\/wp\/v2\/pages\/1476","targetHints":{"allow":["GET"]}}],"collection":[{"href":"https:\/\/www.ewigerbund.org\/verfassungsrecht\/wp-json\/wp\/v2\/pages"}],"about":[{"href":"https:\/\/www.ewigerbund.org\/verfassungsrecht\/wp-json\/wp\/v2\/types\/page"}],"author":[{"embeddable":true,"href":"https:\/\/www.ewigerbund.org\/verfassungsrecht\/wp-json\/wp\/v2\/users\/8"}],"replies":[{"embeddable":true,"href":"https:\/\/www.ewigerbund.org\/verfassungsrecht\/wp-json\/wp\/v2\/comments?post=1476"}],"version-history":[{"count":4,"href":"https:\/\/www.ewigerbund.org\/verfassungsrecht\/wp-json\/wp\/v2\/pages\/1476\/revisions"}],"predecessor-version":[{"id":1680,"href":"https:\/\/www.ewigerbund.org\/verfassungsrecht\/wp-json\/wp\/v2\/pages\/1476\/revisions\/1680"}],"up":[{"embeddable":true,"href":"https:\/\/www.ewigerbund.org\/verfassungsrecht\/wp-json\/wp\/v2\/pages\/1455"}],"wp:attachment":[{"href":"https:\/\/www.ewigerbund.org\/verfassungsrecht\/wp-json\/wp\/v2\/media?parent=1476"}],"wp:term":[{"taxonomy":"category","embeddable":true,"href":"https:\/\/www.ewigerbund.org\/verfassungsrecht\/wp-json\/wp\/v2\/categories?post=1476"},{"taxonomy":"post_tag","embeddable":true,"href":"https:\/\/www.ewigerbund.org\/verfassungsrecht\/wp-json\/wp\/v2\/tags?post=1476"}],"curies":[{"name":"wp","href":"https:\/\/api.w.org\/{rel}","templated":true}]}}