{"id":1404,"date":"2023-01-03T19:48:39","date_gmt":"2023-01-03T18:48:39","guid":{"rendered":"https:\/\/www.ewigerbund.org\/verfassungsrecht\/?page_id=1404"},"modified":"2023-04-15T20:31:10","modified_gmt":"2023-04-15T18:31:10","slug":"belagerungszustand","status":"publish","type":"page","link":"https:\/\/www.ewigerbund.org\/verfassungsrecht\/kriegszustand\/belagerungszustand\/","title":{"rendered":"Der Belagerungszustand."},"content":{"rendered":"\n<div class=\"wp-block-columns is-layout-flex wp-container-core-columns-is-layout-1 wp-block-columns-is-layout-flex\">\n<div class=\"wp-block-column cat-box-border is-layout-flow wp-block-column-is-layout-flow\">\n<figure class=\"wp-block-image size-large\"><a href=\"https:\/\/www.ewigerbund.org\/verfassungsrecht\/kriegszustand\/belagerungszustand\/gesetz\/\"><img loading=\"lazy\" decoding=\"async\" width=\"1024\" height=\"582\" src=\"https:\/\/www.ewigerbund.org\/verfassungsrecht\/wp-content\/uploads\/sites\/10\/2023\/01\/EB-Verfassungsrecht-Gesetz-Belagerungszustand-1024x582.jpg\" alt=\"\" class=\"wp-image-1818\" srcset=\"https:\/\/www.ewigerbund.org\/verfassungsrecht\/wp-content\/uploads\/sites\/10\/2023\/01\/EB-Verfassungsrecht-Gesetz-Belagerungszustand-1024x582.jpg 1024w, https:\/\/www.ewigerbund.org\/verfassungsrecht\/wp-content\/uploads\/sites\/10\/2023\/01\/EB-Verfassungsrecht-Gesetz-Belagerungszustand-300x171.jpg 300w, https:\/\/www.ewigerbund.org\/verfassungsrecht\/wp-content\/uploads\/sites\/10\/2023\/01\/EB-Verfassungsrecht-Gesetz-Belagerungszustand-768x437.jpg 768w, https:\/\/www.ewigerbund.org\/verfassungsrecht\/wp-content\/uploads\/sites\/10\/2023\/01\/EB-Verfassungsrecht-Gesetz-Belagerungszustand-1536x873.jpg 1536w, https:\/\/www.ewigerbund.org\/verfassungsrecht\/wp-content\/uploads\/sites\/10\/2023\/01\/EB-Verfassungsrecht-Gesetz-Belagerungszustand.jpg 1748w\" sizes=\"auto, (max-width: 1024px) 100vw, 1024px\" \/><\/a><\/figure>\n\n\n\n<h3 class=\"wp-block-heading\">Das Gesetz \u00fcber den Belagerungszustand.<\/h3>\n\n\n\n<p><\/p>\n\n\n\n<p><a href=\"https:\/\/www.ewigerbund.org\/verfassungsrecht\/kriegszustand\/belagerungszustand\/gesetz\/\">Weiterlesen \u2192<\/a><\/p>\n<\/div>\n\n\n\n<div class=\"wp-block-column cat-box-border is-layout-flow wp-block-column-is-layout-flow\">\n<h3 class=\"wp-block-heading\">Rechtszustand Milit\u00e4rdiktatur.<br><\/h3>\n\n\n\n<p><\/p>\n\n\n\n<p><a href=\"https:\/\/www.ewigerbund.org\/verfassungsrecht\/kriegszustand\/belagerungszustand\/rechtszustand-militaerdiktatur\/\">Weiterlesen \u2192<\/a><\/p>\n\n\n\n<hr class=\"wp-block-separator has-text-color has-cyan-bluish-gray-color has-alpha-channel-opacity has-cyan-bluish-gray-background-color has-background is-style-dots\"\/>\n\n\n\n<h3 class=\"wp-block-heading\">Von der Suspension einzelner Rechte.<\/h3>\n\n\n\n<p><\/p>\n\n\n\n<p><a href=\"https:\/\/www.ewigerbund.org\/verfassungsrecht\/kriegszustand\/belagerungszustand\/suspension-einzelner-rechte\/\">Weiterlesen \u2192<\/a><\/p>\n\n\n\n<hr class=\"wp-block-separator has-text-color has-cyan-bluish-gray-color has-alpha-channel-opacity has-cyan-bluish-gray-background-color has-background is-style-dots\"\/>\n\n\n\n<h3 class=\"wp-block-heading\">Wiederherstellung der territorialen Einheit.<\/h3>\n\n\n\n<p class=\"has-medium-font-size\"><\/p>\n\n\n\n<p><a href=\"https:\/\/www.ewigerbund.org\/verfassungsrecht\/kriegszustand\/belagerungszustand\/einheit\/\">Weiterlesen \u2192<\/a><\/p>\n<\/div>\n<\/div>\n\n\n<div class=\"gb-container gb-container-11f3cba7\"><div class=\"gb-inside-container\">\n\n<div class=\"wp-block-columns is-layout-flex wp-container-core-columns-is-layout-2 wp-block-columns-is-layout-flex\">\n<div class=\"wp-block-column is-vertically-aligned-center is-layout-flow wp-block-column-is-layout-flow\" style=\"flex-basis:33.33%\"><div class=\"wp-block-image\">\n<figure class=\"aligncenter size-full is-resized\"><img loading=\"lazy\" decoding=\"async\" src=\"https:\/\/www.ewigerbund.org\/verfassungsrecht\/wp-content\/uploads\/sites\/10\/2023\/01\/Portrait-Bethmann-Hollweg-500x500px.png\" alt=\"\" class=\"wp-image-1781\" width=\"250\" height=\"250\" srcset=\"https:\/\/www.ewigerbund.org\/verfassungsrecht\/wp-content\/uploads\/sites\/10\/2023\/01\/Portrait-Bethmann-Hollweg-500x500px.png 500w, https:\/\/www.ewigerbund.org\/verfassungsrecht\/wp-content\/uploads\/sites\/10\/2023\/01\/Portrait-Bethmann-Hollweg-500x500px-300x300.png 300w, https:\/\/www.ewigerbund.org\/verfassungsrecht\/wp-content\/uploads\/sites\/10\/2023\/01\/Portrait-Bethmann-Hollweg-500x500px-150x150.png 150w, https:\/\/www.ewigerbund.org\/verfassungsrecht\/wp-content\/uploads\/sites\/10\/2023\/01\/Portrait-Bethmann-Hollweg-500x500px-120x120.png 120w\" sizes=\"auto, (max-width: 250px) 100vw, 250px\" \/><\/figure><\/div><\/div>\n\n\n\n<div class=\"wp-block-column is-vertically-aligned-center is-layout-flow wp-block-column-is-layout-flow\" style=\"flex-basis:66.66%\"><div class=\"wp-block-image wp-duotone-333-rgb2283519-1\">\n<figure class=\"aligncenter size-full is-resized\"><img decoding=\"async\" src=\"https:\/\/www.ewigerbund.org\/verfassungsrecht\/wp-content\/uploads\/sites\/10\/2023\/01\/Zitat.png\" alt=\"\" class=\"wp-image-1394\" width=\"50\"\/><\/figure><\/div>\n\n\n<p class=\"has-text-align-center cat-box-titel-h3 has-304148-color has-text-color\">Der Augenblick, in dem der Reichstag sich anschickt, angesichts des Ausbruch des Krieges die Gesetze zu votieren, die f\u00fcr den Krieg und f\u00fcr das wirtschaftliche Leben der Nation w\u00e4hrend des Krieges die sichere Grundlage zu bieten bestimmt sind, ist ein feierlicher und tiefernster, aber zu gleicher Zeit ein unendlich gro\u00dfer und erhebender. Schwere Lasten m\u00fcssen dem ganzen Volke auferlegt, schwere Opfer von jedem einzelnen gefordert werden. Aber es gibt niemanden im ganzen Deutschen Reich, der nicht ein volles Verst\u00e4ndnis f\u00fcr das h\u00e4tte, was auf der Spiele steht, und freudig diese Lasten zu \u00fcbernehmen und diese Opfer dem Vaterland darzubieten ist.<\/p>\n\n\n\n<p class=\"has-text-align-center has-small-font-size\">&#8211; Dr. v. Bethmann Hollweg, Reichskanzler <br>im Reichstag am 04. August 1914<\/p>\n<\/div>\n<\/div>\n\n<\/div><\/div>\n\n\n<div style=\"height:40px\" aria-hidden=\"true\" class=\"wp-block-spacer\"><\/div>\n","protected":false},"excerpt":{"rendered":"<p>Das Gesetz \u00fcber den Belagerungszustand. Weiterlesen \u2192 Rechtszustand Milit\u00e4rdiktatur. Weiterlesen \u2192 Von der Suspension einzelner Rechte. Weiterlesen \u2192 Wiederherstellung der territorialen Einheit. Weiterlesen \u2192 Der Augenblick, in dem der Reichstag sich anschickt, angesichts des Ausbruch des Krieges die Gesetze zu votieren, die f\u00fcr den Krieg und f\u00fcr das wirtschaftliche Leben der Nation w\u00e4hrend des Krieges &#8230; <a title=\"Der Belagerungszustand.\" class=\"read-more\" href=\"https:\/\/www.ewigerbund.org\/verfassungsrecht\/kriegszustand\/belagerungszustand\/\" aria-label=\"Mehr zu Der Belagerungszustand.\">Weiterlesen &#8230;<\/a><\/p>\n","protected":false},"author":8,"featured_media":1818,"parent":1330,"menu_order":0,"comment_status":"closed","ping_status":"closed","template":"template-4-linke-seitenleiste.php","meta":{"footnotes":""},"categories":[78],"tags":[],"class_list":["post-1404","page","type-page","status-publish","has-post-thumbnail","hentry","category-belagerungszustand"],"yoast_head":"<!-- This site is optimized with the Yoast SEO plugin v23.1 - https:\/\/yoast.com\/wordpress\/plugins\/seo\/ -->\n<title>Verfassungsrecht im ewigen Bund. - Der Belagerungszustand.<\/title>\n<meta name=\"robots\" content=\"index, follow, max-snippet:-1, max-image-preview:large, max-video-preview:-1\" \/>\n<link rel=\"canonical\" href=\"https:\/\/www.ewigerbund.org\/verfassungsrecht\/kriegszustand\/belagerungszustand\/\" \/>\n<meta property=\"og:locale\" content=\"de_DE\" \/>\n<meta property=\"og:type\" content=\"article\" \/>\n<meta property=\"og:title\" content=\"Verfassungsrecht im ewigen Bund. - Der Belagerungszustand.\" \/>\n<meta property=\"og:description\" content=\"Das Gesetz \u00fcber den Belagerungszustand. Weiterlesen \u2192 Rechtszustand Milit\u00e4rdiktatur. Weiterlesen \u2192 Von der Suspension einzelner Rechte. Weiterlesen \u2192 Wiederherstellung der territorialen Einheit. Weiterlesen \u2192 Der Augenblick, in dem der Reichstag sich anschickt, angesichts des Ausbruch des Krieges die Gesetze zu votieren, die f\u00fcr den Krieg und f\u00fcr das wirtschaftliche Leben der Nation w\u00e4hrend des Krieges ... Weiterlesen ...\" \/>\n<meta property=\"og:url\" content=\"https:\/\/www.ewigerbund.org\/verfassungsrecht\/kriegszustand\/belagerungszustand\/\" \/>\n<meta property=\"og:site_name\" content=\"Verfassungsrecht\" \/>\n<meta property=\"article:modified_time\" content=\"2023-04-15T18:31:10+00:00\" \/>\n<meta property=\"og:image\" content=\"https:\/\/www.ewigerbund.org\/verfassungsrecht\/wp-content\/uploads\/sites\/10\/2023\/01\/EB-Verfassungsrecht-Gesetz-Belagerungszustand.jpg\" \/>\n\t<meta property=\"og:image:width\" content=\"1748\" \/>\n\t<meta property=\"og:image:height\" content=\"994\" \/>\n\t<meta property=\"og:image:type\" content=\"image\/jpeg\" \/>\n<meta name=\"twitter:card\" content=\"summary_large_image\" \/>\n<meta name=\"twitter:label1\" content=\"Gesch\u00e4tzte Lesezeit\" \/>\n\t<meta name=\"twitter:data1\" content=\"2\u00a0Minuten\" \/>\n<script type=\"application\/ld+json\" class=\"yoast-schema-graph\">{\"@context\":\"https:\/\/schema.org\",\"@graph\":[{\"@type\":\"WebPage\",\"@id\":\"https:\/\/www.ewigerbund.org\/verfassungsrecht\/kriegszustand\/belagerungszustand\/\",\"url\":\"https:\/\/www.ewigerbund.org\/verfassungsrecht\/kriegszustand\/belagerungszustand\/\",\"name\":\"Verfassungsrecht im ewigen Bund. - Der Belagerungszustand.\",\"isPartOf\":{\"@id\":\"https:\/\/www.ewigerbund.org\/verfassungsrecht\/#website\"},\"primaryImageOfPage\":{\"@id\":\"https:\/\/www.ewigerbund.org\/verfassungsrecht\/kriegszustand\/belagerungszustand\/#primaryimage\"},\"image\":{\"@id\":\"https:\/\/www.ewigerbund.org\/verfassungsrecht\/kriegszustand\/belagerungszustand\/#primaryimage\"},\"thumbnailUrl\":\"https:\/\/www.ewigerbund.org\/verfassungsrecht\/wp-content\/uploads\/sites\/10\/2023\/01\/EB-Verfassungsrecht-Gesetz-Belagerungszustand.jpg\",\"datePublished\":\"2023-01-03T18:48:39+00:00\",\"dateModified\":\"2023-04-15T18:31:10+00:00\",\"breadcrumb\":{\"@id\":\"https:\/\/www.ewigerbund.org\/verfassungsrecht\/kriegszustand\/belagerungszustand\/#breadcrumb\"},\"inLanguage\":\"de\",\"potentialAction\":[{\"@type\":\"ReadAction\",\"target\":[\"https:\/\/www.ewigerbund.org\/verfassungsrecht\/kriegszustand\/belagerungszustand\/\"]}]},{\"@type\":\"ImageObject\",\"inLanguage\":\"de\",\"@id\":\"https:\/\/www.ewigerbund.org\/verfassungsrecht\/kriegszustand\/belagerungszustand\/#primaryimage\",\"url\":\"https:\/\/www.ewigerbund.org\/verfassungsrecht\/wp-content\/uploads\/sites\/10\/2023\/01\/EB-Verfassungsrecht-Gesetz-Belagerungszustand.jpg\",\"contentUrl\":\"https:\/\/www.ewigerbund.org\/verfassungsrecht\/wp-content\/uploads\/sites\/10\/2023\/01\/EB-Verfassungsrecht-Gesetz-Belagerungszustand.jpg\",\"width\":1748,\"height\":994},{\"@type\":\"BreadcrumbList\",\"@id\":\"https:\/\/www.ewigerbund.org\/verfassungsrecht\/kriegszustand\/belagerungszustand\/#breadcrumb\",\"itemListElement\":[{\"@type\":\"ListItem\",\"position\":1,\"name\":\"Startseite\",\"item\":\"https:\/\/www.ewigerbund.org\/verfassungsrecht\/\"},{\"@type\":\"ListItem\",\"position\":2,\"name\":\"Kriegs- und Belagerungszustand.\",\"item\":\"https:\/\/www.ewigerbund.org\/verfassungsrecht\/kriegszustand\/\"},{\"@type\":\"ListItem\",\"position\":3,\"name\":\"Der Belagerungszustand.\"}]},{\"@type\":\"WebSite\",\"@id\":\"https:\/\/www.ewigerbund.org\/verfassungsrecht\/#website\",\"url\":\"https:\/\/www.ewigerbund.org\/verfassungsrecht\/\",\"name\":\"Verfassungsrecht\",\"description\":\"Verfassungsb\u00fcndnis der deutschen Einzelstaaten.\",\"publisher\":{\"@id\":\"https:\/\/www.ewigerbund.org\/verfassungsrecht\/#organization\"},\"potentialAction\":[{\"@type\":\"SearchAction\",\"target\":{\"@type\":\"EntryPoint\",\"urlTemplate\":\"https:\/\/www.ewigerbund.org\/verfassungsrecht\/?s={search_term_string}\"},\"query-input\":\"required name=search_term_string\"}],\"inLanguage\":\"de\"},{\"@type\":\"Organization\",\"@id\":\"https:\/\/www.ewigerbund.org\/verfassungsrecht\/#organization\",\"name\":\"Verfassungsrecht\",\"url\":\"https:\/\/www.ewigerbund.org\/verfassungsrecht\/\",\"logo\":{\"@type\":\"ImageObject\",\"inLanguage\":\"de\",\"@id\":\"https:\/\/www.ewigerbund.org\/verfassungsrecht\/#\/schema\/logo\/image\/\",\"url\":\"https:\/\/www.ewigerbund.org\/verfassungsrecht\/wp-content\/uploads\/sites\/10\/2022\/11\/2022-09-20-Logo-EB_Schutzzone_V4_Transparent.png\",\"contentUrl\":\"https:\/\/www.ewigerbund.org\/verfassungsrecht\/wp-content\/uploads\/sites\/10\/2022\/11\/2022-09-20-Logo-EB_Schutzzone_V4_Transparent.png\",\"width\":2000,\"height\":1982,\"caption\":\"Verfassungsrecht\"},\"image\":{\"@id\":\"https:\/\/www.ewigerbund.org\/verfassungsrecht\/#\/schema\/logo\/image\/\"}}]}<\/script>\n<!-- \/ Yoast SEO plugin. -->","yoast_head_json":{"title":"Verfassungsrecht im ewigen Bund. - Der Belagerungszustand.","robots":{"index":"index","follow":"follow","max-snippet":"max-snippet:-1","max-image-preview":"max-image-preview:large","max-video-preview":"max-video-preview:-1"},"canonical":"https:\/\/www.ewigerbund.org\/verfassungsrecht\/kriegszustand\/belagerungszustand\/","og_locale":"de_DE","og_type":"article","og_title":"Verfassungsrecht im ewigen Bund. - Der Belagerungszustand.","og_description":"Das Gesetz \u00fcber den Belagerungszustand. Weiterlesen \u2192 Rechtszustand Milit\u00e4rdiktatur. Weiterlesen \u2192 Von der Suspension einzelner Rechte. Weiterlesen \u2192 Wiederherstellung der territorialen Einheit. Weiterlesen \u2192 Der Augenblick, in dem der Reichstag sich anschickt, angesichts des Ausbruch des Krieges die Gesetze zu votieren, die f\u00fcr den Krieg und f\u00fcr das wirtschaftliche Leben der Nation w\u00e4hrend des Krieges ... Weiterlesen ...","og_url":"https:\/\/www.ewigerbund.org\/verfassungsrecht\/kriegszustand\/belagerungszustand\/","og_site_name":"Verfassungsrecht","article_modified_time":"2023-04-15T18:31:10+00:00","og_image":[{"width":1748,"height":994,"url":"https:\/\/www.ewigerbund.org\/verfassungsrecht\/wp-content\/uploads\/sites\/10\/2023\/01\/EB-Verfassungsrecht-Gesetz-Belagerungszustand.jpg","type":"image\/jpeg"}],"twitter_card":"summary_large_image","twitter_misc":{"Gesch\u00e4tzte Lesezeit":"2\u00a0Minuten"},"schema":{"@context":"https:\/\/schema.org","@graph":[{"@type":"WebPage","@id":"https:\/\/www.ewigerbund.org\/verfassungsrecht\/kriegszustand\/belagerungszustand\/","url":"https:\/\/www.ewigerbund.org\/verfassungsrecht\/kriegszustand\/belagerungszustand\/","name":"Verfassungsrecht im ewigen Bund. - Der Belagerungszustand.","isPartOf":{"@id":"https:\/\/www.ewigerbund.org\/verfassungsrecht\/#website"},"primaryImageOfPage":{"@id":"https:\/\/www.ewigerbund.org\/verfassungsrecht\/kriegszustand\/belagerungszustand\/#primaryimage"},"image":{"@id":"https:\/\/www.ewigerbund.org\/verfassungsrecht\/kriegszustand\/belagerungszustand\/#primaryimage"},"thumbnailUrl":"https:\/\/www.ewigerbund.org\/verfassungsrecht\/wp-content\/uploads\/sites\/10\/2023\/01\/EB-Verfassungsrecht-Gesetz-Belagerungszustand.jpg","datePublished":"2023-01-03T18:48:39+00:00","dateModified":"2023-04-15T18:31:10+00:00","breadcrumb":{"@id":"https:\/\/www.ewigerbund.org\/verfassungsrecht\/kriegszustand\/belagerungszustand\/#breadcrumb"},"inLanguage":"de","potentialAction":[{"@type":"ReadAction","target":["https:\/\/www.ewigerbund.org\/verfassungsrecht\/kriegszustand\/belagerungszustand\/"]}]},{"@type":"ImageObject","inLanguage":"de","@id":"https:\/\/www.ewigerbund.org\/verfassungsrecht\/kriegszustand\/belagerungszustand\/#primaryimage","url":"https:\/\/www.ewigerbund.org\/verfassungsrecht\/wp-content\/uploads\/sites\/10\/2023\/01\/EB-Verfassungsrecht-Gesetz-Belagerungszustand.jpg","contentUrl":"https:\/\/www.ewigerbund.org\/verfassungsrecht\/wp-content\/uploads\/sites\/10\/2023\/01\/EB-Verfassungsrecht-Gesetz-Belagerungszustand.jpg","width":1748,"height":994},{"@type":"BreadcrumbList","@id":"https:\/\/www.ewigerbund.org\/verfassungsrecht\/kriegszustand\/belagerungszustand\/#breadcrumb","itemListElement":[{"@type":"ListItem","position":1,"name":"Startseite","item":"https:\/\/www.ewigerbund.org\/verfassungsrecht\/"},{"@type":"ListItem","position":2,"name":"Kriegs- und Belagerungszustand.","item":"https:\/\/www.ewigerbund.org\/verfassungsrecht\/kriegszustand\/"},{"@type":"ListItem","position":3,"name":"Der Belagerungszustand."}]},{"@type":"WebSite","@id":"https:\/\/www.ewigerbund.org\/verfassungsrecht\/#website","url":"https:\/\/www.ewigerbund.org\/verfassungsrecht\/","name":"Verfassungsrecht","description":"Verfassungsb\u00fcndnis der deutschen Einzelstaaten.","publisher":{"@id":"https:\/\/www.ewigerbund.org\/verfassungsrecht\/#organization"},"potentialAction":[{"@type":"SearchAction","target":{"@type":"EntryPoint","urlTemplate":"https:\/\/www.ewigerbund.org\/verfassungsrecht\/?s={search_term_string}"},"query-input":"required name=search_term_string"}],"inLanguage":"de"},{"@type":"Organization","@id":"https:\/\/www.ewigerbund.org\/verfassungsrecht\/#organization","name":"Verfassungsrecht","url":"https:\/\/www.ewigerbund.org\/verfassungsrecht\/","logo":{"@type":"ImageObject","inLanguage":"de","@id":"https:\/\/www.ewigerbund.org\/verfassungsrecht\/#\/schema\/logo\/image\/","url":"https:\/\/www.ewigerbund.org\/verfassungsrecht\/wp-content\/uploads\/sites\/10\/2022\/11\/2022-09-20-Logo-EB_Schutzzone_V4_Transparent.png","contentUrl":"https:\/\/www.ewigerbund.org\/verfassungsrecht\/wp-content\/uploads\/sites\/10\/2022\/11\/2022-09-20-Logo-EB_Schutzzone_V4_Transparent.png","width":2000,"height":1982,"caption":"Verfassungsrecht"},"image":{"@id":"https:\/\/www.ewigerbund.org\/verfassungsrecht\/#\/schema\/logo\/image\/"}}]}},"_links":{"self":[{"href":"https:\/\/www.ewigerbund.org\/verfassungsrecht\/wp-json\/wp\/v2\/pages\/1404","targetHints":{"allow":["GET"]}}],"collection":[{"href":"https:\/\/www.ewigerbund.org\/verfassungsrecht\/wp-json\/wp\/v2\/pages"}],"about":[{"href":"https:\/\/www.ewigerbund.org\/verfassungsrecht\/wp-json\/wp\/v2\/types\/page"}],"author":[{"embeddable":true,"href":"https:\/\/www.ewigerbund.org\/verfassungsrecht\/wp-json\/wp\/v2\/users\/8"}],"replies":[{"embeddable":true,"href":"https:\/\/www.ewigerbund.org\/verfassungsrecht\/wp-json\/wp\/v2\/comments?post=1404"}],"version-history":[{"count":19,"href":"https:\/\/www.ewigerbund.org\/verfassungsrecht\/wp-json\/wp\/v2\/pages\/1404\/revisions"}],"predecessor-version":[{"id":2415,"href":"https:\/\/www.ewigerbund.org\/verfassungsrecht\/wp-json\/wp\/v2\/pages\/1404\/revisions\/2415"}],"up":[{"embeddable":true,"href":"https:\/\/www.ewigerbund.org\/verfassungsrecht\/wp-json\/wp\/v2\/pages\/1330"}],"wp:featuredmedia":[{"embeddable":true,"href":"https:\/\/www.ewigerbund.org\/verfassungsrecht\/wp-json\/wp\/v2\/media\/1818"}],"wp:attachment":[{"href":"https:\/\/www.ewigerbund.org\/verfassungsrecht\/wp-json\/wp\/v2\/media?parent=1404"}],"wp:term":[{"taxonomy":"category","embeddable":true,"href":"https:\/\/www.ewigerbund.org\/verfassungsrecht\/wp-json\/wp\/v2\/categories?post=1404"},{"taxonomy":"post_tag","embeddable":true,"href":"https:\/\/www.ewigerbund.org\/verfassungsrecht\/wp-json\/wp\/v2\/tags?post=1404"}],"curies":[{"name":"wp","href":"https:\/\/api.w.org\/{rel}","templated":true}]}}