{"id":1384,"date":"2023-01-03T18:52:13","date_gmt":"2023-01-03T17:52:13","guid":{"rendered":"https:\/\/www.ewigerbund.org\/verfassungsrecht\/?page_id=1384"},"modified":"2023-03-08T20:59:15","modified_gmt":"2023-03-08T19:59:15","slug":"einheit","status":"publish","type":"page","link":"https:\/\/www.ewigerbund.org\/verfassungsrecht\/kriegszustand\/belagerungszustand\/einheit\/","title":{"rendered":"Wiederherstellung der territorialen Einheit Deutschlands."},"content":{"rendered":"\n<div class=\"wp-block-columns is-layout-flex wp-container-core-columns-is-layout-1 wp-block-columns-is-layout-flex\">\n<div class=\"wp-block-column is-layout-flow wp-block-column-is-layout-flow\"><div class=\"wp-block-image\">\n<figure class=\"aligncenter size-full\"><a href=\"https:\/\/www.ewigerbund.org\/verfassungsrecht\/wp-content\/uploads\/sites\/10\/2023\/01\/0081-karte-deutsches-reich-artikel-68.jpg\"><img loading=\"lazy\" decoding=\"async\" width=\"1024\" height=\"768\" src=\"https:\/\/www.ewigerbund.org\/verfassungsrecht\/wp-content\/uploads\/sites\/10\/2023\/01\/0081-karte-deutsches-reich-artikel-68.jpg\" alt=\"\" class=\"wp-image-1350\" srcset=\"https:\/\/www.ewigerbund.org\/verfassungsrecht\/wp-content\/uploads\/sites\/10\/2023\/01\/0081-karte-deutsches-reich-artikel-68.jpg 1024w, https:\/\/www.ewigerbund.org\/verfassungsrecht\/wp-content\/uploads\/sites\/10\/2023\/01\/0081-karte-deutsches-reich-artikel-68-300x225.jpg 300w, https:\/\/www.ewigerbund.org\/verfassungsrecht\/wp-content\/uploads\/sites\/10\/2023\/01\/0081-karte-deutsches-reich-artikel-68-768x576.jpg 768w\" sizes=\"auto, (max-width: 1024px) 100vw, 1024px\" \/><\/a><figcaption class=\"wp-element-caption\">Au\u00dfen Kriegszustand.<\/figcaption><\/figure><\/div><\/div>\n\n\n\n<div class=\"wp-block-column is-layout-flow wp-block-column-is-layout-flow\"><div class=\"wp-block-image\">\n<figure class=\"aligncenter size-full\"><a href=\"https:\/\/www.ewigerbund.org\/verfassungsrecht\/wp-content\/uploads\/sites\/10\/2023\/01\/0083-karte-deutsches-reich-armeekorpsbezirke-zustand.jpg\"><img loading=\"lazy\" decoding=\"async\" width=\"1024\" height=\"768\" src=\"https:\/\/www.ewigerbund.org\/verfassungsrecht\/wp-content\/uploads\/sites\/10\/2023\/01\/0083-karte-deutsches-reich-armeekorpsbezirke-zustand.jpg\" alt=\"\" class=\"wp-image-1351\" srcset=\"https:\/\/www.ewigerbund.org\/verfassungsrecht\/wp-content\/uploads\/sites\/10\/2023\/01\/0083-karte-deutsches-reich-armeekorpsbezirke-zustand.jpg 1024w, https:\/\/www.ewigerbund.org\/verfassungsrecht\/wp-content\/uploads\/sites\/10\/2023\/01\/0083-karte-deutsches-reich-armeekorpsbezirke-zustand-300x225.jpg 300w, https:\/\/www.ewigerbund.org\/verfassungsrecht\/wp-content\/uploads\/sites\/10\/2023\/01\/0083-karte-deutsches-reich-armeekorpsbezirke-zustand-768x576.jpg 768w\" sizes=\"auto, (max-width: 1024px) 100vw, 1024px\" \/><\/a><figcaption class=\"wp-element-caption\">Innen Belagerungszustand.<\/figcaption><\/figure><\/div><\/div>\n\n\n\n<div class=\"wp-block-column is-layout-flow wp-block-column-is-layout-flow\"><div class=\"wp-block-image\">\n<figure class=\"aligncenter size-full\"><a href=\"https:\/\/www.ewigerbund.org\/verfassungsrecht\/wp-content\/uploads\/sites\/10\/2023\/01\/friedensvertrag-kein-interesse-bundeskanzleramt-protokoll.jpg\"><img loading=\"lazy\" decoding=\"async\" width=\"546\" height=\"290\" src=\"https:\/\/www.ewigerbund.org\/verfassungsrecht\/wp-content\/uploads\/sites\/10\/2023\/01\/friedensvertrag-kein-interesse-bundeskanzleramt-protokoll.jpg\" alt=\"\" class=\"wp-image-1385\" srcset=\"https:\/\/www.ewigerbund.org\/verfassungsrecht\/wp-content\/uploads\/sites\/10\/2023\/01\/friedensvertrag-kein-interesse-bundeskanzleramt-protokoll.jpg 546w, https:\/\/www.ewigerbund.org\/verfassungsrecht\/wp-content\/uploads\/sites\/10\/2023\/01\/friedensvertrag-kein-interesse-bundeskanzleramt-protokoll-300x159.jpg 300w\" sizes=\"auto, (max-width: 546px) 100vw, 546px\" \/><\/a><figcaption class=\"wp-element-caption\">Kriegszustand bis heute.<br><\/figcaption><\/figure><\/div><\/div>\n<\/div>\n\n\n\n<p>&#8222;Was den Verlust des Landes oder einzelner Teile des Staatsgebietes infolge kriegerischer Ereignisse betrifft, so hat dies zun\u00e4chst nur die Wirkung einer faktischen Verhinderung in der Aus\u00fcbung der Regierung; <strong>das Recht kann erst dann verloren gehen<\/strong>, wenn der K\u00f6nig [d.i. der deutsche Kaiser <a href=\"https:\/\/reichsverfassungsurkunde.bismarckserben.org\/seite102b.php\" target=\"_blank\" rel=\"noopener noreferrer\">Artikel 11 RV<\/a>] entweder im Friedensschluss diesen tats\u00e4chlichen Zustand anerkennt und die Krone oder einen Teil des Landes an den Ursupator abtritt, oder wenn der v\u00f6lkerrechtliche Erwerbstitel der Eroberung (debellatio im Gegensatz zur occupatio) vorliegt.&#8220; [Es herrscht occupatio, vgl. Potsdamer Protokoll 1945]<\/p>\n\n\n\n<p>aus<br><a href=\"https:\/\/preussenjournal.net\/2019\/05\/13\/das-staatsrecht-der-preussischen-monarchie-von-roenne\/\" target=\"_blank\" rel=\"noopener noreferrer\">Dr. Ludwig R\u00f6nne &#8211; Das Staatsrecht der preu\u00dfischen Monarchie<\/a>.<br>Band 1, 1906, \u00a7. 15. Seite 233. Von dem Verluste der Krone, bezw. der Regierungsf\u00e4higkeit.<\/p>\n\n\n\n<p>Mit der Reichsverfassung vom 16. April 1871 wurde der ewige Bund der Deutschen aus 25 deutschen Staaten geschlossen. Dieser Bund ist &#8211; au\u00dfer durch Gewalt &#8211; nicht aufzul\u00f6sen, denn er ist ein verfasster Bundesstaat und ein anerkanntes V\u00f6lkerrechtssubjekt, das alle Deutschen umfasst. Zur Aufl\u00f6sung des ewigen Bundes &#8222;Deutsches Reich&#8220; ist die Zustimmung des Bundesrats (Regierungen der deutschen Landesf\u00fcrsten) und die Zustimmung des Reichstags (Volksvertretung) erforderlich.<\/p>\n\n\n\n<p class=\"has-text-align-center\">&#8222;<span style=\"font-family: Arial, sans-serif;\"><b>Die Reichsverfassung sichert der deutschen Nation die v\u00f6lkerrechtliche Existenz.<\/b><\/span>&#8222;<br>Otto von Bismarck<\/p>\n\n\n<div class=\"wp-block-image\">\n<figure class=\"aligncenter size-full\"><img loading=\"lazy\" decoding=\"async\" width=\"750\" height=\"600\" src=\"https:\/\/www.ewigerbund.org\/verfassungsrecht\/wp-content\/uploads\/sites\/10\/2023\/01\/schoeps-einheit-deutschlands.jpg\" alt=\"\" class=\"wp-image-1386\" srcset=\"https:\/\/www.ewigerbund.org\/verfassungsrecht\/wp-content\/uploads\/sites\/10\/2023\/01\/schoeps-einheit-deutschlands.jpg 750w, https:\/\/www.ewigerbund.org\/verfassungsrecht\/wp-content\/uploads\/sites\/10\/2023\/01\/schoeps-einheit-deutschlands-300x240.jpg 300w\" sizes=\"auto, (max-width: 750px) 100vw, 750px\" \/><\/figure><\/div>","protected":false},"excerpt":{"rendered":"<p>&#8222;Was den Verlust des Landes oder einzelner Teile des Staatsgebietes infolge kriegerischer Ereignisse betrifft, so hat dies zun\u00e4chst nur die Wirkung einer faktischen Verhinderung in der Aus\u00fcbung der Regierung; das Recht kann erst dann verloren gehen, wenn der K\u00f6nig [d.i. der deutsche Kaiser Artikel 11 RV] entweder im Friedensschluss diesen tats\u00e4chlichen Zustand anerkennt und die &#8230; <a title=\"Wiederherstellung der territorialen Einheit Deutschlands.\" class=\"read-more\" href=\"https:\/\/www.ewigerbund.org\/verfassungsrecht\/kriegszustand\/belagerungszustand\/einheit\/\" aria-label=\"Mehr zu Wiederherstellung der territorialen Einheit Deutschlands.\">Weiterlesen &#8230;<\/a><\/p>\n","protected":false},"author":8,"featured_media":0,"parent":1404,"menu_order":0,"comment_status":"closed","ping_status":"closed","template":"template-6-beide-seitenleiste.php","meta":{"footnotes":""},"categories":[78],"tags":[96],"class_list":["post-1384","page","type-page","status-publish","hentry","category-belagerungszustand","tag-verfassungsrecht"],"yoast_head":"<!-- This site is optimized with the Yoast SEO plugin v23.1 - https:\/\/yoast.com\/wordpress\/plugins\/seo\/ -->\n<title>Verfassungsrecht im ewigen Bund. - Wiederherstellung der territorialen Einheit Deutschlands.<\/title>\n<meta name=\"robots\" content=\"index, follow, max-snippet:-1, max-image-preview:large, max-video-preview:-1\" \/>\n<link rel=\"canonical\" href=\"https:\/\/www.ewigerbund.org\/verfassungsrecht\/kriegszustand\/belagerungszustand\/einheit\/\" \/>\n<meta property=\"og:locale\" content=\"de_DE\" \/>\n<meta property=\"og:type\" content=\"article\" \/>\n<meta property=\"og:title\" content=\"Verfassungsrecht im ewigen Bund. - Wiederherstellung der territorialen Einheit Deutschlands.\" \/>\n<meta property=\"og:description\" content=\"&#8222;Was den Verlust des Landes oder einzelner Teile des Staatsgebietes infolge kriegerischer Ereignisse betrifft, so hat dies zun\u00e4chst nur die Wirkung einer faktischen Verhinderung in der Aus\u00fcbung der Regierung; das Recht kann erst dann verloren gehen, wenn der K\u00f6nig [d.i. der deutsche Kaiser Artikel 11 RV] entweder im Friedensschluss diesen tats\u00e4chlichen Zustand anerkennt und die ... Weiterlesen ...\" \/>\n<meta property=\"og:url\" content=\"https:\/\/www.ewigerbund.org\/verfassungsrecht\/kriegszustand\/belagerungszustand\/einheit\/\" \/>\n<meta property=\"og:site_name\" content=\"Verfassungsrecht\" \/>\n<meta property=\"article:modified_time\" content=\"2023-03-08T19:59:15+00:00\" \/>\n<meta property=\"og:image\" content=\"https:\/\/www.ewigerbund.org\/verfassungsrecht\/wp-content\/uploads\/sites\/10\/2023\/01\/0081-karte-deutsches-reich-artikel-68.jpg\" \/>\n<meta name=\"twitter:card\" content=\"summary_large_image\" \/>\n<meta name=\"twitter:label1\" content=\"Gesch\u00e4tzte Lesezeit\" \/>\n\t<meta name=\"twitter:data1\" content=\"2\u00a0Minuten\" \/>\n<script type=\"application\/ld+json\" class=\"yoast-schema-graph\">{\"@context\":\"https:\/\/schema.org\",\"@graph\":[{\"@type\":\"WebPage\",\"@id\":\"https:\/\/www.ewigerbund.org\/verfassungsrecht\/kriegszustand\/belagerungszustand\/einheit\/\",\"url\":\"https:\/\/www.ewigerbund.org\/verfassungsrecht\/kriegszustand\/belagerungszustand\/einheit\/\",\"name\":\"Verfassungsrecht im ewigen Bund. - Wiederherstellung der territorialen Einheit Deutschlands.\",\"isPartOf\":{\"@id\":\"https:\/\/www.ewigerbund.org\/verfassungsrecht\/#website\"},\"primaryImageOfPage\":{\"@id\":\"https:\/\/www.ewigerbund.org\/verfassungsrecht\/kriegszustand\/belagerungszustand\/einheit\/#primaryimage\"},\"image\":{\"@id\":\"https:\/\/www.ewigerbund.org\/verfassungsrecht\/kriegszustand\/belagerungszustand\/einheit\/#primaryimage\"},\"thumbnailUrl\":\"https:\/\/www.ewigerbund.org\/verfassungsrecht\/wp-content\/uploads\/sites\/10\/2023\/01\/0081-karte-deutsches-reich-artikel-68.jpg\",\"datePublished\":\"2023-01-03T17:52:13+00:00\",\"dateModified\":\"2023-03-08T19:59:15+00:00\",\"breadcrumb\":{\"@id\":\"https:\/\/www.ewigerbund.org\/verfassungsrecht\/kriegszustand\/belagerungszustand\/einheit\/#breadcrumb\"},\"inLanguage\":\"de\",\"potentialAction\":[{\"@type\":\"ReadAction\",\"target\":[\"https:\/\/www.ewigerbund.org\/verfassungsrecht\/kriegszustand\/belagerungszustand\/einheit\/\"]}]},{\"@type\":\"ImageObject\",\"inLanguage\":\"de\",\"@id\":\"https:\/\/www.ewigerbund.org\/verfassungsrecht\/kriegszustand\/belagerungszustand\/einheit\/#primaryimage\",\"url\":\"https:\/\/www.ewigerbund.org\/verfassungsrecht\/wp-content\/uploads\/sites\/10\/2023\/01\/0081-karte-deutsches-reich-artikel-68.jpg\",\"contentUrl\":\"https:\/\/www.ewigerbund.org\/verfassungsrecht\/wp-content\/uploads\/sites\/10\/2023\/01\/0081-karte-deutsches-reich-artikel-68.jpg\",\"width\":1024,\"height\":768},{\"@type\":\"BreadcrumbList\",\"@id\":\"https:\/\/www.ewigerbund.org\/verfassungsrecht\/kriegszustand\/belagerungszustand\/einheit\/#breadcrumb\",\"itemListElement\":[{\"@type\":\"ListItem\",\"position\":1,\"name\":\"Startseite\",\"item\":\"https:\/\/www.ewigerbund.org\/verfassungsrecht\/\"},{\"@type\":\"ListItem\",\"position\":2,\"name\":\"Kriegs- und Belagerungszustand.\",\"item\":\"https:\/\/www.ewigerbund.org\/verfassungsrecht\/kriegszustand\/\"},{\"@type\":\"ListItem\",\"position\":3,\"name\":\"Der Belagerungszustand.\",\"item\":\"https:\/\/www.ewigerbund.org\/verfassungsrecht\/kriegszustand\/belagerungszustand\/\"},{\"@type\":\"ListItem\",\"position\":4,\"name\":\"Wiederherstellung der territorialen Einheit Deutschlands.\"}]},{\"@type\":\"WebSite\",\"@id\":\"https:\/\/www.ewigerbund.org\/verfassungsrecht\/#website\",\"url\":\"https:\/\/www.ewigerbund.org\/verfassungsrecht\/\",\"name\":\"Verfassungsrecht\",\"description\":\"Verfassungsb\u00fcndnis der deutschen Einzelstaaten.\",\"publisher\":{\"@id\":\"https:\/\/www.ewigerbund.org\/verfassungsrecht\/#organization\"},\"potentialAction\":[{\"@type\":\"SearchAction\",\"target\":{\"@type\":\"EntryPoint\",\"urlTemplate\":\"https:\/\/www.ewigerbund.org\/verfassungsrecht\/?s={search_term_string}\"},\"query-input\":\"required name=search_term_string\"}],\"inLanguage\":\"de\"},{\"@type\":\"Organization\",\"@id\":\"https:\/\/www.ewigerbund.org\/verfassungsrecht\/#organization\",\"name\":\"Verfassungsrecht\",\"url\":\"https:\/\/www.ewigerbund.org\/verfassungsrecht\/\",\"logo\":{\"@type\":\"ImageObject\",\"inLanguage\":\"de\",\"@id\":\"https:\/\/www.ewigerbund.org\/verfassungsrecht\/#\/schema\/logo\/image\/\",\"url\":\"https:\/\/www.ewigerbund.org\/verfassungsrecht\/wp-content\/uploads\/sites\/10\/2022\/11\/2022-09-20-Logo-EB_Schutzzone_V4_Transparent.png\",\"contentUrl\":\"https:\/\/www.ewigerbund.org\/verfassungsrecht\/wp-content\/uploads\/sites\/10\/2022\/11\/2022-09-20-Logo-EB_Schutzzone_V4_Transparent.png\",\"width\":2000,\"height\":1982,\"caption\":\"Verfassungsrecht\"},\"image\":{\"@id\":\"https:\/\/www.ewigerbund.org\/verfassungsrecht\/#\/schema\/logo\/image\/\"}}]}<\/script>\n<!-- \/ Yoast SEO plugin. -->","yoast_head_json":{"title":"Verfassungsrecht im ewigen Bund. - Wiederherstellung der territorialen Einheit Deutschlands.","robots":{"index":"index","follow":"follow","max-snippet":"max-snippet:-1","max-image-preview":"max-image-preview:large","max-video-preview":"max-video-preview:-1"},"canonical":"https:\/\/www.ewigerbund.org\/verfassungsrecht\/kriegszustand\/belagerungszustand\/einheit\/","og_locale":"de_DE","og_type":"article","og_title":"Verfassungsrecht im ewigen Bund. - Wiederherstellung der territorialen Einheit Deutschlands.","og_description":"&#8222;Was den Verlust des Landes oder einzelner Teile des Staatsgebietes infolge kriegerischer Ereignisse betrifft, so hat dies zun\u00e4chst nur die Wirkung einer faktischen Verhinderung in der Aus\u00fcbung der Regierung; das Recht kann erst dann verloren gehen, wenn der K\u00f6nig [d.i. der deutsche Kaiser Artikel 11 RV] entweder im Friedensschluss diesen tats\u00e4chlichen Zustand anerkennt und die ... Weiterlesen ...","og_url":"https:\/\/www.ewigerbund.org\/verfassungsrecht\/kriegszustand\/belagerungszustand\/einheit\/","og_site_name":"Verfassungsrecht","article_modified_time":"2023-03-08T19:59:15+00:00","og_image":[{"url":"https:\/\/www.ewigerbund.org\/verfassungsrecht\/wp-content\/uploads\/sites\/10\/2023\/01\/0081-karte-deutsches-reich-artikel-68.jpg"}],"twitter_card":"summary_large_image","twitter_misc":{"Gesch\u00e4tzte Lesezeit":"2\u00a0Minuten"},"schema":{"@context":"https:\/\/schema.org","@graph":[{"@type":"WebPage","@id":"https:\/\/www.ewigerbund.org\/verfassungsrecht\/kriegszustand\/belagerungszustand\/einheit\/","url":"https:\/\/www.ewigerbund.org\/verfassungsrecht\/kriegszustand\/belagerungszustand\/einheit\/","name":"Verfassungsrecht im ewigen Bund. - Wiederherstellung der territorialen Einheit Deutschlands.","isPartOf":{"@id":"https:\/\/www.ewigerbund.org\/verfassungsrecht\/#website"},"primaryImageOfPage":{"@id":"https:\/\/www.ewigerbund.org\/verfassungsrecht\/kriegszustand\/belagerungszustand\/einheit\/#primaryimage"},"image":{"@id":"https:\/\/www.ewigerbund.org\/verfassungsrecht\/kriegszustand\/belagerungszustand\/einheit\/#primaryimage"},"thumbnailUrl":"https:\/\/www.ewigerbund.org\/verfassungsrecht\/wp-content\/uploads\/sites\/10\/2023\/01\/0081-karte-deutsches-reich-artikel-68.jpg","datePublished":"2023-01-03T17:52:13+00:00","dateModified":"2023-03-08T19:59:15+00:00","breadcrumb":{"@id":"https:\/\/www.ewigerbund.org\/verfassungsrecht\/kriegszustand\/belagerungszustand\/einheit\/#breadcrumb"},"inLanguage":"de","potentialAction":[{"@type":"ReadAction","target":["https:\/\/www.ewigerbund.org\/verfassungsrecht\/kriegszustand\/belagerungszustand\/einheit\/"]}]},{"@type":"ImageObject","inLanguage":"de","@id":"https:\/\/www.ewigerbund.org\/verfassungsrecht\/kriegszustand\/belagerungszustand\/einheit\/#primaryimage","url":"https:\/\/www.ewigerbund.org\/verfassungsrecht\/wp-content\/uploads\/sites\/10\/2023\/01\/0081-karte-deutsches-reich-artikel-68.jpg","contentUrl":"https:\/\/www.ewigerbund.org\/verfassungsrecht\/wp-content\/uploads\/sites\/10\/2023\/01\/0081-karte-deutsches-reich-artikel-68.jpg","width":1024,"height":768},{"@type":"BreadcrumbList","@id":"https:\/\/www.ewigerbund.org\/verfassungsrecht\/kriegszustand\/belagerungszustand\/einheit\/#breadcrumb","itemListElement":[{"@type":"ListItem","position":1,"name":"Startseite","item":"https:\/\/www.ewigerbund.org\/verfassungsrecht\/"},{"@type":"ListItem","position":2,"name":"Kriegs- und Belagerungszustand.","item":"https:\/\/www.ewigerbund.org\/verfassungsrecht\/kriegszustand\/"},{"@type":"ListItem","position":3,"name":"Der Belagerungszustand.","item":"https:\/\/www.ewigerbund.org\/verfassungsrecht\/kriegszustand\/belagerungszustand\/"},{"@type":"ListItem","position":4,"name":"Wiederherstellung der territorialen Einheit Deutschlands."}]},{"@type":"WebSite","@id":"https:\/\/www.ewigerbund.org\/verfassungsrecht\/#website","url":"https:\/\/www.ewigerbund.org\/verfassungsrecht\/","name":"Verfassungsrecht","description":"Verfassungsb\u00fcndnis der deutschen Einzelstaaten.","publisher":{"@id":"https:\/\/www.ewigerbund.org\/verfassungsrecht\/#organization"},"potentialAction":[{"@type":"SearchAction","target":{"@type":"EntryPoint","urlTemplate":"https:\/\/www.ewigerbund.org\/verfassungsrecht\/?s={search_term_string}"},"query-input":"required name=search_term_string"}],"inLanguage":"de"},{"@type":"Organization","@id":"https:\/\/www.ewigerbund.org\/verfassungsrecht\/#organization","name":"Verfassungsrecht","url":"https:\/\/www.ewigerbund.org\/verfassungsrecht\/","logo":{"@type":"ImageObject","inLanguage":"de","@id":"https:\/\/www.ewigerbund.org\/verfassungsrecht\/#\/schema\/logo\/image\/","url":"https:\/\/www.ewigerbund.org\/verfassungsrecht\/wp-content\/uploads\/sites\/10\/2022\/11\/2022-09-20-Logo-EB_Schutzzone_V4_Transparent.png","contentUrl":"https:\/\/www.ewigerbund.org\/verfassungsrecht\/wp-content\/uploads\/sites\/10\/2022\/11\/2022-09-20-Logo-EB_Schutzzone_V4_Transparent.png","width":2000,"height":1982,"caption":"Verfassungsrecht"},"image":{"@id":"https:\/\/www.ewigerbund.org\/verfassungsrecht\/#\/schema\/logo\/image\/"}}]}},"_links":{"self":[{"href":"https:\/\/www.ewigerbund.org\/verfassungsrecht\/wp-json\/wp\/v2\/pages\/1384","targetHints":{"allow":["GET"]}}],"collection":[{"href":"https:\/\/www.ewigerbund.org\/verfassungsrecht\/wp-json\/wp\/v2\/pages"}],"about":[{"href":"https:\/\/www.ewigerbund.org\/verfassungsrecht\/wp-json\/wp\/v2\/types\/page"}],"author":[{"embeddable":true,"href":"https:\/\/www.ewigerbund.org\/verfassungsrecht\/wp-json\/wp\/v2\/users\/8"}],"replies":[{"embeddable":true,"href":"https:\/\/www.ewigerbund.org\/verfassungsrecht\/wp-json\/wp\/v2\/comments?post=1384"}],"version-history":[{"count":4,"href":"https:\/\/www.ewigerbund.org\/verfassungsrecht\/wp-json\/wp\/v2\/pages\/1384\/revisions"}],"predecessor-version":[{"id":1391,"href":"https:\/\/www.ewigerbund.org\/verfassungsrecht\/wp-json\/wp\/v2\/pages\/1384\/revisions\/1391"}],"up":[{"embeddable":true,"href":"https:\/\/www.ewigerbund.org\/verfassungsrecht\/wp-json\/wp\/v2\/pages\/1404"}],"wp:attachment":[{"href":"https:\/\/www.ewigerbund.org\/verfassungsrecht\/wp-json\/wp\/v2\/media?parent=1384"}],"wp:term":[{"taxonomy":"category","embeddable":true,"href":"https:\/\/www.ewigerbund.org\/verfassungsrecht\/wp-json\/wp\/v2\/categories?post=1384"},{"taxonomy":"post_tag","embeddable":true,"href":"https:\/\/www.ewigerbund.org\/verfassungsrecht\/wp-json\/wp\/v2\/tags?post=1384"}],"curies":[{"name":"wp","href":"https:\/\/api.w.org\/{rel}","templated":true}]}}