{"id":1377,"date":"2023-01-03T18:07:47","date_gmt":"2023-01-03T17:07:47","guid":{"rendered":"https:\/\/www.ewigerbund.org\/verfassungsrecht\/?page_id=1377"},"modified":"2023-03-08T21:00:07","modified_gmt":"2023-03-08T20:00:07","slug":"deutschenrechte","status":"publish","type":"page","link":"https:\/\/www.ewigerbund.org\/verfassungsrecht\/staatsangehoerigkeit\/deutschenrechte\/","title":{"rendered":"Was sind die Deutschenrechte?"},"content":{"rendered":"\n<figure class=\"wp-block-image size-full\"><img loading=\"lazy\" decoding=\"async\" width=\"1009\" height=\"560\" src=\"https:\/\/www.ewigerbund.org\/verfassungsrecht\/wp-content\/uploads\/sites\/10\/2023\/01\/artikel-3-reichsverfassung-1.jpg\" alt=\"\" class=\"wp-image-1378\" srcset=\"https:\/\/www.ewigerbund.org\/verfassungsrecht\/wp-content\/uploads\/sites\/10\/2023\/01\/artikel-3-reichsverfassung-1.jpg 1009w, https:\/\/www.ewigerbund.org\/verfassungsrecht\/wp-content\/uploads\/sites\/10\/2023\/01\/artikel-3-reichsverfassung-1-300x167.jpg 300w, https:\/\/www.ewigerbund.org\/verfassungsrecht\/wp-content\/uploads\/sites\/10\/2023\/01\/artikel-3-reichsverfassung-1-768x426.jpg 768w\" sizes=\"auto, (max-width: 1009px) 100vw, 1009px\" \/><\/figure>\n\n\n\n<p><strong>Die Deutschenrechte<\/strong> (begr\u00fcndet in <a href=\"https:\/\/reichsverfassungsurkunde.bismarckserben.org\/seite84.php\" target=\"_blank\" rel=\"noopener\">Artikel 3 der Reichsverfassung<\/a>\u00b9) sind juristisch betrachtet keine subjektiven Rechte (also auf den einzelnen Deutschen \u00fcbertragenen Rechte), sondern sie <strong>stellen eine rechtliche Beschr\u00e4nkung der Staatsgewalt dar<\/strong>:<\/p>\n\n\n\n<p>Kein Deutscher darf aus dem Bundesgebiet ausgewiesen werden. Das Reich darf keinen Deutschen an einen anderen Staat ausliefern. Kein Angeh\u00f6riger eines Bundesstaates darf in einem anderen Bundesstaat an der Niederlassung gehindert werden. Keinem Deutschen darf der Erwerb von Grundst\u00fccken untersagt werden, usw.<\/p>\n\n\n\n<p>Das ist elementar wichtig f\u00fcr das Grundverst\u00e4ndnis der Deutschenrechte, denn diese k\u00f6nnen eben nur greifen, wenn der deutsche Staat handlungsf\u00e4hig ist: Schutz, Trutz und Wohlfahrt k\u00f6nnen nur wirken, wenn <a href=\"https:\/\/wissen.ewigerbund.org\/der-weg-ins-deutsche-kaiserreich-die-klaerung-der-deutschen-frage\/\" target=\"_blank\" rel=\"noopener\">alle mit anpacken<\/a>.<\/p>\n\n\n\n<p>\u00b9 ihre Ausgestaltung finden die Deutschenrechte i.d.R. in der Reichsgesetzgebung, so beispielsweise hier<br>&#8211; Gesetz \u00fcber die Freiz\u00fcgigkeit vom 1. November 1867.<br>&#8211; Wahlgesetz vom 31. Mai 1869.<br>&#8211; Gewerbeordnung vom 21. Juni 1869.<br>&#8211; Gesetz \u00fcber die Presse vom 7. Mai 1874.<br>&#8211; Vereinsgesetz vom 19. April 1908.<\/p>\n","protected":false},"excerpt":{"rendered":"<p>Die Deutschenrechte (begr\u00fcndet in Artikel 3 der Reichsverfassung\u00b9) sind juristisch betrachtet keine subjektiven Rechte (also auf den einzelnen Deutschen \u00fcbertragenen Rechte), sondern sie stellen eine rechtliche Beschr\u00e4nkung der Staatsgewalt dar: Kein Deutscher darf aus dem Bundesgebiet ausgewiesen werden. Das Reich darf keinen Deutschen an einen anderen Staat ausliefern. Kein Angeh\u00f6riger eines Bundesstaates darf in einem &#8230; <a title=\"Was sind die Deutschenrechte?\" class=\"read-more\" href=\"https:\/\/www.ewigerbund.org\/verfassungsrecht\/staatsangehoerigkeit\/deutschenrechte\/\" aria-label=\"Mehr zu Was sind die Deutschenrechte?\">Weiterlesen &#8230;<\/a><\/p>\n","protected":false},"author":8,"featured_media":0,"parent":1363,"menu_order":0,"comment_status":"closed","ping_status":"closed","template":"template-6-beide-seitenleiste.php","meta":{"footnotes":""},"categories":[79],"tags":[96],"class_list":["post-1377","page","type-page","status-publish","hentry","category-staatsangehoerigkeit","tag-verfassungsrecht"],"yoast_head":"<!-- This site is optimized with the Yoast SEO plugin v23.1 - https:\/\/yoast.com\/wordpress\/plugins\/seo\/ -->\n<title>Verfassungsrecht im ewigen Bund. - Was sind die Deutschenrechte?<\/title>\n<meta name=\"robots\" content=\"index, follow, max-snippet:-1, max-image-preview:large, max-video-preview:-1\" \/>\n<link rel=\"canonical\" href=\"https:\/\/www.ewigerbund.org\/verfassungsrecht\/staatsangehoerigkeit\/deutschenrechte\/\" \/>\n<meta property=\"og:locale\" content=\"de_DE\" \/>\n<meta property=\"og:type\" content=\"article\" \/>\n<meta property=\"og:title\" content=\"Verfassungsrecht im ewigen Bund. - Was sind die Deutschenrechte?\" \/>\n<meta property=\"og:description\" content=\"Die Deutschenrechte (begr\u00fcndet in Artikel 3 der Reichsverfassung\u00b9) sind juristisch betrachtet keine subjektiven Rechte (also auf den einzelnen Deutschen \u00fcbertragenen Rechte), sondern sie stellen eine rechtliche Beschr\u00e4nkung der Staatsgewalt dar: Kein Deutscher darf aus dem Bundesgebiet ausgewiesen werden. Das Reich darf keinen Deutschen an einen anderen Staat ausliefern. Kein Angeh\u00f6riger eines Bundesstaates darf in einem ... Weiterlesen ...\" \/>\n<meta property=\"og:url\" content=\"https:\/\/www.ewigerbund.org\/verfassungsrecht\/staatsangehoerigkeit\/deutschenrechte\/\" \/>\n<meta property=\"og:site_name\" content=\"Verfassungsrecht\" \/>\n<meta property=\"article:modified_time\" content=\"2023-03-08T20:00:07+00:00\" \/>\n<meta property=\"og:image\" content=\"https:\/\/www.ewigerbund.org\/verfassungsrecht\/wp-content\/uploads\/sites\/10\/2023\/01\/artikel-3-reichsverfassung-1.jpg\" \/>\n<meta name=\"twitter:card\" content=\"summary_large_image\" \/>\n<meta name=\"twitter:label1\" content=\"Gesch\u00e4tzte Lesezeit\" \/>\n\t<meta name=\"twitter:data1\" content=\"2\u00a0Minuten\" \/>\n<script type=\"application\/ld+json\" class=\"yoast-schema-graph\">{\"@context\":\"https:\/\/schema.org\",\"@graph\":[{\"@type\":\"WebPage\",\"@id\":\"https:\/\/www.ewigerbund.org\/verfassungsrecht\/staatsangehoerigkeit\/deutschenrechte\/\",\"url\":\"https:\/\/www.ewigerbund.org\/verfassungsrecht\/staatsangehoerigkeit\/deutschenrechte\/\",\"name\":\"Verfassungsrecht im ewigen Bund. - Was sind die Deutschenrechte?\",\"isPartOf\":{\"@id\":\"https:\/\/www.ewigerbund.org\/verfassungsrecht\/#website\"},\"primaryImageOfPage\":{\"@id\":\"https:\/\/www.ewigerbund.org\/verfassungsrecht\/staatsangehoerigkeit\/deutschenrechte\/#primaryimage\"},\"image\":{\"@id\":\"https:\/\/www.ewigerbund.org\/verfassungsrecht\/staatsangehoerigkeit\/deutschenrechte\/#primaryimage\"},\"thumbnailUrl\":\"https:\/\/www.ewigerbund.org\/verfassungsrecht\/wp-content\/uploads\/sites\/10\/2023\/01\/artikel-3-reichsverfassung-1.jpg\",\"datePublished\":\"2023-01-03T17:07:47+00:00\",\"dateModified\":\"2023-03-08T20:00:07+00:00\",\"breadcrumb\":{\"@id\":\"https:\/\/www.ewigerbund.org\/verfassungsrecht\/staatsangehoerigkeit\/deutschenrechte\/#breadcrumb\"},\"inLanguage\":\"de\",\"potentialAction\":[{\"@type\":\"ReadAction\",\"target\":[\"https:\/\/www.ewigerbund.org\/verfassungsrecht\/staatsangehoerigkeit\/deutschenrechte\/\"]}]},{\"@type\":\"ImageObject\",\"inLanguage\":\"de\",\"@id\":\"https:\/\/www.ewigerbund.org\/verfassungsrecht\/staatsangehoerigkeit\/deutschenrechte\/#primaryimage\",\"url\":\"https:\/\/www.ewigerbund.org\/verfassungsrecht\/wp-content\/uploads\/sites\/10\/2023\/01\/artikel-3-reichsverfassung-1.jpg\",\"contentUrl\":\"https:\/\/www.ewigerbund.org\/verfassungsrecht\/wp-content\/uploads\/sites\/10\/2023\/01\/artikel-3-reichsverfassung-1.jpg\",\"width\":1009,\"height\":560},{\"@type\":\"BreadcrumbList\",\"@id\":\"https:\/\/www.ewigerbund.org\/verfassungsrecht\/staatsangehoerigkeit\/deutschenrechte\/#breadcrumb\",\"itemListElement\":[{\"@type\":\"ListItem\",\"position\":1,\"name\":\"Startseite\",\"item\":\"https:\/\/www.ewigerbund.org\/verfassungsrecht\/\"},{\"@type\":\"ListItem\",\"position\":2,\"name\":\"Staatsangeh\u00f6rigkeit.\",\"item\":\"https:\/\/www.ewigerbund.org\/verfassungsrecht\/staatsangehoerigkeit\/\"},{\"@type\":\"ListItem\",\"position\":3,\"name\":\"Was sind die Deutschenrechte?\"}]},{\"@type\":\"WebSite\",\"@id\":\"https:\/\/www.ewigerbund.org\/verfassungsrecht\/#website\",\"url\":\"https:\/\/www.ewigerbund.org\/verfassungsrecht\/\",\"name\":\"Verfassungsrecht\",\"description\":\"Verfassungsb\u00fcndnis der deutschen Einzelstaaten.\",\"publisher\":{\"@id\":\"https:\/\/www.ewigerbund.org\/verfassungsrecht\/#organization\"},\"potentialAction\":[{\"@type\":\"SearchAction\",\"target\":{\"@type\":\"EntryPoint\",\"urlTemplate\":\"https:\/\/www.ewigerbund.org\/verfassungsrecht\/?s={search_term_string}\"},\"query-input\":\"required name=search_term_string\"}],\"inLanguage\":\"de\"},{\"@type\":\"Organization\",\"@id\":\"https:\/\/www.ewigerbund.org\/verfassungsrecht\/#organization\",\"name\":\"Verfassungsrecht\",\"url\":\"https:\/\/www.ewigerbund.org\/verfassungsrecht\/\",\"logo\":{\"@type\":\"ImageObject\",\"inLanguage\":\"de\",\"@id\":\"https:\/\/www.ewigerbund.org\/verfassungsrecht\/#\/schema\/logo\/image\/\",\"url\":\"https:\/\/www.ewigerbund.org\/verfassungsrecht\/wp-content\/uploads\/sites\/10\/2022\/11\/2022-09-20-Logo-EB_Schutzzone_V4_Transparent.png\",\"contentUrl\":\"https:\/\/www.ewigerbund.org\/verfassungsrecht\/wp-content\/uploads\/sites\/10\/2022\/11\/2022-09-20-Logo-EB_Schutzzone_V4_Transparent.png\",\"width\":2000,\"height\":1982,\"caption\":\"Verfassungsrecht\"},\"image\":{\"@id\":\"https:\/\/www.ewigerbund.org\/verfassungsrecht\/#\/schema\/logo\/image\/\"}}]}<\/script>\n<!-- \/ Yoast SEO plugin. -->","yoast_head_json":{"title":"Verfassungsrecht im ewigen Bund. - Was sind die Deutschenrechte?","robots":{"index":"index","follow":"follow","max-snippet":"max-snippet:-1","max-image-preview":"max-image-preview:large","max-video-preview":"max-video-preview:-1"},"canonical":"https:\/\/www.ewigerbund.org\/verfassungsrecht\/staatsangehoerigkeit\/deutschenrechte\/","og_locale":"de_DE","og_type":"article","og_title":"Verfassungsrecht im ewigen Bund. - Was sind die Deutschenrechte?","og_description":"Die Deutschenrechte (begr\u00fcndet in Artikel 3 der Reichsverfassung\u00b9) sind juristisch betrachtet keine subjektiven Rechte (also auf den einzelnen Deutschen \u00fcbertragenen Rechte), sondern sie stellen eine rechtliche Beschr\u00e4nkung der Staatsgewalt dar: Kein Deutscher darf aus dem Bundesgebiet ausgewiesen werden. Das Reich darf keinen Deutschen an einen anderen Staat ausliefern. Kein Angeh\u00f6riger eines Bundesstaates darf in einem ... Weiterlesen ...","og_url":"https:\/\/www.ewigerbund.org\/verfassungsrecht\/staatsangehoerigkeit\/deutschenrechte\/","og_site_name":"Verfassungsrecht","article_modified_time":"2023-03-08T20:00:07+00:00","og_image":[{"url":"https:\/\/www.ewigerbund.org\/verfassungsrecht\/wp-content\/uploads\/sites\/10\/2023\/01\/artikel-3-reichsverfassung-1.jpg"}],"twitter_card":"summary_large_image","twitter_misc":{"Gesch\u00e4tzte Lesezeit":"2\u00a0Minuten"},"schema":{"@context":"https:\/\/schema.org","@graph":[{"@type":"WebPage","@id":"https:\/\/www.ewigerbund.org\/verfassungsrecht\/staatsangehoerigkeit\/deutschenrechte\/","url":"https:\/\/www.ewigerbund.org\/verfassungsrecht\/staatsangehoerigkeit\/deutschenrechte\/","name":"Verfassungsrecht im ewigen Bund. - Was sind die Deutschenrechte?","isPartOf":{"@id":"https:\/\/www.ewigerbund.org\/verfassungsrecht\/#website"},"primaryImageOfPage":{"@id":"https:\/\/www.ewigerbund.org\/verfassungsrecht\/staatsangehoerigkeit\/deutschenrechte\/#primaryimage"},"image":{"@id":"https:\/\/www.ewigerbund.org\/verfassungsrecht\/staatsangehoerigkeit\/deutschenrechte\/#primaryimage"},"thumbnailUrl":"https:\/\/www.ewigerbund.org\/verfassungsrecht\/wp-content\/uploads\/sites\/10\/2023\/01\/artikel-3-reichsverfassung-1.jpg","datePublished":"2023-01-03T17:07:47+00:00","dateModified":"2023-03-08T20:00:07+00:00","breadcrumb":{"@id":"https:\/\/www.ewigerbund.org\/verfassungsrecht\/staatsangehoerigkeit\/deutschenrechte\/#breadcrumb"},"inLanguage":"de","potentialAction":[{"@type":"ReadAction","target":["https:\/\/www.ewigerbund.org\/verfassungsrecht\/staatsangehoerigkeit\/deutschenrechte\/"]}]},{"@type":"ImageObject","inLanguage":"de","@id":"https:\/\/www.ewigerbund.org\/verfassungsrecht\/staatsangehoerigkeit\/deutschenrechte\/#primaryimage","url":"https:\/\/www.ewigerbund.org\/verfassungsrecht\/wp-content\/uploads\/sites\/10\/2023\/01\/artikel-3-reichsverfassung-1.jpg","contentUrl":"https:\/\/www.ewigerbund.org\/verfassungsrecht\/wp-content\/uploads\/sites\/10\/2023\/01\/artikel-3-reichsverfassung-1.jpg","width":1009,"height":560},{"@type":"BreadcrumbList","@id":"https:\/\/www.ewigerbund.org\/verfassungsrecht\/staatsangehoerigkeit\/deutschenrechte\/#breadcrumb","itemListElement":[{"@type":"ListItem","position":1,"name":"Startseite","item":"https:\/\/www.ewigerbund.org\/verfassungsrecht\/"},{"@type":"ListItem","position":2,"name":"Staatsangeh\u00f6rigkeit.","item":"https:\/\/www.ewigerbund.org\/verfassungsrecht\/staatsangehoerigkeit\/"},{"@type":"ListItem","position":3,"name":"Was sind die Deutschenrechte?"}]},{"@type":"WebSite","@id":"https:\/\/www.ewigerbund.org\/verfassungsrecht\/#website","url":"https:\/\/www.ewigerbund.org\/verfassungsrecht\/","name":"Verfassungsrecht","description":"Verfassungsb\u00fcndnis der deutschen Einzelstaaten.","publisher":{"@id":"https:\/\/www.ewigerbund.org\/verfassungsrecht\/#organization"},"potentialAction":[{"@type":"SearchAction","target":{"@type":"EntryPoint","urlTemplate":"https:\/\/www.ewigerbund.org\/verfassungsrecht\/?s={search_term_string}"},"query-input":"required name=search_term_string"}],"inLanguage":"de"},{"@type":"Organization","@id":"https:\/\/www.ewigerbund.org\/verfassungsrecht\/#organization","name":"Verfassungsrecht","url":"https:\/\/www.ewigerbund.org\/verfassungsrecht\/","logo":{"@type":"ImageObject","inLanguage":"de","@id":"https:\/\/www.ewigerbund.org\/verfassungsrecht\/#\/schema\/logo\/image\/","url":"https:\/\/www.ewigerbund.org\/verfassungsrecht\/wp-content\/uploads\/sites\/10\/2022\/11\/2022-09-20-Logo-EB_Schutzzone_V4_Transparent.png","contentUrl":"https:\/\/www.ewigerbund.org\/verfassungsrecht\/wp-content\/uploads\/sites\/10\/2022\/11\/2022-09-20-Logo-EB_Schutzzone_V4_Transparent.png","width":2000,"height":1982,"caption":"Verfassungsrecht"},"image":{"@id":"https:\/\/www.ewigerbund.org\/verfassungsrecht\/#\/schema\/logo\/image\/"}}]}},"_links":{"self":[{"href":"https:\/\/www.ewigerbund.org\/verfassungsrecht\/wp-json\/wp\/v2\/pages\/1377","targetHints":{"allow":["GET"]}}],"collection":[{"href":"https:\/\/www.ewigerbund.org\/verfassungsrecht\/wp-json\/wp\/v2\/pages"}],"about":[{"href":"https:\/\/www.ewigerbund.org\/verfassungsrecht\/wp-json\/wp\/v2\/types\/page"}],"author":[{"embeddable":true,"href":"https:\/\/www.ewigerbund.org\/verfassungsrecht\/wp-json\/wp\/v2\/users\/8"}],"replies":[{"embeddable":true,"href":"https:\/\/www.ewigerbund.org\/verfassungsrecht\/wp-json\/wp\/v2\/comments?post=1377"}],"version-history":[{"count":1,"href":"https:\/\/www.ewigerbund.org\/verfassungsrecht\/wp-json\/wp\/v2\/pages\/1377\/revisions"}],"predecessor-version":[{"id":1379,"href":"https:\/\/www.ewigerbund.org\/verfassungsrecht\/wp-json\/wp\/v2\/pages\/1377\/revisions\/1379"}],"up":[{"embeddable":true,"href":"https:\/\/www.ewigerbund.org\/verfassungsrecht\/wp-json\/wp\/v2\/pages\/1363"}],"wp:attachment":[{"href":"https:\/\/www.ewigerbund.org\/verfassungsrecht\/wp-json\/wp\/v2\/media?parent=1377"}],"wp:term":[{"taxonomy":"category","embeddable":true,"href":"https:\/\/www.ewigerbund.org\/verfassungsrecht\/wp-json\/wp\/v2\/categories?post=1377"},{"taxonomy":"post_tag","embeddable":true,"href":"https:\/\/www.ewigerbund.org\/verfassungsrecht\/wp-json\/wp\/v2\/tags?post=1377"}],"curies":[{"name":"wp","href":"https:\/\/api.w.org\/{rel}","templated":true}]}}