{"id":1363,"date":"2023-01-03T17:50:39","date_gmt":"2023-01-03T16:50:39","guid":{"rendered":"https:\/\/www.ewigerbund.org\/verfassungsrecht\/?page_id=1363"},"modified":"2024-10-01T12:42:40","modified_gmt":"2024-10-01T10:42:40","slug":"staatsangehoerigkeit","status":"publish","type":"page","link":"https:\/\/www.ewigerbund.org\/verfassungsrecht\/staatsangehoerigkeit\/","title":{"rendered":"Staatsangeh\u00f6rigkeit."},"content":{"rendered":"<div class=\"gb-container gb-container-11f3cba7\"><div class=\"gb-inside-container\">\n<div class=\"wp-block-image\">\n<figure class=\"aligncenter size-full is-resized\"><img loading=\"lazy\" decoding=\"async\" width=\"100\" height=\"105\" src=\"https:\/\/www.ewigerbund.org\/verfassungsrecht\/wp-content\/uploads\/sites\/10\/2023\/01\/Zitat-1.png\" alt=\"\" class=\"wp-image-1878\" style=\"width:50px;height:53px\"\/><\/figure><\/div>\n\n<div class=\"gb-container gb-container-be708018\"><div class=\"gb-inside-container\">\n\n<p class=\"has-text-align-center cat-box-titel-h3 has-text-color\" style=\"color:#304148\"><em>Wir freuen uns, da\u00df in dem [Reichs- und Staatsangeh\u00f6rigkeits-] Gesetz der Grundsatz des ius sanguinis rein durchgef\u00fchrt worden ist, da\u00df also in der Hauptsache die Abstammung, das Blut das Entscheidende f\u00fcr den Erwerb der Staatsangeh\u00f6rigkeit ist. Diese Bestimmung dient hervorragend dazu, den v\u00f6lkischen Charakter(!) und die deutsche Eigenart(!) zu erhalten und zu bewahren. Wir treten infolgedessen allen denjenigen Antr\u00e4gen entgegen, die das jus soli in irgendeiner Weise einzuf\u00fchren beabsichtigen.<\/em><\/p>\n\n<\/div><\/div>\n\n\n<p class=\"has-text-align-center has-text-color\" style=\"color:#304148;font-size:16px\">Rede des Abgeordneten Dr. Giese im Reichstag am 28. Mai 1913<\/p>\n\n<\/div><\/div>\n\n\n<div style=\"height:40px\" aria-hidden=\"true\" class=\"wp-block-spacer\"><\/div>\n\n\n\n<div class=\"wp-block-columns is-layout-flex wp-container-core-columns-is-layout-1 wp-block-columns-is-layout-flex\">\n<div class=\"wp-block-column cat-box-border is-layout-flow wp-block-column-is-layout-flow\">\n<figure class=\"wp-block-image size-full\"><a href=\"https:\/\/www.ewigerbund.org\/verfassungsrecht\/deutscher\/\"><img loading=\"lazy\" decoding=\"async\" width=\"750\" height=\"350\" src=\"https:\/\/www.ewigerbund.org\/verfassungsrecht\/wp-content\/uploads\/sites\/10\/2023\/02\/EB-Staatsang-DeutscherIst_v.jpg\" alt=\"\" class=\"wp-image-2106\" srcset=\"https:\/\/www.ewigerbund.org\/verfassungsrecht\/wp-content\/uploads\/sites\/10\/2023\/02\/EB-Staatsang-DeutscherIst_v.jpg 750w, https:\/\/www.ewigerbund.org\/verfassungsrecht\/wp-content\/uploads\/sites\/10\/2023\/02\/EB-Staatsang-DeutscherIst_v-300x140.jpg 300w\" sizes=\"auto, (max-width: 750px) 100vw, 750px\" \/><\/a><\/figure>\n\n\n\n<h3 class=\"wp-block-heading\">Was ist ein Deutscher?<br><\/h3>\n\n\n\n<p><a href=\"https:\/\/www.ewigerbund.org\/verfassungsrecht\/deutscher\/\">Weiterlesen \u2192<\/a><\/p>\n<\/div>\n\n\n\n<div class=\"wp-block-column cat-box-border is-layout-flow wp-block-column-is-layout-flow\">\n<h3 class=\"wp-block-heading\">Deutschenrechte.<br><\/h3>\n\n\n\n<p><a href=\"https:\/\/www.ewigerbund.org\/verfassungsrecht\/staatsangehoerigkeit\/deutschenrechte\/\">Weiterlesen \u2192<\/a><\/p>\n<\/div>\n\n\n\n<div class=\"wp-block-column cat-box-border is-layout-flow wp-block-column-is-layout-flow\">\n<figure class=\"wp-block-image size-full\"><a href=\"https:\/\/www.ewigerbund.org\/verfassungsrecht\/staatsangehoerigkeit\/das-rustag-1913\/\"><img loading=\"lazy\" decoding=\"async\" width=\"750\" height=\"350\" src=\"https:\/\/www.ewigerbund.org\/verfassungsrecht\/wp-content\/uploads\/sites\/10\/2023\/02\/EB-Staatsang-Rustag1913_v.jpg\" alt=\"\" class=\"wp-image-2110\" srcset=\"https:\/\/www.ewigerbund.org\/verfassungsrecht\/wp-content\/uploads\/sites\/10\/2023\/02\/EB-Staatsang-Rustag1913_v.jpg 750w, https:\/\/www.ewigerbund.org\/verfassungsrecht\/wp-content\/uploads\/sites\/10\/2023\/02\/EB-Staatsang-Rustag1913_v-300x140.jpg 300w\" sizes=\"auto, (max-width: 750px) 100vw, 750px\" \/><\/a><\/figure>\n\n\n\n<h3 class=\"wp-block-heading\">Das RuStAG 1913.<br><\/h3>\n\n\n\n<p><a href=\"https:\/\/www.ewigerbund.org\/verfassungsrecht\/staatsangehoerigkeit\/das-rustag-1913\/\">RuStAG lesen \u2192<\/a><\/p>\n<\/div>\n<\/div>\n\n\n\n<div class=\"wp-block-columns is-layout-flex wp-container-core-columns-is-layout-2 wp-block-columns-is-layout-flex\">\n<div class=\"wp-block-column cat-box-border is-layout-flow wp-block-column-is-layout-flow\">\n<figure class=\"wp-block-image size-full\"><a href=\"https:\/\/www.ewigerbund.org\/verfassungsrecht\/staatsangehoerigkeit\/nachweise\/\"><img loading=\"lazy\" decoding=\"async\" width=\"750\" height=\"350\" src=\"https:\/\/www.ewigerbund.org\/verfassungsrecht\/wp-content\/uploads\/sites\/10\/2023\/02\/EB-Staatsang-Nachweise_v.jpg\" alt=\"\" class=\"wp-image-2108\" srcset=\"https:\/\/www.ewigerbund.org\/verfassungsrecht\/wp-content\/uploads\/sites\/10\/2023\/02\/EB-Staatsang-Nachweise_v.jpg 750w, https:\/\/www.ewigerbund.org\/verfassungsrecht\/wp-content\/uploads\/sites\/10\/2023\/02\/EB-Staatsang-Nachweise_v-300x140.jpg 300w\" sizes=\"auto, (max-width: 750px) 100vw, 750px\" \/><\/a><\/figure>\n\n\n\n<h3 class=\"wp-block-heading\">Nachweise gem\u00e4\u00df RuStAG 1913.<\/h3>\n\n\n\n<p><a href=\"https:\/\/www.ewigerbund.org\/verfassungsrecht\/staatsangehoerigkeit\/nachweise\/\">Welche Nachweise werden ben\u00f6tigt? \u2192<\/a><\/p>\n<\/div>\n\n\n\n<div class=\"wp-block-column cat-box-border is-layout-flow wp-block-column-is-layout-flow\">\n<figure class=\"wp-block-image size-full\"><a href=\"https:\/\/www.ewigerbund.org\/verfassungsrecht\/staatsangehoerigkeit\/geschichte\/\"><img loading=\"lazy\" decoding=\"async\" width=\"750\" height=\"350\" src=\"https:\/\/www.ewigerbund.org\/verfassungsrecht\/wp-content\/uploads\/sites\/10\/2024\/10\/EB-Verfassungrecht-Staatsangehoerigkeit-geschichte_v.jpg\" alt=\"Geschichte der deutschen Staatshangeh\u00f6rigkeit.\" class=\"wp-image-2849\" srcset=\"https:\/\/www.ewigerbund.org\/verfassungsrecht\/wp-content\/uploads\/sites\/10\/2024\/10\/EB-Verfassungrecht-Staatsangehoerigkeit-geschichte_v.jpg 750w, https:\/\/www.ewigerbund.org\/verfassungsrecht\/wp-content\/uploads\/sites\/10\/2024\/10\/EB-Verfassungrecht-Staatsangehoerigkeit-geschichte_v-300x140.jpg 300w\" sizes=\"auto, (max-width: 750px) 100vw, 750px\" \/><\/a><\/figure>\n\n\n\n<h3 class=\"wp-block-heading\">Die Geschichte der Staatsangeh\u00f6rigkeit.<\/h3>\n\n\n\n<p><a href=\"https:\/\/www.ewigerbund.org\/verfassungsrecht\/staatsangehoerigkeit\/geschichte\/\">Mehr erfahren \u2192<\/a><\/p>\n<\/div>\n<\/div>\n\n\n<div class=\"gb-container gb-container-f2d4eb17\"><div class=\"gb-inside-container\">\n\n<div class=\"wp-block-columns is-layout-flex wp-container-core-columns-is-layout-3 wp-block-columns-is-layout-flex\">\n<div class=\"wp-block-column is-vertically-aligned-center is-layout-flow wp-block-column-is-layout-flow\">\n<figure class=\"wp-block-image size-large\"><img decoding=\"async\" src=\"https:\/\/www.ewigerbund.org\/film\/wp-content\/uploads\/sites\/38\/2023\/02\/EB-Mediathek-Film30_v.jpg\" alt=\"Kleine deutsche Verfassungsgeschichte.\"\/><\/figure>\n<\/div>\n\n\n\n<div class=\"wp-block-column is-vertically-aligned-center is-layout-flow wp-block-column-is-layout-flow\"><div class=\"gb-container gb-container-e3d95d0f\"><div class=\"gb-inside-container\">\n\n<p class=\"has-text-align-center cat-box-titel-h3\">Wissen ist eine Holschuld #30.<\/p>\n\n\n<div class=\"gb-button-wrapper gb-button-wrapper-0be8fc1e\">\n\n<a class=\"gb-button gb-button-1a045409\" href=\"https:\/\/www.ewigerbund.org\/film\/30-kleine-deutsche-verfassungsgeschichte\/\"><span class=\"gb-icon\"><svg aria-hidden=\"true\" role=\"img\" height=\"1em\" width=\"1em\" viewBox=\"0 0 576 512\" xmlns=\"http:\/\/www.w3.org\/2000\/svg\"><path fill=\"currentColor\" d=\"M549.655 124.083c-6.281-23.65-24.787-42.276-48.284-48.597C458.781 64 288 64 288 64S117.22 64 74.629 75.486c-23.497 6.322-42.003 24.947-48.284 48.597-11.412 42.867-11.412 132.305-11.412 132.305s0 89.438 11.412 132.305c6.281 23.65 24.787 41.5 48.284 47.821C117.22 448 288 448 288 448s170.78 0 213.371-11.486c23.497-6.321 42.003-24.171 48.284-47.821 11.412-42.867 11.412-132.305 11.412-132.305s0-89.438-11.412-132.305zm-317.51 213.508V175.185l142.739 81.205-142.739 81.201z\"><\/path><\/svg><\/span><span class=\"gb-button-text\">Kleine deutsche Verfassungsgeschichte.<\/span><\/a>\n\n<\/div>\n<\/div><\/div><\/div>\n<\/div>\n\n<\/div><\/div>","protected":false},"excerpt":{"rendered":"<p>Wir freuen uns, da\u00df in dem [Reichs- und Staatsangeh\u00f6rigkeits-] Gesetz der Grundsatz des ius sanguinis rein durchgef\u00fchrt worden ist, da\u00df also in der Hauptsache die Abstammung, das Blut das Entscheidende f\u00fcr den Erwerb der Staatsangeh\u00f6rigkeit ist. Diese Bestimmung dient hervorragend dazu, den v\u00f6lkischen Charakter(!) und die deutsche Eigenart(!) zu erhalten und zu bewahren. Wir treten &#8230; <a title=\"Staatsangeh\u00f6rigkeit.\" class=\"read-more\" href=\"https:\/\/www.ewigerbund.org\/verfassungsrecht\/staatsangehoerigkeit\/\" aria-label=\"Mehr zu Staatsangeh\u00f6rigkeit.\">Weiterlesen &#8230;<\/a><\/p>\n","protected":false},"author":8,"featured_media":0,"parent":0,"menu_order":0,"comment_status":"closed","ping_status":"closed","template":"template-4-linke-seitenleiste.php","meta":{"footnotes":""},"categories":[79],"tags":[],"class_list":["post-1363","page","type-page","status-publish","hentry","category-staatsangehoerigkeit"],"yoast_head":"<!-- This site is optimized with the Yoast SEO plugin v23.1 - https:\/\/yoast.com\/wordpress\/plugins\/seo\/ -->\n<title>Verfassungsrecht im ewigen Bund. - Staatsangeh\u00f6rigkeit.<\/title>\n<meta name=\"robots\" content=\"index, follow, max-snippet:-1, max-image-preview:large, max-video-preview:-1\" \/>\n<link rel=\"canonical\" href=\"https:\/\/www.ewigerbund.org\/verfassungsrecht\/staatsangehoerigkeit\/\" \/>\n<meta property=\"og:locale\" content=\"de_DE\" \/>\n<meta property=\"og:type\" content=\"article\" \/>\n<meta property=\"og:title\" content=\"Verfassungsrecht im ewigen Bund. - Staatsangeh\u00f6rigkeit.\" \/>\n<meta property=\"og:description\" content=\"Wir freuen uns, da\u00df in dem [Reichs- und Staatsangeh\u00f6rigkeits-] Gesetz der Grundsatz des ius sanguinis rein durchgef\u00fchrt worden ist, da\u00df also in der Hauptsache die Abstammung, das Blut das Entscheidende f\u00fcr den Erwerb der Staatsangeh\u00f6rigkeit ist. Diese Bestimmung dient hervorragend dazu, den v\u00f6lkischen Charakter(!) und die deutsche Eigenart(!) zu erhalten und zu bewahren. Wir treten ... Weiterlesen ...\" \/>\n<meta property=\"og:url\" content=\"https:\/\/www.ewigerbund.org\/verfassungsrecht\/staatsangehoerigkeit\/\" \/>\n<meta property=\"og:site_name\" content=\"Verfassungsrecht\" \/>\n<meta property=\"article:modified_time\" content=\"2024-10-01T10:42:40+00:00\" \/>\n<meta property=\"og:image\" content=\"https:\/\/www.ewigerbund.org\/verfassungsrecht\/wp-content\/uploads\/sites\/10\/2023\/01\/Zitat-1.png\" \/>\n<meta name=\"twitter:card\" content=\"summary_large_image\" \/>\n<meta name=\"twitter:label1\" content=\"Gesch\u00e4tzte Lesezeit\" \/>\n\t<meta name=\"twitter:data1\" content=\"2\u00a0Minuten\" \/>\n<script type=\"application\/ld+json\" class=\"yoast-schema-graph\">{\"@context\":\"https:\/\/schema.org\",\"@graph\":[{\"@type\":\"WebPage\",\"@id\":\"https:\/\/www.ewigerbund.org\/verfassungsrecht\/staatsangehoerigkeit\/\",\"url\":\"https:\/\/www.ewigerbund.org\/verfassungsrecht\/staatsangehoerigkeit\/\",\"name\":\"Verfassungsrecht im ewigen Bund. - Staatsangeh\u00f6rigkeit.\",\"isPartOf\":{\"@id\":\"https:\/\/www.ewigerbund.org\/verfassungsrecht\/#website\"},\"primaryImageOfPage\":{\"@id\":\"https:\/\/www.ewigerbund.org\/verfassungsrecht\/staatsangehoerigkeit\/#primaryimage\"},\"image\":{\"@id\":\"https:\/\/www.ewigerbund.org\/verfassungsrecht\/staatsangehoerigkeit\/#primaryimage\"},\"thumbnailUrl\":\"https:\/\/www.ewigerbund.org\/verfassungsrecht\/wp-content\/uploads\/sites\/10\/2023\/01\/Zitat-1.png\",\"datePublished\":\"2023-01-03T16:50:39+00:00\",\"dateModified\":\"2024-10-01T10:42:40+00:00\",\"breadcrumb\":{\"@id\":\"https:\/\/www.ewigerbund.org\/verfassungsrecht\/staatsangehoerigkeit\/#breadcrumb\"},\"inLanguage\":\"de\",\"potentialAction\":[{\"@type\":\"ReadAction\",\"target\":[\"https:\/\/www.ewigerbund.org\/verfassungsrecht\/staatsangehoerigkeit\/\"]}]},{\"@type\":\"ImageObject\",\"inLanguage\":\"de\",\"@id\":\"https:\/\/www.ewigerbund.org\/verfassungsrecht\/staatsangehoerigkeit\/#primaryimage\",\"url\":\"https:\/\/www.ewigerbund.org\/verfassungsrecht\/wp-content\/uploads\/sites\/10\/2023\/01\/Zitat-1.png\",\"contentUrl\":\"https:\/\/www.ewigerbund.org\/verfassungsrecht\/wp-content\/uploads\/sites\/10\/2023\/01\/Zitat-1.png\",\"width\":100,\"height\":105,\"caption\":\"Zitat\"},{\"@type\":\"BreadcrumbList\",\"@id\":\"https:\/\/www.ewigerbund.org\/verfassungsrecht\/staatsangehoerigkeit\/#breadcrumb\",\"itemListElement\":[{\"@type\":\"ListItem\",\"position\":1,\"name\":\"Startseite\",\"item\":\"https:\/\/www.ewigerbund.org\/verfassungsrecht\/\"},{\"@type\":\"ListItem\",\"position\":2,\"name\":\"Staatsangeh\u00f6rigkeit.\"}]},{\"@type\":\"WebSite\",\"@id\":\"https:\/\/www.ewigerbund.org\/verfassungsrecht\/#website\",\"url\":\"https:\/\/www.ewigerbund.org\/verfassungsrecht\/\",\"name\":\"Verfassungsrecht\",\"description\":\"Verfassungsb\u00fcndnis der deutschen Einzelstaaten.\",\"publisher\":{\"@id\":\"https:\/\/www.ewigerbund.org\/verfassungsrecht\/#organization\"},\"potentialAction\":[{\"@type\":\"SearchAction\",\"target\":{\"@type\":\"EntryPoint\",\"urlTemplate\":\"https:\/\/www.ewigerbund.org\/verfassungsrecht\/?s={search_term_string}\"},\"query-input\":\"required name=search_term_string\"}],\"inLanguage\":\"de\"},{\"@type\":\"Organization\",\"@id\":\"https:\/\/www.ewigerbund.org\/verfassungsrecht\/#organization\",\"name\":\"Verfassungsrecht\",\"url\":\"https:\/\/www.ewigerbund.org\/verfassungsrecht\/\",\"logo\":{\"@type\":\"ImageObject\",\"inLanguage\":\"de\",\"@id\":\"https:\/\/www.ewigerbund.org\/verfassungsrecht\/#\/schema\/logo\/image\/\",\"url\":\"https:\/\/www.ewigerbund.org\/verfassungsrecht\/wp-content\/uploads\/sites\/10\/2022\/11\/2022-09-20-Logo-EB_Schutzzone_V4_Transparent.png\",\"contentUrl\":\"https:\/\/www.ewigerbund.org\/verfassungsrecht\/wp-content\/uploads\/sites\/10\/2022\/11\/2022-09-20-Logo-EB_Schutzzone_V4_Transparent.png\",\"width\":2000,\"height\":1982,\"caption\":\"Verfassungsrecht\"},\"image\":{\"@id\":\"https:\/\/www.ewigerbund.org\/verfassungsrecht\/#\/schema\/logo\/image\/\"}}]}<\/script>\n<!-- \/ Yoast SEO plugin. -->","yoast_head_json":{"title":"Verfassungsrecht im ewigen Bund. - Staatsangeh\u00f6rigkeit.","robots":{"index":"index","follow":"follow","max-snippet":"max-snippet:-1","max-image-preview":"max-image-preview:large","max-video-preview":"max-video-preview:-1"},"canonical":"https:\/\/www.ewigerbund.org\/verfassungsrecht\/staatsangehoerigkeit\/","og_locale":"de_DE","og_type":"article","og_title":"Verfassungsrecht im ewigen Bund. - Staatsangeh\u00f6rigkeit.","og_description":"Wir freuen uns, da\u00df in dem [Reichs- und Staatsangeh\u00f6rigkeits-] Gesetz der Grundsatz des ius sanguinis rein durchgef\u00fchrt worden ist, da\u00df also in der Hauptsache die Abstammung, das Blut das Entscheidende f\u00fcr den Erwerb der Staatsangeh\u00f6rigkeit ist. Diese Bestimmung dient hervorragend dazu, den v\u00f6lkischen Charakter(!) und die deutsche Eigenart(!) zu erhalten und zu bewahren. Wir treten ... Weiterlesen ...","og_url":"https:\/\/www.ewigerbund.org\/verfassungsrecht\/staatsangehoerigkeit\/","og_site_name":"Verfassungsrecht","article_modified_time":"2024-10-01T10:42:40+00:00","og_image":[{"url":"https:\/\/www.ewigerbund.org\/verfassungsrecht\/wp-content\/uploads\/sites\/10\/2023\/01\/Zitat-1.png"}],"twitter_card":"summary_large_image","twitter_misc":{"Gesch\u00e4tzte Lesezeit":"2\u00a0Minuten"},"schema":{"@context":"https:\/\/schema.org","@graph":[{"@type":"WebPage","@id":"https:\/\/www.ewigerbund.org\/verfassungsrecht\/staatsangehoerigkeit\/","url":"https:\/\/www.ewigerbund.org\/verfassungsrecht\/staatsangehoerigkeit\/","name":"Verfassungsrecht im ewigen Bund. - Staatsangeh\u00f6rigkeit.","isPartOf":{"@id":"https:\/\/www.ewigerbund.org\/verfassungsrecht\/#website"},"primaryImageOfPage":{"@id":"https:\/\/www.ewigerbund.org\/verfassungsrecht\/staatsangehoerigkeit\/#primaryimage"},"image":{"@id":"https:\/\/www.ewigerbund.org\/verfassungsrecht\/staatsangehoerigkeit\/#primaryimage"},"thumbnailUrl":"https:\/\/www.ewigerbund.org\/verfassungsrecht\/wp-content\/uploads\/sites\/10\/2023\/01\/Zitat-1.png","datePublished":"2023-01-03T16:50:39+00:00","dateModified":"2024-10-01T10:42:40+00:00","breadcrumb":{"@id":"https:\/\/www.ewigerbund.org\/verfassungsrecht\/staatsangehoerigkeit\/#breadcrumb"},"inLanguage":"de","potentialAction":[{"@type":"ReadAction","target":["https:\/\/www.ewigerbund.org\/verfassungsrecht\/staatsangehoerigkeit\/"]}]},{"@type":"ImageObject","inLanguage":"de","@id":"https:\/\/www.ewigerbund.org\/verfassungsrecht\/staatsangehoerigkeit\/#primaryimage","url":"https:\/\/www.ewigerbund.org\/verfassungsrecht\/wp-content\/uploads\/sites\/10\/2023\/01\/Zitat-1.png","contentUrl":"https:\/\/www.ewigerbund.org\/verfassungsrecht\/wp-content\/uploads\/sites\/10\/2023\/01\/Zitat-1.png","width":100,"height":105,"caption":"Zitat"},{"@type":"BreadcrumbList","@id":"https:\/\/www.ewigerbund.org\/verfassungsrecht\/staatsangehoerigkeit\/#breadcrumb","itemListElement":[{"@type":"ListItem","position":1,"name":"Startseite","item":"https:\/\/www.ewigerbund.org\/verfassungsrecht\/"},{"@type":"ListItem","position":2,"name":"Staatsangeh\u00f6rigkeit."}]},{"@type":"WebSite","@id":"https:\/\/www.ewigerbund.org\/verfassungsrecht\/#website","url":"https:\/\/www.ewigerbund.org\/verfassungsrecht\/","name":"Verfassungsrecht","description":"Verfassungsb\u00fcndnis der deutschen Einzelstaaten.","publisher":{"@id":"https:\/\/www.ewigerbund.org\/verfassungsrecht\/#organization"},"potentialAction":[{"@type":"SearchAction","target":{"@type":"EntryPoint","urlTemplate":"https:\/\/www.ewigerbund.org\/verfassungsrecht\/?s={search_term_string}"},"query-input":"required name=search_term_string"}],"inLanguage":"de"},{"@type":"Organization","@id":"https:\/\/www.ewigerbund.org\/verfassungsrecht\/#organization","name":"Verfassungsrecht","url":"https:\/\/www.ewigerbund.org\/verfassungsrecht\/","logo":{"@type":"ImageObject","inLanguage":"de","@id":"https:\/\/www.ewigerbund.org\/verfassungsrecht\/#\/schema\/logo\/image\/","url":"https:\/\/www.ewigerbund.org\/verfassungsrecht\/wp-content\/uploads\/sites\/10\/2022\/11\/2022-09-20-Logo-EB_Schutzzone_V4_Transparent.png","contentUrl":"https:\/\/www.ewigerbund.org\/verfassungsrecht\/wp-content\/uploads\/sites\/10\/2022\/11\/2022-09-20-Logo-EB_Schutzzone_V4_Transparent.png","width":2000,"height":1982,"caption":"Verfassungsrecht"},"image":{"@id":"https:\/\/www.ewigerbund.org\/verfassungsrecht\/#\/schema\/logo\/image\/"}}]}},"_links":{"self":[{"href":"https:\/\/www.ewigerbund.org\/verfassungsrecht\/wp-json\/wp\/v2\/pages\/1363","targetHints":{"allow":["GET"]}}],"collection":[{"href":"https:\/\/www.ewigerbund.org\/verfassungsrecht\/wp-json\/wp\/v2\/pages"}],"about":[{"href":"https:\/\/www.ewigerbund.org\/verfassungsrecht\/wp-json\/wp\/v2\/types\/page"}],"author":[{"embeddable":true,"href":"https:\/\/www.ewigerbund.org\/verfassungsrecht\/wp-json\/wp\/v2\/users\/8"}],"replies":[{"embeddable":true,"href":"https:\/\/www.ewigerbund.org\/verfassungsrecht\/wp-json\/wp\/v2\/comments?post=1363"}],"version-history":[{"count":26,"href":"https:\/\/www.ewigerbund.org\/verfassungsrecht\/wp-json\/wp\/v2\/pages\/1363\/revisions"}],"predecessor-version":[{"id":2852,"href":"https:\/\/www.ewigerbund.org\/verfassungsrecht\/wp-json\/wp\/v2\/pages\/1363\/revisions\/2852"}],"wp:attachment":[{"href":"https:\/\/www.ewigerbund.org\/verfassungsrecht\/wp-json\/wp\/v2\/media?parent=1363"}],"wp:term":[{"taxonomy":"category","embeddable":true,"href":"https:\/\/www.ewigerbund.org\/verfassungsrecht\/wp-json\/wp\/v2\/categories?post=1363"},{"taxonomy":"post_tag","embeddable":true,"href":"https:\/\/www.ewigerbund.org\/verfassungsrecht\/wp-json\/wp\/v2\/tags?post=1363"}],"curies":[{"name":"wp","href":"https:\/\/api.w.org\/{rel}","templated":true}]}}