{"id":1196,"date":"2022-10-31T20:39:06","date_gmt":"2022-10-31T19:39:06","guid":{"rendered":"https:\/\/www.ewigerbund.org\/verfassungsrecht\/?page_id=1196"},"modified":"2025-02-20T09:17:32","modified_gmt":"2025-02-20T08:17:32","slug":"reichskanzler","status":"publish","type":"page","link":"https:\/\/www.ewigerbund.org\/verfassungsrecht\/staatsrecht-des-ewigen-bundes\/reichskanzler\/","title":{"rendered":"Der Reichskanzler."},"content":{"rendered":"\n<h2 class=\"gb-headline gb-headline-3dbe6b84 gb-headline-text\">Der oberste Beamte des Reiches.<\/h2>\n\n\n\n<p>Der Reichskanzler ist der h\u00f6chste Beamte des Deutschen Reiches. Da die vollziehende Gewalt (Exekutive) zwischen <a href=\"https:\/\/www.ewigerbund.org\/verfassungsrecht\/staatsrecht-des-ewigen-bundes\/bundesrat\/\">Bundesrat<\/a> und <a href=\"https:\/\/www.ewigerbund.org\/verfassungsrecht\/staatsrecht-des-ewigen-bundes\/der-kaiser-als-organ-des-reiches\/\">Kaiser<\/a> aufgeteilt ist, nimmt der Reichskanzler eine Dreifachstellung ein. Das hei\u00dft, der Reichskanzler ist in Personalunion Vorsitzender und Gesch\u00e4ftsf\u00fchrer des Bundesrates, kaiserlicher Reichsminister und oberster Leiter und Dienstvorgesetzter aller Reichsbeh\u00f6rden. Gleichzeitig ist er aus politischer Notwendigkeit, die allerdings nicht staatsrechtlich gefordert ist, auch preu\u00dfischer Au\u00dfenminister und preu\u00dfischer Ministerpr\u00e4sident. Als solcher fungiert er als Bevollm\u00e4chtigter Preu\u00dfens im Bundesrat. Seine dortige Aufgabe ist es, die Beschl\u00fcsse des preu\u00dfischen Staatsministeriums zu befolgen. Er tr\u00e4gt dann auch die Verantwortung f\u00fcr diese. In seiner Eigenschaft als Vertreter Preu\u00dfens wird er vom preu\u00dfischen K\u00f6nig ernannt bzw. abgerufen; in seiner Eigenschaft als Reichskanzler erfolgt die Ernennung bzw. Abberufung durch den Deutschen Kaiser. Diese Mehrfachfunktion kann zu Pflichtkollisionen f\u00fchren. In diesem Fall ist es Aufgabe des Kaisers solch einen Konflikt zu l\u00f6sen.<\/p>\n\n\n\n<p>Als Vorsitzender des Bundesrates ist es Aufgabe des Reichskanzlers, die Rechte und Pflichten des Reiches wahrzunehmen. Gleichzeitig hat er in seiner Funktion als einer der von der preu\u00dfischen Staatsregierung beauftragten 17 Vertreter Preu\u00dfens die Rechte des preu\u00dfischen Staates wahrzunehmen. Wesentlich wichtiger als seine Funktion im Bundesrat ist seine Funktion als oberster Reichsbeamter und oberste Reichsbeh\u00f6rde, also als einziger verantwortlicher Reichsminister. In dieser Position ist der Reichskanzler erm\u00e4chtigt, die Regierungsgesch\u00e4fte im Bereich der Reichsverwaltung selbstst\u00e4ndig zu erledigen.<\/p>\n\n\n\n<p>Bez\u00fcglich der Reichsgesch\u00e4fte ist der Reichskanzler gleichzeitig Generalbevollm\u00e4chtigter und Generalmandatar des Kaisers. Als Bevollm\u00e4chtigter z\u00e4hlt es zu seinen Aufgaben im Namen des Kaisers z. B. Verhandlungen zu f\u00fchren oder Vertr\u00e4ge zu schlie\u00dfen, gleichg\u00fcltig ob mit fremden Staaten oder Privatpersonen. Ebenso ist es ihm erlaubt, den Reichsfiskus in Prozessen zu vertreten oder Verwaltungsverordnungen an die Reichsbeh\u00f6rden zu erlassen. In seiner Eigenschaft als Mandatar hat der Reichskanzler u. a. daf\u00fcr Sorge zu tragen, da\u00df Bundesrat und Reichstag ihre Aufgabe erf\u00fcllen k\u00f6nnen oder die dem Kaiser gegen\u00fcber den einzelnen Bundesstaaten zustehenden Verwaltungs- und Aufsichtsrechte wahrzunehmen. Damit die vom Kaiser verk\u00fcndeten Gesetze und Verordnungen G\u00fcltigkeit erlangen, m\u00fcssen diese vom Reichskanzler gegengezeichnet werden (Kontrasignatur). G\u00fcltigkeit hei\u00dft in diesem Fall soviel wie Vollziehbarkeit. Der Kaiser vollzieht den Willen des Bundesrates, welcher Inhaber der Staatsgewalt ist. Mit der Kontrasignatur \u00fcbernimmt der Reichskanzler damit die Verantwortung, da\u00df hei\u00dft, er hat daf\u00fcr Sorge zu tragen, da\u00df alles verfassungskonform ist und nicht den Richtlinien der Politik entgegenl\u00e4uft.<\/p>\n\n\n\n<p>F\u00fcr die umfangreichen Aufgaben des Reichskanzlers gibt es keinen direkten Stellvertreter. Es werden vom Kaiser jeweils entsprechende Stellvertreter f\u00fcr die verschiedenen Aufgaben ernannt.<\/p>\n\n\n\n<p>Da der Umfang der Reichsgesch\u00e4fte im Laufe der Zeit immer mehr zunahm, wurden einzelne Verwaltungszweige vom Reichskanzleramt ausgegliedert und eigenen Staatssekret\u00e4ren zugeteilt. So gibt es z. B. einen Staatssekret\u00e4r des Reichspostamtes, des Reichsschatzamtes oder einen des Reichsamtes des Inneren. Die Staatssekret\u00e4re werden vom Kaiser ernannt, bleiben aber dem Reichskanzler unterstellt. Die Verantwortung verbleibt theoretisch beim Reichskanzler, auch wenn tats\u00e4chlich jeder Staatssekret\u00e4r diese selbst \u00fcbernimmt, indem er in Stellvertretung des Reichskanzler f\u00fcr sein jeweiliges Ressort gegenzeichnet.<\/p>\n\n\n\n<p>Der Reichskanzler ist also die h\u00f6chste Verwaltungsinstanz gegen\u00fcber den Einzelstaaten, soweit die unmittelbare Reichsverwaltung betroffen ist (Bundesrat), die \u00fcberwachende Aufsichtsbeh\u00f6rde (Reichsbeh\u00f6rden) sowie in der F\u00fchrung der Regierungsgesch\u00e4fte der oberste Entscheidungsbefugte (kaiserlicher Reichsminister).<\/p>\n\n\n\n<div style=\"height:50px\" aria-hidden=\"true\" class=\"wp-block-spacer\"><\/div>\n\n\n\n<h3 class=\"wp-block-heading\">Der Reichskanzler im Podcast.<\/h3>\n\n\n\n<figure class=\"wp-block-embed is-type-wp-embed is-provider-ewiger-bund wp-block-embed-ewiger-bund\"><div class=\"wp-block-embed__wrapper\">\n<blockquote class=\"wp-embedded-content\" data-secret=\"WpaDaKWpIC\"><a href=\"https:\/\/podcast.ewigerbund.org\/podcast\/der-reichskanzler\/\">Der Reichskanzler.<\/a><\/blockquote><iframe loading=\"lazy\" class=\"wp-embedded-content\" sandbox=\"allow-scripts\" security=\"restricted\" style=\"position: absolute; visibility: hidden;\" title=\"&#8222;Der Reichskanzler.&#8220; &#8212; Ewiger Bund.\" src=\"https:\/\/podcast.ewigerbund.org\/podcast\/der-reichskanzler\/embed\/#?secret=6YX551o3FT#?secret=WpaDaKWpIC\" data-secret=\"WpaDaKWpIC\" width=\"500\" height=\"282\" frameborder=\"0\" marginwidth=\"0\" marginheight=\"0\" scrolling=\"no\"><\/iframe>\n<\/div><\/figure>\n\n\n\n<div style=\"height:50px\" aria-hidden=\"true\" class=\"wp-block-spacer\"><\/div>\n","protected":false},"excerpt":{"rendered":"<p>Der oberste Beamte des Reiches. Der Reichskanzler ist der h\u00f6chste Beamte des Deutschen Reiches. Da die vollziehende Gewalt (Exekutive) zwischen Bundesrat und Kaiser aufgeteilt ist, nimmt der Reichskanzler eine Dreifachstellung ein. Das hei\u00dft, der Reichskanzler ist in Personalunion Vorsitzender und Gesch\u00e4ftsf\u00fchrer des Bundesrates, kaiserlicher Reichsminister und oberster Leiter und Dienstvorgesetzter aller Reichsbeh\u00f6rden. Gleichzeitig ist er &#8230; <a title=\"Der Reichskanzler.\" class=\"read-more\" href=\"https:\/\/www.ewigerbund.org\/verfassungsrecht\/staatsrecht-des-ewigen-bundes\/reichskanzler\/\" aria-label=\"Mehr zu Der Reichskanzler.\">Weiterlesen &#8230;<\/a><\/p>\n","protected":false},"author":8,"featured_media":1860,"parent":1251,"menu_order":0,"comment_status":"closed","ping_status":"closed","template":"template-6-beide-seitenleiste.php","meta":{"footnotes":""},"categories":[71],"tags":[96],"class_list":["post-1196","page","type-page","status-publish","has-post-thumbnail","hentry","category-reichskanzler","tag-verfassungsrecht"],"yoast_head":"<!-- This site is optimized with the Yoast SEO plugin v23.1 - https:\/\/yoast.com\/wordpress\/plugins\/seo\/ -->\n<title>Verfassungsrecht im ewigen Bund. - Der Reichskanzler.<\/title>\n<meta name=\"description\" content=\"Ernennung, Wirken, Bevollm\u00e4chtigung und Verantwortungen - Umfangreicher Einblick in die Aufgaben des Reichskanzlers.\" \/>\n<meta name=\"robots\" content=\"index, follow, max-snippet:-1, max-image-preview:large, max-video-preview:-1\" \/>\n<link rel=\"canonical\" href=\"https:\/\/www.ewigerbund.org\/verfassungsrecht\/staatsrecht-des-ewigen-bundes\/reichskanzler\/\" \/>\n<meta property=\"og:locale\" content=\"de_DE\" \/>\n<meta property=\"og:type\" content=\"article\" \/>\n<meta property=\"og:title\" content=\"Verfassungsrecht im ewigen Bund. - Der Reichskanzler.\" \/>\n<meta property=\"og:description\" content=\"Ernennung, Wirken, Bevollm\u00e4chtigung und Verantwortungen - Umfangreicher Einblick in die Aufgaben des Reichskanzlers.\" \/>\n<meta property=\"og:url\" content=\"https:\/\/www.ewigerbund.org\/verfassungsrecht\/staatsrecht-des-ewigen-bundes\/reichskanzler\/\" \/>\n<meta property=\"og:site_name\" content=\"Verfassungsrecht\" \/>\n<meta property=\"article:modified_time\" content=\"2025-02-20T08:17:32+00:00\" \/>\n<meta name=\"twitter:card\" content=\"summary_large_image\" \/>\n<meta name=\"twitter:label1\" content=\"Gesch\u00e4tzte Lesezeit\" \/>\n\t<meta name=\"twitter:data1\" content=\"4\u00a0Minuten\" \/>\n<script type=\"application\/ld+json\" class=\"yoast-schema-graph\">{\"@context\":\"https:\/\/schema.org\",\"@graph\":[{\"@type\":\"WebPage\",\"@id\":\"https:\/\/www.ewigerbund.org\/verfassungsrecht\/staatsrecht-des-ewigen-bundes\/reichskanzler\/\",\"url\":\"https:\/\/www.ewigerbund.org\/verfassungsrecht\/staatsrecht-des-ewigen-bundes\/reichskanzler\/\",\"name\":\"Verfassungsrecht im ewigen Bund. - Der Reichskanzler.\",\"isPartOf\":{\"@id\":\"https:\/\/www.ewigerbund.org\/verfassungsrecht\/#website\"},\"primaryImageOfPage\":{\"@id\":\"https:\/\/www.ewigerbund.org\/verfassungsrecht\/staatsrecht-des-ewigen-bundes\/reichskanzler\/#primaryimage\"},\"image\":{\"@id\":\"https:\/\/www.ewigerbund.org\/verfassungsrecht\/staatsrecht-des-ewigen-bundes\/reichskanzler\/#primaryimage\"},\"thumbnailUrl\":\"https:\/\/www.ewigerbund.org\/verfassungsrecht\/wp-content\/uploads\/sites\/10\/2023\/01\/EB-Verfassungsrecht-Reichskanzler.jpg\",\"datePublished\":\"2022-10-31T19:39:06+00:00\",\"dateModified\":\"2025-02-20T08:17:32+00:00\",\"description\":\"Ernennung, Wirken, Bevollm\u00e4chtigung und Verantwortungen - Umfangreicher Einblick in die Aufgaben des Reichskanzlers.\",\"breadcrumb\":{\"@id\":\"https:\/\/www.ewigerbund.org\/verfassungsrecht\/staatsrecht-des-ewigen-bundes\/reichskanzler\/#breadcrumb\"},\"inLanguage\":\"de\",\"potentialAction\":[{\"@type\":\"ReadAction\",\"target\":[\"https:\/\/www.ewigerbund.org\/verfassungsrecht\/staatsrecht-des-ewigen-bundes\/reichskanzler\/\"]}]},{\"@type\":\"ImageObject\",\"inLanguage\":\"de\",\"@id\":\"https:\/\/www.ewigerbund.org\/verfassungsrecht\/staatsrecht-des-ewigen-bundes\/reichskanzler\/#primaryimage\",\"url\":\"https:\/\/www.ewigerbund.org\/verfassungsrecht\/wp-content\/uploads\/sites\/10\/2023\/01\/EB-Verfassungsrecht-Reichskanzler.jpg\",\"contentUrl\":\"https:\/\/www.ewigerbund.org\/verfassungsrecht\/wp-content\/uploads\/sites\/10\/2023\/01\/EB-Verfassungsrecht-Reichskanzler.jpg\",\"width\":1748,\"height\":994,\"caption\":\"Reichskanzler Otto v. Bismarck\"},{\"@type\":\"BreadcrumbList\",\"@id\":\"https:\/\/www.ewigerbund.org\/verfassungsrecht\/staatsrecht-des-ewigen-bundes\/reichskanzler\/#breadcrumb\",\"itemListElement\":[{\"@type\":\"ListItem\",\"position\":1,\"name\":\"Startseite\",\"item\":\"https:\/\/www.ewigerbund.org\/verfassungsrecht\/\"},{\"@type\":\"ListItem\",\"position\":2,\"name\":\"Verfassungsrecht.\",\"item\":\"https:\/\/www.ewigerbund.org\/verfassungsrecht\/\"},{\"@type\":\"ListItem\",\"position\":3,\"name\":\"Der Reichskanzler.\"}]},{\"@type\":\"WebSite\",\"@id\":\"https:\/\/www.ewigerbund.org\/verfassungsrecht\/#website\",\"url\":\"https:\/\/www.ewigerbund.org\/verfassungsrecht\/\",\"name\":\"Verfassungsrecht\",\"description\":\"Verfassungsb\u00fcndnis der deutschen Einzelstaaten.\",\"publisher\":{\"@id\":\"https:\/\/www.ewigerbund.org\/verfassungsrecht\/#organization\"},\"potentialAction\":[{\"@type\":\"SearchAction\",\"target\":{\"@type\":\"EntryPoint\",\"urlTemplate\":\"https:\/\/www.ewigerbund.org\/verfassungsrecht\/?s={search_term_string}\"},\"query-input\":\"required name=search_term_string\"}],\"inLanguage\":\"de\"},{\"@type\":\"Organization\",\"@id\":\"https:\/\/www.ewigerbund.org\/verfassungsrecht\/#organization\",\"name\":\"Verfassungsrecht\",\"url\":\"https:\/\/www.ewigerbund.org\/verfassungsrecht\/\",\"logo\":{\"@type\":\"ImageObject\",\"inLanguage\":\"de\",\"@id\":\"https:\/\/www.ewigerbund.org\/verfassungsrecht\/#\/schema\/logo\/image\/\",\"url\":\"https:\/\/www.ewigerbund.org\/verfassungsrecht\/wp-content\/uploads\/sites\/10\/2022\/11\/2022-09-20-Logo-EB_Schutzzone_V4_Transparent.png\",\"contentUrl\":\"https:\/\/www.ewigerbund.org\/verfassungsrecht\/wp-content\/uploads\/sites\/10\/2022\/11\/2022-09-20-Logo-EB_Schutzzone_V4_Transparent.png\",\"width\":2000,\"height\":1982,\"caption\":\"Verfassungsrecht\"},\"image\":{\"@id\":\"https:\/\/www.ewigerbund.org\/verfassungsrecht\/#\/schema\/logo\/image\/\"}}]}<\/script>\n<!-- \/ Yoast SEO plugin. -->","yoast_head_json":{"title":"Verfassungsrecht im ewigen Bund. - Der Reichskanzler.","description":"Ernennung, Wirken, Bevollm\u00e4chtigung und Verantwortungen - Umfangreicher Einblick in die Aufgaben des Reichskanzlers.","robots":{"index":"index","follow":"follow","max-snippet":"max-snippet:-1","max-image-preview":"max-image-preview:large","max-video-preview":"max-video-preview:-1"},"canonical":"https:\/\/www.ewigerbund.org\/verfassungsrecht\/staatsrecht-des-ewigen-bundes\/reichskanzler\/","og_locale":"de_DE","og_type":"article","og_title":"Verfassungsrecht im ewigen Bund. - Der Reichskanzler.","og_description":"Ernennung, Wirken, Bevollm\u00e4chtigung und Verantwortungen - Umfangreicher Einblick in die Aufgaben des Reichskanzlers.","og_url":"https:\/\/www.ewigerbund.org\/verfassungsrecht\/staatsrecht-des-ewigen-bundes\/reichskanzler\/","og_site_name":"Verfassungsrecht","article_modified_time":"2025-02-20T08:17:32+00:00","twitter_card":"summary_large_image","twitter_misc":{"Gesch\u00e4tzte Lesezeit":"4\u00a0Minuten"},"schema":{"@context":"https:\/\/schema.org","@graph":[{"@type":"WebPage","@id":"https:\/\/www.ewigerbund.org\/verfassungsrecht\/staatsrecht-des-ewigen-bundes\/reichskanzler\/","url":"https:\/\/www.ewigerbund.org\/verfassungsrecht\/staatsrecht-des-ewigen-bundes\/reichskanzler\/","name":"Verfassungsrecht im ewigen Bund. - Der Reichskanzler.","isPartOf":{"@id":"https:\/\/www.ewigerbund.org\/verfassungsrecht\/#website"},"primaryImageOfPage":{"@id":"https:\/\/www.ewigerbund.org\/verfassungsrecht\/staatsrecht-des-ewigen-bundes\/reichskanzler\/#primaryimage"},"image":{"@id":"https:\/\/www.ewigerbund.org\/verfassungsrecht\/staatsrecht-des-ewigen-bundes\/reichskanzler\/#primaryimage"},"thumbnailUrl":"https:\/\/www.ewigerbund.org\/verfassungsrecht\/wp-content\/uploads\/sites\/10\/2023\/01\/EB-Verfassungsrecht-Reichskanzler.jpg","datePublished":"2022-10-31T19:39:06+00:00","dateModified":"2025-02-20T08:17:32+00:00","description":"Ernennung, Wirken, Bevollm\u00e4chtigung und Verantwortungen - Umfangreicher Einblick in die Aufgaben des Reichskanzlers.","breadcrumb":{"@id":"https:\/\/www.ewigerbund.org\/verfassungsrecht\/staatsrecht-des-ewigen-bundes\/reichskanzler\/#breadcrumb"},"inLanguage":"de","potentialAction":[{"@type":"ReadAction","target":["https:\/\/www.ewigerbund.org\/verfassungsrecht\/staatsrecht-des-ewigen-bundes\/reichskanzler\/"]}]},{"@type":"ImageObject","inLanguage":"de","@id":"https:\/\/www.ewigerbund.org\/verfassungsrecht\/staatsrecht-des-ewigen-bundes\/reichskanzler\/#primaryimage","url":"https:\/\/www.ewigerbund.org\/verfassungsrecht\/wp-content\/uploads\/sites\/10\/2023\/01\/EB-Verfassungsrecht-Reichskanzler.jpg","contentUrl":"https:\/\/www.ewigerbund.org\/verfassungsrecht\/wp-content\/uploads\/sites\/10\/2023\/01\/EB-Verfassungsrecht-Reichskanzler.jpg","width":1748,"height":994,"caption":"Reichskanzler Otto v. Bismarck"},{"@type":"BreadcrumbList","@id":"https:\/\/www.ewigerbund.org\/verfassungsrecht\/staatsrecht-des-ewigen-bundes\/reichskanzler\/#breadcrumb","itemListElement":[{"@type":"ListItem","position":1,"name":"Startseite","item":"https:\/\/www.ewigerbund.org\/verfassungsrecht\/"},{"@type":"ListItem","position":2,"name":"Verfassungsrecht.","item":"https:\/\/www.ewigerbund.org\/verfassungsrecht\/"},{"@type":"ListItem","position":3,"name":"Der Reichskanzler."}]},{"@type":"WebSite","@id":"https:\/\/www.ewigerbund.org\/verfassungsrecht\/#website","url":"https:\/\/www.ewigerbund.org\/verfassungsrecht\/","name":"Verfassungsrecht","description":"Verfassungsb\u00fcndnis der deutschen Einzelstaaten.","publisher":{"@id":"https:\/\/www.ewigerbund.org\/verfassungsrecht\/#organization"},"potentialAction":[{"@type":"SearchAction","target":{"@type":"EntryPoint","urlTemplate":"https:\/\/www.ewigerbund.org\/verfassungsrecht\/?s={search_term_string}"},"query-input":"required name=search_term_string"}],"inLanguage":"de"},{"@type":"Organization","@id":"https:\/\/www.ewigerbund.org\/verfassungsrecht\/#organization","name":"Verfassungsrecht","url":"https:\/\/www.ewigerbund.org\/verfassungsrecht\/","logo":{"@type":"ImageObject","inLanguage":"de","@id":"https:\/\/www.ewigerbund.org\/verfassungsrecht\/#\/schema\/logo\/image\/","url":"https:\/\/www.ewigerbund.org\/verfassungsrecht\/wp-content\/uploads\/sites\/10\/2022\/11\/2022-09-20-Logo-EB_Schutzzone_V4_Transparent.png","contentUrl":"https:\/\/www.ewigerbund.org\/verfassungsrecht\/wp-content\/uploads\/sites\/10\/2022\/11\/2022-09-20-Logo-EB_Schutzzone_V4_Transparent.png","width":2000,"height":1982,"caption":"Verfassungsrecht"},"image":{"@id":"https:\/\/www.ewigerbund.org\/verfassungsrecht\/#\/schema\/logo\/image\/"}}]}},"_links":{"self":[{"href":"https:\/\/www.ewigerbund.org\/verfassungsrecht\/wp-json\/wp\/v2\/pages\/1196","targetHints":{"allow":["GET"]}}],"collection":[{"href":"https:\/\/www.ewigerbund.org\/verfassungsrecht\/wp-json\/wp\/v2\/pages"}],"about":[{"href":"https:\/\/www.ewigerbund.org\/verfassungsrecht\/wp-json\/wp\/v2\/types\/page"}],"author":[{"embeddable":true,"href":"https:\/\/www.ewigerbund.org\/verfassungsrecht\/wp-json\/wp\/v2\/users\/8"}],"replies":[{"embeddable":true,"href":"https:\/\/www.ewigerbund.org\/verfassungsrecht\/wp-json\/wp\/v2\/comments?post=1196"}],"version-history":[{"count":27,"href":"https:\/\/www.ewigerbund.org\/verfassungsrecht\/wp-json\/wp\/v2\/pages\/1196\/revisions"}],"predecessor-version":[{"id":2965,"href":"https:\/\/www.ewigerbund.org\/verfassungsrecht\/wp-json\/wp\/v2\/pages\/1196\/revisions\/2965"}],"up":[{"embeddable":true,"href":"https:\/\/www.ewigerbund.org\/verfassungsrecht\/wp-json\/wp\/v2\/pages\/1251"}],"wp:featuredmedia":[{"embeddable":true,"href":"https:\/\/www.ewigerbund.org\/verfassungsrecht\/wp-json\/wp\/v2\/media\/1860"}],"wp:attachment":[{"href":"https:\/\/www.ewigerbund.org\/verfassungsrecht\/wp-json\/wp\/v2\/media?parent=1196"}],"wp:term":[{"taxonomy":"category","embeddable":true,"href":"https:\/\/www.ewigerbund.org\/verfassungsrecht\/wp-json\/wp\/v2\/categories?post=1196"},{"taxonomy":"post_tag","embeddable":true,"href":"https:\/\/www.ewigerbund.org\/verfassungsrecht\/wp-json\/wp\/v2\/tags?post=1196"}],"curies":[{"name":"wp","href":"https:\/\/api.w.org\/{rel}","templated":true}]}}