{"id":1173,"date":"2022-10-31T11:19:48","date_gmt":"2022-10-31T10:19:48","guid":{"rendered":"https:\/\/www.ewigerbund.org\/verfassungsrecht\/?page_id=1173"},"modified":"2025-04-04T12:06:21","modified_gmt":"2025-04-04T10:06:21","slug":"bundesrat","status":"publish","type":"page","link":"https:\/\/www.ewigerbund.org\/verfassungsrecht\/staatsrecht-des-ewigen-bundes\/bundesrat\/","title":{"rendered":"Der Bundesrat."},"content":{"rendered":"\n<h2 class=\"wp-block-heading\">Der Bundesrat &#8211; Zusammensetzung und Aufgaben.<\/h2>\n\n\n\n<p>Die Souver\u00e4nit\u00e4t und Staatsgewalt des Deutschen Kaiserreichs liegt bei den im Bundesrat verb\u00fcndeten Regierungen der 25 Bundesstaaten, sowie Elsa\u00df-Lothringen. Die eigentliche Regierungsarbeit liegt nicht in den H\u00e4nden des Kaisers, sondern in der des Bundesrates.<\/p>\n\n\n\n<p>Auf die verschiedenen Bundesstaaten verteilen sich insgesamt 58 Stimmen, wobei Preu\u00dfen mit 17 Stimmen, durch Fl\u00e4chen- und Bev\u00f6lkerungsgr\u00f6\u00dfe und der zus\u00e4tzlich \u00fcbertragenen Stimme vom F\u00fcrstentum Waldeck, an der Spitze steht. Bayern besitzt 6 Stimmen, Sachsen und W\u00fcrttemberg je 4 Stimmen, w\u00e4hrend Elsa\u00df-Lothringen, Baden und Hessen je 3 Stimmen besitzen. Mecklenburg-Schwerin und Braunschweig kommen jeweils auf 2 Stimmen, alle \u00fcbrigen Staaten haben eine.<\/p>\n\n\n\n<p>Auch wenn Preu\u00dfen die meisten Stimmen besitzt, so ist es m\u00f6glich, es zu \u00fcberstimmen. So kam es am 28. Februar 1877, da\u00df der Bundesrat mit 30 gegen 28 Stimmen, gegen Berlin und f\u00fcr Leipzig als Sitz des Reichsgerichtes stimmte. Preu\u00dfen wurde mit einer Stimme \u00fcberstimmt.<sup data-fn=\"74bbdc38-6e57-4935-a2ea-67de3bd14bec\" class=\"fn\"><a href=\"#74bbdc38-6e57-4935-a2ea-67de3bd14bec\" id=\"74bbdc38-6e57-4935-a2ea-67de3bd14bec-link\">1<\/a><\/sup><\/p>\n\n\n\n<figure class=\"wp-block-image size-large\"><img loading=\"lazy\" decoding=\"async\" width=\"1024\" height=\"670\" src=\"https:\/\/www.ewigerbund.org\/verfassungsrecht\/wp-content\/uploads\/sites\/10\/2025\/01\/schema-eb-bundesrat-stimmen-1024x670.png\" alt=\"\" class=\"wp-image-2883\" srcset=\"https:\/\/www.ewigerbund.org\/verfassungsrecht\/wp-content\/uploads\/sites\/10\/2025\/01\/schema-eb-bundesrat-stimmen-1024x670.png 1024w, https:\/\/www.ewigerbund.org\/verfassungsrecht\/wp-content\/uploads\/sites\/10\/2025\/01\/schema-eb-bundesrat-stimmen-300x196.png 300w, https:\/\/www.ewigerbund.org\/verfassungsrecht\/wp-content\/uploads\/sites\/10\/2025\/01\/schema-eb-bundesrat-stimmen-768x502.png 768w, https:\/\/www.ewigerbund.org\/verfassungsrecht\/wp-content\/uploads\/sites\/10\/2025\/01\/schema-eb-bundesrat-stimmen-1536x1005.png 1536w, https:\/\/www.ewigerbund.org\/verfassungsrecht\/wp-content\/uploads\/sites\/10\/2025\/01\/schema-eb-bundesrat-stimmen.png 2000w\" sizes=\"auto, (max-width: 1024px) 100vw, 1024px\" \/><\/figure>\n\n\n\n<p>Diese Stimmen stehen f\u00fcr das Gewicht der einzelnen Bundesstaaten und werden immer einheitlich abgegeben, Preu\u00dfen z.B. muss also entweder mit seinen 17 Stimmen f\u00fcr oder gegen einen Antrag stimmen. Fehlt der Auftrag einer Regierung, d\u00fcrfen die Bevollm\u00e4chtigten dieses Bundesstaates nicht mit abstimmen. In den Versammlungen des Bundesrats geht es nicht um die individuelle Meinung, sondern um geb\u00fcndelte Interessen der Einzelstaaten.<\/p>\n\n\n\n<p>Die Sitzungen des Bundesrats sind nicht \u00f6ffentlich und bei Abstimmungen z\u00e4hlt die einfache Mehrheit. Es gibt keine Mindestbeschlu\u00dff\u00e4higkeit. Wie viele Mitglieder bei einem Beschlu\u00df tats\u00e4chlich anwesend sein m\u00fcssen, ist in der Verfassung nicht festgelegt. Laut dieser bestimmt der Kaiser \u00fcber die Berufung, Vertagung und Schlie\u00dfung der Versammlungen des Bundesrats. Seine Mitglieder k\u00f6nnen auch eine Versammlung verlangen. Wenn ein Drittel der Mitglieder einen solchen Antrag stellt, mu\u00df diesem stattgegeben werden. Die Berufung des Bundesrats mu\u00df einmal im Jahr geschehen oder auch, wenn der Reichstag berufen wird. Jedoch kann der Bundesrat sich ohne den Reichstag versammeln. Ein Bundesratsbevollm\u00e4chtigter kann nicht zur selben Zeit Reichstagsmitglied sein. Den Vorsitz im Bundesrat f\u00fchrt der Reichskanzler, welcher vom Deutschen Kaiser berufen wird. Alle Bevollm\u00e4chtigten geh\u00f6ren zu den h\u00f6chsten Beamten der einzelnen Gliedstaaten und besitzen demzufolge allesamt sehr gute Kenntnisse in der staatlichen Verwaltung.<\/p>\n\n\n\n<div style=\"height:30px\" aria-hidden=\"true\" class=\"wp-block-spacer\"><\/div>\n\n\n\n<figure class=\"wp-block-image size-large\"><img loading=\"lazy\" decoding=\"async\" width=\"1024\" height=\"1024\" src=\"https:\/\/www.ewigerbund.org\/verfassungsrecht\/wp-content\/uploads\/sites\/10\/2025\/04\/04-04-2025-bundesrat-1500x1500px-1024x1024.png\" alt=\"Bundesrat 2025\" class=\"wp-image-2996\" srcset=\"https:\/\/www.ewigerbund.org\/verfassungsrecht\/wp-content\/uploads\/sites\/10\/2025\/04\/04-04-2025-bundesrat-1500x1500px-1024x1024.png 1024w, https:\/\/www.ewigerbund.org\/verfassungsrecht\/wp-content\/uploads\/sites\/10\/2025\/04\/04-04-2025-bundesrat-1500x1500px-300x300.png 300w, https:\/\/www.ewigerbund.org\/verfassungsrecht\/wp-content\/uploads\/sites\/10\/2025\/04\/04-04-2025-bundesrat-1500x1500px-150x150.png 150w, https:\/\/www.ewigerbund.org\/verfassungsrecht\/wp-content\/uploads\/sites\/10\/2025\/04\/04-04-2025-bundesrat-1500x1500px-768x768.png 768w, https:\/\/www.ewigerbund.org\/verfassungsrecht\/wp-content\/uploads\/sites\/10\/2025\/04\/04-04-2025-bundesrat-1500x1500px-500x500.png 500w, https:\/\/www.ewigerbund.org\/verfassungsrecht\/wp-content\/uploads\/sites\/10\/2025\/04\/04-04-2025-bundesrat-1500x1500px.png 1500w\" sizes=\"auto, (max-width: 1024px) 100vw, 1024px\" \/><\/figure>\n\n\n\n<div style=\"height:30px\" aria-hidden=\"true\" class=\"wp-block-spacer\"><\/div>\n\n\n\n<h2 class=\"wp-block-heading\">Aufgaben.<\/h2>\n\n\n\n<p>Der Bundesrat erarbeitet Gesetzesvorlagen f\u00fcr den Reichstag, pr\u00fcft dessen Gesetzesentw\u00fcrfe und kann diesen zustimmen oder sie ablehnen. Zudem erl\u00e4\u00dft er Verordnungen und Ausf\u00fchrungsbestimmungen zu den Gesetzen. Gemeinsam mit dem Deutschen Kaiser hat der Bundesrat die Oberaufsicht \u00fcber die Verwaltung und die Finanzen. Der Bundesrat ordnet Verwaltungsvorschriften an und schl\u00e4gt Reichsbeamte vor. Werden vom Deutschen Kaiser au\u00dfenpolitische Vertr\u00e4ge geschlossen, braucht es ebenfalls die Zustimmung des Bundesrates als Inhaber der Reichsgewalt. Zudem schlagen die Vertreter der Bundesstaaten den Reichsrichter vor und schlichten Bundesstreitigkeiten.<\/p>\n\n\n\n<div style=\"height:30px\" aria-hidden=\"true\" class=\"wp-block-spacer\"><\/div>\n\n\n\n<h2 class=\"wp-block-heading\">Aussch\u00fcsse.<\/h2>\n\n\n\n<p>Der Bundesrat kann nicht zu jeder Zeit vollz\u00e4hlig versammelt sein. Deshalb werden die Verantwortungsbereiche und weil es die Verfassung in Artikel 8 vorschreibt, in Aussch\u00fcsse aufgeteilt:<\/p>\n\n\n<div class=\"gb-container gb-container-79a16896\">\n\n<ul class=\"wp-block-list\">\n<li>f\u00fcr das Landheer und Festungen,<\/li>\n\n\n\n<li>das Seewesen,<\/li>\n\n\n\n<li>das Zoll- und Steuerwesen,<\/li>\n\n\n\n<li>f\u00fcr Handel und Verkehr,<\/li>\n\n\n\n<li>Eisenbahnen, Post und Telegraphen,<\/li>\n\n\n\n<li>f\u00fcr das Justizwesen und<\/li>\n\n\n\n<li>das Rechnungswesen.<\/li>\n<\/ul>\n\n<\/div>\n\n\n<p>Neben Preu\u00dfen als Pr\u00e4sidialstaat, sind in jedem dieser Aussch\u00fcsse mindestens 4 Bundesstaaten vertreten mit jeweils einer Stimme. Im Ausschu\u00df f\u00fcr das Landheer und Festungen haben Bayern, Sachsen sowie W\u00fcrttemberg einen st\u00e4ndigen Sitz. Mitglieder des Ausschusses f\u00fcr das Seewesen werden vom Kaiser ernannt. Alle \u00dcbrigen werden vom Bundesrat gew\u00e4hlt. Jedes Jahr wird die Zusammensetzung der Aussch\u00fcsse neu bestimmt.<\/p>\n\n\n\n<p>Zudem wird j\u00e4hrlich ein Ausschu\u00df f\u00fcr ausw\u00e4rtige Angelegenheiten gebildet. Bestehend aus den Bevollm\u00e4chtigten f\u00fcr Bayern, Sachsen und W\u00fcrttemberg und zwei weiteren aus dem Bundesrat, welche aus anderen Bundesstaaten sind. Bayern f\u00fchrt hier den Vorsitz.<\/p>\n\n\n\n<p>Den jeweiligen Aussch\u00fcssen werden die f\u00fcr ihre Arbeit ben\u00f6tigten Beamten an die Seite gestellt.<\/p>\n\n\n\n<div style=\"height:25px\" aria-hidden=\"true\" class=\"wp-block-spacer\"><\/div>\n\n\n\n<h3 class=\"wp-block-heading\">Der Bundesrat im Podcast.<\/h3>\n\n\n\n<figure class=\"wp-block-embed is-type-wp-embed is-provider-ewiger-bund wp-block-embed-ewiger-bund\"><div class=\"wp-block-embed__wrapper\">\n<blockquote class=\"wp-embedded-content\" data-secret=\"qzjjVFsfND\"><a href=\"https:\/\/podcast.ewigerbund.org\/podcast\/der-bundesrat\/\">Der Bundesrat.<\/a><\/blockquote><iframe loading=\"lazy\" class=\"wp-embedded-content\" sandbox=\"allow-scripts\" security=\"restricted\" style=\"position: absolute; visibility: hidden;\" title=\"&#8222;Der Bundesrat.&#8220; &#8212; Ewiger Bund.\" src=\"https:\/\/podcast.ewigerbund.org\/podcast\/der-bundesrat\/embed\/#?secret=cn7zw0P2uc#?secret=qzjjVFsfND\" data-secret=\"qzjjVFsfND\" width=\"500\" height=\"282\" frameborder=\"0\" marginwidth=\"0\" marginheight=\"0\" scrolling=\"no\"><\/iframe>\n<\/div><\/figure>\n\n\n\n<div style=\"height:25px\" aria-hidden=\"true\" class=\"wp-block-spacer\"><\/div>\n\n\n\n<p class=\"gb-headline gb-headline-f07e0fd2 gb-headline-text\">Quellen.<\/p>\n\n\n\n<p class=\"has-small-font-size\">Ansch\u00fctz, Lehrbuch des deutschen Staatsrechts 1914 \u2013 1919<br>Gesetz, betreffend die Verfassung des Deutschen Reichs. Vom 16. April 1871. RGBl. S. 63\u201385<br><a href=\"https:\/\/staatsbibliothek.ewigerbund.org\/viewer\/image\/bgbl_1877\/423\/LOG_0054\/\" target=\"_blank\" rel=\"noreferrer noopener\">https:\/\/staatsbibliothek.ewigerbund.org\/viewer\/image\/bgbl_1877\/423\/LOG_0054\/<\/a> <br>(Reichs-Gesetzblatt 1877, Sitz des Reichsgerichts, Nr. 17, Gesetz Nr. 1182, Seite 415)<\/p>\n\n\n<ol class=\"wp-block-footnotes has-small-font-size\"><li id=\"74bbdc38-6e57-4935-a2ea-67de3bd14bec\"><a href=\"https:\/\/staatsbibliothek.ewigerbund.org\/viewer\/image\/schulthess_kalender_018\/11\/#topDocAnchor\" target=\"_blank\" rel=\"noreferrer noopener\">https:\/\/staatsbibliothek.ewigerbund.org\/viewer\/image\/schulthess_kalender_018\/11\/#topDocAnchor<\/a> <br>(Europ\u00e4ischer Geschichtskalender. Achtzehnter Jahrgang. 1877.) <a href=\"#74bbdc38-6e57-4935-a2ea-67de3bd14bec-link\" aria-label=\"Zur Fu\u00dfnotenreferenz 1 navigieren\">\u21a9\ufe0e<\/a><\/li><\/ol>","protected":false},"excerpt":{"rendered":"<p>Der Bundesrat &#8211; Zusammensetzung und Aufgaben. Die Souver\u00e4nit\u00e4t und Staatsgewalt des Deutschen Kaiserreichs liegt bei den im Bundesrat verb\u00fcndeten Regierungen der 25 Bundesstaaten, sowie Elsa\u00df-Lothringen. Die eigentliche Regierungsarbeit liegt nicht in den H\u00e4nden des Kaisers, sondern in der des Bundesrates. Auf die verschiedenen Bundesstaaten verteilen sich insgesamt 58 Stimmen, wobei Preu\u00dfen mit 17 Stimmen, durch &#8230; <a title=\"Der Bundesrat.\" class=\"read-more\" href=\"https:\/\/www.ewigerbund.org\/verfassungsrecht\/staatsrecht-des-ewigen-bundes\/bundesrat\/\" aria-label=\"Mehr zu Der Bundesrat.\">Weiterlesen &#8230;<\/a><\/p>\n","protected":false},"author":8,"featured_media":2895,"parent":1251,"menu_order":0,"comment_status":"closed","ping_status":"closed","template":"template-6-beide-seitenleiste.php","meta":{"footnotes":"[{\"content\":\"<a href=\\\"https:\/\/staatsbibliothek.ewigerbund.org\/viewer\/image\/schulthess_kalender_018\/11\/#topDocAnchor\\\" target=\\\"_blank\\\" rel=\\\"noreferrer noopener\\\">https:\/\/staatsbibliothek.ewigerbund.org\/viewer\/image\/schulthess_kalender_018\/11\/#topDocAnchor<\/a> <br>(Europ\u00e4ischer Geschichtskalender. Achtzehnter Jahrgang. 1877.)\",\"id\":\"74bbdc38-6e57-4935-a2ea-67de3bd14bec\"}]"},"categories":[69],"tags":[],"class_list":["post-1173","page","type-page","status-publish","has-post-thumbnail","hentry","category-bundesrat"],"yoast_head":"<!-- This site is optimized with the Yoast SEO plugin v23.1 - https:\/\/yoast.com\/wordpress\/plugins\/seo\/ -->\n<title>Verfassungsrecht im ewigen Bund. - Der Bundesrat.<\/title>\n<meta name=\"description\" content=\"Die Souver\u00e4nit\u00e4t und Staatsgewalt des Deutschen Kaiserreichs liegt bei den im Bundesrat verb\u00fcndeten Regierungen der 25 Bundesstaaten, sowie Elsa\u00df-Lothringen.\" \/>\n<meta name=\"robots\" content=\"index, follow, max-snippet:-1, max-image-preview:large, max-video-preview:-1\" \/>\n<link rel=\"canonical\" href=\"https:\/\/www.ewigerbund.org\/verfassungsrecht\/staatsrecht-des-ewigen-bundes\/bundesrat\/\" \/>\n<meta property=\"og:locale\" content=\"de_DE\" \/>\n<meta property=\"og:type\" content=\"article\" \/>\n<meta property=\"og:title\" content=\"Verfassungsrecht im ewigen Bund. - Der Bundesrat.\" \/>\n<meta property=\"og:description\" content=\"Die Souver\u00e4nit\u00e4t und Staatsgewalt des Deutschen Kaiserreichs liegt bei den im Bundesrat verb\u00fcndeten Regierungen der 25 Bundesstaaten, sowie Elsa\u00df-Lothringen.\" \/>\n<meta property=\"og:url\" content=\"https:\/\/www.ewigerbund.org\/verfassungsrecht\/staatsrecht-des-ewigen-bundes\/bundesrat\/\" \/>\n<meta property=\"og:site_name\" content=\"Verfassungsrecht\" \/>\n<meta property=\"article:modified_time\" content=\"2025-04-04T10:06:21+00:00\" \/>\n<meta name=\"twitter:card\" content=\"summary_large_image\" \/>\n<meta name=\"twitter:label1\" content=\"Gesch\u00e4tzte Lesezeit\" \/>\n\t<meta name=\"twitter:data1\" content=\"5\u00a0Minuten\" \/>\n<script type=\"application\/ld+json\" class=\"yoast-schema-graph\">{\"@context\":\"https:\/\/schema.org\",\"@graph\":[{\"@type\":\"WebPage\",\"@id\":\"https:\/\/www.ewigerbund.org\/verfassungsrecht\/staatsrecht-des-ewigen-bundes\/bundesrat\/\",\"url\":\"https:\/\/www.ewigerbund.org\/verfassungsrecht\/staatsrecht-des-ewigen-bundes\/bundesrat\/\",\"name\":\"Verfassungsrecht im ewigen Bund. - Der Bundesrat.\",\"isPartOf\":{\"@id\":\"https:\/\/www.ewigerbund.org\/verfassungsrecht\/#website\"},\"primaryImageOfPage\":{\"@id\":\"https:\/\/www.ewigerbund.org\/verfassungsrecht\/staatsrecht-des-ewigen-bundes\/bundesrat\/#primaryimage\"},\"image\":{\"@id\":\"https:\/\/www.ewigerbund.org\/verfassungsrecht\/staatsrecht-des-ewigen-bundes\/bundesrat\/#primaryimage\"},\"thumbnailUrl\":\"https:\/\/www.ewigerbund.org\/verfassungsrecht\/wp-content\/uploads\/sites\/10\/2025\/01\/EB-Verfassungsrecht-bundesrat.jpg\",\"datePublished\":\"2022-10-31T10:19:48+00:00\",\"dateModified\":\"2025-04-04T10:06:21+00:00\",\"description\":\"Die Souver\u00e4nit\u00e4t und Staatsgewalt des Deutschen Kaiserreichs liegt bei den im Bundesrat verb\u00fcndeten Regierungen der 25 Bundesstaaten, sowie Elsa\u00df-Lothringen.\",\"breadcrumb\":{\"@id\":\"https:\/\/www.ewigerbund.org\/verfassungsrecht\/staatsrecht-des-ewigen-bundes\/bundesrat\/#breadcrumb\"},\"inLanguage\":\"de\",\"potentialAction\":[{\"@type\":\"ReadAction\",\"target\":[\"https:\/\/www.ewigerbund.org\/verfassungsrecht\/staatsrecht-des-ewigen-bundes\/bundesrat\/\"]}]},{\"@type\":\"ImageObject\",\"inLanguage\":\"de\",\"@id\":\"https:\/\/www.ewigerbund.org\/verfassungsrecht\/staatsrecht-des-ewigen-bundes\/bundesrat\/#primaryimage\",\"url\":\"https:\/\/www.ewigerbund.org\/verfassungsrecht\/wp-content\/uploads\/sites\/10\/2025\/01\/EB-Verfassungsrecht-bundesrat.jpg\",\"contentUrl\":\"https:\/\/www.ewigerbund.org\/verfassungsrecht\/wp-content\/uploads\/sites\/10\/2025\/01\/EB-Verfassungsrecht-bundesrat.jpg\",\"width\":1748,\"height\":994},{\"@type\":\"BreadcrumbList\",\"@id\":\"https:\/\/www.ewigerbund.org\/verfassungsrecht\/staatsrecht-des-ewigen-bundes\/bundesrat\/#breadcrumb\",\"itemListElement\":[{\"@type\":\"ListItem\",\"position\":1,\"name\":\"Startseite\",\"item\":\"https:\/\/www.ewigerbund.org\/verfassungsrecht\/\"},{\"@type\":\"ListItem\",\"position\":2,\"name\":\"Verfassungsrecht.\",\"item\":\"https:\/\/www.ewigerbund.org\/verfassungsrecht\/\"},{\"@type\":\"ListItem\",\"position\":3,\"name\":\"Der Bundesrat.\"}]},{\"@type\":\"WebSite\",\"@id\":\"https:\/\/www.ewigerbund.org\/verfassungsrecht\/#website\",\"url\":\"https:\/\/www.ewigerbund.org\/verfassungsrecht\/\",\"name\":\"Verfassungsrecht\",\"description\":\"Verfassungsb\u00fcndnis der deutschen Einzelstaaten.\",\"publisher\":{\"@id\":\"https:\/\/www.ewigerbund.org\/verfassungsrecht\/#organization\"},\"potentialAction\":[{\"@type\":\"SearchAction\",\"target\":{\"@type\":\"EntryPoint\",\"urlTemplate\":\"https:\/\/www.ewigerbund.org\/verfassungsrecht\/?s={search_term_string}\"},\"query-input\":\"required name=search_term_string\"}],\"inLanguage\":\"de\"},{\"@type\":\"Organization\",\"@id\":\"https:\/\/www.ewigerbund.org\/verfassungsrecht\/#organization\",\"name\":\"Verfassungsrecht\",\"url\":\"https:\/\/www.ewigerbund.org\/verfassungsrecht\/\",\"logo\":{\"@type\":\"ImageObject\",\"inLanguage\":\"de\",\"@id\":\"https:\/\/www.ewigerbund.org\/verfassungsrecht\/#\/schema\/logo\/image\/\",\"url\":\"https:\/\/www.ewigerbund.org\/verfassungsrecht\/wp-content\/uploads\/sites\/10\/2022\/11\/2022-09-20-Logo-EB_Schutzzone_V4_Transparent.png\",\"contentUrl\":\"https:\/\/www.ewigerbund.org\/verfassungsrecht\/wp-content\/uploads\/sites\/10\/2022\/11\/2022-09-20-Logo-EB_Schutzzone_V4_Transparent.png\",\"width\":2000,\"height\":1982,\"caption\":\"Verfassungsrecht\"},\"image\":{\"@id\":\"https:\/\/www.ewigerbund.org\/verfassungsrecht\/#\/schema\/logo\/image\/\"}}]}<\/script>\n<!-- \/ Yoast SEO plugin. -->","yoast_head_json":{"title":"Verfassungsrecht im ewigen Bund. - Der Bundesrat.","description":"Die Souver\u00e4nit\u00e4t und Staatsgewalt des Deutschen Kaiserreichs liegt bei den im Bundesrat verb\u00fcndeten Regierungen der 25 Bundesstaaten, sowie Elsa\u00df-Lothringen.","robots":{"index":"index","follow":"follow","max-snippet":"max-snippet:-1","max-image-preview":"max-image-preview:large","max-video-preview":"max-video-preview:-1"},"canonical":"https:\/\/www.ewigerbund.org\/verfassungsrecht\/staatsrecht-des-ewigen-bundes\/bundesrat\/","og_locale":"de_DE","og_type":"article","og_title":"Verfassungsrecht im ewigen Bund. - Der Bundesrat.","og_description":"Die Souver\u00e4nit\u00e4t und Staatsgewalt des Deutschen Kaiserreichs liegt bei den im Bundesrat verb\u00fcndeten Regierungen der 25 Bundesstaaten, sowie Elsa\u00df-Lothringen.","og_url":"https:\/\/www.ewigerbund.org\/verfassungsrecht\/staatsrecht-des-ewigen-bundes\/bundesrat\/","og_site_name":"Verfassungsrecht","article_modified_time":"2025-04-04T10:06:21+00:00","twitter_card":"summary_large_image","twitter_misc":{"Gesch\u00e4tzte Lesezeit":"5\u00a0Minuten"},"schema":{"@context":"https:\/\/schema.org","@graph":[{"@type":"WebPage","@id":"https:\/\/www.ewigerbund.org\/verfassungsrecht\/staatsrecht-des-ewigen-bundes\/bundesrat\/","url":"https:\/\/www.ewigerbund.org\/verfassungsrecht\/staatsrecht-des-ewigen-bundes\/bundesrat\/","name":"Verfassungsrecht im ewigen Bund. - Der Bundesrat.","isPartOf":{"@id":"https:\/\/www.ewigerbund.org\/verfassungsrecht\/#website"},"primaryImageOfPage":{"@id":"https:\/\/www.ewigerbund.org\/verfassungsrecht\/staatsrecht-des-ewigen-bundes\/bundesrat\/#primaryimage"},"image":{"@id":"https:\/\/www.ewigerbund.org\/verfassungsrecht\/staatsrecht-des-ewigen-bundes\/bundesrat\/#primaryimage"},"thumbnailUrl":"https:\/\/www.ewigerbund.org\/verfassungsrecht\/wp-content\/uploads\/sites\/10\/2025\/01\/EB-Verfassungsrecht-bundesrat.jpg","datePublished":"2022-10-31T10:19:48+00:00","dateModified":"2025-04-04T10:06:21+00:00","description":"Die Souver\u00e4nit\u00e4t und Staatsgewalt des Deutschen Kaiserreichs liegt bei den im Bundesrat verb\u00fcndeten Regierungen der 25 Bundesstaaten, sowie Elsa\u00df-Lothringen.","breadcrumb":{"@id":"https:\/\/www.ewigerbund.org\/verfassungsrecht\/staatsrecht-des-ewigen-bundes\/bundesrat\/#breadcrumb"},"inLanguage":"de","potentialAction":[{"@type":"ReadAction","target":["https:\/\/www.ewigerbund.org\/verfassungsrecht\/staatsrecht-des-ewigen-bundes\/bundesrat\/"]}]},{"@type":"ImageObject","inLanguage":"de","@id":"https:\/\/www.ewigerbund.org\/verfassungsrecht\/staatsrecht-des-ewigen-bundes\/bundesrat\/#primaryimage","url":"https:\/\/www.ewigerbund.org\/verfassungsrecht\/wp-content\/uploads\/sites\/10\/2025\/01\/EB-Verfassungsrecht-bundesrat.jpg","contentUrl":"https:\/\/www.ewigerbund.org\/verfassungsrecht\/wp-content\/uploads\/sites\/10\/2025\/01\/EB-Verfassungsrecht-bundesrat.jpg","width":1748,"height":994},{"@type":"BreadcrumbList","@id":"https:\/\/www.ewigerbund.org\/verfassungsrecht\/staatsrecht-des-ewigen-bundes\/bundesrat\/#breadcrumb","itemListElement":[{"@type":"ListItem","position":1,"name":"Startseite","item":"https:\/\/www.ewigerbund.org\/verfassungsrecht\/"},{"@type":"ListItem","position":2,"name":"Verfassungsrecht.","item":"https:\/\/www.ewigerbund.org\/verfassungsrecht\/"},{"@type":"ListItem","position":3,"name":"Der Bundesrat."}]},{"@type":"WebSite","@id":"https:\/\/www.ewigerbund.org\/verfassungsrecht\/#website","url":"https:\/\/www.ewigerbund.org\/verfassungsrecht\/","name":"Verfassungsrecht","description":"Verfassungsb\u00fcndnis der deutschen Einzelstaaten.","publisher":{"@id":"https:\/\/www.ewigerbund.org\/verfassungsrecht\/#organization"},"potentialAction":[{"@type":"SearchAction","target":{"@type":"EntryPoint","urlTemplate":"https:\/\/www.ewigerbund.org\/verfassungsrecht\/?s={search_term_string}"},"query-input":"required name=search_term_string"}],"inLanguage":"de"},{"@type":"Organization","@id":"https:\/\/www.ewigerbund.org\/verfassungsrecht\/#organization","name":"Verfassungsrecht","url":"https:\/\/www.ewigerbund.org\/verfassungsrecht\/","logo":{"@type":"ImageObject","inLanguage":"de","@id":"https:\/\/www.ewigerbund.org\/verfassungsrecht\/#\/schema\/logo\/image\/","url":"https:\/\/www.ewigerbund.org\/verfassungsrecht\/wp-content\/uploads\/sites\/10\/2022\/11\/2022-09-20-Logo-EB_Schutzzone_V4_Transparent.png","contentUrl":"https:\/\/www.ewigerbund.org\/verfassungsrecht\/wp-content\/uploads\/sites\/10\/2022\/11\/2022-09-20-Logo-EB_Schutzzone_V4_Transparent.png","width":2000,"height":1982,"caption":"Verfassungsrecht"},"image":{"@id":"https:\/\/www.ewigerbund.org\/verfassungsrecht\/#\/schema\/logo\/image\/"}}]}},"_links":{"self":[{"href":"https:\/\/www.ewigerbund.org\/verfassungsrecht\/wp-json\/wp\/v2\/pages\/1173","targetHints":{"allow":["GET"]}}],"collection":[{"href":"https:\/\/www.ewigerbund.org\/verfassungsrecht\/wp-json\/wp\/v2\/pages"}],"about":[{"href":"https:\/\/www.ewigerbund.org\/verfassungsrecht\/wp-json\/wp\/v2\/types\/page"}],"author":[{"embeddable":true,"href":"https:\/\/www.ewigerbund.org\/verfassungsrecht\/wp-json\/wp\/v2\/users\/8"}],"replies":[{"embeddable":true,"href":"https:\/\/www.ewigerbund.org\/verfassungsrecht\/wp-json\/wp\/v2\/comments?post=1173"}],"version-history":[{"count":29,"href":"https:\/\/www.ewigerbund.org\/verfassungsrecht\/wp-json\/wp\/v2\/pages\/1173\/revisions"}],"predecessor-version":[{"id":2997,"href":"https:\/\/www.ewigerbund.org\/verfassungsrecht\/wp-json\/wp\/v2\/pages\/1173\/revisions\/2997"}],"up":[{"embeddable":true,"href":"https:\/\/www.ewigerbund.org\/verfassungsrecht\/wp-json\/wp\/v2\/pages\/1251"}],"wp:featuredmedia":[{"embeddable":true,"href":"https:\/\/www.ewigerbund.org\/verfassungsrecht\/wp-json\/wp\/v2\/media\/2895"}],"wp:attachment":[{"href":"https:\/\/www.ewigerbund.org\/verfassungsrecht\/wp-json\/wp\/v2\/media?parent=1173"}],"wp:term":[{"taxonomy":"category","embeddable":true,"href":"https:\/\/www.ewigerbund.org\/verfassungsrecht\/wp-json\/wp\/v2\/categories?post=1173"},{"taxonomy":"post_tag","embeddable":true,"href":"https:\/\/www.ewigerbund.org\/verfassungsrecht\/wp-json\/wp\/v2\/tags?post=1173"}],"curies":[{"name":"wp","href":"https:\/\/api.w.org\/{rel}","templated":true}]}}