{"id":1154,"date":"2022-10-31T08:28:58","date_gmt":"2022-10-31T07:28:58","guid":{"rendered":"https:\/\/www.ewigerbund.org\/verfassungsrecht\/?page_id=1154"},"modified":"2025-02-20T13:30:27","modified_gmt":"2025-02-20T12:30:27","slug":"rechtliche-natur","status":"publish","type":"page","link":"https:\/\/www.ewigerbund.org\/verfassungsrecht\/rechtliche-natur\/","title":{"rendered":"Die rechtliche Natur des Reiches."},"content":{"rendered":"\n<h2 class=\"wp-block-heading\">Die rechtliche Natur des Reiches.<\/h2>\n\n\n\n<p>Das Deutsche Reich, gegr\u00fcndet 1870 und am 1. Januar 1871 in Kraft getreten, ist ein V\u00f6lkerrechtssubjekt in Form eines f\u00f6deralen Bundesstaates. Es schlie\u00dft mit seiner Verfassung einen ewigen Bund und umfa\u00dft das gesamte deutsche Volk, welches durch den Reichstag repr\u00e4sentiert wird. Es besteht aus 25 Einzelstaaten und dem Reichsland Elsa\u00df-Lothringen: vier K\u00f6nigreichen, sechs Gro\u00dfherzogt\u00fcmern, f\u00fcnf Herzogt\u00fcmern, sieben F\u00fcrstent\u00fcmern und drei freien Reichsst\u00e4dten. Jeder Einzelstaat ist dabei durch seine Regierung im Bundesrat vertreten, der in seiner Gesamtheit Inhaber der Staatsgewalt ist. Durch diesen Zusammenschluss wurde das Deutsche Reich zu einem wirklichen Bundesstaat, auf den ein Teil der Souver\u00e4nit\u00e4t \u00fcbergeht. Die Bismarksche Reichsverfassung von 1871, gew\u00e4hrt dem Reiche eine Zentralgewalt und sichert der deutschen Nation die v\u00f6lkerrechtliche Existenz. Diese Struktur ist einzigartig, da sie zuvor noch nicht existierte. Das Reich vereint die Interessen der deutschen Staaten, beteiligt das Volk an der Beschlu\u00dfnahme und schafft damit eine einheitliche politische Identit\u00e4t.<\/p>\n\n\n\n<h2 class=\"wp-block-heading\">Staatsform.<\/h2>\n\n\n\n<p>Die Staatsform ist eine Pleonokratie, vom Typus einer konstitutionellen&nbsp;aristokratischen Republik. \u201ePleonokratie\u201c bedeutet Mehrheitsherrschaft, bei dem die Staatsgewalt mehreren Tr\u00e4gern zusteht und nicht nur einzelnen Personen. Eine \u201ekonstitutionelle aristokratische Republik\u201c ist eine verfassungsgebundene Republik, bei der aus einer Adelselite, das Oberhaupt als Bestherrschaft gew\u00e4hlt wird und gleichzeitig Elemente einer Republik vorhanden sind (eine nicht monarchische Staatsform).<br><\/p>\n\n\n\n<h2 class=\"wp-block-heading\">Staatsoberhaupt.<\/h2>\n\n\n\n<p>Das Staatsoberhaupt und damit der v\u00f6lkerrechtliche Vertreter des Deutschen Reichs, ist der K\u00f6nig von Preu\u00dfen als Pr\u00e4sidium des Bundes, das den Namen \u201edeutscher Kaiser\u201c f\u00fchrt. Der Kaiser spielt eine zentrale Rolle im politischen System und repr\u00e4sentiert die Einheit und Identit\u00e4t des Deutschen Reiches. W\u00e4hrend seine Macht vor allem symbolisch ist, hat er auch praktische Befugnisse in der Exekutive, der Gesetzgebung und im Milit\u00e4r. Der Kaiser ernennt den Reichskanzler, der die Regierung leitet, sowie die Minister und hohen Beamten. Zudem hat er auch praktisch das Recht, Gesetze zu initiieren und kann den Reichstag mit Zustimmung des Bundesrates aufl\u00f6sen, was ihm eine gewisse Kontrolle \u00fcber den legislativen Prozess gibt. Er ist auch Oberbefehlshaber der Streitkr\u00e4fte in Krieg und Frieden, f\u00fcr einen Angriffskrieg oder milit\u00e4rische B\u00fcndnisvertr\u00e4ge braucht er&nbsp;jedoch die Zustimmung des Bundesrates.<br><\/p>\n\n\n\n<h2 class=\"wp-block-heading\">Reichsgewalt, Zentralgewalt und Souver\u00e4nit\u00e4t.<\/h2>\n\n\n\n<p>Die Reichsgewalt liegt bei der Gesamtheit der verb\u00fcndeten Regierungen, dem Bundesrat. Die Gesetzgebung wird durch den Bundesrat und den Reichstag ausge\u00fcbt und besitzt eine \u00fcbergeordnete Rechtsebene gegen\u00fcber den Einzelstaaten, die Vorrang vor der Souver\u00e4nit\u00e4t und den Gesetzen der L\u00e4nder hat. Es gilt das Reichsrecht vor dem Landesrecht. Die Einzelstaaten haben ihre Selbstst\u00e4ndigkeit insofern bewahrt, indem sie in den Bereichen, die der Gesetzgebungskompetentz des Reiches entzogen sind, ihre eigenen Angelegenheiten regeln und Gesetze erlassen k\u00f6nnen. Diese Souver\u00e4nit\u00e4t ist jedoch durch die Reichsverfassung eingeschr\u00e4nkt, die ihnen ein Mitwirkungsrecht bei der Gesetzgebung einr\u00e4umt. Die Zentralgewalt im Deutschen Reich, vertreten durch den Kaiser als Pr\u00e4sidium, den Bundesrat und den Reichskanzler, sorgt f\u00fcr eine einheitliche Politik und Verwaltung im gesamten Reich.<\/p>\n\n\n\n<h2 class=\"wp-block-heading\"><br>Staatszweck und Pr\u00e4ambel.<\/h2>\n\n\n\n<p>Der Staatszweck des Deutschen Reiches, ist die Schaffung eines einheitlichen und stabilen Staates, der die Interessen aller Teilstaaten ber\u00fccksichtigt. In der Pr\u00e4ambel der Verfassung, wird die Bedeutung von der Einheit und der Wohlfahrt, f\u00fcr alle B\u00fcrger des Reiches unabh\u00e4ngig von Stand, Klasse oder Gruppe deutlich. Die Pr\u00e4ambel legt den Grundstein f\u00fcr die politischen Ziele und Werte, die das Reich leiten: Schutz vor Bedrohungen von au\u00dfen, Rechtssicherheit und das allgemeine Wohl. In der Pr\u00e4ambel wird festgehalten: \u201eDie k\u00f6niglichen Hoheiten der Teilstaaten schlie\u00dfen einen ewigen Bund zum Schutze des Bundesgebietes und des innerhalb desselben g\u00fcltigen Rechtes, sowie zur Pflege der Wohlfahrt des Deutschen Volkes.\u201c<\/p>\n\n\n\n<p>Gehandelt wird also nicht nur f\u00fcr, sondern auch durch das Volk.<br>Die Wohlfahrt ist der Inbegriff von allem, was zu der Gl\u00fcckseligkeit eines Menschen notwendig ist. Die h\u00e4usliche, b\u00fcrgerliche, zeitliche, ewige Wohlfahrt. Das bedeutet auch, sein Blut f\u00fcr die Wohlfahrt seiner Mitb\u00fcrger zu vergie\u00dfen.<\/p>\n\n\n\n<h2 class=\"wp-block-heading\">Fazit.<\/h2>\n\n\n\n<p>Insgesamt zeigt die rechtliche Natur des Deutschen Reiches, eine komplexe und innovative Struktur, die sowohl zentrale als auch f\u00f6derale Elemente vereint. Diese einzigartige Kombination erm\u00f6glicht es, dem Reich die Vielfalt seiner Teilstaaten zu bewahren und gleichzeitig eine starke, einheitliche Regierung zu gew\u00e4hrleisten. Das Deutsche Reich stellt somit ein bedeutendes Beispiel, f\u00fcr die Entwicklung moderner Staatsformen in Europa dar.<\/p>\n\n\n\n<h2 class=\"wp-block-heading\">Aufgabe.<\/h2>\n\n\n\n<p>Die rechtm\u00e4\u00dfigen Erben der regierenden K\u00f6nige und F\u00fcrsten der deutschen Bundesstaaten, sind heute wieder als Tr\u00e4ger der Staatsgewalt, in den Teilstaaten einzusetzen. Vereint im Bundesrat sind sie der Tr\u00e4ger der Reichsgewalt. Gesetzliche Deutsche kennen als Reichsangeh\u00f6rige die Reichsgesetze und richten sich nach der Reichsverfassung und dem Deutschen Kaiser. Gleichzeitig vertrauen sie als Staatsangeh\u00f6rige ihres Bundesstaates, auf ihren Landesherren und beobachten die Landesverfassung sowie die Landesgesetze ihres Wohnsitzes.<\/p>\n\n\n\n<p>F\u00fcr diejenigen, die sich \u00fcber die Verfassung des Bundesstaates, in dem sie wohnen, informieren m\u00f6chten, steht das \u201e<a href=\"https:\/\/www.ewigerbund.org\/verfassungsrecht\/staatsrecht-des-ewigen-bundes\/verfassungsurkunde\">Handbuch der Deutschen Verfassungen<\/a>\u201c zur Verf\u00fcgung.<\/p>\n\n\n\n<div style=\"height:50px\" aria-hidden=\"true\" class=\"wp-block-spacer\"><\/div>\n\n\n\n<h3 class=\"wp-block-heading\">Die rechtliche Natur des Reiches im Podcast.<\/h3>\n\n\n\n<figure class=\"wp-block-embed is-type-wp-embed is-provider-ewiger-bund wp-block-embed-ewiger-bund\"><div class=\"wp-block-embed__wrapper\">\n<blockquote class=\"wp-embedded-content\" data-secret=\"OmFQ3djSwp\"><a href=\"https:\/\/podcast.ewigerbund.org\/podcast\/die-rechtliche-natur-des-reiches\/\">Die rechtliche Natur des Reiches.<\/a><\/blockquote><iframe loading=\"lazy\" class=\"wp-embedded-content\" sandbox=\"allow-scripts\" security=\"restricted\" style=\"position: absolute; visibility: hidden;\" title=\"&#8222;Die rechtliche Natur des Reiches.&#8220; &#8212; Ewiger Bund.\" src=\"https:\/\/podcast.ewigerbund.org\/podcast\/die-rechtliche-natur-des-reiches\/embed\/#?secret=iGkCRZpRZV#?secret=OmFQ3djSwp\" data-secret=\"OmFQ3djSwp\" width=\"500\" height=\"282\" frameborder=\"0\" marginwidth=\"0\" marginheight=\"0\" scrolling=\"no\"><\/iframe>\n<\/div><\/figure>\n\n\n\n<div style=\"height:50px\" aria-hidden=\"true\" class=\"wp-block-spacer\"><\/div>\n\n\n\n<p class=\"gb-headline gb-headline-5425202c gb-headline-text\">Quellen.<\/p>\n\n\n\n<div class=\"wp-block-group is-vertical is-layout-flex wp-container-core-group-is-layout-1 wp-block-group-is-layout-flex\">\n<p class=\"has-small-font-size\"><a href=\"https:\/\/bibliothek.ewigerbund.org\/?rcno_review=handbuch-der-deutschen-verfassungen-2\">Handbuch deutsche Verfassungen.<\/a><\/p>\n\n\n\n<p class=\"has-small-font-size\"><a href=\"https:\/\/staatsbibliothek.ewigerbund.org\/viewer\/image\/Anschuetz_Lehrbuch_des_deutschen_Staatsrechts_1914-1919\/486\/LOG_0102\/\">Ansch\u00fctz, Lehrbuch des deutschen Staatsrechts, 1914-1919.<\/a><\/p>\n\n\n\n<p class=\"has-small-font-size\"><a href=\"https:\/\/staatsbibliothek.ewigerbund.org\/viewer\/image\/Anschuetz_Lehrbuch_des_deutschen_Staatsrechts_1914-1919\/486\/LOG_0102\/\">Ansch\u00fctz, Lehrbuch des deutschen Staatsrechts, 1914-1919, Zweiter Abschnitte: Die Organisation des Deutschen Reiches. <br>1. Subjekt und Tr\u00e4ger der Reichsgewalt; Organe des Reiches.<\/a> <\/p>\n\n\n\n<p class=\"has-small-font-size\"><a href=\"https:\/\/bibliothek.ewigerbund.org\/?rcno_review=erster-band-die-grundlagen-der-politik#handbuch_der_politik_band_1\/164\/\">Handbuch der Politik \u2013 Erster Band: Die Grundlagen der Politik.<\/a><br><br><\/p>\n<\/div>\n","protected":false},"excerpt":{"rendered":"<p>Die rechtliche Natur des Reiches. Das Deutsche Reich, gegr\u00fcndet 1870 und am 1. Januar 1871 in Kraft getreten, ist ein V\u00f6lkerrechtssubjekt in Form eines f\u00f6deralen Bundesstaates. Es schlie\u00dft mit seiner Verfassung einen ewigen Bund und umfa\u00dft das gesamte deutsche Volk, welches durch den Reichstag repr\u00e4sentiert wird. Es besteht aus 25 Einzelstaaten und dem Reichsland Elsa\u00df-Lothringen: &#8230; <a title=\"Die rechtliche Natur des Reiches.\" class=\"read-more\" href=\"https:\/\/www.ewigerbund.org\/verfassungsrecht\/rechtliche-natur\/\" aria-label=\"Mehr zu Die rechtliche Natur des Reiches.\">Weiterlesen &#8230;<\/a><\/p>\n","protected":false},"author":8,"featured_media":1869,"parent":0,"menu_order":0,"comment_status":"closed","ping_status":"closed","template":"template-6-beide-seitenleiste.php","meta":{"footnotes":""},"categories":[],"tags":[96],"class_list":["post-1154","page","type-page","status-publish","has-post-thumbnail","hentry","tag-verfassungsrecht"],"yoast_head":"<!-- This site is optimized with the Yoast SEO plugin v23.1 - https:\/\/yoast.com\/wordpress\/plugins\/seo\/ -->\n<title>Die rechtliche Natur des Reiches. - Verfassungsrecht %<\/title>\n<meta name=\"robots\" content=\"index, follow, max-snippet:-1, max-image-preview:large, max-video-preview:-1\" \/>\n<link rel=\"canonical\" href=\"https:\/\/www.ewigerbund.org\/verfassungsrecht\/rechtliche-natur\/\" \/>\n<meta property=\"og:locale\" content=\"de_DE\" \/>\n<meta property=\"og:type\" content=\"article\" \/>\n<meta property=\"og:title\" content=\"Natur des Deutschen Reiches.\" \/>\n<meta property=\"og:description\" content=\"Die rechtliche Natur des Reiches. Das Deutsche Reich, gegr\u00fcndet 1870 und am 1. Januar 1871 in Kraft getreten, ist ein V\u00f6lkerrechtssubjekt in Form eines f\u00f6deralen Bundesstaates. Es schlie\u00dft mit seiner Verfassung einen ewigen Bund und umfa\u00dft das gesamte deutsche Volk, welches durch den Reichstag repr\u00e4sentiert wird. Es besteht aus 25 Einzelstaaten und dem Reichsland Elsa\u00df-Lothringen: ... Weiterlesen ...\" \/>\n<meta property=\"og:url\" content=\"https:\/\/www.ewigerbund.org\/verfassungsrecht\/rechtliche-natur\/\" \/>\n<meta property=\"og:site_name\" content=\"Verfassungsrecht\" \/>\n<meta property=\"article:modified_time\" content=\"2025-02-20T12:30:27+00:00\" \/>\n<meta property=\"og:image\" content=\"https:\/\/www.ewigerbund.org\/verfassungsrecht\/wp-content\/uploads\/sites\/10\/2023\/01\/EB-Verfassungsrecht-RechtlicheNatur.jpg\" \/>\n\t<meta property=\"og:image:width\" content=\"1748\" \/>\n\t<meta property=\"og:image:height\" content=\"994\" \/>\n\t<meta property=\"og:image:type\" content=\"image\/jpeg\" \/>\n<meta name=\"twitter:card\" content=\"summary_large_image\" \/>\n<meta name=\"twitter:label1\" content=\"Gesch\u00e4tzte Lesezeit\" \/>\n\t<meta name=\"twitter:data1\" content=\"5\u00a0Minuten\" \/>\n<script type=\"application\/ld+json\" class=\"yoast-schema-graph\">{\"@context\":\"https:\/\/schema.org\",\"@graph\":[{\"@type\":\"WebPage\",\"@id\":\"https:\/\/www.ewigerbund.org\/verfassungsrecht\/rechtliche-natur\/\",\"url\":\"https:\/\/www.ewigerbund.org\/verfassungsrecht\/rechtliche-natur\/\",\"name\":\"Die rechtliche Natur des Reiches. - Verfassungsrecht %\",\"isPartOf\":{\"@id\":\"https:\/\/www.ewigerbund.org\/verfassungsrecht\/#website\"},\"primaryImageOfPage\":{\"@id\":\"https:\/\/www.ewigerbund.org\/verfassungsrecht\/rechtliche-natur\/#primaryimage\"},\"image\":{\"@id\":\"https:\/\/www.ewigerbund.org\/verfassungsrecht\/rechtliche-natur\/#primaryimage\"},\"thumbnailUrl\":\"https:\/\/www.ewigerbund.org\/verfassungsrecht\/wp-content\/uploads\/sites\/10\/2023\/01\/EB-Verfassungsrecht-RechtlicheNatur.jpg\",\"datePublished\":\"2022-10-31T07:28:58+00:00\",\"dateModified\":\"2025-02-20T12:30:27+00:00\",\"breadcrumb\":{\"@id\":\"https:\/\/www.ewigerbund.org\/verfassungsrecht\/rechtliche-natur\/#breadcrumb\"},\"inLanguage\":\"de\",\"potentialAction\":[{\"@type\":\"ReadAction\",\"target\":[\"https:\/\/www.ewigerbund.org\/verfassungsrecht\/rechtliche-natur\/\"]}]},{\"@type\":\"ImageObject\",\"inLanguage\":\"de\",\"@id\":\"https:\/\/www.ewigerbund.org\/verfassungsrecht\/rechtliche-natur\/#primaryimage\",\"url\":\"https:\/\/www.ewigerbund.org\/verfassungsrecht\/wp-content\/uploads\/sites\/10\/2023\/01\/EB-Verfassungsrecht-RechtlicheNatur.jpg\",\"contentUrl\":\"https:\/\/www.ewigerbund.org\/verfassungsrecht\/wp-content\/uploads\/sites\/10\/2023\/01\/EB-Verfassungsrecht-RechtlicheNatur.jpg\",\"width\":1748,\"height\":994,\"caption\":\"Natur des deutschen Reichs.\"},{\"@type\":\"BreadcrumbList\",\"@id\":\"https:\/\/www.ewigerbund.org\/verfassungsrecht\/rechtliche-natur\/#breadcrumb\",\"itemListElement\":[{\"@type\":\"ListItem\",\"position\":1,\"name\":\"Startseite\",\"item\":\"https:\/\/www.ewigerbund.org\/verfassungsrecht\/\"},{\"@type\":\"ListItem\",\"position\":2,\"name\":\"Die rechtliche Natur des Reiches.\"}]},{\"@type\":\"WebSite\",\"@id\":\"https:\/\/www.ewigerbund.org\/verfassungsrecht\/#website\",\"url\":\"https:\/\/www.ewigerbund.org\/verfassungsrecht\/\",\"name\":\"Verfassungsrecht\",\"description\":\"Verfassungsb\u00fcndnis der deutschen Einzelstaaten.\",\"publisher\":{\"@id\":\"https:\/\/www.ewigerbund.org\/verfassungsrecht\/#organization\"},\"potentialAction\":[{\"@type\":\"SearchAction\",\"target\":{\"@type\":\"EntryPoint\",\"urlTemplate\":\"https:\/\/www.ewigerbund.org\/verfassungsrecht\/?s={search_term_string}\"},\"query-input\":\"required name=search_term_string\"}],\"inLanguage\":\"de\"},{\"@type\":\"Organization\",\"@id\":\"https:\/\/www.ewigerbund.org\/verfassungsrecht\/#organization\",\"name\":\"Verfassungsrecht\",\"url\":\"https:\/\/www.ewigerbund.org\/verfassungsrecht\/\",\"logo\":{\"@type\":\"ImageObject\",\"inLanguage\":\"de\",\"@id\":\"https:\/\/www.ewigerbund.org\/verfassungsrecht\/#\/schema\/logo\/image\/\",\"url\":\"https:\/\/www.ewigerbund.org\/verfassungsrecht\/wp-content\/uploads\/sites\/10\/2022\/11\/2022-09-20-Logo-EB_Schutzzone_V4_Transparent.png\",\"contentUrl\":\"https:\/\/www.ewigerbund.org\/verfassungsrecht\/wp-content\/uploads\/sites\/10\/2022\/11\/2022-09-20-Logo-EB_Schutzzone_V4_Transparent.png\",\"width\":2000,\"height\":1982,\"caption\":\"Verfassungsrecht\"},\"image\":{\"@id\":\"https:\/\/www.ewigerbund.org\/verfassungsrecht\/#\/schema\/logo\/image\/\"}}]}<\/script>\n<!-- \/ Yoast SEO plugin. -->","yoast_head_json":{"title":"Die rechtliche Natur des Reiches. - Verfassungsrecht %","robots":{"index":"index","follow":"follow","max-snippet":"max-snippet:-1","max-image-preview":"max-image-preview:large","max-video-preview":"max-video-preview:-1"},"canonical":"https:\/\/www.ewigerbund.org\/verfassungsrecht\/rechtliche-natur\/","og_locale":"de_DE","og_type":"article","og_title":"Natur des Deutschen Reiches.","og_description":"Die rechtliche Natur des Reiches. Das Deutsche Reich, gegr\u00fcndet 1870 und am 1. Januar 1871 in Kraft getreten, ist ein V\u00f6lkerrechtssubjekt in Form eines f\u00f6deralen Bundesstaates. Es schlie\u00dft mit seiner Verfassung einen ewigen Bund und umfa\u00dft das gesamte deutsche Volk, welches durch den Reichstag repr\u00e4sentiert wird. Es besteht aus 25 Einzelstaaten und dem Reichsland Elsa\u00df-Lothringen: ... Weiterlesen ...","og_url":"https:\/\/www.ewigerbund.org\/verfassungsrecht\/rechtliche-natur\/","og_site_name":"Verfassungsrecht","article_modified_time":"2025-02-20T12:30:27+00:00","og_image":[{"width":1748,"height":994,"url":"https:\/\/www.ewigerbund.org\/verfassungsrecht\/wp-content\/uploads\/sites\/10\/2023\/01\/EB-Verfassungsrecht-RechtlicheNatur.jpg","type":"image\/jpeg"}],"twitter_card":"summary_large_image","twitter_misc":{"Gesch\u00e4tzte Lesezeit":"5\u00a0Minuten"},"schema":{"@context":"https:\/\/schema.org","@graph":[{"@type":"WebPage","@id":"https:\/\/www.ewigerbund.org\/verfassungsrecht\/rechtliche-natur\/","url":"https:\/\/www.ewigerbund.org\/verfassungsrecht\/rechtliche-natur\/","name":"Die rechtliche Natur des Reiches. - Verfassungsrecht %","isPartOf":{"@id":"https:\/\/www.ewigerbund.org\/verfassungsrecht\/#website"},"primaryImageOfPage":{"@id":"https:\/\/www.ewigerbund.org\/verfassungsrecht\/rechtliche-natur\/#primaryimage"},"image":{"@id":"https:\/\/www.ewigerbund.org\/verfassungsrecht\/rechtliche-natur\/#primaryimage"},"thumbnailUrl":"https:\/\/www.ewigerbund.org\/verfassungsrecht\/wp-content\/uploads\/sites\/10\/2023\/01\/EB-Verfassungsrecht-RechtlicheNatur.jpg","datePublished":"2022-10-31T07:28:58+00:00","dateModified":"2025-02-20T12:30:27+00:00","breadcrumb":{"@id":"https:\/\/www.ewigerbund.org\/verfassungsrecht\/rechtliche-natur\/#breadcrumb"},"inLanguage":"de","potentialAction":[{"@type":"ReadAction","target":["https:\/\/www.ewigerbund.org\/verfassungsrecht\/rechtliche-natur\/"]}]},{"@type":"ImageObject","inLanguage":"de","@id":"https:\/\/www.ewigerbund.org\/verfassungsrecht\/rechtliche-natur\/#primaryimage","url":"https:\/\/www.ewigerbund.org\/verfassungsrecht\/wp-content\/uploads\/sites\/10\/2023\/01\/EB-Verfassungsrecht-RechtlicheNatur.jpg","contentUrl":"https:\/\/www.ewigerbund.org\/verfassungsrecht\/wp-content\/uploads\/sites\/10\/2023\/01\/EB-Verfassungsrecht-RechtlicheNatur.jpg","width":1748,"height":994,"caption":"Natur des deutschen Reichs."},{"@type":"BreadcrumbList","@id":"https:\/\/www.ewigerbund.org\/verfassungsrecht\/rechtliche-natur\/#breadcrumb","itemListElement":[{"@type":"ListItem","position":1,"name":"Startseite","item":"https:\/\/www.ewigerbund.org\/verfassungsrecht\/"},{"@type":"ListItem","position":2,"name":"Die rechtliche Natur des Reiches."}]},{"@type":"WebSite","@id":"https:\/\/www.ewigerbund.org\/verfassungsrecht\/#website","url":"https:\/\/www.ewigerbund.org\/verfassungsrecht\/","name":"Verfassungsrecht","description":"Verfassungsb\u00fcndnis der deutschen Einzelstaaten.","publisher":{"@id":"https:\/\/www.ewigerbund.org\/verfassungsrecht\/#organization"},"potentialAction":[{"@type":"SearchAction","target":{"@type":"EntryPoint","urlTemplate":"https:\/\/www.ewigerbund.org\/verfassungsrecht\/?s={search_term_string}"},"query-input":"required name=search_term_string"}],"inLanguage":"de"},{"@type":"Organization","@id":"https:\/\/www.ewigerbund.org\/verfassungsrecht\/#organization","name":"Verfassungsrecht","url":"https:\/\/www.ewigerbund.org\/verfassungsrecht\/","logo":{"@type":"ImageObject","inLanguage":"de","@id":"https:\/\/www.ewigerbund.org\/verfassungsrecht\/#\/schema\/logo\/image\/","url":"https:\/\/www.ewigerbund.org\/verfassungsrecht\/wp-content\/uploads\/sites\/10\/2022\/11\/2022-09-20-Logo-EB_Schutzzone_V4_Transparent.png","contentUrl":"https:\/\/www.ewigerbund.org\/verfassungsrecht\/wp-content\/uploads\/sites\/10\/2022\/11\/2022-09-20-Logo-EB_Schutzzone_V4_Transparent.png","width":2000,"height":1982,"caption":"Verfassungsrecht"},"image":{"@id":"https:\/\/www.ewigerbund.org\/verfassungsrecht\/#\/schema\/logo\/image\/"}}]}},"_links":{"self":[{"href":"https:\/\/www.ewigerbund.org\/verfassungsrecht\/wp-json\/wp\/v2\/pages\/1154","targetHints":{"allow":["GET"]}}],"collection":[{"href":"https:\/\/www.ewigerbund.org\/verfassungsrecht\/wp-json\/wp\/v2\/pages"}],"about":[{"href":"https:\/\/www.ewigerbund.org\/verfassungsrecht\/wp-json\/wp\/v2\/types\/page"}],"author":[{"embeddable":true,"href":"https:\/\/www.ewigerbund.org\/verfassungsrecht\/wp-json\/wp\/v2\/users\/8"}],"replies":[{"embeddable":true,"href":"https:\/\/www.ewigerbund.org\/verfassungsrecht\/wp-json\/wp\/v2\/comments?post=1154"}],"version-history":[{"count":32,"href":"https:\/\/www.ewigerbund.org\/verfassungsrecht\/wp-json\/wp\/v2\/pages\/1154\/revisions"}],"predecessor-version":[{"id":2966,"href":"https:\/\/www.ewigerbund.org\/verfassungsrecht\/wp-json\/wp\/v2\/pages\/1154\/revisions\/2966"}],"wp:featuredmedia":[{"embeddable":true,"href":"https:\/\/www.ewigerbund.org\/verfassungsrecht\/wp-json\/wp\/v2\/media\/1869"}],"wp:attachment":[{"href":"https:\/\/www.ewigerbund.org\/verfassungsrecht\/wp-json\/wp\/v2\/media?parent=1154"}],"wp:term":[{"taxonomy":"category","embeddable":true,"href":"https:\/\/www.ewigerbund.org\/verfassungsrecht\/wp-json\/wp\/v2\/categories?post=1154"},{"taxonomy":"post_tag","embeddable":true,"href":"https:\/\/www.ewigerbund.org\/verfassungsrecht\/wp-json\/wp\/v2\/tags?post=1154"}],"curies":[{"name":"wp","href":"https:\/\/api.w.org\/{rel}","templated":true}]}}