{"id":189,"date":"2023-02-15T10:18:26","date_gmt":"2023-02-15T09:18:26","guid":{"rendered":"https:\/\/www.ewigerbund.org\/schaumburg-lippe\/?page_id=189"},"modified":"2023-02-15T10:18:27","modified_gmt":"2023-02-15T09:18:27","slug":"material","status":"publish","type":"page","link":"https:\/\/www.ewigerbund.org\/schaumburg-lippe\/material\/","title":{"rendered":"Material."},"content":{"rendered":"\n<h2 class=\"wp-block-heading\">Flugbl\u00e4tter des F\u00fcrstentum Schaumburg-Lippe.<\/h2>\n\n\n\n<p>Suche Dir ein Motiv Deiner Wahl aus, lade Dir die Druckdatei herunter und lasse diese in einer Druckerei Deiner Wahl in der von Dir gew\u00fcnschten Auflage drucken. Egal ob als Postwurf, in Hauseing\u00e4ngen, an Einkaufswagen, Superm\u00e4rkte, schwarze Bretter, \u00f6ffentliche Pl\u00e4tze: Verteilt die Flieger! Die deutsche Ohn-Macht basiert auf auf der Bewu\u00dftlosigkeit der Deutschen und Wissen ist die Voraussetzung f\u00fcr Bewu\u00dftsein. Es ist nun an der Zeit, dass die Schaumburg-Lipper wieder zu Bewu\u00dftsein kommen, damit wir das Ziel des Friedens erreichen!<\/p>\n\n\n\n<p><strong>Damit hilfst Du uns, Deinen Mitmenschen (und nat\u00fcrlich auch Dir selbst) bei der Vorbereitung zur Reorganisation Schaumburg-Lippe.<\/strong><\/p>\n\n\n\n<p><em>Alle Flugblatt Druckvorlagen sind im Format A6 quer inkl. 3 mm Anschnitt.<\/em><\/p>\n","protected":false},"excerpt":{"rendered":"<p>Flugbl\u00e4tter des F\u00fcrstentum Schaumburg-Lippe. Suche Dir ein Motiv Deiner Wahl aus, lade Dir die Druckdatei herunter und lasse diese in einer Druckerei Deiner Wahl in der von Dir gew\u00fcnschten Auflage drucken. Egal ob als Postwurf, in Hauseing\u00e4ngen, an Einkaufswagen, Superm\u00e4rkte, schwarze Bretter, \u00f6ffentliche Pl\u00e4tze: Verteilt die Flieger! Die deutsche Ohn-Macht basiert auf auf der Bewu\u00dftlosigkeit &#8230; <a title=\"Material.\" class=\"read-more\" href=\"https:\/\/www.ewigerbund.org\/schaumburg-lippe\/material\/\" aria-label=\"Mehr zu Material.\">Weiterlesen &#8230;<\/a><\/p>\n","protected":false},"author":16,"featured_media":0,"parent":0,"menu_order":0,"comment_status":"closed","ping_status":"closed","template":"template-6-beide-seitenleiste.php","meta":{"footnotes":""},"categories":[],"tags":[],"class_list":["post-189","page","type-page","status-publish","hentry"],"yoast_head":"<!-- This site is optimized with the Yoast SEO plugin v23.1 - https:\/\/yoast.com\/wordpress\/plugins\/seo\/ -->\n<title>Material. - Das F\u00fcrstentum Schaumburg-Lippe im Ewigen Bund.<\/title>\n<meta name=\"description\" content=\"Lade Dir die Druckdatei herunter und lasse diese in einer Druckerei Deiner Wahl in der von Dir gew\u00fcnschten Auflage drucken.\" \/>\n<meta name=\"robots\" content=\"index, follow, max-snippet:-1, max-image-preview:large, max-video-preview:-1\" \/>\n<link rel=\"canonical\" href=\"https:\/\/www.ewigerbund.org\/schaumburg-lippe\/material\/\" \/>\n<meta property=\"og:locale\" content=\"de_DE\" \/>\n<meta property=\"og:type\" content=\"article\" \/>\n<meta property=\"og:title\" content=\"Material. - Das F\u00fcrstentum Schaumburg-Lippe im Ewigen Bund.\" \/>\n<meta property=\"og:description\" content=\"Lade Dir die Druckdatei herunter und lasse diese in einer Druckerei Deiner Wahl in der von Dir gew\u00fcnschten Auflage drucken.\" \/>\n<meta property=\"og:url\" content=\"https:\/\/www.ewigerbund.org\/schaumburg-lippe\/material\/\" \/>\n<meta property=\"og:site_name\" content=\"Das F\u00fcrstentum Schaumburg-Lippe im Ewigen Bund.\" \/>\n<meta property=\"article:modified_time\" content=\"2023-02-15T09:18:27+00:00\" \/>\n<meta name=\"twitter:card\" content=\"summary_large_image\" \/>\n<meta name=\"twitter:label1\" content=\"Gesch\u00e4tzte Lesezeit\" \/>\n\t<meta name=\"twitter:data1\" content=\"1\u00a0Minute\" \/>\n<script type=\"application\/ld+json\" class=\"yoast-schema-graph\">{\"@context\":\"https:\/\/schema.org\",\"@graph\":[{\"@type\":\"WebPage\",\"@id\":\"https:\/\/www.ewigerbund.org\/schaumburg-lippe\/material\/\",\"url\":\"https:\/\/www.ewigerbund.org\/schaumburg-lippe\/material\/\",\"name\":\"Material. - Das F\u00fcrstentum Schaumburg-Lippe im Ewigen Bund.\",\"isPartOf\":{\"@id\":\"https:\/\/www.ewigerbund.org\/schaumburg-lippe\/#website\"},\"datePublished\":\"2023-02-15T09:18:26+00:00\",\"dateModified\":\"2023-02-15T09:18:27+00:00\",\"description\":\"Lade Dir die Druckdatei herunter und lasse diese in einer Druckerei Deiner Wahl in der von Dir gew\u00fcnschten Auflage drucken.\",\"breadcrumb\":{\"@id\":\"https:\/\/www.ewigerbund.org\/schaumburg-lippe\/material\/#breadcrumb\"},\"inLanguage\":\"de\",\"potentialAction\":[{\"@type\":\"ReadAction\",\"target\":[\"https:\/\/www.ewigerbund.org\/schaumburg-lippe\/material\/\"]}]},{\"@type\":\"BreadcrumbList\",\"@id\":\"https:\/\/www.ewigerbund.org\/schaumburg-lippe\/material\/#breadcrumb\",\"itemListElement\":[{\"@type\":\"ListItem\",\"position\":1,\"name\":\"Startseite\",\"item\":\"https:\/\/www.ewigerbund.org\/schaumburg-lippe\/\"},{\"@type\":\"ListItem\",\"position\":2,\"name\":\"Material.\"}]},{\"@type\":\"WebSite\",\"@id\":\"https:\/\/www.ewigerbund.org\/schaumburg-lippe\/#website\",\"url\":\"https:\/\/www.ewigerbund.org\/schaumburg-lippe\/\",\"name\":\"Das F\u00fcrstentum Schaumburg-Lippe im Ewigen Bund.\",\"description\":\"Eine Bundesstaatenseite des Ewigen Bundes.\",\"potentialAction\":[{\"@type\":\"SearchAction\",\"target\":{\"@type\":\"EntryPoint\",\"urlTemplate\":\"https:\/\/www.ewigerbund.org\/schaumburg-lippe\/?s={search_term_string}\"},\"query-input\":\"required name=search_term_string\"}],\"inLanguage\":\"de\"}]}<\/script>\n<!-- \/ Yoast SEO plugin. -->","yoast_head_json":{"title":"Material. - Das F\u00fcrstentum Schaumburg-Lippe im Ewigen Bund.","description":"Lade Dir die Druckdatei herunter und lasse diese in einer Druckerei Deiner Wahl in der von Dir gew\u00fcnschten Auflage drucken.","robots":{"index":"index","follow":"follow","max-snippet":"max-snippet:-1","max-image-preview":"max-image-preview:large","max-video-preview":"max-video-preview:-1"},"canonical":"https:\/\/www.ewigerbund.org\/schaumburg-lippe\/material\/","og_locale":"de_DE","og_type":"article","og_title":"Material. - Das F\u00fcrstentum Schaumburg-Lippe im Ewigen Bund.","og_description":"Lade Dir die Druckdatei herunter und lasse diese in einer Druckerei Deiner Wahl in der von Dir gew\u00fcnschten Auflage drucken.","og_url":"https:\/\/www.ewigerbund.org\/schaumburg-lippe\/material\/","og_site_name":"Das F\u00fcrstentum Schaumburg-Lippe im Ewigen Bund.","article_modified_time":"2023-02-15T09:18:27+00:00","twitter_card":"summary_large_image","twitter_misc":{"Gesch\u00e4tzte Lesezeit":"1\u00a0Minute"},"schema":{"@context":"https:\/\/schema.org","@graph":[{"@type":"WebPage","@id":"https:\/\/www.ewigerbund.org\/schaumburg-lippe\/material\/","url":"https:\/\/www.ewigerbund.org\/schaumburg-lippe\/material\/","name":"Material. - Das F\u00fcrstentum Schaumburg-Lippe im Ewigen Bund.","isPartOf":{"@id":"https:\/\/www.ewigerbund.org\/schaumburg-lippe\/#website"},"datePublished":"2023-02-15T09:18:26+00:00","dateModified":"2023-02-15T09:18:27+00:00","description":"Lade Dir die Druckdatei herunter und lasse diese in einer Druckerei Deiner Wahl in der von Dir gew\u00fcnschten Auflage drucken.","breadcrumb":{"@id":"https:\/\/www.ewigerbund.org\/schaumburg-lippe\/material\/#breadcrumb"},"inLanguage":"de","potentialAction":[{"@type":"ReadAction","target":["https:\/\/www.ewigerbund.org\/schaumburg-lippe\/material\/"]}]},{"@type":"BreadcrumbList","@id":"https:\/\/www.ewigerbund.org\/schaumburg-lippe\/material\/#breadcrumb","itemListElement":[{"@type":"ListItem","position":1,"name":"Startseite","item":"https:\/\/www.ewigerbund.org\/schaumburg-lippe\/"},{"@type":"ListItem","position":2,"name":"Material."}]},{"@type":"WebSite","@id":"https:\/\/www.ewigerbund.org\/schaumburg-lippe\/#website","url":"https:\/\/www.ewigerbund.org\/schaumburg-lippe\/","name":"Das F\u00fcrstentum Schaumburg-Lippe im Ewigen Bund.","description":"Eine Bundesstaatenseite des Ewigen Bundes.","potentialAction":[{"@type":"SearchAction","target":{"@type":"EntryPoint","urlTemplate":"https:\/\/www.ewigerbund.org\/schaumburg-lippe\/?s={search_term_string}"},"query-input":"required name=search_term_string"}],"inLanguage":"de"}]}},"_links":{"self":[{"href":"https:\/\/www.ewigerbund.org\/schaumburg-lippe\/wp-json\/wp\/v2\/pages\/189","targetHints":{"allow":["GET"]}}],"collection":[{"href":"https:\/\/www.ewigerbund.org\/schaumburg-lippe\/wp-json\/wp\/v2\/pages"}],"about":[{"href":"https:\/\/www.ewigerbund.org\/schaumburg-lippe\/wp-json\/wp\/v2\/types\/page"}],"author":[{"embeddable":true,"href":"https:\/\/www.ewigerbund.org\/schaumburg-lippe\/wp-json\/wp\/v2\/users\/16"}],"replies":[{"embeddable":true,"href":"https:\/\/www.ewigerbund.org\/schaumburg-lippe\/wp-json\/wp\/v2\/comments?post=189"}],"version-history":[{"count":1,"href":"https:\/\/www.ewigerbund.org\/schaumburg-lippe\/wp-json\/wp\/v2\/pages\/189\/revisions"}],"predecessor-version":[{"id":190,"href":"https:\/\/www.ewigerbund.org\/schaumburg-lippe\/wp-json\/wp\/v2\/pages\/189\/revisions\/190"}],"wp:attachment":[{"href":"https:\/\/www.ewigerbund.org\/schaumburg-lippe\/wp-json\/wp\/v2\/media?parent=189"}],"wp:term":[{"taxonomy":"category","embeddable":true,"href":"https:\/\/www.ewigerbund.org\/schaumburg-lippe\/wp-json\/wp\/v2\/categories?post=189"},{"taxonomy":"post_tag","embeddable":true,"href":"https:\/\/www.ewigerbund.org\/schaumburg-lippe\/wp-json\/wp\/v2\/tags?post=189"}],"curies":[{"name":"wp","href":"https:\/\/api.w.org\/{rel}","templated":true}]}}