{"id":916,"date":"2022-12-22T16:50:26","date_gmt":"2022-12-22T15:50:26","guid":{"rendered":"https:\/\/www.ewigerbund.org\/sachsen\/?page_id=916"},"modified":"2023-04-03T19:13:47","modified_gmt":"2023-04-03T17:13:47","slug":"6-jahrhundert","status":"publish","type":"page","link":"https:\/\/www.ewigerbund.org\/sachsen\/landesgeschichte\/6-jahrhundert\/","title":{"rendered":"6. Jahrhundert."},"content":{"rendered":"\n<h1 class=\"has-text-align-center has-accent-color has-text-color wp-block-heading\" id=\"6-titel\">&#8230; bis 599.<\/h1>\n\n\n<div class=\"container\">\n<ul class=\"timeline\">\n<li>\n<div class=\"timeline-badge warning\">\u00a0<\/div>\n<div class=\"timeline-panel\">\n<div class=\"timeline-heading\">\n<h2 style=\"color: #811810;\" align=\"right\"><span style=\"color: #e42313;\"><strong>527.<\/strong><\/span><\/h2>\n<p><a href=\"https:\/\/www.ewigerbund.org\/sachsen\/landesgeschichte\/die-fruheren-bewohner-unsers-vaterlandes\/\"><img loading=\"lazy\" decoding=\"async\" class=\"aligncenter wp-image-371 size-full\" title=\"Die fr\u00fchesten Bewohner Sachsens.\" src=\"https:\/\/www.ewigerbund.org\/sachsen\/wp-content\/uploads\/sites\/14\/2022\/11\/2022-11-11-ackerbau.jpg\" alt=\"6. Jahrhundert\" width=\"1024\" height=\"580\" srcset=\"https:\/\/www.ewigerbund.org\/sachsen\/wp-content\/uploads\/sites\/14\/2022\/11\/2022-11-11-ackerbau.jpg 1024w, https:\/\/www.ewigerbund.org\/sachsen\/wp-content\/uploads\/sites\/14\/2022\/11\/2022-11-11-ackerbau-300x170.jpg 300w, https:\/\/www.ewigerbund.org\/sachsen\/wp-content\/uploads\/sites\/14\/2022\/11\/2022-11-11-ackerbau-768x435.jpg 768w\" sizes=\"auto, (max-width: 1024px) 100vw, 1024px\" \/><\/a><\/p>\n<h3 class=\"gb-headline gb-headline-b1fe0e0d gb-headline-text\"><span style=\"color: #008342;\">Sachsens fr\u00fcheste Bewohner.<\/span><\/h3>\n<\/div>\n<div class=\"timeline-body\">\n<p>Das K\u00f6nigreich Sachsen, wird von einem deutschen Volksstamme, den Sachsen, und von einem slavischen, den Wenden, bewohnt. In der fr\u00fchesten Zeit hatten im jetzigen Sachsen, sobald wir von der gegenw\u00e4rtigen genauen Begrenzung absehen, andere Volksst\u00e4mme ihren Wohnsitz aufgeschlagen.<\/p>\n<p><a href=\"https:\/\/www.ewigerbund.org\/sachsen\/landesgeschichte\/die-fruheren-bewohner-unsers-vaterlandes\/\">Weiterlesen \u2192<\/a><\/p>\n<\/div>\n<\/div>\n<\/li>\n<\/ul>\n<\/div>\n\n\n<div style=\"height:100px\" aria-hidden=\"true\" class=\"wp-block-spacer\"><\/div>\n","protected":false},"excerpt":{"rendered":"<p>&#8230; bis 599. \u00a0 527. Sachsens fr\u00fcheste Bewohner. Das K\u00f6nigreich Sachsen, wird von einem deutschen Volksstamme, den Sachsen, und von einem slavischen, den Wenden, bewohnt. In der fr\u00fchesten Zeit hatten im jetzigen Sachsen, sobald wir von der gegenw\u00e4rtigen genauen Begrenzung absehen, andere Volksst\u00e4mme ihren Wohnsitz aufgeschlagen. Weiterlesen \u2192<\/p>\n","protected":false},"author":1,"featured_media":0,"parent":249,"menu_order":1,"comment_status":"closed","ping_status":"closed","template":"","meta":{"footnotes":""},"categories":[84,14],"tags":[90,288,93,38],"class_list":{"0":"post-916","1":"page","2":"type-page","3":"status-publish","5":"category-6-jahrhundert","6":"category-landesgeschichte","7":"tag-deutscher-volksstamm","8":"tag-kurland-sachsen","9":"tag-slavischer-volksstamm","10":"tag-wettiner"},"yoast_head":"<!-- This site is optimized with the Yoast SEO plugin v23.1 - https:\/\/yoast.com\/wordpress\/plugins\/seo\/ -->\n<title>6. Jahrhundert. &#8226; K\u00f6nigreich Sachsen.<\/title>\n<meta name=\"description\" content=\"Im 6. Jahrhundert entwickelte sich Sachsen aus zwei Volksst\u00e4mmen das Wettinische Kurf\u00fcrstenthum. Wer waren die fr\u00fchesten Bewohner?\" \/>\n<meta name=\"robots\" content=\"index, follow, max-snippet:-1, max-image-preview:large, max-video-preview:-1\" \/>\n<link rel=\"canonical\" href=\"https:\/\/www.ewigerbund.org\/sachsen\/landesgeschichte\/6-jahrhundert\/\" \/>\n<meta property=\"og:locale\" content=\"de_DE\" \/>\n<meta property=\"og:type\" content=\"article\" \/>\n<meta property=\"og:title\" content=\"6. Jahrhundert. &#8226; K\u00f6nigreich Sachsen.\" \/>\n<meta property=\"og:description\" content=\"Im 6. Jahrhundert entwickelte sich Sachsen aus zwei Volksst\u00e4mmen das Wettinische Kurf\u00fcrstenthum. Wer waren die fr\u00fchesten Bewohner?\" \/>\n<meta property=\"og:url\" content=\"https:\/\/www.ewigerbund.org\/sachsen\/landesgeschichte\/6-jahrhundert\/\" \/>\n<meta property=\"og:site_name\" content=\"K\u00f6nigreich Sachsen\" \/>\n<meta property=\"article:modified_time\" content=\"2023-04-03T17:13:47+00:00\" \/>\n<meta property=\"og:image\" content=\"https:\/\/www.ewigerbund.org\/sachsen\/wp-content\/uploads\/sites\/14\/2022\/11\/2022-11-11-ackerbau.jpg\" \/>\n<meta name=\"twitter:card\" content=\"summary_large_image\" \/>\n<meta name=\"twitter:label1\" content=\"Gesch\u00e4tzte Lesezeit\" \/>\n\t<meta name=\"twitter:data1\" content=\"1\u00a0Minute\" \/>\n<script type=\"application\/ld+json\" class=\"yoast-schema-graph\">{\"@context\":\"https:\/\/schema.org\",\"@graph\":[{\"@type\":\"WebPage\",\"@id\":\"https:\/\/www.ewigerbund.org\/sachsen\/landesgeschichte\/6-jahrhundert\/\",\"url\":\"https:\/\/www.ewigerbund.org\/sachsen\/landesgeschichte\/6-jahrhundert\/\",\"name\":\"6. Jahrhundert. &#8226; K\u00f6nigreich Sachsen.\",\"isPartOf\":{\"@id\":\"https:\/\/www.ewigerbund.org\/sachsen\/#website\"},\"primaryImageOfPage\":{\"@id\":\"https:\/\/www.ewigerbund.org\/sachsen\/landesgeschichte\/6-jahrhundert\/#primaryimage\"},\"image\":{\"@id\":\"https:\/\/www.ewigerbund.org\/sachsen\/landesgeschichte\/6-jahrhundert\/#primaryimage\"},\"thumbnailUrl\":\"https:\/\/www.ewigerbund.org\/sachsen\/wp-content\/uploads\/sites\/14\/2022\/11\/2022-11-11-ackerbau.jpg\",\"datePublished\":\"2022-12-22T15:50:26+00:00\",\"dateModified\":\"2023-04-03T17:13:47+00:00\",\"description\":\"Im 6. Jahrhundert entwickelte sich Sachsen aus zwei Volksst\u00e4mmen das Wettinische Kurf\u00fcrstenthum. Wer waren die fr\u00fchesten Bewohner?\",\"breadcrumb\":{\"@id\":\"https:\/\/www.ewigerbund.org\/sachsen\/landesgeschichte\/6-jahrhundert\/#breadcrumb\"},\"inLanguage\":\"de\",\"potentialAction\":[{\"@type\":\"ReadAction\",\"target\":[\"https:\/\/www.ewigerbund.org\/sachsen\/landesgeschichte\/6-jahrhundert\/\"]}]},{\"@type\":\"ImageObject\",\"inLanguage\":\"de\",\"@id\":\"https:\/\/www.ewigerbund.org\/sachsen\/landesgeschichte\/6-jahrhundert\/#primaryimage\",\"url\":\"https:\/\/www.ewigerbund.org\/sachsen\/wp-content\/uploads\/sites\/14\/2022\/11\/2022-11-11-ackerbau.jpg\",\"contentUrl\":\"https:\/\/www.ewigerbund.org\/sachsen\/wp-content\/uploads\/sites\/14\/2022\/11\/2022-11-11-ackerbau.jpg\",\"width\":1024,\"height\":580,\"caption\":\"6. Jahrhundert\"},{\"@type\":\"BreadcrumbList\",\"@id\":\"https:\/\/www.ewigerbund.org\/sachsen\/landesgeschichte\/6-jahrhundert\/#breadcrumb\",\"itemListElement\":[{\"@type\":\"ListItem\",\"position\":1,\"name\":\"Startseite.\",\"item\":\"https:\/\/www.ewigerbund.org\/sachsen\/\"},{\"@type\":\"ListItem\",\"position\":2,\"name\":\"Landesgeschichte.\",\"item\":\"https:\/\/www.ewigerbund.org\/sachsen\/landesgeschichte\/\"},{\"@type\":\"ListItem\",\"position\":3,\"name\":\"6. Jahrhundert.\"}]},{\"@type\":\"WebSite\",\"@id\":\"https:\/\/www.ewigerbund.org\/sachsen\/#website\",\"url\":\"https:\/\/www.ewigerbund.org\/sachsen\/\",\"name\":\"K\u00f6nigreich Sachsen\",\"description\":\"im ewigen Bund.\",\"publisher\":{\"@id\":\"https:\/\/www.ewigerbund.org\/sachsen\/#organization\"},\"potentialAction\":[{\"@type\":\"SearchAction\",\"target\":{\"@type\":\"EntryPoint\",\"urlTemplate\":\"https:\/\/www.ewigerbund.org\/sachsen\/?s={search_term_string}\"},\"query-input\":\"required name=search_term_string\"}],\"inLanguage\":\"de\"},{\"@type\":\"Organization\",\"@id\":\"https:\/\/www.ewigerbund.org\/sachsen\/#organization\",\"name\":\"K\u00f6nigreich Sachsen\",\"url\":\"https:\/\/www.ewigerbund.org\/sachsen\/\",\"logo\":{\"@type\":\"ImageObject\",\"inLanguage\":\"de\",\"@id\":\"https:\/\/www.ewigerbund.org\/sachsen\/#\/schema\/logo\/image\/\",\"url\":\"https:\/\/www.ewigerbund.org\/sachsen\/wp-content\/uploads\/sites\/14\/2022\/11\/cropped-2022-09-10-Logo-EB-Sachsen-Schutzzone_Schatten-transparent-1200px-1.png\",\"contentUrl\":\"https:\/\/www.ewigerbund.org\/sachsen\/wp-content\/uploads\/sites\/14\/2022\/11\/cropped-2022-09-10-Logo-EB-Sachsen-Schutzzone_Schatten-transparent-1200px-1.png\",\"width\":1200,\"height\":1200,\"caption\":\"K\u00f6nigreich Sachsen\"},\"image\":{\"@id\":\"https:\/\/www.ewigerbund.org\/sachsen\/#\/schema\/logo\/image\/\"}}]}<\/script>\n<!-- \/ Yoast SEO plugin. -->","yoast_head_json":{"title":"6. Jahrhundert. &#8226; K\u00f6nigreich Sachsen.","description":"Im 6. Jahrhundert entwickelte sich Sachsen aus zwei Volksst\u00e4mmen das Wettinische Kurf\u00fcrstenthum. Wer waren die fr\u00fchesten Bewohner?","robots":{"index":"index","follow":"follow","max-snippet":"max-snippet:-1","max-image-preview":"max-image-preview:large","max-video-preview":"max-video-preview:-1"},"canonical":"https:\/\/www.ewigerbund.org\/sachsen\/landesgeschichte\/6-jahrhundert\/","og_locale":"de_DE","og_type":"article","og_title":"6. Jahrhundert. &#8226; K\u00f6nigreich Sachsen.","og_description":"Im 6. Jahrhundert entwickelte sich Sachsen aus zwei Volksst\u00e4mmen das Wettinische Kurf\u00fcrstenthum. Wer waren die fr\u00fchesten Bewohner?","og_url":"https:\/\/www.ewigerbund.org\/sachsen\/landesgeschichte\/6-jahrhundert\/","og_site_name":"K\u00f6nigreich Sachsen","article_modified_time":"2023-04-03T17:13:47+00:00","og_image":[{"url":"https:\/\/www.ewigerbund.org\/sachsen\/wp-content\/uploads\/sites\/14\/2022\/11\/2022-11-11-ackerbau.jpg"}],"twitter_card":"summary_large_image","twitter_misc":{"Gesch\u00e4tzte Lesezeit":"1\u00a0Minute"},"schema":{"@context":"https:\/\/schema.org","@graph":[{"@type":"WebPage","@id":"https:\/\/www.ewigerbund.org\/sachsen\/landesgeschichte\/6-jahrhundert\/","url":"https:\/\/www.ewigerbund.org\/sachsen\/landesgeschichte\/6-jahrhundert\/","name":"6. Jahrhundert. &#8226; K\u00f6nigreich Sachsen.","isPartOf":{"@id":"https:\/\/www.ewigerbund.org\/sachsen\/#website"},"primaryImageOfPage":{"@id":"https:\/\/www.ewigerbund.org\/sachsen\/landesgeschichte\/6-jahrhundert\/#primaryimage"},"image":{"@id":"https:\/\/www.ewigerbund.org\/sachsen\/landesgeschichte\/6-jahrhundert\/#primaryimage"},"thumbnailUrl":"https:\/\/www.ewigerbund.org\/sachsen\/wp-content\/uploads\/sites\/14\/2022\/11\/2022-11-11-ackerbau.jpg","datePublished":"2022-12-22T15:50:26+00:00","dateModified":"2023-04-03T17:13:47+00:00","description":"Im 6. Jahrhundert entwickelte sich Sachsen aus zwei Volksst\u00e4mmen das Wettinische Kurf\u00fcrstenthum. Wer waren die fr\u00fchesten Bewohner?","breadcrumb":{"@id":"https:\/\/www.ewigerbund.org\/sachsen\/landesgeschichte\/6-jahrhundert\/#breadcrumb"},"inLanguage":"de","potentialAction":[{"@type":"ReadAction","target":["https:\/\/www.ewigerbund.org\/sachsen\/landesgeschichte\/6-jahrhundert\/"]}]},{"@type":"ImageObject","inLanguage":"de","@id":"https:\/\/www.ewigerbund.org\/sachsen\/landesgeschichte\/6-jahrhundert\/#primaryimage","url":"https:\/\/www.ewigerbund.org\/sachsen\/wp-content\/uploads\/sites\/14\/2022\/11\/2022-11-11-ackerbau.jpg","contentUrl":"https:\/\/www.ewigerbund.org\/sachsen\/wp-content\/uploads\/sites\/14\/2022\/11\/2022-11-11-ackerbau.jpg","width":1024,"height":580,"caption":"6. Jahrhundert"},{"@type":"BreadcrumbList","@id":"https:\/\/www.ewigerbund.org\/sachsen\/landesgeschichte\/6-jahrhundert\/#breadcrumb","itemListElement":[{"@type":"ListItem","position":1,"name":"Startseite.","item":"https:\/\/www.ewigerbund.org\/sachsen\/"},{"@type":"ListItem","position":2,"name":"Landesgeschichte.","item":"https:\/\/www.ewigerbund.org\/sachsen\/landesgeschichte\/"},{"@type":"ListItem","position":3,"name":"6. Jahrhundert."}]},{"@type":"WebSite","@id":"https:\/\/www.ewigerbund.org\/sachsen\/#website","url":"https:\/\/www.ewigerbund.org\/sachsen\/","name":"K\u00f6nigreich Sachsen","description":"im ewigen Bund.","publisher":{"@id":"https:\/\/www.ewigerbund.org\/sachsen\/#organization"},"potentialAction":[{"@type":"SearchAction","target":{"@type":"EntryPoint","urlTemplate":"https:\/\/www.ewigerbund.org\/sachsen\/?s={search_term_string}"},"query-input":"required name=search_term_string"}],"inLanguage":"de"},{"@type":"Organization","@id":"https:\/\/www.ewigerbund.org\/sachsen\/#organization","name":"K\u00f6nigreich Sachsen","url":"https:\/\/www.ewigerbund.org\/sachsen\/","logo":{"@type":"ImageObject","inLanguage":"de","@id":"https:\/\/www.ewigerbund.org\/sachsen\/#\/schema\/logo\/image\/","url":"https:\/\/www.ewigerbund.org\/sachsen\/wp-content\/uploads\/sites\/14\/2022\/11\/cropped-2022-09-10-Logo-EB-Sachsen-Schutzzone_Schatten-transparent-1200px-1.png","contentUrl":"https:\/\/www.ewigerbund.org\/sachsen\/wp-content\/uploads\/sites\/14\/2022\/11\/cropped-2022-09-10-Logo-EB-Sachsen-Schutzzone_Schatten-transparent-1200px-1.png","width":1200,"height":1200,"caption":"K\u00f6nigreich Sachsen"},"image":{"@id":"https:\/\/www.ewigerbund.org\/sachsen\/#\/schema\/logo\/image\/"}}]}},"_links":{"self":[{"href":"https:\/\/www.ewigerbund.org\/sachsen\/wp-json\/wp\/v2\/pages\/916","targetHints":{"allow":["GET"]}}],"collection":[{"href":"https:\/\/www.ewigerbund.org\/sachsen\/wp-json\/wp\/v2\/pages"}],"about":[{"href":"https:\/\/www.ewigerbund.org\/sachsen\/wp-json\/wp\/v2\/types\/page"}],"author":[{"embeddable":true,"href":"https:\/\/www.ewigerbund.org\/sachsen\/wp-json\/wp\/v2\/users\/1"}],"replies":[{"embeddable":true,"href":"https:\/\/www.ewigerbund.org\/sachsen\/wp-json\/wp\/v2\/comments?post=916"}],"version-history":[{"count":51,"href":"https:\/\/www.ewigerbund.org\/sachsen\/wp-json\/wp\/v2\/pages\/916\/revisions"}],"predecessor-version":[{"id":1605,"href":"https:\/\/www.ewigerbund.org\/sachsen\/wp-json\/wp\/v2\/pages\/916\/revisions\/1605"}],"up":[{"embeddable":true,"href":"https:\/\/www.ewigerbund.org\/sachsen\/wp-json\/wp\/v2\/pages\/249"}],"wp:attachment":[{"href":"https:\/\/www.ewigerbund.org\/sachsen\/wp-json\/wp\/v2\/media?parent=916"}],"wp:term":[{"taxonomy":"category","embeddable":true,"href":"https:\/\/www.ewigerbund.org\/sachsen\/wp-json\/wp\/v2\/categories?post=916"},{"taxonomy":"post_tag","embeddable":true,"href":"https:\/\/www.ewigerbund.org\/sachsen\/wp-json\/wp\/v2\/tags?post=916"}],"curies":[{"name":"wp","href":"https:\/\/api.w.org\/{rel}","templated":true}]}}