{"id":641,"date":"2022-11-22T10:43:04","date_gmt":"2022-11-22T09:43:04","guid":{"rendered":"https:\/\/www.ewigerbund.org\/sachsen\/?page_id=641"},"modified":"2022-11-22T17:25:51","modified_gmt":"2022-11-22T16:25:51","slug":"koenigstein","status":"publish","type":"page","link":"https:\/\/www.ewigerbund.org\/sachsen\/koenigreich-sachsen\/geografie\/staedte-und-gemeinden\/koenigstein\/","title":{"rendered":"K\u00f6nigstein i. d. S\u00e4chs. Schweiz."},"content":{"rendered":"\n<p><strong>K\u00f6nigstein an der Elbe.<\/strong><\/p>\n\n\n\n<p>Gelegen zwischen zwei m\u00e4chtigen Tafelbergen, im Tale an der M\u00fcndung der Biela in die Elbe, in der Mitte des sich im weitem Bogen um den Lilienstein und vorbei an K\u00f6nigstein und gleichnamiger Festung vorbeiflie\u00dfenden Stromes, liegt romantisch das St\u00e4dtchen K\u00f6nigstein.<\/p>\n\n\n\n<p>Die Stadt an der Elbe liegt am Elbkilometer 16,5 von der b\u00f6hmischen Grenze stromabw\u00e4rts, 377 km von ihrer Quelle im Riesengebirge und 712 km vor seiner M\u00fcndung in die Nordsee bei Cuxhaven. Zwischen Pirna bei Dresden und Sch\u00f6na an der Landesgrenze liegt sie mitten in der S\u00e4chsischen Schweiz, eine der sch\u00f6nsten und faszinierendsten Landschaften in Deutschland. Im oberen Elbtal liegt mit 120 m \u00fcber dem Spiegel der Ostsee der Stadtkern von K\u00f6nigstein sowie der Ortsteil Halbestadt. Die umliegenden Berge erreichen mit dem Lilienstein und K\u00f6nigstein eine H\u00f6he von \u00fcber 400 m.<\/p>\n\n\n\n<p>Die Entstehung K\u00f6nigsteins wird auf das Jahr 1289 datiert, wobei die erste urkundliche Ber\u00fccksichtigung erst im Jahre 1379 stattfand. Zur Stadt ist K\u00f6nigstein 1464 erhoben wurden. Die Aufzeichnungen reichen jedoch bis 1241 zur\u00fcck, als die im Besitz der K\u00f6nige von B\u00f6hmen bestehende Burg auf dem &#8222;Stein des K\u00f6nigs&#8220; (lapide regis &#8211; Steink\u00f6nig) der Stadt ihren Namen gab. Je nach Herrschaft und Dominanz altdeutscher oder slawischer Sprache wurde aus &#8222;lapide regis&#8220; Chunigstein, Kunigenstein, Khynygsstein, Konnigestein, schlie\u00dflich das heutige K\u00f6nigstein.<\/p>\n\n\n\n<p>K\u00f6nigstein, malerisch gelegen inmitten des Elbsandsteingebirges, ist eines der sch\u00f6nsten und attraktivsten Ziele f\u00fcr jede Art von Tourismus. Wandern Sie von K\u00f6nigstein aus in die bezaubernde Umgebung mit seinen W\u00e4ldern, Bergen, Schluchten und T\u00e4lern. Genie\u00dfen Sie die gute Luft, die intakte Natur und die grandiosen Ausblicke. Als Radfahrer finden Sie den Elbradweg direkt vor der Haust\u00fcr. Spazierg\u00e4nger kommen bei kurzen und bequemen Touren genauso auf ihre Kosten wie anspruchsvolle Kletterer in der atemberaubenden Kulisse bizarrer Felslandschaften und zerkl\u00fcfteter T\u00e4ler.<\/p>\n\n\n\n<p>Erreichbar ist K\u00f6nigstein auf vielen Wegen. Die Stadt liegt an der 1847-1850 erbauten Eisenbahnlinie Berlin-Dresden-Prag; von Dresden in 40 min mit der S-Bahn erreichbar. Mit dem Auto bequem \u00fcber die Autobahn Dresden-Prag und Bundesstra\u00dfe, oder mit dem Rad entlang der Elbe. Schlie\u00dflich ist da noch der Wasserweg. Mit den historischen Schaufelrad-Dampfern der Wei\u00dfen Flotte w\u00e4hlen Sie die sch\u00f6nste Anreise von Dresden.<\/p>\n\n\n\n<p><a href=\"https:\/\/www.ewigerbund.org\/sachsen\/geografie\/staedte-und-gemeinden\/koenigstein\/bahnhof-und-eisenbahnviadukt-koenigstein\/\" target=\"_blank\" rel=\"noreferrer noopener\">Bahnhof und Eisenbahnviadukt<\/a><\/p>\n\n\n\n<p><a href=\"https:\/\/www.ewigerbund.org\/sachsen\/geografie\/staedte-und-gemeinden\/koenigstein\/koenigstein-vor-120-jahren\/\" target=\"_blank\" rel=\"noreferrer noopener\">Die Stadt K\u00f6nigstein vor 120 Jahren.<\/a><\/p>\n\n\n\n<p><a href=\"https:\/\/www.ewigerbund.org\/sachsen\/geografie\/staedte-und-gemeinden\/koenigstein\/alte-forstgrenzmale\/\" target=\"_blank\" rel=\"noreferrer noopener\">Alte Forstgrenzmale.<\/a><\/p>\n","protected":false},"excerpt":{"rendered":"<p>K\u00f6nigstein an der Elbe. Gelegen zwischen zwei m\u00e4chtigen Tafelbergen, im Tale an der M\u00fcndung der Biela in die Elbe, in der Mitte des sich im weitem Bogen um den Lilienstein und vorbei an K\u00f6nigstein und gleichnamiger Festung vorbeiflie\u00dfenden Stromes, liegt romantisch das St\u00e4dtchen K\u00f6nigstein. Die Stadt an der Elbe liegt am Elbkilometer 16,5 von der &#8230; <a title=\"K\u00f6nigstein i. d. S\u00e4chs. Schweiz.\" class=\"read-more\" href=\"https:\/\/www.ewigerbund.org\/sachsen\/koenigreich-sachsen\/geografie\/staedte-und-gemeinden\/koenigstein\/\" aria-label=\"Mehr zu K\u00f6nigstein i. d. S\u00e4chs. Schweiz.\">Weiterlesen &#8230;<\/a><\/p>\n","protected":false},"author":30,"featured_media":0,"parent":561,"menu_order":0,"comment_status":"closed","ping_status":"closed","template":"","meta":{"footnotes":""},"categories":[15],"tags":[],"class_list":{"0":"post-641","1":"page","2":"type-page","3":"status-publish","5":"category-geografie"},"yoast_head":"<!-- This site is optimized with the Yoast SEO plugin v23.1 - https:\/\/yoast.com\/wordpress\/plugins\/seo\/ -->\n<title>K\u00f6nigstein i. d. S\u00e4chs. Schweiz. &#8226; K\u00f6nigreich Sachsen.<\/title>\n<meta name=\"robots\" content=\"index, follow, max-snippet:-1, max-image-preview:large, max-video-preview:-1\" \/>\n<link rel=\"canonical\" href=\"https:\/\/www.ewigerbund.org\/sachsen\/koenigreich-sachsen\/geografie\/staedte-und-gemeinden\/koenigstein\/\" \/>\n<meta property=\"og:locale\" content=\"de_DE\" \/>\n<meta property=\"og:type\" content=\"article\" \/>\n<meta property=\"og:title\" content=\"K\u00f6nigstein i. d. S\u00e4chs. Schweiz. &#8226; K\u00f6nigreich Sachsen.\" \/>\n<meta property=\"og:description\" content=\"K\u00f6nigstein an der Elbe. Gelegen zwischen zwei m\u00e4chtigen Tafelbergen, im Tale an der M\u00fcndung der Biela in die Elbe, in der Mitte des sich im weitem Bogen um den Lilienstein und vorbei an K\u00f6nigstein und gleichnamiger Festung vorbeiflie\u00dfenden Stromes, liegt romantisch das St\u00e4dtchen K\u00f6nigstein. Die Stadt an der Elbe liegt am Elbkilometer 16,5 von der ... Weiterlesen ...\" \/>\n<meta property=\"og:url\" content=\"https:\/\/www.ewigerbund.org\/sachsen\/koenigreich-sachsen\/geografie\/staedte-und-gemeinden\/koenigstein\/\" \/>\n<meta property=\"og:site_name\" content=\"K\u00f6nigreich Sachsen\" \/>\n<meta property=\"article:modified_time\" content=\"2022-11-22T16:25:51+00:00\" \/>\n<meta name=\"twitter:card\" content=\"summary_large_image\" \/>\n<meta name=\"twitter:label1\" content=\"Gesch\u00e4tzte Lesezeit\" \/>\n\t<meta name=\"twitter:data1\" content=\"3\u00a0Minuten\" \/>\n<script type=\"application\/ld+json\" class=\"yoast-schema-graph\">{\"@context\":\"https:\/\/schema.org\",\"@graph\":[{\"@type\":\"WebPage\",\"@id\":\"https:\/\/www.ewigerbund.org\/sachsen\/koenigreich-sachsen\/geografie\/staedte-und-gemeinden\/koenigstein\/\",\"url\":\"https:\/\/www.ewigerbund.org\/sachsen\/koenigreich-sachsen\/geografie\/staedte-und-gemeinden\/koenigstein\/\",\"name\":\"K\u00f6nigstein i. d. S\u00e4chs. Schweiz. &#8226; K\u00f6nigreich Sachsen.\",\"isPartOf\":{\"@id\":\"https:\/\/www.ewigerbund.org\/sachsen\/#website\"},\"datePublished\":\"2022-11-22T09:43:04+00:00\",\"dateModified\":\"2022-11-22T16:25:51+00:00\",\"breadcrumb\":{\"@id\":\"https:\/\/www.ewigerbund.org\/sachsen\/koenigreich-sachsen\/geografie\/staedte-und-gemeinden\/koenigstein\/#breadcrumb\"},\"inLanguage\":\"de\",\"potentialAction\":[{\"@type\":\"ReadAction\",\"target\":[\"https:\/\/www.ewigerbund.org\/sachsen\/koenigreich-sachsen\/geografie\/staedte-und-gemeinden\/koenigstein\/\"]}]},{\"@type\":\"BreadcrumbList\",\"@id\":\"https:\/\/www.ewigerbund.org\/sachsen\/koenigreich-sachsen\/geografie\/staedte-und-gemeinden\/koenigstein\/#breadcrumb\",\"itemListElement\":[{\"@type\":\"ListItem\",\"position\":1,\"name\":\"Startseite.\",\"item\":\"https:\/\/www.ewigerbund.org\/sachsen\/\"},{\"@type\":\"ListItem\",\"position\":2,\"name\":\"K\u00f6nigreich Sachsen.\",\"item\":\"https:\/\/www.ewigerbund.org\/sachsen\/koenigreich-sachsen\/\"},{\"@type\":\"ListItem\",\"position\":3,\"name\":\"Geografie.\",\"item\":\"https:\/\/www.ewigerbund.org\/sachsen\/koenigreich-sachsen\/geografie\/\"},{\"@type\":\"ListItem\",\"position\":4,\"name\":\"St\u00e4dte und Gemeinden.\",\"item\":\"https:\/\/www.ewigerbund.org\/sachsen\/koenigreich-sachsen\/geografie\/staedte-und-gemeinden\/\"},{\"@type\":\"ListItem\",\"position\":5,\"name\":\"K\u00f6nigstein i. d. S\u00e4chs. Schweiz.\"}]},{\"@type\":\"WebSite\",\"@id\":\"https:\/\/www.ewigerbund.org\/sachsen\/#website\",\"url\":\"https:\/\/www.ewigerbund.org\/sachsen\/\",\"name\":\"K\u00f6nigreich Sachsen\",\"description\":\"im ewigen Bund.\",\"publisher\":{\"@id\":\"https:\/\/www.ewigerbund.org\/sachsen\/#organization\"},\"potentialAction\":[{\"@type\":\"SearchAction\",\"target\":{\"@type\":\"EntryPoint\",\"urlTemplate\":\"https:\/\/www.ewigerbund.org\/sachsen\/?s={search_term_string}\"},\"query-input\":\"required name=search_term_string\"}],\"inLanguage\":\"de\"},{\"@type\":\"Organization\",\"@id\":\"https:\/\/www.ewigerbund.org\/sachsen\/#organization\",\"name\":\"K\u00f6nigreich Sachsen\",\"url\":\"https:\/\/www.ewigerbund.org\/sachsen\/\",\"logo\":{\"@type\":\"ImageObject\",\"inLanguage\":\"de\",\"@id\":\"https:\/\/www.ewigerbund.org\/sachsen\/#\/schema\/logo\/image\/\",\"url\":\"https:\/\/www.ewigerbund.org\/sachsen\/wp-content\/uploads\/sites\/14\/2022\/11\/cropped-2022-09-10-Logo-EB-Sachsen-Schutzzone_Schatten-transparent-1200px-1.png\",\"contentUrl\":\"https:\/\/www.ewigerbund.org\/sachsen\/wp-content\/uploads\/sites\/14\/2022\/11\/cropped-2022-09-10-Logo-EB-Sachsen-Schutzzone_Schatten-transparent-1200px-1.png\",\"width\":1200,\"height\":1200,\"caption\":\"K\u00f6nigreich Sachsen\"},\"image\":{\"@id\":\"https:\/\/www.ewigerbund.org\/sachsen\/#\/schema\/logo\/image\/\"}}]}<\/script>\n<!-- \/ Yoast SEO plugin. -->","yoast_head_json":{"title":"K\u00f6nigstein i. d. S\u00e4chs. Schweiz. &#8226; K\u00f6nigreich Sachsen.","robots":{"index":"index","follow":"follow","max-snippet":"max-snippet:-1","max-image-preview":"max-image-preview:large","max-video-preview":"max-video-preview:-1"},"canonical":"https:\/\/www.ewigerbund.org\/sachsen\/koenigreich-sachsen\/geografie\/staedte-und-gemeinden\/koenigstein\/","og_locale":"de_DE","og_type":"article","og_title":"K\u00f6nigstein i. d. S\u00e4chs. Schweiz. &#8226; K\u00f6nigreich Sachsen.","og_description":"K\u00f6nigstein an der Elbe. Gelegen zwischen zwei m\u00e4chtigen Tafelbergen, im Tale an der M\u00fcndung der Biela in die Elbe, in der Mitte des sich im weitem Bogen um den Lilienstein und vorbei an K\u00f6nigstein und gleichnamiger Festung vorbeiflie\u00dfenden Stromes, liegt romantisch das St\u00e4dtchen K\u00f6nigstein. Die Stadt an der Elbe liegt am Elbkilometer 16,5 von der ... Weiterlesen ...","og_url":"https:\/\/www.ewigerbund.org\/sachsen\/koenigreich-sachsen\/geografie\/staedte-und-gemeinden\/koenigstein\/","og_site_name":"K\u00f6nigreich Sachsen","article_modified_time":"2022-11-22T16:25:51+00:00","twitter_card":"summary_large_image","twitter_misc":{"Gesch\u00e4tzte Lesezeit":"3\u00a0Minuten"},"schema":{"@context":"https:\/\/schema.org","@graph":[{"@type":"WebPage","@id":"https:\/\/www.ewigerbund.org\/sachsen\/koenigreich-sachsen\/geografie\/staedte-und-gemeinden\/koenigstein\/","url":"https:\/\/www.ewigerbund.org\/sachsen\/koenigreich-sachsen\/geografie\/staedte-und-gemeinden\/koenigstein\/","name":"K\u00f6nigstein i. d. S\u00e4chs. Schweiz. &#8226; K\u00f6nigreich Sachsen.","isPartOf":{"@id":"https:\/\/www.ewigerbund.org\/sachsen\/#website"},"datePublished":"2022-11-22T09:43:04+00:00","dateModified":"2022-11-22T16:25:51+00:00","breadcrumb":{"@id":"https:\/\/www.ewigerbund.org\/sachsen\/koenigreich-sachsen\/geografie\/staedte-und-gemeinden\/koenigstein\/#breadcrumb"},"inLanguage":"de","potentialAction":[{"@type":"ReadAction","target":["https:\/\/www.ewigerbund.org\/sachsen\/koenigreich-sachsen\/geografie\/staedte-und-gemeinden\/koenigstein\/"]}]},{"@type":"BreadcrumbList","@id":"https:\/\/www.ewigerbund.org\/sachsen\/koenigreich-sachsen\/geografie\/staedte-und-gemeinden\/koenigstein\/#breadcrumb","itemListElement":[{"@type":"ListItem","position":1,"name":"Startseite.","item":"https:\/\/www.ewigerbund.org\/sachsen\/"},{"@type":"ListItem","position":2,"name":"K\u00f6nigreich Sachsen.","item":"https:\/\/www.ewigerbund.org\/sachsen\/koenigreich-sachsen\/"},{"@type":"ListItem","position":3,"name":"Geografie.","item":"https:\/\/www.ewigerbund.org\/sachsen\/koenigreich-sachsen\/geografie\/"},{"@type":"ListItem","position":4,"name":"St\u00e4dte und Gemeinden.","item":"https:\/\/www.ewigerbund.org\/sachsen\/koenigreich-sachsen\/geografie\/staedte-und-gemeinden\/"},{"@type":"ListItem","position":5,"name":"K\u00f6nigstein i. d. S\u00e4chs. Schweiz."}]},{"@type":"WebSite","@id":"https:\/\/www.ewigerbund.org\/sachsen\/#website","url":"https:\/\/www.ewigerbund.org\/sachsen\/","name":"K\u00f6nigreich Sachsen","description":"im ewigen Bund.","publisher":{"@id":"https:\/\/www.ewigerbund.org\/sachsen\/#organization"},"potentialAction":[{"@type":"SearchAction","target":{"@type":"EntryPoint","urlTemplate":"https:\/\/www.ewigerbund.org\/sachsen\/?s={search_term_string}"},"query-input":"required name=search_term_string"}],"inLanguage":"de"},{"@type":"Organization","@id":"https:\/\/www.ewigerbund.org\/sachsen\/#organization","name":"K\u00f6nigreich Sachsen","url":"https:\/\/www.ewigerbund.org\/sachsen\/","logo":{"@type":"ImageObject","inLanguage":"de","@id":"https:\/\/www.ewigerbund.org\/sachsen\/#\/schema\/logo\/image\/","url":"https:\/\/www.ewigerbund.org\/sachsen\/wp-content\/uploads\/sites\/14\/2022\/11\/cropped-2022-09-10-Logo-EB-Sachsen-Schutzzone_Schatten-transparent-1200px-1.png","contentUrl":"https:\/\/www.ewigerbund.org\/sachsen\/wp-content\/uploads\/sites\/14\/2022\/11\/cropped-2022-09-10-Logo-EB-Sachsen-Schutzzone_Schatten-transparent-1200px-1.png","width":1200,"height":1200,"caption":"K\u00f6nigreich Sachsen"},"image":{"@id":"https:\/\/www.ewigerbund.org\/sachsen\/#\/schema\/logo\/image\/"}}]}},"_links":{"self":[{"href":"https:\/\/www.ewigerbund.org\/sachsen\/wp-json\/wp\/v2\/pages\/641","targetHints":{"allow":["GET"]}}],"collection":[{"href":"https:\/\/www.ewigerbund.org\/sachsen\/wp-json\/wp\/v2\/pages"}],"about":[{"href":"https:\/\/www.ewigerbund.org\/sachsen\/wp-json\/wp\/v2\/types\/page"}],"author":[{"embeddable":true,"href":"https:\/\/www.ewigerbund.org\/sachsen\/wp-json\/wp\/v2\/users\/30"}],"replies":[{"embeddable":true,"href":"https:\/\/www.ewigerbund.org\/sachsen\/wp-json\/wp\/v2\/comments?post=641"}],"version-history":[{"count":7,"href":"https:\/\/www.ewigerbund.org\/sachsen\/wp-json\/wp\/v2\/pages\/641\/revisions"}],"predecessor-version":[{"id":697,"href":"https:\/\/www.ewigerbund.org\/sachsen\/wp-json\/wp\/v2\/pages\/641\/revisions\/697"}],"up":[{"embeddable":true,"href":"https:\/\/www.ewigerbund.org\/sachsen\/wp-json\/wp\/v2\/pages\/561"}],"wp:attachment":[{"href":"https:\/\/www.ewigerbund.org\/sachsen\/wp-json\/wp\/v2\/media?parent=641"}],"wp:term":[{"taxonomy":"category","embeddable":true,"href":"https:\/\/www.ewigerbund.org\/sachsen\/wp-json\/wp\/v2\/categories?post=641"},{"taxonomy":"post_tag","embeddable":true,"href":"https:\/\/www.ewigerbund.org\/sachsen\/wp-json\/wp\/v2\/tags?post=641"}],"curies":[{"name":"wp","href":"https:\/\/api.w.org\/{rel}","templated":true}]}}