{"id":2467,"date":"2023-11-04T19:32:24","date_gmt":"2023-11-04T18:32:24","guid":{"rendered":"https:\/\/www.ewigerbund.org\/sachsen\/?page_id=2467"},"modified":"2023-11-09T20:07:49","modified_gmt":"2023-11-09T19:07:49","slug":"ministerium-auswaertige-angelegenheiten","status":"publish","type":"page","link":"https:\/\/www.ewigerbund.org\/sachsen\/landesverwaltung\/die-ministerien\/ministerium-auswaertige-angelegenheiten\/","title":{"rendered":"Ministerium des \u00c4u\u00dferen."},"content":{"rendered":"<div class=\"gb-container gb-container-ea2f3b23\">\n\n<div class=\"wp-block-columns is-layout-flex wp-container-core-columns-is-layout-1 wp-block-columns-is-layout-flex\">\n<div class=\"wp-block-column is-vertically-aligned-bottom is-layout-flow wp-block-column-is-layout-flow\" style=\"flex-basis:33%\">\n<h2 class=\"gb-headline gb-headline-c5087e32 gb-headline-text\">Ministerium der ausw\u00e4rtigen Angelegenheiten.<\/h2>\n<\/div>\n\n\n\n<div class=\"wp-block-column is-layout-flow wp-block-column-is-layout-flow\" style=\"flex-basis:67%\">\n<figure class=\"wp-block-image size-large\"><img loading=\"lazy\" decoding=\"async\" width=\"1024\" height=\"580\" src=\"https:\/\/www.ewigerbund.org\/sachsen\/wp-content\/uploads\/sites\/14\/2023\/09\/1904-AuswaertigeAngelegenheiten-Koenigsufer2-1024x580.jpg\" alt=\"Ministerium Ausw\u00e4rtige Angelegenheiten\" class=\"wp-image-2185\" srcset=\"https:\/\/www.ewigerbund.org\/sachsen\/wp-content\/uploads\/sites\/14\/2023\/09\/1904-AuswaertigeAngelegenheiten-Koenigsufer2-1024x580.jpg 1024w, https:\/\/www.ewigerbund.org\/sachsen\/wp-content\/uploads\/sites\/14\/2023\/09\/1904-AuswaertigeAngelegenheiten-Koenigsufer2-300x170.jpg 300w, https:\/\/www.ewigerbund.org\/sachsen\/wp-content\/uploads\/sites\/14\/2023\/09\/1904-AuswaertigeAngelegenheiten-Koenigsufer2-768x435.jpg 768w, https:\/\/www.ewigerbund.org\/sachsen\/wp-content\/uploads\/sites\/14\/2023\/09\/1904-AuswaertigeAngelegenheiten-Koenigsufer2-1536x871.jpg 1536w, https:\/\/www.ewigerbund.org\/sachsen\/wp-content\/uploads\/sites\/14\/2023\/09\/1904-AuswaertigeAngelegenheiten-Koenigsufer2.jpg 1745w\" sizes=\"auto, (max-width: 1024px) 100vw, 1024px\" \/><\/figure>\n<\/div>\n<\/div>\n\n<\/div>\n\n\n<div class=\"wp-block-columns is-layout-flex wp-container-core-columns-is-layout-2 wp-block-columns-is-layout-flex\">\n<div class=\"wp-block-column cat-box-border has-base-2-background-color has-background is-layout-flow wp-block-column-is-layout-flow\" style=\"flex-basis:33.33%\">\n<p class=\"has-small-font-size\">Sitz: K\u00f6nigsufer 2 in Dresden.<\/p>\n\n\n\n<p class=\"has-small-font-size\">auch genannt: <br>\u00c4u\u00dferes, Ministerium des \u00c4u\u00dferen<\/p>\n\n\n\n<hr class=\"wp-block-separator has-text-color has-base-3-color has-alpha-channel-opacity has-base-3-background-color has-background\"\/>\n\n\n\n<p>\u00dcbergeordnete Beh\u00f6rden.<\/p>\n\n\n\n<p class=\"gb-headline gb-headline-f6a63211 gb-headline-text\"><a href=\"https:\/\/www.ewigerbund.org\/sachsen\/landesverwaltung\/staatsoberhaupt\/\">K\u00f6nig \u2192<\/a><br><a href=\"https:\/\/www.ewigerbund.org\/sachsen\/landesverwaltung\/die-ministerien\/das-gesamtministerium\/\">Gesamtministerium \u2192<\/a><\/p>\n\n\n\n<hr class=\"wp-block-separator has-text-color has-base-3-color has-alpha-channel-opacity has-base-3-background-color has-background\"\/>\n\n\n\n<p>Verantwortlicher und Leitung der Beh\u00f6rde.<\/p>\n\n\n\n<p class=\"gb-headline gb-headline-d0eeae2c gb-headline-text\">Staatsminister f\u00fcr \u00c4u\u00dferes.<\/p>\n\n\n\n<hr class=\"wp-block-separator has-text-color has-base-3-color has-alpha-channel-opacity has-base-3-background-color has-background\"\/>\n<\/div>\n\n\n\n<div class=\"wp-block-column is-layout-flow wp-block-column-is-layout-flow\" style=\"flex-basis:66.66%\">\n<h2 class=\"wp-block-heading\">Wirkungskreis des <br>Ministerium des \u00c4u\u00dferen.<\/h2>\n\n\n\n<p>Ministerium besteht aus 6 Abteilungen.<\/p>\n\n\n\n<ul class=\"wp-block-list\">\n<li>Ministerium als solches.<\/li>\n\n\n\n<li>K\u00f6niglich-S\u00e4chsischen Gesandtschaften in Altenburg, Gera, Gotha, Greiz, Meiningen, Rudolstadt, Sondershausen und Weimar, in Berlin, Schwerin und Neu-Strelitz.<\/li>\n\n\n\n<li>Vertretung Sachsens im Bundesrat, in dem auf Sachsen 4 Stimmen von 58 Stimmen der Bundesstaaten entfallen.<\/li>\n\n\n\n<li>K\u00f6niglich-S\u00e4chsischen Konsuln in M\u00fcnchen, Bremen, Hamburg, Hessen, Frankfurt a. M., in den Rheinprovinzen und Westfalen, in Stettin und W\u00fcrtemberg.Stuttgart<\/li>\n\n\n\n<li>Ausw\u00e4rtige Gesandtschaften am K\u00f6niglich-S\u00e4chsischen Hof: Baden, Bayern, Belgien, Frankreich, Griechenland, Gro\u00dfbritannien, Italien, Mecklenburg-Schwerin und Strelitz, Niederlande, \u00d6sterreich-Ungarn, Persien, Preu\u00dfen, Ru\u00dfland, Schweden, Spanien, W\u00fcrtemberg.<\/li>\n\n\n\n<li>Ausw\u00e4rtige Generalkonsuln und Konsuln aus: Vereinigten Staaten von Amerika, Argentinien, Belgien, Bolivien, Brasilien, Chile, D\u00e4nemark, Dominikanische Republik und vielen anderen Staaten der Welt.<\/li>\n<\/ul>\n\n\n\n<h2 class=\"wp-block-heading\">Personal des Ministerium des \u00c4u\u00dferen.<\/h2>\n\n\n\n<ul class=\"wp-block-list\">\n<li>Staatsminister<\/li>\n\n\n\n<li>Vorstand und Kanzleimitarbeiter<\/li>\n\n\n\n<li>R\u00e4te und Hilfsarbeiter<\/li>\n\n\n\n<li>Kanzleimitarbeiter<\/li>\n\n\n\n<li>K\u00f6niglich S\u00e4chsische Gesandtschaften<\/li>\n\n\n\n<li>Vertretung Sachsens im <a href=\"https:\/\/www.ewigerbund.org\/verfassungsrecht\/bundesrat\/\" target=\"_blank\" rel=\"noopener\">Bundesrat<\/a><\/li>\n\n\n\n<li>K\u00f6niglich S\u00e4chsische Generalkonsuln, Konsuln und Vizekonsuln<\/li>\n<\/ul>\n<\/div>\n<\/div>\n\n\n\n<hr class=\"wp-block-separator has-alpha-channel-opacity is-style-dots\"\/>\n\n\n<div class=\"gb-button-wrapper gb-button-wrapper-a77a3ec2\">\n\n<a class=\"gb-button gb-button-b6291ce5\" href=\"javascript:history.back();\"><span class=\"gb-icon\"><svg aria-hidden=\"true\" role=\"img\" height=\"1em\" width=\"1em\" viewBox=\"0 0 256 512\" xmlns=\"http:\/\/www.w3.org\/2000\/svg\"><path fill=\"currentColor\" d=\"M31.7 239l136-136c9.4-9.4 24.6-9.4 33.9 0l22.6 22.6c9.4 9.4 9.4 24.6 0 33.9L127.9 256l96.4 96.4c9.4 9.4 9.4 24.6 0 33.9L201.7 409c-9.4 9.4-24.6 9.4-33.9 0l-136-136c-9.5-9.4-9.5-24.6-.1-34z\"><\/path><\/svg><\/span><span class=\"gb-button-text\">Zur\u00fcck.<\/span><\/a>\n\n\n\n<a class=\"gb-button gb-button-edfd6d5b\" href=\"https:\/\/www.ewigerbund.org\/sachsen\/landesverwaltung\/die-ministerien\/kriegministerium\/\"><span class=\"gb-button-text\">Kriegsministerium.<\/span><span class=\"gb-icon\"><svg aria-hidden=\"true\" role=\"img\" height=\"1em\" width=\"1em\" viewBox=\"0 0 256 512\" xmlns=\"http:\/\/www.w3.org\/2000\/svg\"><path fill=\"currentColor\" d=\"M224.3 273l-136 136c-9.4 9.4-24.6 9.4-33.9 0l-22.6-22.6c-9.4-9.4-9.4-24.6 0-33.9l96.4-96.4-96.4-96.4c-9.4-9.4-9.4-24.6 0-33.9L54.3 103c9.4-9.4 24.6-9.4 33.9 0l136 136c9.5 9.4 9.5 24.6.1 34z\"><\/path><\/svg><\/span><\/a>\n\n<\/div>\n\n\n<p><strong>Quellangaben und Verweise.<\/strong><br><sub>Aus: Staatshandbuch.<br>Quelle:<\/sub><\/p>\n\n\n\n<div style=\"height:100px\" aria-hidden=\"true\" class=\"wp-block-spacer\"><\/div>\n\n\n\n<p><\/p>\n","protected":false},"excerpt":{"rendered":"<p>Ministerium der ausw\u00e4rtigen Angelegenheiten. Sitz: K\u00f6nigsufer 2 in Dresden. auch genannt: \u00c4u\u00dferes, Ministerium des \u00c4u\u00dferen \u00dcbergeordnete Beh\u00f6rden. K\u00f6nig \u2192Gesamtministerium \u2192 Verantwortlicher und Leitung der Beh\u00f6rde. Staatsminister f\u00fcr \u00c4u\u00dferes. Wirkungskreis des Ministerium des \u00c4u\u00dferen. Ministerium besteht aus 6 Abteilungen. Personal des Ministerium des \u00c4u\u00dferen. Quellangaben und Verweise.Aus: Staatshandbuch.Quelle:<\/p>\n","protected":false},"author":1,"featured_media":2185,"parent":2180,"menu_order":0,"comment_status":"closed","ping_status":"closed","template":"","meta":{"footnotes":""},"categories":[252],"tags":[],"class_list":{"0":"post-2467","1":"page","2":"type-page","3":"status-publish","4":"has-post-thumbnail","6":"category-landesverwaltung-2"},"yoast_head":"<!-- This site is optimized with the Yoast SEO plugin v23.1 - https:\/\/yoast.com\/wordpress\/plugins\/seo\/ -->\n<title>Ministerium des \u00c4u\u00dferen. &#8226; K\u00f6nigreich Sachsen.<\/title>\n<meta name=\"robots\" content=\"index, follow, max-snippet:-1, max-image-preview:large, max-video-preview:-1\" \/>\n<link rel=\"canonical\" href=\"https:\/\/www.ewigerbund.org\/sachsen\/landesverwaltung\/die-ministerien\/ministerium-auswaertige-angelegenheiten\/\" \/>\n<meta property=\"og:locale\" content=\"de_DE\" \/>\n<meta property=\"og:type\" content=\"article\" \/>\n<meta property=\"og:title\" content=\"Ministerium des \u00c4u\u00dferen. &#8226; K\u00f6nigreich Sachsen.\" \/>\n<meta property=\"og:description\" content=\"Ministerium der ausw\u00e4rtigen Angelegenheiten. Sitz: K\u00f6nigsufer 2 in Dresden. auch genannt: \u00c4u\u00dferes, Ministerium des \u00c4u\u00dferen \u00dcbergeordnete Beh\u00f6rden. K\u00f6nig \u2192Gesamtministerium \u2192 Verantwortlicher und Leitung der Beh\u00f6rde. Staatsminister f\u00fcr \u00c4u\u00dferes. Wirkungskreis des Ministerium des \u00c4u\u00dferen. Ministerium besteht aus 6 Abteilungen. Personal des Ministerium des \u00c4u\u00dferen. Quellangaben und Verweise.Aus: Staatshandbuch.Quelle:\" \/>\n<meta property=\"og:url\" content=\"https:\/\/www.ewigerbund.org\/sachsen\/landesverwaltung\/die-ministerien\/ministerium-auswaertige-angelegenheiten\/\" \/>\n<meta property=\"og:site_name\" content=\"K\u00f6nigreich Sachsen\" \/>\n<meta property=\"article:modified_time\" content=\"2023-11-09T19:07:49+00:00\" \/>\n<meta property=\"og:image\" content=\"https:\/\/www.ewigerbund.org\/sachsen\/wp-content\/uploads\/sites\/14\/2023\/09\/1904-AuswaertigeAngelegenheiten-Koenigsufer2.jpg\" \/>\n\t<meta property=\"og:image:width\" content=\"1745\" \/>\n\t<meta property=\"og:image:height\" content=\"989\" \/>\n\t<meta property=\"og:image:type\" content=\"image\/jpeg\" \/>\n<meta name=\"twitter:card\" content=\"summary_large_image\" \/>\n<meta name=\"twitter:label1\" content=\"Gesch\u00e4tzte Lesezeit\" \/>\n\t<meta name=\"twitter:data1\" content=\"2\u00a0Minuten\" \/>\n<script type=\"application\/ld+json\" class=\"yoast-schema-graph\">{\"@context\":\"https:\/\/schema.org\",\"@graph\":[{\"@type\":\"WebPage\",\"@id\":\"https:\/\/www.ewigerbund.org\/sachsen\/landesverwaltung\/die-ministerien\/ministerium-auswaertige-angelegenheiten\/\",\"url\":\"https:\/\/www.ewigerbund.org\/sachsen\/landesverwaltung\/die-ministerien\/ministerium-auswaertige-angelegenheiten\/\",\"name\":\"Ministerium des \u00c4u\u00dferen. &#8226; K\u00f6nigreich Sachsen.\",\"isPartOf\":{\"@id\":\"https:\/\/www.ewigerbund.org\/sachsen\/#website\"},\"primaryImageOfPage\":{\"@id\":\"https:\/\/www.ewigerbund.org\/sachsen\/landesverwaltung\/die-ministerien\/ministerium-auswaertige-angelegenheiten\/#primaryimage\"},\"image\":{\"@id\":\"https:\/\/www.ewigerbund.org\/sachsen\/landesverwaltung\/die-ministerien\/ministerium-auswaertige-angelegenheiten\/#primaryimage\"},\"thumbnailUrl\":\"https:\/\/www.ewigerbund.org\/sachsen\/wp-content\/uploads\/sites\/14\/2023\/09\/1904-AuswaertigeAngelegenheiten-Koenigsufer2.jpg\",\"datePublished\":\"2023-11-04T18:32:24+00:00\",\"dateModified\":\"2023-11-09T19:07:49+00:00\",\"breadcrumb\":{\"@id\":\"https:\/\/www.ewigerbund.org\/sachsen\/landesverwaltung\/die-ministerien\/ministerium-auswaertige-angelegenheiten\/#breadcrumb\"},\"inLanguage\":\"de\",\"potentialAction\":[{\"@type\":\"ReadAction\",\"target\":[\"https:\/\/www.ewigerbund.org\/sachsen\/landesverwaltung\/die-ministerien\/ministerium-auswaertige-angelegenheiten\/\"]}]},{\"@type\":\"ImageObject\",\"inLanguage\":\"de\",\"@id\":\"https:\/\/www.ewigerbund.org\/sachsen\/landesverwaltung\/die-ministerien\/ministerium-auswaertige-angelegenheiten\/#primaryimage\",\"url\":\"https:\/\/www.ewigerbund.org\/sachsen\/wp-content\/uploads\/sites\/14\/2023\/09\/1904-AuswaertigeAngelegenheiten-Koenigsufer2.jpg\",\"contentUrl\":\"https:\/\/www.ewigerbund.org\/sachsen\/wp-content\/uploads\/sites\/14\/2023\/09\/1904-AuswaertigeAngelegenheiten-Koenigsufer2.jpg\",\"width\":1745,\"height\":989,\"caption\":\"Ministerium Ausw\u00e4rtige Angelegenheiten\"},{\"@type\":\"BreadcrumbList\",\"@id\":\"https:\/\/www.ewigerbund.org\/sachsen\/landesverwaltung\/die-ministerien\/ministerium-auswaertige-angelegenheiten\/#breadcrumb\",\"itemListElement\":[{\"@type\":\"ListItem\",\"position\":1,\"name\":\"Startseite.\",\"item\":\"https:\/\/www.ewigerbund.org\/sachsen\/\"},{\"@type\":\"ListItem\",\"position\":2,\"name\":\"Landesverwaltung.\",\"item\":\"https:\/\/www.ewigerbund.org\/sachsen\/landesverwaltung\/\"},{\"@type\":\"ListItem\",\"position\":3,\"name\":\"Die Ministerien.\",\"item\":\"https:\/\/www.ewigerbund.org\/sachsen\/landesverwaltung\/die-ministerien\/\"},{\"@type\":\"ListItem\",\"position\":4,\"name\":\"Ministerium des \u00c4u\u00dferen.\"}]},{\"@type\":\"WebSite\",\"@id\":\"https:\/\/www.ewigerbund.org\/sachsen\/#website\",\"url\":\"https:\/\/www.ewigerbund.org\/sachsen\/\",\"name\":\"K\u00f6nigreich Sachsen\",\"description\":\"im ewigen Bund.\",\"publisher\":{\"@id\":\"https:\/\/www.ewigerbund.org\/sachsen\/#organization\"},\"potentialAction\":[{\"@type\":\"SearchAction\",\"target\":{\"@type\":\"EntryPoint\",\"urlTemplate\":\"https:\/\/www.ewigerbund.org\/sachsen\/?s={search_term_string}\"},\"query-input\":\"required name=search_term_string\"}],\"inLanguage\":\"de\"},{\"@type\":\"Organization\",\"@id\":\"https:\/\/www.ewigerbund.org\/sachsen\/#organization\",\"name\":\"K\u00f6nigreich Sachsen\",\"url\":\"https:\/\/www.ewigerbund.org\/sachsen\/\",\"logo\":{\"@type\":\"ImageObject\",\"inLanguage\":\"de\",\"@id\":\"https:\/\/www.ewigerbund.org\/sachsen\/#\/schema\/logo\/image\/\",\"url\":\"https:\/\/www.ewigerbund.org\/sachsen\/wp-content\/uploads\/sites\/14\/2022\/11\/cropped-2022-09-10-Logo-EB-Sachsen-Schutzzone_Schatten-transparent-1200px-1.png\",\"contentUrl\":\"https:\/\/www.ewigerbund.org\/sachsen\/wp-content\/uploads\/sites\/14\/2022\/11\/cropped-2022-09-10-Logo-EB-Sachsen-Schutzzone_Schatten-transparent-1200px-1.png\",\"width\":1200,\"height\":1200,\"caption\":\"K\u00f6nigreich Sachsen\"},\"image\":{\"@id\":\"https:\/\/www.ewigerbund.org\/sachsen\/#\/schema\/logo\/image\/\"}}]}<\/script>\n<!-- \/ Yoast SEO plugin. -->","yoast_head_json":{"title":"Ministerium des \u00c4u\u00dferen. &#8226; K\u00f6nigreich Sachsen.","robots":{"index":"index","follow":"follow","max-snippet":"max-snippet:-1","max-image-preview":"max-image-preview:large","max-video-preview":"max-video-preview:-1"},"canonical":"https:\/\/www.ewigerbund.org\/sachsen\/landesverwaltung\/die-ministerien\/ministerium-auswaertige-angelegenheiten\/","og_locale":"de_DE","og_type":"article","og_title":"Ministerium des \u00c4u\u00dferen. &#8226; K\u00f6nigreich Sachsen.","og_description":"Ministerium der ausw\u00e4rtigen Angelegenheiten. Sitz: K\u00f6nigsufer 2 in Dresden. auch genannt: \u00c4u\u00dferes, Ministerium des \u00c4u\u00dferen \u00dcbergeordnete Beh\u00f6rden. K\u00f6nig \u2192Gesamtministerium \u2192 Verantwortlicher und Leitung der Beh\u00f6rde. Staatsminister f\u00fcr \u00c4u\u00dferes. Wirkungskreis des Ministerium des \u00c4u\u00dferen. Ministerium besteht aus 6 Abteilungen. Personal des Ministerium des \u00c4u\u00dferen. Quellangaben und Verweise.Aus: Staatshandbuch.Quelle:","og_url":"https:\/\/www.ewigerbund.org\/sachsen\/landesverwaltung\/die-ministerien\/ministerium-auswaertige-angelegenheiten\/","og_site_name":"K\u00f6nigreich Sachsen","article_modified_time":"2023-11-09T19:07:49+00:00","og_image":[{"width":1745,"height":989,"url":"https:\/\/www.ewigerbund.org\/sachsen\/wp-content\/uploads\/sites\/14\/2023\/09\/1904-AuswaertigeAngelegenheiten-Koenigsufer2.jpg","type":"image\/jpeg"}],"twitter_card":"summary_large_image","twitter_misc":{"Gesch\u00e4tzte Lesezeit":"2\u00a0Minuten"},"schema":{"@context":"https:\/\/schema.org","@graph":[{"@type":"WebPage","@id":"https:\/\/www.ewigerbund.org\/sachsen\/landesverwaltung\/die-ministerien\/ministerium-auswaertige-angelegenheiten\/","url":"https:\/\/www.ewigerbund.org\/sachsen\/landesverwaltung\/die-ministerien\/ministerium-auswaertige-angelegenheiten\/","name":"Ministerium des \u00c4u\u00dferen. &#8226; K\u00f6nigreich Sachsen.","isPartOf":{"@id":"https:\/\/www.ewigerbund.org\/sachsen\/#website"},"primaryImageOfPage":{"@id":"https:\/\/www.ewigerbund.org\/sachsen\/landesverwaltung\/die-ministerien\/ministerium-auswaertige-angelegenheiten\/#primaryimage"},"image":{"@id":"https:\/\/www.ewigerbund.org\/sachsen\/landesverwaltung\/die-ministerien\/ministerium-auswaertige-angelegenheiten\/#primaryimage"},"thumbnailUrl":"https:\/\/www.ewigerbund.org\/sachsen\/wp-content\/uploads\/sites\/14\/2023\/09\/1904-AuswaertigeAngelegenheiten-Koenigsufer2.jpg","datePublished":"2023-11-04T18:32:24+00:00","dateModified":"2023-11-09T19:07:49+00:00","breadcrumb":{"@id":"https:\/\/www.ewigerbund.org\/sachsen\/landesverwaltung\/die-ministerien\/ministerium-auswaertige-angelegenheiten\/#breadcrumb"},"inLanguage":"de","potentialAction":[{"@type":"ReadAction","target":["https:\/\/www.ewigerbund.org\/sachsen\/landesverwaltung\/die-ministerien\/ministerium-auswaertige-angelegenheiten\/"]}]},{"@type":"ImageObject","inLanguage":"de","@id":"https:\/\/www.ewigerbund.org\/sachsen\/landesverwaltung\/die-ministerien\/ministerium-auswaertige-angelegenheiten\/#primaryimage","url":"https:\/\/www.ewigerbund.org\/sachsen\/wp-content\/uploads\/sites\/14\/2023\/09\/1904-AuswaertigeAngelegenheiten-Koenigsufer2.jpg","contentUrl":"https:\/\/www.ewigerbund.org\/sachsen\/wp-content\/uploads\/sites\/14\/2023\/09\/1904-AuswaertigeAngelegenheiten-Koenigsufer2.jpg","width":1745,"height":989,"caption":"Ministerium Ausw\u00e4rtige Angelegenheiten"},{"@type":"BreadcrumbList","@id":"https:\/\/www.ewigerbund.org\/sachsen\/landesverwaltung\/die-ministerien\/ministerium-auswaertige-angelegenheiten\/#breadcrumb","itemListElement":[{"@type":"ListItem","position":1,"name":"Startseite.","item":"https:\/\/www.ewigerbund.org\/sachsen\/"},{"@type":"ListItem","position":2,"name":"Landesverwaltung.","item":"https:\/\/www.ewigerbund.org\/sachsen\/landesverwaltung\/"},{"@type":"ListItem","position":3,"name":"Die Ministerien.","item":"https:\/\/www.ewigerbund.org\/sachsen\/landesverwaltung\/die-ministerien\/"},{"@type":"ListItem","position":4,"name":"Ministerium des \u00c4u\u00dferen."}]},{"@type":"WebSite","@id":"https:\/\/www.ewigerbund.org\/sachsen\/#website","url":"https:\/\/www.ewigerbund.org\/sachsen\/","name":"K\u00f6nigreich Sachsen","description":"im ewigen Bund.","publisher":{"@id":"https:\/\/www.ewigerbund.org\/sachsen\/#organization"},"potentialAction":[{"@type":"SearchAction","target":{"@type":"EntryPoint","urlTemplate":"https:\/\/www.ewigerbund.org\/sachsen\/?s={search_term_string}"},"query-input":"required name=search_term_string"}],"inLanguage":"de"},{"@type":"Organization","@id":"https:\/\/www.ewigerbund.org\/sachsen\/#organization","name":"K\u00f6nigreich Sachsen","url":"https:\/\/www.ewigerbund.org\/sachsen\/","logo":{"@type":"ImageObject","inLanguage":"de","@id":"https:\/\/www.ewigerbund.org\/sachsen\/#\/schema\/logo\/image\/","url":"https:\/\/www.ewigerbund.org\/sachsen\/wp-content\/uploads\/sites\/14\/2022\/11\/cropped-2022-09-10-Logo-EB-Sachsen-Schutzzone_Schatten-transparent-1200px-1.png","contentUrl":"https:\/\/www.ewigerbund.org\/sachsen\/wp-content\/uploads\/sites\/14\/2022\/11\/cropped-2022-09-10-Logo-EB-Sachsen-Schutzzone_Schatten-transparent-1200px-1.png","width":1200,"height":1200,"caption":"K\u00f6nigreich Sachsen"},"image":{"@id":"https:\/\/www.ewigerbund.org\/sachsen\/#\/schema\/logo\/image\/"}}]}},"_links":{"self":[{"href":"https:\/\/www.ewigerbund.org\/sachsen\/wp-json\/wp\/v2\/pages\/2467","targetHints":{"allow":["GET"]}}],"collection":[{"href":"https:\/\/www.ewigerbund.org\/sachsen\/wp-json\/wp\/v2\/pages"}],"about":[{"href":"https:\/\/www.ewigerbund.org\/sachsen\/wp-json\/wp\/v2\/types\/page"}],"author":[{"embeddable":true,"href":"https:\/\/www.ewigerbund.org\/sachsen\/wp-json\/wp\/v2\/users\/1"}],"replies":[{"embeddable":true,"href":"https:\/\/www.ewigerbund.org\/sachsen\/wp-json\/wp\/v2\/comments?post=2467"}],"version-history":[{"count":10,"href":"https:\/\/www.ewigerbund.org\/sachsen\/wp-json\/wp\/v2\/pages\/2467\/revisions"}],"predecessor-version":[{"id":2521,"href":"https:\/\/www.ewigerbund.org\/sachsen\/wp-json\/wp\/v2\/pages\/2467\/revisions\/2521"}],"up":[{"embeddable":true,"href":"https:\/\/www.ewigerbund.org\/sachsen\/wp-json\/wp\/v2\/pages\/2180"}],"wp:featuredmedia":[{"embeddable":true,"href":"https:\/\/www.ewigerbund.org\/sachsen\/wp-json\/wp\/v2\/media\/2185"}],"wp:attachment":[{"href":"https:\/\/www.ewigerbund.org\/sachsen\/wp-json\/wp\/v2\/media?parent=2467"}],"wp:term":[{"taxonomy":"category","embeddable":true,"href":"https:\/\/www.ewigerbund.org\/sachsen\/wp-json\/wp\/v2\/categories?post=2467"},{"taxonomy":"post_tag","embeddable":true,"href":"https:\/\/www.ewigerbund.org\/sachsen\/wp-json\/wp\/v2\/tags?post=2467"}],"curies":[{"name":"wp","href":"https:\/\/api.w.org\/{rel}","templated":true}]}}