{"id":2420,"date":"2023-10-28T19:11:32","date_gmt":"2023-10-28T17:11:32","guid":{"rendered":"https:\/\/www.ewigerbund.org\/sachsen\/?page_id=2420"},"modified":"2023-11-04T18:01:58","modified_gmt":"2023-11-04T17:01:58","slug":"finanzministerium","status":"publish","type":"page","link":"https:\/\/www.ewigerbund.org\/sachsen\/landesverwaltung\/die-ministerien\/finanzministerium\/","title":{"rendered":"Finanzministerium."},"content":{"rendered":"<div class=\"gb-container gb-container-ea2f3b23\">\n\n<div class=\"wp-block-columns is-layout-flex wp-container-core-columns-is-layout-1 wp-block-columns-is-layout-flex\">\n<div class=\"wp-block-column is-vertically-aligned-bottom is-layout-flow wp-block-column-is-layout-flow\" style=\"flex-basis:33%\">\n<h2 class=\"gb-headline gb-headline-c5087e32 gb-headline-text\">Finanz-<br>ministerium.<\/h2>\n<\/div>\n\n\n\n<div class=\"wp-block-column is-layout-flow wp-block-column-is-layout-flow\" style=\"flex-basis:67%\">\n<figure class=\"wp-block-image size-large\"><img loading=\"lazy\" decoding=\"async\" width=\"1024\" height=\"580\" src=\"https:\/\/www.ewigerbund.org\/sachsen\/wp-content\/uploads\/sites\/14\/2023\/09\/1900-Finanzministerium-Carolaplatz1-1024x580.jpg\" alt=\"Finanzministerium Dresden 1900\" class=\"wp-image-2183\" srcset=\"https:\/\/www.ewigerbund.org\/sachsen\/wp-content\/uploads\/sites\/14\/2023\/09\/1900-Finanzministerium-Carolaplatz1-1024x580.jpg 1024w, https:\/\/www.ewigerbund.org\/sachsen\/wp-content\/uploads\/sites\/14\/2023\/09\/1900-Finanzministerium-Carolaplatz1-300x170.jpg 300w, https:\/\/www.ewigerbund.org\/sachsen\/wp-content\/uploads\/sites\/14\/2023\/09\/1900-Finanzministerium-Carolaplatz1-768x435.jpg 768w, https:\/\/www.ewigerbund.org\/sachsen\/wp-content\/uploads\/sites\/14\/2023\/09\/1900-Finanzministerium-Carolaplatz1-1536x871.jpg 1536w, https:\/\/www.ewigerbund.org\/sachsen\/wp-content\/uploads\/sites\/14\/2023\/09\/1900-Finanzministerium-Carolaplatz1.jpg 1745w\" sizes=\"auto, (max-width: 1024px) 100vw, 1024px\" \/><\/figure>\n<\/div>\n<\/div>\n\n<\/div>\n\n\n<div class=\"wp-block-columns is-layout-flex wp-container-core-columns-is-layout-2 wp-block-columns-is-layout-flex\">\n<div class=\"wp-block-column cat-box-border has-base-2-background-color has-background is-layout-flow wp-block-column-is-layout-flow\" style=\"flex-basis:33.33%\">\n<p class=\"has-small-font-size\">Sitz: K\u00f6nigin-Carola-Platz 1, Dresden.<\/p>\n\n\n\n<hr class=\"wp-block-separator has-text-color has-base-3-color has-alpha-channel-opacity has-base-3-background-color has-background\"\/>\n\n\n\n<p>\u00dcbergeordnete Beh\u00f6rden.<\/p>\n\n\n\n<p class=\"gb-headline gb-headline-f6a63211 gb-headline-text\"><a href=\"https:\/\/www.ewigerbund.org\/sachsen\/landesverwaltung\/staatsoberhaupt\/\">K\u00f6nig \u2192<\/a><br><a href=\"https:\/\/www.ewigerbund.org\/sachsen\/landesverwaltung\/die-ministerien\/das-gesamtministerium\/\">Gesamtministerium \u2192<\/a><\/p>\n\n\n\n<hr class=\"wp-block-separator has-text-color has-base-3-color has-alpha-channel-opacity has-base-3-background-color has-background\"\/>\n\n\n\n<p>Verantwortlicher und Leitung der Beh\u00f6rde.<\/p>\n\n\n\n<p class=\"gb-headline gb-headline-d0eeae2c gb-headline-text\">Staatsminister der Finanzen.<\/p>\n\n\n\n<hr class=\"wp-block-separator has-text-color has-base-3-color has-alpha-channel-opacity has-base-3-background-color has-background\"\/>\n<\/div>\n\n\n\n<div class=\"wp-block-column is-layout-flow wp-block-column-is-layout-flow\" style=\"flex-basis:66.66%\">\n<h2 class=\"gb-headline gb-headline-fe55f3f3 gb-headline-text\">Untergeordnete Beh\u00f6rden.<\/h2>\n\n\n\n<p>\u2192 Abgabenverwaltung<br>\u2192 Hauptzoll\u00e4mter<br>\u2192 Steuerkreise<br>\u2192 Zentralb\u00fcro f\u00fcr Steuervermessung<br>\u2192 Landeslotterie<br>\u2192 \u00c4mter f\u00fcr das Forst- und Jagdwesen<br>\u2192 \u00c4mter f\u00fcr das Berg- und H\u00fcttenwesen<br>\u2192 Staatliche Bergwerksverwaltungen<br>\u2192 K\u00f6nigl. S\u00e4chs. M\u00fcnzst\u00e4tte auf der Muldner H\u00fctte bei Freiberg<br>\u2192 Blaufarbenwesen<br>\u2192 Geologische Landesuntersuchung<br>\u2192 Fernheiz- und Elektrizit\u00e4tswerk<br>\u2192 Staatsbauwesen<br>\u2192 \u00c4mter f\u00fcr den Betrieb und Bau der Staatseisenbahnen<br>\u2192 h\u00f6here Technische Bureaus<br>\u2192 Maschinentechnische Bureaus<br>\u2192 Hauptverwaltungsstellen<br>\u2192 Elektrotechnische \u00c4mter<br>\u2192 Maschinen\u00e4mter<br>\u2192 Werkst\u00e4tten\u00e4mter<br>\u2192 Neubau\u00e4mter<br>\u2192 unter Staatsverwaltung stehende Privatbahnen<br>\u2192 Postverwaltung<\/p>\n\n\n\n<h2 class=\"wp-block-heading\">Wirkungskreis des Finanzministeriums.<\/h2>\n\n\n\n<p>Das Ministerium arbeitet in drei Abteilungen, die folgende Gebiete umfassen:<\/p>\n\n\n\n<ul class=\"wp-block-list\">\n<li><strong>Abteilung 1.<\/strong><br>den Staatshaushalt, Altersrentenbank, Landeskultur-, Landrentenbank und Landeslotterie;<br><\/li>\n\n\n\n<li><strong>Abteilung 2.<\/strong><br>die Verwaltung des Staatsgrundeigentums an Kammerg\u00fctern und Teichen, Forsten, Weinbergen und Amtsnutzungen, der staatlichen Berg- und H\u00fcttenwerke, der M\u00fcnzst\u00e4tte und der f\u00fcr Rechnung des Staats betriebenen Unternehmungen;<br><\/li>\n\n\n\n<li><strong>Abteilung 3.<\/strong><br>die \u00f6ffentlichen Arbeiten und Verkehrsmittel des Staats, die Eisenbahn-, Hoch-, Stra\u00dfen-, Br\u00fccken-, Wasserbau- und Strompolizeisachen, die Aufsicht \u00fcber die Schifferschulen, die Post- und Telegraphenangelegenheiten in s\u00e4chsischer Hoheit.<\/li>\n<\/ul>\n\n\n\n<h2 class=\"wp-block-heading\">Personal im Justizministerium.<\/h2>\n\n\n\n<ul class=\"wp-block-list\">\n<li>Ministerialdirektoren<\/li>\n\n\n\n<li>Stellvertretender Bevollm\u00e4chtigter zum Bundesrat mit dem Wohnsitz in Berlin<\/li>\n\n\n\n<li>Juristische R\u00e4te<\/li>\n\n\n\n<li>Technische R\u00e4te<\/li>\n\n\n\n<li>Hilfsarbeiter-Finanzen<\/li>\n\n\n\n<li>Kanzleimitarbeiter<\/li>\n\n\n\n<li>Bibliotheksangestellte<\/li>\n\n\n\n<li>Hausinspekteure<\/li>\n\n\n\n<li>Finanzbuchhalter und Assistenten<\/li>\n\n\n\n<li>Finanzhauptkasse-Mitarbeiter<\/li>\n\n\n\n<li>Finanzrechnungsexpedienten<\/li>\n\n\n\n<li>Dom\u00e4nenvermessungsarbeiter<\/li>\n\n\n\n<li>Kommissare f\u00fcr elektrische Bahnen<\/li>\n\n\n\n<li>Eisenbahnplaner<\/li>\n\n\n\n<li>Pr\u00fcfungsmitarbeiter f\u00fcr den h\u00f6heren Technischen Staatsdienst in der Berg- und H\u00fcttenverwaltung<\/li>\n\n\n\n<li>Mitarbeiter im technischen Oberpr\u00fcfungsamt<\/li>\n<\/ul>\n<\/div>\n<\/div>\n\n\n\n<hr class=\"wp-block-separator has-alpha-channel-opacity is-style-dots\"\/>\n\n\n<div class=\"gb-button-wrapper gb-button-wrapper-a77a3ec2\">\n\n<a class=\"gb-button gb-button-b6291ce5\" href=\"javascript:history.back();\"><span class=\"gb-icon\"><svg aria-hidden=\"true\" role=\"img\" height=\"1em\" width=\"1em\" viewBox=\"0 0 256 512\" xmlns=\"http:\/\/www.w3.org\/2000\/svg\"><path fill=\"currentColor\" d=\"M31.7 239l136-136c9.4-9.4 24.6-9.4 33.9 0l22.6 22.6c9.4 9.4 9.4 24.6 0 33.9L127.9 256l96.4 96.4c9.4 9.4 9.4 24.6 0 33.9L201.7 409c-9.4 9.4-24.6 9.4-33.9 0l-136-136c-9.5-9.4-9.5-24.6-.1-34z\"><\/path><\/svg><\/span><span class=\"gb-button-text\">Zur\u00fcck.<\/span><\/a>\n\n\n\n<a class=\"gb-button gb-button-edfd6d5b\" href=\"https:\/\/www.ewigerbund.org\/sachsen\/landesverwaltung\/die-ministerien\/ministerium-des-innern\/\"><span class=\"gb-button-text\">Ministerium des Innern.<\/span><span class=\"gb-icon\"><svg aria-hidden=\"true\" role=\"img\" height=\"1em\" width=\"1em\" viewBox=\"0 0 256 512\" xmlns=\"http:\/\/www.w3.org\/2000\/svg\"><path fill=\"currentColor\" d=\"M224.3 273l-136 136c-9.4 9.4-24.6 9.4-33.9 0l-22.6-22.6c-9.4-9.4-9.4-24.6 0-33.9l96.4-96.4-96.4-96.4c-9.4-9.4-9.4-24.6 0-33.9L54.3 103c9.4-9.4 24.6-9.4 33.9 0l136 136c9.5 9.4 9.5 24.6.1 34z\"><\/path><\/svg><\/span><\/a>\n\n<\/div>\n\n\n<p><strong>Quellangaben und Verweise.<\/strong><br><sub>Aus: Staatshandbuch.<br>Quelle:<\/sub><\/p>\n\n\n\n<div style=\"height:100px\" aria-hidden=\"true\" class=\"wp-block-spacer\"><\/div>\n\n\n\n<p><\/p>\n","protected":false},"excerpt":{"rendered":"<p>Finanz-ministerium. Sitz: K\u00f6nigin-Carola-Platz 1, Dresden. \u00dcbergeordnete Beh\u00f6rden. K\u00f6nig \u2192Gesamtministerium \u2192 Verantwortlicher und Leitung der Beh\u00f6rde. Staatsminister der Finanzen. Untergeordnete Beh\u00f6rden. \u2192 Abgabenverwaltung\u2192 Hauptzoll\u00e4mter\u2192 Steuerkreise\u2192 Zentralb\u00fcro f\u00fcr Steuervermessung\u2192 Landeslotterie\u2192 \u00c4mter f\u00fcr das Forst- und Jagdwesen\u2192 \u00c4mter f\u00fcr das Berg- und H\u00fcttenwesen\u2192 Staatliche Bergwerksverwaltungen\u2192 K\u00f6nigl. S\u00e4chs. M\u00fcnzst\u00e4tte auf der Muldner H\u00fctte bei Freiberg\u2192 Blaufarbenwesen\u2192 Geologische Landesuntersuchung\u2192 Fernheiz- &#8230; <a title=\"Finanzministerium.\" class=\"read-more\" href=\"https:\/\/www.ewigerbund.org\/sachsen\/landesverwaltung\/die-ministerien\/finanzministerium\/\" aria-label=\"Mehr zu Finanzministerium.\">Weiterlesen &#8230;<\/a><\/p>\n","protected":false},"author":1,"featured_media":2183,"parent":2180,"menu_order":0,"comment_status":"closed","ping_status":"closed","template":"","meta":{"footnotes":""},"categories":[252],"tags":[],"class_list":{"0":"post-2420","1":"page","2":"type-page","3":"status-publish","4":"has-post-thumbnail","6":"category-landesverwaltung-2"},"yoast_head":"<!-- This site is optimized with the Yoast SEO plugin v23.1 - https:\/\/yoast.com\/wordpress\/plugins\/seo\/ -->\n<title>Finanzministerium. &#8226; K\u00f6nigreich Sachsen.<\/title>\n<meta name=\"description\" content=\"Das Finanzministerium des K\u00f6nigreich Sachsen mit seinen untergeordneten Beh\u00f6rden und seinem Wirkungskreis in drei Abteilungen.\" \/>\n<meta name=\"robots\" content=\"index, follow, max-snippet:-1, max-image-preview:large, max-video-preview:-1\" \/>\n<link rel=\"canonical\" href=\"https:\/\/www.ewigerbund.org\/sachsen\/landesverwaltung\/die-ministerien\/finanzministerium\/\" \/>\n<meta property=\"og:locale\" content=\"de_DE\" \/>\n<meta property=\"og:type\" content=\"article\" \/>\n<meta property=\"og:title\" content=\"Finanzministerium. &#8226; K\u00f6nigreich Sachsen.\" \/>\n<meta property=\"og:description\" content=\"Das Finanzministerium des K\u00f6nigreich Sachsen mit seinen untergeordneten Beh\u00f6rden und seinem Wirkungskreis in drei Abteilungen.\" \/>\n<meta property=\"og:url\" content=\"https:\/\/www.ewigerbund.org\/sachsen\/landesverwaltung\/die-ministerien\/finanzministerium\/\" \/>\n<meta property=\"og:site_name\" content=\"K\u00f6nigreich Sachsen\" \/>\n<meta property=\"article:modified_time\" content=\"2023-11-04T17:01:58+00:00\" \/>\n<meta property=\"og:image\" content=\"https:\/\/www.ewigerbund.org\/sachsen\/wp-content\/uploads\/sites\/14\/2023\/09\/1900-Finanzministerium-Carolaplatz1.jpg\" \/>\n\t<meta property=\"og:image:width\" content=\"1745\" \/>\n\t<meta property=\"og:image:height\" content=\"989\" \/>\n\t<meta property=\"og:image:type\" content=\"image\/jpeg\" \/>\n<meta name=\"twitter:card\" content=\"summary_large_image\" \/>\n<meta name=\"twitter:label1\" content=\"Gesch\u00e4tzte Lesezeit\" \/>\n\t<meta name=\"twitter:data1\" content=\"2\u00a0Minuten\" \/>\n<script type=\"application\/ld+json\" class=\"yoast-schema-graph\">{\"@context\":\"https:\/\/schema.org\",\"@graph\":[{\"@type\":\"WebPage\",\"@id\":\"https:\/\/www.ewigerbund.org\/sachsen\/landesverwaltung\/die-ministerien\/finanzministerium\/\",\"url\":\"https:\/\/www.ewigerbund.org\/sachsen\/landesverwaltung\/die-ministerien\/finanzministerium\/\",\"name\":\"Finanzministerium. &#8226; K\u00f6nigreich Sachsen.\",\"isPartOf\":{\"@id\":\"https:\/\/www.ewigerbund.org\/sachsen\/#website\"},\"primaryImageOfPage\":{\"@id\":\"https:\/\/www.ewigerbund.org\/sachsen\/landesverwaltung\/die-ministerien\/finanzministerium\/#primaryimage\"},\"image\":{\"@id\":\"https:\/\/www.ewigerbund.org\/sachsen\/landesverwaltung\/die-ministerien\/finanzministerium\/#primaryimage\"},\"thumbnailUrl\":\"https:\/\/www.ewigerbund.org\/sachsen\/wp-content\/uploads\/sites\/14\/2023\/09\/1900-Finanzministerium-Carolaplatz1.jpg\",\"datePublished\":\"2023-10-28T17:11:32+00:00\",\"dateModified\":\"2023-11-04T17:01:58+00:00\",\"description\":\"Das Finanzministerium des K\u00f6nigreich Sachsen mit seinen untergeordneten Beh\u00f6rden und seinem Wirkungskreis in drei Abteilungen.\",\"breadcrumb\":{\"@id\":\"https:\/\/www.ewigerbund.org\/sachsen\/landesverwaltung\/die-ministerien\/finanzministerium\/#breadcrumb\"},\"inLanguage\":\"de\",\"potentialAction\":[{\"@type\":\"ReadAction\",\"target\":[\"https:\/\/www.ewigerbund.org\/sachsen\/landesverwaltung\/die-ministerien\/finanzministerium\/\"]}]},{\"@type\":\"ImageObject\",\"inLanguage\":\"de\",\"@id\":\"https:\/\/www.ewigerbund.org\/sachsen\/landesverwaltung\/die-ministerien\/finanzministerium\/#primaryimage\",\"url\":\"https:\/\/www.ewigerbund.org\/sachsen\/wp-content\/uploads\/sites\/14\/2023\/09\/1900-Finanzministerium-Carolaplatz1.jpg\",\"contentUrl\":\"https:\/\/www.ewigerbund.org\/sachsen\/wp-content\/uploads\/sites\/14\/2023\/09\/1900-Finanzministerium-Carolaplatz1.jpg\",\"width\":1745,\"height\":989,\"caption\":\"Finanzministerium Dresden 1900\"},{\"@type\":\"BreadcrumbList\",\"@id\":\"https:\/\/www.ewigerbund.org\/sachsen\/landesverwaltung\/die-ministerien\/finanzministerium\/#breadcrumb\",\"itemListElement\":[{\"@type\":\"ListItem\",\"position\":1,\"name\":\"Startseite.\",\"item\":\"https:\/\/www.ewigerbund.org\/sachsen\/\"},{\"@type\":\"ListItem\",\"position\":2,\"name\":\"Landesverwaltung.\",\"item\":\"https:\/\/www.ewigerbund.org\/sachsen\/landesverwaltung\/\"},{\"@type\":\"ListItem\",\"position\":3,\"name\":\"Die Ministerien.\",\"item\":\"https:\/\/www.ewigerbund.org\/sachsen\/landesverwaltung\/die-ministerien\/\"},{\"@type\":\"ListItem\",\"position\":4,\"name\":\"Finanzministerium.\"}]},{\"@type\":\"WebSite\",\"@id\":\"https:\/\/www.ewigerbund.org\/sachsen\/#website\",\"url\":\"https:\/\/www.ewigerbund.org\/sachsen\/\",\"name\":\"K\u00f6nigreich Sachsen\",\"description\":\"im ewigen Bund.\",\"publisher\":{\"@id\":\"https:\/\/www.ewigerbund.org\/sachsen\/#organization\"},\"potentialAction\":[{\"@type\":\"SearchAction\",\"target\":{\"@type\":\"EntryPoint\",\"urlTemplate\":\"https:\/\/www.ewigerbund.org\/sachsen\/?s={search_term_string}\"},\"query-input\":\"required name=search_term_string\"}],\"inLanguage\":\"de\"},{\"@type\":\"Organization\",\"@id\":\"https:\/\/www.ewigerbund.org\/sachsen\/#organization\",\"name\":\"K\u00f6nigreich Sachsen\",\"url\":\"https:\/\/www.ewigerbund.org\/sachsen\/\",\"logo\":{\"@type\":\"ImageObject\",\"inLanguage\":\"de\",\"@id\":\"https:\/\/www.ewigerbund.org\/sachsen\/#\/schema\/logo\/image\/\",\"url\":\"https:\/\/www.ewigerbund.org\/sachsen\/wp-content\/uploads\/sites\/14\/2022\/11\/cropped-2022-09-10-Logo-EB-Sachsen-Schutzzone_Schatten-transparent-1200px-1.png\",\"contentUrl\":\"https:\/\/www.ewigerbund.org\/sachsen\/wp-content\/uploads\/sites\/14\/2022\/11\/cropped-2022-09-10-Logo-EB-Sachsen-Schutzzone_Schatten-transparent-1200px-1.png\",\"width\":1200,\"height\":1200,\"caption\":\"K\u00f6nigreich Sachsen\"},\"image\":{\"@id\":\"https:\/\/www.ewigerbund.org\/sachsen\/#\/schema\/logo\/image\/\"}}]}<\/script>\n<!-- \/ Yoast SEO plugin. -->","yoast_head_json":{"title":"Finanzministerium. &#8226; K\u00f6nigreich Sachsen.","description":"Das Finanzministerium des K\u00f6nigreich Sachsen mit seinen untergeordneten Beh\u00f6rden und seinem Wirkungskreis in drei Abteilungen.","robots":{"index":"index","follow":"follow","max-snippet":"max-snippet:-1","max-image-preview":"max-image-preview:large","max-video-preview":"max-video-preview:-1"},"canonical":"https:\/\/www.ewigerbund.org\/sachsen\/landesverwaltung\/die-ministerien\/finanzministerium\/","og_locale":"de_DE","og_type":"article","og_title":"Finanzministerium. &#8226; K\u00f6nigreich Sachsen.","og_description":"Das Finanzministerium des K\u00f6nigreich Sachsen mit seinen untergeordneten Beh\u00f6rden und seinem Wirkungskreis in drei Abteilungen.","og_url":"https:\/\/www.ewigerbund.org\/sachsen\/landesverwaltung\/die-ministerien\/finanzministerium\/","og_site_name":"K\u00f6nigreich Sachsen","article_modified_time":"2023-11-04T17:01:58+00:00","og_image":[{"width":1745,"height":989,"url":"https:\/\/www.ewigerbund.org\/sachsen\/wp-content\/uploads\/sites\/14\/2023\/09\/1900-Finanzministerium-Carolaplatz1.jpg","type":"image\/jpeg"}],"twitter_card":"summary_large_image","twitter_misc":{"Gesch\u00e4tzte Lesezeit":"2\u00a0Minuten"},"schema":{"@context":"https:\/\/schema.org","@graph":[{"@type":"WebPage","@id":"https:\/\/www.ewigerbund.org\/sachsen\/landesverwaltung\/die-ministerien\/finanzministerium\/","url":"https:\/\/www.ewigerbund.org\/sachsen\/landesverwaltung\/die-ministerien\/finanzministerium\/","name":"Finanzministerium. &#8226; K\u00f6nigreich Sachsen.","isPartOf":{"@id":"https:\/\/www.ewigerbund.org\/sachsen\/#website"},"primaryImageOfPage":{"@id":"https:\/\/www.ewigerbund.org\/sachsen\/landesverwaltung\/die-ministerien\/finanzministerium\/#primaryimage"},"image":{"@id":"https:\/\/www.ewigerbund.org\/sachsen\/landesverwaltung\/die-ministerien\/finanzministerium\/#primaryimage"},"thumbnailUrl":"https:\/\/www.ewigerbund.org\/sachsen\/wp-content\/uploads\/sites\/14\/2023\/09\/1900-Finanzministerium-Carolaplatz1.jpg","datePublished":"2023-10-28T17:11:32+00:00","dateModified":"2023-11-04T17:01:58+00:00","description":"Das Finanzministerium des K\u00f6nigreich Sachsen mit seinen untergeordneten Beh\u00f6rden und seinem Wirkungskreis in drei Abteilungen.","breadcrumb":{"@id":"https:\/\/www.ewigerbund.org\/sachsen\/landesverwaltung\/die-ministerien\/finanzministerium\/#breadcrumb"},"inLanguage":"de","potentialAction":[{"@type":"ReadAction","target":["https:\/\/www.ewigerbund.org\/sachsen\/landesverwaltung\/die-ministerien\/finanzministerium\/"]}]},{"@type":"ImageObject","inLanguage":"de","@id":"https:\/\/www.ewigerbund.org\/sachsen\/landesverwaltung\/die-ministerien\/finanzministerium\/#primaryimage","url":"https:\/\/www.ewigerbund.org\/sachsen\/wp-content\/uploads\/sites\/14\/2023\/09\/1900-Finanzministerium-Carolaplatz1.jpg","contentUrl":"https:\/\/www.ewigerbund.org\/sachsen\/wp-content\/uploads\/sites\/14\/2023\/09\/1900-Finanzministerium-Carolaplatz1.jpg","width":1745,"height":989,"caption":"Finanzministerium Dresden 1900"},{"@type":"BreadcrumbList","@id":"https:\/\/www.ewigerbund.org\/sachsen\/landesverwaltung\/die-ministerien\/finanzministerium\/#breadcrumb","itemListElement":[{"@type":"ListItem","position":1,"name":"Startseite.","item":"https:\/\/www.ewigerbund.org\/sachsen\/"},{"@type":"ListItem","position":2,"name":"Landesverwaltung.","item":"https:\/\/www.ewigerbund.org\/sachsen\/landesverwaltung\/"},{"@type":"ListItem","position":3,"name":"Die Ministerien.","item":"https:\/\/www.ewigerbund.org\/sachsen\/landesverwaltung\/die-ministerien\/"},{"@type":"ListItem","position":4,"name":"Finanzministerium."}]},{"@type":"WebSite","@id":"https:\/\/www.ewigerbund.org\/sachsen\/#website","url":"https:\/\/www.ewigerbund.org\/sachsen\/","name":"K\u00f6nigreich Sachsen","description":"im ewigen Bund.","publisher":{"@id":"https:\/\/www.ewigerbund.org\/sachsen\/#organization"},"potentialAction":[{"@type":"SearchAction","target":{"@type":"EntryPoint","urlTemplate":"https:\/\/www.ewigerbund.org\/sachsen\/?s={search_term_string}"},"query-input":"required name=search_term_string"}],"inLanguage":"de"},{"@type":"Organization","@id":"https:\/\/www.ewigerbund.org\/sachsen\/#organization","name":"K\u00f6nigreich Sachsen","url":"https:\/\/www.ewigerbund.org\/sachsen\/","logo":{"@type":"ImageObject","inLanguage":"de","@id":"https:\/\/www.ewigerbund.org\/sachsen\/#\/schema\/logo\/image\/","url":"https:\/\/www.ewigerbund.org\/sachsen\/wp-content\/uploads\/sites\/14\/2022\/11\/cropped-2022-09-10-Logo-EB-Sachsen-Schutzzone_Schatten-transparent-1200px-1.png","contentUrl":"https:\/\/www.ewigerbund.org\/sachsen\/wp-content\/uploads\/sites\/14\/2022\/11\/cropped-2022-09-10-Logo-EB-Sachsen-Schutzzone_Schatten-transparent-1200px-1.png","width":1200,"height":1200,"caption":"K\u00f6nigreich Sachsen"},"image":{"@id":"https:\/\/www.ewigerbund.org\/sachsen\/#\/schema\/logo\/image\/"}}]}},"_links":{"self":[{"href":"https:\/\/www.ewigerbund.org\/sachsen\/wp-json\/wp\/v2\/pages\/2420","targetHints":{"allow":["GET"]}}],"collection":[{"href":"https:\/\/www.ewigerbund.org\/sachsen\/wp-json\/wp\/v2\/pages"}],"about":[{"href":"https:\/\/www.ewigerbund.org\/sachsen\/wp-json\/wp\/v2\/types\/page"}],"author":[{"embeddable":true,"href":"https:\/\/www.ewigerbund.org\/sachsen\/wp-json\/wp\/v2\/users\/1"}],"replies":[{"embeddable":true,"href":"https:\/\/www.ewigerbund.org\/sachsen\/wp-json\/wp\/v2\/comments?post=2420"}],"version-history":[{"count":3,"href":"https:\/\/www.ewigerbund.org\/sachsen\/wp-json\/wp\/v2\/pages\/2420\/revisions"}],"predecessor-version":[{"id":2462,"href":"https:\/\/www.ewigerbund.org\/sachsen\/wp-json\/wp\/v2\/pages\/2420\/revisions\/2462"}],"up":[{"embeddable":true,"href":"https:\/\/www.ewigerbund.org\/sachsen\/wp-json\/wp\/v2\/pages\/2180"}],"wp:featuredmedia":[{"embeddable":true,"href":"https:\/\/www.ewigerbund.org\/sachsen\/wp-json\/wp\/v2\/media\/2183"}],"wp:attachment":[{"href":"https:\/\/www.ewigerbund.org\/sachsen\/wp-json\/wp\/v2\/media?parent=2420"}],"wp:term":[{"taxonomy":"category","embeddable":true,"href":"https:\/\/www.ewigerbund.org\/sachsen\/wp-json\/wp\/v2\/categories?post=2420"},{"taxonomy":"post_tag","embeddable":true,"href":"https:\/\/www.ewigerbund.org\/sachsen\/wp-json\/wp\/v2\/tags?post=2420"}],"curies":[{"name":"wp","href":"https:\/\/api.w.org\/{rel}","templated":true}]}}