{"id":2094,"date":"2023-09-09T20:48:44","date_gmt":"2023-09-09T18:48:44","guid":{"rendered":"https:\/\/www.ewigerbund.org\/sachsen\/?page_id=2094"},"modified":"2023-11-19T16:54:46","modified_gmt":"2023-11-19T15:54:46","slug":"die-legislative","status":"publish","type":"page","link":"https:\/\/www.ewigerbund.org\/sachsen\/landesverwaltung\/die-legislative\/","title":{"rendered":"Der Landtag."},"content":{"rendered":"\n<h2 class=\"wp-block-heading\">Die St\u00e4nde.<\/h2>\n\n\n\n<p>Die Mitglieder der St\u00e4ndeversammlung in Sachsen bilden 2 Kammern.<\/p>\n\n\n\n<h3 class=\"wp-block-heading\">Erste Kammer <\/h3>\n\n\n\n<p>besteht aus insgesamt 47 Mitglieder.<\/p>\n\n\n\n<ul class=\"wp-block-list\">\n<li>Vertretern des s\u00e4chsischen Adels,<\/li>\n\n\n\n<li>Residenz- und Lehnsherren,<\/li>\n\n\n\n<li>Abgeordneten der Universit\u00e4t und Hochschulen,<\/li>\n\n\n\n<li>Besitzern von Ritterg\u00fctern,<\/li>\n\n\n\n<li>durch den K\u00f6nig bestimmten Rittergutsbesitzern und Stadth\u00e4uptern,<\/li>\n\n\n\n<li>durch freie Wahl auf Lebenszeit Ernannte.<\/li>\n<\/ul>\n\n\n\n<h3 class=\"wp-block-heading\">Zweite Kammer <\/h3>\n\n\n\n<p>ist aus Direktwahlen hervorgegangen. Sie besteht aus insgesamt 91 Mitgliedern.<\/p>\n\n\n\n<ul class=\"wp-block-list\">\n<li>43 Abgeordneten der St\u00e4dte Dresden, Leipzig, Chemnitz, Plauen, Zwickau und der \u00fcbrigen St\u00e4dte und<\/li>\n\n\n\n<li>48 Abgeordneten der l\u00e4ndlichen Wahlkreise.<\/li>\n<\/ul>\n\n\n\n<figure class=\"wp-block-image size-large\"><img loading=\"lazy\" decoding=\"async\" width=\"1024\" height=\"1024\" src=\"https:\/\/www.ewigerbund.org\/sachsen\/wp-content\/uploads\/sites\/14\/2023\/09\/Legislative-Kgr-Sachsen-1024x1024.png\" alt=\"K\u00f6nigreich Sachsen Legislative - Gesetzgebung Stand 1909\" class=\"wp-image-2143\" srcset=\"https:\/\/www.ewigerbund.org\/sachsen\/wp-content\/uploads\/sites\/14\/2023\/09\/Legislative-Kgr-Sachsen-1024x1024.png 1024w, https:\/\/www.ewigerbund.org\/sachsen\/wp-content\/uploads\/sites\/14\/2023\/09\/Legislative-Kgr-Sachsen-300x300.png 300w, https:\/\/www.ewigerbund.org\/sachsen\/wp-content\/uploads\/sites\/14\/2023\/09\/Legislative-Kgr-Sachsen-150x150.png 150w, https:\/\/www.ewigerbund.org\/sachsen\/wp-content\/uploads\/sites\/14\/2023\/09\/Legislative-Kgr-Sachsen-768x768.png 768w, https:\/\/www.ewigerbund.org\/sachsen\/wp-content\/uploads\/sites\/14\/2023\/09\/Legislative-Kgr-Sachsen-1536x1536.png 1536w, https:\/\/www.ewigerbund.org\/sachsen\/wp-content\/uploads\/sites\/14\/2023\/09\/Legislative-Kgr-Sachsen-2048x2048.png 2048w\" sizes=\"auto, (max-width: 1024px) 100vw, 1024px\" \/><figcaption class=\"wp-element-caption\">Gesetzgebungsprozess und Wahlverfahren im K\u00f6nigreich Sachsen, Stand 1909.<\/figcaption><\/figure>\n\n\n\n<div style=\"height:40px\" aria-hidden=\"true\" class=\"wp-block-spacer\"><\/div>\n\n\n\n<h2 class=\"gb-headline gb-headline-7983fd16 gb-headline-text\">Der Gesetzgebungsprozess.<\/h2>\n\n\n\n<h3 class=\"wp-block-heading\">Die Stellung des K\u00f6nigs und der St\u00e4nde zur Gesetzgebung.<\/h3>\n\n\n\n<p>Der <a href=\"https:\/\/www.ewigerbund.org\/sachsen\/landesverwaltung\/staatsoberhaupt\/\">K\u00f6ni<\/a><a href=\"https:\/\/www.ewigerbund.org\/sachsen\/schlagwort\/staatsoberhaupt\/\">g<\/a> erl\u00e4\u00dft und ver\u00f6ffentlicht die Gesetze mit Bezug auf die erfolgte Zustimmung der St\u00e4nde und erteilt die Vollzugsverordnungen. Alle Verf\u00fcgungen des K\u00f6nigs m\u00fcssen von dem Vorstande des Fachministeriums mitunterzeichnet sein.<\/p>\n\n\n\n<p>Die Begutachtung der in den Ministerien vorbereiteten Gesetze erfolgt durch das <strong><a href=\"https:\/\/www.ewigerbund.org\/sachsen\/landesverwaltung\/die-ministerien\/das-gesamtministerium\/\">Gesamtministerium<\/a><\/strong>.<\/p>\n\n\n\n<p>Verordnungen, deren unverz\u00fcglicher Erlass durch das Staatswohl dringend geboten ist (s. insbes. Staatsfinanzen), kann der K\u00f6nig vorbehaltlich der nachtr\u00e4glichen Guthei\u00dfung der St\u00e4nde unter Verantwortlichkeit und Gegenzeichnung s\u00e4mtlicher Minister erlassen.<\/p>\n\n\n\n<p>Gesetze sind mit Bezugnahme auf die erlangte Zustimmung der <strong>St\u00e4nde<\/strong> zu den ergehenden Bestimmungen bekannt zu machen. <strong>Es darf kein Gesetz ohne Zustimmung der St\u00e4nde erlassen, abge\u00e4ndert oder authentisch ausgelegt werden.<\/strong><\/p>\n\n\n\n<p>Gesetzesentw\u00fcrfe k\u00f6nnen von der Regierung und von den St\u00e4nden eingebracht werden.<\/p>\n\n\n\n<figure class=\"wp-block-image size-full\"><img loading=\"lazy\" decoding=\"async\" width=\"2000\" height=\"2000\" src=\"https:\/\/www.ewigerbund.org\/sachsen\/wp-content\/uploads\/sites\/14\/2023\/09\/Schema-Einfacher-Gesetzgebungsprozess.png\" alt=\"K\u00f6nigreich Sachsen Gesetzgebung mit Zustimmung.\" class=\"wp-image-2139\" srcset=\"https:\/\/www.ewigerbund.org\/sachsen\/wp-content\/uploads\/sites\/14\/2023\/09\/Schema-Einfacher-Gesetzgebungsprozess.png 2000w, https:\/\/www.ewigerbund.org\/sachsen\/wp-content\/uploads\/sites\/14\/2023\/09\/Schema-Einfacher-Gesetzgebungsprozess-300x300.png 300w, https:\/\/www.ewigerbund.org\/sachsen\/wp-content\/uploads\/sites\/14\/2023\/09\/Schema-Einfacher-Gesetzgebungsprozess-1024x1024.png 1024w, https:\/\/www.ewigerbund.org\/sachsen\/wp-content\/uploads\/sites\/14\/2023\/09\/Schema-Einfacher-Gesetzgebungsprozess-150x150.png 150w, https:\/\/www.ewigerbund.org\/sachsen\/wp-content\/uploads\/sites\/14\/2023\/09\/Schema-Einfacher-Gesetzgebungsprozess-768x768.png 768w, https:\/\/www.ewigerbund.org\/sachsen\/wp-content\/uploads\/sites\/14\/2023\/09\/Schema-Einfacher-Gesetzgebungsprozess-1536x1536.png 1536w\" sizes=\"auto, (max-width: 2000px) 100vw, 2000px\" \/><figcaption class=\"wp-element-caption\">Gesetzgebungsprozess mit Zustimmung der St\u00e4nde.<\/figcaption><\/figure>\n\n\n\n<figure class=\"wp-block-image size-large\"><img loading=\"lazy\" decoding=\"async\" width=\"1024\" height=\"1024\" src=\"https:\/\/www.ewigerbund.org\/sachsen\/wp-content\/uploads\/sites\/14\/2023\/09\/Schema-Gesetzgebungsprozess-beiAblehnung-1024x1024.png\" alt=\"K\u00f6nigreich Sachsen Gesetzgebung bei Ablehnung.\" class=\"wp-image-2140\" srcset=\"https:\/\/www.ewigerbund.org\/sachsen\/wp-content\/uploads\/sites\/14\/2023\/09\/Schema-Gesetzgebungsprozess-beiAblehnung-1024x1024.png 1024w, https:\/\/www.ewigerbund.org\/sachsen\/wp-content\/uploads\/sites\/14\/2023\/09\/Schema-Gesetzgebungsprozess-beiAblehnung-300x300.png 300w, https:\/\/www.ewigerbund.org\/sachsen\/wp-content\/uploads\/sites\/14\/2023\/09\/Schema-Gesetzgebungsprozess-beiAblehnung-150x150.png 150w, https:\/\/www.ewigerbund.org\/sachsen\/wp-content\/uploads\/sites\/14\/2023\/09\/Schema-Gesetzgebungsprozess-beiAblehnung-768x768.png 768w, https:\/\/www.ewigerbund.org\/sachsen\/wp-content\/uploads\/sites\/14\/2023\/09\/Schema-Gesetzgebungsprozess-beiAblehnung-1536x1536.png 1536w, https:\/\/www.ewigerbund.org\/sachsen\/wp-content\/uploads\/sites\/14\/2023\/09\/Schema-Gesetzgebungsprozess-beiAblehnung.png 2000w\" sizes=\"auto, (max-width: 1024px) 100vw, 1024px\" \/><figcaption class=\"wp-element-caption\">Gesetzgebungsprozess mit Ablehnung einer Kammer.<\/figcaption><\/figure>\n\n\n\n<h3 class=\"wp-block-heading\">Erkl\u00e4rung.<\/h3>\n\n\n\n<p>Die Abbildungen oben zeigen die verschiedenen Wege f\u00fcr eine Gesetzgebung. <br>Ein Gesetzesentwurf ist in erster Linie eine Vorschlag f\u00fcr ein Gesetz. Diesen Vorschlag kann der K\u00f6nig und jeder Abgeordnete in seiner Kammer als Gesetzentwurf einbringen.<\/p>\n\n\n\n<ol class=\"wp-block-list\">\n<li>Die Kammer erteilt die Zustimmung f\u00fcr den Gesetzesvorschlag.<\/li>\n\n\n\n<li>Der <strong>Abgeordnete<\/strong>, der seinen Entwurf eingebracht hat, mu\u00df die Gesetzesvorlage erarbeiten.<\/li>\n\n\n\n<li>Bringt der <strong>K\u00f6nig<\/strong> eine Gesetzesentwurf ein, wird ein Abgeordneter der Kammer bestimmt, den Vorschlag als Entwurf auszuarbeiten.<\/li>\n\n\n\n<li>Ist der Gesetzesentwurf ausgearbeitet, kontrolliert die jeweilige Kammer die \u00dcbereinstimmung mit der S\u00e4chsischen Verfassung.<\/li>\n<\/ol>\n\n\n\n<div class=\"wp-block-columns is-layout-flex wp-container-core-columns-is-layout-1 wp-block-columns-is-layout-flex\">\n<div class=\"wp-block-column is-layout-flow wp-block-column-is-layout-flow\">\n<p><strong>Annahme des Gesetzesentwurfs.<\/strong><\/p>\n\n\n\n<ul class=\"wp-block-list\">\n<li>Die Annahme erfolgt durch die Kammer (Abgeordneten).<br>\u2192 F\u00fcr diesen neuen Gesetzesentwurf wird eine Abschrift an das Gesamtministerium und alle Kammermitglieder \u00fcbergeben. (\u00a7161 der Gesch\u00e4ftsordnung) <\/li>\n\n\n\n<li>Die Kammer kommt zur Beschlu\u00dffassung.<\/li>\n\n\n\n<li>Dieser Beschlu\u00df wird als Mitteilung an die andere Kammer (Abb. Kammer 2) weitergegeben. <\/li>\n\n\n\n<li>Die zweite Kammer \u00fcberreicht das Gesetz zur Genehmigung und Publikation an den K\u00f6nig.<\/li>\n\n\n\n<li>Es folgt die Genehmigung oder eine Genehmigung mit Ab\u00e4nderungen.<\/li>\n<\/ul>\n<\/div>\n\n\n\n<div class=\"wp-block-column is-layout-flow wp-block-column-is-layout-flow\">\n<p><strong>Ablehnung des Gesetzesentwurfes.<\/strong><\/p>\n\n\n\n<ul class=\"wp-block-list\">\n<li>Die zweite Kammer kann den Gesetzesentwurf ablehnen.<br>\u2192 Der Gesetzesentwurf ist damit im Landtag nicht mehr vorlagef\u00e4hig.<\/li>\n<\/ul>\n<\/div>\n<\/div>\n\n\n\n<p>Wurde ein Gesetzentwurf von den St\u00e4nden mit Ab\u00e4nderungen angenommen und vom K\u00f6nig nicht genehmigt, so kann mit Widerlegungsgr\u00fcnden und Ab\u00e4nderungsvorschl\u00e4gen dieser Gesetzentwurf erneut vorgelegt werden.<\/p>\n\n\n\n<p>Gesetzesvorschl\u00e4ge, die an die Kammern gelangt sind, k\u00f6nnen w\u00e4hrend der st\u00e4ndischen Beratung vom K\u00f6nig zur\u00fcckgenommen werden.<\/p>\n\n\n\n<p>Ein von den St\u00e4nden abgelehnter Gesetzentwurf kann unver\u00e4ndert nur auf dem folgenden Landtag wieder eingebracht werden.<\/p>\n\n\n\n<p>Bei Meinungsverschiedenheit der Kammern tritt das Vereinigungsverfahren ein. Alle Gesetzentw\u00fcrfe sind mit Gr\u00fcnden zu versehen.<\/p>\n\n\n\n<p>(Vll. \u00a7\u00a7 85\u201495, 43, BO. vom 7. Nov. 1831 S. 323 Pkt. 4 G 2, Pkt. 5 4, Bek. vom 28. Dez. 1831 S. 366, Ges. vom 31. M\u00e4rz 1849, S. 58 und 3. Dez. 1868 S. 1365 Art. III).<\/p>\n\n\n\n<div style=\"height:40px\" aria-hidden=\"true\" class=\"wp-block-spacer\"><\/div>\n\n\n\n<h2 class=\"wp-block-heading\">Das Recht der gesetzgeberischen Initiative.<\/h2>\n\n\n\n<p><strong>\u00a71 <\/strong>Jeder Abgeordnete hat das Recht in der Kammer zu welcher er geh\u00f6rt Gesetzentw\u00fcrfe einzubringen.<\/p>\n\n\n\n<p><strong>\u00a72 <\/strong>Die Kammer hat zuvor \u00fcber die Frage, ob sie zur Vorlegung des Gesetzentwurf \u00fcber den bezeichneten Gegenstand ihre Zustimmung erteilen wollen, Beschluss zu fassen.<\/p>\n\n\n\n<p><strong>\u00a73 <\/strong>Erfolgt die Zustimmung der Kammer hat der Abgeordnete von dem der Vorschlag ausging den Gesetzesentwurf \u00fcbersichtlich und vollst\u00e4ndig vorzulegen in einer vorgeschriebenen Fassung.<\/p>\n\n\n\n<p><strong>\u00a74 <\/strong>Bevor ein Gesetzentwurf in der anderen Kammer behandelt werden kann muss in der Kammer in die die Gesetzesvorlage eingebracht wurde eine Beschlussfassung stattfinden und diese der jeweilig anderen Kammer mitgeteilt werden.<\/p>\n\n\n\n<p><strong>\u00a75 <\/strong>Jede Kammer hat das Recht die Gesetzesentw\u00fcrfe der jeweils anderen Kammer auch ohne Beratung abzulehnen.<\/p>\n\n\n\n<p><strong>\u00a76 <\/strong>Wird ein Gesetzesentwurf in der eigenen Kammer verworfen kann er unter Beachtung des \u00a71 und \u00a72 auch in der anderen Kammer zur Beratung gelangen.<\/p>\n\n\n\n<p><strong>\u00a77 <\/strong>Soll ein Antrag auf Genehmigung und Publikation an den K\u00f6nig gelangen m\u00fcssen beide Kammern \u00fcbereinstimmen.<\/p>\n\n\n\n<p><strong>\u00a78 <\/strong>Gesetzesentw\u00fcrfe deren Genehmigung vom K\u00f6nig versagt wurde , k\u00f6nnen in beiden Kammern nicht wiederholt werden.<\/p>\n\n\n\n<p><strong>\u00a79 <\/strong>Sollte der K\u00f6nig Ab\u00e4nderungen des Gesetzesentwurfes einfordern k\u00f6nnen die Kammern den Entwurf ganz zur\u00fccknehmen oder die erforderlichen Ab\u00e4nderungen vorzunehmen.<\/p>\n\n\n\n<p>Urkundlich wurde dieses Gesetz eigenh\u00e4ndig unterschrieben und das K\u00f6nigliche Siegel beigedruckt.<\/p>\n\n\n\n<p>Dresden ,den 31.M\u00e4rz 1849<br>Friedrich August<\/p>\n\n\n\n<hr class=\"wp-block-separator has-alpha-channel-opacity is-style-dots\"\/>\n\n\n\n<a class=\"gb-button gb-button-b6291ce5\" href=\"javascript:history.back();\"><span class=\"gb-icon\"><svg aria-hidden=\"true\" role=\"img\" height=\"1em\" width=\"1em\" viewBox=\"0 0 256 512\" xmlns=\"http:\/\/www.w3.org\/2000\/svg\"><path fill=\"currentColor\" d=\"M31.7 239l136-136c9.4-9.4 24.6-9.4 33.9 0l22.6 22.6c9.4 9.4 9.4 24.6 0 33.9L127.9 256l96.4 96.4c9.4 9.4 9.4 24.6 0 33.9L201.7 409c-9.4 9.4-24.6 9.4-33.9 0l-136-136c-9.5-9.4-9.5-24.6-.1-34z\"><\/path><\/svg><\/span><span class=\"gb-button-text\">Zur\u00fcck.<\/span><\/a>\n\n\n\n<p class=\"has-medium-font-size\"><strong><strong>Quellenangaben und Verweise.<\/strong><\/strong><\/p>\n\n\n\n<p class=\"has-small-font-size\"><sub>Aus <a href=\"https:\/\/staatsbibliothek.ewigerbund.org\/viewer\/toc\/mosel_handwoerterbuch_verwaltungsrecht_1903\/1\/LOG_0000\/\">Handw\u00f6rterbuch des S\u00e4chsischen Verwaltungsrechts, Curt Mosel, 1903.<\/a><br>Aus <a href=\"https:\/\/staatsbibliothek.ewigerbund.org\/viewer\/image\/binding_staatsgrundgesetze_heft_6\/1\/LOG_0000\/\">Deutsches Staatsgrundgesetze Heft 6. Verfassungsurkunde des K\u00f6nigreichs Sachsen. Vom 4. September 1831., Karl Binding.<\/a><br>Aus <a href=\"https:\/\/staatsbibliothek.ewigerbund.org\/viewer\/image\/fricker_staatsrecht_sachsen_1891\/1\/LOG_0000\/\">Grundri\u00df des Staatsrecht des K\u00f6nigreich Sachsen. Carl Victor Fricker, 1891.<\/a><\/sub><\/p>\n","protected":false},"excerpt":{"rendered":"<p>Die St\u00e4nde. Die Mitglieder der St\u00e4ndeversammlung in Sachsen bilden 2 Kammern. Erste Kammer besteht aus insgesamt 47 Mitglieder. Zweite Kammer ist aus Direktwahlen hervorgegangen. Sie besteht aus insgesamt 91 Mitgliedern. Der Gesetzgebungsprozess. Die Stellung des K\u00f6nigs und der St\u00e4nde zur Gesetzgebung. Der K\u00f6nig erl\u00e4\u00dft und ver\u00f6ffentlicht die Gesetze mit Bezug auf die erfolgte Zustimmung der &#8230; <a title=\"Der Landtag.\" class=\"read-more\" href=\"https:\/\/www.ewigerbund.org\/sachsen\/landesverwaltung\/die-legislative\/\" aria-label=\"Mehr zu Der Landtag.\">Weiterlesen &#8230;<\/a><\/p>\n","protected":false},"author":1,"featured_media":2086,"parent":1726,"menu_order":0,"comment_status":"closed","ping_status":"closed","template":"","meta":{"footnotes":""},"categories":[252],"tags":[336,338,340,314,337],"class_list":{"0":"post-2094","1":"page","2":"type-page","3":"status-publish","4":"has-post-thumbnail","6":"category-landesverwaltung-2","7":"tag-erste-kammer","8":"tag-gesetzgebung-in-koenigreich-sachsen","9":"tag-saechsische-wahlen","10":"tag-staende","11":"tag-zweite-kammer"},"yoast_head":"<!-- This site is optimized with the Yoast SEO plugin v23.1 - https:\/\/yoast.com\/wordpress\/plugins\/seo\/ -->\n<title>Der Landtag. &#8226; K\u00f6nigreich Sachsen.<\/title>\n<meta name=\"description\" content=\"Die Legislative. Die St\u00e4nde. Der Gesetzgebungsprozess. Wie entstehen Gesetze im K\u00f6nigreich Sachsen und wer darf einen Vorschlag einbringen?\" \/>\n<meta name=\"robots\" content=\"index, follow, max-snippet:-1, max-image-preview:large, max-video-preview:-1\" \/>\n<link rel=\"canonical\" href=\"https:\/\/www.ewigerbund.org\/sachsen\/landesverwaltung\/die-legislative\/\" \/>\n<meta property=\"og:locale\" content=\"de_DE\" \/>\n<meta property=\"og:type\" content=\"article\" \/>\n<meta property=\"og:title\" content=\"Der Landtag. &#8226; K\u00f6nigreich Sachsen.\" \/>\n<meta property=\"og:description\" content=\"Die Legislative. Die St\u00e4nde. Der Gesetzgebungsprozess. Wie entstehen Gesetze im K\u00f6nigreich Sachsen und wer darf einen Vorschlag einbringen?\" \/>\n<meta property=\"og:url\" content=\"https:\/\/www.ewigerbund.org\/sachsen\/landesverwaltung\/die-legislative\/\" \/>\n<meta property=\"og:site_name\" content=\"K\u00f6nigreich Sachsen\" \/>\n<meta property=\"article:modified_time\" content=\"2023-11-19T15:54:46+00:00\" \/>\n<meta property=\"og:image\" content=\"https:\/\/www.ewigerbund.org\/sachsen\/wp-content\/uploads\/sites\/14\/2023\/09\/1915-Staendehaus-Schlossstrasse.jpg\" \/>\n\t<meta property=\"og:image:width\" content=\"1745\" \/>\n\t<meta property=\"og:image:height\" content=\"989\" \/>\n\t<meta property=\"og:image:type\" content=\"image\/jpeg\" \/>\n<meta name=\"twitter:card\" content=\"summary_large_image\" \/>\n<meta name=\"twitter:label1\" content=\"Gesch\u00e4tzte Lesezeit\" \/>\n\t<meta name=\"twitter:data1\" content=\"5\u00a0Minuten\" \/>\n<script type=\"application\/ld+json\" class=\"yoast-schema-graph\">{\"@context\":\"https:\/\/schema.org\",\"@graph\":[{\"@type\":\"WebPage\",\"@id\":\"https:\/\/www.ewigerbund.org\/sachsen\/landesverwaltung\/die-legislative\/\",\"url\":\"https:\/\/www.ewigerbund.org\/sachsen\/landesverwaltung\/die-legislative\/\",\"name\":\"Der Landtag. &#8226; K\u00f6nigreich Sachsen.\",\"isPartOf\":{\"@id\":\"https:\/\/www.ewigerbund.org\/sachsen\/#website\"},\"primaryImageOfPage\":{\"@id\":\"https:\/\/www.ewigerbund.org\/sachsen\/landesverwaltung\/die-legislative\/#primaryimage\"},\"image\":{\"@id\":\"https:\/\/www.ewigerbund.org\/sachsen\/landesverwaltung\/die-legislative\/#primaryimage\"},\"thumbnailUrl\":\"https:\/\/www.ewigerbund.org\/sachsen\/wp-content\/uploads\/sites\/14\/2023\/09\/1915-Staendehaus-Schlossstrasse.jpg\",\"datePublished\":\"2023-09-09T18:48:44+00:00\",\"dateModified\":\"2023-11-19T15:54:46+00:00\",\"description\":\"Die Legislative. Die St\u00e4nde. Der Gesetzgebungsprozess. Wie entstehen Gesetze im K\u00f6nigreich Sachsen und wer darf einen Vorschlag einbringen?\",\"breadcrumb\":{\"@id\":\"https:\/\/www.ewigerbund.org\/sachsen\/landesverwaltung\/die-legislative\/#breadcrumb\"},\"inLanguage\":\"de\",\"potentialAction\":[{\"@type\":\"ReadAction\",\"target\":[\"https:\/\/www.ewigerbund.org\/sachsen\/landesverwaltung\/die-legislative\/\"]}]},{\"@type\":\"ImageObject\",\"inLanguage\":\"de\",\"@id\":\"https:\/\/www.ewigerbund.org\/sachsen\/landesverwaltung\/die-legislative\/#primaryimage\",\"url\":\"https:\/\/www.ewigerbund.org\/sachsen\/wp-content\/uploads\/sites\/14\/2023\/09\/1915-Staendehaus-Schlossstrasse.jpg\",\"contentUrl\":\"https:\/\/www.ewigerbund.org\/sachsen\/wp-content\/uploads\/sites\/14\/2023\/09\/1915-Staendehaus-Schlossstrasse.jpg\",\"width\":1745,\"height\":989,\"caption\":\"St\u00e4ndehaus des K\u00f6nigreich Sachsen 1915\"},{\"@type\":\"BreadcrumbList\",\"@id\":\"https:\/\/www.ewigerbund.org\/sachsen\/landesverwaltung\/die-legislative\/#breadcrumb\",\"itemListElement\":[{\"@type\":\"ListItem\",\"position\":1,\"name\":\"Startseite.\",\"item\":\"https:\/\/www.ewigerbund.org\/sachsen\/\"},{\"@type\":\"ListItem\",\"position\":2,\"name\":\"Landesverwaltung.\",\"item\":\"https:\/\/www.ewigerbund.org\/sachsen\/landesverwaltung\/\"},{\"@type\":\"ListItem\",\"position\":3,\"name\":\"Der Landtag.\"}]},{\"@type\":\"WebSite\",\"@id\":\"https:\/\/www.ewigerbund.org\/sachsen\/#website\",\"url\":\"https:\/\/www.ewigerbund.org\/sachsen\/\",\"name\":\"K\u00f6nigreich Sachsen\",\"description\":\"im ewigen Bund.\",\"publisher\":{\"@id\":\"https:\/\/www.ewigerbund.org\/sachsen\/#organization\"},\"potentialAction\":[{\"@type\":\"SearchAction\",\"target\":{\"@type\":\"EntryPoint\",\"urlTemplate\":\"https:\/\/www.ewigerbund.org\/sachsen\/?s={search_term_string}\"},\"query-input\":\"required name=search_term_string\"}],\"inLanguage\":\"de\"},{\"@type\":\"Organization\",\"@id\":\"https:\/\/www.ewigerbund.org\/sachsen\/#organization\",\"name\":\"K\u00f6nigreich Sachsen\",\"url\":\"https:\/\/www.ewigerbund.org\/sachsen\/\",\"logo\":{\"@type\":\"ImageObject\",\"inLanguage\":\"de\",\"@id\":\"https:\/\/www.ewigerbund.org\/sachsen\/#\/schema\/logo\/image\/\",\"url\":\"https:\/\/www.ewigerbund.org\/sachsen\/wp-content\/uploads\/sites\/14\/2022\/11\/cropped-2022-09-10-Logo-EB-Sachsen-Schutzzone_Schatten-transparent-1200px-1.png\",\"contentUrl\":\"https:\/\/www.ewigerbund.org\/sachsen\/wp-content\/uploads\/sites\/14\/2022\/11\/cropped-2022-09-10-Logo-EB-Sachsen-Schutzzone_Schatten-transparent-1200px-1.png\",\"width\":1200,\"height\":1200,\"caption\":\"K\u00f6nigreich Sachsen\"},\"image\":{\"@id\":\"https:\/\/www.ewigerbund.org\/sachsen\/#\/schema\/logo\/image\/\"}}]}<\/script>\n<!-- \/ Yoast SEO plugin. -->","yoast_head_json":{"title":"Der Landtag. &#8226; K\u00f6nigreich Sachsen.","description":"Die Legislative. Die St\u00e4nde. Der Gesetzgebungsprozess. Wie entstehen Gesetze im K\u00f6nigreich Sachsen und wer darf einen Vorschlag einbringen?","robots":{"index":"index","follow":"follow","max-snippet":"max-snippet:-1","max-image-preview":"max-image-preview:large","max-video-preview":"max-video-preview:-1"},"canonical":"https:\/\/www.ewigerbund.org\/sachsen\/landesverwaltung\/die-legislative\/","og_locale":"de_DE","og_type":"article","og_title":"Der Landtag. &#8226; K\u00f6nigreich Sachsen.","og_description":"Die Legislative. Die St\u00e4nde. Der Gesetzgebungsprozess. Wie entstehen Gesetze im K\u00f6nigreich Sachsen und wer darf einen Vorschlag einbringen?","og_url":"https:\/\/www.ewigerbund.org\/sachsen\/landesverwaltung\/die-legislative\/","og_site_name":"K\u00f6nigreich Sachsen","article_modified_time":"2023-11-19T15:54:46+00:00","og_image":[{"width":1745,"height":989,"url":"https:\/\/www.ewigerbund.org\/sachsen\/wp-content\/uploads\/sites\/14\/2023\/09\/1915-Staendehaus-Schlossstrasse.jpg","type":"image\/jpeg"}],"twitter_card":"summary_large_image","twitter_misc":{"Gesch\u00e4tzte Lesezeit":"5\u00a0Minuten"},"schema":{"@context":"https:\/\/schema.org","@graph":[{"@type":"WebPage","@id":"https:\/\/www.ewigerbund.org\/sachsen\/landesverwaltung\/die-legislative\/","url":"https:\/\/www.ewigerbund.org\/sachsen\/landesverwaltung\/die-legislative\/","name":"Der Landtag. &#8226; K\u00f6nigreich Sachsen.","isPartOf":{"@id":"https:\/\/www.ewigerbund.org\/sachsen\/#website"},"primaryImageOfPage":{"@id":"https:\/\/www.ewigerbund.org\/sachsen\/landesverwaltung\/die-legislative\/#primaryimage"},"image":{"@id":"https:\/\/www.ewigerbund.org\/sachsen\/landesverwaltung\/die-legislative\/#primaryimage"},"thumbnailUrl":"https:\/\/www.ewigerbund.org\/sachsen\/wp-content\/uploads\/sites\/14\/2023\/09\/1915-Staendehaus-Schlossstrasse.jpg","datePublished":"2023-09-09T18:48:44+00:00","dateModified":"2023-11-19T15:54:46+00:00","description":"Die Legislative. Die St\u00e4nde. Der Gesetzgebungsprozess. Wie entstehen Gesetze im K\u00f6nigreich Sachsen und wer darf einen Vorschlag einbringen?","breadcrumb":{"@id":"https:\/\/www.ewigerbund.org\/sachsen\/landesverwaltung\/die-legislative\/#breadcrumb"},"inLanguage":"de","potentialAction":[{"@type":"ReadAction","target":["https:\/\/www.ewigerbund.org\/sachsen\/landesverwaltung\/die-legislative\/"]}]},{"@type":"ImageObject","inLanguage":"de","@id":"https:\/\/www.ewigerbund.org\/sachsen\/landesverwaltung\/die-legislative\/#primaryimage","url":"https:\/\/www.ewigerbund.org\/sachsen\/wp-content\/uploads\/sites\/14\/2023\/09\/1915-Staendehaus-Schlossstrasse.jpg","contentUrl":"https:\/\/www.ewigerbund.org\/sachsen\/wp-content\/uploads\/sites\/14\/2023\/09\/1915-Staendehaus-Schlossstrasse.jpg","width":1745,"height":989,"caption":"St\u00e4ndehaus des K\u00f6nigreich Sachsen 1915"},{"@type":"BreadcrumbList","@id":"https:\/\/www.ewigerbund.org\/sachsen\/landesverwaltung\/die-legislative\/#breadcrumb","itemListElement":[{"@type":"ListItem","position":1,"name":"Startseite.","item":"https:\/\/www.ewigerbund.org\/sachsen\/"},{"@type":"ListItem","position":2,"name":"Landesverwaltung.","item":"https:\/\/www.ewigerbund.org\/sachsen\/landesverwaltung\/"},{"@type":"ListItem","position":3,"name":"Der Landtag."}]},{"@type":"WebSite","@id":"https:\/\/www.ewigerbund.org\/sachsen\/#website","url":"https:\/\/www.ewigerbund.org\/sachsen\/","name":"K\u00f6nigreich Sachsen","description":"im ewigen Bund.","publisher":{"@id":"https:\/\/www.ewigerbund.org\/sachsen\/#organization"},"potentialAction":[{"@type":"SearchAction","target":{"@type":"EntryPoint","urlTemplate":"https:\/\/www.ewigerbund.org\/sachsen\/?s={search_term_string}"},"query-input":"required name=search_term_string"}],"inLanguage":"de"},{"@type":"Organization","@id":"https:\/\/www.ewigerbund.org\/sachsen\/#organization","name":"K\u00f6nigreich Sachsen","url":"https:\/\/www.ewigerbund.org\/sachsen\/","logo":{"@type":"ImageObject","inLanguage":"de","@id":"https:\/\/www.ewigerbund.org\/sachsen\/#\/schema\/logo\/image\/","url":"https:\/\/www.ewigerbund.org\/sachsen\/wp-content\/uploads\/sites\/14\/2022\/11\/cropped-2022-09-10-Logo-EB-Sachsen-Schutzzone_Schatten-transparent-1200px-1.png","contentUrl":"https:\/\/www.ewigerbund.org\/sachsen\/wp-content\/uploads\/sites\/14\/2022\/11\/cropped-2022-09-10-Logo-EB-Sachsen-Schutzzone_Schatten-transparent-1200px-1.png","width":1200,"height":1200,"caption":"K\u00f6nigreich Sachsen"},"image":{"@id":"https:\/\/www.ewigerbund.org\/sachsen\/#\/schema\/logo\/image\/"}}]}},"_links":{"self":[{"href":"https:\/\/www.ewigerbund.org\/sachsen\/wp-json\/wp\/v2\/pages\/2094","targetHints":{"allow":["GET"]}}],"collection":[{"href":"https:\/\/www.ewigerbund.org\/sachsen\/wp-json\/wp\/v2\/pages"}],"about":[{"href":"https:\/\/www.ewigerbund.org\/sachsen\/wp-json\/wp\/v2\/types\/page"}],"author":[{"embeddable":true,"href":"https:\/\/www.ewigerbund.org\/sachsen\/wp-json\/wp\/v2\/users\/1"}],"replies":[{"embeddable":true,"href":"https:\/\/www.ewigerbund.org\/sachsen\/wp-json\/wp\/v2\/comments?post=2094"}],"version-history":[{"count":26,"href":"https:\/\/www.ewigerbund.org\/sachsen\/wp-json\/wp\/v2\/pages\/2094\/revisions"}],"predecessor-version":[{"id":2526,"href":"https:\/\/www.ewigerbund.org\/sachsen\/wp-json\/wp\/v2\/pages\/2094\/revisions\/2526"}],"up":[{"embeddable":true,"href":"https:\/\/www.ewigerbund.org\/sachsen\/wp-json\/wp\/v2\/pages\/1726"}],"wp:featuredmedia":[{"embeddable":true,"href":"https:\/\/www.ewigerbund.org\/sachsen\/wp-json\/wp\/v2\/media\/2086"}],"wp:attachment":[{"href":"https:\/\/www.ewigerbund.org\/sachsen\/wp-json\/wp\/v2\/media?parent=2094"}],"wp:term":[{"taxonomy":"category","embeddable":true,"href":"https:\/\/www.ewigerbund.org\/sachsen\/wp-json\/wp\/v2\/categories?post=2094"},{"taxonomy":"post_tag","embeddable":true,"href":"https:\/\/www.ewigerbund.org\/sachsen\/wp-json\/wp\/v2\/tags?post=2094"}],"curies":[{"name":"wp","href":"https:\/\/api.w.org\/{rel}","templated":true}]}}