{"id":2070,"date":"2023-09-09T19:52:12","date_gmt":"2023-09-09T17:52:12","guid":{"rendered":"https:\/\/www.ewigerbund.org\/sachsen\/?page_id=2070"},"modified":"2023-11-19T18:12:45","modified_gmt":"2023-11-19T17:12:45","slug":"staatsoberhaupt","status":"publish","type":"page","link":"https:\/\/www.ewigerbund.org\/sachsen\/landesverwaltung\/staatsoberhaupt\/","title":{"rendered":"Staatsoberhaupt."},"content":{"rendered":"\n<h2 class=\"wp-block-heading\">Der K\u00f6nig als Staatsoberhaupt.<\/h2>\n\n\n\n<p>Der K\u00f6nig ist das <em>souver\u00e4ne Oberhaupt des Staates<\/em>. Er ben\u00f6tigt die Zustimmung der St\u00e4nde, wenn er Oberhaupt eines anderen Staates werden oder den Hauptaufenthalt au\u00dferhalb des Landes einnehmen m\u00f6chte. Die <em>Krone ist erblich im Mannesstamm<\/em> des s\u00e4chsischen F\u00fcrstenhauses, nach dem Recht der Erstgeburt und der agnatischen (m\u00e4nnliche Blutsverwandtschaft) Linealfolge mit Abstammung aus ebenb\u00fcrtiger Ehe. Bei Fehlen eines m\u00e4nnlichen Erben wird ausnahmsweise die weibliche Linie mit obigen Bedingungen gew\u00e4hlt.<\/p>\n\n\n\n<h3 class=\"wp-block-heading\">Stellung des K\u00f6nigs zur Staatsverfassung<em>.<\/em><\/h3>\n\n\n<div class=\"wp-block-image\">\n<figure class=\"aligncenter size-full\"><img loading=\"lazy\" decoding=\"async\" width=\"1745\" height=\"989\" src=\"https:\/\/www.ewigerbund.org\/sachsen\/wp-content\/uploads\/sites\/14\/2023\/09\/LT-Verfassung-1745x989px.jpg\" alt=\"Verfassung K\u00f6nigreich Sachsen\" class=\"wp-image-2076\" srcset=\"https:\/\/www.ewigerbund.org\/sachsen\/wp-content\/uploads\/sites\/14\/2023\/09\/LT-Verfassung-1745x989px.jpg 1745w, https:\/\/www.ewigerbund.org\/sachsen\/wp-content\/uploads\/sites\/14\/2023\/09\/LT-Verfassung-1745x989px-300x170.jpg 300w, https:\/\/www.ewigerbund.org\/sachsen\/wp-content\/uploads\/sites\/14\/2023\/09\/LT-Verfassung-1745x989px-1024x580.jpg 1024w, https:\/\/www.ewigerbund.org\/sachsen\/wp-content\/uploads\/sites\/14\/2023\/09\/LT-Verfassung-1745x989px-768x435.jpg 768w, https:\/\/www.ewigerbund.org\/sachsen\/wp-content\/uploads\/sites\/14\/2023\/09\/LT-Verfassung-1745x989px-1536x871.jpg 1536w\" sizes=\"auto, (max-width: 1745px) 100vw, 1745px\" \/><\/figure><\/div>\n\n\n<p>Der K\u00f6nig ist das souver\u00e4ne Oberhaupt des Staats, vereinigt in sich alle <strong>Rechte der Staatsgewalt<\/strong> und \u00fcbt sie unter den durch die Verfassung festgesetzten Bestimmungen aus.<sup><a href=\"#sdfootnote1sym\" id=\"sdfootnote1anc\"><sup>1<\/sup><\/a><\/sup><\/p>\n\n\n\n<p>Dem K\u00f6nig geb\u00fchrt die Staatsgewalt \u00fcber die Kirche (s. Kirchenhoheit), die Kirchengewalt \u00fcber die evang.-luth. Kirche, die Einberufung, der Schluss, die Vertagung und Aufl\u00f6sung der Kammern, die Vorlegung der Gesetzentw\u00fcrfe an die St\u00e4nde, ihre Zur\u00fccknahme w\u00e4hrend der st\u00e4ndischen Beratung, die Verk\u00fcndung der Gesetze und der Erlass der Vollzugsbestimmungen, die Entgegennahme von Beschwerden, die Anordnung schleuniger finanzieller Ma\u00dfregeln vorbehaltlich st\u00e4ndischer Genehmigung und die Sanktion aller auf Landesangelegenheiten bez\u00fcglichen Beschl\u00fcsse. <sup><a href=\"#sdfootnote2sym\" id=\"sdfootnote2anc\"><sup>2<\/sup><\/a><\/sup><\/p>\n\n\n\n<p>Die Person des K\u00f6nigs ist heilig und unverletzlich. <sup><a href=\"#sdfootnote3sym\" id=\"sdfootnote3anc\"><sup>3<\/sup><\/a><\/sup><\/p>\n\n\n\n<p>Der K\u00f6nig verspricht beim Regierungsantritt in Gegenwart des Gesamtministeriums und der Kammerpr\u00e4sidenten die Verfassung zu beobachten und zu sch\u00fctzen. <sup><a href=\"#sdfootnote4sym\" id=\"sdfootnote4anc\"><sup>4<\/sup><\/a><\/sup><\/p>\n\n\n\n<p>Alle vom K\u00f6nig vollzogenen Verf\u00fcgungen sind von dem beteiligten Minister zum Zeichen seiner Verantwortlichkeit gegenzuzeichnen.<sup><a href=\"#sdfootnote5sym\" id=\"sdfootnote5anc\"><sup>5<\/sup><\/a><\/sup><\/p>\n\n\n\n<p>Die weiteren Bestimmungen betreffend die Thronfolge, die Regierungsverwesung und den Regentschaftsrat.<\/p>\n\n\n\n<p>Als Haupt des k\u00f6niglichen Hauses \u00fcbt der K\u00f6nig die Aufsicht \u00fcber dessen Mitglieder nach Ma\u00dfgabe der Gesetze vom 30. Dez. 1837 <sup><a href=\"#sdfootnote6sym\" id=\"sdfootnote6anc\"><sup>6<\/sup><\/a><\/sup> und vom 20. Aug. 1879.<sup><a href=\"#sdfootnote7sym\" id=\"sdfootnote7anc\"><sup>7<\/sup><\/a><\/sup> Der K\u00f6nig wird vollj\u00e4hrig mit erreichtem 18. Lebensjahre. <sup><a href=\"#sdfootnote8sym\" id=\"sdfootnote8anc\"><sup>8<\/sup><\/a><\/sup><\/p>\n\n\n\n<p>Das Privateigentum des K\u00f6nigs besteht in demjenigen, was er vor der Thronbesteigung bereits besessen hat und was er w\u00e4hrend seiner Regierungszeit aus Privatrechtstiteln erwirbt. Soweit er hier\u00fcber nicht unter Lebenden oder auf den Todesfall verf\u00fcgt, w\u00e4chst es bei seinem Ableben dem k\u00f6niglichen Hausfideikommi\u00df zu. <sup><a id=\"sdfootnote9anc\" href=\"#sdfootnote9sym\"><sup>9<\/sup><\/a><\/sup><\/p>\n\n\n\n<p class=\"has-small-font-size\"><a id=\"sdfootnote1sym\" href=\"#sdfootnote1anc\">1<\/a> <a href=\"https:\/\/staatsbibliothek.ewigerbund.org\/viewer\/image\/binding_staatsgrundgesetze_heft_6\/21\/\" target=\"_blank\" rel=\"noreferrer noopener\">S\u00e4chsiche Verfassungsurkunde \u00a7 4<\/a> <br><a id=\"sdfootnote2sym\" href=\"#sdfootnote2anc\">2<\/a> S\u00e4chsische Verfassungsurkunde \u00a7 112<br><a id=\"sdfootnote3sym\" href=\"#sdfootnote3anc\">3<\/a> <a href=\"https:\/\/staatsbibliothek.ewigerbund.org\/viewer\/image\/binding_staatsgrundgesetze_heft_6\/21\/\" target=\"_blank\" rel=\"noreferrer noopener\">S\u00e4chsische Verfassungsurkunde \u00a7 4<\/a><br><a id=\"sdfootnote4sym\" href=\"#sdfootnote4anc\">4<\/a> S\u00e4chsische Verfassungsurkunde \u00a7 138<br><a id=\"sdfootnote5sym\" href=\"#sdfootnote5anc\">5<\/a> <a href=\"https:\/\/staatsbibliothek.ewigerbund.org\/viewer\/image\/binding_staatsgrundgesetze_heft_6\/33\/\" target=\"_blank\" rel=\"noreferrer noopener\">S\u00e4chsische Verfassungsurkunde \u00a7 43<\/a><br><a id=\"sdfootnote6sym\" href=\"#sdfootnote6anc\">6<\/a> <a href=\"https:\/\/staatsbibliothek.ewigerbund.org\/viewer\/image\/gvbl_sachsen_1838\/94\/\" target=\"_blank\" rel=\"noreferrer noopener\">Gesetz- und Verordnungsblatt f\u00fcr das K\u00f6nigreich Sachsen vom Jahre 1838. (4) S. 60<\/a><br><a id=\"sdfootnote7sym\" href=\"#sdfootnote7anc\">7<\/a> Ebenda S. 323<br><a id=\"sdfootnote8sym\" href=\"#sdfootnote8anc\">8<\/a> <a href=\"https:\/\/staatsbibliothek.ewigerbund.org\/viewer\/image\/binding_staatsgrundgesetze_heft_6\/103\/\" target=\"_blank\" rel=\"noreferrer noopener\">Hausgesetz \u00a7 61<\/a>, <a href=\"https:\/\/staatsbibliothek.ewigerbund.org\/viewer\/image\/binding_staatsgrundgesetze_heft_6\/22\/#topDocAnchor\" target=\"_blank\" rel=\"noreferrer noopener\">S\u00e4chsische Verfassungsurkunde \u00a7 8<\/a>, Roees vom 17. Febr. 1875 S. 71 \u00a7 2<br><a id=\"sdfootnote9sym\" href=\"#sdfootnote9anc\">9<\/a> Gesetz vom 13. April 1888 S. 109, 111<\/p>\n\n\n\n<div style=\"height:40px\" aria-hidden=\"true\" class=\"wp-block-spacer\"><\/div>\n\n\n\n<h2 class=\"wp-block-heading\"><strong>Aufgaben des K\u00f6nigs<\/strong>.<\/h2>\n\n\n\n<p>Dem Monarchen steht die vollziehende Gewalt zu (Exekutive). <br>Dabei wird der K\u00f6nig unmittelbar durch die Verfassung des Staates zu seiner Stellung berufen. Er erl\u00e4\u00dft und promulgiert (wird durch Ver\u00f6ffentlichung in Kraft gesetzt) die Gesetze, mit Bezug auf die erfolgte Zustimmung der St\u00e4nde.<sup><a id=\"sdfootnote1anc\" href=\"#sdfootnote1sym\"><sup>1<\/sup><\/a><\/sup><\/p>\n\n\n\n<p>Der K\u00f6nig hat mindestens alle zwei Jahre einen ordentlichen Landtag einzuberufen und au\u00dferordentliche, so oft es die Gesetzgebungs- oder andere dringende Angelegenheiten erfordern.<sup><a id=\"sdfootnote2anc\" href=\"#sdfootnote2sym\"><sup>2<\/sup><\/a><\/sup><\/p>\n\n\n\n<p>Der K\u00f6nig er\u00f6ffnet und entl\u00e4\u00dft die St\u00e4ndeversammlung entweder in eigener Person, oder durch einen dazu bevollm\u00e4chtigten Vertreter.<sup><a id=\"sdfootnote3anc\" href=\"#sdfootnote3sym\"><sup>3<\/sup><\/a><\/sup><\/p>\n\n\n\n<p>Der K\u00f6nig ernennt Mitglieder der ersten Kammer der St\u00e4ndeversammlung auf Lebzeit. Der Pr\u00e4sident der ersten Kammer wird vom K\u00f6nig aus der Mitte der Herrschafts- und Rittergutsbesitzer gew\u00e4hlt und darf nicht im Ausland wohnen.<sup><a id=\"sdfootnote4anc\" href=\"#sdfootnote4sym\"><sup>4<\/sup><\/a><\/sup><\/p>\n\n\n\n<p>In Friedenszeiten ist der K\u00f6nig Befehlshaber der s\u00e4chsischen Armee. Reichsverfassungsm\u00e4\u00dfig besteht eine Kontingentsherrlichkeit, Anstellung der Offiziere und Milit\u00e4rbeamten. Die Truppen haben den Eid auf den K\u00f6nig und zugleich dem Deutschen Kaiser zu leisten.<sup><a id=\"sdfootnote5anc\" href=\"#sdfootnote5sym\"><sup> <\/sup><\/a><\/sup>Friedrich August III. war der erste S\u00e4chsische Prinz der diesen Eid leistete.<\/p>\n\n\n\n<p>Die Minister werden vom K\u00f6nig frei ernannt und entlassen, sie haben den Charakter staatlicher Organe, denn sie werden im Namen und als Repr\u00e4sentanten des Staates t\u00e4tig, der Landtag hat auf die Ministerernennung keinen rechtlichen Einflu\u00df. Gesetze werden vor der Ver\u00f6ffentlichung vom K\u00f6nig unterzeichnet, mit Gegenzeichnung der entsprechenden Minister die dann die Verantwortung \u00fcbernehmen.<sup><a id=\"sdfootnote6anc\" href=\"#sdfootnote6sym\"><sup>5<\/sup><\/a><\/sup><\/p>\n\n\n\n<p>Dem K\u00f6nig steht das Aufsichts- und Disziplinarrecht \u00fcber die Mitglieder des k\u00f6niglichen Hauses, laut Verfassung und Hausgesetz zu. Der Eheschlie\u00dfung des Prinzen und Prinzessinnen, mu\u00df die k\u00f6nigliche Einwilligung vorangehen, sonst ist die Ehe ung\u00fcltig und die Nachkommenschaft ist nicht successionsf\u00e4hig (Thronfolgeberechtigt), es geht um das Fortbestehen des Staates. Auch seine eigene Eheschlie\u00dfung, sowie die Zeugung von Kindern und des m\u00e4nnlichen Nachkommen, bedeutet Sicherheit und Fortbestehen f\u00fcr Staat und Volk.<sup><a id=\"sdfootnote7anc\" href=\"#sdfootnote7sym\"><sup>6<\/sup><\/a><\/sup><\/p>\n\n\n\n<p class=\"has-small-font-size\"><a id=\"sdfootnote1sym\" href=\"#sdfootnote1anc\">1<\/a> <a href=\"https:\/\/staatsbibliothek.ewigerbund.org\/viewer\/image\/binding_staatsgrundgesetze_heft_6\/55\/\" target=\"_blank\" rel=\"noreferrer noopener\">S\u00e4chsische Verfassung \u00a7\u00a7 86\/87<\/a><br><a id=\"sdfootnote2sym\" href=\"#sdfootnote2anc\">2<\/a> <a href=\"https:\/\/staatsbibliothek.ewigerbund.org\/viewer\/image\/binding_staatsgrundgesetze_heft_6\/67\/\" target=\"_blank\" rel=\"noreferrer noopener\">S\u00e4chsische Verfassung \u00a7 115<\/a><br><a id=\"sdfootnote3sym\" href=\"#sdfootnote3anc\">3<\/a> <a href=\"https:\/\/staatsbibliothek.ewigerbund.org\/viewer\/image\/binding_staatsgrundgesetze_heft_6\/67\/\" target=\"_blank\" rel=\"noreferrer noopener\">S\u00e4chsische Verfassung \u00a7 117<\/a><br><a id=\"sdfootnote4sym\" href=\"#sdfootnote4anc\">4<\/a> <a href=\"https:\/\/staatsbibliothek.ewigerbund.org\/viewer\/image\/binding_staatsgrundgesetze_heft_6\/38\/\" target=\"_blank\" rel=\"noreferrer noopener\">S\u00e4chsische Verfassung \u00a7 63, Pkt. 13, 16, 17<\/a> und <a href=\"https:\/\/staatsbibliothek.ewigerbund.org\/viewer\/image\/binding_staatsgrundgesetze_heft_6\/41\/\" target=\"_blank\" rel=\"noreferrer noopener\">\u00a7 67<\/a><br><a id=\"sdfootnote6sym\" href=\"#sdfootnote6anc\">5<\/a> <a href=\"https:\/\/staatsbibliothek.ewigerbund.org\/viewer\/image\/fricker_staatsrecht_sachsen_1891\/118\/\" target=\"_blank\" rel=\"noreferrer noopener\">Bazille, Reichs- und Landesverfassung 1906<\/a>, Seite 87, III. Die Regierungsrechte des Monarchen, <a href=\"https:\/\/staatsbibliothek.ewigerbund.org\/viewer\/image\/binding_staatsgrundgesetze_heft_6\/33\/\" target=\"_blank\" rel=\"noreferrer noopener\">S\u00e4chsische Verfassung \u00a7 42<\/a><br><a id=\"sdfootnote7sym\" href=\"#sdfootnote7anc\">6<\/a> <a href=\"https:\/\/staatsbibliothek.ewigerbund.org\/viewer\/image\/binding_staatsgrundgesetze_heft_6\/21\/\">S\u00e4chsische Verfassung \u00a7\u00a7 4, 6<\/a>; <a href=\"https:\/\/staatsbibliothek.ewigerbund.org\/viewer\/image\/binding_staatsgrundgesetze_heft_6\/94\/\" target=\"_blank\" rel=\"noreferrer noopener\">Hausgesetz \u00a7 8<\/a><\/p>\n\n\n\n<hr class=\"wp-block-separator has-alpha-channel-opacity is-style-dots\"\/>\n\n\n\n<p><strong>Quellangaben und Verweise.<\/strong><\/p>\n\n\n\n<p><sub>Aus <a href=\"https:\/\/staatsbibliothek.ewigerbund.org\/viewer\/image\/binding_staatsgrundgesetze_heft_6\/22\/#topDocAnchor\" target=\"_blank\" rel=\"noreferrer noopener\">Deutsche Staatsgrundgesetze. Heft 6. Verfassungsurkunde des K\u00f6nigreichs Sachsen. Vom 4. September 1831<\/a>.<br>Aus <a href=\"https:\/\/staatsbibliothek.ewigerbund.org\/ppnresolver?id=staatshandbuch_sachsen_1914\" target=\"_blank\" rel=\"noreferrer noopener\">Staatshandbuch f\u00fcr das K\u00f6nigreich Sachsen auf das Jahr 1914<\/a>.<\/sub><\/p>\n","protected":false},"excerpt":{"rendered":"<p>Der K\u00f6nig als Staatsoberhaupt. Der K\u00f6nig ist das souver\u00e4ne Oberhaupt des Staates. Er ben\u00f6tigt die Zustimmung der St\u00e4nde, wenn er Oberhaupt eines anderen Staates werden oder den Hauptaufenthalt au\u00dferhalb des Landes einnehmen m\u00f6chte. Die Krone ist erblich im Mannesstamm des s\u00e4chsischen F\u00fcrstenhauses, nach dem Recht der Erstgeburt und der agnatischen (m\u00e4nnliche Blutsverwandtschaft) Linealfolge mit Abstammung &#8230; <a title=\"Staatsoberhaupt.\" class=\"read-more\" href=\"https:\/\/www.ewigerbund.org\/sachsen\/landesverwaltung\/staatsoberhaupt\/\" aria-label=\"Mehr zu Staatsoberhaupt.\">Weiterlesen &#8230;<\/a><\/p>\n","protected":false},"author":1,"featured_media":2076,"parent":1726,"menu_order":1,"comment_status":"closed","ping_status":"closed","template":"","meta":{"footnotes":""},"categories":[252],"tags":[342,311],"class_list":{"0":"post-2070","1":"page","2":"type-page","3":"status-publish","4":"has-post-thumbnail","6":"category-landesverwaltung-2","7":"tag-koenig","8":"tag-regierung"},"yoast_head":"<!-- This site is optimized with the Yoast SEO plugin v23.1 - https:\/\/yoast.com\/wordpress\/plugins\/seo\/ -->\n<title>Staatsoberhaupt. &#8226; K\u00f6nigreich Sachsen.<\/title>\n<meta name=\"description\" content=\"Das Staatsoberhaupt des S\u00e4chsischen K\u00f6nigreichs ist der K\u00f6nig. Wie ist seine Stellung zur Verfassung und was sind seine Aufgaben.\" \/>\n<meta name=\"robots\" content=\"index, follow, max-snippet:-1, max-image-preview:large, max-video-preview:-1\" \/>\n<link rel=\"canonical\" href=\"https:\/\/www.ewigerbund.org\/sachsen\/landesverwaltung\/staatsoberhaupt\/\" \/>\n<meta property=\"og:locale\" content=\"de_DE\" \/>\n<meta property=\"og:type\" content=\"article\" \/>\n<meta property=\"og:title\" content=\"Staatsoberhaupt. &#8226; K\u00f6nigreich Sachsen.\" \/>\n<meta property=\"og:description\" content=\"Das Staatsoberhaupt des S\u00e4chsischen K\u00f6nigreichs ist der K\u00f6nig. Wie ist seine Stellung zur Verfassung und was sind seine Aufgaben.\" \/>\n<meta property=\"og:url\" content=\"https:\/\/www.ewigerbund.org\/sachsen\/landesverwaltung\/staatsoberhaupt\/\" \/>\n<meta property=\"og:site_name\" content=\"K\u00f6nigreich Sachsen\" \/>\n<meta property=\"article:modified_time\" content=\"2023-11-19T17:12:45+00:00\" \/>\n<meta property=\"og:image\" content=\"https:\/\/www.ewigerbund.org\/sachsen\/wp-content\/uploads\/sites\/14\/2023\/09\/LT-Verfassung-1745x989px.jpg\" \/>\n\t<meta property=\"og:image:width\" content=\"1745\" \/>\n\t<meta property=\"og:image:height\" content=\"989\" \/>\n\t<meta property=\"og:image:type\" content=\"image\/jpeg\" \/>\n<meta name=\"twitter:card\" content=\"summary_large_image\" \/>\n<meta name=\"twitter:label1\" content=\"Gesch\u00e4tzte Lesezeit\" \/>\n\t<meta name=\"twitter:data1\" content=\"5\u00a0Minuten\" \/>\n<script type=\"application\/ld+json\" class=\"yoast-schema-graph\">{\"@context\":\"https:\/\/schema.org\",\"@graph\":[{\"@type\":\"WebPage\",\"@id\":\"https:\/\/www.ewigerbund.org\/sachsen\/landesverwaltung\/staatsoberhaupt\/\",\"url\":\"https:\/\/www.ewigerbund.org\/sachsen\/landesverwaltung\/staatsoberhaupt\/\",\"name\":\"Staatsoberhaupt. &#8226; K\u00f6nigreich Sachsen.\",\"isPartOf\":{\"@id\":\"https:\/\/www.ewigerbund.org\/sachsen\/#website\"},\"primaryImageOfPage\":{\"@id\":\"https:\/\/www.ewigerbund.org\/sachsen\/landesverwaltung\/staatsoberhaupt\/#primaryimage\"},\"image\":{\"@id\":\"https:\/\/www.ewigerbund.org\/sachsen\/landesverwaltung\/staatsoberhaupt\/#primaryimage\"},\"thumbnailUrl\":\"https:\/\/www.ewigerbund.org\/sachsen\/wp-content\/uploads\/sites\/14\/2023\/09\/LT-Verfassung-1745x989px.jpg\",\"datePublished\":\"2023-09-09T17:52:12+00:00\",\"dateModified\":\"2023-11-19T17:12:45+00:00\",\"description\":\"Das Staatsoberhaupt des S\u00e4chsischen K\u00f6nigreichs ist der K\u00f6nig. Wie ist seine Stellung zur Verfassung und was sind seine Aufgaben.\",\"breadcrumb\":{\"@id\":\"https:\/\/www.ewigerbund.org\/sachsen\/landesverwaltung\/staatsoberhaupt\/#breadcrumb\"},\"inLanguage\":\"de\",\"potentialAction\":[{\"@type\":\"ReadAction\",\"target\":[\"https:\/\/www.ewigerbund.org\/sachsen\/landesverwaltung\/staatsoberhaupt\/\"]}]},{\"@type\":\"ImageObject\",\"inLanguage\":\"de\",\"@id\":\"https:\/\/www.ewigerbund.org\/sachsen\/landesverwaltung\/staatsoberhaupt\/#primaryimage\",\"url\":\"https:\/\/www.ewigerbund.org\/sachsen\/wp-content\/uploads\/sites\/14\/2023\/09\/LT-Verfassung-1745x989px.jpg\",\"contentUrl\":\"https:\/\/www.ewigerbund.org\/sachsen\/wp-content\/uploads\/sites\/14\/2023\/09\/LT-Verfassung-1745x989px.jpg\",\"width\":1745,\"height\":989,\"caption\":\"Verfassung K\u00f6nigreich Sachsen\"},{\"@type\":\"BreadcrumbList\",\"@id\":\"https:\/\/www.ewigerbund.org\/sachsen\/landesverwaltung\/staatsoberhaupt\/#breadcrumb\",\"itemListElement\":[{\"@type\":\"ListItem\",\"position\":1,\"name\":\"Startseite.\",\"item\":\"https:\/\/www.ewigerbund.org\/sachsen\/\"},{\"@type\":\"ListItem\",\"position\":2,\"name\":\"Landesverwaltung.\",\"item\":\"https:\/\/www.ewigerbund.org\/sachsen\/landesverwaltung\/\"},{\"@type\":\"ListItem\",\"position\":3,\"name\":\"Staatsoberhaupt.\"}]},{\"@type\":\"WebSite\",\"@id\":\"https:\/\/www.ewigerbund.org\/sachsen\/#website\",\"url\":\"https:\/\/www.ewigerbund.org\/sachsen\/\",\"name\":\"K\u00f6nigreich Sachsen\",\"description\":\"im ewigen Bund.\",\"publisher\":{\"@id\":\"https:\/\/www.ewigerbund.org\/sachsen\/#organization\"},\"potentialAction\":[{\"@type\":\"SearchAction\",\"target\":{\"@type\":\"EntryPoint\",\"urlTemplate\":\"https:\/\/www.ewigerbund.org\/sachsen\/?s={search_term_string}\"},\"query-input\":\"required name=search_term_string\"}],\"inLanguage\":\"de\"},{\"@type\":\"Organization\",\"@id\":\"https:\/\/www.ewigerbund.org\/sachsen\/#organization\",\"name\":\"K\u00f6nigreich Sachsen\",\"url\":\"https:\/\/www.ewigerbund.org\/sachsen\/\",\"logo\":{\"@type\":\"ImageObject\",\"inLanguage\":\"de\",\"@id\":\"https:\/\/www.ewigerbund.org\/sachsen\/#\/schema\/logo\/image\/\",\"url\":\"https:\/\/www.ewigerbund.org\/sachsen\/wp-content\/uploads\/sites\/14\/2022\/11\/cropped-2022-09-10-Logo-EB-Sachsen-Schutzzone_Schatten-transparent-1200px-1.png\",\"contentUrl\":\"https:\/\/www.ewigerbund.org\/sachsen\/wp-content\/uploads\/sites\/14\/2022\/11\/cropped-2022-09-10-Logo-EB-Sachsen-Schutzzone_Schatten-transparent-1200px-1.png\",\"width\":1200,\"height\":1200,\"caption\":\"K\u00f6nigreich Sachsen\"},\"image\":{\"@id\":\"https:\/\/www.ewigerbund.org\/sachsen\/#\/schema\/logo\/image\/\"}}]}<\/script>\n<!-- \/ Yoast SEO plugin. -->","yoast_head_json":{"title":"Staatsoberhaupt. &#8226; K\u00f6nigreich Sachsen.","description":"Das Staatsoberhaupt des S\u00e4chsischen K\u00f6nigreichs ist der K\u00f6nig. Wie ist seine Stellung zur Verfassung und was sind seine Aufgaben.","robots":{"index":"index","follow":"follow","max-snippet":"max-snippet:-1","max-image-preview":"max-image-preview:large","max-video-preview":"max-video-preview:-1"},"canonical":"https:\/\/www.ewigerbund.org\/sachsen\/landesverwaltung\/staatsoberhaupt\/","og_locale":"de_DE","og_type":"article","og_title":"Staatsoberhaupt. &#8226; K\u00f6nigreich Sachsen.","og_description":"Das Staatsoberhaupt des S\u00e4chsischen K\u00f6nigreichs ist der K\u00f6nig. Wie ist seine Stellung zur Verfassung und was sind seine Aufgaben.","og_url":"https:\/\/www.ewigerbund.org\/sachsen\/landesverwaltung\/staatsoberhaupt\/","og_site_name":"K\u00f6nigreich Sachsen","article_modified_time":"2023-11-19T17:12:45+00:00","og_image":[{"width":1745,"height":989,"url":"https:\/\/www.ewigerbund.org\/sachsen\/wp-content\/uploads\/sites\/14\/2023\/09\/LT-Verfassung-1745x989px.jpg","type":"image\/jpeg"}],"twitter_card":"summary_large_image","twitter_misc":{"Gesch\u00e4tzte Lesezeit":"5\u00a0Minuten"},"schema":{"@context":"https:\/\/schema.org","@graph":[{"@type":"WebPage","@id":"https:\/\/www.ewigerbund.org\/sachsen\/landesverwaltung\/staatsoberhaupt\/","url":"https:\/\/www.ewigerbund.org\/sachsen\/landesverwaltung\/staatsoberhaupt\/","name":"Staatsoberhaupt. &#8226; K\u00f6nigreich Sachsen.","isPartOf":{"@id":"https:\/\/www.ewigerbund.org\/sachsen\/#website"},"primaryImageOfPage":{"@id":"https:\/\/www.ewigerbund.org\/sachsen\/landesverwaltung\/staatsoberhaupt\/#primaryimage"},"image":{"@id":"https:\/\/www.ewigerbund.org\/sachsen\/landesverwaltung\/staatsoberhaupt\/#primaryimage"},"thumbnailUrl":"https:\/\/www.ewigerbund.org\/sachsen\/wp-content\/uploads\/sites\/14\/2023\/09\/LT-Verfassung-1745x989px.jpg","datePublished":"2023-09-09T17:52:12+00:00","dateModified":"2023-11-19T17:12:45+00:00","description":"Das Staatsoberhaupt des S\u00e4chsischen K\u00f6nigreichs ist der K\u00f6nig. Wie ist seine Stellung zur Verfassung und was sind seine Aufgaben.","breadcrumb":{"@id":"https:\/\/www.ewigerbund.org\/sachsen\/landesverwaltung\/staatsoberhaupt\/#breadcrumb"},"inLanguage":"de","potentialAction":[{"@type":"ReadAction","target":["https:\/\/www.ewigerbund.org\/sachsen\/landesverwaltung\/staatsoberhaupt\/"]}]},{"@type":"ImageObject","inLanguage":"de","@id":"https:\/\/www.ewigerbund.org\/sachsen\/landesverwaltung\/staatsoberhaupt\/#primaryimage","url":"https:\/\/www.ewigerbund.org\/sachsen\/wp-content\/uploads\/sites\/14\/2023\/09\/LT-Verfassung-1745x989px.jpg","contentUrl":"https:\/\/www.ewigerbund.org\/sachsen\/wp-content\/uploads\/sites\/14\/2023\/09\/LT-Verfassung-1745x989px.jpg","width":1745,"height":989,"caption":"Verfassung K\u00f6nigreich Sachsen"},{"@type":"BreadcrumbList","@id":"https:\/\/www.ewigerbund.org\/sachsen\/landesverwaltung\/staatsoberhaupt\/#breadcrumb","itemListElement":[{"@type":"ListItem","position":1,"name":"Startseite.","item":"https:\/\/www.ewigerbund.org\/sachsen\/"},{"@type":"ListItem","position":2,"name":"Landesverwaltung.","item":"https:\/\/www.ewigerbund.org\/sachsen\/landesverwaltung\/"},{"@type":"ListItem","position":3,"name":"Staatsoberhaupt."}]},{"@type":"WebSite","@id":"https:\/\/www.ewigerbund.org\/sachsen\/#website","url":"https:\/\/www.ewigerbund.org\/sachsen\/","name":"K\u00f6nigreich Sachsen","description":"im ewigen Bund.","publisher":{"@id":"https:\/\/www.ewigerbund.org\/sachsen\/#organization"},"potentialAction":[{"@type":"SearchAction","target":{"@type":"EntryPoint","urlTemplate":"https:\/\/www.ewigerbund.org\/sachsen\/?s={search_term_string}"},"query-input":"required name=search_term_string"}],"inLanguage":"de"},{"@type":"Organization","@id":"https:\/\/www.ewigerbund.org\/sachsen\/#organization","name":"K\u00f6nigreich Sachsen","url":"https:\/\/www.ewigerbund.org\/sachsen\/","logo":{"@type":"ImageObject","inLanguage":"de","@id":"https:\/\/www.ewigerbund.org\/sachsen\/#\/schema\/logo\/image\/","url":"https:\/\/www.ewigerbund.org\/sachsen\/wp-content\/uploads\/sites\/14\/2022\/11\/cropped-2022-09-10-Logo-EB-Sachsen-Schutzzone_Schatten-transparent-1200px-1.png","contentUrl":"https:\/\/www.ewigerbund.org\/sachsen\/wp-content\/uploads\/sites\/14\/2022\/11\/cropped-2022-09-10-Logo-EB-Sachsen-Schutzzone_Schatten-transparent-1200px-1.png","width":1200,"height":1200,"caption":"K\u00f6nigreich Sachsen"},"image":{"@id":"https:\/\/www.ewigerbund.org\/sachsen\/#\/schema\/logo\/image\/"}}]}},"_links":{"self":[{"href":"https:\/\/www.ewigerbund.org\/sachsen\/wp-json\/wp\/v2\/pages\/2070","targetHints":{"allow":["GET"]}}],"collection":[{"href":"https:\/\/www.ewigerbund.org\/sachsen\/wp-json\/wp\/v2\/pages"}],"about":[{"href":"https:\/\/www.ewigerbund.org\/sachsen\/wp-json\/wp\/v2\/types\/page"}],"author":[{"embeddable":true,"href":"https:\/\/www.ewigerbund.org\/sachsen\/wp-json\/wp\/v2\/users\/1"}],"replies":[{"embeddable":true,"href":"https:\/\/www.ewigerbund.org\/sachsen\/wp-json\/wp\/v2\/comments?post=2070"}],"version-history":[{"count":19,"href":"https:\/\/www.ewigerbund.org\/sachsen\/wp-json\/wp\/v2\/pages\/2070\/revisions"}],"predecessor-version":[{"id":2269,"href":"https:\/\/www.ewigerbund.org\/sachsen\/wp-json\/wp\/v2\/pages\/2070\/revisions\/2269"}],"up":[{"embeddable":true,"href":"https:\/\/www.ewigerbund.org\/sachsen\/wp-json\/wp\/v2\/pages\/1726"}],"wp:featuredmedia":[{"embeddable":true,"href":"https:\/\/www.ewigerbund.org\/sachsen\/wp-json\/wp\/v2\/media\/2076"}],"wp:attachment":[{"href":"https:\/\/www.ewigerbund.org\/sachsen\/wp-json\/wp\/v2\/media?parent=2070"}],"wp:term":[{"taxonomy":"category","embeddable":true,"href":"https:\/\/www.ewigerbund.org\/sachsen\/wp-json\/wp\/v2\/categories?post=2070"},{"taxonomy":"post_tag","embeddable":true,"href":"https:\/\/www.ewigerbund.org\/sachsen\/wp-json\/wp\/v2\/tags?post=2070"}],"curies":[{"name":"wp","href":"https:\/\/api.w.org\/{rel}","templated":true}]}}