{"id":1982,"date":"2023-08-03T18:07:30","date_gmt":"2023-08-03T16:07:30","guid":{"rendered":"https:\/\/www.ewigerbund.org\/sachsen\/?page_id=1982"},"modified":"2023-08-03T18:17:31","modified_gmt":"2023-08-03T16:17:31","slug":"sachsen-oestlich-der-elbe","status":"publish","type":"page","link":"https:\/\/www.ewigerbund.org\/sachsen\/koenigreich-sachsen\/geografie\/landschaften\/sachsen-oestlich-der-elbe\/","title":{"rendered":"Sachsen \u00f6stlich der Elbe."},"content":{"rendered":"\n<p>Ein Teil des Lausitzer Gebirges, das Zittauer Gebirge, zieht sich als Grenzgebirge an der s\u00e4chsischen Grenze zu B\u00f6hmen s\u00fcd\u00f6stlich von Zittau hin. Es besteht aus Sandstein und zeigt die zerkl\u00fcfteten Formen \u00e4hnlich des Elbsandsteingebirges. Der ber\u00fchmteste der Zittauer Berge ist der sagenumwobene Oybin mit 513 Meter H\u00f6he, ein Sandsteinberg in der Form eines Bienenkorbes. N\u00f6rdlich von Zittau entstand durch geologischen Abbruch des Sandsteins das Zittauer Becken, in dem sich \u00e4hnlich wie in der n\u00f6rdlichen Tiefebene im Westen Braunkohle gebildet hat. Die Fl\u00fcsse Nei\u00dfe und Mandau flie\u00dfen durch dieses Becken. Um Zittau findet man Gartenbau sowie Gem\u00fcseanbau. Neben der Bedeutung als Handelsstadt gibt es in Zittau Maschinen- und Fahrradfabrikation, Spinnerei und Weberei.<\/p>\n\n\n\n<p>N\u00f6rdlich vom <strong>Zittauer Gebirge<\/strong> und nord\u00f6stlich vom Elbsandsteingebirge liegt das <strong>Lausitzer Berg- und Tiefland<\/strong>. Hier gedeiht auf Grund des fruchtbaren Bodens der Ackerbau. Am besten ist dies der Fall in der sogenannten Klosterpflege, dem Lande um Kloster Marienstern herum, wo der Boden aus einer dicken L\u00f6\u00dfschicht besteht. Der Usprung des Namens Lausitz liegt in der wendischen Sprache und bedeutet Sumpfland. Das findet man besonders n\u00f6rdlich von Bautzen, der Hauptstadt und Sitz der h\u00f6chsten Beh\u00f6rden der Lausitz. Unser Vaterland Sachsen war lange Zeit von den Sorben oder Wenden bewohnt. Die St\u00e4dte Dresden, Leipzig, Chemnitz und viele andere waren ehemals wendische D\u00f6rfer. Vor ungef\u00e4hr 1000 Jahren aber wurden die Wenden von den Deutschen besiegt und unterworfen. Ein Rest von ihnen hat sich in der Lausitz erhalten.<\/p>\n\n\n\n<p>Im Norden der Lausitz bilden die gro\u00dfen, sich lang dahinziehenden Weberd\u00f6rfer in der Mitte und noch mehr im S\u00fcden, wie Cunewalde, Ebersbach, Eibau, Neugersdorf, Gro\u00dfsch\u00f6nau u. a. Fr\u00fcher wurde hier \u00fcberall Hausweberei betrieben. Fr\u00fcher noch als die Leinenweberei bl\u00fchte in der Lausitz die Tuchmacherei in den St\u00e4dten. Noch heute ist die Tuchfabrikation bedeutend in Zittau, Bautzen, Bischofswerda, Kamenz (Geburtsstadt des Dichters Lessing) und Gro\u00dfenhain.<\/p>\n\n\n\n<div style=\"height:40px\" aria-hidden=\"true\" class=\"wp-block-spacer\"><\/div>\n\n\n<div class=\"gb-button-wrapper gb-button-wrapper-40cdb1ed\">\n\n<a class=\"gb-button gb-button-f28a4d04\" href=\"javascript:history.back();\"><span class=\"gb-icon\"><svg aria-hidden=\"true\" role=\"img\" height=\"1em\" width=\"1em\" viewBox=\"0 0 256 512\" xmlns=\"http:\/\/www.w3.org\/2000\/svg\"><path fill=\"currentColor\" d=\"M31.7 239l136-136c9.4-9.4 24.6-9.4 33.9 0l22.6 22.6c9.4 9.4 9.4 24.6 0 33.9L127.9 256l96.4 96.4c9.4 9.4 9.4 24.6 0 33.9L201.7 409c-9.4 9.4-24.6 9.4-33.9 0l-136-136c-9.5-9.4-9.5-24.6-.1-34z\"><\/path><\/svg><\/span><span class=\"gb-button-text\">Zur\u00fcck<\/span><\/a>\n\n<\/div>\n\n\n<hr class=\"wp-block-separator has-alpha-channel-opacity is-style-dots\"\/>\n\n\n\n<p><strong>Quellenangaben und Verweise.<\/strong><br><sub>Aus: Landeskunde des K\u00f6nigreichs Sachsen von Dr. j. Zemmrich, Leipzig 1905, C. J. G\u00f6schen\u2019sche Verlagshandlung.<br>Quelle: <a href=\"https:\/\/staatsbibliothek.ewigerbund.org\/viewer\/image\/zemmrich_landeskunde_sachsen_1905\/5\/\" target=\"_blank\" rel=\"noreferrer noopener\">https:\/\/staatsbibliothek.ewigerbund.org\/viewer\/image\/zemmrich_landeskunde_sachsen_1905\/5\/<\/a><\/sub><\/p>\n","protected":false},"excerpt":{"rendered":"<p>Ein Teil des Lausitzer Gebirges, das Zittauer Gebirge, zieht sich als Grenzgebirge an der s\u00e4chsischen Grenze zu B\u00f6hmen s\u00fcd\u00f6stlich von Zittau hin. Es besteht aus Sandstein und zeigt die zerkl\u00fcfteten Formen \u00e4hnlich des Elbsandsteingebirges. Der ber\u00fchmteste der Zittauer Berge ist der sagenumwobene Oybin mit 513 Meter H\u00f6he, ein Sandsteinberg in der Form eines Bienenkorbes. N\u00f6rdlich &#8230; <a title=\"Sachsen \u00f6stlich der Elbe.\" class=\"read-more\" href=\"https:\/\/www.ewigerbund.org\/sachsen\/koenigreich-sachsen\/geografie\/landschaften\/sachsen-oestlich-der-elbe\/\" aria-label=\"Mehr zu Sachsen \u00f6stlich der Elbe.\">Weiterlesen &#8230;<\/a><\/p>\n","protected":false},"author":1,"featured_media":1884,"parent":392,"menu_order":0,"comment_status":"closed","ping_status":"closed","template":"","meta":{"footnotes":""},"categories":[15,249],"tags":[],"class_list":{"0":"post-1982","1":"page","2":"type-page","3":"status-publish","4":"has-post-thumbnail","6":"category-geografie","7":"category-koenigreich-sachsen"},"yoast_head":"<!-- This site is optimized with the Yoast SEO plugin v23.1 - https:\/\/yoast.com\/wordpress\/plugins\/seo\/ -->\n<title>Sachsen \u00f6stlich der Elbe. &#8226; K\u00f6nigreich Sachsen.<\/title>\n<meta name=\"robots\" content=\"index, follow, max-snippet:-1, max-image-preview:large, max-video-preview:-1\" \/>\n<link rel=\"canonical\" href=\"https:\/\/www.ewigerbund.org\/sachsen\/koenigreich-sachsen\/geografie\/landschaften\/sachsen-oestlich-der-elbe\/\" \/>\n<meta property=\"og:locale\" content=\"de_DE\" \/>\n<meta property=\"og:type\" content=\"article\" \/>\n<meta property=\"og:title\" content=\"Sachsen \u00f6stlich der Elbe. &#8226; K\u00f6nigreich Sachsen.\" \/>\n<meta property=\"og:description\" content=\"Ein Teil des Lausitzer Gebirges, das Zittauer Gebirge, zieht sich als Grenzgebirge an der s\u00e4chsischen Grenze zu B\u00f6hmen s\u00fcd\u00f6stlich von Zittau hin. Es besteht aus Sandstein und zeigt die zerkl\u00fcfteten Formen \u00e4hnlich des Elbsandsteingebirges. Der ber\u00fchmteste der Zittauer Berge ist der sagenumwobene Oybin mit 513 Meter H\u00f6he, ein Sandsteinberg in der Form eines Bienenkorbes. N\u00f6rdlich ... Weiterlesen ...\" \/>\n<meta property=\"og:url\" content=\"https:\/\/www.ewigerbund.org\/sachsen\/koenigreich-sachsen\/geografie\/landschaften\/sachsen-oestlich-der-elbe\/\" \/>\n<meta property=\"og:site_name\" content=\"K\u00f6nigreich Sachsen\" \/>\n<meta property=\"article:modified_time\" content=\"2023-08-03T16:17:31+00:00\" \/>\n<meta property=\"og:image\" content=\"https:\/\/www.ewigerbund.org\/sachsen\/wp-content\/uploads\/sites\/14\/2023\/07\/GEO-OestlichElbe-WZ-1745x989px.jpg\" \/>\n\t<meta property=\"og:image:width\" content=\"1745\" \/>\n\t<meta property=\"og:image:height\" content=\"989\" \/>\n\t<meta property=\"og:image:type\" content=\"image\/jpeg\" \/>\n<meta name=\"twitter:card\" content=\"summary_large_image\" \/>\n<meta name=\"twitter:label1\" content=\"Gesch\u00e4tzte Lesezeit\" \/>\n\t<meta name=\"twitter:data1\" content=\"2\u00a0Minuten\" \/>\n<script type=\"application\/ld+json\" class=\"yoast-schema-graph\">{\"@context\":\"https:\/\/schema.org\",\"@graph\":[{\"@type\":\"WebPage\",\"@id\":\"https:\/\/www.ewigerbund.org\/sachsen\/koenigreich-sachsen\/geografie\/landschaften\/sachsen-oestlich-der-elbe\/\",\"url\":\"https:\/\/www.ewigerbund.org\/sachsen\/koenigreich-sachsen\/geografie\/landschaften\/sachsen-oestlich-der-elbe\/\",\"name\":\"Sachsen \u00f6stlich der Elbe. &#8226; K\u00f6nigreich Sachsen.\",\"isPartOf\":{\"@id\":\"https:\/\/www.ewigerbund.org\/sachsen\/#website\"},\"primaryImageOfPage\":{\"@id\":\"https:\/\/www.ewigerbund.org\/sachsen\/koenigreich-sachsen\/geografie\/landschaften\/sachsen-oestlich-der-elbe\/#primaryimage\"},\"image\":{\"@id\":\"https:\/\/www.ewigerbund.org\/sachsen\/koenigreich-sachsen\/geografie\/landschaften\/sachsen-oestlich-der-elbe\/#primaryimage\"},\"thumbnailUrl\":\"https:\/\/www.ewigerbund.org\/sachsen\/wp-content\/uploads\/sites\/14\/2023\/07\/GEO-OestlichElbe-WZ-1745x989px.jpg\",\"datePublished\":\"2023-08-03T16:07:30+00:00\",\"dateModified\":\"2023-08-03T16:17:31+00:00\",\"breadcrumb\":{\"@id\":\"https:\/\/www.ewigerbund.org\/sachsen\/koenigreich-sachsen\/geografie\/landschaften\/sachsen-oestlich-der-elbe\/#breadcrumb\"},\"inLanguage\":\"de\",\"potentialAction\":[{\"@type\":\"ReadAction\",\"target\":[\"https:\/\/www.ewigerbund.org\/sachsen\/koenigreich-sachsen\/geografie\/landschaften\/sachsen-oestlich-der-elbe\/\"]}]},{\"@type\":\"ImageObject\",\"inLanguage\":\"de\",\"@id\":\"https:\/\/www.ewigerbund.org\/sachsen\/koenigreich-sachsen\/geografie\/landschaften\/sachsen-oestlich-der-elbe\/#primaryimage\",\"url\":\"https:\/\/www.ewigerbund.org\/sachsen\/wp-content\/uploads\/sites\/14\/2023\/07\/GEO-OestlichElbe-WZ-1745x989px.jpg\",\"contentUrl\":\"https:\/\/www.ewigerbund.org\/sachsen\/wp-content\/uploads\/sites\/14\/2023\/07\/GEO-OestlichElbe-WZ-1745x989px.jpg\",\"width\":1745,\"height\":989},{\"@type\":\"BreadcrumbList\",\"@id\":\"https:\/\/www.ewigerbund.org\/sachsen\/koenigreich-sachsen\/geografie\/landschaften\/sachsen-oestlich-der-elbe\/#breadcrumb\",\"itemListElement\":[{\"@type\":\"ListItem\",\"position\":1,\"name\":\"Startseite.\",\"item\":\"https:\/\/www.ewigerbund.org\/sachsen\/\"},{\"@type\":\"ListItem\",\"position\":2,\"name\":\"K\u00f6nigreich Sachsen.\",\"item\":\"https:\/\/www.ewigerbund.org\/sachsen\/koenigreich-sachsen\/\"},{\"@type\":\"ListItem\",\"position\":3,\"name\":\"Geografie.\",\"item\":\"https:\/\/www.ewigerbund.org\/sachsen\/koenigreich-sachsen\/geografie\/\"},{\"@type\":\"ListItem\",\"position\":4,\"name\":\"Sachsens Landschaften.\",\"item\":\"https:\/\/www.ewigerbund.org\/sachsen\/koenigreich-sachsen\/geografie\/landschaften\/\"},{\"@type\":\"ListItem\",\"position\":5,\"name\":\"Sachsen \u00f6stlich der Elbe.\"}]},{\"@type\":\"WebSite\",\"@id\":\"https:\/\/www.ewigerbund.org\/sachsen\/#website\",\"url\":\"https:\/\/www.ewigerbund.org\/sachsen\/\",\"name\":\"K\u00f6nigreich Sachsen\",\"description\":\"im ewigen Bund.\",\"publisher\":{\"@id\":\"https:\/\/www.ewigerbund.org\/sachsen\/#organization\"},\"potentialAction\":[{\"@type\":\"SearchAction\",\"target\":{\"@type\":\"EntryPoint\",\"urlTemplate\":\"https:\/\/www.ewigerbund.org\/sachsen\/?s={search_term_string}\"},\"query-input\":\"required name=search_term_string\"}],\"inLanguage\":\"de\"},{\"@type\":\"Organization\",\"@id\":\"https:\/\/www.ewigerbund.org\/sachsen\/#organization\",\"name\":\"K\u00f6nigreich Sachsen\",\"url\":\"https:\/\/www.ewigerbund.org\/sachsen\/\",\"logo\":{\"@type\":\"ImageObject\",\"inLanguage\":\"de\",\"@id\":\"https:\/\/www.ewigerbund.org\/sachsen\/#\/schema\/logo\/image\/\",\"url\":\"https:\/\/www.ewigerbund.org\/sachsen\/wp-content\/uploads\/sites\/14\/2022\/11\/cropped-2022-09-10-Logo-EB-Sachsen-Schutzzone_Schatten-transparent-1200px-1.png\",\"contentUrl\":\"https:\/\/www.ewigerbund.org\/sachsen\/wp-content\/uploads\/sites\/14\/2022\/11\/cropped-2022-09-10-Logo-EB-Sachsen-Schutzzone_Schatten-transparent-1200px-1.png\",\"width\":1200,\"height\":1200,\"caption\":\"K\u00f6nigreich Sachsen\"},\"image\":{\"@id\":\"https:\/\/www.ewigerbund.org\/sachsen\/#\/schema\/logo\/image\/\"}}]}<\/script>\n<!-- \/ Yoast SEO plugin. -->","yoast_head_json":{"title":"Sachsen \u00f6stlich der Elbe. &#8226; K\u00f6nigreich Sachsen.","robots":{"index":"index","follow":"follow","max-snippet":"max-snippet:-1","max-image-preview":"max-image-preview:large","max-video-preview":"max-video-preview:-1"},"canonical":"https:\/\/www.ewigerbund.org\/sachsen\/koenigreich-sachsen\/geografie\/landschaften\/sachsen-oestlich-der-elbe\/","og_locale":"de_DE","og_type":"article","og_title":"Sachsen \u00f6stlich der Elbe. &#8226; K\u00f6nigreich Sachsen.","og_description":"Ein Teil des Lausitzer Gebirges, das Zittauer Gebirge, zieht sich als Grenzgebirge an der s\u00e4chsischen Grenze zu B\u00f6hmen s\u00fcd\u00f6stlich von Zittau hin. Es besteht aus Sandstein und zeigt die zerkl\u00fcfteten Formen \u00e4hnlich des Elbsandsteingebirges. Der ber\u00fchmteste der Zittauer Berge ist der sagenumwobene Oybin mit 513 Meter H\u00f6he, ein Sandsteinberg in der Form eines Bienenkorbes. N\u00f6rdlich ... Weiterlesen ...","og_url":"https:\/\/www.ewigerbund.org\/sachsen\/koenigreich-sachsen\/geografie\/landschaften\/sachsen-oestlich-der-elbe\/","og_site_name":"K\u00f6nigreich Sachsen","article_modified_time":"2023-08-03T16:17:31+00:00","og_image":[{"width":1745,"height":989,"url":"https:\/\/www.ewigerbund.org\/sachsen\/wp-content\/uploads\/sites\/14\/2023\/07\/GEO-OestlichElbe-WZ-1745x989px.jpg","type":"image\/jpeg"}],"twitter_card":"summary_large_image","twitter_misc":{"Gesch\u00e4tzte Lesezeit":"2\u00a0Minuten"},"schema":{"@context":"https:\/\/schema.org","@graph":[{"@type":"WebPage","@id":"https:\/\/www.ewigerbund.org\/sachsen\/koenigreich-sachsen\/geografie\/landschaften\/sachsen-oestlich-der-elbe\/","url":"https:\/\/www.ewigerbund.org\/sachsen\/koenigreich-sachsen\/geografie\/landschaften\/sachsen-oestlich-der-elbe\/","name":"Sachsen \u00f6stlich der Elbe. &#8226; K\u00f6nigreich Sachsen.","isPartOf":{"@id":"https:\/\/www.ewigerbund.org\/sachsen\/#website"},"primaryImageOfPage":{"@id":"https:\/\/www.ewigerbund.org\/sachsen\/koenigreich-sachsen\/geografie\/landschaften\/sachsen-oestlich-der-elbe\/#primaryimage"},"image":{"@id":"https:\/\/www.ewigerbund.org\/sachsen\/koenigreich-sachsen\/geografie\/landschaften\/sachsen-oestlich-der-elbe\/#primaryimage"},"thumbnailUrl":"https:\/\/www.ewigerbund.org\/sachsen\/wp-content\/uploads\/sites\/14\/2023\/07\/GEO-OestlichElbe-WZ-1745x989px.jpg","datePublished":"2023-08-03T16:07:30+00:00","dateModified":"2023-08-03T16:17:31+00:00","breadcrumb":{"@id":"https:\/\/www.ewigerbund.org\/sachsen\/koenigreich-sachsen\/geografie\/landschaften\/sachsen-oestlich-der-elbe\/#breadcrumb"},"inLanguage":"de","potentialAction":[{"@type":"ReadAction","target":["https:\/\/www.ewigerbund.org\/sachsen\/koenigreich-sachsen\/geografie\/landschaften\/sachsen-oestlich-der-elbe\/"]}]},{"@type":"ImageObject","inLanguage":"de","@id":"https:\/\/www.ewigerbund.org\/sachsen\/koenigreich-sachsen\/geografie\/landschaften\/sachsen-oestlich-der-elbe\/#primaryimage","url":"https:\/\/www.ewigerbund.org\/sachsen\/wp-content\/uploads\/sites\/14\/2023\/07\/GEO-OestlichElbe-WZ-1745x989px.jpg","contentUrl":"https:\/\/www.ewigerbund.org\/sachsen\/wp-content\/uploads\/sites\/14\/2023\/07\/GEO-OestlichElbe-WZ-1745x989px.jpg","width":1745,"height":989},{"@type":"BreadcrumbList","@id":"https:\/\/www.ewigerbund.org\/sachsen\/koenigreich-sachsen\/geografie\/landschaften\/sachsen-oestlich-der-elbe\/#breadcrumb","itemListElement":[{"@type":"ListItem","position":1,"name":"Startseite.","item":"https:\/\/www.ewigerbund.org\/sachsen\/"},{"@type":"ListItem","position":2,"name":"K\u00f6nigreich Sachsen.","item":"https:\/\/www.ewigerbund.org\/sachsen\/koenigreich-sachsen\/"},{"@type":"ListItem","position":3,"name":"Geografie.","item":"https:\/\/www.ewigerbund.org\/sachsen\/koenigreich-sachsen\/geografie\/"},{"@type":"ListItem","position":4,"name":"Sachsens Landschaften.","item":"https:\/\/www.ewigerbund.org\/sachsen\/koenigreich-sachsen\/geografie\/landschaften\/"},{"@type":"ListItem","position":5,"name":"Sachsen \u00f6stlich der Elbe."}]},{"@type":"WebSite","@id":"https:\/\/www.ewigerbund.org\/sachsen\/#website","url":"https:\/\/www.ewigerbund.org\/sachsen\/","name":"K\u00f6nigreich Sachsen","description":"im ewigen Bund.","publisher":{"@id":"https:\/\/www.ewigerbund.org\/sachsen\/#organization"},"potentialAction":[{"@type":"SearchAction","target":{"@type":"EntryPoint","urlTemplate":"https:\/\/www.ewigerbund.org\/sachsen\/?s={search_term_string}"},"query-input":"required name=search_term_string"}],"inLanguage":"de"},{"@type":"Organization","@id":"https:\/\/www.ewigerbund.org\/sachsen\/#organization","name":"K\u00f6nigreich Sachsen","url":"https:\/\/www.ewigerbund.org\/sachsen\/","logo":{"@type":"ImageObject","inLanguage":"de","@id":"https:\/\/www.ewigerbund.org\/sachsen\/#\/schema\/logo\/image\/","url":"https:\/\/www.ewigerbund.org\/sachsen\/wp-content\/uploads\/sites\/14\/2022\/11\/cropped-2022-09-10-Logo-EB-Sachsen-Schutzzone_Schatten-transparent-1200px-1.png","contentUrl":"https:\/\/www.ewigerbund.org\/sachsen\/wp-content\/uploads\/sites\/14\/2022\/11\/cropped-2022-09-10-Logo-EB-Sachsen-Schutzzone_Schatten-transparent-1200px-1.png","width":1200,"height":1200,"caption":"K\u00f6nigreich Sachsen"},"image":{"@id":"https:\/\/www.ewigerbund.org\/sachsen\/#\/schema\/logo\/image\/"}}]}},"_links":{"self":[{"href":"https:\/\/www.ewigerbund.org\/sachsen\/wp-json\/wp\/v2\/pages\/1982","targetHints":{"allow":["GET"]}}],"collection":[{"href":"https:\/\/www.ewigerbund.org\/sachsen\/wp-json\/wp\/v2\/pages"}],"about":[{"href":"https:\/\/www.ewigerbund.org\/sachsen\/wp-json\/wp\/v2\/types\/page"}],"author":[{"embeddable":true,"href":"https:\/\/www.ewigerbund.org\/sachsen\/wp-json\/wp\/v2\/users\/1"}],"replies":[{"embeddable":true,"href":"https:\/\/www.ewigerbund.org\/sachsen\/wp-json\/wp\/v2\/comments?post=1982"}],"version-history":[{"count":4,"href":"https:\/\/www.ewigerbund.org\/sachsen\/wp-json\/wp\/v2\/pages\/1982\/revisions"}],"predecessor-version":[{"id":1988,"href":"https:\/\/www.ewigerbund.org\/sachsen\/wp-json\/wp\/v2\/pages\/1982\/revisions\/1988"}],"up":[{"embeddable":true,"href":"https:\/\/www.ewigerbund.org\/sachsen\/wp-json\/wp\/v2\/pages\/392"}],"wp:featuredmedia":[{"embeddable":true,"href":"https:\/\/www.ewigerbund.org\/sachsen\/wp-json\/wp\/v2\/media\/1884"}],"wp:attachment":[{"href":"https:\/\/www.ewigerbund.org\/sachsen\/wp-json\/wp\/v2\/media?parent=1982"}],"wp:term":[{"taxonomy":"category","embeddable":true,"href":"https:\/\/www.ewigerbund.org\/sachsen\/wp-json\/wp\/v2\/categories?post=1982"},{"taxonomy":"post_tag","embeddable":true,"href":"https:\/\/www.ewigerbund.org\/sachsen\/wp-json\/wp\/v2\/tags?post=1982"}],"curies":[{"name":"wp","href":"https:\/\/api.w.org\/{rel}","templated":true}]}}