{"id":1901,"date":"2023-07-09T08:41:46","date_gmt":"2023-07-09T06:41:46","guid":{"rendered":"https:\/\/www.ewigerbund.org\/sachsen\/?page_id=1901"},"modified":"2023-12-14T18:04:50","modified_gmt":"2023-12-14T17:04:50","slug":"der-verkehr","status":"publish","type":"page","link":"https:\/\/www.ewigerbund.org\/sachsen\/koenigreich-sachsen\/oekonomie-und-infrastruktur\/der-verkehr\/","title":{"rendered":"Der Verkehr."},"content":{"rendered":"\n<h2 class=\"wp-block-heading\">Verkehr in der Elblandschaft.<\/h2>\n\n\n\n<p>Auf dem Elbstrom herrscht ein ungemein reger Verkehr. Schmucke Personendampfer fahren stromauf und stromab. Gro\u00dfe gedeckte Elbk\u00e4hne, Zillen genannt, bringen aus B\u00f6hmen, dem s\u00fcdlichen Nachbarland, Braunkohlen, Getreide, Zucker, Obst. Offene K\u00e4hne sind mit Sandsteinen aus dem Elbsandsteingebirge beladen. M\u00e4chtige Holzst\u00e4mme, zu Fl\u00f6\u00dfen zusammengebunden, treiben daher. Stromaufw\u00e4rts kommende K\u00e4hne haben Baumwolle, H\u00e4ute, Getreide, Reis, Eisen, Petroleum geladen. Sie werden von m\u00e4chtigen Schleppdampfern gezogen. Die eigenartigsten Schleppschiffe sind die Kettendampfer, die sich an einer ungeheuren Kette, die auf dem Grunde der Elbe liegt, stromauf ziehen und eine ganze Anzahl schwerer K\u00e4hne gegen den Strom schleppen k\u00f6nnen. Die Kette schlingt sich auf dem Schiff um eine Welle, die von der Dampfmaschine gedreht wird. Damit der Schiffsverkehr auch bei niedrigem Wasserstande stattfinden kann, wird die Elbe durch Ausbaggern des Sandes fortw\u00e4hrend vertieft und durch gro\u00dfe D\u00e4mme eingeengt.<\/p>\n\n\n<div class=\"gb-button-wrapper gb-button-wrapper-e6c35c2c\">\n\n<a class=\"gb-button gb-button-e874fe38 gb-button-text\" href=\"https:\/\/www.ewigerbund.org\/sachsen\/koenigreich-sachsen\/geografie\/landschaften\/die-elblandschaften\/\">Elblandschaft erkunden.<\/a>\n\n<\/div>\n\n\n<h2 class=\"wp-block-heading\">Verkehr im westlichen Sachsen.<\/h2>\n\n\n\n<p>Im <strong><a href=\"https:\/\/www.ewigerbund.org\/sachsen\/koenigreich-sachsen\/geografie\/landschaften\/das-westliche-sachsen\/#erzgebirge\">Erzgebirge<\/a><\/strong> m\u00fcssen nat\u00fcrlich diese Erzeugnisse vertrieben werden, und so ist ein lebhafter Handel entstanden. Der Handelsmittelpunkt ist Annaberg (17000 Einw.). Dem Handel dienen die Stra\u00dfen und Eisenbahnen des Gebirges. Die Stra\u00dfen ziehen sich auf den Gebirgsr\u00fccken zwischen den Flu\u00dft\u00e4lern hinauf, da sie in den schmalen T\u00e4lern nicht Platz fanden und auch zu viel Biegungen machen mu\u00dften. In vielen Windungen steigen sie dann den steilen Abhang nach B\u00f6hmen hinab. 16 Stra\u00dfen \u00fcberschreiten heute das Gebirge, die h\u00f6chste zwischen Fichtel- und Keilberg in einer H\u00f6he von \u00fcber 1000 m. <\/p>\n\n\n\n<p>Die Eisenbahnen hat man in den Flu\u00dft\u00e4lern angelegt. Hier finden sie den allm\u00e4hlichen Weg zur H\u00f6he. Die Biegungen des Flusses vermeiden sie durch Tunnel und Br\u00fccken. 4 Eisenbahnlinien \u00fcberschreiten das Gebirge, davon die Bahn Johanngeorgenstadt-Karlsbad in mehr als 900 m H\u00f6he, 7 gehen auf s\u00e4chsischer Seite bis an den Kamm heran, und eine Reihe anderer verbindet die erzgebirgischen Orte untereinander. Sie alle stehen in Verbindung mit der gro\u00dfen Querlinie Dresden-Chemnitz-Zwickau. Eine eigenartige Erscheinung sind die erzgebirgischen Hausierer und Hausiererinnen, die die Waren in einem Tragkasten oder Tragkorb in die St\u00e4dte und D\u00f6rfer des niederen Landes tragen und dort, von Haus zu Haus gehend, verkaufen, die aber auch mit allerlei andern Dingen handeln, z. B. mit russischen G\u00e4nsen, die sie von Ort zu Ort treiben.<\/p>\n\n\n\n<p>Ein Blick auf die Eisenbahnkarte<strong> <\/strong>im<strong> <a href=\"https:\/\/www.ewigerbund.org\/sachsen\/koenigreich-sachsen\/geografie\/landschaften\/das-westliche-sachsen\/#vogtland\">Vogtland<\/a> <\/strong>zeigt, da\u00df die Haupteisenbahnlinien, die aus S\u00fcden nach Sachsen kommen, entweder die Elbe entlang oder durch das Vogtland gehen, da sie das hohe Erzgebirge schwer \u00fcberschreiten k\u00f6nnen. Schon im Mittelalter f\u00fchrten auch die gro\u00dfen Handelsstra\u00dfen durch das Vogtland, so die Stra\u00dfe von N\u00fcrnberg nach Leipzig und die von Bayern \u00fcber Chemnitz nach Dresden, die sich in Plauen mit der aus B\u00f6hmen kommenden vereinigte. Heute schlagen die Eisenbahnen ungef\u00e4hr dieselben Wege ein. So kann man das Vogtland als Durchgangsland bezeichnen. In der Leichtigkeit des Verkehrs ist der Grund daf\u00fcr zu suchen, da\u00df das Vogtland ein so bedeutendes Industriegebiet geworden ist. Die Eisenbahnen bringen Wolle, Baumwolle, Holz, Eisen usw., kurz alle Stoffe, die hier verarbeitet werden, und dazu die notwendigen Kohlen, und nehmen die Unmengen der erzeugten Waren mit fort. Freilich kamen auf den bequemen Wegen nicht selten auch Feinde ins Land, so im Hussiten- und im Drei\u00dfigj\u00e4hrigen Kriege, wo das Vogtland viel zu leiden hatte.<\/p>\n\n\n\n<p><strong><a href=\"https:\/\/www.ewigerbund.org\/sachsen\/koenigreich-sachsen\/geografie\/landschaften\/das-westliche-sachsen\/#steinkohlebecken\">Im Zwickauer Steinkohlebecken<\/a><\/strong> sind Unmengen an Kohle f\u00fcr die Betreibung der Maschinen n\u00f6tig, die einen Ausbau der Eisenbahnverkehrs mit sich bringt. Den riesigen Verkehr bew\u00e4ltigen 8 Eisenbahnlinien, die aus allen Richtungen hier zusammenlaufen und Chemnitz zu einem wichtigen Eisenbahnknotenpunkt machen.<\/p>\n\n\n\n<p><strong><a href=\"https:\/\/www.ewigerbund.org\/sachsen\/koenigreich-sachsen\/geografie\/landschaften\/das-westliche-sachsen\/#huegelland\">Im mittels\u00e4chsischen Berg- und H\u00fcgelland<\/a><\/strong> erschweren die tiefen Flu\u00dft\u00e4ler den Verkehr von Osten nach Westen. Darum f\u00fchrt auch in dieser Richtung keine wichtige Stra\u00dfe oder Eisenbahn durch das Gebiet, wohl aber ist dies der Fall von S\u00fcden nach Norden. So durchschneiden es die beiden Eisenbahnlinien Chemnitz-Leipzig und Chemnitz-Riesa. Freilich mu\u00dften f\u00fcr sie dort, wo sie die Fl\u00fcsse \u00fcberschreiten, hohe und lange Br\u00fccken (z. B. die G\u00f6hrener Muldenbr\u00fccke) und kostspielige Tunnel gebaut werden. Auch in den beiden Muldent\u00e4lern f\u00fchren Bahnen entlang.<\/p>\n\n\n\n<p>Im <strong><a href=\"https:\/\/www.ewigerbund.org\/sachsen\/koenigreich-sachsen\/geografie\/landschaften\/das-westliche-sachsen\/#nw-tiefland\">nordwestlichen Tiefland<\/a><\/strong> haben die St\u00e4dte Wurzen, Oschatz, Riesa ihre Bedeutung ihrer guten Verkehrslage zu verdanken. Sie liegen an der wichtigen Eisenbahnlinie, die Leipzig mit Dresden verbindet. Auch schon vor der Zeit der Eisenbahnen f\u00fchrte ein gro\u00dfer Verkehrsweg durch diese Gegenden, die sogenannte Hohe Stra\u00dfe (weiter n\u00f6rdlich schlug die Niedere Stra\u00dfe dieselbe Richtung ein), auf der das Hallesche Salz \u00fcber Leipzig nach Polen gebracht wurde, die aber nat\u00fcrlich auch zum Transport von allerlei Me\u00dfg\u00fctern diente. An dieser Stra\u00dfe sind an allen Flu\u00df\u00fcberg\u00e4ngen St\u00e4dte entstanden, die f\u00fcr den Frachtwagenverkehr stets eine Tagereise voneinander lagen. Es sind folgende: Leipzig, Wurzen, Oschatz (Riesa wurde umgangen, da die gro\u00dfe Elbfurt s\u00fcdlich davon lag), Gro\u00dfenhain, K\u00f6nigsbr\u00fcck, Kamenz, Bautzen, L\u00f6bau. Dann f\u00fchrte die Stra\u00dfe \u00fcber G\u00f6rlitz und Breslau weiter nach Polen. (Ein noch \u00e4lterer Weg \u00fcberschritt die Elbe bei Strehla. Riesa hat seine Bedeutung erst durch die Leipzig-Dresdner Eisenbahn erhalten. S. VI.)<\/p>\n\n\n\n<hr class=\"wp-block-separator has-alpha-channel-opacity is-style-dots\"\/>\n\n\n<div class=\"gb-button-wrapper gb-button-wrapper-860dc305\">\n\n<a class=\"gb-button gb-button-63382b84\" href=\"javascript:history.back();\"><span class=\"gb-icon\"><svg aria-hidden=\"true\" role=\"img\" height=\"1em\" width=\"1em\" viewBox=\"0 0 256 512\" xmlns=\"http:\/\/www.w3.org\/2000\/svg\"><path fill=\"currentColor\" d=\"M31.7 239l136-136c9.4-9.4 24.6-9.4 33.9 0l22.6 22.6c9.4 9.4 9.4 24.6 0 33.9L127.9 256l96.4 96.4c9.4 9.4 9.4 24.6 0 33.9L201.7 409c-9.4 9.4-24.6 9.4-33.9 0l-136-136c-9.5-9.4-9.5-24.6-.1-34z\"><\/path><\/svg><\/span><span class=\"gb-button-text\">Zur\u00fcck<\/span><\/a>\n\n<\/div>\n\n\n<p><strong>Quellenangaben und Verweise.<\/strong><br><sub>Aus: Landeskunde des K\u00f6nigreichs Sachsen von Dr. j. Zemmrich, Leipzig 1905, C. J. G\u00f6schen\u2019sche Verlagshandlung.<br>Quelle: <a href=\"https:\/\/staatsbibliothek.ewigerbund.org\/viewer\/image\/zemmrich_landeskunde_sachsen_1905\/5\/\" target=\"_blank\" rel=\"noreferrer noopener\">https:\/\/staatsbibliothek.ewigerbund.org\/viewer\/image\/zemmrich_landeskunde_sachsen_1905\/5\/<\/a><\/sub><\/p>\n\n\n\n<div style=\"height:100px\" aria-hidden=\"true\" class=\"wp-block-spacer\"><\/div>\n","protected":false},"excerpt":{"rendered":"<p>Verkehr in der Elblandschaft. Auf dem Elbstrom herrscht ein ungemein reger Verkehr. Schmucke Personendampfer fahren stromauf und stromab. Gro\u00dfe gedeckte Elbk\u00e4hne, Zillen genannt, bringen aus B\u00f6hmen, dem s\u00fcdlichen Nachbarland, Braunkohlen, Getreide, Zucker, Obst. Offene K\u00e4hne sind mit Sandsteinen aus dem Elbsandsteingebirge beladen. M\u00e4chtige Holzst\u00e4mme, zu Fl\u00f6\u00dfen zusammengebunden, treiben daher. Stromaufw\u00e4rts kommende K\u00e4hne haben Baumwolle, H\u00e4ute, &#8230; <a title=\"Der Verkehr.\" class=\"read-more\" href=\"https:\/\/www.ewigerbund.org\/sachsen\/koenigreich-sachsen\/oekonomie-und-infrastruktur\/der-verkehr\/\" aria-label=\"Mehr zu Der Verkehr.\">Weiterlesen &#8230;<\/a><\/p>\n","protected":false},"author":1,"featured_media":0,"parent":1895,"menu_order":0,"comment_status":"closed","ping_status":"closed","template":"","meta":{"footnotes":""},"categories":[249],"tags":[],"class_list":{"0":"post-1901","1":"page","2":"type-page","3":"status-publish","5":"category-koenigreich-sachsen"},"yoast_head":"<!-- This site is optimized with the Yoast SEO plugin v23.1 - https:\/\/yoast.com\/wordpress\/plugins\/seo\/ -->\n<title>Der Verkehr. &#8226; K\u00f6nigreich Sachsen.<\/title>\n<meta name=\"robots\" content=\"index, follow, max-snippet:-1, max-image-preview:large, max-video-preview:-1\" \/>\n<link rel=\"canonical\" href=\"https:\/\/www.ewigerbund.org\/sachsen\/koenigreich-sachsen\/oekonomie-und-infrastruktur\/der-verkehr\/\" \/>\n<meta property=\"og:locale\" content=\"de_DE\" \/>\n<meta property=\"og:type\" content=\"article\" \/>\n<meta property=\"og:title\" content=\"Der Verkehr. &#8226; K\u00f6nigreich Sachsen.\" \/>\n<meta property=\"og:description\" content=\"Verkehr in der Elblandschaft. Auf dem Elbstrom herrscht ein ungemein reger Verkehr. Schmucke Personendampfer fahren stromauf und stromab. Gro\u00dfe gedeckte Elbk\u00e4hne, Zillen genannt, bringen aus B\u00f6hmen, dem s\u00fcdlichen Nachbarland, Braunkohlen, Getreide, Zucker, Obst. Offene K\u00e4hne sind mit Sandsteinen aus dem Elbsandsteingebirge beladen. M\u00e4chtige Holzst\u00e4mme, zu Fl\u00f6\u00dfen zusammengebunden, treiben daher. Stromaufw\u00e4rts kommende K\u00e4hne haben Baumwolle, H\u00e4ute, ... Weiterlesen ...\" \/>\n<meta property=\"og:url\" content=\"https:\/\/www.ewigerbund.org\/sachsen\/koenigreich-sachsen\/oekonomie-und-infrastruktur\/der-verkehr\/\" \/>\n<meta property=\"og:site_name\" content=\"K\u00f6nigreich Sachsen\" \/>\n<meta property=\"article:modified_time\" content=\"2023-12-14T17:04:50+00:00\" \/>\n<meta name=\"twitter:card\" content=\"summary_large_image\" \/>\n<meta name=\"twitter:label1\" content=\"Gesch\u00e4tzte Lesezeit\" \/>\n\t<meta name=\"twitter:data1\" content=\"5\u00a0Minuten\" \/>\n<script type=\"application\/ld+json\" class=\"yoast-schema-graph\">{\"@context\":\"https:\/\/schema.org\",\"@graph\":[{\"@type\":\"WebPage\",\"@id\":\"https:\/\/www.ewigerbund.org\/sachsen\/koenigreich-sachsen\/oekonomie-und-infrastruktur\/der-verkehr\/\",\"url\":\"https:\/\/www.ewigerbund.org\/sachsen\/koenigreich-sachsen\/oekonomie-und-infrastruktur\/der-verkehr\/\",\"name\":\"Der Verkehr. &#8226; K\u00f6nigreich Sachsen.\",\"isPartOf\":{\"@id\":\"https:\/\/www.ewigerbund.org\/sachsen\/#website\"},\"datePublished\":\"2023-07-09T06:41:46+00:00\",\"dateModified\":\"2023-12-14T17:04:50+00:00\",\"breadcrumb\":{\"@id\":\"https:\/\/www.ewigerbund.org\/sachsen\/koenigreich-sachsen\/oekonomie-und-infrastruktur\/der-verkehr\/#breadcrumb\"},\"inLanguage\":\"de\",\"potentialAction\":[{\"@type\":\"ReadAction\",\"target\":[\"https:\/\/www.ewigerbund.org\/sachsen\/koenigreich-sachsen\/oekonomie-und-infrastruktur\/der-verkehr\/\"]}]},{\"@type\":\"BreadcrumbList\",\"@id\":\"https:\/\/www.ewigerbund.org\/sachsen\/koenigreich-sachsen\/oekonomie-und-infrastruktur\/der-verkehr\/#breadcrumb\",\"itemListElement\":[{\"@type\":\"ListItem\",\"position\":1,\"name\":\"Startseite.\",\"item\":\"https:\/\/www.ewigerbund.org\/sachsen\/\"},{\"@type\":\"ListItem\",\"position\":2,\"name\":\"K\u00f6nigreich Sachsen.\",\"item\":\"https:\/\/www.ewigerbund.org\/sachsen\/koenigreich-sachsen\/\"},{\"@type\":\"ListItem\",\"position\":3,\"name\":\"\u00d6konomie und Infrastruktur.\",\"item\":\"https:\/\/www.ewigerbund.org\/sachsen\/koenigreich-sachsen\/oekonomie-und-infrastruktur\/\"},{\"@type\":\"ListItem\",\"position\":4,\"name\":\"Der Verkehr.\"}]},{\"@type\":\"WebSite\",\"@id\":\"https:\/\/www.ewigerbund.org\/sachsen\/#website\",\"url\":\"https:\/\/www.ewigerbund.org\/sachsen\/\",\"name\":\"K\u00f6nigreich Sachsen\",\"description\":\"im ewigen Bund.\",\"publisher\":{\"@id\":\"https:\/\/www.ewigerbund.org\/sachsen\/#organization\"},\"potentialAction\":[{\"@type\":\"SearchAction\",\"target\":{\"@type\":\"EntryPoint\",\"urlTemplate\":\"https:\/\/www.ewigerbund.org\/sachsen\/?s={search_term_string}\"},\"query-input\":\"required name=search_term_string\"}],\"inLanguage\":\"de\"},{\"@type\":\"Organization\",\"@id\":\"https:\/\/www.ewigerbund.org\/sachsen\/#organization\",\"name\":\"K\u00f6nigreich Sachsen\",\"url\":\"https:\/\/www.ewigerbund.org\/sachsen\/\",\"logo\":{\"@type\":\"ImageObject\",\"inLanguage\":\"de\",\"@id\":\"https:\/\/www.ewigerbund.org\/sachsen\/#\/schema\/logo\/image\/\",\"url\":\"https:\/\/www.ewigerbund.org\/sachsen\/wp-content\/uploads\/sites\/14\/2022\/11\/cropped-2022-09-10-Logo-EB-Sachsen-Schutzzone_Schatten-transparent-1200px-1.png\",\"contentUrl\":\"https:\/\/www.ewigerbund.org\/sachsen\/wp-content\/uploads\/sites\/14\/2022\/11\/cropped-2022-09-10-Logo-EB-Sachsen-Schutzzone_Schatten-transparent-1200px-1.png\",\"width\":1200,\"height\":1200,\"caption\":\"K\u00f6nigreich Sachsen\"},\"image\":{\"@id\":\"https:\/\/www.ewigerbund.org\/sachsen\/#\/schema\/logo\/image\/\"}}]}<\/script>\n<!-- \/ Yoast SEO plugin. -->","yoast_head_json":{"title":"Der Verkehr. &#8226; K\u00f6nigreich Sachsen.","robots":{"index":"index","follow":"follow","max-snippet":"max-snippet:-1","max-image-preview":"max-image-preview:large","max-video-preview":"max-video-preview:-1"},"canonical":"https:\/\/www.ewigerbund.org\/sachsen\/koenigreich-sachsen\/oekonomie-und-infrastruktur\/der-verkehr\/","og_locale":"de_DE","og_type":"article","og_title":"Der Verkehr. &#8226; K\u00f6nigreich Sachsen.","og_description":"Verkehr in der Elblandschaft. Auf dem Elbstrom herrscht ein ungemein reger Verkehr. Schmucke Personendampfer fahren stromauf und stromab. Gro\u00dfe gedeckte Elbk\u00e4hne, Zillen genannt, bringen aus B\u00f6hmen, dem s\u00fcdlichen Nachbarland, Braunkohlen, Getreide, Zucker, Obst. Offene K\u00e4hne sind mit Sandsteinen aus dem Elbsandsteingebirge beladen. M\u00e4chtige Holzst\u00e4mme, zu Fl\u00f6\u00dfen zusammengebunden, treiben daher. Stromaufw\u00e4rts kommende K\u00e4hne haben Baumwolle, H\u00e4ute, ... Weiterlesen ...","og_url":"https:\/\/www.ewigerbund.org\/sachsen\/koenigreich-sachsen\/oekonomie-und-infrastruktur\/der-verkehr\/","og_site_name":"K\u00f6nigreich Sachsen","article_modified_time":"2023-12-14T17:04:50+00:00","twitter_card":"summary_large_image","twitter_misc":{"Gesch\u00e4tzte Lesezeit":"5\u00a0Minuten"},"schema":{"@context":"https:\/\/schema.org","@graph":[{"@type":"WebPage","@id":"https:\/\/www.ewigerbund.org\/sachsen\/koenigreich-sachsen\/oekonomie-und-infrastruktur\/der-verkehr\/","url":"https:\/\/www.ewigerbund.org\/sachsen\/koenigreich-sachsen\/oekonomie-und-infrastruktur\/der-verkehr\/","name":"Der Verkehr. &#8226; K\u00f6nigreich Sachsen.","isPartOf":{"@id":"https:\/\/www.ewigerbund.org\/sachsen\/#website"},"datePublished":"2023-07-09T06:41:46+00:00","dateModified":"2023-12-14T17:04:50+00:00","breadcrumb":{"@id":"https:\/\/www.ewigerbund.org\/sachsen\/koenigreich-sachsen\/oekonomie-und-infrastruktur\/der-verkehr\/#breadcrumb"},"inLanguage":"de","potentialAction":[{"@type":"ReadAction","target":["https:\/\/www.ewigerbund.org\/sachsen\/koenigreich-sachsen\/oekonomie-und-infrastruktur\/der-verkehr\/"]}]},{"@type":"BreadcrumbList","@id":"https:\/\/www.ewigerbund.org\/sachsen\/koenigreich-sachsen\/oekonomie-und-infrastruktur\/der-verkehr\/#breadcrumb","itemListElement":[{"@type":"ListItem","position":1,"name":"Startseite.","item":"https:\/\/www.ewigerbund.org\/sachsen\/"},{"@type":"ListItem","position":2,"name":"K\u00f6nigreich Sachsen.","item":"https:\/\/www.ewigerbund.org\/sachsen\/koenigreich-sachsen\/"},{"@type":"ListItem","position":3,"name":"\u00d6konomie und Infrastruktur.","item":"https:\/\/www.ewigerbund.org\/sachsen\/koenigreich-sachsen\/oekonomie-und-infrastruktur\/"},{"@type":"ListItem","position":4,"name":"Der Verkehr."}]},{"@type":"WebSite","@id":"https:\/\/www.ewigerbund.org\/sachsen\/#website","url":"https:\/\/www.ewigerbund.org\/sachsen\/","name":"K\u00f6nigreich Sachsen","description":"im ewigen Bund.","publisher":{"@id":"https:\/\/www.ewigerbund.org\/sachsen\/#organization"},"potentialAction":[{"@type":"SearchAction","target":{"@type":"EntryPoint","urlTemplate":"https:\/\/www.ewigerbund.org\/sachsen\/?s={search_term_string}"},"query-input":"required name=search_term_string"}],"inLanguage":"de"},{"@type":"Organization","@id":"https:\/\/www.ewigerbund.org\/sachsen\/#organization","name":"K\u00f6nigreich Sachsen","url":"https:\/\/www.ewigerbund.org\/sachsen\/","logo":{"@type":"ImageObject","inLanguage":"de","@id":"https:\/\/www.ewigerbund.org\/sachsen\/#\/schema\/logo\/image\/","url":"https:\/\/www.ewigerbund.org\/sachsen\/wp-content\/uploads\/sites\/14\/2022\/11\/cropped-2022-09-10-Logo-EB-Sachsen-Schutzzone_Schatten-transparent-1200px-1.png","contentUrl":"https:\/\/www.ewigerbund.org\/sachsen\/wp-content\/uploads\/sites\/14\/2022\/11\/cropped-2022-09-10-Logo-EB-Sachsen-Schutzzone_Schatten-transparent-1200px-1.png","width":1200,"height":1200,"caption":"K\u00f6nigreich Sachsen"},"image":{"@id":"https:\/\/www.ewigerbund.org\/sachsen\/#\/schema\/logo\/image\/"}}]}},"_links":{"self":[{"href":"https:\/\/www.ewigerbund.org\/sachsen\/wp-json\/wp\/v2\/pages\/1901","targetHints":{"allow":["GET"]}}],"collection":[{"href":"https:\/\/www.ewigerbund.org\/sachsen\/wp-json\/wp\/v2\/pages"}],"about":[{"href":"https:\/\/www.ewigerbund.org\/sachsen\/wp-json\/wp\/v2\/types\/page"}],"author":[{"embeddable":true,"href":"https:\/\/www.ewigerbund.org\/sachsen\/wp-json\/wp\/v2\/users\/1"}],"replies":[{"embeddable":true,"href":"https:\/\/www.ewigerbund.org\/sachsen\/wp-json\/wp\/v2\/comments?post=1901"}],"version-history":[{"count":10,"href":"https:\/\/www.ewigerbund.org\/sachsen\/wp-json\/wp\/v2\/pages\/1901\/revisions"}],"predecessor-version":[{"id":2587,"href":"https:\/\/www.ewigerbund.org\/sachsen\/wp-json\/wp\/v2\/pages\/1901\/revisions\/2587"}],"up":[{"embeddable":true,"href":"https:\/\/www.ewigerbund.org\/sachsen\/wp-json\/wp\/v2\/pages\/1895"}],"wp:attachment":[{"href":"https:\/\/www.ewigerbund.org\/sachsen\/wp-json\/wp\/v2\/media?parent=1901"}],"wp:term":[{"taxonomy":"category","embeddable":true,"href":"https:\/\/www.ewigerbund.org\/sachsen\/wp-json\/wp\/v2\/categories?post=1901"},{"taxonomy":"post_tag","embeddable":true,"href":"https:\/\/www.ewigerbund.org\/sachsen\/wp-json\/wp\/v2\/tags?post=1901"}],"curies":[{"name":"wp","href":"https:\/\/api.w.org\/{rel}","templated":true}]}}