{"id":1842,"date":"2023-07-08T20:07:48","date_gmt":"2023-07-08T18:07:48","guid":{"rendered":"https:\/\/www.ewigerbund.org\/sachsen\/?page_id=1842"},"modified":"2023-07-08T20:37:01","modified_gmt":"2023-07-08T18:37:01","slug":"sachsens-gewaesser","status":"publish","type":"page","link":"https:\/\/www.ewigerbund.org\/sachsen\/koenigreich-sachsen\/geografie\/sachsens-gewaesser\/","title":{"rendered":"Sachsens Gew\u00e4sser."},"content":{"rendered":"\n<p>Da Sachsen sich \u00fcberall nach Norden abdacht, ist den Gew\u00e4ssern die Hauptrichtung von der Natur vorgeschrieben. Fast alles Wasser strebt nach Norden dem Tiefland zu und findet sich im Hauptstrom des mittleren norddeutschen Tieflandes, in der Elbe, zusammen. Diese durchquert Sachsen von der S\u00fcd- bis zur Nordgrenze, nimmt aber den gr\u00f6\u00dften Teil ihrer s\u00e4chsischen Nebenfl\u00fcsse erst au\u00dferhalb der Landesgrenze auf, da der Anteil Sachsens an der Tieflandszone zu schmal ist. <\/p>\n\n\n\n<p>Die Mulde, die Spree, die beiden Elstern werden so zu selbst\u00e4ndigen Fl\u00fcssen innerhalb des K\u00f6nigreichs. Nicht zur Elbe entw\u00e4ssert wird nur die s\u00fcd\u00f6stliche Lausitz, wo die Nei\u00dfe 612 qkm s\u00e4chsischen Gebietes dem Stromgebiet der Oder anschlie\u00dft. Nennenswerte Seen besitzt Sachsen nicht, wohl aber zahlreiche gro\u00dfe Teiche, die in einzelnen Tieflandsstrecken (in der Lausitz, an der R\u00f6der und bei Mutzschen) gruppenweise auftreten.<\/p>\n\n\n\n<h2 class=\"gb-headline gb-headline-c48730e2 gb-headline-text\">L\u00e4nge und Zuflu\u00dfgebiete der Hauptfl\u00fcsse innerhalb Sachsens.<\/h2>\n\n\n\n<figure class=\"wp-block-table is-style-stripes\"><table><thead><tr><th class=\"has-text-align-left\" data-align=\"left\">Flu\u00df<\/th><th class=\"has-text-align-right\" data-align=\"right\">L\u00e4nge<\/th><th class=\"has-text-align-right\" data-align=\"right\">Fl\u00e4che<\/th><\/tr><\/thead><tbody><tr><td class=\"has-text-align-left\" data-align=\"left\">Mulde<\/td><td class=\"has-text-align-right\" data-align=\"right\">216 km<\/td><td class=\"has-text-align-right\" data-align=\"right\">5 489 km<sup>2<\/sup><\/td><\/tr><tr><td class=\"has-text-align-left\" data-align=\"left\">Elbe<\/td><td class=\"has-text-align-right\" data-align=\"right\">122 km<\/td><td class=\"has-text-align-right\" data-align=\"right\">3 343 km<sup>2<\/sup><\/td><\/tr><tr><td class=\"has-text-align-left\" data-align=\"left\">Wei\u00dfe Elster<\/td><td class=\"has-text-align-right\" data-align=\"right\">120 km<\/td><td class=\"has-text-align-right\" data-align=\"right\">2 789 km<sup>2<\/sup><\/td><\/tr><tr><td class=\"has-text-align-left\" data-align=\"left\">Eger<\/td><td class=\"has-text-align-right\" data-align=\"right\">120 km<\/td><td class=\"has-text-align-right\" data-align=\"right\">90 km<sup>2<\/sup><\/td><\/tr><tr><td class=\"has-text-align-left\" data-align=\"left\">R\u00f6der<\/td><td class=\"has-text-align-right\" data-align=\"right\">102 km<\/td><td class=\"has-text-align-right\" data-align=\"right\">933 km<sup>2<\/sup><\/td><\/tr><tr><td class=\"has-text-align-left\" data-align=\"left\">Schwarze Elster<\/td><td class=\"has-text-align-right\" data-align=\"right\">31 km<\/td><td class=\"has-text-align-right\" data-align=\"right\">887 km<sup>2<\/sup><\/td><\/tr><tr><td class=\"has-text-align-left\" data-align=\"left\">Spree<\/td><td class=\"has-text-align-right\" data-align=\"right\">71 km<\/td><td class=\"has-text-align-right\" data-align=\"right\">764 km<sup>2<\/sup><\/td><\/tr><tr><td class=\"has-text-align-left\" data-align=\"left\">Nei\u00dfe<\/td><td class=\"has-text-align-right\" data-align=\"right\">38 km<\/td><td class=\"has-text-align-right\" data-align=\"right\">764 km<sup>2<\/sup><\/td><\/tr><tr><td class=\"has-text-align-left\" data-align=\"left\">Schwarze Elster<\/td><td class=\"has-text-align-right\" data-align=\"right\">31 km<\/td><td class=\"has-text-align-right\" data-align=\"right\">887 km<sup>2<\/sup><\/td><\/tr><\/tbody><\/table><\/figure>\n\n\n\n<hr class=\"wp-block-separator has-alpha-channel-opacity is-style-dots\"\/>\n\n\n<div class=\"gb-button-wrapper gb-button-wrapper-31611099\">\n\n<a class=\"gb-button gb-button-8e536c7a\" href=\"javascript:history.back();\"><span class=\"gb-icon\"><svg aria-hidden=\"true\" role=\"img\" height=\"1em\" width=\"1em\" viewBox=\"0 0 256 512\" xmlns=\"http:\/\/www.w3.org\/2000\/svg\"><path fill=\"currentColor\" d=\"M31.7 239l136-136c9.4-9.4 24.6-9.4 33.9 0l22.6 22.6c9.4 9.4 9.4 24.6 0 33.9L127.9 256l96.4 96.4c9.4 9.4 9.4 24.6 0 33.9L201.7 409c-9.4 9.4-24.6 9.4-33.9 0l-136-136c-9.5-9.4-9.5-24.6-.1-34z\"><\/path><\/svg><\/span><span class=\"gb-button-text\"> Zur\u00fcck<\/span><\/a>\n\n<\/div>\n\n\n<p><strong>Quellangaben und Verweise.<\/strong><br><sub>Aus: Landeskunde des K\u00f6nigreichs Sachsen von Dr. J. Zemmrich, Leipzig 1905, C. J. G\u00f6schen&#8217;sche Verlagshandlung.<br>Quelle: <a href=\"https:\/\/staatsbibliothek.ewigerbund.org\/viewer\/image\/zemmrich_landeskunde_sachsen_1905\/5\/\" target=\"_blank\" rel=\"noreferrer noopener\">https:\/\/staatsbibliothek.ewigerbund.org\/viewer\/image\/zemmrich_landeskunde_sachsen_1905\/5\/<\/a><\/sub><\/p>\n\n\n\n<div style=\"height:40px\" aria-hidden=\"true\" class=\"wp-block-spacer\"><\/div>\n","protected":false},"excerpt":{"rendered":"<p>Da Sachsen sich \u00fcberall nach Norden abdacht, ist den Gew\u00e4ssern die Hauptrichtung von der Natur vorgeschrieben. Fast alles Wasser strebt nach Norden dem Tiefland zu und findet sich im Hauptstrom des mittleren norddeutschen Tieflandes, in der Elbe, zusammen. Diese durchquert Sachsen von der S\u00fcd- bis zur Nordgrenze, nimmt aber den gr\u00f6\u00dften Teil ihrer s\u00e4chsischen Nebenfl\u00fcsse &#8230; <a title=\"Sachsens Gew\u00e4sser.\" class=\"read-more\" href=\"https:\/\/www.ewigerbund.org\/sachsen\/koenigreich-sachsen\/geografie\/sachsens-gewaesser\/\" aria-label=\"Mehr zu Sachsens Gew\u00e4sser.\">Weiterlesen &#8230;<\/a><\/p>\n","protected":false},"author":1,"featured_media":0,"parent":251,"menu_order":0,"comment_status":"closed","ping_status":"closed","template":"","meta":{"footnotes":""},"categories":[15],"tags":[],"class_list":{"0":"post-1842","1":"page","2":"type-page","3":"status-publish","5":"category-geografie"},"yoast_head":"<!-- This site is optimized with the Yoast SEO plugin v23.1 - https:\/\/yoast.com\/wordpress\/plugins\/seo\/ -->\n<title>Sachsens Gew\u00e4sser. &#8226; K\u00f6nigreich Sachsen.<\/title>\n<meta name=\"robots\" content=\"index, follow, max-snippet:-1, max-image-preview:large, max-video-preview:-1\" \/>\n<link rel=\"canonical\" href=\"https:\/\/www.ewigerbund.org\/sachsen\/koenigreich-sachsen\/geografie\/sachsens-gewaesser\/\" \/>\n<meta property=\"og:locale\" content=\"de_DE\" \/>\n<meta property=\"og:type\" content=\"article\" \/>\n<meta property=\"og:title\" content=\"Sachsens Gew\u00e4sser. &#8226; K\u00f6nigreich Sachsen.\" \/>\n<meta property=\"og:description\" content=\"Da Sachsen sich \u00fcberall nach Norden abdacht, ist den Gew\u00e4ssern die Hauptrichtung von der Natur vorgeschrieben. Fast alles Wasser strebt nach Norden dem Tiefland zu und findet sich im Hauptstrom des mittleren norddeutschen Tieflandes, in der Elbe, zusammen. Diese durchquert Sachsen von der S\u00fcd- bis zur Nordgrenze, nimmt aber den gr\u00f6\u00dften Teil ihrer s\u00e4chsischen Nebenfl\u00fcsse ... Weiterlesen ...\" \/>\n<meta property=\"og:url\" content=\"https:\/\/www.ewigerbund.org\/sachsen\/koenigreich-sachsen\/geografie\/sachsens-gewaesser\/\" \/>\n<meta property=\"og:site_name\" content=\"K\u00f6nigreich Sachsen\" \/>\n<meta property=\"article:modified_time\" content=\"2023-07-08T18:37:01+00:00\" \/>\n<meta name=\"twitter:card\" content=\"summary_large_image\" \/>\n<meta name=\"twitter:label1\" content=\"Gesch\u00e4tzte Lesezeit\" \/>\n\t<meta name=\"twitter:data1\" content=\"2\u00a0Minuten\" \/>\n<script type=\"application\/ld+json\" class=\"yoast-schema-graph\">{\"@context\":\"https:\/\/schema.org\",\"@graph\":[{\"@type\":\"WebPage\",\"@id\":\"https:\/\/www.ewigerbund.org\/sachsen\/koenigreich-sachsen\/geografie\/sachsens-gewaesser\/\",\"url\":\"https:\/\/www.ewigerbund.org\/sachsen\/koenigreich-sachsen\/geografie\/sachsens-gewaesser\/\",\"name\":\"Sachsens Gew\u00e4sser. &#8226; K\u00f6nigreich Sachsen.\",\"isPartOf\":{\"@id\":\"https:\/\/www.ewigerbund.org\/sachsen\/#website\"},\"datePublished\":\"2023-07-08T18:07:48+00:00\",\"dateModified\":\"2023-07-08T18:37:01+00:00\",\"breadcrumb\":{\"@id\":\"https:\/\/www.ewigerbund.org\/sachsen\/koenigreich-sachsen\/geografie\/sachsens-gewaesser\/#breadcrumb\"},\"inLanguage\":\"de\",\"potentialAction\":[{\"@type\":\"ReadAction\",\"target\":[\"https:\/\/www.ewigerbund.org\/sachsen\/koenigreich-sachsen\/geografie\/sachsens-gewaesser\/\"]}]},{\"@type\":\"BreadcrumbList\",\"@id\":\"https:\/\/www.ewigerbund.org\/sachsen\/koenigreich-sachsen\/geografie\/sachsens-gewaesser\/#breadcrumb\",\"itemListElement\":[{\"@type\":\"ListItem\",\"position\":1,\"name\":\"Startseite.\",\"item\":\"https:\/\/www.ewigerbund.org\/sachsen\/\"},{\"@type\":\"ListItem\",\"position\":2,\"name\":\"K\u00f6nigreich Sachsen.\",\"item\":\"https:\/\/www.ewigerbund.org\/sachsen\/koenigreich-sachsen\/\"},{\"@type\":\"ListItem\",\"position\":3,\"name\":\"Geografie.\",\"item\":\"https:\/\/www.ewigerbund.org\/sachsen\/koenigreich-sachsen\/geografie\/\"},{\"@type\":\"ListItem\",\"position\":4,\"name\":\"Sachsens Gew\u00e4sser.\"}]},{\"@type\":\"WebSite\",\"@id\":\"https:\/\/www.ewigerbund.org\/sachsen\/#website\",\"url\":\"https:\/\/www.ewigerbund.org\/sachsen\/\",\"name\":\"K\u00f6nigreich Sachsen\",\"description\":\"im ewigen Bund.\",\"publisher\":{\"@id\":\"https:\/\/www.ewigerbund.org\/sachsen\/#organization\"},\"potentialAction\":[{\"@type\":\"SearchAction\",\"target\":{\"@type\":\"EntryPoint\",\"urlTemplate\":\"https:\/\/www.ewigerbund.org\/sachsen\/?s={search_term_string}\"},\"query-input\":\"required name=search_term_string\"}],\"inLanguage\":\"de\"},{\"@type\":\"Organization\",\"@id\":\"https:\/\/www.ewigerbund.org\/sachsen\/#organization\",\"name\":\"K\u00f6nigreich Sachsen\",\"url\":\"https:\/\/www.ewigerbund.org\/sachsen\/\",\"logo\":{\"@type\":\"ImageObject\",\"inLanguage\":\"de\",\"@id\":\"https:\/\/www.ewigerbund.org\/sachsen\/#\/schema\/logo\/image\/\",\"url\":\"https:\/\/www.ewigerbund.org\/sachsen\/wp-content\/uploads\/sites\/14\/2022\/11\/cropped-2022-09-10-Logo-EB-Sachsen-Schutzzone_Schatten-transparent-1200px-1.png\",\"contentUrl\":\"https:\/\/www.ewigerbund.org\/sachsen\/wp-content\/uploads\/sites\/14\/2022\/11\/cropped-2022-09-10-Logo-EB-Sachsen-Schutzzone_Schatten-transparent-1200px-1.png\",\"width\":1200,\"height\":1200,\"caption\":\"K\u00f6nigreich Sachsen\"},\"image\":{\"@id\":\"https:\/\/www.ewigerbund.org\/sachsen\/#\/schema\/logo\/image\/\"}}]}<\/script>\n<!-- \/ Yoast SEO plugin. -->","yoast_head_json":{"title":"Sachsens Gew\u00e4sser. &#8226; K\u00f6nigreich Sachsen.","robots":{"index":"index","follow":"follow","max-snippet":"max-snippet:-1","max-image-preview":"max-image-preview:large","max-video-preview":"max-video-preview:-1"},"canonical":"https:\/\/www.ewigerbund.org\/sachsen\/koenigreich-sachsen\/geografie\/sachsens-gewaesser\/","og_locale":"de_DE","og_type":"article","og_title":"Sachsens Gew\u00e4sser. &#8226; K\u00f6nigreich Sachsen.","og_description":"Da Sachsen sich \u00fcberall nach Norden abdacht, ist den Gew\u00e4ssern die Hauptrichtung von der Natur vorgeschrieben. Fast alles Wasser strebt nach Norden dem Tiefland zu und findet sich im Hauptstrom des mittleren norddeutschen Tieflandes, in der Elbe, zusammen. Diese durchquert Sachsen von der S\u00fcd- bis zur Nordgrenze, nimmt aber den gr\u00f6\u00dften Teil ihrer s\u00e4chsischen Nebenfl\u00fcsse ... Weiterlesen ...","og_url":"https:\/\/www.ewigerbund.org\/sachsen\/koenigreich-sachsen\/geografie\/sachsens-gewaesser\/","og_site_name":"K\u00f6nigreich Sachsen","article_modified_time":"2023-07-08T18:37:01+00:00","twitter_card":"summary_large_image","twitter_misc":{"Gesch\u00e4tzte Lesezeit":"2\u00a0Minuten"},"schema":{"@context":"https:\/\/schema.org","@graph":[{"@type":"WebPage","@id":"https:\/\/www.ewigerbund.org\/sachsen\/koenigreich-sachsen\/geografie\/sachsens-gewaesser\/","url":"https:\/\/www.ewigerbund.org\/sachsen\/koenigreich-sachsen\/geografie\/sachsens-gewaesser\/","name":"Sachsens Gew\u00e4sser. &#8226; K\u00f6nigreich Sachsen.","isPartOf":{"@id":"https:\/\/www.ewigerbund.org\/sachsen\/#website"},"datePublished":"2023-07-08T18:07:48+00:00","dateModified":"2023-07-08T18:37:01+00:00","breadcrumb":{"@id":"https:\/\/www.ewigerbund.org\/sachsen\/koenigreich-sachsen\/geografie\/sachsens-gewaesser\/#breadcrumb"},"inLanguage":"de","potentialAction":[{"@type":"ReadAction","target":["https:\/\/www.ewigerbund.org\/sachsen\/koenigreich-sachsen\/geografie\/sachsens-gewaesser\/"]}]},{"@type":"BreadcrumbList","@id":"https:\/\/www.ewigerbund.org\/sachsen\/koenigreich-sachsen\/geografie\/sachsens-gewaesser\/#breadcrumb","itemListElement":[{"@type":"ListItem","position":1,"name":"Startseite.","item":"https:\/\/www.ewigerbund.org\/sachsen\/"},{"@type":"ListItem","position":2,"name":"K\u00f6nigreich Sachsen.","item":"https:\/\/www.ewigerbund.org\/sachsen\/koenigreich-sachsen\/"},{"@type":"ListItem","position":3,"name":"Geografie.","item":"https:\/\/www.ewigerbund.org\/sachsen\/koenigreich-sachsen\/geografie\/"},{"@type":"ListItem","position":4,"name":"Sachsens Gew\u00e4sser."}]},{"@type":"WebSite","@id":"https:\/\/www.ewigerbund.org\/sachsen\/#website","url":"https:\/\/www.ewigerbund.org\/sachsen\/","name":"K\u00f6nigreich Sachsen","description":"im ewigen Bund.","publisher":{"@id":"https:\/\/www.ewigerbund.org\/sachsen\/#organization"},"potentialAction":[{"@type":"SearchAction","target":{"@type":"EntryPoint","urlTemplate":"https:\/\/www.ewigerbund.org\/sachsen\/?s={search_term_string}"},"query-input":"required name=search_term_string"}],"inLanguage":"de"},{"@type":"Organization","@id":"https:\/\/www.ewigerbund.org\/sachsen\/#organization","name":"K\u00f6nigreich Sachsen","url":"https:\/\/www.ewigerbund.org\/sachsen\/","logo":{"@type":"ImageObject","inLanguage":"de","@id":"https:\/\/www.ewigerbund.org\/sachsen\/#\/schema\/logo\/image\/","url":"https:\/\/www.ewigerbund.org\/sachsen\/wp-content\/uploads\/sites\/14\/2022\/11\/cropped-2022-09-10-Logo-EB-Sachsen-Schutzzone_Schatten-transparent-1200px-1.png","contentUrl":"https:\/\/www.ewigerbund.org\/sachsen\/wp-content\/uploads\/sites\/14\/2022\/11\/cropped-2022-09-10-Logo-EB-Sachsen-Schutzzone_Schatten-transparent-1200px-1.png","width":1200,"height":1200,"caption":"K\u00f6nigreich Sachsen"},"image":{"@id":"https:\/\/www.ewigerbund.org\/sachsen\/#\/schema\/logo\/image\/"}}]}},"_links":{"self":[{"href":"https:\/\/www.ewigerbund.org\/sachsen\/wp-json\/wp\/v2\/pages\/1842","targetHints":{"allow":["GET"]}}],"collection":[{"href":"https:\/\/www.ewigerbund.org\/sachsen\/wp-json\/wp\/v2\/pages"}],"about":[{"href":"https:\/\/www.ewigerbund.org\/sachsen\/wp-json\/wp\/v2\/types\/page"}],"author":[{"embeddable":true,"href":"https:\/\/www.ewigerbund.org\/sachsen\/wp-json\/wp\/v2\/users\/1"}],"replies":[{"embeddable":true,"href":"https:\/\/www.ewigerbund.org\/sachsen\/wp-json\/wp\/v2\/comments?post=1842"}],"version-history":[{"count":3,"href":"https:\/\/www.ewigerbund.org\/sachsen\/wp-json\/wp\/v2\/pages\/1842\/revisions"}],"predecessor-version":[{"id":1854,"href":"https:\/\/www.ewigerbund.org\/sachsen\/wp-json\/wp\/v2\/pages\/1842\/revisions\/1854"}],"up":[{"embeddable":true,"href":"https:\/\/www.ewigerbund.org\/sachsen\/wp-json\/wp\/v2\/pages\/251"}],"wp:attachment":[{"href":"https:\/\/www.ewigerbund.org\/sachsen\/wp-json\/wp\/v2\/media?parent=1842"}],"wp:term":[{"taxonomy":"category","embeddable":true,"href":"https:\/\/www.ewigerbund.org\/sachsen\/wp-json\/wp\/v2\/categories?post=1842"},{"taxonomy":"post_tag","embeddable":true,"href":"https:\/\/www.ewigerbund.org\/sachsen\/wp-json\/wp\/v2\/tags?post=1842"}],"curies":[{"name":"wp","href":"https:\/\/api.w.org\/{rel}","templated":true}]}}