{"id":1767,"date":"2023-07-04T21:21:53","date_gmt":"2023-07-04T19:21:53","guid":{"rendered":"https:\/\/www.ewigerbund.org\/sachsen\/?page_id=1767"},"modified":"2023-10-27T18:42:48","modified_gmt":"2023-10-27T16:42:48","slug":"wappen-und-insignien","status":"publish","type":"page","link":"https:\/\/www.ewigerbund.org\/sachsen\/das-koenigshaus\/wappen-und-insignien\/","title":{"rendered":"S\u00e4chsische Insignien."},"content":{"rendered":"\n<p>Wappen, Orden, Flaggen und Landesfarben sind seit Jahrhunderten Zeichen von Familien, Gruppen (Sippen) sowie Staaten. Insbesondere die Wappen, aber auch die Landesfarben bildeten sich \u00fcber die Zeiten der Eroberungen, Niederlagen oder Eheschlie\u00dfungen immer wieder neu. <\/p>\n\n\n\n<p>Lerne Sachsens Insignien kennen. Komm einfach mit! <\/p>\n\n\n\n<div class=\"wp-block-columns is-layout-flex wp-container-core-columns-is-layout-1 wp-block-columns-is-layout-flex\">\n<div class=\"wp-block-column cat-box-border is-layout-flow wp-block-column-is-layout-flow\">\n<figure class=\"wp-block-image size-large\"><a href=\"https:\/\/www.ewigerbund.org\/sachsen\/das-koenigshaus\/wappen-und-insignien\/kleine-allgemeine-wappenkunde\/\"><img loading=\"lazy\" decoding=\"async\" width=\"1024\" height=\"580\" src=\"https:\/\/www.ewigerbund.org\/sachsen\/wp-content\/uploads\/sites\/14\/2023\/07\/KH-Wappen-1745x989px-1024x580.jpg\" alt=\"K\u00f6nigreich Sachsen - kleine Wappenkunde\" class=\"wp-image-1765\" srcset=\"https:\/\/www.ewigerbund.org\/sachsen\/wp-content\/uploads\/sites\/14\/2023\/07\/KH-Wappen-1745x989px-1024x580.jpg 1024w, https:\/\/www.ewigerbund.org\/sachsen\/wp-content\/uploads\/sites\/14\/2023\/07\/KH-Wappen-1745x989px-300x170.jpg 300w, https:\/\/www.ewigerbund.org\/sachsen\/wp-content\/uploads\/sites\/14\/2023\/07\/KH-Wappen-1745x989px-768x435.jpg 768w, https:\/\/www.ewigerbund.org\/sachsen\/wp-content\/uploads\/sites\/14\/2023\/07\/KH-Wappen-1745x989px-1536x871.jpg 1536w, https:\/\/www.ewigerbund.org\/sachsen\/wp-content\/uploads\/sites\/14\/2023\/07\/KH-Wappen-1745x989px.jpg 1745w\" sizes=\"auto, (max-width: 1024px) 100vw, 1024px\" \/><\/a><\/figure>\n\n\n\n<p><\/p>\n\n\n\n<p>Wappen sind Zeichen zur Unterscheidung von Familien, Gruppen oder Staaten. Wir zeigen Dir die Wappen des K\u00f6nigreichs Sachsen und erkl\u00e4ren was sie darstellen.<\/p>\n\n\n\n<p><a href=\"https:\/\/www.ewigerbund.org\/sachsen\/das-koenigshaus\/wappen-und-insignien\/kleine-allgemeine-wappenkunde\/\">Kleine s\u00e4chsische Wappenkunde \u2192<\/a><\/p>\n<\/div>\n\n\n\n<div class=\"wp-block-column cat-box-border is-layout-flow wp-block-column-is-layout-flow\">\n<figure class=\"wp-block-image size-large\"><a href=\"https:\/\/www.ewigerbund.org\/sachsen\/das-koenigshaus\/wappen-und-insignien\/landesfarben\/\"><img loading=\"lazy\" decoding=\"async\" width=\"1024\" height=\"580\" src=\"https:\/\/www.ewigerbund.org\/sachsen\/wp-content\/uploads\/sites\/14\/2023\/07\/KH-Landesfarben-1745x989px-1024x580.jpg\" alt=\"Sachsens Landesfarben\" class=\"wp-image-1761\" srcset=\"https:\/\/www.ewigerbund.org\/sachsen\/wp-content\/uploads\/sites\/14\/2023\/07\/KH-Landesfarben-1745x989px-1024x580.jpg 1024w, https:\/\/www.ewigerbund.org\/sachsen\/wp-content\/uploads\/sites\/14\/2023\/07\/KH-Landesfarben-1745x989px-300x170.jpg 300w, https:\/\/www.ewigerbund.org\/sachsen\/wp-content\/uploads\/sites\/14\/2023\/07\/KH-Landesfarben-1745x989px-768x435.jpg 768w, https:\/\/www.ewigerbund.org\/sachsen\/wp-content\/uploads\/sites\/14\/2023\/07\/KH-Landesfarben-1745x989px-1536x871.jpg 1536w, https:\/\/www.ewigerbund.org\/sachsen\/wp-content\/uploads\/sites\/14\/2023\/07\/KH-Landesfarben-1745x989px.jpg 1745w\" sizes=\"auto, (max-width: 1024px) 100vw, 1024px\" \/><\/a><\/figure>\n\n\n\n<p><\/p>\n\n\n\n<p>Wei\u00df-Gr\u00fcn sind die Landesfarben der Sachsen. Das war nicht immer so. Hier erf\u00e4hrst Du, wie Sachsens Farben Wei\u00df-Gr\u00fcn wurden.<\/p>\n\n\n\n<p><a href=\"https:\/\/www.ewigerbund.org\/sachsen\/das-koenigshaus\/wappen-und-insignien\/landesfarben\/\">Sachsens Landesfarben \u2192<\/a><\/p>\n<\/div>\n<\/div>\n\n\n\n<div class=\"wp-block-columns is-layout-flex wp-container-core-columns-is-layout-2 wp-block-columns-is-layout-flex\">\n<div class=\"wp-block-column is-layout-flow wp-block-column-is-layout-flow\">\n<p>In Bearbeitung.<\/p>\n\n\n\n<p>Standarten, Flaggen, Fahnen und Orden im K\u00f6nigreich Sachsen.<\/p>\n<\/div>\n\n\n\n<div class=\"wp-block-column is-layout-flow wp-block-column-is-layout-flow\"><\/div>\n<\/div>\n","protected":false},"excerpt":{"rendered":"<p>Wappen, Orden, Flaggen und Landesfarben sind seit Jahrhunderten Zeichen von Familien, Gruppen (Sippen) sowie Staaten. Insbesondere die Wappen, aber auch die Landesfarben bildeten sich \u00fcber die Zeiten der Eroberungen, Niederlagen oder Eheschlie\u00dfungen immer wieder neu. Lerne Sachsens Insignien kennen. Komm einfach mit! Wappen sind Zeichen zur Unterscheidung von Familien, Gruppen oder Staaten. Wir zeigen Dir &#8230; <a title=\"S\u00e4chsische Insignien.\" class=\"read-more\" href=\"https:\/\/www.ewigerbund.org\/sachsen\/das-koenigshaus\/wappen-und-insignien\/\" aria-label=\"Mehr zu S\u00e4chsische Insignien.\">Weiterlesen &#8230;<\/a><\/p>\n","protected":false},"author":1,"featured_media":1765,"parent":1094,"menu_order":0,"comment_status":"closed","ping_status":"closed","template":"","meta":{"footnotes":""},"categories":[251],"tags":[],"class_list":{"0":"post-1767","1":"page","2":"type-page","3":"status-publish","4":"has-post-thumbnail","6":"category-das-koenigshaus"},"yoast_head":"<!-- This site is optimized with the Yoast SEO plugin v23.1 - https:\/\/yoast.com\/wordpress\/plugins\/seo\/ -->\n<title>S\u00e4chsische Insignien. &#8226; K\u00f6nigreich Sachsen.<\/title>\n<meta name=\"description\" content=\"Seit 1806 gibt es das K\u00f6nigreich Sachsen. Hier geht es zur kleine Wappenkunde, die Geschichte der Landesfarben und vieles mehr.\" \/>\n<meta name=\"robots\" content=\"index, follow, max-snippet:-1, max-image-preview:large, max-video-preview:-1\" \/>\n<link rel=\"canonical\" href=\"https:\/\/www.ewigerbund.org\/sachsen\/das-koenigshaus\/wappen-und-insignien\/\" \/>\n<meta property=\"og:locale\" content=\"de_DE\" \/>\n<meta property=\"og:type\" content=\"article\" \/>\n<meta property=\"og:title\" content=\"S\u00e4chsische Insignien. &#8226; K\u00f6nigreich Sachsen.\" \/>\n<meta property=\"og:description\" content=\"Seit 1806 gibt es das K\u00f6nigreich Sachsen. Hier geht es zur kleine Wappenkunde, die Geschichte der Landesfarben und vieles mehr.\" \/>\n<meta property=\"og:url\" content=\"https:\/\/www.ewigerbund.org\/sachsen\/das-koenigshaus\/wappen-und-insignien\/\" \/>\n<meta property=\"og:site_name\" content=\"K\u00f6nigreich Sachsen\" \/>\n<meta property=\"article:modified_time\" content=\"2023-10-27T16:42:48+00:00\" \/>\n<meta property=\"og:image\" content=\"https:\/\/www.ewigerbund.org\/sachsen\/wp-content\/uploads\/sites\/14\/2023\/07\/KH-Wappen-1745x989px.jpg\" \/>\n\t<meta property=\"og:image:width\" content=\"1745\" \/>\n\t<meta property=\"og:image:height\" content=\"989\" \/>\n\t<meta property=\"og:image:type\" content=\"image\/jpeg\" \/>\n<meta name=\"twitter:card\" content=\"summary_large_image\" \/>\n<meta name=\"twitter:label1\" content=\"Gesch\u00e4tzte Lesezeit\" \/>\n\t<meta name=\"twitter:data1\" content=\"1\u00a0Minute\" \/>\n<script type=\"application\/ld+json\" class=\"yoast-schema-graph\">{\"@context\":\"https:\/\/schema.org\",\"@graph\":[{\"@type\":\"WebPage\",\"@id\":\"https:\/\/www.ewigerbund.org\/sachsen\/das-koenigshaus\/wappen-und-insignien\/\",\"url\":\"https:\/\/www.ewigerbund.org\/sachsen\/das-koenigshaus\/wappen-und-insignien\/\",\"name\":\"S\u00e4chsische Insignien. &#8226; K\u00f6nigreich Sachsen.\",\"isPartOf\":{\"@id\":\"https:\/\/www.ewigerbund.org\/sachsen\/#website\"},\"primaryImageOfPage\":{\"@id\":\"https:\/\/www.ewigerbund.org\/sachsen\/das-koenigshaus\/wappen-und-insignien\/#primaryimage\"},\"image\":{\"@id\":\"https:\/\/www.ewigerbund.org\/sachsen\/das-koenigshaus\/wappen-und-insignien\/#primaryimage\"},\"thumbnailUrl\":\"https:\/\/www.ewigerbund.org\/sachsen\/wp-content\/uploads\/sites\/14\/2023\/07\/KH-Wappen-1745x989px.jpg\",\"datePublished\":\"2023-07-04T19:21:53+00:00\",\"dateModified\":\"2023-10-27T16:42:48+00:00\",\"description\":\"Seit 1806 gibt es das K\u00f6nigreich Sachsen. Hier geht es zur kleine Wappenkunde, die Geschichte der Landesfarben und vieles mehr.\",\"breadcrumb\":{\"@id\":\"https:\/\/www.ewigerbund.org\/sachsen\/das-koenigshaus\/wappen-und-insignien\/#breadcrumb\"},\"inLanguage\":\"de\",\"potentialAction\":[{\"@type\":\"ReadAction\",\"target\":[\"https:\/\/www.ewigerbund.org\/sachsen\/das-koenigshaus\/wappen-und-insignien\/\"]}]},{\"@type\":\"ImageObject\",\"inLanguage\":\"de\",\"@id\":\"https:\/\/www.ewigerbund.org\/sachsen\/das-koenigshaus\/wappen-und-insignien\/#primaryimage\",\"url\":\"https:\/\/www.ewigerbund.org\/sachsen\/wp-content\/uploads\/sites\/14\/2023\/07\/KH-Wappen-1745x989px.jpg\",\"contentUrl\":\"https:\/\/www.ewigerbund.org\/sachsen\/wp-content\/uploads\/sites\/14\/2023\/07\/KH-Wappen-1745x989px.jpg\",\"width\":1745,\"height\":989,\"caption\":\"K\u00f6nigreich Sachsen - kleine Wappenkunde\"},{\"@type\":\"BreadcrumbList\",\"@id\":\"https:\/\/www.ewigerbund.org\/sachsen\/das-koenigshaus\/wappen-und-insignien\/#breadcrumb\",\"itemListElement\":[{\"@type\":\"ListItem\",\"position\":1,\"name\":\"Startseite.\",\"item\":\"https:\/\/www.ewigerbund.org\/sachsen\/\"},{\"@type\":\"ListItem\",\"position\":2,\"name\":\"Das K\u00f6nigshaus.\",\"item\":\"https:\/\/www.ewigerbund.org\/sachsen\/das-koenigshaus\/\"},{\"@type\":\"ListItem\",\"position\":3,\"name\":\"S\u00e4chsische Insignien.\"}]},{\"@type\":\"WebSite\",\"@id\":\"https:\/\/www.ewigerbund.org\/sachsen\/#website\",\"url\":\"https:\/\/www.ewigerbund.org\/sachsen\/\",\"name\":\"K\u00f6nigreich Sachsen\",\"description\":\"im ewigen Bund.\",\"publisher\":{\"@id\":\"https:\/\/www.ewigerbund.org\/sachsen\/#organization\"},\"potentialAction\":[{\"@type\":\"SearchAction\",\"target\":{\"@type\":\"EntryPoint\",\"urlTemplate\":\"https:\/\/www.ewigerbund.org\/sachsen\/?s={search_term_string}\"},\"query-input\":\"required name=search_term_string\"}],\"inLanguage\":\"de\"},{\"@type\":\"Organization\",\"@id\":\"https:\/\/www.ewigerbund.org\/sachsen\/#organization\",\"name\":\"K\u00f6nigreich Sachsen\",\"url\":\"https:\/\/www.ewigerbund.org\/sachsen\/\",\"logo\":{\"@type\":\"ImageObject\",\"inLanguage\":\"de\",\"@id\":\"https:\/\/www.ewigerbund.org\/sachsen\/#\/schema\/logo\/image\/\",\"url\":\"https:\/\/www.ewigerbund.org\/sachsen\/wp-content\/uploads\/sites\/14\/2022\/11\/cropped-2022-09-10-Logo-EB-Sachsen-Schutzzone_Schatten-transparent-1200px-1.png\",\"contentUrl\":\"https:\/\/www.ewigerbund.org\/sachsen\/wp-content\/uploads\/sites\/14\/2022\/11\/cropped-2022-09-10-Logo-EB-Sachsen-Schutzzone_Schatten-transparent-1200px-1.png\",\"width\":1200,\"height\":1200,\"caption\":\"K\u00f6nigreich Sachsen\"},\"image\":{\"@id\":\"https:\/\/www.ewigerbund.org\/sachsen\/#\/schema\/logo\/image\/\"}}]}<\/script>\n<!-- \/ Yoast SEO plugin. -->","yoast_head_json":{"title":"S\u00e4chsische Insignien. &#8226; K\u00f6nigreich Sachsen.","description":"Seit 1806 gibt es das K\u00f6nigreich Sachsen. Hier geht es zur kleine Wappenkunde, die Geschichte der Landesfarben und vieles mehr.","robots":{"index":"index","follow":"follow","max-snippet":"max-snippet:-1","max-image-preview":"max-image-preview:large","max-video-preview":"max-video-preview:-1"},"canonical":"https:\/\/www.ewigerbund.org\/sachsen\/das-koenigshaus\/wappen-und-insignien\/","og_locale":"de_DE","og_type":"article","og_title":"S\u00e4chsische Insignien. &#8226; K\u00f6nigreich Sachsen.","og_description":"Seit 1806 gibt es das K\u00f6nigreich Sachsen. Hier geht es zur kleine Wappenkunde, die Geschichte der Landesfarben und vieles mehr.","og_url":"https:\/\/www.ewigerbund.org\/sachsen\/das-koenigshaus\/wappen-und-insignien\/","og_site_name":"K\u00f6nigreich Sachsen","article_modified_time":"2023-10-27T16:42:48+00:00","og_image":[{"width":1745,"height":989,"url":"https:\/\/www.ewigerbund.org\/sachsen\/wp-content\/uploads\/sites\/14\/2023\/07\/KH-Wappen-1745x989px.jpg","type":"image\/jpeg"}],"twitter_card":"summary_large_image","twitter_misc":{"Gesch\u00e4tzte Lesezeit":"1\u00a0Minute"},"schema":{"@context":"https:\/\/schema.org","@graph":[{"@type":"WebPage","@id":"https:\/\/www.ewigerbund.org\/sachsen\/das-koenigshaus\/wappen-und-insignien\/","url":"https:\/\/www.ewigerbund.org\/sachsen\/das-koenigshaus\/wappen-und-insignien\/","name":"S\u00e4chsische Insignien. &#8226; K\u00f6nigreich Sachsen.","isPartOf":{"@id":"https:\/\/www.ewigerbund.org\/sachsen\/#website"},"primaryImageOfPage":{"@id":"https:\/\/www.ewigerbund.org\/sachsen\/das-koenigshaus\/wappen-und-insignien\/#primaryimage"},"image":{"@id":"https:\/\/www.ewigerbund.org\/sachsen\/das-koenigshaus\/wappen-und-insignien\/#primaryimage"},"thumbnailUrl":"https:\/\/www.ewigerbund.org\/sachsen\/wp-content\/uploads\/sites\/14\/2023\/07\/KH-Wappen-1745x989px.jpg","datePublished":"2023-07-04T19:21:53+00:00","dateModified":"2023-10-27T16:42:48+00:00","description":"Seit 1806 gibt es das K\u00f6nigreich Sachsen. Hier geht es zur kleine Wappenkunde, die Geschichte der Landesfarben und vieles mehr.","breadcrumb":{"@id":"https:\/\/www.ewigerbund.org\/sachsen\/das-koenigshaus\/wappen-und-insignien\/#breadcrumb"},"inLanguage":"de","potentialAction":[{"@type":"ReadAction","target":["https:\/\/www.ewigerbund.org\/sachsen\/das-koenigshaus\/wappen-und-insignien\/"]}]},{"@type":"ImageObject","inLanguage":"de","@id":"https:\/\/www.ewigerbund.org\/sachsen\/das-koenigshaus\/wappen-und-insignien\/#primaryimage","url":"https:\/\/www.ewigerbund.org\/sachsen\/wp-content\/uploads\/sites\/14\/2023\/07\/KH-Wappen-1745x989px.jpg","contentUrl":"https:\/\/www.ewigerbund.org\/sachsen\/wp-content\/uploads\/sites\/14\/2023\/07\/KH-Wappen-1745x989px.jpg","width":1745,"height":989,"caption":"K\u00f6nigreich Sachsen - kleine Wappenkunde"},{"@type":"BreadcrumbList","@id":"https:\/\/www.ewigerbund.org\/sachsen\/das-koenigshaus\/wappen-und-insignien\/#breadcrumb","itemListElement":[{"@type":"ListItem","position":1,"name":"Startseite.","item":"https:\/\/www.ewigerbund.org\/sachsen\/"},{"@type":"ListItem","position":2,"name":"Das K\u00f6nigshaus.","item":"https:\/\/www.ewigerbund.org\/sachsen\/das-koenigshaus\/"},{"@type":"ListItem","position":3,"name":"S\u00e4chsische Insignien."}]},{"@type":"WebSite","@id":"https:\/\/www.ewigerbund.org\/sachsen\/#website","url":"https:\/\/www.ewigerbund.org\/sachsen\/","name":"K\u00f6nigreich Sachsen","description":"im ewigen Bund.","publisher":{"@id":"https:\/\/www.ewigerbund.org\/sachsen\/#organization"},"potentialAction":[{"@type":"SearchAction","target":{"@type":"EntryPoint","urlTemplate":"https:\/\/www.ewigerbund.org\/sachsen\/?s={search_term_string}"},"query-input":"required name=search_term_string"}],"inLanguage":"de"},{"@type":"Organization","@id":"https:\/\/www.ewigerbund.org\/sachsen\/#organization","name":"K\u00f6nigreich Sachsen","url":"https:\/\/www.ewigerbund.org\/sachsen\/","logo":{"@type":"ImageObject","inLanguage":"de","@id":"https:\/\/www.ewigerbund.org\/sachsen\/#\/schema\/logo\/image\/","url":"https:\/\/www.ewigerbund.org\/sachsen\/wp-content\/uploads\/sites\/14\/2022\/11\/cropped-2022-09-10-Logo-EB-Sachsen-Schutzzone_Schatten-transparent-1200px-1.png","contentUrl":"https:\/\/www.ewigerbund.org\/sachsen\/wp-content\/uploads\/sites\/14\/2022\/11\/cropped-2022-09-10-Logo-EB-Sachsen-Schutzzone_Schatten-transparent-1200px-1.png","width":1200,"height":1200,"caption":"K\u00f6nigreich Sachsen"},"image":{"@id":"https:\/\/www.ewigerbund.org\/sachsen\/#\/schema\/logo\/image\/"}}]}},"_links":{"self":[{"href":"https:\/\/www.ewigerbund.org\/sachsen\/wp-json\/wp\/v2\/pages\/1767","targetHints":{"allow":["GET"]}}],"collection":[{"href":"https:\/\/www.ewigerbund.org\/sachsen\/wp-json\/wp\/v2\/pages"}],"about":[{"href":"https:\/\/www.ewigerbund.org\/sachsen\/wp-json\/wp\/v2\/types\/page"}],"author":[{"embeddable":true,"href":"https:\/\/www.ewigerbund.org\/sachsen\/wp-json\/wp\/v2\/users\/1"}],"replies":[{"embeddable":true,"href":"https:\/\/www.ewigerbund.org\/sachsen\/wp-json\/wp\/v2\/comments?post=1767"}],"version-history":[{"count":14,"href":"https:\/\/www.ewigerbund.org\/sachsen\/wp-json\/wp\/v2\/pages\/1767\/revisions"}],"predecessor-version":[{"id":2053,"href":"https:\/\/www.ewigerbund.org\/sachsen\/wp-json\/wp\/v2\/pages\/1767\/revisions\/2053"}],"up":[{"embeddable":true,"href":"https:\/\/www.ewigerbund.org\/sachsen\/wp-json\/wp\/v2\/pages\/1094"}],"wp:featuredmedia":[{"embeddable":true,"href":"https:\/\/www.ewigerbund.org\/sachsen\/wp-json\/wp\/v2\/media\/1765"}],"wp:attachment":[{"href":"https:\/\/www.ewigerbund.org\/sachsen\/wp-json\/wp\/v2\/media?parent=1767"}],"wp:term":[{"taxonomy":"category","embeddable":true,"href":"https:\/\/www.ewigerbund.org\/sachsen\/wp-json\/wp\/v2\/categories?post=1767"},{"taxonomy":"post_tag","embeddable":true,"href":"https:\/\/www.ewigerbund.org\/sachsen\/wp-json\/wp\/v2\/tags?post=1767"}],"curies":[{"name":"wp","href":"https:\/\/api.w.org\/{rel}","templated":true}]}}