{"id":1726,"date":"2023-06-11T19:00:08","date_gmt":"2023-06-11T17:00:08","guid":{"rendered":"https:\/\/www.ewigerbund.org\/sachsen\/?page_id=1726"},"modified":"2023-11-30T18:49:29","modified_gmt":"2023-11-30T17:49:29","slug":"landesverwaltung","status":"publish","type":"page","link":"https:\/\/www.ewigerbund.org\/sachsen\/landesverwaltung\/","title":{"rendered":"Landesverwaltung."},"content":{"rendered":"\n<h2 class=\"wp-block-heading\">Die Staatsform des K\u00f6nigreich Sachsen.<\/h2>\n\n\n\n<p>Das K\u00f6nigreich Sachsen ist ein unter einer Verfassung vereinigter, unteilbarer Staat des Deutschen Reiches. Die Regierungsform ist monarchisch mit landesst\u00e4ndiger Verfassung. Das hei\u00dft, es existiert eine Verfassung mit Beteiligung einer St\u00e4ndeversammlung. Unter St\u00e4nde bzw. St\u00e4ndeversammlung versteht man ein <em>konstitutionelles Parlament<\/em>* mit 2 Kammern in Sachsen bzw. den Landtag. Das <a href=\"https:\/\/www.ewigerbund.org\/sachsen\/landesverwaltung\/staatsoberhaupt\/\">Staatsoberhaupt<\/a> ist der K\u00f6nig und f\u00fcr die Landesverwaltung sind die einzelnen <a href=\"https:\/\/www.ewigerbund.org\/sachsen\/landesverwaltung\/die-ministerien\/\">Ministerien<\/a> zust\u00e4ndig.<\/p>\n\n\n\n<div class=\"wp-block-columns is-layout-flex wp-container-core-columns-is-layout-1 wp-block-columns-is-layout-flex\">\n<div class=\"wp-block-column cat-box-border is-layout-flow wp-block-column-is-layout-flow\">\n<p>*<strong>Konstitutionelles Parlament.<\/strong><\/p>\n\n\n\n<p>\u201e<em>Volksvertretung (Volksrepr\u00e4sentation), das aus gew\u00e4hlten oder sonstwie bestellten Mitgliedern (Abgeordnete, Deputierte, Landst\u00e4nde, Repr\u00e4sentanten) zusammengesetzte Vertretungsorgan (Landtag, Parlament, Gesetzgebender K\u00f6rper), das die Interessen des Volkes gegen\u00fcber der Regierung wahrnimmt, und dem ein Recht der Mitwirkung bez\u00fcglich wichtiger Staatshandlungen, namentlich der Gesetzgebung und der Ordnung des Staatshaushaltes, zusteht.\u201c<\/em><\/p>\n<\/div>\n<\/div>\n\n\n\n<h2 class=\"wp-block-heading\">Gewaltenteilung im K\u00f6nigreich Sachsen.<\/h2>\n\n\n\n<p>Im K\u00f6nigreich Sachsen wurde die Gewaltenteilung durch das A-Gesetz vom 28. Januar 1835 eingef\u00fchrt und bestand aus drei unabh\u00e4ngigen S\u00e4ulen:<\/p>\n\n\n\n<ol class=\"wp-block-list\">\n<li><strong>Die gesetzgebende Gewalt (Legislative):<\/strong> Die St\u00e4ndeversammlung, bestehend aus zwei Kammern, bildete das Parlament, das f\u00fcr die Gesetzgebung verantwortlich war.<\/li>\n\n\n\n<li><strong>Die ausf\u00fchrende Gewalt (Exekutive):<\/strong> Die innere Verwaltung wurde von den Kreishauptmannschaften als Landespolizeibeh\u00f6rden \u00fcbernommen, mit Sitz in Dresden, Leipzig, Zwickau, Chemnitz und Bautzen. Die Polizei in den Gemeinden fungierte als Organ der ausf\u00fchrenden Gewalt, zust\u00e4ndig f\u00fcr die Aufrechterhaltung der \u00f6ffentlichen Ruhe, Sicherheit und Ordnung.<\/li>\n\n\n\n<li><strong>Die richterliche Gewalt (Judikative):<\/strong> Die Amtsgerichte, Landgerichte, das Oberlandesgericht und das Reichsgericht dienten als Organe der richterlichen Gewalt, um die Justiz im K\u00f6nigreich Sachsen zu repr\u00e4sentieren.<\/li>\n<\/ol>\n\n\n\n<p>  <\/p>\n\n\n\n<div class=\"wp-block-columns is-layout-flex wp-container-core-columns-is-layout-2 wp-block-columns-is-layout-flex\">\n<div class=\"wp-block-column is-vertically-aligned-top cat-box-border is-layout-flow wp-block-column-is-layout-flow\">\n<figure class=\"wp-block-image size-large\"><a href=\"https:\/\/www.ewigerbund.org\/sachsen\/landesverwaltung\/die-legislative\/\"><img loading=\"lazy\" decoding=\"async\" width=\"1024\" height=\"580\" src=\"https:\/\/www.ewigerbund.org\/sachsen\/wp-content\/uploads\/sites\/14\/2023\/09\/1915-Staendehaus-Schlossstrasse-1024x580.jpg\" alt=\"St\u00e4ndehaus des K\u00f6nigreich Sachsen 1915\" class=\"wp-image-2086\" srcset=\"https:\/\/www.ewigerbund.org\/sachsen\/wp-content\/uploads\/sites\/14\/2023\/09\/1915-Staendehaus-Schlossstrasse-1024x580.jpg 1024w, https:\/\/www.ewigerbund.org\/sachsen\/wp-content\/uploads\/sites\/14\/2023\/09\/1915-Staendehaus-Schlossstrasse-300x170.jpg 300w, https:\/\/www.ewigerbund.org\/sachsen\/wp-content\/uploads\/sites\/14\/2023\/09\/1915-Staendehaus-Schlossstrasse-768x435.jpg 768w, https:\/\/www.ewigerbund.org\/sachsen\/wp-content\/uploads\/sites\/14\/2023\/09\/1915-Staendehaus-Schlossstrasse-1536x871.jpg 1536w, https:\/\/www.ewigerbund.org\/sachsen\/wp-content\/uploads\/sites\/14\/2023\/09\/1915-Staendehaus-Schlossstrasse.jpg 1745w\" sizes=\"auto, (max-width: 1024px) 100vw, 1024px\" \/><\/a><\/figure>\n\n\n\n<div style=\"height:20px\" aria-hidden=\"true\" class=\"wp-block-spacer\"><\/div>\n\n\n\n<p class=\"has-text-align-center\">Gesetzgebende Gewalt. <br>&#8211; Legislative &#8211;<\/p>\n\n\n<div class=\"gb-button-wrapper gb-button-wrapper-1bf849d1\">\n\n<a class=\"gb-button gb-button-11a845d2 gb-button-text\" href=\"https:\/\/www.ewigerbund.org\/sachsen\/landesverwaltung\/die-legislative\/\">Der s\u00e4chsische Landtag.<\/a>\n\n<\/div><\/div>\n\n\n\n<div class=\"wp-block-column is-vertically-aligned-top cat-box-border is-layout-flow wp-block-column-is-layout-flow\">\n<figure class=\"wp-block-image size-large\"><a href=\"https:\/\/www.ewigerbund.org\/sachsen\/landesverwaltung\/oberste-staatsbehoerde\/\"><img loading=\"lazy\" decoding=\"async\" width=\"1024\" height=\"580\" src=\"https:\/\/www.ewigerbund.org\/sachsen\/wp-content\/uploads\/sites\/14\/2023\/09\/LT-Verfassung-1745x989px-1024x580.jpg\" alt=\"Verfassung K\u00f6nigreich Sachsen\" class=\"wp-image-2076\" srcset=\"https:\/\/www.ewigerbund.org\/sachsen\/wp-content\/uploads\/sites\/14\/2023\/09\/LT-Verfassung-1745x989px-1024x580.jpg 1024w, https:\/\/www.ewigerbund.org\/sachsen\/wp-content\/uploads\/sites\/14\/2023\/09\/LT-Verfassung-1745x989px-300x170.jpg 300w, https:\/\/www.ewigerbund.org\/sachsen\/wp-content\/uploads\/sites\/14\/2023\/09\/LT-Verfassung-1745x989px-768x435.jpg 768w, https:\/\/www.ewigerbund.org\/sachsen\/wp-content\/uploads\/sites\/14\/2023\/09\/LT-Verfassung-1745x989px-1536x871.jpg 1536w, https:\/\/www.ewigerbund.org\/sachsen\/wp-content\/uploads\/sites\/14\/2023\/09\/LT-Verfassung-1745x989px.jpg 1745w\" sizes=\"auto, (max-width: 1024px) 100vw, 1024px\" \/><\/a><\/figure>\n\n\n\n<div style=\"height:20px\" aria-hidden=\"true\" class=\"wp-block-spacer\"><\/div>\n\n\n\n<p class=\"has-text-align-center\">Ausf\u00fchrende Gewalt. <br>&#8211; Exekutive &#8211;<\/p>\n\n\n<div class=\"gb-button-wrapper gb-button-wrapper-34460e13\">\n\n<a class=\"gb-button gb-button-5fdaff7c gb-button-text\" href=\"https:\/\/www.ewigerbund.org\/sachsen\/landesverwaltung\/oberste-staatsbehoerde\/\">Die Verwaltungsbeh\u00f6rden.<\/a>\n\n<\/div><\/div>\n\n\n\n<div class=\"wp-block-column is-vertically-aligned-top cat-box-border is-layout-flow wp-block-column-is-layout-flow\">\n<figure class=\"wp-block-image size-large\"><a href=\"https:\/\/www.ewigerbund.org\/sachsen\/judikative\/\"><img loading=\"lazy\" decoding=\"async\" width=\"1024\" height=\"580\" src=\"https:\/\/www.ewigerbund.org\/sachsen\/wp-content\/uploads\/sites\/14\/2023\/09\/1904-Justizministerium-Dueppelstrasse1-Koenigsufer2-1-1024x580.jpg\" alt=\"\" class=\"wp-image-2186\" srcset=\"https:\/\/www.ewigerbund.org\/sachsen\/wp-content\/uploads\/sites\/14\/2023\/09\/1904-Justizministerium-Dueppelstrasse1-Koenigsufer2-1-1024x580.jpg 1024w, https:\/\/www.ewigerbund.org\/sachsen\/wp-content\/uploads\/sites\/14\/2023\/09\/1904-Justizministerium-Dueppelstrasse1-Koenigsufer2-1-300x170.jpg 300w, https:\/\/www.ewigerbund.org\/sachsen\/wp-content\/uploads\/sites\/14\/2023\/09\/1904-Justizministerium-Dueppelstrasse1-Koenigsufer2-1-768x435.jpg 768w, https:\/\/www.ewigerbund.org\/sachsen\/wp-content\/uploads\/sites\/14\/2023\/09\/1904-Justizministerium-Dueppelstrasse1-Koenigsufer2-1-1536x871.jpg 1536w, https:\/\/www.ewigerbund.org\/sachsen\/wp-content\/uploads\/sites\/14\/2023\/09\/1904-Justizministerium-Dueppelstrasse1-Koenigsufer2-1.jpg 1745w\" sizes=\"auto, (max-width: 1024px) 100vw, 1024px\" \/><\/a><\/figure>\n\n\n\n<div style=\"height:20px\" aria-hidden=\"true\" class=\"wp-block-spacer\"><\/div>\n\n\n\n<p class=\"has-text-align-center\">Richterliche Gewalt. <br>&#8211; Judikative &#8211;<\/p>\n\n\n<div class=\"gb-button-wrapper gb-button-wrapper-3547c317\">\n\n<a class=\"gb-button gb-button-2c86f44e gb-button-text\" href=\"https:\/\/www.ewigerbund.org\/sachsen\/judikative\/\">Justiz und Rechtsprechung. <\/a>\n\n<\/div><\/div>\n<\/div>\n\n\n\n<div style=\"height:40px\" aria-hidden=\"true\" class=\"wp-block-spacer\"><\/div>\n\n\n\n<h2 class=\"wp-block-heading\">Die administrative Gliederung des K\u00f6nigreichs Sachsen.<\/h2>\n\n\n\n<p>Das K\u00f6nigreich Sachsen gliedert sich in 5 Kreishauptmannschaften. <\/p>\n\n\n\n<ul class=\"wp-block-list\">\n<li>3177 Gemeinden, darunter\n<ul class=\"wp-block-list\">\n<li>9 Mittelst\u00e4dte mit 20.000 \u2013 100.000 Einwohner und<\/li>\n\n\n\n<li>4 Gro\u00dfst\u00e4dte mit \u00fcber 100.000 Einwohner\n<ul class=\"wp-block-list\">\n<li>Dresden,<\/li>\n\n\n\n<li>Leipzig,<\/li>\n\n\n\n<li>Chemnitz,<\/li>\n\n\n\n<li>Plauen.<\/li>\n<\/ul>\n<\/li>\n<\/ul>\n<\/li>\n<\/ul>\n\n\n\n<p>Das Land hat im Jahr 1885<\/p>\n\n\n\n<ul class=\"wp-block-list\">\n<li>143 St\u00e4dte und<\/li>\n\n\n\n<li>3118 Landgemeinden\n<ul class=\"wp-block-list\">\n<li>davon 920 Ritterg\u00fcter.<\/li>\n<\/ul>\n<\/li>\n<\/ul>\n\n\n\n<div class=\"wp-block-columns cat-box-border is-layout-flex wp-container-core-columns-is-layout-3 wp-block-columns-is-layout-flex\">\n<div class=\"wp-block-column is-layout-flow wp-block-column-is-layout-flow\">\n<figure class=\"wp-block-image size-large\"><a href=\"https:\/\/www.ewigerbund.org\/sachsen\/landesverwaltung\/verfassungsurkunde\/\"><img loading=\"lazy\" decoding=\"async\" width=\"1024\" height=\"580\" src=\"https:\/\/www.ewigerbund.org\/sachsen\/wp-content\/uploads\/sites\/14\/2023\/09\/LT-Verfassung-1745x989px-1024x580.jpg\" alt=\"Verfassung K\u00f6nigreich Sachsen\" class=\"wp-image-2076\" srcset=\"https:\/\/www.ewigerbund.org\/sachsen\/wp-content\/uploads\/sites\/14\/2023\/09\/LT-Verfassung-1745x989px-1024x580.jpg 1024w, https:\/\/www.ewigerbund.org\/sachsen\/wp-content\/uploads\/sites\/14\/2023\/09\/LT-Verfassung-1745x989px-300x170.jpg 300w, https:\/\/www.ewigerbund.org\/sachsen\/wp-content\/uploads\/sites\/14\/2023\/09\/LT-Verfassung-1745x989px-768x435.jpg 768w, https:\/\/www.ewigerbund.org\/sachsen\/wp-content\/uploads\/sites\/14\/2023\/09\/LT-Verfassung-1745x989px-1536x871.jpg 1536w, https:\/\/www.ewigerbund.org\/sachsen\/wp-content\/uploads\/sites\/14\/2023\/09\/LT-Verfassung-1745x989px.jpg 1745w\" sizes=\"auto, (max-width: 1024px) 100vw, 1024px\" \/><\/a><\/figure>\n<\/div>\n\n\n\n<div class=\"wp-block-column is-vertically-aligned-center is-layout-flow wp-block-column-is-layout-flow\">\n<h3 class=\"wp-block-heading\">Verfassungsurkunde.<\/h3>\n\n\n\n<p>&#8222;<em>Wer seine Rechte nicht kennt, hat keine.<\/em>&#8220; <br>Die s\u00e4chsische Verfassung sollte jeder Sachse kennen.<\/p>\n\n\n\n<p><a href=\"https:\/\/www.ewigerbund.org\/sachsen\/landesverwaltung\/verfassungsurkunde\/\">Jetzt online lesen. \u2192<\/a><\/p>\n<\/div>\n<\/div>\n\n\n\n<hr class=\"wp-block-separator has-alpha-channel-opacity is-style-dots\"\/>\n\n\n\n<p><strong>Quellangaben und Verweise.<\/strong><\/p>\n\n\n\n<p><sub>Aus <a href=\"http:\/\/www.zeno.org\/Meyers-1905\/A\/Volksvertretung?hl=konstitutionelles+parlament\" target=\"_blank\" rel=\"noreferrer noopener\">Meyers Gro\u00dfes Konversationslexikon<\/a>.<br>Aus <a href=\"https:\/\/staatsbibliothek.ewigerbund.org\/ppnresolver?id=staatshandbuch_sachsen_1914\" target=\"_blank\" rel=\"noreferrer noopener\">Staatshandbuch f\u00fcr das K\u00f6nigreich Sachsen auf das Jahr 1914<\/a>.<\/sub><\/p>\n","protected":false},"excerpt":{"rendered":"<p>Die Staatsform des K\u00f6nigreich Sachsen. Das K\u00f6nigreich Sachsen ist ein unter einer Verfassung vereinigter, unteilbarer Staat des Deutschen Reiches. Die Regierungsform ist monarchisch mit landesst\u00e4ndiger Verfassung. Das hei\u00dft, es existiert eine Verfassung mit Beteiligung einer St\u00e4ndeversammlung. Unter St\u00e4nde bzw. St\u00e4ndeversammlung versteht man ein konstitutionelles Parlament* mit 2 Kammern in Sachsen bzw. den Landtag. Das Staatsoberhaupt &#8230; <a title=\"Landesverwaltung.\" class=\"read-more\" href=\"https:\/\/www.ewigerbund.org\/sachsen\/landesverwaltung\/\" aria-label=\"Mehr zu Landesverwaltung.\">Weiterlesen &#8230;<\/a><\/p>\n","protected":false},"author":1,"featured_media":0,"parent":0,"menu_order":0,"comment_status":"closed","ping_status":"closed","template":"","meta":{"footnotes":""},"categories":[],"tags":[],"class_list":["post-1726","page","type-page","status-publish"],"yoast_head":"<!-- This site is optimized with the Yoast SEO plugin v23.1 - https:\/\/yoast.com\/wordpress\/plugins\/seo\/ -->\n<title>Landesverwaltung. &#8226; K\u00f6nigreich Sachsen.<\/title>\n<meta name=\"description\" content=\"Das K\u00f6nigreich Sachsen ist ein unter einer Verfassung vereinigter, unteilbarer Staat des Deutschen Reiches. Wie ist das K\u00f6nigreich aufgebaut?\" \/>\n<meta name=\"robots\" content=\"index, follow, max-snippet:-1, max-image-preview:large, max-video-preview:-1\" \/>\n<link rel=\"canonical\" href=\"https:\/\/www.ewigerbund.org\/sachsen\/landesverwaltung\/\" \/>\n<meta property=\"og:locale\" content=\"de_DE\" \/>\n<meta property=\"og:type\" content=\"article\" \/>\n<meta property=\"og:title\" content=\"Landesverwaltung. &#8226; K\u00f6nigreich Sachsen.\" \/>\n<meta property=\"og:description\" content=\"Das K\u00f6nigreich Sachsen ist ein unter einer Verfassung vereinigter, unteilbarer Staat des Deutschen Reiches. Wie ist das K\u00f6nigreich aufgebaut?\" \/>\n<meta property=\"og:url\" content=\"https:\/\/www.ewigerbund.org\/sachsen\/landesverwaltung\/\" \/>\n<meta property=\"og:site_name\" content=\"K\u00f6nigreich Sachsen\" \/>\n<meta property=\"article:modified_time\" content=\"2023-11-30T17:49:29+00:00\" \/>\n<meta property=\"og:image\" content=\"https:\/\/www.ewigerbund.org\/sachsen\/wp-content\/uploads\/sites\/14\/2023\/09\/1915-Staendehaus-Schlossstrasse-1024x580.jpg\" \/>\n<meta name=\"twitter:card\" content=\"summary_large_image\" \/>\n<meta name=\"twitter:label1\" content=\"Gesch\u00e4tzte Lesezeit\" \/>\n\t<meta name=\"twitter:data1\" content=\"3\u00a0Minuten\" \/>\n<script type=\"application\/ld+json\" class=\"yoast-schema-graph\">{\"@context\":\"https:\/\/schema.org\",\"@graph\":[{\"@type\":\"WebPage\",\"@id\":\"https:\/\/www.ewigerbund.org\/sachsen\/landesverwaltung\/\",\"url\":\"https:\/\/www.ewigerbund.org\/sachsen\/landesverwaltung\/\",\"name\":\"Landesverwaltung. &#8226; K\u00f6nigreich Sachsen.\",\"isPartOf\":{\"@id\":\"https:\/\/www.ewigerbund.org\/sachsen\/#website\"},\"primaryImageOfPage\":{\"@id\":\"https:\/\/www.ewigerbund.org\/sachsen\/landesverwaltung\/#primaryimage\"},\"image\":{\"@id\":\"https:\/\/www.ewigerbund.org\/sachsen\/landesverwaltung\/#primaryimage\"},\"thumbnailUrl\":\"https:\/\/www.ewigerbund.org\/sachsen\/wp-content\/uploads\/sites\/14\/2023\/09\/1915-Staendehaus-Schlossstrasse-1024x580.jpg\",\"datePublished\":\"2023-06-11T17:00:08+00:00\",\"dateModified\":\"2023-11-30T17:49:29+00:00\",\"description\":\"Das K\u00f6nigreich Sachsen ist ein unter einer Verfassung vereinigter, unteilbarer Staat des Deutschen Reiches. Wie ist das K\u00f6nigreich aufgebaut?\",\"breadcrumb\":{\"@id\":\"https:\/\/www.ewigerbund.org\/sachsen\/landesverwaltung\/#breadcrumb\"},\"inLanguage\":\"de\",\"potentialAction\":[{\"@type\":\"ReadAction\",\"target\":[\"https:\/\/www.ewigerbund.org\/sachsen\/landesverwaltung\/\"]}]},{\"@type\":\"ImageObject\",\"inLanguage\":\"de\",\"@id\":\"https:\/\/www.ewigerbund.org\/sachsen\/landesverwaltung\/#primaryimage\",\"url\":\"https:\/\/www.ewigerbund.org\/sachsen\/wp-content\/uploads\/sites\/14\/2023\/09\/1915-Staendehaus-Schlossstrasse.jpg\",\"contentUrl\":\"https:\/\/www.ewigerbund.org\/sachsen\/wp-content\/uploads\/sites\/14\/2023\/09\/1915-Staendehaus-Schlossstrasse.jpg\",\"width\":1745,\"height\":989,\"caption\":\"St\u00e4ndehaus des K\u00f6nigreich Sachsen 1915\"},{\"@type\":\"BreadcrumbList\",\"@id\":\"https:\/\/www.ewigerbund.org\/sachsen\/landesverwaltung\/#breadcrumb\",\"itemListElement\":[{\"@type\":\"ListItem\",\"position\":1,\"name\":\"Startseite.\",\"item\":\"https:\/\/www.ewigerbund.org\/sachsen\/\"},{\"@type\":\"ListItem\",\"position\":2,\"name\":\"Landesverwaltung.\"}]},{\"@type\":\"WebSite\",\"@id\":\"https:\/\/www.ewigerbund.org\/sachsen\/#website\",\"url\":\"https:\/\/www.ewigerbund.org\/sachsen\/\",\"name\":\"K\u00f6nigreich Sachsen\",\"description\":\"im ewigen Bund.\",\"publisher\":{\"@id\":\"https:\/\/www.ewigerbund.org\/sachsen\/#organization\"},\"potentialAction\":[{\"@type\":\"SearchAction\",\"target\":{\"@type\":\"EntryPoint\",\"urlTemplate\":\"https:\/\/www.ewigerbund.org\/sachsen\/?s={search_term_string}\"},\"query-input\":\"required name=search_term_string\"}],\"inLanguage\":\"de\"},{\"@type\":\"Organization\",\"@id\":\"https:\/\/www.ewigerbund.org\/sachsen\/#organization\",\"name\":\"K\u00f6nigreich Sachsen\",\"url\":\"https:\/\/www.ewigerbund.org\/sachsen\/\",\"logo\":{\"@type\":\"ImageObject\",\"inLanguage\":\"de\",\"@id\":\"https:\/\/www.ewigerbund.org\/sachsen\/#\/schema\/logo\/image\/\",\"url\":\"https:\/\/www.ewigerbund.org\/sachsen\/wp-content\/uploads\/sites\/14\/2022\/11\/cropped-2022-09-10-Logo-EB-Sachsen-Schutzzone_Schatten-transparent-1200px-1.png\",\"contentUrl\":\"https:\/\/www.ewigerbund.org\/sachsen\/wp-content\/uploads\/sites\/14\/2022\/11\/cropped-2022-09-10-Logo-EB-Sachsen-Schutzzone_Schatten-transparent-1200px-1.png\",\"width\":1200,\"height\":1200,\"caption\":\"K\u00f6nigreich Sachsen\"},\"image\":{\"@id\":\"https:\/\/www.ewigerbund.org\/sachsen\/#\/schema\/logo\/image\/\"}}]}<\/script>\n<!-- \/ Yoast SEO plugin. -->","yoast_head_json":{"title":"Landesverwaltung. &#8226; K\u00f6nigreich Sachsen.","description":"Das K\u00f6nigreich Sachsen ist ein unter einer Verfassung vereinigter, unteilbarer Staat des Deutschen Reiches. Wie ist das K\u00f6nigreich aufgebaut?","robots":{"index":"index","follow":"follow","max-snippet":"max-snippet:-1","max-image-preview":"max-image-preview:large","max-video-preview":"max-video-preview:-1"},"canonical":"https:\/\/www.ewigerbund.org\/sachsen\/landesverwaltung\/","og_locale":"de_DE","og_type":"article","og_title":"Landesverwaltung. &#8226; K\u00f6nigreich Sachsen.","og_description":"Das K\u00f6nigreich Sachsen ist ein unter einer Verfassung vereinigter, unteilbarer Staat des Deutschen Reiches. Wie ist das K\u00f6nigreich aufgebaut?","og_url":"https:\/\/www.ewigerbund.org\/sachsen\/landesverwaltung\/","og_site_name":"K\u00f6nigreich Sachsen","article_modified_time":"2023-11-30T17:49:29+00:00","og_image":[{"url":"https:\/\/www.ewigerbund.org\/sachsen\/wp-content\/uploads\/sites\/14\/2023\/09\/1915-Staendehaus-Schlossstrasse-1024x580.jpg"}],"twitter_card":"summary_large_image","twitter_misc":{"Gesch\u00e4tzte Lesezeit":"3\u00a0Minuten"},"schema":{"@context":"https:\/\/schema.org","@graph":[{"@type":"WebPage","@id":"https:\/\/www.ewigerbund.org\/sachsen\/landesverwaltung\/","url":"https:\/\/www.ewigerbund.org\/sachsen\/landesverwaltung\/","name":"Landesverwaltung. &#8226; K\u00f6nigreich Sachsen.","isPartOf":{"@id":"https:\/\/www.ewigerbund.org\/sachsen\/#website"},"primaryImageOfPage":{"@id":"https:\/\/www.ewigerbund.org\/sachsen\/landesverwaltung\/#primaryimage"},"image":{"@id":"https:\/\/www.ewigerbund.org\/sachsen\/landesverwaltung\/#primaryimage"},"thumbnailUrl":"https:\/\/www.ewigerbund.org\/sachsen\/wp-content\/uploads\/sites\/14\/2023\/09\/1915-Staendehaus-Schlossstrasse-1024x580.jpg","datePublished":"2023-06-11T17:00:08+00:00","dateModified":"2023-11-30T17:49:29+00:00","description":"Das K\u00f6nigreich Sachsen ist ein unter einer Verfassung vereinigter, unteilbarer Staat des Deutschen Reiches. Wie ist das K\u00f6nigreich aufgebaut?","breadcrumb":{"@id":"https:\/\/www.ewigerbund.org\/sachsen\/landesverwaltung\/#breadcrumb"},"inLanguage":"de","potentialAction":[{"@type":"ReadAction","target":["https:\/\/www.ewigerbund.org\/sachsen\/landesverwaltung\/"]}]},{"@type":"ImageObject","inLanguage":"de","@id":"https:\/\/www.ewigerbund.org\/sachsen\/landesverwaltung\/#primaryimage","url":"https:\/\/www.ewigerbund.org\/sachsen\/wp-content\/uploads\/sites\/14\/2023\/09\/1915-Staendehaus-Schlossstrasse.jpg","contentUrl":"https:\/\/www.ewigerbund.org\/sachsen\/wp-content\/uploads\/sites\/14\/2023\/09\/1915-Staendehaus-Schlossstrasse.jpg","width":1745,"height":989,"caption":"St\u00e4ndehaus des K\u00f6nigreich Sachsen 1915"},{"@type":"BreadcrumbList","@id":"https:\/\/www.ewigerbund.org\/sachsen\/landesverwaltung\/#breadcrumb","itemListElement":[{"@type":"ListItem","position":1,"name":"Startseite.","item":"https:\/\/www.ewigerbund.org\/sachsen\/"},{"@type":"ListItem","position":2,"name":"Landesverwaltung."}]},{"@type":"WebSite","@id":"https:\/\/www.ewigerbund.org\/sachsen\/#website","url":"https:\/\/www.ewigerbund.org\/sachsen\/","name":"K\u00f6nigreich Sachsen","description":"im ewigen Bund.","publisher":{"@id":"https:\/\/www.ewigerbund.org\/sachsen\/#organization"},"potentialAction":[{"@type":"SearchAction","target":{"@type":"EntryPoint","urlTemplate":"https:\/\/www.ewigerbund.org\/sachsen\/?s={search_term_string}"},"query-input":"required name=search_term_string"}],"inLanguage":"de"},{"@type":"Organization","@id":"https:\/\/www.ewigerbund.org\/sachsen\/#organization","name":"K\u00f6nigreich Sachsen","url":"https:\/\/www.ewigerbund.org\/sachsen\/","logo":{"@type":"ImageObject","inLanguage":"de","@id":"https:\/\/www.ewigerbund.org\/sachsen\/#\/schema\/logo\/image\/","url":"https:\/\/www.ewigerbund.org\/sachsen\/wp-content\/uploads\/sites\/14\/2022\/11\/cropped-2022-09-10-Logo-EB-Sachsen-Schutzzone_Schatten-transparent-1200px-1.png","contentUrl":"https:\/\/www.ewigerbund.org\/sachsen\/wp-content\/uploads\/sites\/14\/2022\/11\/cropped-2022-09-10-Logo-EB-Sachsen-Schutzzone_Schatten-transparent-1200px-1.png","width":1200,"height":1200,"caption":"K\u00f6nigreich Sachsen"},"image":{"@id":"https:\/\/www.ewigerbund.org\/sachsen\/#\/schema\/logo\/image\/"}}]}},"_links":{"self":[{"href":"https:\/\/www.ewigerbund.org\/sachsen\/wp-json\/wp\/v2\/pages\/1726","targetHints":{"allow":["GET"]}}],"collection":[{"href":"https:\/\/www.ewigerbund.org\/sachsen\/wp-json\/wp\/v2\/pages"}],"about":[{"href":"https:\/\/www.ewigerbund.org\/sachsen\/wp-json\/wp\/v2\/types\/page"}],"author":[{"embeddable":true,"href":"https:\/\/www.ewigerbund.org\/sachsen\/wp-json\/wp\/v2\/users\/1"}],"replies":[{"embeddable":true,"href":"https:\/\/www.ewigerbund.org\/sachsen\/wp-json\/wp\/v2\/comments?post=1726"}],"version-history":[{"count":35,"href":"https:\/\/www.ewigerbund.org\/sachsen\/wp-json\/wp\/v2\/pages\/1726\/revisions"}],"predecessor-version":[{"id":2557,"href":"https:\/\/www.ewigerbund.org\/sachsen\/wp-json\/wp\/v2\/pages\/1726\/revisions\/2557"}],"wp:attachment":[{"href":"https:\/\/www.ewigerbund.org\/sachsen\/wp-json\/wp\/v2\/media?parent=1726"}],"wp:term":[{"taxonomy":"category","embeddable":true,"href":"https:\/\/www.ewigerbund.org\/sachsen\/wp-json\/wp\/v2\/categories?post=1726"},{"taxonomy":"post_tag","embeddable":true,"href":"https:\/\/www.ewigerbund.org\/sachsen\/wp-json\/wp\/v2\/tags?post=1726"}],"curies":[{"name":"wp","href":"https:\/\/api.w.org\/{rel}","templated":true}]}}