{"id":65,"date":"2021-09-26T12:31:40","date_gmt":"2021-09-26T10:31:40","guid":{"rendered":"https:\/\/www.ewigerbund.org\/reuss-juengerer-linie\/?page_id=65"},"modified":"2023-05-16T19:35:59","modified_gmt":"2023-05-16T17:35:59","slug":"startseite","status":"publish","type":"page","link":"https:\/\/www.ewigerbund.org\/reuss-juengerer-linie\/","title":{"rendered":"Startseite"},"content":{"rendered":"\n<h2 class=\"wp-block-heading\">F\u00fcrstentum Reu\u00df j\u00fcngerer Linie (Gera) 1806 bis heute.<\/h2>\n\n\n\n<p>Reu\u00df sind zwei Deutsche F\u00fcrstent\u00fcmer:&nbsp;Reu\u00df \u00e4lterer Linie&nbsp;(Reu\u00df-Greiz) und Reu\u00df j\u00fcngerer Linie (Reu\u00df-Schleiz-Gera), deren Gebiet aus zwei getrennten Teilen besteht, wovon der n\u00f6rdliche (Unterland) an den Preu\u00dfischen Regierungsbezirk&nbsp;Merseburg, das&nbsp;Herzogtum Sachsen-Altenburg&nbsp;und das&nbsp;Gro\u00dfherzogtum Sachsen-Weimar&nbsp;grenzt, w\u00e4hrend der gr\u00f6\u00dfere s\u00fcdliche Teil (Oberland) von&nbsp;Schwarzburg-Rudolstadt, dem Preu\u00dfischen Kreis Ranis, dem&nbsp;Gro\u00dfherzogtum Sachsen-Weimar, dem&nbsp;K\u00f6nigreich Sachsen,&nbsp;Bayern&nbsp;(Oberfranken) und dem&nbsp;Herzogtum Sachsen-Meiningen&nbsp;eingeschlossen wird.<\/p>\n\n\n\n<p>Im allgemeinen ist das Land gebirgig, indem es von einem Teil des Th\u00fcringer Waldes (dem sogenannten Frankenwald) sowie von einem Teil des zwischen diesem und dem Erzgebirge befindlichen vogtl\u00e4ndischen Mittelgebirges durchzogen wird. Die bedeutendsten Spitzen sind: der Sieglitz (747 m) und der Kulm (779 m). Die Hauptgew\u00e4sser sind: die Saale mit der Selbitz, Lemnitz, Friesau, Wetterau und Sormitz im westlichen und die Wei\u00dfe Elster mit der G\u00f6ltzsch im \u00f6stlichen Teile des Landes.<\/p>\n\n\n\n<p>An der s\u00fcdlichen Grenze entspringt die Rodach, die zum Main geht. Das Oberland f\u00fchrt an zahlreichen Punkten Stahlquellen, von denen die in der N\u00e4he von&nbsp;Lobenstein&nbsp;gefasst sind und Anlass zu der Begr\u00fcndung der dortigen Bade- und Heilanstalt gaben. Das Klima ist gem\u00e4\u00dfigt, um den Frankenwald etwas rauh, in den Gegenden an der Saale und um&nbsp;Gera&nbsp;weit milder.<\/p>\n\n\n\n<p><a><\/a> Die F\u00fcrstent\u00fcmer Reu\u00df haben einen Fl\u00e4cheninhalt von 1143,01 km\u00b2 mit (1905) 215.187 Einwohner, wovon auf&nbsp;Reu\u00df \u00e4lterer Linie&nbsp;316,3 km\u00b2 mit 70.603 Einwohner, auf Reu\u00df j\u00fcngerer Linie 826,71 km\u00b2 mit 144.584 Einwohner kommen. Reu\u00df \u00e4lterer Linie z\u00e4hlt 2 St\u00e4dte, 2 Marktflecken und 71 D\u00f6rfer, Reu\u00df j\u00fcngerer Linie 6 St\u00e4dte, 4 Marktflecken und 163 D\u00f6rfer. St\u00e4dte mit \u00fcber 10.000 Einwohner sind&nbsp;Greiz&nbsp;(23.118) und&nbsp;Gera&nbsp;(46.909). 1905 waren von den Einwohnern 209.189 evangelisch, 4011 katholisch, 1613 andere Christen, 344 Juden und 30 anderen Bekenntnisses. In Ebersdorf besteht eine Herrnhutergemeinde von 150 Seelen. Die Volksbildung steht auf hoher Stufe. Es bestehen in den F\u00fcrstent\u00fcmern au\u00dfer guten Volksschulen 2 Seminare (Schleiz&nbsp;und&nbsp;Greiz), 3 Gymnasien (Gera,&nbsp;Greiz&nbsp;und&nbsp;Schleiz), ein Realgymnasium, 2 h\u00f6here T\u00f6chterschulen, eine Handelsschule (Gera), eine Bauschule und eine Taubstummenanstalt (Schleiz), eine landwirtschaftliche Lehranstalt (K\u00f6stritz) und verschiedene Privatlehranstalten.<\/p>\n\n\n\n<p>Das Wappen beider F\u00fcrstent\u00fcmer hat vier Felder, in deren erstem und viertem ein rot gekr\u00f6nter, goldener, doppelt geschw\u00e4nzter L\u00f6we in Schwarz (wegen Reu\u00df), in deren zweitem und drittem ein goldener Kranich in Silber (wegen&nbsp;Kranichfeld); der Schild ist mit drei Helmen bedeckt und wird von zwei L\u00f6wen gehalten, die bei&nbsp;Reu\u00df \u00e4ltere Linie&nbsp;golden, bei Reu\u00df j\u00fcngere Linie schwarz-silbern sind. Die Devise, auf blauem Bande, lautet: &#8222;<em>Ich bau auf Gott<\/em>.&#8220;<\/p>\n\n\n\n<p>Die Flagge des F\u00fcrstentums Reu\u00df j\u00fcngerer Linie ist Schwarz, Rot und Gelb.<\/p>\n\n\n\n<h3 class=\"wp-block-heading\">Bundesrat:<\/h3>\n\n\n\n<p>1 Stimme<\/p>\n\n\n\n<h3 class=\"wp-block-heading\">Reichstag:<\/h3>\n\n\n\n<p>1 Wahlkreis und 1 Abgeordneter<\/p>\n\n\n\n<h3 class=\"wp-block-heading\">Haupt- und Residenzstadt des F\u00fcrstentums Reu\u00df j\u00fcngerer Linie:<\/h3>\n\n\n\n<p>Gera\u00a0\u2013 46.910 Einwohner (1905) \u2013 88. Platz der\u00a0gr\u00f6\u00dften St\u00e4dte\u00a0des\u00a0Deutschen Reichs, Ebersdorf ist Sommerresidenz.<\/p>\n\n\n\n<h3 class=\"wp-block-heading\">Milit\u00e4r:<\/h3>\n\n\n\n<p>1881:<\/p>\n\n\n\n<p>Das F\u00fcrstentum Reu\u00df j\u00fcngerer Linie geh\u00f6rt zum Ersatzbezirk des IV. Armeekorps. Garnisonstadt ist&nbsp;Gera&nbsp;\u2013 Infanterie 96,2 und Landwehr 96,2.<\/p>\n\n\n\n<p>1905:<\/p>\n\n\n\n<p>In milit\u00e4rischer Hinsicht bilden die Truppen der beiden Reu\u00df mit denen von&nbsp;Schwarzburg-Rudolstadt&nbsp;das 7. Th\u00fcringische Infanterieregiment Nr. 96, das der 38. Division des 11. Preu\u00dfischen Armeekorps (Kassel) zugewiesen ist. In&nbsp;Gera&nbsp;befindet sich der Regimentsstab und au\u00dferdem ist dort ein Bataillon dieses Regiments stationiert, von dem allmonatlich ein kleines Detachement (Truppenabteilung) nach&nbsp;Greiz&nbsp;abgeschickt wird.<\/p>\n\n\n\n<p>Gem\u00e4\u00df der Aufstellung der Generalverordnung vom 30. Dezember 1861 besorgte die Thurn und Taxissche Post auf Grund von Beschl\u00fcssen des&nbsp;Wiener Kongresses 1815&nbsp;den Postdienst bis zum 30. Juni 1867 im F\u00fcrstentum Reu\u00df j\u00fcngerer Linie.<\/p>\n\n\n\n<p>Ab 1. Juli 1867 \u00fcbernahm die Preu\u00dfische Post den Postdienst. Das gesamte Preu\u00dfische Postwesen ging am 1. Januar 1868 auf den&nbsp;Norddeutschen Bund&nbsp;(Norddeutscher Postbezirk) \u00fcber. Die&nbsp;Reichsverfassung&nbsp;vom 16. April 1871 bestimmte u. a. dass die unmittelbare Posthoheit, mit Ausnahme des inneren Verkehrs im&nbsp;K\u00f6nigreich Bayern&nbsp;und im&nbsp;K\u00f6nigreich W\u00fcrttemberg, dem&nbsp;Deutschen Reich&nbsp;zusteht.<\/p>\n\n\n\n<h3 class=\"wp-block-heading\">W\u00e4hrungen und M\u00fcnzen:<\/h3>\n\n\n<div class=\"gb-container gb-container-82312229\"><div class=\"gb-inside-container\">\n\n<ul class=\"wp-block-list\">\n<li>bis 1875: 1 Taler = 30 Groschen = 360 Pfennige,<\/li>\n\n\n\n<li>ab 1875: 1 Mark = 100 Pfennig.<\/li>\n<\/ul>\n\n<\/div><\/div>\n\n\n<p>Die Reu\u00dfischen F\u00fcrstent\u00fcmer geh\u00f6ren zu den industriereichsten Gebieten Deutschlands. Obgleich die Reu\u00dfischen Lande wegen ihrer gebirgigen Beschaffenheit die Landwirtschaft nicht zu beg\u00fcnstigen scheinen, so wird diese doch mit gro\u00dfer Sorgfalt betrieben.<\/p>\n\n\n\n<p>Ahnherr des Hauses Reu\u00df ist Erkenbert, Herr von Weida (um 1122). Der&nbsp;deutsche Kaiser&nbsp;Heinrich VI., nach dem die m\u00e4nnlichen Nachkommen angeblich den Namen Heinrich f\u00fchren, verlieh dem Hause die Reichsvogteien&nbsp;Plauen&nbsp;(1569 an Kursachsen),&nbsp;Weida&nbsp;(1411 an&nbsp;Mei\u00dfen) und&nbsp;Gera. Heinrich, Vogt von Plauen (\u2020 vor 1296), erhielt infolge seiner Heirat mit der Tochter einer russischen F\u00fcrstin den Beinamen \u201eReu\u00df\u201c (deutsches Wort f\u00fcr Russe), der seinen Nachkommen blieb. Die Vorfahren des Reu\u00dfischen F\u00fcrstenhauses waren im 12. Jahrhundert kaiserliche V\u00f6gte im Sorbenland (Vogtland) und wurden allm\u00e4hlich selbstst\u00e4ndig. Ihr Gebiet war einst erheblich gr\u00f6\u00dfer und umfasste auch&nbsp;Plauen&nbsp;und&nbsp;Hof&nbsp;mit. 1564 teilten die Reu\u00dfen ihr Herrschaftsgebiet in die Linien Obergreiz \u2013 mittlerer Linie Reu\u00df, in Untergreiz \u2013 \u00e4lterer Linie Reu\u00df und in&nbsp;Gera&nbsp;\u2013 j\u00fcngerer Linie. Im Jahre 1616 starb die mittlere Linie Reu\u00df aus und deren Gebiet wurde auf die beiden anderen Linien aufgeteilt. 1778 erfolgte die Ernennung zum Reichsf\u00fcrsten f\u00fcr Reu\u00df \u00e4lterer Linie und 1790 bzw. 1806 f\u00fcr die Vertreter von Reu\u00df j\u00fcngerer Linie. Alle F\u00fcrsten und Prinzen des Hauses Reu\u00df f\u00fchren den Namen Heinrich, wobei die \u00e4ltere Linie alle hintereinander bis hundert, die j\u00fcngere bis zum Ende eines Jahrhunderts fortz\u00e4hlt und dann von vorne anf\u00e4ngt. Im Aussterben der einen Linie f\u00e4llt das Land an die andere.<\/p>\n\n\n\n<p>Im&nbsp;Deutschen Krieg&nbsp;von 1866 hielt sich Reu\u00df j\u00fcngerer Linie neutral, trat aber schon am 26. Juni 1866 durch freiwilligen Vertrag mit&nbsp;Preu\u00dfen&nbsp;dem in Aussicht genommenen&nbsp;Norddeutschen Bund&nbsp;bei. 1867 ging infolge einer Konvention die Milit\u00e4rhoheit auf&nbsp;Preu\u00dfen&nbsp;\u00fcber. 1871 wurde das F\u00fcrstentum Reu\u00df j\u00fcngerer Linie ein&nbsp;Bundesstaat&nbsp;des&nbsp;Deutschen Reichs. 1902 \u00fcbernahm F\u00fcrst Heinrich XIV. die Regentschaft \u00fcber das&nbsp;F\u00fcrstentum Reu\u00df \u00e4lterer Linie. Am 1. Juli 1905 trat ein Erbschafts- und Schenkungssteuergesetz in Kraft und 1906 wurde die Preu\u00dfische Lotterie ausschlie\u00dflich zugelassen.<\/p>\n\n\n\n<h3 class=\"wp-block-heading\">Regenten:<\/h3>\n\n\n\n<p>F\u00fcrsten von Reu\u00df j\u00fcngerer Linie 1853 \u2013 1918.<br>Regierendes F\u00fcrstenhaus: Ahnherr Erkenbert von Weida (um 1120), Stammvater Heinrich der J\u00fcngere (geb. 1530).<\/p>\n\n\n\n<p>F\u00fcrsten Reu\u00df j\u00fcngere Linie:<\/p>\n\n\n<div class=\"gb-container gb-container-cb33131f\"><div class=\"gb-inside-container\">\n\n<ul class=\"wp-block-list\">\n<li>1818 \u2013 1854 F\u00fcrst Heinrich LXII. (1785 \u2013 1854).<\/li>\n\n\n\n<li>1854 \u2013 1867 F\u00fcrst Heinrich LXVII. (1789 \u2013 1867), 1820 Hochzeit mit Prinzessin Adelheid von Reu\u00df-Ebersdorf.<\/li>\n\n\n\n<li>1867 \u2013 1913 F\u00fcrst Heinrich XIV. (1832 \u2013 1913), 1858 Hochzeit mit Prinzessin Agnes von W\u00fcrttemberg (1835-1886).<\/li>\n\n\n\n<li>1913 \u2013 1928 F\u00fcrst Heinrich XXVII. (1858 \u2013 1928), ab 1908 in Regentschaft, 1884 Hochzeit mit Elise zu Hohenlohe-Langenburg.<\/li>\n\n\n\n<li>1928 \u2013 1945 Heinrich XLV.<\/li>\n\n\n\n<li>1945 \u2013 2012 Heinrich IV.<\/li>\n\n\n\n<li>2012 bis heute Heinrich XIV.<\/li>\n<\/ul>\n\n<\/div><\/div>\n\n\n<h3 class=\"wp-block-heading\">Landesparlament des F\u00fcrstentums Reu\u00df j\u00fcngerer Linie.<\/h3>\n\n\n\n<p>16 Abgeordnete.<\/p>\n\n\n\n<p>Im F\u00fcrstentum Reu\u00df j\u00fcngerer Linie ist der Landtag zusammengesetzt aus dem F\u00fcrstlichen Besitzer des Reu\u00df-K\u00f6stritzer Paragiums (Abfindung nachgeborener Prinzen mit Liegenschaften, Landbesitz) oder dessen Vertreter, aus 3 Abgeordneten der H\u00f6chstbesteuerten und aus 12 auf drei Jahre direkt gew\u00e4hlten Abgeordneten der \u00fcbrigen Bev\u00f6lkerung.<\/p>\n\n\n\n<h3 class=\"wp-block-heading\">Gerichtsorganisation (1881).<\/h3>\n\n\n\n<p>F\u00fcr Th\u00fcringen besteht ein gemeinsames Oberlandesgericht in\u00a0Jena. Das F\u00fcrstentum Reu\u00df j\u00fcngerer Linie hat gemeinschaftlich mit dem Kreis\u00a0Neustadt\u00a0des\u00a0Gro\u00dfherzogtums Sachsen-Weimar-Eisenach\u00a0ein Landgericht zu\u00a0Gera\u00a0und Amtsgerichte in\u00a0Gera,\u00a0Hirschberg,\u00a0Hohenleuben,\u00a0Lobenstein\u00a0und\u00a0Schleiz.<\/p>\n\n\n\n<h3 class=\"wp-block-heading\">Administrative Gliederung des F\u00fcrstentums Reu\u00df j\u00fcngerer Linie.<\/h3>\n\n\n\n<p>Das F\u00fcrstentum Reu\u00df j\u00fcngerer Linie besteht aus den Gebieten von\u00a0Gera\u00a0und\u00a0Schleiz\u2013Lobenstein\u00a0und einer zwischen\u00a0Altenburg\u00a0und\u00a0Weimar\u00a0gelegenen Exklave. Es gliedert sich in die Landrats\u00e4mter\u00a0Gera\u00a0und Ebersdorf. Das F\u00fcrstentum besteht aus 6 St\u00e4dten, 4 Marktflecken und 163 D\u00f6rfer.<\/p>\n\n\n<div class=\"gb-container gb-container-62759b57\"><div class=\"gb-inside-container\">\n\n<ul class=\"wp-block-list\">\n<li><strong>Landratsamt<\/strong>\u00a0<strong>Gera<\/strong>\u00a0mit einer Fl\u00e4che von 283 km\u00b2 und 99.594 Einwohnern (Jahr 1900) umfasst die Gemeinden:\u00a0Gera, Bethenhausen (nur teilweise zu Reu\u00df j\u00fcngerer Linie, der andere Teil geh\u00f6rt zum\u00a0Herzogtum Sachsen-Altenburg), Bieblach, Caaschwitz, Caasen, Collis, Cretzschwitz, Culm (Reu\u00df), Debschwitz, Dorna (nur teilweise zu Reu\u00df j\u00fcngerer Linie, der andere Teil geh\u00f6rt zum\u00a0Herzogtum Sachsen-Altenburg), D\u00fcrrenebersdorf, Ernsee, Frankenthal, Gei\u00dfen, Gleina, Gorlitzsch, G\u00f6ttendorf, Groitschen, Gro\u00dfaga, Gro\u00dfsaara, Gr\u00fcna, Harpersdorf, Hartmannsdorf, Hermsdorf, Hirschbach, Hirschfeld (nur teilweise zu Reu\u00df j\u00fcngerer Linie, der andere Teil geh\u00f6rt zum\u00a0Herzogtum Sachsen-Altenburg), Hohenleuben, Hundhaupten (nur teilweise zu Reu\u00df j\u00fcngerer Linie, der andere Teil geh\u00f6rt zum\u00a0Gro\u00dfherzogtum Sachsen-Weimar-Eisenach), Kaimberg, Kaltenborn, Kleinaga, Kleinfalke, Kleinsaara, K\u00f6stritz, Kraftsdorf (nur teilweise zu Reu\u00df j\u00fcngerer Linie, der andere Teil geh\u00f6rt zum\u00a0Herzogtum Sachsen-Altenburg), Laasen, Langenberg, Langengrobsdorf, Langenwetzendorf, Lessen, Leumnitz, Lichtenberg, Lusan, Milbiz, M\u00fchlsdorf, Nauendorf, Negis, Neu\u00e4rgerni\u00df, Niederb\u00f6hmersdorf, Niederndorf, Oberr\u00f6ppisch, Otticha, Pforten, Pohlen, Pohlitz, P\u00f6llwitz (nur teilweise zu Reu\u00df j\u00fcngerer Linie, der andere Teil geh\u00f6rt zum\u00a0F\u00fcrstentum Reu\u00df \u00e4lterer Linie), P\u00f6rsdorf (nur teilweise zu Reu\u00df j\u00fcngerer Linie, der andere Teil geh\u00f6rt zum\u00a0Herzogtum Sachsen-Altenburg), Reichenbach, Roben, Rosch\u00fctz (nur teilweise zu Reu\u00df j\u00fcngerer Linie, der andere Teil geh\u00f6rt zum\u00a0Herzogtum Sachsen-Altenburg), Rubitz, R\u00fcdersdorf (nur teilweise zu Reu\u00df j\u00fcngerer Linie, der andere Teil geh\u00f6rt zum\u00a0Herzogtum Sachsen-Altenburg), Rusitz, Scheubengrobsdorf, Sch\u00f6na, Schwaara, Seifarthsdorf (nur teilweise zu Reu\u00df j\u00fcngerer Linie, der andere Teil geh\u00f6rt zum\u00a0Herzogtum Sachsen-Altenburg), Seligenst\u00e4dt, S\u00f6llmnitz, Steinbr\u00fccken, Stublach, St\u00fcbnitz, Thieschitz, Tinz, T\u00f6ppeln, Trebnitz, Triebes, Untermhaus, Waaswitz, Waltersdorf, Wei\u00dfendorf, Wei\u00dfig, Wernsdorf, Windischenbernsdorf, W\u00fcstfalke, Zeulsdorf, Zschippach, Zschippern, Zw\u00f6tzen.<\/li>\n\n\n\n<li><strong>Landratsamt<\/strong> <em><strong>Schleiz<\/strong><\/em>\u00a0mit einer Fl\u00e4che von 544 km\u00b2 und 39.616 Einwohnern (Jahr 1900) umfasst die Gemeinden:\u00a0<em>Schleiz<\/em>, Altengesees, Blankenstein, Blintendorf (nur teilweise zu Reu\u00df j\u00fcngerer Linie, der andere Teil geh\u00f6rt zum\u00a0<em>K\u00f6nigreich Preu\u00dfen<\/em>), Burkersdorf, Dittersdorf, Dobareuth, Dragensdorf, D\u00fcrrenbach, Br\u00fcdergemeinde Ebersdorf, Ebersdorf, Eliasbrunn, Frankendorf, Fr\u00f6ssen, Gahma, Gebersreuth, G\u00f6ritz, G\u00f6rkwitz, G\u00f6schitz, G\u00f6ttengr\u00fcn, Gr\u00e4fenwarth, Grumbach, Harra, Heinersdorf, Helmsgr\u00fcn,\u00a0<em>Hirschberg<\/em>, Karolinenfield, Kie\u00dfling, Kirschkau, Kleinwolschendorf, K\u00fcnsdorf, Kulm, Langenwolschendorf, Langgr\u00fcn, Leitlitz, Lerchenh\u00fcgel, Lichtenbrunn, Lobenstein, L\u00f6hma, L\u00f6ssau, Lothra, L\u00fcckenm\u00fchle, Mielesdorf, M\u00f6dlareuth (nur teilweise zu Reu\u00df j\u00fcngerer Linie, der andere Teil geh\u00f6rt zum\u00a0<em>K\u00f6nigreich Bayern<\/em>), Neundorf, Oberb\u00f6hmsdorf, Oberkoskau, Oberlemnitz, Oettersdorf, Oschitz, O\u00dfla, Pahren, Pirk, P\u00f6ritzsch, P\u00f6rmitz, Pottiga, Raila, R\u00f6dersdorf, Rothenacker, R\u00f6ttersdorf, Ruppersdorf, Saalburg, Saaldorf, Schilbach, Schlegel, Sch\u00f6nbrunn, Seibis, Seubtendorf, Spielmes, Stelzen (nur teilweise zu Reu\u00df j\u00fcngerer Linie, der andere Teil geh\u00f6rt zum\u00a0<em>K\u00f6nigreich Sachsen<\/em>),\u00a0<em>Tanna<\/em>, Tegau, Thierbach, Thimmendorf, Titschendorf, Ullersreuth, Unterkoskau, Unterlemnitz, Venzka, Weckersdorf, Weitisberga (nur teilweise zu Reu\u00df j\u00fcngerer Linie, der andere Teil geh\u00f6rt zum\u00a0<em>F\u00fcrstentum Schwarzburg-Rudolstadt<\/em>), Wernsdorf, Willersdorf, Wurzbach, Zollgr\u00fcn.<\/li>\n<\/ul>\n\n<\/div><\/div>","protected":false},"excerpt":{"rendered":"<p>F\u00fcrstentum Reu\u00df j\u00fcngerer Linie (Gera) 1806 bis heute. Reu\u00df sind zwei Deutsche F\u00fcrstent\u00fcmer:&nbsp;Reu\u00df \u00e4lterer Linie&nbsp;(Reu\u00df-Greiz) und Reu\u00df j\u00fcngerer Linie (Reu\u00df-Schleiz-Gera), deren Gebiet aus zwei getrennten Teilen besteht, wovon der n\u00f6rdliche (Unterland) an den Preu\u00dfischen Regierungsbezirk&nbsp;Merseburg, das&nbsp;Herzogtum Sachsen-Altenburg&nbsp;und das&nbsp;Gro\u00dfherzogtum Sachsen-Weimar&nbsp;grenzt, w\u00e4hrend der gr\u00f6\u00dfere s\u00fcdliche Teil (Oberland) von&nbsp;Schwarzburg-Rudolstadt, dem Preu\u00dfischen Kreis Ranis, dem&nbsp;Gro\u00dfherzogtum Sachsen-Weimar, dem&nbsp;K\u00f6nigreich Sachsen,&nbsp;Bayern&nbsp;(Oberfranken) und &#8230; <a title=\"Startseite\" class=\"read-more\" href=\"https:\/\/www.ewigerbund.org\/reuss-juengerer-linie\/\" aria-label=\"Mehr zu Startseite\">Weiterlesen &#8230;<\/a><\/p>\n","protected":false},"author":8,"featured_media":0,"parent":0,"menu_order":0,"comment_status":"closed","ping_status":"closed","template":"template-5-rechte-seitenleiste.php","meta":{"footnotes":""},"categories":[],"tags":[],"class_list":["post-65","page","type-page","status-publish","hentry"],"yoast_head":"<!-- This site is optimized with the Yoast SEO plugin v23.1 - https:\/\/yoast.com\/wordpress\/plugins\/seo\/ -->\n<title>Startseite - Das F\u00fcrstentum Reu\u00df j\u00fcngerer Linie im Ewigen Bund.<\/title>\n<meta name=\"description\" content=\"Reu\u00df sind zwei Deutsche F\u00fcrstent\u00fcmer:\u00a0Reu\u00df \u00e4lterer Linie\u00a0(Reu\u00df-Greiz) und Reu\u00df j\u00fcngerer Linie (Reu\u00df-Schleiz-Gera).\" \/>\n<meta name=\"robots\" content=\"index, follow, max-snippet:-1, max-image-preview:large, max-video-preview:-1\" \/>\n<link rel=\"canonical\" href=\"https:\/\/www.ewigerbund.org\/reuss-juengerer-linie\/\" \/>\n<meta property=\"og:locale\" content=\"de_DE\" \/>\n<meta property=\"og:type\" content=\"article\" \/>\n<meta property=\"og:title\" content=\"Startseite - Das F\u00fcrstentum Reu\u00df j\u00fcngerer Linie im Ewigen Bund.\" \/>\n<meta property=\"og:description\" content=\"Reu\u00df sind zwei Deutsche F\u00fcrstent\u00fcmer:\u00a0Reu\u00df \u00e4lterer Linie\u00a0(Reu\u00df-Greiz) und Reu\u00df j\u00fcngerer Linie (Reu\u00df-Schleiz-Gera).\" \/>\n<meta property=\"og:url\" content=\"https:\/\/www.ewigerbund.org\/reuss-juengerer-linie\/\" \/>\n<meta property=\"og:site_name\" content=\"Das F\u00fcrstentum Reu\u00df j\u00fcngerer Linie im Ewigen Bund.\" \/>\n<meta property=\"article:modified_time\" content=\"2023-05-16T17:35:59+00:00\" \/>\n<meta name=\"twitter:card\" content=\"summary_large_image\" \/>\n<meta name=\"twitter:label1\" content=\"Gesch\u00e4tzte Lesezeit\" \/>\n\t<meta name=\"twitter:data1\" content=\"9\u00a0Minuten\" \/>\n<script type=\"application\/ld+json\" class=\"yoast-schema-graph\">{\"@context\":\"https:\/\/schema.org\",\"@graph\":[{\"@type\":\"WebPage\",\"@id\":\"https:\/\/www.ewigerbund.org\/reuss-juengerer-linie\/\",\"url\":\"https:\/\/www.ewigerbund.org\/reuss-juengerer-linie\/\",\"name\":\"Startseite - Das F\u00fcrstentum Reu\u00df j\u00fcngerer Linie im Ewigen Bund.\",\"isPartOf\":{\"@id\":\"https:\/\/www.ewigerbund.org\/reuss-juengerer-linie\/#website\"},\"datePublished\":\"2021-09-26T10:31:40+00:00\",\"dateModified\":\"2023-05-16T17:35:59+00:00\",\"description\":\"Reu\u00df sind zwei Deutsche F\u00fcrstent\u00fcmer:\u00a0Reu\u00df \u00e4lterer Linie\u00a0(Reu\u00df-Greiz) und Reu\u00df j\u00fcngerer Linie (Reu\u00df-Schleiz-Gera).\",\"breadcrumb\":{\"@id\":\"https:\/\/www.ewigerbund.org\/reuss-juengerer-linie\/#breadcrumb\"},\"inLanguage\":\"de\",\"potentialAction\":[{\"@type\":\"ReadAction\",\"target\":[\"https:\/\/www.ewigerbund.org\/reuss-juengerer-linie\/\"]}]},{\"@type\":\"BreadcrumbList\",\"@id\":\"https:\/\/www.ewigerbund.org\/reuss-juengerer-linie\/#breadcrumb\",\"itemListElement\":[{\"@type\":\"ListItem\",\"position\":1,\"name\":\"Startseite\",\"item\":\"https:\/\/www.ewigerbund.org\/reuss-juengerer-linie\/\"},{\"@type\":\"ListItem\",\"position\":2,\"name\":\"Startseite\"}]},{\"@type\":\"WebSite\",\"@id\":\"https:\/\/www.ewigerbund.org\/reuss-juengerer-linie\/#website\",\"url\":\"https:\/\/www.ewigerbund.org\/reuss-juengerer-linie\/\",\"name\":\"Das F\u00fcrstentum Reu\u00df j\u00fcngerer Linie im Ewigen Bund.\",\"description\":\"Eine Bundesstaatenseite des Ewigen Bundes.\",\"potentialAction\":[{\"@type\":\"SearchAction\",\"target\":{\"@type\":\"EntryPoint\",\"urlTemplate\":\"https:\/\/www.ewigerbund.org\/reuss-juengerer-linie\/?s={search_term_string}\"},\"query-input\":\"required name=search_term_string\"}],\"inLanguage\":\"de\"}]}<\/script>\n<!-- \/ Yoast SEO plugin. -->","yoast_head_json":{"title":"Startseite - Das F\u00fcrstentum Reu\u00df j\u00fcngerer Linie im Ewigen Bund.","description":"Reu\u00df sind zwei Deutsche F\u00fcrstent\u00fcmer:\u00a0Reu\u00df \u00e4lterer Linie\u00a0(Reu\u00df-Greiz) und Reu\u00df j\u00fcngerer Linie (Reu\u00df-Schleiz-Gera).","robots":{"index":"index","follow":"follow","max-snippet":"max-snippet:-1","max-image-preview":"max-image-preview:large","max-video-preview":"max-video-preview:-1"},"canonical":"https:\/\/www.ewigerbund.org\/reuss-juengerer-linie\/","og_locale":"de_DE","og_type":"article","og_title":"Startseite - Das F\u00fcrstentum Reu\u00df j\u00fcngerer Linie im Ewigen Bund.","og_description":"Reu\u00df sind zwei Deutsche F\u00fcrstent\u00fcmer:\u00a0Reu\u00df \u00e4lterer Linie\u00a0(Reu\u00df-Greiz) und Reu\u00df j\u00fcngerer Linie (Reu\u00df-Schleiz-Gera).","og_url":"https:\/\/www.ewigerbund.org\/reuss-juengerer-linie\/","og_site_name":"Das F\u00fcrstentum Reu\u00df j\u00fcngerer Linie im Ewigen Bund.","article_modified_time":"2023-05-16T17:35:59+00:00","twitter_card":"summary_large_image","twitter_misc":{"Gesch\u00e4tzte Lesezeit":"9\u00a0Minuten"},"schema":{"@context":"https:\/\/schema.org","@graph":[{"@type":"WebPage","@id":"https:\/\/www.ewigerbund.org\/reuss-juengerer-linie\/","url":"https:\/\/www.ewigerbund.org\/reuss-juengerer-linie\/","name":"Startseite - Das F\u00fcrstentum Reu\u00df j\u00fcngerer Linie im Ewigen Bund.","isPartOf":{"@id":"https:\/\/www.ewigerbund.org\/reuss-juengerer-linie\/#website"},"datePublished":"2021-09-26T10:31:40+00:00","dateModified":"2023-05-16T17:35:59+00:00","description":"Reu\u00df sind zwei Deutsche F\u00fcrstent\u00fcmer:\u00a0Reu\u00df \u00e4lterer Linie\u00a0(Reu\u00df-Greiz) und Reu\u00df j\u00fcngerer Linie (Reu\u00df-Schleiz-Gera).","breadcrumb":{"@id":"https:\/\/www.ewigerbund.org\/reuss-juengerer-linie\/#breadcrumb"},"inLanguage":"de","potentialAction":[{"@type":"ReadAction","target":["https:\/\/www.ewigerbund.org\/reuss-juengerer-linie\/"]}]},{"@type":"BreadcrumbList","@id":"https:\/\/www.ewigerbund.org\/reuss-juengerer-linie\/#breadcrumb","itemListElement":[{"@type":"ListItem","position":1,"name":"Startseite","item":"https:\/\/www.ewigerbund.org\/reuss-juengerer-linie\/"},{"@type":"ListItem","position":2,"name":"Startseite"}]},{"@type":"WebSite","@id":"https:\/\/www.ewigerbund.org\/reuss-juengerer-linie\/#website","url":"https:\/\/www.ewigerbund.org\/reuss-juengerer-linie\/","name":"Das F\u00fcrstentum Reu\u00df j\u00fcngerer Linie im Ewigen Bund.","description":"Eine Bundesstaatenseite des Ewigen Bundes.","potentialAction":[{"@type":"SearchAction","target":{"@type":"EntryPoint","urlTemplate":"https:\/\/www.ewigerbund.org\/reuss-juengerer-linie\/?s={search_term_string}"},"query-input":"required name=search_term_string"}],"inLanguage":"de"}]}},"_links":{"self":[{"href":"https:\/\/www.ewigerbund.org\/reuss-juengerer-linie\/wp-json\/wp\/v2\/pages\/65","targetHints":{"allow":["GET"]}}],"collection":[{"href":"https:\/\/www.ewigerbund.org\/reuss-juengerer-linie\/wp-json\/wp\/v2\/pages"}],"about":[{"href":"https:\/\/www.ewigerbund.org\/reuss-juengerer-linie\/wp-json\/wp\/v2\/types\/page"}],"author":[{"embeddable":true,"href":"https:\/\/www.ewigerbund.org\/reuss-juengerer-linie\/wp-json\/wp\/v2\/users\/8"}],"replies":[{"embeddable":true,"href":"https:\/\/www.ewigerbund.org\/reuss-juengerer-linie\/wp-json\/wp\/v2\/comments?post=65"}],"version-history":[{"count":14,"href":"https:\/\/www.ewigerbund.org\/reuss-juengerer-linie\/wp-json\/wp\/v2\/pages\/65\/revisions"}],"predecessor-version":[{"id":168,"href":"https:\/\/www.ewigerbund.org\/reuss-juengerer-linie\/wp-json\/wp\/v2\/pages\/65\/revisions\/168"}],"wp:attachment":[{"href":"https:\/\/www.ewigerbund.org\/reuss-juengerer-linie\/wp-json\/wp\/v2\/media?parent=65"}],"wp:term":[{"taxonomy":"category","embeddable":true,"href":"https:\/\/www.ewigerbund.org\/reuss-juengerer-linie\/wp-json\/wp\/v2\/categories?post=65"},{"taxonomy":"post_tag","embeddable":true,"href":"https:\/\/www.ewigerbund.org\/reuss-juengerer-linie\/wp-json\/wp\/v2\/tags?post=65"}],"curies":[{"name":"wp","href":"https:\/\/api.w.org\/{rel}","templated":true}]}}