{"id":65,"date":"2021-09-26T12:31:40","date_gmt":"2021-09-26T10:31:40","guid":{"rendered":"https:\/\/www.ewigerbund.org\/preussen\/?page_id=65"},"modified":"2023-03-08T21:15:57","modified_gmt":"2023-03-08T20:15:57","slug":"startseite","status":"publish","type":"page","link":"https:\/\/www.ewigerbund.org\/preussen\/","title":{"rendered":"Startseite"},"content":{"rendered":"\n<figure class=\"wp-block-image size-full\"><img loading=\"lazy\" decoding=\"async\" width=\"640\" height=\"360\" src=\"https:\/\/www.ewigerbund.org\/preussen\/wp-content\/uploads\/sites\/11\/2021\/09\/27_Kleine-deutsche-Flaggenkunde-Wissen-ist-eine-Holschuld-Teil-27-low.gif\" alt=\"\" class=\"wp-image-81\"\/><\/figure>\n\n\n\n<p><strong>Preu\u00dfen <\/strong>(Preu\u00dfischer Staat, siehe Karte), der wichtigste Staat im Deutschen Reich, besteht seit 1866 im wesentlichen aus einem zusammenh\u00e4ngenden Gebiet, das freilich eine Anzahl von kleinern Staaten (beide Mecklenburg, die Freien St\u00e4dte, Oldenburg, Braunschweig, Anhalt, Lippe, Schaumburg-Lippe, Waldeck, Oberhessen, Teile der th\u00fcringischen Staaten) umschlie\u00dft, und grenzt gegen Norden an die Nordsee, D\u00e4nemark und die Ostsee, gegen Osten an Ru\u00dfland und Galizien, gegen S\u00fcden an die \u00f6sterreichischen Kronl\u00e4nder Schlesien, M\u00e4hren und B\u00f6hmen, ferner an das K\u00f6nigreich Sachsen, die th\u00fcringischen Staaten, Bayern, das Gro\u00dfherzogtum Hessen, die bayrische Pfalz und Elsa\u00df-Lothringen und gegen Westen an Luxemburg, Belgien und die Niederlande. Getrennt vom preu\u00dfischen Staatsgebiet sind au\u00dfer mehreren Enklaven innerhalb der von Preu\u00dfen umschlossenen Staaten die Kreise Schleusingen, Schmalkalden und Ziegenr\u00fcck sowie die Exklaven Wandersleben in Th\u00fcringen und Hohenzollern in S\u00fcddeutschland. <\/p>\n\n\n\n<p>Die \u00e4u\u00dfersten Punkte des Staates, abgesehen von Hohenzollern, sind folgende: der n\u00f6rdlichste bei Nimmersatt, n\u00f6rdlich von Memel, unter 55\u00b054&#8242; n\u00f6rdlicher Breite, der \u00f6stlichste bei Schilleningken unweit Schirwindt an der Scheschuppe unter 22\u00b053&#8242; \u00f6stlicher L\u00e4nge, der s\u00fcdlichste bei Hanweiler am Einflu\u00df der Blies in die Saar unter 49\u00b07&#8242; n\u00f6rdlicher Breite und der westlichste bei Isenbruch im Regierungsbezirk Aachen (4 km von der Maas) unter 5\u00b052&#8242; \u00f6stlicher L\u00e4nge. In R\u00fccksicht auf den Fl\u00e4cheninhalt nimmt Preu\u00dfen die sechste Stelle unter den europ\u00e4ischen Staaten ein, indem es Ru\u00dfland, \u00d6sterreich-Ungarn, Frankreich, Spanien und Schweden nachsteht.<\/p>\n","protected":false},"excerpt":{"rendered":"<p>Preu\u00dfen (Preu\u00dfischer Staat, siehe Karte), der wichtigste Staat im Deutschen Reich, besteht seit 1866 im wesentlichen aus einem zusammenh\u00e4ngenden Gebiet, das freilich eine Anzahl von kleinern Staaten (beide Mecklenburg, die Freien St\u00e4dte, Oldenburg, Braunschweig, Anhalt, Lippe, Schaumburg-Lippe, Waldeck, Oberhessen, Teile der th\u00fcringischen Staaten) umschlie\u00dft, und grenzt gegen Norden an die Nordsee, D\u00e4nemark und die Ostsee, &#8230; <a title=\"Startseite\" class=\"read-more\" href=\"https:\/\/www.ewigerbund.org\/preussen\/\" aria-label=\"Mehr zu Startseite\">Weiterlesen &#8230;<\/a><\/p>\n","protected":false},"author":8,"featured_media":140,"parent":0,"menu_order":0,"comment_status":"closed","ping_status":"closed","template":"template-6-beide-seitenleiste.php","meta":{"footnotes":""},"categories":[],"tags":[9],"class_list":["post-65","page","type-page","status-publish","has-post-thumbnail","hentry","tag-aktuelles"],"yoast_head":"<!-- This site is optimized with the Yoast SEO plugin v23.1 - https:\/\/yoast.com\/wordpress\/plugins\/seo\/ -->\n<title>K\u00f6nigreich Preu\u00dfen<\/title>\n<meta name=\"description\" content=\"Preu\u00dfen (Preu\u00dfischer Staat), der gr\u00f6\u00dfte und wichtigste Staat im Deutschen Reich, nimmt die sechste Stelle unter den europ\u00e4ischen Staaten ein.\" \/>\n<meta name=\"robots\" content=\"index, follow, max-snippet:-1, max-image-preview:large, max-video-preview:-1\" \/>\n<link rel=\"canonical\" href=\"https:\/\/www.ewigerbund.org\/preussen\/\" \/>\n<meta property=\"og:locale\" content=\"de_DE\" \/>\n<meta property=\"og:type\" content=\"article\" \/>\n<meta property=\"og:title\" content=\"K\u00f6nigreich Preu\u00dfen\" \/>\n<meta property=\"og:description\" content=\"Preu\u00dfen (Preu\u00dfischer Staat), der gr\u00f6\u00dfte und wichtigste Staat im Deutschen Reich, nimmt die sechste Stelle unter den europ\u00e4ischen Staaten ein.\" \/>\n<meta property=\"og:url\" content=\"https:\/\/www.ewigerbund.org\/preussen\/\" \/>\n<meta property=\"og:site_name\" content=\"K\u00f6nigreich Preu\u00dfen\" \/>\n<meta property=\"article:modified_time\" content=\"2023-03-08T20:15:57+00:00\" \/>\n<meta property=\"og:image\" content=\"https:\/\/www.ewigerbund.org\/preussen\/wp-content\/uploads\/sites\/11\/2021\/09\/verfassungsurkunde.jpg\" \/>\n\t<meta property=\"og:image:width\" content=\"322\" \/>\n\t<meta property=\"og:image:height\" content=\"400\" \/>\n\t<meta property=\"og:image:type\" content=\"image\/jpeg\" \/>\n<meta name=\"twitter:card\" content=\"summary_large_image\" \/>\n<meta name=\"twitter:label1\" content=\"Gesch\u00e4tzte Lesezeit\" \/>\n\t<meta name=\"twitter:data1\" content=\"2\u00a0Minuten\" \/>\n<script type=\"application\/ld+json\" class=\"yoast-schema-graph\">{\"@context\":\"https:\/\/schema.org\",\"@graph\":[{\"@type\":\"WebPage\",\"@id\":\"https:\/\/www.ewigerbund.org\/preussen\/\",\"url\":\"https:\/\/www.ewigerbund.org\/preussen\/\",\"name\":\"K\u00f6nigreich Preu\u00dfen\",\"isPartOf\":{\"@id\":\"https:\/\/www.ewigerbund.org\/preussen\/#website\"},\"primaryImageOfPage\":{\"@id\":\"https:\/\/www.ewigerbund.org\/preussen\/#primaryimage\"},\"image\":{\"@id\":\"https:\/\/www.ewigerbund.org\/preussen\/#primaryimage\"},\"thumbnailUrl\":\"https:\/\/www.ewigerbund.org\/preussen\/wp-content\/uploads\/sites\/11\/2021\/09\/verfassungsurkunde.jpg\",\"datePublished\":\"2021-09-26T10:31:40+00:00\",\"dateModified\":\"2023-03-08T20:15:57+00:00\",\"description\":\"Preu\u00dfen (Preu\u00dfischer Staat), der gr\u00f6\u00dfte und wichtigste Staat im Deutschen Reich, nimmt die sechste Stelle unter den europ\u00e4ischen Staaten ein.\",\"breadcrumb\":{\"@id\":\"https:\/\/www.ewigerbund.org\/preussen\/#breadcrumb\"},\"inLanguage\":\"de\",\"potentialAction\":[{\"@type\":\"ReadAction\",\"target\":[\"https:\/\/www.ewigerbund.org\/preussen\/\"]}]},{\"@type\":\"ImageObject\",\"inLanguage\":\"de\",\"@id\":\"https:\/\/www.ewigerbund.org\/preussen\/#primaryimage\",\"url\":\"https:\/\/www.ewigerbund.org\/preussen\/wp-content\/uploads\/sites\/11\/2021\/09\/verfassungsurkunde.jpg\",\"contentUrl\":\"https:\/\/www.ewigerbund.org\/preussen\/wp-content\/uploads\/sites\/11\/2021\/09\/verfassungsurkunde.jpg\",\"width\":322,\"height\":400},{\"@type\":\"BreadcrumbList\",\"@id\":\"https:\/\/www.ewigerbund.org\/preussen\/#breadcrumb\",\"itemListElement\":[{\"@type\":\"ListItem\",\"position\":1,\"name\":\"Startseite\",\"item\":\"https:\/\/www.ewigerbund.org\/preussen\/\"},{\"@type\":\"ListItem\",\"position\":2,\"name\":\"Startseite\"}]},{\"@type\":\"WebSite\",\"@id\":\"https:\/\/www.ewigerbund.org\/preussen\/#website\",\"url\":\"https:\/\/www.ewigerbund.org\/preussen\/\",\"name\":\"K\u00f6nigreich Preu\u00dfen\",\"description\":\"im ewigen Bund.\",\"potentialAction\":[{\"@type\":\"SearchAction\",\"target\":{\"@type\":\"EntryPoint\",\"urlTemplate\":\"https:\/\/www.ewigerbund.org\/preussen\/?s={search_term_string}\"},\"query-input\":\"required name=search_term_string\"}],\"inLanguage\":\"de\"}]}<\/script>\n<!-- \/ Yoast SEO plugin. -->","yoast_head_json":{"title":"K\u00f6nigreich Preu\u00dfen","description":"Preu\u00dfen (Preu\u00dfischer Staat), der gr\u00f6\u00dfte und wichtigste Staat im Deutschen Reich, nimmt die sechste Stelle unter den europ\u00e4ischen Staaten ein.","robots":{"index":"index","follow":"follow","max-snippet":"max-snippet:-1","max-image-preview":"max-image-preview:large","max-video-preview":"max-video-preview:-1"},"canonical":"https:\/\/www.ewigerbund.org\/preussen\/","og_locale":"de_DE","og_type":"article","og_title":"K\u00f6nigreich Preu\u00dfen","og_description":"Preu\u00dfen (Preu\u00dfischer Staat), der gr\u00f6\u00dfte und wichtigste Staat im Deutschen Reich, nimmt die sechste Stelle unter den europ\u00e4ischen Staaten ein.","og_url":"https:\/\/www.ewigerbund.org\/preussen\/","og_site_name":"K\u00f6nigreich Preu\u00dfen","article_modified_time":"2023-03-08T20:15:57+00:00","og_image":[{"width":322,"height":400,"url":"https:\/\/www.ewigerbund.org\/preussen\/wp-content\/uploads\/sites\/11\/2021\/09\/verfassungsurkunde.jpg","type":"image\/jpeg"}],"twitter_card":"summary_large_image","twitter_misc":{"Gesch\u00e4tzte Lesezeit":"2\u00a0Minuten"},"schema":{"@context":"https:\/\/schema.org","@graph":[{"@type":"WebPage","@id":"https:\/\/www.ewigerbund.org\/preussen\/","url":"https:\/\/www.ewigerbund.org\/preussen\/","name":"K\u00f6nigreich Preu\u00dfen","isPartOf":{"@id":"https:\/\/www.ewigerbund.org\/preussen\/#website"},"primaryImageOfPage":{"@id":"https:\/\/www.ewigerbund.org\/preussen\/#primaryimage"},"image":{"@id":"https:\/\/www.ewigerbund.org\/preussen\/#primaryimage"},"thumbnailUrl":"https:\/\/www.ewigerbund.org\/preussen\/wp-content\/uploads\/sites\/11\/2021\/09\/verfassungsurkunde.jpg","datePublished":"2021-09-26T10:31:40+00:00","dateModified":"2023-03-08T20:15:57+00:00","description":"Preu\u00dfen (Preu\u00dfischer Staat), der gr\u00f6\u00dfte und wichtigste Staat im Deutschen Reich, nimmt die sechste Stelle unter den europ\u00e4ischen Staaten ein.","breadcrumb":{"@id":"https:\/\/www.ewigerbund.org\/preussen\/#breadcrumb"},"inLanguage":"de","potentialAction":[{"@type":"ReadAction","target":["https:\/\/www.ewigerbund.org\/preussen\/"]}]},{"@type":"ImageObject","inLanguage":"de","@id":"https:\/\/www.ewigerbund.org\/preussen\/#primaryimage","url":"https:\/\/www.ewigerbund.org\/preussen\/wp-content\/uploads\/sites\/11\/2021\/09\/verfassungsurkunde.jpg","contentUrl":"https:\/\/www.ewigerbund.org\/preussen\/wp-content\/uploads\/sites\/11\/2021\/09\/verfassungsurkunde.jpg","width":322,"height":400},{"@type":"BreadcrumbList","@id":"https:\/\/www.ewigerbund.org\/preussen\/#breadcrumb","itemListElement":[{"@type":"ListItem","position":1,"name":"Startseite","item":"https:\/\/www.ewigerbund.org\/preussen\/"},{"@type":"ListItem","position":2,"name":"Startseite"}]},{"@type":"WebSite","@id":"https:\/\/www.ewigerbund.org\/preussen\/#website","url":"https:\/\/www.ewigerbund.org\/preussen\/","name":"K\u00f6nigreich Preu\u00dfen","description":"im ewigen Bund.","potentialAction":[{"@type":"SearchAction","target":{"@type":"EntryPoint","urlTemplate":"https:\/\/www.ewigerbund.org\/preussen\/?s={search_term_string}"},"query-input":"required name=search_term_string"}],"inLanguage":"de"}]}},"_links":{"self":[{"href":"https:\/\/www.ewigerbund.org\/preussen\/wp-json\/wp\/v2\/pages\/65","targetHints":{"allow":["GET"]}}],"collection":[{"href":"https:\/\/www.ewigerbund.org\/preussen\/wp-json\/wp\/v2\/pages"}],"about":[{"href":"https:\/\/www.ewigerbund.org\/preussen\/wp-json\/wp\/v2\/types\/page"}],"author":[{"embeddable":true,"href":"https:\/\/www.ewigerbund.org\/preussen\/wp-json\/wp\/v2\/users\/8"}],"replies":[{"embeddable":true,"href":"https:\/\/www.ewigerbund.org\/preussen\/wp-json\/wp\/v2\/comments?post=65"}],"version-history":[{"count":7,"href":"https:\/\/www.ewigerbund.org\/preussen\/wp-json\/wp\/v2\/pages\/65\/revisions"}],"predecessor-version":[{"id":291,"href":"https:\/\/www.ewigerbund.org\/preussen\/wp-json\/wp\/v2\/pages\/65\/revisions\/291"}],"wp:featuredmedia":[{"embeddable":true,"href":"https:\/\/www.ewigerbund.org\/preussen\/wp-json\/wp\/v2\/media\/140"}],"wp:attachment":[{"href":"https:\/\/www.ewigerbund.org\/preussen\/wp-json\/wp\/v2\/media?parent=65"}],"wp:term":[{"taxonomy":"category","embeddable":true,"href":"https:\/\/www.ewigerbund.org\/preussen\/wp-json\/wp\/v2\/categories?post=65"},{"taxonomy":"post_tag","embeddable":true,"href":"https:\/\/www.ewigerbund.org\/preussen\/wp-json\/wp\/v2\/tags?post=65"}],"curies":[{"name":"wp","href":"https:\/\/api.w.org\/{rel}","templated":true}]}}