{"id":267,"date":"2023-02-04T20:37:44","date_gmt":"2023-02-04T19:37:44","guid":{"rendered":"https:\/\/www.ewigerbund.org\/preussen\/?page_id=267"},"modified":"2023-02-04T20:47:54","modified_gmt":"2023-02-04T19:47:54","slug":"material","status":"publish","type":"page","link":"https:\/\/www.ewigerbund.org\/preussen\/material\/","title":{"rendered":"Material"},"content":{"rendered":"\n<h2 class=\"wp-block-heading\">Flugbl\u00e4tter der preu\u00dfischen Provinzen.<\/h2>\n\n\n\n<p>Suche Dir ein Motiv Deiner Wahl aus, lade Dir die Druckdatei herunter und lasse diese in einer Druckerei Deiner Wahl in der von Dir gew\u00fcnschten Auflage drucken. Egal ob als Postwurf, in Hauseing\u00e4ngen, an Einkaufswagen, Superm\u00e4rkte, schwarze Bretter, \u00f6ffentliche Pl\u00e4tze: Verteilt die Flieger! Die deutsche Ohn-Macht basiert auf auf der Bewu\u00dftlosigkeit der Deutschen und Wissen ist die Voraussetzung f\u00fcr Bewu\u00dftsein. Es ist nun an der Zeit, dass die Preu\u00dfen wieder zu Bewu\u00dftsein kommen, damit wir das Ziel des Friedens erreichen!<\/p>\n\n\n\n<p><strong>Damit hilfst Du uns, Deinen Mitmenschen (und nat\u00fcrlich auch Dir selbst) bei der Vorbereitung zur Reorganisation Preu\u00dfens.<\/strong><\/p>\n\n\n\n<p><em>Alle Flugblatt Druckvorlagen sind im Format A6 quer inkl. 3 mm Anschnitt.<\/em><\/p>\n\n\n\n<hr class=\"wp-block-separator has-text-color has-base-color has-css-opacity has-base-background-color has-background is-style-default\"\/>\n\n\n\n<h2 class=\"wp-block-heading\">Flugblatt Preu\u00dfen (Berlin).<\/h2>\n\n\n\n<div class=\"wp-block-columns is-layout-flex wp-container-core-columns-is-layout-1 wp-block-columns-is-layout-flex\">\n<div class=\"wp-block-column is-layout-flow wp-block-column-is-layout-flow\">\n<figure class=\"wp-block-image size-large\"><a href=\"https:\/\/www.ewigerbund.org\/wp-content\/uploads\/flugblatt\/preussen\/Berlin\/JPG\/berlin_v.jpg\" target=\"_blank\" rel=\"noopener\"><img decoding=\"async\" src=\"https:\/\/www.ewigerbund.org\/wp-content\/uploads\/flugblatt\/preussen\/Berlin\/JPG\/berlin_v.jpg\" alt=\"\"\/><\/a><\/figure>\n<\/div>\n\n\n\n<div class=\"wp-block-column is-layout-flow wp-block-column-is-layout-flow\">\n<figure class=\"wp-block-image size-large\"><a href=\"https:\/\/www.ewigerbund.org\/wp-content\/uploads\/flugblatt\/preussen\/Berlin\/JPG\/berlin_h.jpg\" target=\"_blank\" rel=\"noopener\"><img decoding=\"async\" src=\"https:\/\/www.ewigerbund.org\/wp-content\/uploads\/flugblatt\/preussen\/Berlin\/JPG\/berlin_h.jpg\" alt=\"\"\/><\/a><\/figure>\n<\/div>\n<\/div>\n\n\n<div class=\"gb-button-wrapper gb-button-wrapper-ac4b03c9\">\n\n<a class=\"gb-button gb-button-e018d0ac gb-button-text\" href=\"https:\/\/www.ewigerbund.org\/wp-content\/uploads\/flugblatt\/preussen\/Berlin\/PDF\/berlin.pdf\" target=\"_blank\" rel=\"noopener noreferrer\">Druckdatei Herunterladen!<\/a>\n\n<\/div>\n\n\n<hr class=\"wp-block-separator has-text-color has-base-color has-css-opacity has-base-background-color has-background is-style-default\"\/>\n\n\n\n<h2 class=\"wp-block-heading\">Flugblatt Preu\u00dfen (Brandenburg).<\/h2>\n\n\n\n<div class=\"wp-block-columns is-layout-flex wp-container-core-columns-is-layout-2 wp-block-columns-is-layout-flex\">\n<div class=\"wp-block-column is-layout-flow wp-block-column-is-layout-flow\">\n<figure class=\"wp-block-image size-large\"><a href=\"https:\/\/www.ewigerbund.org\/wp-content\/uploads\/flugblatt\/preussen\/Brandenburg\/JPG\/brandenburg_v.jpg\" target=\"_blank\" rel=\"noopener\"><img decoding=\"async\" src=\"https:\/\/www.ewigerbund.org\/wp-content\/uploads\/flugblatt\/preussen\/Brandenburg\/JPG\/brandenburg_v.jpg\" alt=\"\"\/><\/a><\/figure>\n<\/div>\n\n\n\n<div class=\"wp-block-column is-layout-flow wp-block-column-is-layout-flow\">\n<figure class=\"wp-block-image size-large\"><a href=\"https:\/\/www.ewigerbund.org\/wp-content\/uploads\/flugblatt\/preussen\/Brandenburg\/JPG\/brandenburg_h.jpg\" target=\"_blank\" rel=\"noopener\"><img decoding=\"async\" src=\"https:\/\/www.ewigerbund.org\/wp-content\/uploads\/flugblatt\/preussen\/Brandenburg\/JPG\/brandenburg_h.jpg\" alt=\"\"\/><\/a><\/figure>\n<\/div>\n<\/div>\n\n\n<div class=\"gb-button-wrapper gb-button-wrapper-c72bc656\">\n\n<a class=\"gb-button gb-button-7f8b9f7a gb-button-text\" href=\"https:\/\/www.ewigerbund.org\/wp-content\/uploads\/flugblatt\/preussen\/Brandenburg\/PDF\/brandenburg.pdf\" target=\"_blank\" rel=\"noopener noreferrer\">Druckdatei Herunterladen!<\/a>\n\n<\/div>\n\n\n<hr class=\"wp-block-separator has-text-color has-base-color has-css-opacity has-base-background-color has-background is-style-default\"\/>\n\n\n\n<h2 class=\"wp-block-heading\">Flugblatt Preu\u00dfen (Hannover).<\/h2>\n\n\n\n<div class=\"wp-block-columns is-layout-flex wp-container-core-columns-is-layout-3 wp-block-columns-is-layout-flex\">\n<div class=\"wp-block-column is-layout-flow wp-block-column-is-layout-flow\">\n<figure class=\"wp-block-image size-large\"><a href=\"https:\/\/www.ewigerbund.org\/wp-content\/uploads\/flugblatt\/preussen\/Hannover\/JPG\/hannover_v.jpg\" target=\"_blank\" rel=\"noopener\"><img decoding=\"async\" src=\"https:\/\/www.ewigerbund.org\/wp-content\/uploads\/flugblatt\/preussen\/Hannover\/JPG\/hannover_v.jpg\" alt=\"\"\/><\/a><\/figure>\n<\/div>\n\n\n\n<div class=\"wp-block-column is-layout-flow wp-block-column-is-layout-flow\">\n<figure class=\"wp-block-image size-large\"><a href=\"https:\/\/www.ewigerbund.org\/wp-content\/uploads\/flugblatt\/preussen\/Hannover\/JPG\/hannover_h.jpg\" target=\"_blank\" rel=\"noopener\"><img decoding=\"async\" src=\"https:\/\/www.ewigerbund.org\/wp-content\/uploads\/flugblatt\/preussen\/Hannover\/JPG\/hannover_h.jpg\" alt=\"\"\/><\/a><\/figure>\n<\/div>\n<\/div>\n\n\n<div class=\"gb-button-wrapper gb-button-wrapper-d970408b\">\n\n<a class=\"gb-button gb-button-10884fb4 gb-button-text\" href=\"https:\/\/www.ewigerbund.org\/wp-content\/uploads\/flugblatt\/preussen\/Hannover\/PDF\/hannover.pdf\" target=\"_blank\" rel=\"noopener noreferrer\">Druckdatei Herunterladen!<\/a>\n\n<\/div>\n\n\n<hr class=\"wp-block-separator has-text-color has-base-color has-css-opacity has-base-background-color has-background is-style-default\"\/>\n\n\n\n<h2 class=\"wp-block-heading\">Flugblatt Preu\u00dfen (Hessen-Nassau).<\/h2>\n\n\n\n<div class=\"wp-block-columns is-layout-flex wp-container-core-columns-is-layout-4 wp-block-columns-is-layout-flex\">\n<div class=\"wp-block-column is-layout-flow wp-block-column-is-layout-flow\">\n<figure class=\"wp-block-image size-large\"><a href=\"https:\/\/www.ewigerbund.org\/wp-content\/uploads\/flugblatt\/preussen\/Hessen-Nassau\/JPG\/hessen-nassau_v.jpg\" target=\"_blank\" rel=\"noopener\"><img decoding=\"async\" src=\"https:\/\/www.ewigerbund.org\/wp-content\/uploads\/flugblatt\/preussen\/Hessen-Nassau\/JPG\/hessen-nassau_v.jpg\" alt=\"\"\/><\/a><\/figure>\n<\/div>\n\n\n\n<div class=\"wp-block-column is-layout-flow wp-block-column-is-layout-flow\">\n<figure class=\"wp-block-image size-large\"><a href=\"https:\/\/www.ewigerbund.org\/wp-content\/uploads\/flugblatt\/preussen\/Hessen-Nassau\/JPG\/hessen-nassau_h.jpg\" target=\"_blank\" rel=\"noopener\"><img decoding=\"async\" src=\"https:\/\/www.ewigerbund.org\/wp-content\/uploads\/flugblatt\/preussen\/Hessen-Nassau\/JPG\/hessen-nassau_h.jpg\" alt=\"\"\/><\/a><\/figure>\n<\/div>\n<\/div>\n\n\n<div class=\"gb-button-wrapper gb-button-wrapper-4396c940\">\n\n<a class=\"gb-button gb-button-4f4cb464 gb-button-text\" href=\"https:\/\/www.ewigerbund.org\/wp-content\/uploads\/flugblatt\/preussen\/Hessen-Nassau\/PDF\/hessen-nassau.pdf\" target=\"_blank\" rel=\"noopener noreferrer\">DRUCKDATEI HERUNTERLADEN!<\/a>\n\n<\/div>\n\n\n<hr class=\"wp-block-separator has-text-color has-base-color has-css-opacity has-base-background-color has-background is-style-default\"\/>\n\n\n\n<h2 class=\"wp-block-heading\">Flugblatt Preu\u00dfen (Hohenzollern).<\/h2>\n\n\n\n<div class=\"wp-block-columns is-layout-flex wp-container-core-columns-is-layout-5 wp-block-columns-is-layout-flex\">\n<div class=\"wp-block-column is-layout-flow wp-block-column-is-layout-flow\">\n<figure class=\"wp-block-image size-large\"><a href=\"https:\/\/www.ewigerbund.org\/wp-content\/uploads\/flugblatt\/preussen\/Hohenzollern\/JPG\/hohenzollern_v.jpg\" target=\"_blank\" rel=\"noopener\"><img decoding=\"async\" src=\"https:\/\/www.ewigerbund.org\/wp-content\/uploads\/flugblatt\/preussen\/Hohenzollern\/JPG\/hohenzollern_v.jpg\" alt=\"\"\/><\/a><\/figure>\n<\/div>\n\n\n\n<div class=\"wp-block-column is-layout-flow wp-block-column-is-layout-flow\">\n<figure class=\"wp-block-image size-large\"><a href=\"https:\/\/www.ewigerbund.org\/wp-content\/uploads\/flugblatt\/preussen\/Hohenzollern\/JPG\/hohenzollern_h.jpg\" target=\"_blank\" rel=\"noopener\"><img decoding=\"async\" src=\"https:\/\/www.ewigerbund.org\/wp-content\/uploads\/flugblatt\/preussen\/Hohenzollern\/JPG\/hohenzollern_h.jpg\" alt=\"\"\/><\/a><\/figure>\n<\/div>\n<\/div>\n\n\n<div class=\"gb-button-wrapper gb-button-wrapper-5751e5db\">\n\n<a class=\"gb-button gb-button-d8a28a18 gb-button-text\" href=\"https:\/\/www.ewigerbund.org\/wp-content\/uploads\/flugblatt\/preussen\/Hohenzollern\/PDF\/hohenzollern.pdf\" target=\"_blank\" rel=\"noopener noreferrer\">DRUCKDATEI HERUNTERLADEN!<\/a>\n\n<\/div>\n\n\n<hr class=\"wp-block-separator has-text-color has-base-color has-css-opacity has-base-background-color has-background is-style-default\"\/>\n\n\n\n<h2 class=\"wp-block-heading\">Flugblatt Preu\u00dfen (Rheinprovinz).<\/h2>\n\n\n\n<div class=\"wp-block-columns is-layout-flex wp-container-core-columns-is-layout-6 wp-block-columns-is-layout-flex\">\n<div class=\"wp-block-column is-layout-flow wp-block-column-is-layout-flow\">\n<figure class=\"wp-block-image size-large\"><a href=\"https:\/\/www.ewigerbund.org\/wp-content\/uploads\/flugblatt\/preussen\/Rheinprovinz\/JPG\/rheinprovinz_v.jpg\" target=\"_blank\" rel=\"noopener\"><img decoding=\"async\" src=\"https:\/\/www.ewigerbund.org\/wp-content\/uploads\/flugblatt\/preussen\/Rheinprovinz\/JPG\/rheinprovinz_v.jpg\" alt=\"\"\/><\/a><\/figure>\n<\/div>\n\n\n\n<div class=\"wp-block-column is-layout-flow wp-block-column-is-layout-flow\">\n<figure class=\"wp-block-image size-large\"><a href=\"https:\/\/www.ewigerbund.org\/wp-content\/uploads\/flugblatt\/preussen\/Rheinprovinz\/JPG\/rheinprovinz_h.jpg\" target=\"_blank\" rel=\"noopener\"><img decoding=\"async\" src=\"https:\/\/www.ewigerbund.org\/wp-content\/uploads\/flugblatt\/preussen\/Rheinprovinz\/JPG\/rheinprovinz_h.jpg\" alt=\"\"\/><\/a><\/figure>\n<\/div>\n<\/div>\n\n\n<div class=\"gb-button-wrapper gb-button-wrapper-02fb3fe7\">\n\n<a class=\"gb-button gb-button-4686cb70 gb-button-text\" href=\"https:\/\/www.ewigerbund.org\/wp-content\/uploads\/flugblatt\/preussen\/Rheinprovinz\/PDF\/rheinprovinz.pdf\" target=\"_blank\" rel=\"noopener noreferrer\">DRUCKDATEI HERUNTERLADEN!<\/a>\n\n<\/div>\n\n\n<hr class=\"wp-block-separator has-text-color has-base-color has-css-opacity has-base-background-color has-background is-style-default\"\/>\n\n\n\n<h2 class=\"wp-block-heading\">Flugblatt Preu\u00dfen (Provinz Sachsen).<\/h2>\n\n\n\n<div class=\"wp-block-columns is-layout-flex wp-container-core-columns-is-layout-7 wp-block-columns-is-layout-flex\">\n<div class=\"wp-block-column is-layout-flow wp-block-column-is-layout-flow\">\n<figure class=\"wp-block-image size-large\"><a href=\"https:\/\/www.ewigerbund.org\/wp-content\/uploads\/flugblatt\/preussen\/Sachsen\/JPG\/p-sachsen_v.jpg\" target=\"_blank\" rel=\"noopener\"><img decoding=\"async\" src=\"https:\/\/www.ewigerbund.org\/wp-content\/uploads\/flugblatt\/preussen\/Sachsen\/JPG\/p-sachsen_v.jpg\" alt=\"\"\/><\/a><\/figure>\n<\/div>\n\n\n\n<div class=\"wp-block-column is-layout-flow wp-block-column-is-layout-flow\">\n<figure class=\"wp-block-image size-large\"><a href=\"https:\/\/www.ewigerbund.org\/wp-content\/uploads\/flugblatt\/preussen\/Sachsen\/JPG\/p-sachsen_h.jpg\" target=\"_blank\" rel=\"noopener\"><img decoding=\"async\" src=\"https:\/\/www.ewigerbund.org\/wp-content\/uploads\/flugblatt\/preussen\/Sachsen\/JPG\/p-sachsen_h.jpg\" alt=\"\"\/><\/a><\/figure>\n<\/div>\n<\/div>\n\n\n<div class=\"gb-button-wrapper gb-button-wrapper-4efa55b2\">\n\n<a class=\"gb-button gb-button-be1add0b gb-button-text\" href=\"https:\/\/www.ewigerbund.org\/wp-content\/uploads\/flugblatt\/preussen\/Sachsen\/PDF\/p-sachsen.pdf\" target=\"_blank\" rel=\"noopener noreferrer\">DRUCKDATEI HERUNTERLADEN!<\/a>\n\n<\/div>\n\n\n<hr class=\"wp-block-separator has-text-color has-base-color has-css-opacity has-base-background-color has-background is-style-default\"\/>\n\n\n\n<h2 class=\"wp-block-heading\">Flugblatt Preu\u00dfen (Westfalen).<\/h2>\n\n\n\n<div class=\"wp-block-columns is-layout-flex wp-container-core-columns-is-layout-8 wp-block-columns-is-layout-flex\">\n<div class=\"wp-block-column is-layout-flow wp-block-column-is-layout-flow\">\n<figure class=\"wp-block-image size-large\"><a href=\"https:\/\/www.ewigerbund.org\/wp-content\/uploads\/flugblatt\/preussen\/Westphalen\/JPG\/westphalen_v.jpg\" target=\"_blank\" rel=\"noopener\"><img decoding=\"async\" src=\"https:\/\/www.ewigerbund.org\/wp-content\/uploads\/flugblatt\/preussen\/Westphalen\/JPG\/westphalen_v.jpg\" alt=\"\"\/><\/a><\/figure>\n<\/div>\n\n\n\n<div class=\"wp-block-column is-layout-flow wp-block-column-is-layout-flow\">\n<figure class=\"wp-block-image size-large\"><a href=\"https:\/\/www.ewigerbund.org\/wp-content\/uploads\/flugblatt\/preussen\/Westphalen\/JPG\/westphalen_h.jpg\" target=\"_blank\" rel=\"noopener\"><img decoding=\"async\" src=\"https:\/\/www.ewigerbund.org\/wp-content\/uploads\/flugblatt\/preussen\/Westphalen\/JPG\/westphalen_h.jpg\" alt=\"\"\/><\/a><\/figure>\n<\/div>\n<\/div>\n\n\n<div class=\"gb-button-wrapper gb-button-wrapper-ce5f70a3\">\n\n<a class=\"gb-button gb-button-69b53187 gb-button-text\" href=\"https:\/\/www.ewigerbund.org\/wp-content\/uploads\/flugblatt\/preussen\/Westphalen\/PDF\/westphalen.pdf\" target=\"_blank\" rel=\"noopener noreferrer\">DRUCKDATEI HERUNTERLADEN!<\/a>\n\n<\/div>\n\n\n<hr class=\"wp-block-separator has-text-color has-base-color has-css-opacity has-base-background-color has-background is-style-default\"\/>\n","protected":false},"excerpt":{"rendered":"<p>Flugbl\u00e4tter der preu\u00dfischen Provinzen. Suche Dir ein Motiv Deiner Wahl aus, lade Dir die Druckdatei herunter und lasse diese in einer Druckerei Deiner Wahl in der von Dir gew\u00fcnschten Auflage drucken. Egal ob als Postwurf, in Hauseing\u00e4ngen, an Einkaufswagen, Superm\u00e4rkte, schwarze Bretter, \u00f6ffentliche Pl\u00e4tze: Verteilt die Flieger! Die deutsche Ohn-Macht basiert auf auf der Bewu\u00dftlosigkeit &#8230; <a title=\"Material\" class=\"read-more\" href=\"https:\/\/www.ewigerbund.org\/preussen\/material\/\" aria-label=\"Mehr zu Material\">Weiterlesen &#8230;<\/a><\/p>\n","protected":false},"author":8,"featured_media":0,"parent":0,"menu_order":0,"comment_status":"closed","ping_status":"closed","template":"template-6-beide-seitenleiste.php","meta":{"footnotes":""},"categories":[],"tags":[],"class_list":["post-267","page","type-page","status-publish","hentry"],"yoast_head":"<!-- This site is optimized with the Yoast SEO plugin v23.1 - https:\/\/yoast.com\/wordpress\/plugins\/seo\/ -->\n<title>Material - K\u00f6nigreich Preu\u00dfen<\/title>\n<meta name=\"robots\" content=\"index, follow, max-snippet:-1, max-image-preview:large, max-video-preview:-1\" \/>\n<link rel=\"canonical\" href=\"https:\/\/www.ewigerbund.org\/preussen\/material\/\" \/>\n<meta property=\"og:locale\" content=\"de_DE\" \/>\n<meta property=\"og:type\" content=\"article\" \/>\n<meta property=\"og:title\" content=\"Material - K\u00f6nigreich Preu\u00dfen\" \/>\n<meta property=\"og:description\" content=\"Flugbl\u00e4tter der preu\u00dfischen Provinzen. Suche Dir ein Motiv Deiner Wahl aus, lade Dir die Druckdatei herunter und lasse diese in einer Druckerei Deiner Wahl in der von Dir gew\u00fcnschten Auflage drucken. Egal ob als Postwurf, in Hauseing\u00e4ngen, an Einkaufswagen, Superm\u00e4rkte, schwarze Bretter, \u00f6ffentliche Pl\u00e4tze: Verteilt die Flieger! Die deutsche Ohn-Macht basiert auf auf der Bewu\u00dftlosigkeit ... Weiterlesen ...\" \/>\n<meta property=\"og:url\" content=\"https:\/\/www.ewigerbund.org\/preussen\/material\/\" \/>\n<meta property=\"og:site_name\" content=\"K\u00f6nigreich Preu\u00dfen\" \/>\n<meta property=\"article:modified_time\" content=\"2023-02-04T19:47:54+00:00\" \/>\n<meta property=\"og:image\" content=\"https:\/\/www.ewigerbund.org\/wp-content\/uploads\/flugblatt\/preussen\/Berlin\/JPG\/berlin_v.jpg\" \/>\n<meta name=\"twitter:card\" content=\"summary_large_image\" \/>\n<meta name=\"twitter:label1\" content=\"Gesch\u00e4tzte Lesezeit\" \/>\n\t<meta name=\"twitter:data1\" content=\"5\u00a0Minuten\" \/>\n<script type=\"application\/ld+json\" class=\"yoast-schema-graph\">{\"@context\":\"https:\/\/schema.org\",\"@graph\":[{\"@type\":\"WebPage\",\"@id\":\"https:\/\/www.ewigerbund.org\/preussen\/material\/\",\"url\":\"https:\/\/www.ewigerbund.org\/preussen\/material\/\",\"name\":\"Material - K\u00f6nigreich Preu\u00dfen\",\"isPartOf\":{\"@id\":\"https:\/\/www.ewigerbund.org\/preussen\/#website\"},\"primaryImageOfPage\":{\"@id\":\"https:\/\/www.ewigerbund.org\/preussen\/material\/#primaryimage\"},\"image\":{\"@id\":\"https:\/\/www.ewigerbund.org\/preussen\/material\/#primaryimage\"},\"thumbnailUrl\":\"https:\/\/www.ewigerbund.org\/wp-content\/uploads\/flugblatt\/preussen\/Berlin\/JPG\/berlin_v.jpg\",\"datePublished\":\"2023-02-04T19:37:44+00:00\",\"dateModified\":\"2023-02-04T19:47:54+00:00\",\"breadcrumb\":{\"@id\":\"https:\/\/www.ewigerbund.org\/preussen\/material\/#breadcrumb\"},\"inLanguage\":\"de\",\"potentialAction\":[{\"@type\":\"ReadAction\",\"target\":[\"https:\/\/www.ewigerbund.org\/preussen\/material\/\"]}]},{\"@type\":\"ImageObject\",\"inLanguage\":\"de\",\"@id\":\"https:\/\/www.ewigerbund.org\/preussen\/material\/#primaryimage\",\"url\":\"https:\/\/www.ewigerbund.org\/wp-content\/uploads\/flugblatt\/preussen\/Berlin\/JPG\/berlin_v.jpg\",\"contentUrl\":\"https:\/\/www.ewigerbund.org\/wp-content\/uploads\/flugblatt\/preussen\/Berlin\/JPG\/berlin_v.jpg\"},{\"@type\":\"BreadcrumbList\",\"@id\":\"https:\/\/www.ewigerbund.org\/preussen\/material\/#breadcrumb\",\"itemListElement\":[{\"@type\":\"ListItem\",\"position\":1,\"name\":\"Startseite\",\"item\":\"https:\/\/www.ewigerbund.org\/preussen\/\"},{\"@type\":\"ListItem\",\"position\":2,\"name\":\"Material\"}]},{\"@type\":\"WebSite\",\"@id\":\"https:\/\/www.ewigerbund.org\/preussen\/#website\",\"url\":\"https:\/\/www.ewigerbund.org\/preussen\/\",\"name\":\"K\u00f6nigreich Preu\u00dfen\",\"description\":\"im ewigen Bund.\",\"potentialAction\":[{\"@type\":\"SearchAction\",\"target\":{\"@type\":\"EntryPoint\",\"urlTemplate\":\"https:\/\/www.ewigerbund.org\/preussen\/?s={search_term_string}\"},\"query-input\":\"required name=search_term_string\"}],\"inLanguage\":\"de\"}]}<\/script>\n<!-- \/ Yoast SEO plugin. -->","yoast_head_json":{"title":"Material - K\u00f6nigreich Preu\u00dfen","robots":{"index":"index","follow":"follow","max-snippet":"max-snippet:-1","max-image-preview":"max-image-preview:large","max-video-preview":"max-video-preview:-1"},"canonical":"https:\/\/www.ewigerbund.org\/preussen\/material\/","og_locale":"de_DE","og_type":"article","og_title":"Material - K\u00f6nigreich Preu\u00dfen","og_description":"Flugbl\u00e4tter der preu\u00dfischen Provinzen. Suche Dir ein Motiv Deiner Wahl aus, lade Dir die Druckdatei herunter und lasse diese in einer Druckerei Deiner Wahl in der von Dir gew\u00fcnschten Auflage drucken. Egal ob als Postwurf, in Hauseing\u00e4ngen, an Einkaufswagen, Superm\u00e4rkte, schwarze Bretter, \u00f6ffentliche Pl\u00e4tze: Verteilt die Flieger! Die deutsche Ohn-Macht basiert auf auf der Bewu\u00dftlosigkeit ... Weiterlesen ...","og_url":"https:\/\/www.ewigerbund.org\/preussen\/material\/","og_site_name":"K\u00f6nigreich Preu\u00dfen","article_modified_time":"2023-02-04T19:47:54+00:00","og_image":[{"url":"https:\/\/www.ewigerbund.org\/wp-content\/uploads\/flugblatt\/preussen\/Berlin\/JPG\/berlin_v.jpg"}],"twitter_card":"summary_large_image","twitter_misc":{"Gesch\u00e4tzte Lesezeit":"5\u00a0Minuten"},"schema":{"@context":"https:\/\/schema.org","@graph":[{"@type":"WebPage","@id":"https:\/\/www.ewigerbund.org\/preussen\/material\/","url":"https:\/\/www.ewigerbund.org\/preussen\/material\/","name":"Material - K\u00f6nigreich Preu\u00dfen","isPartOf":{"@id":"https:\/\/www.ewigerbund.org\/preussen\/#website"},"primaryImageOfPage":{"@id":"https:\/\/www.ewigerbund.org\/preussen\/material\/#primaryimage"},"image":{"@id":"https:\/\/www.ewigerbund.org\/preussen\/material\/#primaryimage"},"thumbnailUrl":"https:\/\/www.ewigerbund.org\/wp-content\/uploads\/flugblatt\/preussen\/Berlin\/JPG\/berlin_v.jpg","datePublished":"2023-02-04T19:37:44+00:00","dateModified":"2023-02-04T19:47:54+00:00","breadcrumb":{"@id":"https:\/\/www.ewigerbund.org\/preussen\/material\/#breadcrumb"},"inLanguage":"de","potentialAction":[{"@type":"ReadAction","target":["https:\/\/www.ewigerbund.org\/preussen\/material\/"]}]},{"@type":"ImageObject","inLanguage":"de","@id":"https:\/\/www.ewigerbund.org\/preussen\/material\/#primaryimage","url":"https:\/\/www.ewigerbund.org\/wp-content\/uploads\/flugblatt\/preussen\/Berlin\/JPG\/berlin_v.jpg","contentUrl":"https:\/\/www.ewigerbund.org\/wp-content\/uploads\/flugblatt\/preussen\/Berlin\/JPG\/berlin_v.jpg"},{"@type":"BreadcrumbList","@id":"https:\/\/www.ewigerbund.org\/preussen\/material\/#breadcrumb","itemListElement":[{"@type":"ListItem","position":1,"name":"Startseite","item":"https:\/\/www.ewigerbund.org\/preussen\/"},{"@type":"ListItem","position":2,"name":"Material"}]},{"@type":"WebSite","@id":"https:\/\/www.ewigerbund.org\/preussen\/#website","url":"https:\/\/www.ewigerbund.org\/preussen\/","name":"K\u00f6nigreich Preu\u00dfen","description":"im ewigen Bund.","potentialAction":[{"@type":"SearchAction","target":{"@type":"EntryPoint","urlTemplate":"https:\/\/www.ewigerbund.org\/preussen\/?s={search_term_string}"},"query-input":"required name=search_term_string"}],"inLanguage":"de"}]}},"_links":{"self":[{"href":"https:\/\/www.ewigerbund.org\/preussen\/wp-json\/wp\/v2\/pages\/267","targetHints":{"allow":["GET"]}}],"collection":[{"href":"https:\/\/www.ewigerbund.org\/preussen\/wp-json\/wp\/v2\/pages"}],"about":[{"href":"https:\/\/www.ewigerbund.org\/preussen\/wp-json\/wp\/v2\/types\/page"}],"author":[{"embeddable":true,"href":"https:\/\/www.ewigerbund.org\/preussen\/wp-json\/wp\/v2\/users\/8"}],"replies":[{"embeddable":true,"href":"https:\/\/www.ewigerbund.org\/preussen\/wp-json\/wp\/v2\/comments?post=267"}],"version-history":[{"count":9,"href":"https:\/\/www.ewigerbund.org\/preussen\/wp-json\/wp\/v2\/pages\/267\/revisions"}],"predecessor-version":[{"id":283,"href":"https:\/\/www.ewigerbund.org\/preussen\/wp-json\/wp\/v2\/pages\/267\/revisions\/283"}],"wp:attachment":[{"href":"https:\/\/www.ewigerbund.org\/preussen\/wp-json\/wp\/v2\/media?parent=267"}],"wp:term":[{"taxonomy":"category","embeddable":true,"href":"https:\/\/www.ewigerbund.org\/preussen\/wp-json\/wp\/v2\/categories?post=267"},{"taxonomy":"post_tag","embeddable":true,"href":"https:\/\/www.ewigerbund.org\/preussen\/wp-json\/wp\/v2\/tags?post=267"}],"curies":[{"name":"wp","href":"https:\/\/api.w.org\/{rel}","templated":true}]}}