{"id":10,"date":"2021-09-26T11:56:34","date_gmt":"2021-09-26T09:56:34","guid":{"rendered":"https:\/\/www.ewigerbund.org\/preussen\/?page_id=10"},"modified":"2023-02-04T20:26:22","modified_gmt":"2023-02-04T19:26:22","slug":"der-koenig","status":"publish","type":"page","link":"https:\/\/www.ewigerbund.org\/preussen\/der-koenig\/","title":{"rendered":"Der K\u00f6nig."},"content":{"rendered":"\n<p>Der K\u00f6nig ist das souver\u00e4ne Staatsoberhaupt Preu\u00dfens. Er ist Inhaber der Staatsgewalt und Quelle allen Rechtes in Preu\u00dfen. Mit der Verfassungsurkunde vom 31. Januar 1850 ist das Amt des K\u00f6nigs ein Verfassungsorgan (Artikel 43-59) und die Machtf\u00fclle des K\u00f6nigs beschr\u00e4nkt (konstitutionelle Monarchie).<\/p>\n\n\n\n<p>Die Krone ist gem\u00e4\u00df Verfassung Artikel 53  den K\u00f6niglichen Hausgesetzen gem\u00e4\u00df erblich in dem Mannsstamme des K\u00f6niglichen Hauses der Hohenzollern nach dem Rechte der Erstgeburt und der agnatischen Linealfolge.<\/p>\n\n\n\n<p>Gem\u00e4\u00df Artikel 11 der Reichsverfassung steht dem Inhaber der Krone Preu\u00dfen das Amt des Pr\u00e4sidium des Bundes, das den Namen Deutscher Kaiser f\u00fchrt, zu. Dadurch ist der jeweilige K\u00f6nig von Preu\u00dfen zugleich Deutscher Kaiser und Staatsoberhaupt des ewigen Bundes Deutsches Reich.<\/p>\n\n\n\n<p>Eine ersch\u00f6pfende Behandlung der Stellung des K\u00f6nigs findet sich im Kapitel <a href=\"https:\/\/bibliothek.ewigerbund.org\/?rcno_review=roenne-zorn-das-staatsrecht-der-reussischen-monarchie-band-1-1899&amp;seite=225\" target=\"_blank\" rel=\"noreferrer noopener\">Der K\u00f6nig in Ludwig von R\u00f6nnes Werk &#8222;Das Staatsrecht der Preu\u00dfischen Monarchie&#8220;<\/a>.<\/p>\n\n\n\n<p>Gegenw\u00e4rtiger Erbe der Krone Preu\u00dfens ist Georg Friedrich, * 10. Juni 1977.<\/p>\n\n\n\n<p class=\"has-small-font-size\">  <img loading=\"lazy\" decoding=\"async\" width=\"350\" height=\"467\" class=\"wp-image-136\" style=\"width: 350px;\" src=\"https:\/\/www.ewigerbund.org\/preussen\/wp-content\/uploads\/sites\/11\/2021\/09\/Georg_Friedrich.jpg\" alt=\"Georg Friedrich mit Gattin Sophie.\" srcset=\"https:\/\/www.ewigerbund.org\/preussen\/wp-content\/uploads\/sites\/11\/2021\/09\/Georg_Friedrich.jpg 1281w, https:\/\/www.ewigerbund.org\/preussen\/wp-content\/uploads\/sites\/11\/2021\/09\/Georg_Friedrich-225x300.jpg 225w, https:\/\/www.ewigerbund.org\/preussen\/wp-content\/uploads\/sites\/11\/2021\/09\/Georg_Friedrich-768x1024.jpg 768w, https:\/\/www.ewigerbund.org\/preussen\/wp-content\/uploads\/sites\/11\/2021\/09\/Georg_Friedrich-1152x1536.jpg 1152w\" sizes=\"auto, (max-width: 350px) 100vw, 350px\" \/><br>Das K\u00f6nigliche Paar: Georg Friedrich mit Gattin Sophie.<\/p>\n\n\n\n<p>Von der Erwerbung der Krone und deren Wirkungen.<br>I. Regierungsantritt.<br>1) Das deutsche Staatsrecht erkennt den f\u00fcr die Dauer und den Bestand der erblichen Einherrschaft notwendigen Grundsatz an, da\u00df im Augenblicke der Thronerledigung der \u00dcbergang der Staatsgewalt von dem bisherigen Inhaber auf den zur Nachfolge berechtigten von Rechtswegen (ipso jure) erfolgt, ohne das irgendeine Handlung &#8211; eine Antretung -, oder auch nur die Kenntnis des Anfalles von seiner Seite erforderlich w\u00e4re. Dieser Grundsatz gilt auch f\u00fcr das preu\u00dfische Staatsrecht. Der verfassungsm\u00e4\u00dfige Thronfolger (Art. 53) tritt daher sofort mit der Thronerledigung die Regierung an. (R\u00f6nne &#8211; Das Staatsrecht der preu\u00dfischen Monarchie Bd. 1, 5. Auflage S. 225)<\/p>\n","protected":false},"excerpt":{"rendered":"<p>Der K\u00f6nig ist das souver\u00e4ne Staatsoberhaupt Preu\u00dfens. Er ist Inhaber der Staatsgewalt und Quelle allen Rechtes in Preu\u00dfen. Mit der Verfassungsurkunde vom 31. Januar 1850 ist das Amt des K\u00f6nigs ein Verfassungsorgan (Artikel 43-59) und die Machtf\u00fclle des K\u00f6nigs beschr\u00e4nkt (konstitutionelle Monarchie). Die Krone ist gem\u00e4\u00df Verfassung Artikel 53 den K\u00f6niglichen Hausgesetzen gem\u00e4\u00df erblich in &#8230; <a title=\"Der K\u00f6nig.\" class=\"read-more\" href=\"https:\/\/www.ewigerbund.org\/preussen\/der-koenig\/\" aria-label=\"Mehr zu Der K\u00f6nig.\">Weiterlesen &#8230;<\/a><\/p>\n","protected":false},"author":8,"featured_media":0,"parent":0,"menu_order":0,"comment_status":"closed","ping_status":"closed","template":"template-6-beide-seitenleiste.php","meta":{"footnotes":""},"categories":[],"tags":[],"class_list":["post-10","page","type-page","status-publish","hentry"],"yoast_head":"<!-- This site is optimized with the Yoast SEO plugin v23.1 - https:\/\/yoast.com\/wordpress\/plugins\/seo\/ -->\n<title>Der K\u00f6nig. K\u00f6nigreich Preu\u00dfen<\/title>\n<meta name=\"description\" content=\"Der K\u00f6nig ist das souver\u00e4ne Staatsoberhaupt Preu\u00dfens. Er ist Inhaber der Staatsgewalt und Quelle allen Rechtes in Preu\u00dfen.\" \/>\n<meta name=\"robots\" content=\"index, follow, max-snippet:-1, max-image-preview:large, max-video-preview:-1\" \/>\n<link rel=\"canonical\" href=\"https:\/\/www.ewigerbund.org\/preussen\/der-koenig\/\" \/>\n<meta property=\"og:locale\" content=\"de_DE\" \/>\n<meta property=\"og:type\" content=\"article\" \/>\n<meta property=\"og:title\" content=\"Der K\u00f6nig. K\u00f6nigreich Preu\u00dfen\" \/>\n<meta property=\"og:description\" content=\"Der K\u00f6nig ist das souver\u00e4ne Staatsoberhaupt Preu\u00dfens. Er ist Inhaber der Staatsgewalt und Quelle allen Rechtes in Preu\u00dfen.\" \/>\n<meta property=\"og:url\" content=\"https:\/\/www.ewigerbund.org\/preussen\/der-koenig\/\" \/>\n<meta property=\"og:site_name\" content=\"K\u00f6nigreich Preu\u00dfen\" \/>\n<meta property=\"article:modified_time\" content=\"2023-02-04T19:26:22+00:00\" \/>\n<meta property=\"og:image\" content=\"https:\/\/www.ewigerbund.org\/preussen\/wp-content\/uploads\/sites\/11\/2021\/09\/Georg_Friedrich.jpg\" \/>\n<meta name=\"twitter:card\" content=\"summary_large_image\" \/>\n<meta name=\"twitter:label1\" content=\"Gesch\u00e4tzte Lesezeit\" \/>\n\t<meta name=\"twitter:data1\" content=\"2\u00a0Minuten\" \/>\n<script type=\"application\/ld+json\" class=\"yoast-schema-graph\">{\"@context\":\"https:\/\/schema.org\",\"@graph\":[{\"@type\":\"WebPage\",\"@id\":\"https:\/\/www.ewigerbund.org\/preussen\/der-koenig\/\",\"url\":\"https:\/\/www.ewigerbund.org\/preussen\/der-koenig\/\",\"name\":\"Der K\u00f6nig. K\u00f6nigreich Preu\u00dfen\",\"isPartOf\":{\"@id\":\"https:\/\/www.ewigerbund.org\/preussen\/#website\"},\"primaryImageOfPage\":{\"@id\":\"https:\/\/www.ewigerbund.org\/preussen\/der-koenig\/#primaryimage\"},\"image\":{\"@id\":\"https:\/\/www.ewigerbund.org\/preussen\/der-koenig\/#primaryimage\"},\"thumbnailUrl\":\"https:\/\/www.ewigerbund.org\/preussen\/wp-content\/uploads\/sites\/11\/2021\/09\/Georg_Friedrich.jpg\",\"datePublished\":\"2021-09-26T09:56:34+00:00\",\"dateModified\":\"2023-02-04T19:26:22+00:00\",\"description\":\"Der K\u00f6nig ist das souver\u00e4ne Staatsoberhaupt Preu\u00dfens. Er ist Inhaber der Staatsgewalt und Quelle allen Rechtes in Preu\u00dfen.\",\"breadcrumb\":{\"@id\":\"https:\/\/www.ewigerbund.org\/preussen\/der-koenig\/#breadcrumb\"},\"inLanguage\":\"de\",\"potentialAction\":[{\"@type\":\"ReadAction\",\"target\":[\"https:\/\/www.ewigerbund.org\/preussen\/der-koenig\/\"]}]},{\"@type\":\"ImageObject\",\"inLanguage\":\"de\",\"@id\":\"https:\/\/www.ewigerbund.org\/preussen\/der-koenig\/#primaryimage\",\"url\":\"https:\/\/www.ewigerbund.org\/preussen\/wp-content\/uploads\/sites\/11\/2021\/09\/Georg_Friedrich.jpg\",\"contentUrl\":\"https:\/\/www.ewigerbund.org\/preussen\/wp-content\/uploads\/sites\/11\/2021\/09\/Georg_Friedrich.jpg\",\"width\":1281,\"height\":1708,\"caption\":\"Das K\u00f6nigliche Paar: Georg Friedrich mit Gattin Sophie.\"},{\"@type\":\"BreadcrumbList\",\"@id\":\"https:\/\/www.ewigerbund.org\/preussen\/der-koenig\/#breadcrumb\",\"itemListElement\":[{\"@type\":\"ListItem\",\"position\":1,\"name\":\"Startseite\",\"item\":\"https:\/\/www.ewigerbund.org\/preussen\/\"},{\"@type\":\"ListItem\",\"position\":2,\"name\":\"Der K\u00f6nig.\"}]},{\"@type\":\"WebSite\",\"@id\":\"https:\/\/www.ewigerbund.org\/preussen\/#website\",\"url\":\"https:\/\/www.ewigerbund.org\/preussen\/\",\"name\":\"K\u00f6nigreich Preu\u00dfen\",\"description\":\"im ewigen Bund.\",\"potentialAction\":[{\"@type\":\"SearchAction\",\"target\":{\"@type\":\"EntryPoint\",\"urlTemplate\":\"https:\/\/www.ewigerbund.org\/preussen\/?s={search_term_string}\"},\"query-input\":\"required name=search_term_string\"}],\"inLanguage\":\"de\"}]}<\/script>\n<!-- \/ Yoast SEO plugin. -->","yoast_head_json":{"title":"Der K\u00f6nig. K\u00f6nigreich Preu\u00dfen","description":"Der K\u00f6nig ist das souver\u00e4ne Staatsoberhaupt Preu\u00dfens. Er ist Inhaber der Staatsgewalt und Quelle allen Rechtes in Preu\u00dfen.","robots":{"index":"index","follow":"follow","max-snippet":"max-snippet:-1","max-image-preview":"max-image-preview:large","max-video-preview":"max-video-preview:-1"},"canonical":"https:\/\/www.ewigerbund.org\/preussen\/der-koenig\/","og_locale":"de_DE","og_type":"article","og_title":"Der K\u00f6nig. K\u00f6nigreich Preu\u00dfen","og_description":"Der K\u00f6nig ist das souver\u00e4ne Staatsoberhaupt Preu\u00dfens. Er ist Inhaber der Staatsgewalt und Quelle allen Rechtes in Preu\u00dfen.","og_url":"https:\/\/www.ewigerbund.org\/preussen\/der-koenig\/","og_site_name":"K\u00f6nigreich Preu\u00dfen","article_modified_time":"2023-02-04T19:26:22+00:00","og_image":[{"url":"https:\/\/www.ewigerbund.org\/preussen\/wp-content\/uploads\/sites\/11\/2021\/09\/Georg_Friedrich.jpg"}],"twitter_card":"summary_large_image","twitter_misc":{"Gesch\u00e4tzte Lesezeit":"2\u00a0Minuten"},"schema":{"@context":"https:\/\/schema.org","@graph":[{"@type":"WebPage","@id":"https:\/\/www.ewigerbund.org\/preussen\/der-koenig\/","url":"https:\/\/www.ewigerbund.org\/preussen\/der-koenig\/","name":"Der K\u00f6nig. K\u00f6nigreich Preu\u00dfen","isPartOf":{"@id":"https:\/\/www.ewigerbund.org\/preussen\/#website"},"primaryImageOfPage":{"@id":"https:\/\/www.ewigerbund.org\/preussen\/der-koenig\/#primaryimage"},"image":{"@id":"https:\/\/www.ewigerbund.org\/preussen\/der-koenig\/#primaryimage"},"thumbnailUrl":"https:\/\/www.ewigerbund.org\/preussen\/wp-content\/uploads\/sites\/11\/2021\/09\/Georg_Friedrich.jpg","datePublished":"2021-09-26T09:56:34+00:00","dateModified":"2023-02-04T19:26:22+00:00","description":"Der K\u00f6nig ist das souver\u00e4ne Staatsoberhaupt Preu\u00dfens. Er ist Inhaber der Staatsgewalt und Quelle allen Rechtes in Preu\u00dfen.","breadcrumb":{"@id":"https:\/\/www.ewigerbund.org\/preussen\/der-koenig\/#breadcrumb"},"inLanguage":"de","potentialAction":[{"@type":"ReadAction","target":["https:\/\/www.ewigerbund.org\/preussen\/der-koenig\/"]}]},{"@type":"ImageObject","inLanguage":"de","@id":"https:\/\/www.ewigerbund.org\/preussen\/der-koenig\/#primaryimage","url":"https:\/\/www.ewigerbund.org\/preussen\/wp-content\/uploads\/sites\/11\/2021\/09\/Georg_Friedrich.jpg","contentUrl":"https:\/\/www.ewigerbund.org\/preussen\/wp-content\/uploads\/sites\/11\/2021\/09\/Georg_Friedrich.jpg","width":1281,"height":1708,"caption":"Das K\u00f6nigliche Paar: Georg Friedrich mit Gattin Sophie."},{"@type":"BreadcrumbList","@id":"https:\/\/www.ewigerbund.org\/preussen\/der-koenig\/#breadcrumb","itemListElement":[{"@type":"ListItem","position":1,"name":"Startseite","item":"https:\/\/www.ewigerbund.org\/preussen\/"},{"@type":"ListItem","position":2,"name":"Der K\u00f6nig."}]},{"@type":"WebSite","@id":"https:\/\/www.ewigerbund.org\/preussen\/#website","url":"https:\/\/www.ewigerbund.org\/preussen\/","name":"K\u00f6nigreich Preu\u00dfen","description":"im ewigen Bund.","potentialAction":[{"@type":"SearchAction","target":{"@type":"EntryPoint","urlTemplate":"https:\/\/www.ewigerbund.org\/preussen\/?s={search_term_string}"},"query-input":"required name=search_term_string"}],"inLanguage":"de"}]}},"_links":{"self":[{"href":"https:\/\/www.ewigerbund.org\/preussen\/wp-json\/wp\/v2\/pages\/10","targetHints":{"allow":["GET"]}}],"collection":[{"href":"https:\/\/www.ewigerbund.org\/preussen\/wp-json\/wp\/v2\/pages"}],"about":[{"href":"https:\/\/www.ewigerbund.org\/preussen\/wp-json\/wp\/v2\/types\/page"}],"author":[{"embeddable":true,"href":"https:\/\/www.ewigerbund.org\/preussen\/wp-json\/wp\/v2\/users\/8"}],"replies":[{"embeddable":true,"href":"https:\/\/www.ewigerbund.org\/preussen\/wp-json\/wp\/v2\/comments?post=10"}],"version-history":[{"count":3,"href":"https:\/\/www.ewigerbund.org\/preussen\/wp-json\/wp\/v2\/pages\/10\/revisions"}],"predecessor-version":[{"id":138,"href":"https:\/\/www.ewigerbund.org\/preussen\/wp-json\/wp\/v2\/pages\/10\/revisions\/138"}],"wp:attachment":[{"href":"https:\/\/www.ewigerbund.org\/preussen\/wp-json\/wp\/v2\/media?parent=10"}],"wp:term":[{"taxonomy":"category","embeddable":true,"href":"https:\/\/www.ewigerbund.org\/preussen\/wp-json\/wp\/v2\/categories?post=10"},{"taxonomy":"post_tag","embeddable":true,"href":"https:\/\/www.ewigerbund.org\/preussen\/wp-json\/wp\/v2\/tags?post=10"}],"curies":[{"name":"wp","href":"https:\/\/api.w.org\/{rel}","templated":true}]}}