{"id":324,"date":"2022-12-08T09:06:36","date_gmt":"2022-12-08T08:06:36","guid":{"rendered":"https:\/\/www.ewigerbund.org\/geschichte\/?page_id=324"},"modified":"2023-01-30T18:35:20","modified_gmt":"2023-01-30T17:35:20","slug":"17-jahrhundert","status":"publish","type":"page","link":"https:\/\/www.ewigerbund.org\/geschichte\/17-jahrhundert\/","title":{"rendered":"17. Jahrhundert."},"content":{"rendered":"\n<h2 class=\"has-text-align-center wp-block-heading\">Die Geschichte im 17. Jahrhundert.<\/h2>\n\n\n<p><!-- \/.panel-heading --><\/p>\n<div class=\"panel-body\">\n<ul class=\"timeline\">\n<li>\n<div class=\"timeline-badge\">&nbsp;<\/div>\n<div class=\"timeline-panel\">\n<div class=\"timeline-heading\">\n<h2 style=\"color: #811810;\" align=\"right\"><span style=\"color: #e42313;\">1618 &#8211; 1648.<\/span><\/h2>\n<p><a href=\"https:\/\/www.ewigerbund.org\/geschichte\/17-jahrhundert\/1618-1648-der-dreissigjaehrige-krieg\/\"><img loading=\"lazy\" decoding=\"async\" class=\"aligncenter wp-image-1458 size-full\" src=\"https:\/\/www.ewigerbund.org\/geschichte\/wp-content\/uploads\/sites\/39\/2023\/01\/EB-Geschichte-30jaehrigerKrieg-Video-1.jpg\" alt=\"\" width=\"1200\" height=\"682\" srcset=\"https:\/\/www.ewigerbund.org\/geschichte\/wp-content\/uploads\/sites\/39\/2023\/01\/EB-Geschichte-30jaehrigerKrieg-Video-1.jpg 1200w, https:\/\/www.ewigerbund.org\/geschichte\/wp-content\/uploads\/sites\/39\/2023\/01\/EB-Geschichte-30jaehrigerKrieg-Video-1-300x171.jpg 300w, https:\/\/www.ewigerbund.org\/geschichte\/wp-content\/uploads\/sites\/39\/2023\/01\/EB-Geschichte-30jaehrigerKrieg-Video-1-1024x582.jpg 1024w, https:\/\/www.ewigerbund.org\/geschichte\/wp-content\/uploads\/sites\/39\/2023\/01\/EB-Geschichte-30jaehrigerKrieg-Video-1-768x436.jpg 768w\" sizes=\"auto, (max-width: 1200px) 100vw, 1200px\" \/><\/a><\/p>\n<h3 class=\"timeline-title\">Der drei\u00dfigj\u00e4hrige Krieg.<\/h3>\n<\/div>\n<div class=\"timeline-body\">\n<p>Trotz des Augsburger Religionsfriedens wurde das Verh\u00e4ltnis zwischen Katholiken und Protestanten in Deutschland nicht besser. Um das Jahr 1600 standen sich beide Parteien schon so feindselig gegen\u00fcber, da\u00df ein Krieg vorauszusehen war.<\/p>\n<p><a href=\"https:\/\/www.ewigerbund.org\/geschichte\/17-jahrhundert\/1618-1648-der-dreissigjaehrige-krieg\/\">Weiterlesen \u2794 <\/a><\/p>\n<\/div>\n<\/div>\n<\/li>\n<li class=\"timeline-inverted\">\n<div class=\"timeline-badge\">&nbsp;<\/div>\n<div class=\"timeline-panel\">\n<div class=\"timeline-heading\">\n<h2 style=\"color: #811810;\" align=\"left\"><span style=\"color: #e42313;\">Bis 1640.<\/span><\/h2>\n<p><a href=\"https:\/\/www.ewigerbund.org\/geschichte\/17-jahrhundert\/die-hohenzollernschen-kurfuersten-von-brandenburg-bis-zum-jahre-1640\/\"><img loading=\"lazy\" decoding=\"async\" class=\"aligncenter wp-image-1462 size-full\" src=\"https:\/\/www.ewigerbund.org\/geschichte\/wp-content\/uploads\/sites\/39\/2023\/01\/EB-Geschichte-HohenzollernBis1640-Video-1.jpg\" alt=\"\" width=\"1200\" height=\"682\" srcset=\"https:\/\/www.ewigerbund.org\/geschichte\/wp-content\/uploads\/sites\/39\/2023\/01\/EB-Geschichte-HohenzollernBis1640-Video-1.jpg 1200w, https:\/\/www.ewigerbund.org\/geschichte\/wp-content\/uploads\/sites\/39\/2023\/01\/EB-Geschichte-HohenzollernBis1640-Video-1-300x171.jpg 300w, https:\/\/www.ewigerbund.org\/geschichte\/wp-content\/uploads\/sites\/39\/2023\/01\/EB-Geschichte-HohenzollernBis1640-Video-1-1024x582.jpg 1024w, https:\/\/www.ewigerbund.org\/geschichte\/wp-content\/uploads\/sites\/39\/2023\/01\/EB-Geschichte-HohenzollernBis1640-Video-1-768x436.jpg 768w\" sizes=\"auto, (max-width: 1200px) 100vw, 1200px\" \/><\/a><\/p>\n<h3 class=\"timeline-title\">Die hohenzollernschen Kurf\u00fcrsten von Brandenburg bis zum Jahre 1640.<\/h3>\n<\/div>\n<div class=\"timeline-body\">\n<p>Das Stammschlo\u00df des Geschlechts der Hohenzollern stand in der N\u00e4he von Hechingen in Schwaben. Ungef\u00e4hr um 1200 erlangte ein Graf von Zollern durch Heirat gro\u00dfen Besitz in Franken (Ansbach, Bayreuth, Kulmbach) und erhielt die W\u00fcrde eines Burggrafen von N\u00fcrnberg.<\/p>\n<p><a href=\"https:\/\/www.ewigerbund.org\/geschichte\/17-jahrhundert\/die-hohenzollernschen-kurfuersten-von-brandenburg-bis-zum-jahre-1640\/\">Weiterlesen \u2794<\/a><\/p>\n<\/div>\n<\/div>\n<\/li>\n<li>\n<div class=\"timeline-badge\">&nbsp;<\/div>\n<div class=\"timeline-panel\">\n<div class=\"timeline-heading\">\n<h2 style=\"color: #811810;\" align=\"right\"><span style=\"color: #e42313;\">1640 &#8211; 1688.<\/span><\/h2>\n<p><a href=\"https:\/\/www.ewigerbund.org\/geschichte\/17-jahrhundert\/1640-1688-friedrich-wilhelm-der-grosse-kurfuerst\/\"><img loading=\"lazy\" decoding=\"async\" class=\"aligncenter wp-image-1461 size-full\" src=\"https:\/\/www.ewigerbund.org\/geschichte\/wp-content\/uploads\/sites\/39\/2023\/01\/EB-Geschichte-GrosserKurfuerstFriedrichW-Video-1.jpg\" alt=\"\" width=\"1200\" height=\"682\" srcset=\"https:\/\/www.ewigerbund.org\/geschichte\/wp-content\/uploads\/sites\/39\/2023\/01\/EB-Geschichte-GrosserKurfuerstFriedrichW-Video-1.jpg 1200w, https:\/\/www.ewigerbund.org\/geschichte\/wp-content\/uploads\/sites\/39\/2023\/01\/EB-Geschichte-GrosserKurfuerstFriedrichW-Video-1-300x171.jpg 300w, https:\/\/www.ewigerbund.org\/geschichte\/wp-content\/uploads\/sites\/39\/2023\/01\/EB-Geschichte-GrosserKurfuerstFriedrichW-Video-1-1024x582.jpg 1024w, https:\/\/www.ewigerbund.org\/geschichte\/wp-content\/uploads\/sites\/39\/2023\/01\/EB-Geschichte-GrosserKurfuerstFriedrichW-Video-1-768x436.jpg 768w\" sizes=\"auto, (max-width: 1200px) 100vw, 1200px\" \/><\/a><\/p>\n<h3 class=\"timeline-title\">Friedrich Wilhelm, der Gro\u00dfe Kurf\u00fcrst.<\/h3>\n<\/div>\n<div class=\"timeline-body\">\n<p>Friedrich Wilhelm wurde im Jahre 1620 geboren. Wegen der Unruhen des Drei\u00dfigj\u00e4hrigen Krieges mu\u00dfte er einen gro\u00dfen Teil seiner Knabenzeit in der Festung K\u00fcstrin verleben.<\/p>\n<p><a href=\"https:\/\/www.ewigerbund.org\/geschichte\/17-jahrhundert\/1640-1688-friedrich-wilhelm-der-grosse-kurfuerst\/\">Weiterlesen \u2794<\/a><\/p>\n<\/div>\n<\/div>\n<\/li>\n<li class=\"timeline-inverted\">\n<div class=\"timeline-badge\">&nbsp;<\/div>\n<div class=\"timeline-panel\">\n<div class=\"timeline-heading\">\n<h2 style=\"color: #811810;\" align=\"left\"><span style=\"color: #e42313;\">1688 &#8211; 1713.<\/span><\/h2>\n<p><a href=\"https:\/\/www.ewigerbund.org\/geschichte\/17-jahrhundert\/1688-1713-friedrich-iii-i\/\"><img loading=\"lazy\" decoding=\"async\" class=\"aligncenter wp-image-1452 size-full\" src=\"https:\/\/www.ewigerbund.org\/geschichte\/wp-content\/uploads\/sites\/39\/2023\/01\/EB-Geschichte-Friedrich-III-Video-1.jpg\" alt=\"\" width=\"1200\" height=\"682\" srcset=\"https:\/\/www.ewigerbund.org\/geschichte\/wp-content\/uploads\/sites\/39\/2023\/01\/EB-Geschichte-Friedrich-III-Video-1.jpg 1200w, https:\/\/www.ewigerbund.org\/geschichte\/wp-content\/uploads\/sites\/39\/2023\/01\/EB-Geschichte-Friedrich-III-Video-1-300x171.jpg 300w, https:\/\/www.ewigerbund.org\/geschichte\/wp-content\/uploads\/sites\/39\/2023\/01\/EB-Geschichte-Friedrich-III-Video-1-1024x582.jpg 1024w, https:\/\/www.ewigerbund.org\/geschichte\/wp-content\/uploads\/sites\/39\/2023\/01\/EB-Geschichte-Friedrich-III-Video-1-768x436.jpg 768w\" sizes=\"auto, (max-width: 1200px) 100vw, 1200px\" \/><\/a><\/p>\n<h3 class=\"timeline-title\">Friedrich III. (I.)<\/h3>\n<\/div>\n<div class=\"timeline-body\">\n<p>Friedrich III., der Sohn des Gro\u00dfen Kurf\u00fcrsten, hatte eine schm\u00e4chtige, etwas verwachsene Gestalt. Von Charakter war er gutm\u00fctig und milde und wurde deshalb von seinem Volke aufrichtig geliebt. Bei Beginn seiner Regierung erhob er seinen Erzieher, den trefflichen Dankelmann, zu seinem Ratgeber und verwaltete sein Land in der sparsamen Weise seines Vaters.<\/p>\n<p><a href=\"https:\/\/www.ewigerbund.org\/geschichte\/17-jahrhundert\/1688-1713-friedrich-iii-i\/\">Weiterlesen \u2794<\/a><\/p>\n<\/div>\n<\/div>\n<\/li>\n<\/ul>\n<\/div>\n<p><!-- \/.panel-body --><\/p>\n\n\n<div style=\"height:100px\" aria-hidden=\"true\" class=\"wp-block-spacer\"><\/div>\n","protected":false},"excerpt":{"rendered":"<p>Die Geschichte im 17. Jahrhundert. &nbsp; 1618 &#8211; 1648. Der drei\u00dfigj\u00e4hrige Krieg. Trotz des Augsburger Religionsfriedens wurde das Verh\u00e4ltnis zwischen Katholiken und Protestanten in Deutschland nicht besser. Um das Jahr 1600 standen sich beide Parteien schon so feindselig gegen\u00fcber, da\u00df ein Krieg vorauszusehen war. Weiterlesen \u2794 &nbsp; Bis 1640. Die hohenzollernschen Kurf\u00fcrsten von Brandenburg bis [&hellip;]<\/p>\n","protected":false},"author":16,"featured_media":1776,"parent":0,"menu_order":0,"comment_status":"closed","ping_status":"closed","template":"template-4-linke-seitenleiste.php","meta":{"footnotes":""},"categories":[12,7,8],"tags":[],"class_list":["post-324","page","type-page","status-publish","has-post-thumbnail","hentry","category-17-jahrhundert","category-geschichte","category-zeitlinie"],"yoast_head":"<!-- This site is optimized with the Yoast SEO plugin v23.1 - https:\/\/yoast.com\/wordpress\/plugins\/seo\/ -->\n<title>17. Jahrhundert. | Ewiger Bund.<\/title>\n<meta name=\"description\" content=\"Deutschland kommt zu sich, komm einfach mit. Gemeinsam werden wir das deutsche Reich zur alten W\u00fcrde emporheben!\" \/>\n<meta name=\"robots\" content=\"index, follow, max-snippet:-1, max-image-preview:large, max-video-preview:-1\" \/>\n<link rel=\"canonical\" href=\"https:\/\/www.ewigerbund.org\/geschichte\/17-jahrhundert\/\" \/>\n<meta property=\"og:locale\" content=\"de_DE\" \/>\n<meta property=\"og:type\" content=\"article\" \/>\n<meta property=\"og:title\" content=\"17. Jahrhundert. | Ewiger Bund.\" \/>\n<meta property=\"og:description\" content=\"Deutschland kommt zu sich, komm einfach mit. Gemeinsam werden wir das deutsche Reich zur alten W\u00fcrde emporheben!\" \/>\n<meta property=\"og:url\" content=\"https:\/\/www.ewigerbund.org\/geschichte\/17-jahrhundert\/\" \/>\n<meta property=\"og:site_name\" content=\"Geschichte\" \/>\n<meta property=\"article:modified_time\" content=\"2023-01-30T17:35:20+00:00\" \/>\n<meta property=\"og:image\" content=\"https:\/\/www.ewigerbund.org\/geschichte\/wp-content\/uploads\/sites\/39\/2023\/01\/Kat-Geschichte.jpg\" \/>\n\t<meta property=\"og:image:width\" content=\"1748\" \/>\n\t<meta property=\"og:image:height\" content=\"994\" \/>\n\t<meta property=\"og:image:type\" content=\"image\/jpeg\" \/>\n<meta name=\"twitter:card\" content=\"summary_large_image\" \/>\n<meta name=\"twitter:label1\" content=\"Gesch\u00e4tzte Lesezeit\" \/>\n\t<meta name=\"twitter:data1\" content=\"2\u00a0Minuten\" \/>\n<script type=\"application\/ld+json\" class=\"yoast-schema-graph\">{\"@context\":\"https:\/\/schema.org\",\"@graph\":[{\"@type\":\"WebPage\",\"@id\":\"https:\/\/www.ewigerbund.org\/geschichte\/17-jahrhundert\/\",\"url\":\"https:\/\/www.ewigerbund.org\/geschichte\/17-jahrhundert\/\",\"name\":\"17. Jahrhundert. | Ewiger Bund.\",\"isPartOf\":{\"@id\":\"https:\/\/www.ewigerbund.org\/geschichte\/#website\"},\"primaryImageOfPage\":{\"@id\":\"https:\/\/www.ewigerbund.org\/geschichte\/17-jahrhundert\/#primaryimage\"},\"image\":{\"@id\":\"https:\/\/www.ewigerbund.org\/geschichte\/17-jahrhundert\/#primaryimage\"},\"thumbnailUrl\":\"https:\/\/www.ewigerbund.org\/geschichte\/wp-content\/uploads\/sites\/39\/2023\/01\/Kat-Geschichte.jpg\",\"datePublished\":\"2022-12-08T08:06:36+00:00\",\"dateModified\":\"2023-01-30T17:35:20+00:00\",\"description\":\"Deutschland kommt zu sich, komm einfach mit. Gemeinsam werden wir das deutsche Reich zur alten W\u00fcrde emporheben!\",\"breadcrumb\":{\"@id\":\"https:\/\/www.ewigerbund.org\/geschichte\/17-jahrhundert\/#breadcrumb\"},\"inLanguage\":\"de\",\"potentialAction\":[{\"@type\":\"ReadAction\",\"target\":[\"https:\/\/www.ewigerbund.org\/geschichte\/17-jahrhundert\/\"]}]},{\"@type\":\"ImageObject\",\"inLanguage\":\"de\",\"@id\":\"https:\/\/www.ewigerbund.org\/geschichte\/17-jahrhundert\/#primaryimage\",\"url\":\"https:\/\/www.ewigerbund.org\/geschichte\/wp-content\/uploads\/sites\/39\/2023\/01\/Kat-Geschichte.jpg\",\"contentUrl\":\"https:\/\/www.ewigerbund.org\/geschichte\/wp-content\/uploads\/sites\/39\/2023\/01\/Kat-Geschichte.jpg\",\"width\":1748,\"height\":994},{\"@type\":\"BreadcrumbList\",\"@id\":\"https:\/\/www.ewigerbund.org\/geschichte\/17-jahrhundert\/#breadcrumb\",\"itemListElement\":[{\"@type\":\"ListItem\",\"position\":1,\"name\":\"Startseite\",\"item\":\"https:\/\/www.ewigerbund.org\/geschichte\/\"},{\"@type\":\"ListItem\",\"position\":2,\"name\":\"17. Jahrhundert.\"}]},{\"@type\":\"WebSite\",\"@id\":\"https:\/\/www.ewigerbund.org\/geschichte\/#website\",\"url\":\"https:\/\/www.ewigerbund.org\/geschichte\/\",\"name\":\"Geschichte\",\"description\":\"vom ewigen Bund.\",\"publisher\":{\"@id\":\"https:\/\/www.ewigerbund.org\/geschichte\/#organization\"},\"alternateName\":\"vom ewigen Bund.\",\"potentialAction\":[{\"@type\":\"SearchAction\",\"target\":{\"@type\":\"EntryPoint\",\"urlTemplate\":\"https:\/\/www.ewigerbund.org\/geschichte\/?s={search_term_string}\"},\"query-input\":\"required name=search_term_string\"}],\"inLanguage\":\"de\"},{\"@type\":\"Organization\",\"@id\":\"https:\/\/www.ewigerbund.org\/geschichte\/#organization\",\"name\":\"Geschichte\",\"url\":\"https:\/\/www.ewigerbund.org\/geschichte\/\",\"logo\":{\"@type\":\"ImageObject\",\"inLanguage\":\"de\",\"@id\":\"https:\/\/www.ewigerbund.org\/geschichte\/#\/schema\/logo\/image\/\",\"url\":\"https:\/\/www.ewigerbund.org\/geschichte\/wp-content\/uploads\/sites\/39\/2022\/11\/2022-09-20-Logo-EB_Schutzzone_V4_Transparent.png\",\"contentUrl\":\"https:\/\/www.ewigerbund.org\/geschichte\/wp-content\/uploads\/sites\/39\/2022\/11\/2022-09-20-Logo-EB_Schutzzone_V4_Transparent.png\",\"width\":2000,\"height\":1982,\"caption\":\"Geschichte\"},\"image\":{\"@id\":\"https:\/\/www.ewigerbund.org\/geschichte\/#\/schema\/logo\/image\/\"}}]}<\/script>\n<!-- \/ Yoast SEO plugin. -->","yoast_head_json":{"title":"17. Jahrhundert. | Ewiger Bund.","description":"Deutschland kommt zu sich, komm einfach mit. Gemeinsam werden wir das deutsche Reich zur alten W\u00fcrde emporheben!","robots":{"index":"index","follow":"follow","max-snippet":"max-snippet:-1","max-image-preview":"max-image-preview:large","max-video-preview":"max-video-preview:-1"},"canonical":"https:\/\/www.ewigerbund.org\/geschichte\/17-jahrhundert\/","og_locale":"de_DE","og_type":"article","og_title":"17. Jahrhundert. | Ewiger Bund.","og_description":"Deutschland kommt zu sich, komm einfach mit. Gemeinsam werden wir das deutsche Reich zur alten W\u00fcrde emporheben!","og_url":"https:\/\/www.ewigerbund.org\/geschichte\/17-jahrhundert\/","og_site_name":"Geschichte","article_modified_time":"2023-01-30T17:35:20+00:00","og_image":[{"width":1748,"height":994,"url":"https:\/\/www.ewigerbund.org\/geschichte\/wp-content\/uploads\/sites\/39\/2023\/01\/Kat-Geschichte.jpg","type":"image\/jpeg"}],"twitter_card":"summary_large_image","twitter_misc":{"Gesch\u00e4tzte Lesezeit":"2\u00a0Minuten"},"schema":{"@context":"https:\/\/schema.org","@graph":[{"@type":"WebPage","@id":"https:\/\/www.ewigerbund.org\/geschichte\/17-jahrhundert\/","url":"https:\/\/www.ewigerbund.org\/geschichte\/17-jahrhundert\/","name":"17. Jahrhundert. | Ewiger Bund.","isPartOf":{"@id":"https:\/\/www.ewigerbund.org\/geschichte\/#website"},"primaryImageOfPage":{"@id":"https:\/\/www.ewigerbund.org\/geschichte\/17-jahrhundert\/#primaryimage"},"image":{"@id":"https:\/\/www.ewigerbund.org\/geschichte\/17-jahrhundert\/#primaryimage"},"thumbnailUrl":"https:\/\/www.ewigerbund.org\/geschichte\/wp-content\/uploads\/sites\/39\/2023\/01\/Kat-Geschichte.jpg","datePublished":"2022-12-08T08:06:36+00:00","dateModified":"2023-01-30T17:35:20+00:00","description":"Deutschland kommt zu sich, komm einfach mit. Gemeinsam werden wir das deutsche Reich zur alten W\u00fcrde emporheben!","breadcrumb":{"@id":"https:\/\/www.ewigerbund.org\/geschichte\/17-jahrhundert\/#breadcrumb"},"inLanguage":"de","potentialAction":[{"@type":"ReadAction","target":["https:\/\/www.ewigerbund.org\/geschichte\/17-jahrhundert\/"]}]},{"@type":"ImageObject","inLanguage":"de","@id":"https:\/\/www.ewigerbund.org\/geschichte\/17-jahrhundert\/#primaryimage","url":"https:\/\/www.ewigerbund.org\/geschichte\/wp-content\/uploads\/sites\/39\/2023\/01\/Kat-Geschichte.jpg","contentUrl":"https:\/\/www.ewigerbund.org\/geschichte\/wp-content\/uploads\/sites\/39\/2023\/01\/Kat-Geschichte.jpg","width":1748,"height":994},{"@type":"BreadcrumbList","@id":"https:\/\/www.ewigerbund.org\/geschichte\/17-jahrhundert\/#breadcrumb","itemListElement":[{"@type":"ListItem","position":1,"name":"Startseite","item":"https:\/\/www.ewigerbund.org\/geschichte\/"},{"@type":"ListItem","position":2,"name":"17. Jahrhundert."}]},{"@type":"WebSite","@id":"https:\/\/www.ewigerbund.org\/geschichte\/#website","url":"https:\/\/www.ewigerbund.org\/geschichte\/","name":"Geschichte","description":"vom ewigen Bund.","publisher":{"@id":"https:\/\/www.ewigerbund.org\/geschichte\/#organization"},"alternateName":"vom ewigen Bund.","potentialAction":[{"@type":"SearchAction","target":{"@type":"EntryPoint","urlTemplate":"https:\/\/www.ewigerbund.org\/geschichte\/?s={search_term_string}"},"query-input":"required name=search_term_string"}],"inLanguage":"de"},{"@type":"Organization","@id":"https:\/\/www.ewigerbund.org\/geschichte\/#organization","name":"Geschichte","url":"https:\/\/www.ewigerbund.org\/geschichte\/","logo":{"@type":"ImageObject","inLanguage":"de","@id":"https:\/\/www.ewigerbund.org\/geschichte\/#\/schema\/logo\/image\/","url":"https:\/\/www.ewigerbund.org\/geschichte\/wp-content\/uploads\/sites\/39\/2022\/11\/2022-09-20-Logo-EB_Schutzzone_V4_Transparent.png","contentUrl":"https:\/\/www.ewigerbund.org\/geschichte\/wp-content\/uploads\/sites\/39\/2022\/11\/2022-09-20-Logo-EB_Schutzzone_V4_Transparent.png","width":2000,"height":1982,"caption":"Geschichte"},"image":{"@id":"https:\/\/www.ewigerbund.org\/geschichte\/#\/schema\/logo\/image\/"}}]}},"_links":{"self":[{"href":"https:\/\/www.ewigerbund.org\/geschichte\/wp-json\/wp\/v2\/pages\/324","targetHints":{"allow":["GET"]}}],"collection":[{"href":"https:\/\/www.ewigerbund.org\/geschichte\/wp-json\/wp\/v2\/pages"}],"about":[{"href":"https:\/\/www.ewigerbund.org\/geschichte\/wp-json\/wp\/v2\/types\/page"}],"author":[{"embeddable":true,"href":"https:\/\/www.ewigerbund.org\/geschichte\/wp-json\/wp\/v2\/users\/16"}],"replies":[{"embeddable":true,"href":"https:\/\/www.ewigerbund.org\/geschichte\/wp-json\/wp\/v2\/comments?post=324"}],"version-history":[{"count":18,"href":"https:\/\/www.ewigerbund.org\/geschichte\/wp-json\/wp\/v2\/pages\/324\/revisions"}],"predecessor-version":[{"id":1698,"href":"https:\/\/www.ewigerbund.org\/geschichte\/wp-json\/wp\/v2\/pages\/324\/revisions\/1698"}],"wp:featuredmedia":[{"embeddable":true,"href":"https:\/\/www.ewigerbund.org\/geschichte\/wp-json\/wp\/v2\/media\/1776"}],"wp:attachment":[{"href":"https:\/\/www.ewigerbund.org\/geschichte\/wp-json\/wp\/v2\/media?parent=324"}],"wp:term":[{"taxonomy":"category","embeddable":true,"href":"https:\/\/www.ewigerbund.org\/geschichte\/wp-json\/wp\/v2\/categories?post=324"},{"taxonomy":"post_tag","embeddable":true,"href":"https:\/\/www.ewigerbund.org\/geschichte\/wp-json\/wp\/v2\/tags?post=324"}],"curies":[{"name":"wp","href":"https:\/\/api.w.org\/{rel}","templated":true}]}}