{"id":253,"date":"2022-11-24T18:05:49","date_gmt":"2022-11-24T17:05:49","guid":{"rendered":"https:\/\/www.ewigerbund.org\/geschichte\/?page_id=253"},"modified":"2023-03-30T22:53:35","modified_gmt":"2023-03-30T20:53:35","slug":"1517-die-reformation","status":"publish","type":"page","link":"https:\/\/www.ewigerbund.org\/geschichte\/16-jahrhundert\/1517-die-reformation\/","title":{"rendered":"1517. Die Reformation."},"content":{"rendered":"\n<figure class=\"wp-block-embed aligncenter is-type-video is-provider-vimeo wp-block-embed-vimeo wp-embed-aspect-16-9 wp-has-aspect-ratio\"><div class=\"wp-block-embed__wrapper\">\n<iframe loading=\"lazy\" src=\"https:\/\/player.vimeo.com\/video\/774815267?h=2e0064fee0&amp;dnt=1&amp;app_id=122963\" width=\"500\" height=\"281\" frameborder=\"0\" allow=\"autoplay; fullscreen; picture-in-picture; clipboard-write\"><\/iframe>\n<\/div><\/figure>\n\n\n\n<h2 class=\"wp-block-heading\">Der Zustand der Kirche.<\/h2>\n\n\n\n<p>In der Kirche waren allm\u00e4hlich mancherlei Mi\u00dfst\u00e4nde eingetreten. Die P\u00e4pste standen lange Zeit unter dem Einflusse der franz\u00f6sischen K\u00f6nige mehrfach erhoben mehrere Kirchenf\u00fcrsten gleichzeitig Anspruch auf die p\u00e4pstliche W\u00fcrde. &#8211; Die Bisch\u00f6fe geh\u00f6rten meist dem F\u00fcrsten- und Adelstande an und benutzen ihr Amt oft nur, um zu Macht, Einfluss und Wohlstand zu gelangen. Sie besa\u00dfen nicht immer die F\u00e4higkeiten, die zu ihrem Hirtenamte n\u00f6tig waren, und k\u00fcmmerten sich zu wenig um das Heil der Seelen. H\u00e4ufig setzten sie ungeeignete und unwissende Gl\u00e4ubige als Geistlichen ein, die durch ihren Lebenswandel kein gutes Vorbild waren. Auf diese Weise sank das Ansehen der Kirche und ihrer Diener beim Volke, besonders in Deutschland. Viele glaubenseifrige Geistliche beklagten diese \u00dcbelst\u00e4nde und sehnten eine Besserung des kirchlichen Lebens herbei.<\/p>\n\n\n\n<h2 class=\"wp-block-heading\">Mi\u00dfst\u00e4nde bei der Abla\u00df-Verk\u00fcndigung.<\/h2>\n\n\n\n<p>Nach der kirchlichen Lehre konnte solchen Christen, die ihre S\u00fcnden bereuten und beichteten, sowie bestimmte vorgeschriebene gute Werke (Beten, Fasten, Almosengeben) verrichteten, ein Nachla\u00df zeitlicher S\u00fcndenstrafen, ein <strong>\u201eAbla\u00df\u201c<\/strong> gew\u00e4hrt werden. &#8211; Bei der Verk\u00fcndigung des Ablasses hatten sich Missbrauch eingeschlichen. Einzelne der damit beauftragten Prediger unterlie\u00dfen es, die Christen zur Bu\u00dfe und Besserung zu ermahnen, wie vorgeschrieben war. Das unwissende Volk meinte daher nicht selten, es k\u00e4me haupts\u00e4chlich auf die Zahlung einer Geldsumme an. &#8211; Gegen die Art, wie der Abla\u00df verk\u00fcndigt wurde, trat Dr. Martin Luther in Wittenberg \u00f6ffentlich auf.<\/p>\n\n\n\n<p><strong> <\/strong>Dr. Martin Luther wurde als Sohn eines Bergmannes im Jahre 1483 in Eisleben geboren, besuchte die Lateinschulen zu Magdeburg und Eisenach und immatrikulierte in der Universit\u00e4t zu Erfurt, um Rechtsgelehrter zu werden. Er \u00e4nderte aber seine Absicht und trat in den M\u00f6nchsorden der Augustiner ein. Auf Empfehlung des Vorstehers der Augustiner-Kl\u00f6ster berief ihn der Kurf\u00fcrst von Sachsen als Lehrer an die Universit\u00e4t zu Wittenberg. Dort wurde er sp\u00e4ter Doktor der Theologie (Gottesgelehrtheit) und Prediger an der Stadtkirche.<\/p>\n\n\n\n<h2 class=\"wp-block-heading\">Der Beginn der Reformation.<\/h2>\n\n\n\n<p>Der kunstsinnige Papst Leo X. wollte die Peterskirche in Rom umbauen und schrieb einen Abla\u00df aus, um Beisteuern dazu zu erhalten. Bei der Verk\u00fcndigung des Ablasses trat wiederum der alte \u00dcbelstand hervor, so da\u00df bei vielen ernsten Christen Ansto\u00df erregt wurde. Als sich daher der Dominikaner-M\u00f6nch Johann Tetzel, der im Erzbistume Magdeburg den Abla\u00df predigte, der Stadt Wittenberg n\u00e4herte, schrieb Luther in lateinischer Sprache 95 S\u00e4tze \u00fcber den Abla\u00df und schlug sie am 31. Oktober 1517 an die T\u00fcr der Schlo\u00dfkirche an. So war es in jener Zeit \u00fcblich, wenn ein Gelehrter seine Meinung kundtun und andre zu einer \u00c4nderung dar\u00fcber veranlassen wollte. Dieses Ereignis, bei dem Luther sich nicht gegen Papst und Kirche, sondern nur gegen die \u00dcbelst\u00e4nde bei der Verk\u00fcndigung des Ablasses wenden wollte, war der Anfang der Reformation.<\/p>\n\n\n\n<p>In wenigen Wochen waren Luthers S\u00e4tze in Flugschriften \u00fcber ganz Deutschland verbreitet und riefen \u00fcberall eine ungew\u00f6hnliche Bewegung hervor. Die Dominikaner-M\u00f6nche erwiderten darauf, und es entstand ein heftiger Streit in Schriften und Gegenschriften. Luther griff dabei einzelne Lehren der Kirche an, w\u00e4hrend ihn seine Gegner der Irrlehre beschuldigten. Schlie\u00dflich lud der Papst Luther zur Verantwortung nach Rom vor, beauftragte aber dann auf Wunsch des Kurf\u00fcrsten von Sachsen den Kardinal Cajetan, den Streit in Augsburg beizulegen. Cajetan suchte Luther zum Widerruf seiner Lehren zu bewegen, aber dieser weigerte sich und kehrte nach Wittenberg zur\u00fcck. Ein zweiter p\u00e4pstlicher Unterh\u00e4ndler, der gewandte Kammerherr Miltitz, stellte Luther bei einer Zusammenkunft in Altenburg vor, welch unheilvolle Spaltung durch sein Auftreten in der Christenheit entstehen w\u00fcrde. Da versprach Luther, seine Lehren nicht weiter zu \u201epredigen und zu schreiben\u201c; seine Gegner sollten aber ebenfalls versprechen zu schweigen.<\/p>\n\n\n\n<h2 class=\"wp-block-heading\">Luther sagt sich von der Kirche los.<\/h2>\n\n\n\n<p>Unter Luthers Gegnern befand sich der gelehrte Dr. Eck aus Ingolstadt. Zwischen diesem und einem Anh\u00e4nger Luthers kam es in Leipzig zu einer \u00f6ffentlichen Unterredung, an der auch Luther teilnahm. Hierbei erkl\u00e4rte dieser einzelne kirchliche Lehren, z. B. die Lehre vom Abla\u00df, f\u00fcr irrig, mehrere Lehren des in Konstanz verbrannten Hu\u00df dagegen f\u00fcr richtig und lehnte sich gegen das Ansehen des Papstes auf.<\/p>\n\n\n\n<p>In einigen Schriften, die er kurze Zeit danach ver\u00f6ffentlichte, wandte er sich ferner gegen die sieben Sakramente der Kirche und die Ehelosigkeit der Priester. Diese und andre der von Luther verbreiteten Lehren wurden vom Papste, an den sich Dr. Eck gewendet hatte, als ketzerisch bezeichnet. \u00dcber Luther selbst wurde der Bann ausgesprochen, wenn er nicht binnen 60 Tage Widerruf leiste. &#8211; Da zog Luther am 10. Dezember 1520 mit einer Schar Studenten vor das Elstertor in Wittenberg und warf dort die p\u00e4pstliche Bannbulle ins Feuer. Dadurch hatte er v\u00f6llig mit der Kirche gebrochen.<\/p>\n\n\n\n<p>Unter den M\u00e4nnern, die sich Luther in Wittenberg anschlossen, war Philipp Melanchthon der gelehrteste. Er hie\u00df eigentlich Schwarzerd und war Professor der griechischen Sprache an der Universit\u00e4t zu Wittenberg.<\/p>\n\n\n\n<h2 class=\"wp-block-heading\">Der Reichstag zu Worms 1521<strong>.<\/strong><\/h2>\n\n\n\n<p>Nach dem Tode Maximilians I. (1519) war sein Enkel, Karl V., deutscher Kaiser geworden. Er herrschte zugleich \u00fcber Spanien, die Niederlande und Italien. Da die Spanier durch die Entdeckungsfahrten des Kolumbus Herren von Amerika waren, sagte man von ihm mit Recht, \u201ein seinem Reiche ginge die Sonne nie unter.\u201c Karl war noch jung an Jahren, aber weltklug und ein treuer Anh\u00e4nger der Kirche. Als er zum ersten Male Deutschland betrat, berief er einen Reichstag nach Worms, auf dem auch \u00fcber Luther und seine Lehren entschieden werden sollte. Luther wurde vorgeladen und erhielt freies Geleit zugesichert; ein Reichsherold holte ihn ab. Unter gro\u00dfem Zulaufe des Volks zog er in Worms ein. Gleich am Tage darauf mu\u00dfte er vor den versammelten F\u00fcrsten und Herren erscheinen, bat jedoch als er zum Widerrufe seiner Schriften aufgefordert wurde, um einen Tag Bedenkzeit. Dieser Wunsch wurde ihm gew\u00e4hrt.<\/p>\n\n\n\n<p>Als er sich am folgenden Tage weigerte, seine Lehren zu widerrufen, lie\u00df ihn der Kaiser auffordern, von Worms abzureisen, und bewilligte ihm eine Frist von 21 Tagen. Dann verh\u00e4ngte er die Reichsacht \u00fcber ihn, so da\u00df ihn jedermann ungestraft t\u00f6ten konnte; seine Lehre wurde verboten. &#8211; Luther kam auf dem R\u00fcckwege nach Wittenberg durch den Th\u00fcringer Wald. Dort wurde er auf Veranlassung seines Landesherrn, des Kurf\u00fcrsten von Sachsen, der ihn sch\u00fctzen wollte, von einigen Reitern \u00fcberfallen und heimlich auf die Wartburg bei Eisenach gebracht. Auf diesem einsamen Bergschlosse lebte er zehn Monate lang in Verborgenheit und besch\u00e4ftigte sich mit der \u00dcbersetzung der Bibel.<\/p>\n\n\n\n<h2 class=\"wp-block-heading\">Der Bildersturm zu Wittenberg.<\/h2>\n\n\n\n<p>Zu dieser Zeit kamen zahlreiche Anh\u00e4nger Luthers, meist Leute aus dem Handwerkerstande, von Zwickau nach Wittenberg. Sie verwarfen die Kindertaufe, sowie andre kirchliche Gebr\u00e4uche (Messe) und verlangten, da\u00df aus den Kirchen alle Bilder entfernt w\u00fcrden. Um ihre Forderungen durchzusetzen, drangen sie in die Gottesh\u00e4user ein und zerst\u00f6rten die Bilds\u00e4ulen und Gem\u00e4lde. Als er davon h\u00f6rte, hielt es ihn keine Minute l\u00e4nger auf der Wartburg. Er eilte nach Wittenberg und predigte, bis es ihm gelungen war, den \u201eBildersturm\u201c beizulegen. Dann nahm er seine Lehrt\u00e4tigkeit an der Universit\u00e4t wieder auf und fuhr fort, die Bibel zu \u00fcbersetzen. &#8211; Zugleich suchte Luther zusammen mit Melanchthon und einigen andern seiner Anh\u00e4nger im Kurf\u00fcrstentume Sachsen eine neue Kirchenform einzurichten. Messe, Ohrenbeichte, Verehrung der Heiligen und Reliquien wurden abgeschafft, dagegen deutsche Predigt und deutscher Gesang beim Gottesdienste eingef\u00fchrt. Von den sieben Sakramenten der Kirche lie\u00df Luther nur das heilige Abendmahl, bei dem aber die Teilnehmer auch den Wein empfingen, und die Taufe bestehen. Die Ehelosigkeit der Geistlichen wurde aufgehoben. Luther selbst verheiratete sich mit Katharina von Bora, einer aus dem Kloster ausgetretenen Nonne. &#8211; In vielen Gegenden Deutschlands richtete man die Kirchen nach dem Vorbilde ein, das im Kurf\u00fcrstentume Sachsen gegeben wurde. Auch das Schulwesen wurde \u00fcberall da neugestaltet, wo Luthers Lehre Eingang fand.<\/p>\n\n\n\n<p><\/p>\n","protected":false},"excerpt":{"rendered":"<p>Der Zustand der Kirche. In der Kirche waren allm\u00e4hlich mancherlei Mi\u00dfst\u00e4nde eingetreten. Die P\u00e4pste standen lange Zeit unter dem Einflusse der franz\u00f6sischen K\u00f6nige mehrfach erhoben mehrere Kirchenf\u00fcrsten gleichzeitig Anspruch auf die p\u00e4pstliche W\u00fcrde. &#8211; Die Bisch\u00f6fe geh\u00f6rten meist dem F\u00fcrsten- und Adelstande an und benutzen ihr Amt oft nur, um zu Macht, Einfluss und Wohlstand [&hellip;]<\/p>\n","protected":false},"author":16,"featured_media":2007,"parent":251,"menu_order":0,"comment_status":"closed","ping_status":"closed","template":"template-6-beide-seitenleiste.php","meta":{"footnotes":""},"categories":[9,7],"tags":[35],"class_list":["post-253","page","type-page","status-publish","has-post-thumbnail","hentry","category-16-jahrhundert","category-geschichte","tag-geschichteeb"],"yoast_head":"<!-- This site is optimized with the Yoast SEO plugin v23.1 - https:\/\/yoast.com\/wordpress\/plugins\/seo\/ -->\n<title>1517. Die Reformation.<\/title>\n<meta name=\"description\" content=\"In der Kirche waren allm\u00e4hlich mancherlei Mi\u00dfst\u00e4nde eingetreten. Die P\u00e4pste standen lange Zeit unter dem Einflusse der franz\u00f6sischen K\u00f6nige.\" \/>\n<meta name=\"robots\" content=\"index, follow, max-snippet:-1, max-image-preview:large, max-video-preview:-1\" \/>\n<link rel=\"canonical\" href=\"https:\/\/www.ewigerbund.org\/geschichte\/16-jahrhundert\/1517-die-reformation\/\" \/>\n<meta property=\"og:locale\" content=\"de_DE\" \/>\n<meta property=\"og:type\" content=\"article\" \/>\n<meta property=\"og:title\" content=\"1517. Die Reformation.\" \/>\n<meta property=\"og:description\" content=\"In der Kirche waren allm\u00e4hlich mancherlei Mi\u00dfst\u00e4nde eingetreten. Die P\u00e4pste standen lange Zeit unter dem Einflusse der franz\u00f6sischen K\u00f6nige mehrfach erhoben mehrere Kirchenf\u00fcrsten gleichzeitig Anspruch auf die p\u00e4pstliche W\u00fcrde.\" \/>\n<meta property=\"og:url\" content=\"https:\/\/www.ewigerbund.org\/geschichte\/16-jahrhundert\/1517-die-reformation\/\" \/>\n<meta property=\"og:site_name\" content=\"Geschichte\" \/>\n<meta property=\"article:modified_time\" content=\"2023-03-30T20:53:35+00:00\" \/>\n<meta property=\"og:image\" content=\"https:\/\/www.ewigerbund.org\/geschichte\/wp-content\/uploads\/sites\/39\/2023\/01\/EB-Geschichte-Reformation-Video.jpg\" \/>\n\t<meta property=\"og:image:width\" content=\"1200\" \/>\n\t<meta property=\"og:image:height\" content=\"682\" \/>\n\t<meta property=\"og:image:type\" content=\"image\/jpeg\" \/>\n<meta name=\"twitter:card\" content=\"summary_large_image\" \/>\n<meta name=\"twitter:title\" content=\"1517. Die Reformation.\" \/>\n<meta name=\"twitter:description\" content=\"In der Kirche waren allm\u00e4hlich mancherlei Mi\u00dfst\u00e4nde eingetreten. Die P\u00e4pste standen lange Zeit unter dem Einflusse der franz\u00f6sischen K\u00f6nige mehrfach erhoben mehrere Kirchenf\u00fcrsten gleichzeitig Anspruch auf die p\u00e4pstliche W\u00fcrde.\" \/>\n<meta name=\"twitter:image\" content=\"https:\/\/www.ewigerbund.org\/geschichte\/wp-content\/uploads\/sites\/39\/2023\/01\/EB-Geschichte-Reformation-Video.jpg\" \/>\n<meta name=\"twitter:label1\" content=\"Gesch\u00e4tzte Lesezeit\" \/>\n\t<meta name=\"twitter:data1\" content=\"7\u00a0Minuten\" \/>\n<script type=\"application\/ld+json\" class=\"yoast-schema-graph\">{\"@context\":\"https:\/\/schema.org\",\"@graph\":[{\"@type\":\"WebPage\",\"@id\":\"https:\/\/www.ewigerbund.org\/geschichte\/16-jahrhundert\/1517-die-reformation\/\",\"url\":\"https:\/\/www.ewigerbund.org\/geschichte\/16-jahrhundert\/1517-die-reformation\/\",\"name\":\"1517. Die Reformation.\",\"isPartOf\":{\"@id\":\"https:\/\/www.ewigerbund.org\/geschichte\/#website\"},\"primaryImageOfPage\":{\"@id\":\"https:\/\/www.ewigerbund.org\/geschichte\/16-jahrhundert\/1517-die-reformation\/#primaryimage\"},\"image\":{\"@id\":\"https:\/\/www.ewigerbund.org\/geschichte\/16-jahrhundert\/1517-die-reformation\/#primaryimage\"},\"thumbnailUrl\":\"https:\/\/www.ewigerbund.org\/geschichte\/wp-content\/uploads\/sites\/39\/2023\/03\/EB-Geschichte-Reformation-Video-1.jpg\",\"datePublished\":\"2022-11-24T17:05:49+00:00\",\"dateModified\":\"2023-03-30T20:53:35+00:00\",\"description\":\"In der Kirche waren allm\u00e4hlich mancherlei Mi\u00dfst\u00e4nde eingetreten. Die P\u00e4pste standen lange Zeit unter dem Einflusse der franz\u00f6sischen K\u00f6nige.\",\"breadcrumb\":{\"@id\":\"https:\/\/www.ewigerbund.org\/geschichte\/16-jahrhundert\/1517-die-reformation\/#breadcrumb\"},\"inLanguage\":\"de\",\"potentialAction\":[{\"@type\":\"ReadAction\",\"target\":[\"https:\/\/www.ewigerbund.org\/geschichte\/16-jahrhundert\/1517-die-reformation\/\"]}]},{\"@type\":\"ImageObject\",\"inLanguage\":\"de\",\"@id\":\"https:\/\/www.ewigerbund.org\/geschichte\/16-jahrhundert\/1517-die-reformation\/#primaryimage\",\"url\":\"https:\/\/www.ewigerbund.org\/geschichte\/wp-content\/uploads\/sites\/39\/2023\/03\/EB-Geschichte-Reformation-Video-1.jpg\",\"contentUrl\":\"https:\/\/www.ewigerbund.org\/geschichte\/wp-content\/uploads\/sites\/39\/2023\/03\/EB-Geschichte-Reformation-Video-1.jpg\",\"width\":1200,\"height\":682},{\"@type\":\"BreadcrumbList\",\"@id\":\"https:\/\/www.ewigerbund.org\/geschichte\/16-jahrhundert\/1517-die-reformation\/#breadcrumb\",\"itemListElement\":[{\"@type\":\"ListItem\",\"position\":1,\"name\":\"Startseite\",\"item\":\"https:\/\/www.ewigerbund.org\/geschichte\/\"},{\"@type\":\"ListItem\",\"position\":2,\"name\":\"16. Jahrhundert.\",\"item\":\"https:\/\/www.ewigerbund.org\/geschichte\/16-jahrhundert\/\"},{\"@type\":\"ListItem\",\"position\":3,\"name\":\"1517. Die Reformation.\"}]},{\"@type\":\"WebSite\",\"@id\":\"https:\/\/www.ewigerbund.org\/geschichte\/#website\",\"url\":\"https:\/\/www.ewigerbund.org\/geschichte\/\",\"name\":\"Geschichte\",\"description\":\"vom ewigen Bund.\",\"publisher\":{\"@id\":\"https:\/\/www.ewigerbund.org\/geschichte\/#organization\"},\"alternateName\":\"vom ewigen Bund.\",\"potentialAction\":[{\"@type\":\"SearchAction\",\"target\":{\"@type\":\"EntryPoint\",\"urlTemplate\":\"https:\/\/www.ewigerbund.org\/geschichte\/?s={search_term_string}\"},\"query-input\":\"required name=search_term_string\"}],\"inLanguage\":\"de\"},{\"@type\":\"Organization\",\"@id\":\"https:\/\/www.ewigerbund.org\/geschichte\/#organization\",\"name\":\"Geschichte\",\"url\":\"https:\/\/www.ewigerbund.org\/geschichte\/\",\"logo\":{\"@type\":\"ImageObject\",\"inLanguage\":\"de\",\"@id\":\"https:\/\/www.ewigerbund.org\/geschichte\/#\/schema\/logo\/image\/\",\"url\":\"https:\/\/www.ewigerbund.org\/geschichte\/wp-content\/uploads\/sites\/39\/2022\/11\/2022-09-20-Logo-EB_Schutzzone_V4_Transparent.png\",\"contentUrl\":\"https:\/\/www.ewigerbund.org\/geschichte\/wp-content\/uploads\/sites\/39\/2022\/11\/2022-09-20-Logo-EB_Schutzzone_V4_Transparent.png\",\"width\":2000,\"height\":1982,\"caption\":\"Geschichte\"},\"image\":{\"@id\":\"https:\/\/www.ewigerbund.org\/geschichte\/#\/schema\/logo\/image\/\"}}]}<\/script>\n<!-- \/ Yoast SEO plugin. -->","yoast_head_json":{"title":"1517. Die Reformation.","description":"In der Kirche waren allm\u00e4hlich mancherlei Mi\u00dfst\u00e4nde eingetreten. Die P\u00e4pste standen lange Zeit unter dem Einflusse der franz\u00f6sischen K\u00f6nige.","robots":{"index":"index","follow":"follow","max-snippet":"max-snippet:-1","max-image-preview":"max-image-preview:large","max-video-preview":"max-video-preview:-1"},"canonical":"https:\/\/www.ewigerbund.org\/geschichte\/16-jahrhundert\/1517-die-reformation\/","og_locale":"de_DE","og_type":"article","og_title":"1517. Die Reformation.","og_description":"In der Kirche waren allm\u00e4hlich mancherlei Mi\u00dfst\u00e4nde eingetreten. Die P\u00e4pste standen lange Zeit unter dem Einflusse der franz\u00f6sischen K\u00f6nige mehrfach erhoben mehrere Kirchenf\u00fcrsten gleichzeitig Anspruch auf die p\u00e4pstliche W\u00fcrde.","og_url":"https:\/\/www.ewigerbund.org\/geschichte\/16-jahrhundert\/1517-die-reformation\/","og_site_name":"Geschichte","article_modified_time":"2023-03-30T20:53:35+00:00","og_image":[{"width":1200,"height":682,"url":"https:\/\/www.ewigerbund.org\/geschichte\/wp-content\/uploads\/sites\/39\/2023\/01\/EB-Geschichte-Reformation-Video.jpg","type":"image\/jpeg"}],"twitter_card":"summary_large_image","twitter_title":"1517. Die Reformation.","twitter_description":"In der Kirche waren allm\u00e4hlich mancherlei Mi\u00dfst\u00e4nde eingetreten. Die P\u00e4pste standen lange Zeit unter dem Einflusse der franz\u00f6sischen K\u00f6nige mehrfach erhoben mehrere Kirchenf\u00fcrsten gleichzeitig Anspruch auf die p\u00e4pstliche W\u00fcrde.","twitter_image":"https:\/\/www.ewigerbund.org\/geschichte\/wp-content\/uploads\/sites\/39\/2023\/01\/EB-Geschichte-Reformation-Video.jpg","twitter_misc":{"Gesch\u00e4tzte Lesezeit":"7\u00a0Minuten"},"schema":{"@context":"https:\/\/schema.org","@graph":[{"@type":"WebPage","@id":"https:\/\/www.ewigerbund.org\/geschichte\/16-jahrhundert\/1517-die-reformation\/","url":"https:\/\/www.ewigerbund.org\/geschichte\/16-jahrhundert\/1517-die-reformation\/","name":"1517. Die Reformation.","isPartOf":{"@id":"https:\/\/www.ewigerbund.org\/geschichte\/#website"},"primaryImageOfPage":{"@id":"https:\/\/www.ewigerbund.org\/geschichte\/16-jahrhundert\/1517-die-reformation\/#primaryimage"},"image":{"@id":"https:\/\/www.ewigerbund.org\/geschichte\/16-jahrhundert\/1517-die-reformation\/#primaryimage"},"thumbnailUrl":"https:\/\/www.ewigerbund.org\/geschichte\/wp-content\/uploads\/sites\/39\/2023\/03\/EB-Geschichte-Reformation-Video-1.jpg","datePublished":"2022-11-24T17:05:49+00:00","dateModified":"2023-03-30T20:53:35+00:00","description":"In der Kirche waren allm\u00e4hlich mancherlei Mi\u00dfst\u00e4nde eingetreten. Die P\u00e4pste standen lange Zeit unter dem Einflusse der franz\u00f6sischen K\u00f6nige.","breadcrumb":{"@id":"https:\/\/www.ewigerbund.org\/geschichte\/16-jahrhundert\/1517-die-reformation\/#breadcrumb"},"inLanguage":"de","potentialAction":[{"@type":"ReadAction","target":["https:\/\/www.ewigerbund.org\/geschichte\/16-jahrhundert\/1517-die-reformation\/"]}]},{"@type":"ImageObject","inLanguage":"de","@id":"https:\/\/www.ewigerbund.org\/geschichte\/16-jahrhundert\/1517-die-reformation\/#primaryimage","url":"https:\/\/www.ewigerbund.org\/geschichte\/wp-content\/uploads\/sites\/39\/2023\/03\/EB-Geschichte-Reformation-Video-1.jpg","contentUrl":"https:\/\/www.ewigerbund.org\/geschichte\/wp-content\/uploads\/sites\/39\/2023\/03\/EB-Geschichte-Reformation-Video-1.jpg","width":1200,"height":682},{"@type":"BreadcrumbList","@id":"https:\/\/www.ewigerbund.org\/geschichte\/16-jahrhundert\/1517-die-reformation\/#breadcrumb","itemListElement":[{"@type":"ListItem","position":1,"name":"Startseite","item":"https:\/\/www.ewigerbund.org\/geschichte\/"},{"@type":"ListItem","position":2,"name":"16. Jahrhundert.","item":"https:\/\/www.ewigerbund.org\/geschichte\/16-jahrhundert\/"},{"@type":"ListItem","position":3,"name":"1517. Die Reformation."}]},{"@type":"WebSite","@id":"https:\/\/www.ewigerbund.org\/geschichte\/#website","url":"https:\/\/www.ewigerbund.org\/geschichte\/","name":"Geschichte","description":"vom ewigen Bund.","publisher":{"@id":"https:\/\/www.ewigerbund.org\/geschichte\/#organization"},"alternateName":"vom ewigen Bund.","potentialAction":[{"@type":"SearchAction","target":{"@type":"EntryPoint","urlTemplate":"https:\/\/www.ewigerbund.org\/geschichte\/?s={search_term_string}"},"query-input":"required name=search_term_string"}],"inLanguage":"de"},{"@type":"Organization","@id":"https:\/\/www.ewigerbund.org\/geschichte\/#organization","name":"Geschichte","url":"https:\/\/www.ewigerbund.org\/geschichte\/","logo":{"@type":"ImageObject","inLanguage":"de","@id":"https:\/\/www.ewigerbund.org\/geschichte\/#\/schema\/logo\/image\/","url":"https:\/\/www.ewigerbund.org\/geschichte\/wp-content\/uploads\/sites\/39\/2022\/11\/2022-09-20-Logo-EB_Schutzzone_V4_Transparent.png","contentUrl":"https:\/\/www.ewigerbund.org\/geschichte\/wp-content\/uploads\/sites\/39\/2022\/11\/2022-09-20-Logo-EB_Schutzzone_V4_Transparent.png","width":2000,"height":1982,"caption":"Geschichte"},"image":{"@id":"https:\/\/www.ewigerbund.org\/geschichte\/#\/schema\/logo\/image\/"}}]}},"_links":{"self":[{"href":"https:\/\/www.ewigerbund.org\/geschichte\/wp-json\/wp\/v2\/pages\/253","targetHints":{"allow":["GET"]}}],"collection":[{"href":"https:\/\/www.ewigerbund.org\/geschichte\/wp-json\/wp\/v2\/pages"}],"about":[{"href":"https:\/\/www.ewigerbund.org\/geschichte\/wp-json\/wp\/v2\/types\/page"}],"author":[{"embeddable":true,"href":"https:\/\/www.ewigerbund.org\/geschichte\/wp-json\/wp\/v2\/users\/16"}],"replies":[{"embeddable":true,"href":"https:\/\/www.ewigerbund.org\/geschichte\/wp-json\/wp\/v2\/comments?post=253"}],"version-history":[{"count":8,"href":"https:\/\/www.ewigerbund.org\/geschichte\/wp-json\/wp\/v2\/pages\/253\/revisions"}],"predecessor-version":[{"id":2010,"href":"https:\/\/www.ewigerbund.org\/geschichte\/wp-json\/wp\/v2\/pages\/253\/revisions\/2010"}],"up":[{"embeddable":true,"href":"https:\/\/www.ewigerbund.org\/geschichte\/wp-json\/wp\/v2\/pages\/251"}],"wp:featuredmedia":[{"embeddable":true,"href":"https:\/\/www.ewigerbund.org\/geschichte\/wp-json\/wp\/v2\/media\/2007"}],"wp:attachment":[{"href":"https:\/\/www.ewigerbund.org\/geschichte\/wp-json\/wp\/v2\/media?parent=253"}],"wp:term":[{"taxonomy":"category","embeddable":true,"href":"https:\/\/www.ewigerbund.org\/geschichte\/wp-json\/wp\/v2\/categories?post=253"},{"taxonomy":"post_tag","embeddable":true,"href":"https:\/\/www.ewigerbund.org\/geschichte\/wp-json\/wp\/v2\/tags?post=253"}],"curies":[{"name":"wp","href":"https:\/\/api.w.org\/{rel}","templated":true}]}}