{"id":2,"date":"2022-05-03T21:09:34","date_gmt":"2022-05-03T19:09:34","guid":{"rendered":"https:\/\/www.ewigerbund.org\/geschichte\/?page_id=2"},"modified":"2024-04-03T21:13:42","modified_gmt":"2024-04-03T19:13:42","slug":"beispiel-seite","status":"publish","type":"page","link":"https:\/\/www.ewigerbund.org\/geschichte\/","title":{"rendered":"Geschichte."},"content":{"rendered":"<section id=\"timelinejh\">\n<div class=\"tl-item\" onclick=\"location.href='https:\/\/www.ewigerbund.org\/geschichte\/bis-14-jahrhundert\/';\" style=\"cursor:pointer;\">\n<div class=\"tl-bg\" style=\"background-image: url('https:\/\/www.ewigerbund.org\/geschichte\/wp-content\/uploads\/sites\/39\/2023\/01\/Kaiser-Karl-IV.-in-Minden.jpg');\"><\/div>\n<div class=\"tl-year\">\n<p class=\"f2 heading--sanSerif\">&gt; 1399<\/p>\n<\/div>\n<div class=\"tl-content\">\n<h1><a href=\"https:\/\/www.ewigerbund.org\/geschichte\/bis-14-jahrhundert\/\">bis 14. Jahrhundert<\/a><\/h1>\n<p>Die Mark Brandenburg.<\/p>\n<\/div>\n<\/div>\n<div class=\"tl-item\" onclick=\"location.href='https:\/\/www.ewigerbund.org\/geschichte\/16-jahrhundert\/';\" style=\"cursor:pointer;\">\n<div class=\"tl-bg\" style=\"background-image: url('https:\/\/www.ewigerbund.org\/geschichte\/wp-content\/uploads\/sites\/39\/2023\/01\/1500-1599-MarthinLuther.jpg');\"><\/div>\n<div class=\"tl-year\">\n<p class=\"f2 heading--sanSerif\">1500 \u2013 1599<\/p>\n<\/div>\n<div class=\"tl-content\">\n<h1><a href=\"https:\/\/www.ewigerbund.org\/geschichte\/16-jahrhundert\/\"> 16. Jahrhundert<\/a><\/h1>\n<p>Die Reformation. Martin Luther.<br \/>\nDer Bauernkrieg. Karl V.<\/p>\n<\/div>\n<\/div>\n<div class=\"tl-item\" onclick=\"location.href='https:\/\/www.ewigerbund.org\/geschichte\/17-jahrhundert\/';\" style=\"cursor:pointer;\">\n<div class=\"tl-bg\" style=\"background-image: url('https:\/\/www.ewigerbund.org\/geschichte\/wp-content\/uploads\/sites\/39\/2023\/01\/1600-1699-Kurfuerst-Friedrich.jpg');\"><\/div>\n<div class=\"tl-year\">\n<p class=\"f2 heading--sanSerif\">1600 \u2013 1699<\/p>\n<\/div>\n<div class=\"tl-content\">\n<h1><a href=\"https:\/\/www.ewigerbund.org\/geschichte\/17-jahrhundert\/\"> 17. Jahrhundert<\/a><\/h1>\n<p>Der Drei\u00dfigj\u00e4hrige Krieg.<br \/>\nFriedrich Wilhelm, der Gro\u00dfe Kurf\u00fcrst. Friedrich III. (I.)<br \/>\nDie hohenzollernschen Kurf\u00fcrsten .<\/p>\n<\/div>\n<\/div>\n<div class=\"tl-item\" onclick=\"location.href='https:\/\/www.ewigerbund.org\/geschichte\/18-jahrhundert\/';\" style=\"cursor:pointer;\">\n<div class=\"tl-bg\" style=\"background-image: url('https:\/\/www.ewigerbund.org\/geschichte\/wp-content\/uploads\/sites\/39\/2023\/01\/1700-1799-AlterFritz.jpg');\"><\/div>\n<div class=\"tl-year\">\n<p class=\"f2 heading--sanSerif\">1700 \u2013 1799<\/p>\n<\/div>\n<div class=\"tl-content\">\n<h1><a href=\"https:\/\/www.ewigerbund.org\/geschichte\/18-jahrhundert\/\"> 18. Jahrhundert<\/a><\/h1>\n<p>Friedrich der Gro\u00dfe. Friedrich Wilhelm I.<br \/>\nDer Dritte Schlesische oder Siebenj\u00e4hrige Krieg.<br \/>\nFriedrich als Landesvater. Friedrich Wilhelm II.<\/p>\n<\/div>\n<\/div>\n<div class=\"tl-item\" onclick=\"location.href='https:\/\/www.ewigerbund.org\/geschichte\/19-jahrhundert\/';\" style=\"cursor:pointer;\">\n<div class=\"tl-bg\" style=\"background-image: url('https:\/\/www.ewigerbund.org\/geschichte\/wp-content\/uploads\/sites\/39\/2023\/01\/1800-1899-Proklamation.jpg');\"><\/div>\n<div class=\"tl-year\">\n<p class=\"f2 heading--sanSerif\">1800 \u2013 1899<\/p>\n<\/div>\n<div class=\"tl-content\">\n<h1><a href=\"https:\/\/www.ewigerbund.org\/geschichte\/19-jahrhundert\/\"> 19. Jahrhundert<\/a><\/h1>\n<p>Der Deutsche Bund und das neue deutsche Reich. Friedrich Wilhelm III. Napoleon I. Friedrich Wilhelm IV.<\/p>\n<\/div>\n<\/div>\n<\/section>\n","protected":false},"excerpt":{"rendered":"<p>&gt; 1399 bis 14. Jahrhundert Die Mark Brandenburg. 1500 \u2013 1599 16. Jahrhundert Die Reformation. Martin Luther. Der Bauernkrieg. Karl V. 1600 \u2013 1699 17. Jahrhundert Der Drei\u00dfigj\u00e4hrige Krieg. Friedrich Wilhelm, der Gro\u00dfe Kurf\u00fcrst. Friedrich III. (I.) Die hohenzollernschen Kurf\u00fcrsten . 1700 \u2013 1799 18. Jahrhundert Friedrich der Gro\u00dfe. Friedrich Wilhelm I. Der Dritte Schlesische [&hellip;]<\/p>\n","protected":false},"author":8,"featured_media":1776,"parent":0,"menu_order":0,"comment_status":"closed","ping_status":"closed","template":"","meta":{"footnotes":""},"categories":[7,8],"tags":[],"class_list":["post-2","page","type-page","status-publish","has-post-thumbnail","hentry","category-geschichte","category-zeitlinie"],"yoast_head":"<!-- This site is optimized with the Yoast SEO plugin v23.1 - https:\/\/yoast.com\/wordpress\/plugins\/seo\/ -->\n<title>Geschichte. | Ewiger Bund.<\/title>\n<meta name=\"description\" content=\"Erkenntnisreiche Reise durch die Jahrhunderte des ewigen Bundes anschaulich in epochalen Filmen erkl\u00e4rt. Komm einfach mit!\" \/>\n<meta name=\"robots\" content=\"index, follow, max-snippet:-1, max-image-preview:large, max-video-preview:-1\" \/>\n<link rel=\"canonical\" href=\"https:\/\/www.ewigerbund.org\/geschichte\/\" \/>\n<meta property=\"og:locale\" content=\"de_DE\" \/>\n<meta property=\"og:type\" content=\"article\" \/>\n<meta property=\"og:title\" content=\"Geschichte. | Ewiger Bund.\" \/>\n<meta property=\"og:description\" content=\"Erkenntnisreiche Reise durch die Jahrhunderte des ewigen Bundes anschaulich in epochalen Filmen erkl\u00e4rt. Komm einfach mit!\" \/>\n<meta property=\"og:url\" content=\"https:\/\/www.ewigerbund.org\/geschichte\/\" \/>\n<meta property=\"og:site_name\" content=\"Geschichte\" \/>\n<meta property=\"article:modified_time\" content=\"2024-04-03T19:13:42+00:00\" \/>\n<meta property=\"og:image\" content=\"https:\/\/www.ewigerbund.org\/geschichte\/wp-content\/uploads\/sites\/39\/2023\/01\/Kat-Geschichte.jpg\" \/>\n\t<meta property=\"og:image:width\" content=\"1748\" \/>\n\t<meta property=\"og:image:height\" content=\"994\" \/>\n\t<meta property=\"og:image:type\" content=\"image\/jpeg\" \/>\n<meta name=\"twitter:card\" content=\"summary_large_image\" \/>\n<meta name=\"twitter:label1\" content=\"Gesch\u00e4tzte Lesezeit\" \/>\n\t<meta name=\"twitter:data1\" content=\"1\u00a0Minute\" \/>\n<script type=\"application\/ld+json\" class=\"yoast-schema-graph\">{\"@context\":\"https:\/\/schema.org\",\"@graph\":[{\"@type\":\"WebPage\",\"@id\":\"https:\/\/www.ewigerbund.org\/geschichte\/\",\"url\":\"https:\/\/www.ewigerbund.org\/geschichte\/\",\"name\":\"Geschichte. | Ewiger Bund.\",\"isPartOf\":{\"@id\":\"https:\/\/www.ewigerbund.org\/geschichte\/#website\"},\"primaryImageOfPage\":{\"@id\":\"https:\/\/www.ewigerbund.org\/geschichte\/#primaryimage\"},\"image\":{\"@id\":\"https:\/\/www.ewigerbund.org\/geschichte\/#primaryimage\"},\"thumbnailUrl\":\"https:\/\/www.ewigerbund.org\/geschichte\/wp-content\/uploads\/sites\/39\/2023\/01\/Kat-Geschichte.jpg\",\"datePublished\":\"2022-05-03T19:09:34+00:00\",\"dateModified\":\"2024-04-03T19:13:42+00:00\",\"description\":\"Erkenntnisreiche Reise durch die Jahrhunderte des ewigen Bundes anschaulich in epochalen Filmen erkl\u00e4rt. Komm einfach mit!\",\"breadcrumb\":{\"@id\":\"https:\/\/www.ewigerbund.org\/geschichte\/#breadcrumb\"},\"inLanguage\":\"de\",\"potentialAction\":[{\"@type\":\"ReadAction\",\"target\":[\"https:\/\/www.ewigerbund.org\/geschichte\/\"]}]},{\"@type\":\"ImageObject\",\"inLanguage\":\"de\",\"@id\":\"https:\/\/www.ewigerbund.org\/geschichte\/#primaryimage\",\"url\":\"https:\/\/www.ewigerbund.org\/geschichte\/wp-content\/uploads\/sites\/39\/2023\/01\/Kat-Geschichte.jpg\",\"contentUrl\":\"https:\/\/www.ewigerbund.org\/geschichte\/wp-content\/uploads\/sites\/39\/2023\/01\/Kat-Geschichte.jpg\",\"width\":1748,\"height\":994},{\"@type\":\"BreadcrumbList\",\"@id\":\"https:\/\/www.ewigerbund.org\/geschichte\/#breadcrumb\",\"itemListElement\":[{\"@type\":\"ListItem\",\"position\":1,\"name\":\"Startseite\",\"item\":\"https:\/\/www.ewigerbund.org\/geschichte\/\"},{\"@type\":\"ListItem\",\"position\":2,\"name\":\"Geschichte.\"}]},{\"@type\":\"WebSite\",\"@id\":\"https:\/\/www.ewigerbund.org\/geschichte\/#website\",\"url\":\"https:\/\/www.ewigerbund.org\/geschichte\/\",\"name\":\"Geschichte\",\"description\":\"vom ewigen Bund.\",\"publisher\":{\"@id\":\"https:\/\/www.ewigerbund.org\/geschichte\/#organization\"},\"alternateName\":\"vom ewigen Bund.\",\"potentialAction\":[{\"@type\":\"SearchAction\",\"target\":{\"@type\":\"EntryPoint\",\"urlTemplate\":\"https:\/\/www.ewigerbund.org\/geschichte\/?s={search_term_string}\"},\"query-input\":\"required name=search_term_string\"}],\"inLanguage\":\"de\"},{\"@type\":\"Organization\",\"@id\":\"https:\/\/www.ewigerbund.org\/geschichte\/#organization\",\"name\":\"Geschichte\",\"url\":\"https:\/\/www.ewigerbund.org\/geschichte\/\",\"logo\":{\"@type\":\"ImageObject\",\"inLanguage\":\"de\",\"@id\":\"https:\/\/www.ewigerbund.org\/geschichte\/#\/schema\/logo\/image\/\",\"url\":\"https:\/\/www.ewigerbund.org\/geschichte\/wp-content\/uploads\/sites\/39\/2022\/11\/2022-09-20-Logo-EB_Schutzzone_V4_Transparent.png\",\"contentUrl\":\"https:\/\/www.ewigerbund.org\/geschichte\/wp-content\/uploads\/sites\/39\/2022\/11\/2022-09-20-Logo-EB_Schutzzone_V4_Transparent.png\",\"width\":2000,\"height\":1982,\"caption\":\"Geschichte\"},\"image\":{\"@id\":\"https:\/\/www.ewigerbund.org\/geschichte\/#\/schema\/logo\/image\/\"}}]}<\/script>\n<!-- \/ Yoast SEO plugin. -->","yoast_head_json":{"title":"Geschichte. | Ewiger Bund.","description":"Erkenntnisreiche Reise durch die Jahrhunderte des ewigen Bundes anschaulich in epochalen Filmen erkl\u00e4rt. Komm einfach mit!","robots":{"index":"index","follow":"follow","max-snippet":"max-snippet:-1","max-image-preview":"max-image-preview:large","max-video-preview":"max-video-preview:-1"},"canonical":"https:\/\/www.ewigerbund.org\/geschichte\/","og_locale":"de_DE","og_type":"article","og_title":"Geschichte. | Ewiger Bund.","og_description":"Erkenntnisreiche Reise durch die Jahrhunderte des ewigen Bundes anschaulich in epochalen Filmen erkl\u00e4rt. Komm einfach mit!","og_url":"https:\/\/www.ewigerbund.org\/geschichte\/","og_site_name":"Geschichte","article_modified_time":"2024-04-03T19:13:42+00:00","og_image":[{"width":1748,"height":994,"url":"https:\/\/www.ewigerbund.org\/geschichte\/wp-content\/uploads\/sites\/39\/2023\/01\/Kat-Geschichte.jpg","type":"image\/jpeg"}],"twitter_card":"summary_large_image","twitter_misc":{"Gesch\u00e4tzte Lesezeit":"1\u00a0Minute"},"schema":{"@context":"https:\/\/schema.org","@graph":[{"@type":"WebPage","@id":"https:\/\/www.ewigerbund.org\/geschichte\/","url":"https:\/\/www.ewigerbund.org\/geschichte\/","name":"Geschichte. | Ewiger Bund.","isPartOf":{"@id":"https:\/\/www.ewigerbund.org\/geschichte\/#website"},"primaryImageOfPage":{"@id":"https:\/\/www.ewigerbund.org\/geschichte\/#primaryimage"},"image":{"@id":"https:\/\/www.ewigerbund.org\/geschichte\/#primaryimage"},"thumbnailUrl":"https:\/\/www.ewigerbund.org\/geschichte\/wp-content\/uploads\/sites\/39\/2023\/01\/Kat-Geschichte.jpg","datePublished":"2022-05-03T19:09:34+00:00","dateModified":"2024-04-03T19:13:42+00:00","description":"Erkenntnisreiche Reise durch die Jahrhunderte des ewigen Bundes anschaulich in epochalen Filmen erkl\u00e4rt. Komm einfach mit!","breadcrumb":{"@id":"https:\/\/www.ewigerbund.org\/geschichte\/#breadcrumb"},"inLanguage":"de","potentialAction":[{"@type":"ReadAction","target":["https:\/\/www.ewigerbund.org\/geschichte\/"]}]},{"@type":"ImageObject","inLanguage":"de","@id":"https:\/\/www.ewigerbund.org\/geschichte\/#primaryimage","url":"https:\/\/www.ewigerbund.org\/geschichte\/wp-content\/uploads\/sites\/39\/2023\/01\/Kat-Geschichte.jpg","contentUrl":"https:\/\/www.ewigerbund.org\/geschichte\/wp-content\/uploads\/sites\/39\/2023\/01\/Kat-Geschichte.jpg","width":1748,"height":994},{"@type":"BreadcrumbList","@id":"https:\/\/www.ewigerbund.org\/geschichte\/#breadcrumb","itemListElement":[{"@type":"ListItem","position":1,"name":"Startseite","item":"https:\/\/www.ewigerbund.org\/geschichte\/"},{"@type":"ListItem","position":2,"name":"Geschichte."}]},{"@type":"WebSite","@id":"https:\/\/www.ewigerbund.org\/geschichte\/#website","url":"https:\/\/www.ewigerbund.org\/geschichte\/","name":"Geschichte","description":"vom ewigen Bund.","publisher":{"@id":"https:\/\/www.ewigerbund.org\/geschichte\/#organization"},"alternateName":"vom ewigen Bund.","potentialAction":[{"@type":"SearchAction","target":{"@type":"EntryPoint","urlTemplate":"https:\/\/www.ewigerbund.org\/geschichte\/?s={search_term_string}"},"query-input":"required name=search_term_string"}],"inLanguage":"de"},{"@type":"Organization","@id":"https:\/\/www.ewigerbund.org\/geschichte\/#organization","name":"Geschichte","url":"https:\/\/www.ewigerbund.org\/geschichte\/","logo":{"@type":"ImageObject","inLanguage":"de","@id":"https:\/\/www.ewigerbund.org\/geschichte\/#\/schema\/logo\/image\/","url":"https:\/\/www.ewigerbund.org\/geschichte\/wp-content\/uploads\/sites\/39\/2022\/11\/2022-09-20-Logo-EB_Schutzzone_V4_Transparent.png","contentUrl":"https:\/\/www.ewigerbund.org\/geschichte\/wp-content\/uploads\/sites\/39\/2022\/11\/2022-09-20-Logo-EB_Schutzzone_V4_Transparent.png","width":2000,"height":1982,"caption":"Geschichte"},"image":{"@id":"https:\/\/www.ewigerbund.org\/geschichte\/#\/schema\/logo\/image\/"}}]}},"_links":{"self":[{"href":"https:\/\/www.ewigerbund.org\/geschichte\/wp-json\/wp\/v2\/pages\/2","targetHints":{"allow":["GET"]}}],"collection":[{"href":"https:\/\/www.ewigerbund.org\/geschichte\/wp-json\/wp\/v2\/pages"}],"about":[{"href":"https:\/\/www.ewigerbund.org\/geschichte\/wp-json\/wp\/v2\/types\/page"}],"author":[{"embeddable":true,"href":"https:\/\/www.ewigerbund.org\/geschichte\/wp-json\/wp\/v2\/users\/8"}],"replies":[{"embeddable":true,"href":"https:\/\/www.ewigerbund.org\/geschichte\/wp-json\/wp\/v2\/comments?post=2"}],"version-history":[{"count":90,"href":"https:\/\/www.ewigerbund.org\/geschichte\/wp-json\/wp\/v2\/pages\/2\/revisions"}],"predecessor-version":[{"id":2143,"href":"https:\/\/www.ewigerbund.org\/geschichte\/wp-json\/wp\/v2\/pages\/2\/revisions\/2143"}],"wp:featuredmedia":[{"embeddable":true,"href":"https:\/\/www.ewigerbund.org\/geschichte\/wp-json\/wp\/v2\/media\/1776"}],"wp:attachment":[{"href":"https:\/\/www.ewigerbund.org\/geschichte\/wp-json\/wp\/v2\/media?parent=2"}],"wp:term":[{"taxonomy":"category","embeddable":true,"href":"https:\/\/www.ewigerbund.org\/geschichte\/wp-json\/wp\/v2\/categories?post=2"},{"taxonomy":"post_tag","embeddable":true,"href":"https:\/\/www.ewigerbund.org\/geschichte\/wp-json\/wp\/v2\/tags?post=2"}],"curies":[{"name":"wp","href":"https:\/\/api.w.org\/{rel}","templated":true}]}}