{"id":6,"date":"2021-06-09T11:56:49","date_gmt":"2021-06-09T09:56:49","guid":{"rendered":"https:\/\/www.ewigerbund.org\/fr\/?page_id=6"},"modified":"2021-06-09T11:57:01","modified_gmt":"2021-06-09T09:57:01","slug":"la-federation-eternelle","status":"publish","type":"page","link":"https:\/\/www.ewigerbund.org\/fr\/","title":{"rendered":"C&rsquo;est quoi la F\u00e9d\u00e9ration \u00e9ternelle?"},"content":{"rendered":"<div style=\"border: 2px solid #000000; padding: 5px; margin-bottom: 30px;\">\n<p><strong>F\u00e9d\u00e9ration<\/strong> (alm. Bund)<br \/>\nest la connexion ou la fusion de plusieurs unit\u00e9s \u00e0 l&rsquo;origine ind\u00e9pendantes. Selon le droit constitutionnel d&rsquo;un \u00c9tat f\u00e9d\u00e9ral, le gouvernement f\u00e9d\u00e9ral est l&rsquo;\u00c9tat supr\u00eame contrairement aux \u00c9tats qui le composent (\u00c9tats membres). Une telle f\u00e9d\u00e9ration a ses propres organes, t\u00e2ches et pouvoirs.<\/p>\n<p><strong>\u00e9ternelle<\/strong> (alm. ewig)<br \/>\nCe n&rsquo;est pas une d\u00e9termination du temps, pas un \u00ab\u00a0long\u00a0\u00bb temps. Le mot signifie litt\u00e9ralement \u00ab\u00a0avant moi\u00a0\u00bb &#8211; \u00e9tait l\u00e0, physiquement. \u00c9ternel veut dire temps infini = z\u00e9ro, 0, \u00e0 savoir un cercle ou un point, qui n&rsquo;est aussi qu&rsquo;un cercle, sans expansion. \u00c9ternel signifie la suspension de l&rsquo;exp\u00e9rience du temps. L&rsquo;\u00e9ternit\u00e9 est la dur\u00e9e infinie de l&rsquo;instant intemporel.<\/p>\n<\/div>\n<p>La F\u00e9d\u00e9ration \u00e9ternelle est l&rsquo;alliance constitutionnelle, dont l&rsquo;entr\u00e9e en vigueur le 1er janvier 1871, a finalement cr\u00e9\u00e9 un \u00c9tat f\u00e9d\u00e9ral souverain en tant que sujet de droit international de 25 \u00c9tats allemands individuels.<\/p>\n<p><strong>Qui a fait la F\u00e9d\u00e9ration \u00e9ternelle?<\/strong><\/p>\n<p>La F\u00e9d\u00e9ration \u00e9ternelle a \u00e9t\u00e9 conclue par les gouvernements des 25 \u00e9tats allemands, ratifi\u00e9e par les repr\u00e9sentants constitutionnels des \u00c9tats respectifs et finalement confirm\u00e9e \u00e0 nouveau par les Allemands par voie d&rsquo;\u00e9lection.<\/p>\n<p>Quel est le but de la F\u00e9d\u00e9ration \u00e9ternelle?<\/p>\n<p>Le but de la F\u00e9d\u00e9ration \u00e9ternelle est de prot\u00e9ger le territoire f\u00e9d\u00e9ral, la loi qui y est valable et le souci du bien-\u00eatre du peuple allemand. Cela s&rsquo;exprime, entre autres, par<\/p>\n<p>Effets de la F\u00e9d\u00e9ration \u00e9ternelle.<\/p>\n<p><u>Libert\u00e9.<\/u><\/p>\n<p>Libert\u00e9 de mouvement.<br \/>\nEn raison de la F\u00e9d\u00e9ration \u00e9ternelle, pour la premi\u00e8re fois dans la longue histoire de la nation allemande, les membres d&rsquo;un \u00c9tat allemand ne sont plus trait\u00e9s comme des \u00e9trangers dans tous les autres \u00c9tats allemands, mais sont juridiquement assimil\u00e9s \u00e0 des r\u00e9sidents. Tout Allemand peut s&rsquo;installer dans n&rsquo;importe quel \u00c9tat allemand, s&rsquo;installer, exploiter des entreprises, participer aux \u00e9lections et occuper des fonctions publiques. Seuls les Allemands sont autoris\u00e9s \u00e0 s\u00e9journer sur le<br \/>\nterritoire f\u00e9d\u00e9ral.<\/p>\n<p>Propri\u00e9t\u00e9.<br \/>\nGr\u00e2ce \u00e0 la F\u00e9d\u00e9ration \u00e9ternelle, chaque membre d&rsquo;un \u00c9tat allemand peut acqu\u00e9rir des biens dans tous les autres \u00c9tats allemands. La F\u00e9d\u00e9ration \u00e9ternelle garantit et prot\u00e8ge ce droit de propri\u00e9t\u00e9.<\/p>\n<p><u>Libert\u00e9 de la personne.<\/u><br \/>\nLa F\u00e9d\u00e9ration \u00e9ternelle manifestait la libert\u00e9 des Allemands vis-\u00e0-vis des influences allemandes ext\u00e9rieures, en particulier des influences du Vatican, de la papaut\u00e9 catholique romaine et de son droit canon.<\/p>\n<p><u>Bon public.<\/u><\/p>\n<p>Bien-\u00eatre.<br \/>\nLa F\u00e9d\u00e9ration \u00e9ternelle a invent\u00e9 le concept d&rsquo;\u00c9tat-providence pour le bien-\u00eatre de tous les Allemands et a introduit la premi\u00e8re l\u00e9gislation sociale au monde : l&rsquo;assurance-ch\u00f4mage, l&rsquo;assurance-maladie et l&rsquo;assurance-pension.<\/p>\n<p>Administration.<br \/>\nLa F\u00e9d\u00e9ration \u00e9ternelle a \u00e9tabli le principe administratif \u00ab\u00a0Le bien g\u00e9n\u00e9ral est la loi supr\u00eame.\u00a0\u00bb Dans tous les \u00c9tats allemands\u00a0: la t\u00e2che de l&rsquo;administration est l&rsquo;application de la loi et l&rsquo;activit\u00e9 bienveillante des autorit\u00e9s en g\u00e9n\u00e9ral.<\/p>\n<p>Autod\u00e9termination.<br \/>\nLa F\u00e9d\u00e9ration \u00e9ternelle a \u00e9tabli l&rsquo;autod\u00e9termination au niveau communautaire en ce que les Allemands peuvent d\u00e9terminer leur milieu de vie imm\u00e9diat, les congr\u00e9gations, en toute responsabilit\u00e9.<\/p>\n<p><u>S\u00e9curit\u00e9.<\/u><\/p>\n<p>S\u00e9curit\u00e9 juridique.<br \/>\nLa F\u00e9d\u00e9ration \u00e9ternelle a cr\u00e9\u00e9 un espace juridique uniforme dans tous les \u00c9tats allemands. \u00c0 cette fin, des lois nationales ont \u00e9t\u00e9 introduites qui ont re\u00e7u une grande attention internationale, y compris le \u00ab\u00a0B\u00fcrgerliches Gesetzbuch\u00a0\u00bb. Le pouvoir judiciaire \u00e9tait uniform\u00e9ment r\u00e9glement\u00e9 \u00e0 l&rsquo;\u00e9chelle nationale. D\u00e9sormais, les m\u00eames r\u00e8gles de proc\u00e9dure civile et p\u00e9nale s&rsquo;appliquent sur tout le territoire f\u00e9d\u00e9ral. La F\u00e9d\u00e9ration \u00e9ternelle garantit et contr\u00f4le le respect et prend des mesures en cas de refus de justice.<\/p>\n<p>Protection des Allemands.<br \/>\nLa F\u00e9d\u00e9ration \u00e9ternelle garantit \u00e0 tous les Allemands leur protection de l&rsquo;\u00e9tranger.<\/p>\n<p>Protection du territoire f\u00e9d\u00e9ral.<br \/>\nLa F\u00e9d\u00e9ration \u00e9ternelle oblige tous les \u00c9tats membres \u00e0 prot\u00e9ger conjointement le territoire f\u00e9d\u00e9ral.<\/p>\n<p>La loi internationale.<br \/>\nLa F\u00e9d\u00e9ration \u00e9ternelle a adh\u00e9r\u00e9 aux accords internationaux par le biais de trait\u00e9s internationaux, y compris \u00ab\u00a0la Convention concernant les lois et coutumes de la guerre sur terre\u00a0\u00bb. qui accorde \u00e0 la population civile une protection internationale en cas de conflit arm\u00e9.<\/p>\n<p><strong>Qui est dans la F\u00e9d\u00e9ration \u00e9ternelle?<\/strong><br \/>\nL&rsquo;adh\u00e9sion \u00e0 la F\u00e9d\u00e9ration \u00e9ternelle d\u00e9pendait de la possession de la citoyennet\u00e9 dans un \u00c9tat membre de la F\u00e9d\u00e9ration \u00e9ternelle. Seuls ceux qui appartiennent \u00e0 un \u00c9tat allemand peuvent \u00eatre membres du gouvernement f\u00e9d\u00e9ral. Cette appartenance f\u00e9d\u00e9rale a \u00e9t\u00e9 r\u00e9gl\u00e9e par la loi du 22 juillet 1913 de telle sorte qu&rsquo;elle est depuis lors :<\/p>\n<p><strong>Toute personne ayant la nationalit\u00e9 d&rsquo;un \u00c9tat f\u00e9d\u00e9ral est allemande.<\/strong><\/p>\n<p>A la naissance, l&rsquo;enfant l\u00e9gitime d&rsquo;un Allemand acquiert la nationalit\u00e9 du p\u00e8re, l&rsquo;enfant ill\u00e9gitime d&rsquo;une Allemande acquiert la nationalit\u00e9 de la m\u00e8re.<\/p>\n<p>Un membre de la F\u00e9d\u00e9ration \u00e9ternelle est donc par naissance tout Allemand qui descend des membres de ces \u00c9tats f\u00e9d\u00e9r\u00e9s :<\/p>\n<p>Royaume de Prusse<br \/>\nRoyaume de Bavi\u00e8re<br \/>\nRoyaume de Wurtemberg<br \/>\nRoyaume de Saxe<br \/>\nGrand-Duch\u00e9 de Bade<br \/>\nGrand-Duch\u00e9 de Mecklembourg-Schwerin<br \/>\nGrand-Duch\u00e9 de Hesse<br \/>\nGrand-Duch\u00e9 d&rsquo;Oldenbourg<br \/>\nGrand-Duch\u00e9 de Saxe-Weimar-Eisenach<br \/>\nGrand-Duch\u00e9 de Mecklembourg-Strelitz<br \/>\nDuch\u00e9 de Brunswick<br \/>\nDuch\u00e9 de Saxe-Meiningen<br \/>\nDuch\u00e9 d&rsquo;Anhalt<br \/>\nDuch\u00e9 de Saxe-Cobourg et Gotha<br \/>\nDuch\u00e9 de Saxe-Altenbourg<br \/>\nPrincipaut\u00e9 de Lippe<br \/>\nPrincipaut\u00e9 de Waldeck<br \/>\nPrincipaut\u00e9 de Schwarzbourg-Rudolstadt<br \/>\nPrincipaut\u00e9 de Schwarzbourg-Sondershausen<br \/>\nLigne jeune Principaut\u00e9 de Reuss<br \/>\nPrincipaut\u00e9 de Schaumburg-Lippe<br \/>\nLigne ancienne Principaut\u00e9 de Reuss<br \/>\nVille libre et hans\u00e9atique de Hambourg<br \/>\nVille libre et hans\u00e9atique de L\u00fcbeck<br \/>\nVille libre hans\u00e9atique de Br\u00eame<br \/>\nPays de l&rsquo;Empire d&rsquo;Alsace-Lorraine<\/p>\n<p>Je ne veux pas lutter pour l&rsquo;ancien,<br \/>\nmais se battre pour ce qui est \u00e9ternel.<\/p>\n<p>O\u00f9 est la F\u00e9d\u00e9ration \u00e9ternelle aujourd&rsquo;hui ?<\/p>\n<p>La F\u00e9d\u00e9ration \u00e9ternelle a \u00e9t\u00e9 priv\u00e9e de force de sa capacit\u00e9 d&rsquo;agir en novembre 1918. Un petit groupe d&rsquo;hommes sociaux-d\u00e9mocrates a \u00e9limin\u00e9 les organes de la F\u00e9d\u00e9ration \u00e9ternelle et pris le contr\u00f4le sur laquelle. Depuis ce jour, le but de la F\u00e9d\u00e9ration \u00e9ternelle, \u00ab\u00a0le souci du bien-\u00eatre du peuple allemand\u00a0\u00bb, a \u00e9t\u00e9 transform\u00e9 en son contraire : depuis ce jour, les Allemands ont \u00e9t\u00e9 trait\u00e9s comme des boucs \u00e9missaires et exploit\u00e9s par presque le monde entier. <strong>Aujourd&rsquo;hui, plus de 100 ans plus tard, la F\u00e9d\u00e9ration \u00e9ternelle existe toujours et a une capacit\u00e9 juridique, car c&rsquo;est une F\u00e9d\u00e9ration \u00e9ternelle, mais elle est toujours incapable d&rsquo;agir, comme l&rsquo;a d\u00e9clar\u00e9 \u00e0 plusieurs reprises la Cour constitutionnelle f\u00e9d\u00e9rale \u00ab\u00a0Bundesverfassungsgericht\u00ab\u00a0 de la R\u00e9publique f\u00e9d\u00e9rale d&rsquo;Allemagne.<\/strong><\/p>\n<p><strong>Cause de l&rsquo;incapacit\u00e9 d&rsquo;agir de la F\u00e9d\u00e9ration \u00e9ternelle.<\/strong><br \/>\nLe 31 juillet 1914, l&rsquo;\u00e9tat de guerre est d\u00e9clar\u00e9 sur le territoire de la F\u00e9d\u00e9ration \u00e9ternelle. Cet \u00e9tat de guerre n&rsquo;a \u00e0 aucun moment \u00e9t\u00e9 l\u00e9gitimement lev\u00e9, car l&rsquo;\u00e9tat de guerre ne peut \u00eatre lev\u00e9 constitutionnellement que par le Pr\u00e9sident de la F\u00e9d\u00e9ration \u00e9ternelle. Le dernier pr\u00e9sident de la F\u00e9d\u00e9ration \u00e9ternelle a \u00e9t\u00e9 contraint \u00e0 l&rsquo;exil le 9 novembre 1918 par le violent coup d&rsquo;\u00c9tat susmentionn\u00e9, o\u00f9 il est finalement d\u00e9c\u00e9d\u00e9. Avec la prise de pouvoir ill\u00e9gale, car inconstitutionnelle, par les putschistes en novembre 1918, l&rsquo;administration de la justice dans la Ligue \u00e9ternelle s&rsquo;est arr\u00eat\u00e9e. Depuis ces jours, la F\u00e9d\u00e9ration \u00e9ternelle, qui est en \u00e9tat de guerre, a \u00e9t\u00e9 administr\u00e9e par des repr\u00e9sentants ill\u00e9gitimes, initialement sous un esprit non allemand, et depuis 1945 compl\u00e8tement sous domination \u00e9trang\u00e8re.<\/p>\n<div style=\"border: 2px solid #000000; padding: 5px; margin-bottom: 30px;\">D\u00e9finition des termes.<br \/>\nLa F\u00e9d\u00e9ration \u00e9ternelle s&rsquo;appelle l&rsquo;Empire d&rsquo;Allemagne \/ Deutsches Reich.<br \/>\nLe pr\u00e9sident de la F\u00e9d\u00e9ration \u00e9ternelle a le titre d&#8217;empereur \/ Kaiser.<\/div>\n<p><strong>Effet de l&rsquo;incapacit\u00e9 de l&rsquo;Empire d&rsquo;Allemagne \u00e0 agir.<\/strong><br \/>\nContrairement aux accords internationaux, c&rsquo;est-\u00e0-dire des trait\u00e9s internationaux, le droit allemand est largement suspendu. Des mesures contraires au droit international, comme un blocus maritime britannique, ont forc\u00e9 les Allemands \u00e0 signer des contrats commerciaux dans lesquels ils s&rsquo;engageaient \u00e0 se priver de leurs droits et \u00e0 effectuer des paiements horribles. En raison de la synchronisation sous le national-socialisme, la soi-disant Seconde Guerre mondiale, qui d&rsquo;un point de vue juridique ne repr\u00e9sentait que la reprise des combats de la soi-disant Premi\u00e8re Guerre mondiale, le renversement militaire et l&rsquo;occupation subs\u00e9quente de l&rsquo;Allemagne et l&rsquo;installation des structures administratives de la R\u00e9publique f\u00e9d\u00e9rale d&rsquo;Allemagne, de la RDA, de la R\u00e9publique de Pologne, etc. Depuis plus de quatre g\u00e9n\u00e9rations, les Allemands ont d&rsquo;abord \u00e9t\u00e9 contraints de nier et finalement d&rsquo;oublier leurs Descendence et leurs origines. Nous voyons le r\u00e9sultat dans le pr\u00e9sent allemand : un \u00ab peuple allemand \u00bb sans identit\u00e9 a d\u00e9g\u00e9n\u00e9r\u00e9 en le jouet impuissant des puissances \u00e9trang\u00e8res supranationales.<\/p>\n<p>Mais les effets de l&rsquo;incapacit\u00e9 de l&rsquo;Empire d&rsquo;Allemagne \u00e0 agir ne sont pas seulement nationaux mais mondiaux : en maintenant l&rsquo;\u00e9tat de guerre, en instituant d&rsquo;abord la Soci\u00e9t\u00e9 des Nations, puis les Nations Unies, le monde entier est en \u00e9tat de guerre dont un seul avantages de classe : le complexe militaro-industriel d&rsquo;une \u00e9lite dite mondiale. Au vu de tous les innombrables conflits militaires des derni\u00e8res d\u00e9cennies, il faut se demander : quand la derni\u00e8re d\u00e9claration officielle de guerre a-t-elle \u00e9t\u00e9 prononc\u00e9e ? Ce n&rsquo;est plus n\u00e9cessaire car, comme expliqu\u00e9 ci-dessus, le monde est en \u00e9tat de guerre constante. Aucune personne vivante contemporaine ne peut pr\u00e9tendre avoir connu la paix &#8211; ce n&rsquo;est tout simplement pas vrai, \u00e0 moins qu&rsquo;elle ne soit n\u00e9e avant le 28 juillet 1914. A partir de l\u00e0, il devient clair :<\/p>\n<p>L&rsquo;\u00e9limination de l&rsquo;incapacit\u00e9 de l&rsquo;Empire d&rsquo;Allemagne \u00e0 agir apporte la paix mondiale. Seuls les Allemands vivant aujourd&rsquo;hui peuvent accomplir ce miracle. C&rsquo;est notre mandat &#8211; et, vu \u00e0 la lumi\u00e8re de l&rsquo;imp\u00e9ratif cat\u00e9gorique \u00e9thico-moral d&rsquo;Emmanuel Kant, c&rsquo;est notre devoir.<\/p>\n<p>\u00ab\u00a0Reconna\u00eetre et faire son devoir, c&rsquo;est le principal.\u00a0\u00bb<br \/>\n&#8211; Fr\u00e9d\u00e9ric II., dit le Grand.<\/p>\n<p><strong>Que devrais-je faire?<\/strong><\/p>\n<p>0) Ne croyez rien, v\u00e9rifiez tout !<\/p>\n<p>Des milliers d&rsquo;heures d&rsquo;\u00e9tude de dizaines de milliers de pages d&rsquo;histoire, de lois, de contrats et d&rsquo;autres documents entrent dans la connaissance de la F\u00e9d\u00e9ration \u00e9ternelle. Le r\u00e9sultat a \u00e9t\u00e9 r\u00e9sum\u00e9 de mani\u00e8re aussi compacte que possible dans la d\u00e9claration \u00ab\u00a0<a href=\"https:\/\/www.ewigerbund.org\/an-die-deutsche-nation\" target=\"_blank\" rel=\"noopener\">An die deutsche Nation<\/a>\u00ab\u00a0, toutes les sources sont donn\u00e9es comme l&rsquo;exigent les r\u00e8gles du travail scientifique.<\/p>\n<p>1) D\u00e9terminer si l&rsquo;on est membre de la F\u00e9d\u00e9ration \u00e9ternelle, c&rsquo;est-\u00e0-dire citoyen d&rsquo;un \u00c9tat f\u00e9d\u00e9ral allemand par ascendence et donc Allemand l\u00e9gal. Une preuve de ascendence jusqu&rsquo;\u00e0 avant 1914 sous forme d&rsquo;extraits d&rsquo;acte de naissance, d&rsquo;actes de mariage et de d\u00e9c\u00e8s est requise pour le d\u00e9terminer. Nous expliquons comment cela fonctionne ici :<br \/>\nComment prouver que vous \u00eates allemand.<\/p>\n<p>2) Agir conform\u00e9ment \u00e0 la constitution.<br \/>\n\u00ab Parmi toutes les sources de droit existantes, la charte constitutionnelle occupe la premi\u00e8re place en ce qu&rsquo;elle constitue la loi supr\u00eame de l&rsquo;\u00c9tat et, en tant que telle, forme une classe \u00e0 part.\u00a0\u00bb<br \/>\nL&rsquo;inconstitutionnalit\u00e9 est la cause de l&rsquo;incapacit\u00e9 allemande d&rsquo;agir :<br \/>\n&#8211; Remise inconstitutionnelle du chancelier du Reich au niveau du Reich.<br \/>\n&#8211; Non-instauration inconstitutionnelle d&rsquo;un r\u00e8gne dans le Royaume de Prusse.<br \/>\n&#8211; Elimination inconstitutionnelle de l&rsquo;autorit\u00e9 \u00e9tatique l\u00e9gitime dans les \u00c9tats f\u00e9d\u00e9ral allemands.<\/p>\n<p>Ce livre offre une introduction <a href=\"https:\/\/bismarckserben.org\/aktuelles\/2018-10-14-empfehlung-bazille-unsere-reichsverfassung\/\" target=\"_blank\" rel=\"noopener\">facile \u00e0 la constitution allemande<\/a>. (en allemand)<\/p>\n<p>3) Remplir les devoirs d&rsquo;un Allemand.<\/p>\n<p>\u00ab La citoyennet\u00e9 est d&rsquo;abord un ensemble de devoirs ; Un cercle de droits r\u00e9sulte des devoirs. \u00bb Le devoir supr\u00eame d&rsquo;un Allemand est la loyaut\u00e9 et l&rsquo;ob\u00e9issance au Reich et aux lois de l&rsquo;Empire (voir note de bas de page 2), point B de l&rsquo;article 3 de la constitution de l&rsquo;Empire). Cela inclut avant tout la loyaut\u00e9 envers le Pr\u00e9sident de la F\u00e9d\u00e9ration \u00e9ternelle en tant que chef de l&rsquo;\u00c9tat de tous les Allemands avec le seul pouvoir de repr\u00e9sentation en vertu du droit international (cf. article 11 de la Constitution imp\u00e9riale). Le Kaiser allemand est la seule personne au monde qui peut mettre fin \u00e0 la guerre mondiale. Les Allemands l&rsquo;ont chass\u00e9 en exil en 1918, et les Allemands ont d\u00fb le rappeler de l\u00e0. Le Kaiser l\u00e9gitime est en place et il est pr\u00eat.<br \/>\nSommes-nous pr\u00eats \u00e0 redevenir Allemands ?<\/p>\n<p>4) Soyez solidaires!<br \/>\n\u00ab\u00a0Si les Allemands restent unis, ils battront le diable hors de l&rsquo;enfer.\u00a0\u00bb<br \/>\n-Otto von Bismarck<\/p>\n<p>Dans le <a href=\"https:\/\/t.me\/EwigerBundOrg\" target=\"_blank\" rel=\"noopener\">groupe officiel Telegram<\/a> de la F\u00e9d\u00e9ration \u00e9ternelle, les Allemands se mettent en r\u00e9seau pour assurer l&rsquo;avenir de la F\u00e9d\u00e9ration \u00e9ternelle.<\/p>\n<p>5) Acqu\u00e9rir le bon \u00e9tat de conscience.<\/p>\n<p>Les vid\u00e9os \u00ab\u00a0<a href=\"https:\/\/wissen.ewigerbund.org\/\" target=\"_blank\" rel=\"noopener\">Wissen ist eine Holschuld<\/a>\u00ab\u00a0 montrent quel pr\u00e9cieux h\u00e9ritage nous attend, et la vid\u00e9o sur l&rsquo;\u00e9tat de guerre et de si\u00e8ge aide \u00e0 comprendre la situation dans laquelle se trouvent les Allemands.<\/p>\n<p>6) Rapport au Service d&rsquo;aide patriotique \/ alm. Vaterl\u00e4ndischer Hilfsdienst.<\/p>\n<p>Tout Allemand \u00e2g\u00e9 de 17 \u00e0 59 ans est tenu de faire son service aux Hilfsdienst. Apprenez-en plus sur le <a href=\"https:\/\/www.hilfsdienst.net\/\" target=\"_blank\" rel=\"noopener\">Vaterl\u00e4ndischer Hilfsdienst<\/a> et entrez en contact avec d&rsquo;autres Allemands, pour r\u00e9seauter et travailler pour le salut de la paix, de la libert\u00e9 et de l&rsquo;autod\u00e9termination.<\/p>\n<p>7) Soyez d\u00e9termin\u00e9 ! \u00ab Quiconque ne veut pas coop\u00e9rer avec l&rsquo;\u00c9tat pour sa protection n&rsquo;appartient pas \u00e0 l&rsquo;\u00c9tat, il n&rsquo;a aucun droit sur l&rsquo;\u00c9tat ; il devrait quitter l&rsquo;\u00e9tat.<br \/>\n-Otto von Bismarck<\/p>\n<p>8) Faites passer le mot : <a href=\"https:\/\/www.ewigerbund.org\/material\" target=\"_blank\" rel=\"noopener\">mat\u00e9riel<\/a>.<\/p>\n<p>\u201eNotre patrie est l\u00e0 o\u00f9 est la loi.\u00a0\u00bb<br \/>\n&#8211; Schiller<\/p>\n","protected":false},"excerpt":{"rendered":"<p>F\u00e9d\u00e9ration (alm. Bund) est la connexion ou la fusion de plusieurs unit\u00e9s \u00e0 l&rsquo;origine ind\u00e9pendantes. Selon le droit constitutionnel d&rsquo;un \u00c9tat f\u00e9d\u00e9ral, le gouvernement f\u00e9d\u00e9ral est l&rsquo;\u00c9tat supr\u00eame contrairement aux \u00c9tats qui le composent (\u00c9tats membres). Une telle f\u00e9d\u00e9ration a ses propres organes, t\u00e2ches et pouvoirs. \u00e9ternelle (alm. ewig) Ce n&rsquo;est pas une d\u00e9termination du &#8230; <a title=\"C&rsquo;est quoi la F\u00e9d\u00e9ration \u00e9ternelle?\" class=\"read-more\" href=\"https:\/\/www.ewigerbund.org\/fr\/\" aria-label=\"En savoir plus sur C&rsquo;est quoi la F\u00e9d\u00e9ration \u00e9ternelle?\">Lire la suite<\/a><\/p>\n","protected":false},"author":1,"featured_media":0,"parent":0,"menu_order":0,"comment_status":"closed","ping_status":"closed","template":"","meta":{"footnotes":""},"categories":[],"tags":[],"class_list":["post-6","page","type-page","status-publish"],"yoast_head":"<!-- This site is optimized with the Yoast SEO plugin v23.1 - https:\/\/yoast.com\/wordpress\/plugins\/seo\/ -->\n<title>C&#039;est quoi la F\u00e9d\u00e9ration \u00e9ternelle?<\/title>\n<meta name=\"description\" content=\"Qu&#039;est-ce que l&#039;alliance \u00e9ternelle ? Quel est le but de l&#039;alliance \u00e9ternelle ? Qui appartient \u00e0 l&#039;alliance \u00e9ternelle ? Toutes ces questions et bien d&#039;autres encore sont clarifi\u00e9es ici.\" \/>\n<meta name=\"robots\" content=\"index, follow, max-snippet:-1, max-image-preview:large, max-video-preview:-1\" \/>\n<link rel=\"canonical\" href=\"https:\/\/www.ewigerbund.org\/fr\/\" \/>\n<meta property=\"og:locale\" content=\"fr_FR\" \/>\n<meta property=\"og:type\" content=\"article\" \/>\n<meta property=\"og:title\" content=\"C&#039;est quoi la F\u00e9d\u00e9ration \u00e9ternelle?\" \/>\n<meta property=\"og:description\" content=\"Qu&#039;est-ce que l&#039;alliance \u00e9ternelle ? Quel est le but de l&#039;alliance \u00e9ternelle ? Qui appartient \u00e0 l&#039;alliance \u00e9ternelle ? Toutes ces questions et bien d&#039;autres encore sont clarifi\u00e9es ici.\" \/>\n<meta property=\"og:url\" content=\"https:\/\/www.ewigerbund.org\/fr\/\" \/>\n<meta property=\"og:site_name\" content=\"La F\u00e9d\u00e9ration \u00e9ternelle\" \/>\n<meta property=\"article:modified_time\" content=\"2021-06-09T09:57:01+00:00\" \/>\n<meta name=\"twitter:card\" content=\"summary_large_image\" \/>\n<meta name=\"twitter:label1\" content=\"Dur\u00e9e de lecture estim\u00e9e\" \/>\n\t<meta name=\"twitter:data1\" content=\"9 minutes\" \/>\n<script type=\"application\/ld+json\" class=\"yoast-schema-graph\">{\"@context\":\"https:\/\/schema.org\",\"@graph\":[{\"@type\":\"WebPage\",\"@id\":\"https:\/\/www.ewigerbund.org\/fr\/\",\"url\":\"https:\/\/www.ewigerbund.org\/fr\/\",\"name\":\"C'est quoi la F\u00e9d\u00e9ration \u00e9ternelle?\",\"isPartOf\":{\"@id\":\"https:\/\/www.ewigerbund.org\/fr\/#website\"},\"datePublished\":\"2021-06-09T09:56:49+00:00\",\"dateModified\":\"2021-06-09T09:57:01+00:00\",\"description\":\"Qu'est-ce que l'alliance \u00e9ternelle ? Quel est le but de l'alliance \u00e9ternelle ? Qui appartient \u00e0 l'alliance \u00e9ternelle ? Toutes ces questions et bien d'autres encore sont clarifi\u00e9es ici.\",\"breadcrumb\":{\"@id\":\"https:\/\/www.ewigerbund.org\/fr\/#breadcrumb\"},\"inLanguage\":\"fr-FR\",\"potentialAction\":[{\"@type\":\"ReadAction\",\"target\":[\"https:\/\/www.ewigerbund.org\/fr\/\"]}]},{\"@type\":\"BreadcrumbList\",\"@id\":\"https:\/\/www.ewigerbund.org\/fr\/#breadcrumb\",\"itemListElement\":[{\"@type\":\"ListItem\",\"position\":1,\"name\":\"Startseite\",\"item\":\"https:\/\/www.ewigerbund.org\/fr\/\"},{\"@type\":\"ListItem\",\"position\":2,\"name\":\"C&rsquo;est quoi la F\u00e9d\u00e9ration \u00e9ternelle?\"}]},{\"@type\":\"WebSite\",\"@id\":\"https:\/\/www.ewigerbund.org\/fr\/#website\",\"url\":\"https:\/\/www.ewigerbund.org\/fr\/\",\"name\":\"La F\u00e9d\u00e9ration \u00e9ternelle\",\"description\":\"Der Ewige Bund in franz\u00f6sischer Sprache.\",\"potentialAction\":[{\"@type\":\"SearchAction\",\"target\":{\"@type\":\"EntryPoint\",\"urlTemplate\":\"https:\/\/www.ewigerbund.org\/fr\/?s={search_term_string}\"},\"query-input\":\"required name=search_term_string\"}],\"inLanguage\":\"fr-FR\"}]}<\/script>\n<!-- \/ Yoast SEO plugin. -->","yoast_head_json":{"title":"C'est quoi la F\u00e9d\u00e9ration \u00e9ternelle?","description":"Qu'est-ce que l'alliance \u00e9ternelle ? Quel est le but de l'alliance \u00e9ternelle ? Qui appartient \u00e0 l'alliance \u00e9ternelle ? Toutes ces questions et bien d'autres encore sont clarifi\u00e9es ici.","robots":{"index":"index","follow":"follow","max-snippet":"max-snippet:-1","max-image-preview":"max-image-preview:large","max-video-preview":"max-video-preview:-1"},"canonical":"https:\/\/www.ewigerbund.org\/fr\/","og_locale":"fr_FR","og_type":"article","og_title":"C'est quoi la F\u00e9d\u00e9ration \u00e9ternelle?","og_description":"Qu'est-ce que l'alliance \u00e9ternelle ? Quel est le but de l'alliance \u00e9ternelle ? Qui appartient \u00e0 l'alliance \u00e9ternelle ? Toutes ces questions et bien d'autres encore sont clarifi\u00e9es ici.","og_url":"https:\/\/www.ewigerbund.org\/fr\/","og_site_name":"La F\u00e9d\u00e9ration \u00e9ternelle","article_modified_time":"2021-06-09T09:57:01+00:00","twitter_card":"summary_large_image","twitter_misc":{"Dur\u00e9e de lecture estim\u00e9e":"9 minutes"},"schema":{"@context":"https:\/\/schema.org","@graph":[{"@type":"WebPage","@id":"https:\/\/www.ewigerbund.org\/fr\/","url":"https:\/\/www.ewigerbund.org\/fr\/","name":"C'est quoi la F\u00e9d\u00e9ration \u00e9ternelle?","isPartOf":{"@id":"https:\/\/www.ewigerbund.org\/fr\/#website"},"datePublished":"2021-06-09T09:56:49+00:00","dateModified":"2021-06-09T09:57:01+00:00","description":"Qu'est-ce que l'alliance \u00e9ternelle ? Quel est le but de l'alliance \u00e9ternelle ? Qui appartient \u00e0 l'alliance \u00e9ternelle ? Toutes ces questions et bien d'autres encore sont clarifi\u00e9es ici.","breadcrumb":{"@id":"https:\/\/www.ewigerbund.org\/fr\/#breadcrumb"},"inLanguage":"fr-FR","potentialAction":[{"@type":"ReadAction","target":["https:\/\/www.ewigerbund.org\/fr\/"]}]},{"@type":"BreadcrumbList","@id":"https:\/\/www.ewigerbund.org\/fr\/#breadcrumb","itemListElement":[{"@type":"ListItem","position":1,"name":"Startseite","item":"https:\/\/www.ewigerbund.org\/fr\/"},{"@type":"ListItem","position":2,"name":"C&rsquo;est quoi la F\u00e9d\u00e9ration \u00e9ternelle?"}]},{"@type":"WebSite","@id":"https:\/\/www.ewigerbund.org\/fr\/#website","url":"https:\/\/www.ewigerbund.org\/fr\/","name":"La F\u00e9d\u00e9ration \u00e9ternelle","description":"Der Ewige Bund in franz\u00f6sischer Sprache.","potentialAction":[{"@type":"SearchAction","target":{"@type":"EntryPoint","urlTemplate":"https:\/\/www.ewigerbund.org\/fr\/?s={search_term_string}"},"query-input":"required name=search_term_string"}],"inLanguage":"fr-FR"}]}},"_links":{"self":[{"href":"https:\/\/www.ewigerbund.org\/fr\/wp-json\/wp\/v2\/pages\/6","targetHints":{"allow":["GET"]}}],"collection":[{"href":"https:\/\/www.ewigerbund.org\/fr\/wp-json\/wp\/v2\/pages"}],"about":[{"href":"https:\/\/www.ewigerbund.org\/fr\/wp-json\/wp\/v2\/types\/page"}],"author":[{"embeddable":true,"href":"https:\/\/www.ewigerbund.org\/fr\/wp-json\/wp\/v2\/users\/1"}],"replies":[{"embeddable":true,"href":"https:\/\/www.ewigerbund.org\/fr\/wp-json\/wp\/v2\/comments?post=6"}],"version-history":[{"count":2,"href":"https:\/\/www.ewigerbund.org\/fr\/wp-json\/wp\/v2\/pages\/6\/revisions"}],"predecessor-version":[{"id":8,"href":"https:\/\/www.ewigerbund.org\/fr\/wp-json\/wp\/v2\/pages\/6\/revisions\/8"}],"wp:attachment":[{"href":"https:\/\/www.ewigerbund.org\/fr\/wp-json\/wp\/v2\/media?parent=6"}],"wp:term":[{"taxonomy":"category","embeddable":true,"href":"https:\/\/www.ewigerbund.org\/fr\/wp-json\/wp\/v2\/categories?post=6"},{"taxonomy":"post_tag","embeddable":true,"href":"https:\/\/www.ewigerbund.org\/fr\/wp-json\/wp\/v2\/tags?post=6"}],"curies":[{"name":"wp","href":"https:\/\/api.w.org\/{rel}","templated":true}]}}