{"id":808,"date":"2021-09-25T12:23:23","date_gmt":"2021-09-25T10:23:23","guid":{"rendered":"https:\/\/wissen.ewigerbund.org\/?page_id=808"},"modified":"2026-03-06T14:37:55","modified_gmt":"2026-03-06T13:37:55","slug":"trilogie","status":"publish","type":"page","link":"https:\/\/www.ewigerbund.org\/film\/filmothek\/trilogie\/","title":{"rendered":"Die wichtigste Trilogie deines Lebens."},"content":{"rendered":"\n<h2 class=\"wp-block-heading\">Drei Vortr\u00e4ge als Augen\u00f6ffner.<\/h2>\n\n\n<ul class=\"wp-block-latest-posts__list is-grid columns-2 wp-block-latest-posts\"><li><div class=\"wp-block-latest-posts__featured-image aligncenter\"><a href=\"https:\/\/www.ewigerbund.org\/film\/wer-bin-ich-deutsch-oder-deutscher\/\" aria-label=\"Wer bin ich? DEUTSCH oder Deutscher?\"><img loading=\"lazy\" decoding=\"async\" width=\"1024\" height=\"582\" src=\"https:\/\/www.ewigerbund.org\/film\/wp-content\/uploads\/sites\/38\/2023\/01\/EB-Mediathek-MenschPerson-1-1024x582.jpg\" class=\"attachment-large size-large wp-post-image\" alt=\"\" style=\"\" srcset=\"https:\/\/www.ewigerbund.org\/film\/wp-content\/uploads\/sites\/38\/2023\/01\/EB-Mediathek-MenschPerson-1-1024x582.jpg 1024w, https:\/\/www.ewigerbund.org\/film\/wp-content\/uploads\/sites\/38\/2023\/01\/EB-Mediathek-MenschPerson-1-300x171.jpg 300w, https:\/\/www.ewigerbund.org\/film\/wp-content\/uploads\/sites\/38\/2023\/01\/EB-Mediathek-MenschPerson-1-768x437.jpg 768w, https:\/\/www.ewigerbund.org\/film\/wp-content\/uploads\/sites\/38\/2023\/01\/EB-Mediathek-MenschPerson-1-1536x873.jpg 1536w, https:\/\/www.ewigerbund.org\/film\/wp-content\/uploads\/sites\/38\/2023\/01\/EB-Mediathek-MenschPerson-1.jpg 1748w\" sizes=\"auto, (max-width: 1024px) 100vw, 1024px\" \/><\/a><\/div><a class=\"wp-block-latest-posts__post-title\" href=\"https:\/\/www.ewigerbund.org\/film\/wer-bin-ich-deutsch-oder-deutscher\/\">Wer bin ich? DEUTSCH oder Deutscher?<\/a><div class=\"wp-block-latest-posts__post-excerpt\">DEUTSCH oder Deutscher? Der Unterschied zwischen Mensch oder Person. Mensch und Person, zwei Worte, die eigentlich das Gleiche meinen, oder bezeichnen sie etwa unterschiedliche Dinge? &#8230; <a title=\"Wer bin ich? DEUTSCH oder Deutscher?\" class=\"read-more\" href=\"https:\/\/www.ewigerbund.org\/film\/wer-bin-ich-deutsch-oder-deutscher\/\" aria-label=\"Mehr zu Wer bin ich? DEUTSCH oder Deutscher?\">Weiterlesen &#8230;<\/a><\/div><\/li>\n<li><div class=\"wp-block-latest-posts__featured-image aligncenter\"><a href=\"https:\/\/www.ewigerbund.org\/film\/der-weg-ins-deutsche-kaiserreich-die-klaerung-der-deutschen-frage\/\" aria-label=\"Der Weg ins Deutsche Kaiserreich &#8211; Die Kl\u00e4rung der Deutschen Frage.\"><img loading=\"lazy\" decoding=\"async\" width=\"1024\" height=\"582\" src=\"https:\/\/www.ewigerbund.org\/film\/wp-content\/uploads\/sites\/38\/2023\/01\/EB-Mediathek-DeutscheFrage-1024x582.jpg\" class=\"attachment-large size-large wp-post-image\" alt=\"\" style=\"\" srcset=\"https:\/\/www.ewigerbund.org\/film\/wp-content\/uploads\/sites\/38\/2023\/01\/EB-Mediathek-DeutscheFrage-1024x582.jpg 1024w, https:\/\/www.ewigerbund.org\/film\/wp-content\/uploads\/sites\/38\/2023\/01\/EB-Mediathek-DeutscheFrage-300x171.jpg 300w, https:\/\/www.ewigerbund.org\/film\/wp-content\/uploads\/sites\/38\/2023\/01\/EB-Mediathek-DeutscheFrage-768x437.jpg 768w, https:\/\/www.ewigerbund.org\/film\/wp-content\/uploads\/sites\/38\/2023\/01\/EB-Mediathek-DeutscheFrage-1536x873.jpg 1536w, https:\/\/www.ewigerbund.org\/film\/wp-content\/uploads\/sites\/38\/2023\/01\/EB-Mediathek-DeutscheFrage.jpg 1748w\" sizes=\"auto, (max-width: 1024px) 100vw, 1024px\" \/><\/a><\/div><a class=\"wp-block-latest-posts__post-title\" href=\"https:\/\/www.ewigerbund.org\/film\/der-weg-ins-deutsche-kaiserreich-die-klaerung-der-deutschen-frage\/\">Der Weg ins Deutsche Kaiserreich &#8211; Die Kl\u00e4rung der Deutschen Frage.<\/a><div class=\"wp-block-latest-posts__post-excerpt\">Unsere Situation. Deutsch und frei k\u00f6nnen wir sein. Was wir bisher gelernt haben, f\u00fchrt unweigerlich zur Deutschen Frage, und das f\u00fchrt unweigerlich ins Deutsche Kaiserreich. &#8230; <a title=\"Der Weg ins Deutsche Kaiserreich &#8211; Die Kl\u00e4rung der Deutschen Frage.\" class=\"read-more\" href=\"https:\/\/www.ewigerbund.org\/film\/der-weg-ins-deutsche-kaiserreich-die-klaerung-der-deutschen-frage\/\" aria-label=\"Mehr zu Der Weg ins Deutsche Kaiserreich &#8211; Die Kl\u00e4rung der Deutschen Frage.\">Weiterlesen &#8230;<\/a><\/div><\/li>\n<li><div class=\"wp-block-latest-posts__featured-image aligncenter\"><a href=\"https:\/\/www.ewigerbund.org\/film\/an-die-deutsche-nation\/\" aria-label=\"An die deutsche Nation.\"><img loading=\"lazy\" decoding=\"async\" width=\"1024\" height=\"582\" src=\"https:\/\/www.ewigerbund.org\/film\/wp-content\/uploads\/sites\/38\/2023\/01\/EB-Mediathek-AnDieDeutscheNation-1-1024x582.jpg\" class=\"attachment-large size-large wp-post-image\" alt=\"\" style=\"\" srcset=\"https:\/\/www.ewigerbund.org\/film\/wp-content\/uploads\/sites\/38\/2023\/01\/EB-Mediathek-AnDieDeutscheNation-1-1024x582.jpg 1024w, https:\/\/www.ewigerbund.org\/film\/wp-content\/uploads\/sites\/38\/2023\/01\/EB-Mediathek-AnDieDeutscheNation-1-300x171.jpg 300w, https:\/\/www.ewigerbund.org\/film\/wp-content\/uploads\/sites\/38\/2023\/01\/EB-Mediathek-AnDieDeutscheNation-1-768x437.jpg 768w, https:\/\/www.ewigerbund.org\/film\/wp-content\/uploads\/sites\/38\/2023\/01\/EB-Mediathek-AnDieDeutscheNation-1-1536x873.jpg 1536w, https:\/\/www.ewigerbund.org\/film\/wp-content\/uploads\/sites\/38\/2023\/01\/EB-Mediathek-AnDieDeutscheNation-1.jpg 1748w\" sizes=\"auto, (max-width: 1024px) 100vw, 1024px\" \/><\/a><\/div><a class=\"wp-block-latest-posts__post-title\" href=\"https:\/\/www.ewigerbund.org\/film\/an-die-deutsche-nation\/\">An die deutsche Nation.<\/a><div class=\"wp-block-latest-posts__post-excerpt\">Die Unterzeichner in ihrer Eigenschaft als gesetzliche Deutsche1 erkl\u00e4ren an unsere deutschen Br\u00fcder und Schwestern, was wir gepr\u00fcft haben und f\u00fcr wahr erkennen: Handlungsunf\u00e4higer Staat.Der &#8230; <a title=\"An die deutsche Nation.\" class=\"read-more\" href=\"https:\/\/www.ewigerbund.org\/film\/an-die-deutsche-nation\/\" aria-label=\"Mehr zu An die deutsche Nation.\">Weiterlesen &#8230;<\/a><\/div><\/li>\n<\/ul>\n\n\n<div style=\"height:40px\" aria-hidden=\"true\" id=\"Holschuld\" class=\"wp-block-spacer\"><\/div>\n\n\n\n<h2 class=\"wp-block-heading\">BONUS. <\/h2>\n\n\n\n<p>Wie soll es weitergehen? Wir zeigen Dir den L\u00f6sungsweg. <\/p>\n\n\n\n<div class=\"wp-block-columns cat-box-border-rot is-layout-flex wp-container-core-columns-is-layout-1 wp-block-columns-is-layout-flex\">\n<div class=\"wp-block-column is-vertically-aligned-center is-layout-flow wp-block-column-is-layout-flow\">\n<figure class=\"wp-block-image size-full\"><img loading=\"lazy\" decoding=\"async\" width=\"750\" height=\"350\" src=\"https:\/\/www.ewigerbund.org\/film\/wp-content\/uploads\/sites\/38\/2023\/02\/EB-Mediathek-VHD-Loesung_v.jpg\" alt=\"\" class=\"wp-image-2274\" srcset=\"https:\/\/www.ewigerbund.org\/film\/wp-content\/uploads\/sites\/38\/2023\/02\/EB-Mediathek-VHD-Loesung_v.jpg 750w, https:\/\/www.ewigerbund.org\/film\/wp-content\/uploads\/sites\/38\/2023\/02\/EB-Mediathek-VHD-Loesung_v-300x140.jpg 300w\" sizes=\"auto, (max-width: 750px) 100vw, 750px\" \/><\/figure>\n<\/div>\n\n\n\n<div class=\"wp-block-column is-vertically-aligned-center is-layout-flow wp-block-column-is-layout-flow\"><div class=\"gb-container gb-container-3081f942\"><div class=\"gb-inside-container\">\n\n<h3 class=\"gb-headline gb-headline-50a67876 gb-headline-text\">Der vaterl\u00e4ndische Hilfsdienst und die L\u00f6sung der deutschen Frage.<\/h3>\n\n\n<div class=\"gb-button-wrapper gb-button-wrapper-50689fc2\">\n\n<a class=\"gb-button gb-button-f04d1a20\" href=\"https:\/\/www.ewigerbund.org\/film\/der-vaterlaendische-hilfsdienst-und-die-loesung-der-deutschen-frage\/\"><span class=\"gb-icon\"><svg aria-hidden=\"true\" role=\"img\" height=\"1em\" width=\"1em\" viewBox=\"0 0 576 512\" xmlns=\"http:\/\/www.w3.org\/2000\/svg\"><path fill=\"currentColor\" d=\"M549.655 124.083c-6.281-23.65-24.787-42.276-48.284-48.597C458.781 64 288 64 288 64S117.22 64 74.629 75.486c-23.497 6.322-42.003 24.947-48.284 48.597-11.412 42.867-11.412 132.305-11.412 132.305s0 89.438 11.412 132.305c6.281 23.65 24.787 41.5 48.284 47.821C117.22 448 288 448 288 448s170.78 0 213.371-11.486c23.497-6.321 42.003-24.171 48.284-47.821 11.412-42.867 11.412-132.305 11.412-132.305s0-89.438-11.412-132.305zm-317.51 213.508V175.185l142.739 81.205-142.739 81.201z\"><\/path><\/svg><\/span><span class=\"gb-button-text\">Bonusfilm ansehen.<\/span><\/a>\n\n<\/div>\n<\/div><\/div><\/div>\n<\/div>\n\n\n\n<div style=\"height:50px\" aria-hidden=\"true\" class=\"wp-block-spacer\"><\/div>\n","protected":false},"excerpt":{"rendered":"<p>Drei Vortr\u00e4ge als Augen\u00f6ffner. BONUS. Wie soll es weitergehen? Wir zeigen Dir den L\u00f6sungsweg. Der vaterl\u00e4ndische Hilfsdienst und die L\u00f6sung der deutschen Frage.<\/p>\n","protected":false},"author":16,"featured_media":843,"parent":1864,"menu_order":0,"comment_status":"closed","ping_status":"closed","template":"template-6-beide-seitenleiste.php","meta":{"footnotes":""},"categories":[8],"tags":[],"class_list":["post-808","page","type-page","status-publish","has-post-thumbnail","hentry","category-die-wichtigste-triologie-deines-lebens"],"yoast_head":"<!-- This site is optimized with the Yoast SEO plugin v23.1 - https:\/\/yoast.com\/wordpress\/plugins\/seo\/ -->\n<title>Die wichtigste Trilogie deines Lebens. | Ewiger Bund.<\/title>\n<meta name=\"description\" content=\"Videoarchiv - Wissen vom ewigen Bund. Die wichtigste Trilogie deines Lebens und die L\u00f6sung der deutschen Frage.\" \/>\n<meta name=\"robots\" content=\"index, follow, max-snippet:-1, max-image-preview:large, max-video-preview:-1\" \/>\n<link rel=\"canonical\" href=\"https:\/\/www.ewigerbund.org\/film\/filmothek\/trilogie\/\" \/>\n<meta property=\"og:locale\" content=\"de_DE\" \/>\n<meta property=\"og:type\" content=\"article\" \/>\n<meta property=\"og:title\" content=\"Die wichtigste Trilogie deines Lebens. | Ewiger Bund.\" \/>\n<meta property=\"og:description\" content=\"Videoarchiv - Wissen vom ewigen Bund. Die wichtigste Trilogie deines Lebens und die L\u00f6sung der deutschen Frage.\" \/>\n<meta property=\"og:url\" content=\"https:\/\/www.ewigerbund.org\/film\/filmothek\/trilogie\/\" \/>\n<meta property=\"og:site_name\" content=\"Mediathek.\" \/>\n<meta property=\"article:modified_time\" content=\"2026-03-06T13:37:55+00:00\" \/>\n<meta property=\"og:image\" content=\"https:\/\/www.ewigerbund.org\/film\/wp-content\/uploads\/sites\/38\/2022\/05\/K640_Thumbnail-TrilogieDeinesLebens.jpg\" \/>\n\t<meta property=\"og:image:width\" content=\"853\" \/>\n\t<meta property=\"og:image:height\" content=\"480\" \/>\n\t<meta property=\"og:image:type\" content=\"image\/jpeg\" \/>\n<meta name=\"twitter:card\" content=\"summary_large_image\" \/>\n<meta name=\"twitter:label1\" content=\"Gesch\u00e4tzte Lesezeit\" \/>\n\t<meta name=\"twitter:data1\" content=\"1\u00a0Minute\" \/>\n<script type=\"application\/ld+json\" class=\"yoast-schema-graph\">{\"@context\":\"https:\/\/schema.org\",\"@graph\":[{\"@type\":\"WebPage\",\"@id\":\"https:\/\/www.ewigerbund.org\/film\/filmothek\/trilogie\/\",\"url\":\"https:\/\/www.ewigerbund.org\/film\/filmothek\/trilogie\/\",\"name\":\"Die wichtigste Trilogie deines Lebens. | Ewiger Bund.\",\"isPartOf\":{\"@id\":\"https:\/\/www.ewigerbund.org\/film\/#website\"},\"primaryImageOfPage\":{\"@id\":\"https:\/\/www.ewigerbund.org\/film\/filmothek\/trilogie\/#primaryimage\"},\"image\":{\"@id\":\"https:\/\/www.ewigerbund.org\/film\/filmothek\/trilogie\/#primaryimage\"},\"thumbnailUrl\":\"https:\/\/www.ewigerbund.org\/film\/wp-content\/uploads\/sites\/38\/2022\/05\/K640_Thumbnail-TrilogieDeinesLebens.jpg\",\"datePublished\":\"2021-09-25T10:23:23+00:00\",\"dateModified\":\"2026-03-06T13:37:55+00:00\",\"description\":\"Videoarchiv - Wissen vom ewigen Bund. Die wichtigste Trilogie deines Lebens und die L\u00f6sung der deutschen Frage.\",\"breadcrumb\":{\"@id\":\"https:\/\/www.ewigerbund.org\/film\/filmothek\/trilogie\/#breadcrumb\"},\"inLanguage\":\"de\",\"potentialAction\":[{\"@type\":\"ReadAction\",\"target\":[\"https:\/\/www.ewigerbund.org\/film\/filmothek\/trilogie\/\"]}]},{\"@type\":\"ImageObject\",\"inLanguage\":\"de\",\"@id\":\"https:\/\/www.ewigerbund.org\/film\/filmothek\/trilogie\/#primaryimage\",\"url\":\"https:\/\/www.ewigerbund.org\/film\/wp-content\/uploads\/sites\/38\/2022\/05\/K640_Thumbnail-TrilogieDeinesLebens.jpg\",\"contentUrl\":\"https:\/\/www.ewigerbund.org\/film\/wp-content\/uploads\/sites\/38\/2022\/05\/K640_Thumbnail-TrilogieDeinesLebens.jpg\",\"width\":853,\"height\":480},{\"@type\":\"BreadcrumbList\",\"@id\":\"https:\/\/www.ewigerbund.org\/film\/filmothek\/trilogie\/#breadcrumb\",\"itemListElement\":[{\"@type\":\"ListItem\",\"position\":1,\"name\":\"Startseite\",\"item\":\"https:\/\/www.ewigerbund.org\/film\/\"},{\"@type\":\"ListItem\",\"position\":2,\"name\":\"Filmothek.\",\"item\":\"https:\/\/www.ewigerbund.org\/film\/filmothek\/\"},{\"@type\":\"ListItem\",\"position\":3,\"name\":\"Die wichtigste Trilogie deines Lebens.\"}]},{\"@type\":\"WebSite\",\"@id\":\"https:\/\/www.ewigerbund.org\/film\/#website\",\"url\":\"https:\/\/www.ewigerbund.org\/film\/\",\"name\":\"Mediathek.\",\"description\":\"Verfassungsb\u00fcndnis der deutschen Einzelstaaten.\",\"publisher\":{\"@id\":\"https:\/\/www.ewigerbund.org\/film\/#organization\"},\"potentialAction\":[{\"@type\":\"SearchAction\",\"target\":{\"@type\":\"EntryPoint\",\"urlTemplate\":\"https:\/\/www.ewigerbund.org\/film\/?s={search_term_string}\"},\"query-input\":\"required name=search_term_string\"}],\"inLanguage\":\"de\"},{\"@type\":\"Organization\",\"@id\":\"https:\/\/www.ewigerbund.org\/film\/#organization\",\"name\":\"Mediathek.\",\"url\":\"https:\/\/www.ewigerbund.org\/film\/\",\"logo\":{\"@type\":\"ImageObject\",\"inLanguage\":\"de\",\"@id\":\"https:\/\/www.ewigerbund.org\/film\/#\/schema\/logo\/image\/\",\"url\":\"https:\/\/www.ewigerbund.org\/film\/wp-content\/uploads\/sites\/38\/2022\/11\/2022-09-20-Logo-EB_Schutzzone_V4_Transparent.png\",\"contentUrl\":\"https:\/\/www.ewigerbund.org\/film\/wp-content\/uploads\/sites\/38\/2022\/11\/2022-09-20-Logo-EB_Schutzzone_V4_Transparent.png\",\"width\":2000,\"height\":1982,\"caption\":\"Mediathek.\"},\"image\":{\"@id\":\"https:\/\/www.ewigerbund.org\/film\/#\/schema\/logo\/image\/\"}}]}<\/script>\n<!-- \/ Yoast SEO plugin. -->","yoast_head_json":{"title":"Die wichtigste Trilogie deines Lebens. | Ewiger Bund.","description":"Videoarchiv - Wissen vom ewigen Bund. Die wichtigste Trilogie deines Lebens und die L\u00f6sung der deutschen Frage.","robots":{"index":"index","follow":"follow","max-snippet":"max-snippet:-1","max-image-preview":"max-image-preview:large","max-video-preview":"max-video-preview:-1"},"canonical":"https:\/\/www.ewigerbund.org\/film\/filmothek\/trilogie\/","og_locale":"de_DE","og_type":"article","og_title":"Die wichtigste Trilogie deines Lebens. | Ewiger Bund.","og_description":"Videoarchiv - Wissen vom ewigen Bund. Die wichtigste Trilogie deines Lebens und die L\u00f6sung der deutschen Frage.","og_url":"https:\/\/www.ewigerbund.org\/film\/filmothek\/trilogie\/","og_site_name":"Mediathek.","article_modified_time":"2026-03-06T13:37:55+00:00","og_image":[{"width":853,"height":480,"url":"https:\/\/www.ewigerbund.org\/film\/wp-content\/uploads\/sites\/38\/2022\/05\/K640_Thumbnail-TrilogieDeinesLebens.jpg","type":"image\/jpeg"}],"twitter_card":"summary_large_image","twitter_misc":{"Gesch\u00e4tzte Lesezeit":"1\u00a0Minute"},"schema":{"@context":"https:\/\/schema.org","@graph":[{"@type":"WebPage","@id":"https:\/\/www.ewigerbund.org\/film\/filmothek\/trilogie\/","url":"https:\/\/www.ewigerbund.org\/film\/filmothek\/trilogie\/","name":"Die wichtigste Trilogie deines Lebens. | Ewiger Bund.","isPartOf":{"@id":"https:\/\/www.ewigerbund.org\/film\/#website"},"primaryImageOfPage":{"@id":"https:\/\/www.ewigerbund.org\/film\/filmothek\/trilogie\/#primaryimage"},"image":{"@id":"https:\/\/www.ewigerbund.org\/film\/filmothek\/trilogie\/#primaryimage"},"thumbnailUrl":"https:\/\/www.ewigerbund.org\/film\/wp-content\/uploads\/sites\/38\/2022\/05\/K640_Thumbnail-TrilogieDeinesLebens.jpg","datePublished":"2021-09-25T10:23:23+00:00","dateModified":"2026-03-06T13:37:55+00:00","description":"Videoarchiv - Wissen vom ewigen Bund. Die wichtigste Trilogie deines Lebens und die L\u00f6sung der deutschen Frage.","breadcrumb":{"@id":"https:\/\/www.ewigerbund.org\/film\/filmothek\/trilogie\/#breadcrumb"},"inLanguage":"de","potentialAction":[{"@type":"ReadAction","target":["https:\/\/www.ewigerbund.org\/film\/filmothek\/trilogie\/"]}]},{"@type":"ImageObject","inLanguage":"de","@id":"https:\/\/www.ewigerbund.org\/film\/filmothek\/trilogie\/#primaryimage","url":"https:\/\/www.ewigerbund.org\/film\/wp-content\/uploads\/sites\/38\/2022\/05\/K640_Thumbnail-TrilogieDeinesLebens.jpg","contentUrl":"https:\/\/www.ewigerbund.org\/film\/wp-content\/uploads\/sites\/38\/2022\/05\/K640_Thumbnail-TrilogieDeinesLebens.jpg","width":853,"height":480},{"@type":"BreadcrumbList","@id":"https:\/\/www.ewigerbund.org\/film\/filmothek\/trilogie\/#breadcrumb","itemListElement":[{"@type":"ListItem","position":1,"name":"Startseite","item":"https:\/\/www.ewigerbund.org\/film\/"},{"@type":"ListItem","position":2,"name":"Filmothek.","item":"https:\/\/www.ewigerbund.org\/film\/filmothek\/"},{"@type":"ListItem","position":3,"name":"Die wichtigste Trilogie deines Lebens."}]},{"@type":"WebSite","@id":"https:\/\/www.ewigerbund.org\/film\/#website","url":"https:\/\/www.ewigerbund.org\/film\/","name":"Mediathek.","description":"Verfassungsb\u00fcndnis der deutschen Einzelstaaten.","publisher":{"@id":"https:\/\/www.ewigerbund.org\/film\/#organization"},"potentialAction":[{"@type":"SearchAction","target":{"@type":"EntryPoint","urlTemplate":"https:\/\/www.ewigerbund.org\/film\/?s={search_term_string}"},"query-input":"required name=search_term_string"}],"inLanguage":"de"},{"@type":"Organization","@id":"https:\/\/www.ewigerbund.org\/film\/#organization","name":"Mediathek.","url":"https:\/\/www.ewigerbund.org\/film\/","logo":{"@type":"ImageObject","inLanguage":"de","@id":"https:\/\/www.ewigerbund.org\/film\/#\/schema\/logo\/image\/","url":"https:\/\/www.ewigerbund.org\/film\/wp-content\/uploads\/sites\/38\/2022\/11\/2022-09-20-Logo-EB_Schutzzone_V4_Transparent.png","contentUrl":"https:\/\/www.ewigerbund.org\/film\/wp-content\/uploads\/sites\/38\/2022\/11\/2022-09-20-Logo-EB_Schutzzone_V4_Transparent.png","width":2000,"height":1982,"caption":"Mediathek."},"image":{"@id":"https:\/\/www.ewigerbund.org\/film\/#\/schema\/logo\/image\/"}}]}},"_links":{"self":[{"href":"https:\/\/www.ewigerbund.org\/film\/wp-json\/wp\/v2\/pages\/808","targetHints":{"allow":["GET"]}}],"collection":[{"href":"https:\/\/www.ewigerbund.org\/film\/wp-json\/wp\/v2\/pages"}],"about":[{"href":"https:\/\/www.ewigerbund.org\/film\/wp-json\/wp\/v2\/types\/page"}],"author":[{"embeddable":true,"href":"https:\/\/www.ewigerbund.org\/film\/wp-json\/wp\/v2\/users\/16"}],"replies":[{"embeddable":true,"href":"https:\/\/www.ewigerbund.org\/film\/wp-json\/wp\/v2\/comments?post=808"}],"version-history":[{"count":80,"href":"https:\/\/www.ewigerbund.org\/film\/wp-json\/wp\/v2\/pages\/808\/revisions"}],"predecessor-version":[{"id":3452,"href":"https:\/\/www.ewigerbund.org\/film\/wp-json\/wp\/v2\/pages\/808\/revisions\/3452"}],"up":[{"embeddable":true,"href":"https:\/\/www.ewigerbund.org\/film\/wp-json\/wp\/v2\/pages\/1864"}],"wp:featuredmedia":[{"embeddable":true,"href":"https:\/\/www.ewigerbund.org\/film\/wp-json\/wp\/v2\/media\/843"}],"wp:attachment":[{"href":"https:\/\/www.ewigerbund.org\/film\/wp-json\/wp\/v2\/media?parent=808"}],"wp:term":[{"taxonomy":"category","embeddable":true,"href":"https:\/\/www.ewigerbund.org\/film\/wp-json\/wp\/v2\/categories?post=808"},{"taxonomy":"post_tag","embeddable":true,"href":"https:\/\/www.ewigerbund.org\/film\/wp-json\/wp\/v2\/tags?post=808"}],"curies":[{"name":"wp","href":"https:\/\/api.w.org\/{rel}","templated":true}]}}