{"id":806,"date":"2021-09-25T12:20:46","date_gmt":"2021-09-25T10:20:46","guid":{"rendered":"https:\/\/wissen.ewigerbund.org\/?page_id=806"},"modified":"2024-01-28T08:12:04","modified_gmt":"2024-01-28T07:12:04","slug":"briefe-friedrichs-des-grossen","status":"publish","type":"page","link":"https:\/\/www.ewigerbund.org\/film\/filmothek\/briefe-friedrichs-des-grossen\/","title":{"rendered":"Briefe Friedrichs des Gro\u00dfen."},"content":{"rendered":"\n<h2 class=\"wp-block-heading\">Friedrich II. Preu\u00dfischer K\u00f6nig von 1712 bis 1786.<\/h2>\n\n\n\n<p><\/p>\n\n\n\n<div class=\"wp-block-columns is-layout-flex wp-container-core-columns-is-layout-1 wp-block-columns-is-layout-flex\">\n<div class=\"wp-block-column cat-box-border is-layout-flow wp-block-column-is-layout-flow\">\n<figure class=\"wp-block-embed is-type-video is-provider-vimeo wp-block-embed-vimeo wp-embed-aspect-16-9 wp-has-aspect-ratio\"><div class=\"wp-block-embed__wrapper\">\n<iframe loading=\"lazy\" src=\"https:\/\/player.vimeo.com\/video\/482027401?h=40cecabf75&amp;dnt=1&amp;app_id=122963\" width=\"500\" height=\"281\" frameborder=\"0\" allow=\"autoplay; fullscreen; picture-in-picture; clipboard-write\"><\/iframe>\n<\/div><\/figure>\n\n\n\n<h3 class=\"wp-block-heading\">Brief 1. An den Kardinal von Sinzendorf.<\/h3>\n\n\n\n<p>Der K\u00f6nig an den Kardinal von Sinzendorf, Bischof von Breslau Hauptquartier Neunz, am 29. Oktober 1742, Seite 141.<\/p>\n<\/div>\n\n\n\n<div class=\"wp-block-column cat-box-border is-layout-flow wp-block-column-is-layout-flow\">\n<figure class=\"wp-block-embed is-type-video is-provider-vimeo wp-block-embed-vimeo wp-embed-aspect-16-9 wp-has-aspect-ratio\"><div class=\"wp-block-embed__wrapper\">\n<iframe loading=\"lazy\" src=\"https:\/\/player.vimeo.com\/video\/482027511?h=c03399228a&amp;dnt=1&amp;app_id=122963\" width=\"500\" height=\"281\" frameborder=\"0\" allow=\"autoplay; fullscreen; picture-in-picture; clipboard-write\"><\/iframe>\n<\/div><\/figure>\n\n\n\n<h3 class=\"wp-block-heading\">Brief 2. An den Herzog Karl Eugen von W\u00fcrttemberg.<\/h3>\n\n\n\n<p>Der K\u00f6nig an den Herzog Karl Eugen von W\u00fcrttemberg, Potsdam, am 6. Februar 1744, Seite 156.<\/p>\n<\/div>\n\n\n\n<div class=\"wp-block-column cat-box-border is-layout-flow wp-block-column-is-layout-flow\">\n<figure class=\"wp-block-embed is-type-video is-provider-vimeo wp-block-embed-vimeo wp-embed-aspect-16-9 wp-has-aspect-ratio\"><div class=\"wp-block-embed__wrapper\">\n<iframe loading=\"lazy\" src=\"https:\/\/player.vimeo.com\/video\/482027690?h=ce3881f4ce&amp;dnt=1&amp;app_id=122963\" width=\"500\" height=\"281\" frameborder=\"0\" allow=\"autoplay; fullscreen; picture-in-picture; clipboard-write\"><\/iframe>\n<\/div><\/figure>\n\n\n\n<h3 class=\"wp-block-heading\">Brief 3. An Earl Marschal.<\/h3>\n\n\n\n<p>Der K\u00f6nig an seinen franz\u00f6sischen Minister-Residenten Earl Marischal, Berlin, am 23. Oktober 1753, Seite 256.<\/p>\n<\/div>\n<\/div>\n\n\n\n<div class=\"wp-block-columns is-layout-flex wp-container-core-columns-is-layout-2 wp-block-columns-is-layout-flex\">\n<div class=\"wp-block-column cat-box-border is-layout-flow wp-block-column-is-layout-flow\">\n<figure class=\"wp-block-embed is-type-video is-provider-vimeo wp-block-embed-vimeo wp-embed-aspect-16-9 wp-has-aspect-ratio\"><div class=\"wp-block-embed__wrapper\">\n<iframe loading=\"lazy\" src=\"https:\/\/player.vimeo.com\/video\/482027923?h=4718f43315&amp;dnt=1&amp;app_id=122963\" width=\"500\" height=\"281\" frameborder=\"0\" allow=\"autoplay; fullscreen; picture-in-picture; clipboard-write\"><\/iframe>\n<\/div><\/figure>\n\n\n\n<h3 class=\"wp-block-heading\">Brief 4. An Pitt Kunzendorf. <\/h3>\n\n\n\n<p>Der K\u00f6nig an den Minister Pitt, Kunzendorf, Berlin, 3. Juli 1761, Seite 372.<\/p>\n<\/div>\n\n\n\n<div class=\"wp-block-column cat-box-border is-layout-flow wp-block-column-is-layout-flow\">\n<figure class=\"wp-block-embed is-type-video is-provider-vimeo wp-block-embed-vimeo wp-embed-aspect-16-9 wp-has-aspect-ratio\"><div class=\"wp-block-embed__wrapper\">\n<iframe loading=\"lazy\" src=\"https:\/\/player.vimeo.com\/video\/482028094?h=092af2f064&amp;dnt=1&amp;app_id=122963\" width=\"500\" height=\"281\" frameborder=\"0\" allow=\"autoplay; fullscreen; picture-in-picture; clipboard-write\"><\/iframe>\n<\/div><\/figure>\n\n\n\n<h3 class=\"wp-block-heading\">Brief 5. An Voltaire. <\/h3>\n\n\n\n<p class=\"wp-embed-aspect-16-9 wp-has-aspect-ratio\">Der K\u00f6nig an Voltaire, 11. Oktober 1777, Seite 458.<\/p>\n<\/div>\n\n\n\n<div class=\"wp-block-column is-layout-flow wp-block-column-is-layout-flow\"><\/div>\n<\/div>\n\n\n\n<hr class=\"wp-block-separator has-alpha-channel-opacity is-style-dots\"\/>\n\n\n\n<p class=\"gb-headline gb-headline-af1bcb1f gb-headline-text\"><strong>Quellenangabe und Verweise.<\/strong><\/p>\n\n\n\n<p class=\"has-small-font-size\">Aus: Der K\u00f6nig. Friedrich der Grosse in seinen Briefen und Erlassen, sowie in zeitgen\u00f6ssischen Briefen, Berichten und Anekdoten.<br>Verlag Wilhelm Langewiesche-Brandt, Ebenhausen-M\u00fcnchen und Leipzig, erschienen 1917.<\/p>\n","protected":false},"excerpt":{"rendered":"<p>Friedrich II. Preu\u00dfischer K\u00f6nig von 1712 bis 1786. Brief 1. An den Kardinal von Sinzendorf. Der K\u00f6nig an den Kardinal von Sinzendorf, Bischof von Breslau Hauptquartier Neunz, am 29. Oktober 1742, Seite 141. Brief 2. An den Herzog Karl Eugen von W\u00fcrttemberg. Der K\u00f6nig an den Herzog Karl Eugen von W\u00fcrttemberg, Potsdam, am 6. Februar &#8230; <a title=\"Briefe Friedrichs des Gro\u00dfen.\" class=\"read-more\" href=\"https:\/\/www.ewigerbund.org\/film\/filmothek\/briefe-friedrichs-des-grossen\/\" aria-label=\"Mehr zu Briefe Friedrichs des Gro\u00dfen.\">Weiterlesen &#8230;<\/a><\/p>\n","protected":false},"author":16,"featured_media":1957,"parent":1864,"menu_order":0,"comment_status":"closed","ping_status":"closed","template":"","meta":{"footnotes":""},"categories":[10],"tags":[],"class_list":["post-806","page","type-page","status-publish","has-post-thumbnail","hentry","category-friedrich-der-grosse-briefe"],"yoast_head":"<!-- This site is optimized with the Yoast SEO plugin v23.1 - https:\/\/yoast.com\/wordpress\/plugins\/seo\/ -->\n<title>Briefe Friedrichs des Gro\u00dfen. | Ewiger Bund.<\/title>\n<meta name=\"description\" content=\"Die Briefe Friedrichs des Gro\u00dfen waren es uns wert, ein kleines H\u00f6rspiel daraus zu machen. H\u00f6re zu, was der gro\u00dfe K\u00f6nig einst schrieb.\" \/>\n<meta name=\"robots\" content=\"index, follow, max-snippet:-1, max-image-preview:large, max-video-preview:-1\" \/>\n<link rel=\"canonical\" href=\"https:\/\/www.ewigerbund.org\/film\/filmothek\/briefe-friedrichs-des-grossen\/\" \/>\n<meta property=\"og:locale\" content=\"de_DE\" \/>\n<meta property=\"og:type\" content=\"article\" \/>\n<meta property=\"og:title\" content=\"Briefe Friedrichs des Gro\u00dfen. | Ewiger Bund.\" \/>\n<meta property=\"og:description\" content=\"Die Briefe Friedrichs des Gro\u00dfen waren es uns wert, ein kleines H\u00f6rspiel daraus zu machen. H\u00f6re zu, was der gro\u00dfe K\u00f6nig einst schrieb.\" \/>\n<meta property=\"og:url\" content=\"https:\/\/www.ewigerbund.org\/film\/filmothek\/briefe-friedrichs-des-grossen\/\" \/>\n<meta property=\"og:site_name\" content=\"Mediathek.\" \/>\n<meta property=\"article:modified_time\" content=\"2024-01-28T07:12:04+00:00\" \/>\n<meta property=\"og:image\" content=\"https:\/\/www.ewigerbund.org\/film\/wp-content\/uploads\/sites\/38\/2022\/05\/EB-Mediathek-BriefeFreidrich.jpg\" \/>\n\t<meta property=\"og:image:width\" content=\"1748\" \/>\n\t<meta property=\"og:image:height\" content=\"994\" \/>\n\t<meta property=\"og:image:type\" content=\"image\/jpeg\" \/>\n<meta name=\"twitter:card\" content=\"summary_large_image\" \/>\n<meta name=\"twitter:label1\" content=\"Gesch\u00e4tzte Lesezeit\" \/>\n\t<meta name=\"twitter:data1\" content=\"1\u00a0Minute\" \/>\n<script type=\"application\/ld+json\" class=\"yoast-schema-graph\">{\"@context\":\"https:\/\/schema.org\",\"@graph\":[{\"@type\":\"WebPage\",\"@id\":\"https:\/\/www.ewigerbund.org\/film\/filmothek\/briefe-friedrichs-des-grossen\/\",\"url\":\"https:\/\/www.ewigerbund.org\/film\/filmothek\/briefe-friedrichs-des-grossen\/\",\"name\":\"Briefe Friedrichs des Gro\u00dfen. | Ewiger Bund.\",\"isPartOf\":{\"@id\":\"https:\/\/www.ewigerbund.org\/film\/#website\"},\"primaryImageOfPage\":{\"@id\":\"https:\/\/www.ewigerbund.org\/film\/filmothek\/briefe-friedrichs-des-grossen\/#primaryimage\"},\"image\":{\"@id\":\"https:\/\/www.ewigerbund.org\/film\/filmothek\/briefe-friedrichs-des-grossen\/#primaryimage\"},\"thumbnailUrl\":\"https:\/\/www.ewigerbund.org\/film\/wp-content\/uploads\/sites\/38\/2022\/05\/EB-Mediathek-BriefeFreidrich.jpg\",\"datePublished\":\"2021-09-25T10:20:46+00:00\",\"dateModified\":\"2024-01-28T07:12:04+00:00\",\"description\":\"Die Briefe Friedrichs des Gro\u00dfen waren es uns wert, ein kleines H\u00f6rspiel daraus zu machen. H\u00f6re zu, was der gro\u00dfe K\u00f6nig einst schrieb.\",\"breadcrumb\":{\"@id\":\"https:\/\/www.ewigerbund.org\/film\/filmothek\/briefe-friedrichs-des-grossen\/#breadcrumb\"},\"inLanguage\":\"de\",\"potentialAction\":[{\"@type\":\"ReadAction\",\"target\":[\"https:\/\/www.ewigerbund.org\/film\/filmothek\/briefe-friedrichs-des-grossen\/\"]}]},{\"@type\":\"ImageObject\",\"inLanguage\":\"de\",\"@id\":\"https:\/\/www.ewigerbund.org\/film\/filmothek\/briefe-friedrichs-des-grossen\/#primaryimage\",\"url\":\"https:\/\/www.ewigerbund.org\/film\/wp-content\/uploads\/sites\/38\/2022\/05\/EB-Mediathek-BriefeFreidrich.jpg\",\"contentUrl\":\"https:\/\/www.ewigerbund.org\/film\/wp-content\/uploads\/sites\/38\/2022\/05\/EB-Mediathek-BriefeFreidrich.jpg\",\"width\":1748,\"height\":994},{\"@type\":\"BreadcrumbList\",\"@id\":\"https:\/\/www.ewigerbund.org\/film\/filmothek\/briefe-friedrichs-des-grossen\/#breadcrumb\",\"itemListElement\":[{\"@type\":\"ListItem\",\"position\":1,\"name\":\"Startseite\",\"item\":\"https:\/\/www.ewigerbund.org\/film\/\"},{\"@type\":\"ListItem\",\"position\":2,\"name\":\"Filmothek.\",\"item\":\"https:\/\/www.ewigerbund.org\/film\/filmothek\/\"},{\"@type\":\"ListItem\",\"position\":3,\"name\":\"Briefe Friedrichs des Gro\u00dfen.\"}]},{\"@type\":\"WebSite\",\"@id\":\"https:\/\/www.ewigerbund.org\/film\/#website\",\"url\":\"https:\/\/www.ewigerbund.org\/film\/\",\"name\":\"Mediathek.\",\"description\":\"Verfassungsb\u00fcndnis der deutschen Einzelstaaten.\",\"publisher\":{\"@id\":\"https:\/\/www.ewigerbund.org\/film\/#organization\"},\"potentialAction\":[{\"@type\":\"SearchAction\",\"target\":{\"@type\":\"EntryPoint\",\"urlTemplate\":\"https:\/\/www.ewigerbund.org\/film\/?s={search_term_string}\"},\"query-input\":\"required name=search_term_string\"}],\"inLanguage\":\"de\"},{\"@type\":\"Organization\",\"@id\":\"https:\/\/www.ewigerbund.org\/film\/#organization\",\"name\":\"Mediathek.\",\"url\":\"https:\/\/www.ewigerbund.org\/film\/\",\"logo\":{\"@type\":\"ImageObject\",\"inLanguage\":\"de\",\"@id\":\"https:\/\/www.ewigerbund.org\/film\/#\/schema\/logo\/image\/\",\"url\":\"https:\/\/www.ewigerbund.org\/film\/wp-content\/uploads\/sites\/38\/2022\/11\/2022-09-20-Logo-EB_Schutzzone_V4_Transparent.png\",\"contentUrl\":\"https:\/\/www.ewigerbund.org\/film\/wp-content\/uploads\/sites\/38\/2022\/11\/2022-09-20-Logo-EB_Schutzzone_V4_Transparent.png\",\"width\":2000,\"height\":1982,\"caption\":\"Mediathek.\"},\"image\":{\"@id\":\"https:\/\/www.ewigerbund.org\/film\/#\/schema\/logo\/image\/\"}}]}<\/script>\n<!-- \/ Yoast SEO plugin. -->","yoast_head_json":{"title":"Briefe Friedrichs des Gro\u00dfen. | Ewiger Bund.","description":"Die Briefe Friedrichs des Gro\u00dfen waren es uns wert, ein kleines H\u00f6rspiel daraus zu machen. H\u00f6re zu, was der gro\u00dfe K\u00f6nig einst schrieb.","robots":{"index":"index","follow":"follow","max-snippet":"max-snippet:-1","max-image-preview":"max-image-preview:large","max-video-preview":"max-video-preview:-1"},"canonical":"https:\/\/www.ewigerbund.org\/film\/filmothek\/briefe-friedrichs-des-grossen\/","og_locale":"de_DE","og_type":"article","og_title":"Briefe Friedrichs des Gro\u00dfen. | Ewiger Bund.","og_description":"Die Briefe Friedrichs des Gro\u00dfen waren es uns wert, ein kleines H\u00f6rspiel daraus zu machen. H\u00f6re zu, was der gro\u00dfe K\u00f6nig einst schrieb.","og_url":"https:\/\/www.ewigerbund.org\/film\/filmothek\/briefe-friedrichs-des-grossen\/","og_site_name":"Mediathek.","article_modified_time":"2024-01-28T07:12:04+00:00","og_image":[{"width":1748,"height":994,"url":"https:\/\/www.ewigerbund.org\/film\/wp-content\/uploads\/sites\/38\/2022\/05\/EB-Mediathek-BriefeFreidrich.jpg","type":"image\/jpeg"}],"twitter_card":"summary_large_image","twitter_misc":{"Gesch\u00e4tzte Lesezeit":"1\u00a0Minute"},"schema":{"@context":"https:\/\/schema.org","@graph":[{"@type":"WebPage","@id":"https:\/\/www.ewigerbund.org\/film\/filmothek\/briefe-friedrichs-des-grossen\/","url":"https:\/\/www.ewigerbund.org\/film\/filmothek\/briefe-friedrichs-des-grossen\/","name":"Briefe Friedrichs des Gro\u00dfen. | Ewiger Bund.","isPartOf":{"@id":"https:\/\/www.ewigerbund.org\/film\/#website"},"primaryImageOfPage":{"@id":"https:\/\/www.ewigerbund.org\/film\/filmothek\/briefe-friedrichs-des-grossen\/#primaryimage"},"image":{"@id":"https:\/\/www.ewigerbund.org\/film\/filmothek\/briefe-friedrichs-des-grossen\/#primaryimage"},"thumbnailUrl":"https:\/\/www.ewigerbund.org\/film\/wp-content\/uploads\/sites\/38\/2022\/05\/EB-Mediathek-BriefeFreidrich.jpg","datePublished":"2021-09-25T10:20:46+00:00","dateModified":"2024-01-28T07:12:04+00:00","description":"Die Briefe Friedrichs des Gro\u00dfen waren es uns wert, ein kleines H\u00f6rspiel daraus zu machen. H\u00f6re zu, was der gro\u00dfe K\u00f6nig einst schrieb.","breadcrumb":{"@id":"https:\/\/www.ewigerbund.org\/film\/filmothek\/briefe-friedrichs-des-grossen\/#breadcrumb"},"inLanguage":"de","potentialAction":[{"@type":"ReadAction","target":["https:\/\/www.ewigerbund.org\/film\/filmothek\/briefe-friedrichs-des-grossen\/"]}]},{"@type":"ImageObject","inLanguage":"de","@id":"https:\/\/www.ewigerbund.org\/film\/filmothek\/briefe-friedrichs-des-grossen\/#primaryimage","url":"https:\/\/www.ewigerbund.org\/film\/wp-content\/uploads\/sites\/38\/2022\/05\/EB-Mediathek-BriefeFreidrich.jpg","contentUrl":"https:\/\/www.ewigerbund.org\/film\/wp-content\/uploads\/sites\/38\/2022\/05\/EB-Mediathek-BriefeFreidrich.jpg","width":1748,"height":994},{"@type":"BreadcrumbList","@id":"https:\/\/www.ewigerbund.org\/film\/filmothek\/briefe-friedrichs-des-grossen\/#breadcrumb","itemListElement":[{"@type":"ListItem","position":1,"name":"Startseite","item":"https:\/\/www.ewigerbund.org\/film\/"},{"@type":"ListItem","position":2,"name":"Filmothek.","item":"https:\/\/www.ewigerbund.org\/film\/filmothek\/"},{"@type":"ListItem","position":3,"name":"Briefe Friedrichs des Gro\u00dfen."}]},{"@type":"WebSite","@id":"https:\/\/www.ewigerbund.org\/film\/#website","url":"https:\/\/www.ewigerbund.org\/film\/","name":"Mediathek.","description":"Verfassungsb\u00fcndnis der deutschen Einzelstaaten.","publisher":{"@id":"https:\/\/www.ewigerbund.org\/film\/#organization"},"potentialAction":[{"@type":"SearchAction","target":{"@type":"EntryPoint","urlTemplate":"https:\/\/www.ewigerbund.org\/film\/?s={search_term_string}"},"query-input":"required name=search_term_string"}],"inLanguage":"de"},{"@type":"Organization","@id":"https:\/\/www.ewigerbund.org\/film\/#organization","name":"Mediathek.","url":"https:\/\/www.ewigerbund.org\/film\/","logo":{"@type":"ImageObject","inLanguage":"de","@id":"https:\/\/www.ewigerbund.org\/film\/#\/schema\/logo\/image\/","url":"https:\/\/www.ewigerbund.org\/film\/wp-content\/uploads\/sites\/38\/2022\/11\/2022-09-20-Logo-EB_Schutzzone_V4_Transparent.png","contentUrl":"https:\/\/www.ewigerbund.org\/film\/wp-content\/uploads\/sites\/38\/2022\/11\/2022-09-20-Logo-EB_Schutzzone_V4_Transparent.png","width":2000,"height":1982,"caption":"Mediathek."},"image":{"@id":"https:\/\/www.ewigerbund.org\/film\/#\/schema\/logo\/image\/"}}]}},"_links":{"self":[{"href":"https:\/\/www.ewigerbund.org\/film\/wp-json\/wp\/v2\/pages\/806","targetHints":{"allow":["GET"]}}],"collection":[{"href":"https:\/\/www.ewigerbund.org\/film\/wp-json\/wp\/v2\/pages"}],"about":[{"href":"https:\/\/www.ewigerbund.org\/film\/wp-json\/wp\/v2\/types\/page"}],"author":[{"embeddable":true,"href":"https:\/\/www.ewigerbund.org\/film\/wp-json\/wp\/v2\/users\/16"}],"replies":[{"embeddable":true,"href":"https:\/\/www.ewigerbund.org\/film\/wp-json\/wp\/v2\/comments?post=806"}],"version-history":[{"count":23,"href":"https:\/\/www.ewigerbund.org\/film\/wp-json\/wp\/v2\/pages\/806\/revisions"}],"predecessor-version":[{"id":2135,"href":"https:\/\/www.ewigerbund.org\/film\/wp-json\/wp\/v2\/pages\/806\/revisions\/2135"}],"up":[{"embeddable":true,"href":"https:\/\/www.ewigerbund.org\/film\/wp-json\/wp\/v2\/pages\/1864"}],"wp:featuredmedia":[{"embeddable":true,"href":"https:\/\/www.ewigerbund.org\/film\/wp-json\/wp\/v2\/media\/1957"}],"wp:attachment":[{"href":"https:\/\/www.ewigerbund.org\/film\/wp-json\/wp\/v2\/media?parent=806"}],"wp:term":[{"taxonomy":"category","embeddable":true,"href":"https:\/\/www.ewigerbund.org\/film\/wp-json\/wp\/v2\/categories?post=806"},{"taxonomy":"post_tag","embeddable":true,"href":"https:\/\/www.ewigerbund.org\/film\/wp-json\/wp\/v2\/tags?post=806"}],"curies":[{"name":"wp","href":"https:\/\/api.w.org\/{rel}","templated":true}]}}