{"id":1864,"date":"2023-01-27T15:17:54","date_gmt":"2023-01-27T14:17:54","guid":{"rendered":"https:\/\/www.ewigerbund.org\/film\/?page_id=1864"},"modified":"2025-08-20T12:15:42","modified_gmt":"2025-08-20T10:15:42","slug":"filmothek","status":"publish","type":"page","link":"https:\/\/www.ewigerbund.org\/film\/filmothek\/","title":{"rendered":"Filmothek."},"content":{"rendered":"<div class=\"gb-container gb-container-2b57dce2\"><div class=\"gb-inside-container\">\n\n<h2 class=\"wp-block-heading\">Filme, Dokumentationen und mehr.<\/h2>\n\n\n\n<p>Unsere Filme nehmen Dich mit auf eine fesselnde Reise voller Erkenntnisse. Tauche ein in die historische zeit der Kaiserbl\u00fcte, erkunde aktuelle Geschehnisse oder lasse Dich von der Vielzahl der Themen begeistern. Durch mitrei\u00dfende Erz\u00e4hlungen wecken unsere Filme Deine Neugier und regen auch zum Nachdenken an.<\/p>\n\n\n\n<div style=\"height:20px\" aria-hidden=\"true\" class=\"wp-block-spacer\"><\/div>\n\n\n\n<div class=\"wp-block-columns cat-box-border is-layout-flex wp-container-core-columns-is-layout-1 wp-block-columns-is-layout-flex\">\n<div class=\"wp-block-column is-vertically-aligned-center is-layout-flow wp-block-column-is-layout-flow\">\n<h2 class=\"wp-block-heading has-text-align-center\">&#8222;Heil Dir im Siegerkranz&#8220; zum Mitsingen.<\/h2>\n\n\n\n<p class=\"has-text-align-center\">Wir pr\u00e4sentieren ein vom ewigen Bund produziertes neues Arrangement der deutschen Volkshymne &#8222;Heil dir im Siegerkranz. Angelehnt an den urspr\u00fcnglichen Text wurde die alteehrw\u00fcrdige Art der Melodie epischer der heutigen Zeit angepa\u00dft. Zum Mitsingen, ist der Text im Video unterlegt. <\/p>\n\n\n\n<p class=\"has-text-align-center\"><strong><em>Sing einfach mit.<\/em><\/strong><\/p>\n\n\n\n<p class=\"has-text-align-center\"><a href=\"https:\/\/youtu.be\/7W6QQ-2lzSA\" target=\"_blank\" rel=\"noreferrer noopener\">Auch auf YouTube<\/a>!<\/p>\n<\/div>\n\n\n\n<div class=\"wp-block-column is-vertically-aligned-center is-layout-flow wp-block-column-is-layout-flow\"><div style=\"padding:57% 0 0 0;position:relative;\"><iframe src=\"https:\/\/player.vimeo.com\/video\/1071299061?h=6170b27d95&amp;badge=0&amp;autopause=0&amp;player_id=0&amp;app_id=58479\" allow=\"autoplay; fullscreen; picture-in-picture\" allowfullscreen=\"\" style=\"position:absolute;top:0;left:0;width:100%;height:100%;\" frameborder=\"0\"><\/iframe><\/div><script src=\"https:\/\/player.vimeo.com\/api\/player.js\"><\/script>\n<\/div>\n<\/div>\n\n\n\n<div class=\"wp-block-columns is-layout-flex wp-container-core-columns-is-layout-2 wp-block-columns-is-layout-flex\">\n<div class=\"wp-block-column cat-box-border is-layout-flow wp-block-column-is-layout-flow\">\n<figure class=\"wp-block-image size-full\"><a href=\"https:\/\/www.ewigerbund.org\/film\/trilogie\/\"><img loading=\"lazy\" decoding=\"async\" width=\"750\" height=\"350\" src=\"https:\/\/www.ewigerbund.org\/film\/wp-content\/uploads\/sites\/38\/2023\/01\/EB-Mediathek-Trilogie_v.jpg\" alt=\"\" class=\"wp-image-2018\" srcset=\"https:\/\/www.ewigerbund.org\/film\/wp-content\/uploads\/sites\/38\/2023\/01\/EB-Mediathek-Trilogie_v.jpg 750w, https:\/\/www.ewigerbund.org\/film\/wp-content\/uploads\/sites\/38\/2023\/01\/EB-Mediathek-Trilogie_v-300x140.jpg 300w\" sizes=\"auto, (max-width: 750px) 100vw, 750px\" \/><\/a><\/figure>\n\n\n\n<p class=\"has-text-color\" style=\"color:#e42313\"><strong>Vortr\u00e4ge.<\/strong><\/p>\n\n\n\n<h3 class=\"gb-headline gb-headline-59e545cb gb-headline-text\">Die wichtigste Trilogie Deines Lebens.<\/h3>\n\n\n\n<p><a href=\"https:\/\/www.ewigerbund.org\/film\/trilogie\/\">Vortr\u00e4ge ansehen. \u2192<\/a><\/p>\n<\/div>\n\n\n\n<div class=\"wp-block-column cat-box-border is-layout-flow wp-block-column-is-layout-flow\">\n<figure class=\"wp-block-image size-full\"><a href=\"https:\/\/www.ewigerbund.org\/film\/wissen-ist-eine-holschuld\/\"><img loading=\"lazy\" decoding=\"async\" width=\"750\" height=\"350\" src=\"https:\/\/www.ewigerbund.org\/film\/wp-content\/uploads\/sites\/38\/2023\/01\/EB-Mediathek-WissenIstHolschuld_v.jpg\" alt=\"\" class=\"wp-image-2020\" srcset=\"https:\/\/www.ewigerbund.org\/film\/wp-content\/uploads\/sites\/38\/2023\/01\/EB-Mediathek-WissenIstHolschuld_v.jpg 750w, https:\/\/www.ewigerbund.org\/film\/wp-content\/uploads\/sites\/38\/2023\/01\/EB-Mediathek-WissenIstHolschuld_v-300x140.jpg 300w\" sizes=\"auto, (max-width: 750px) 100vw, 750px\" \/><\/a><\/figure>\n\n\n\n<p class=\"has-text-color\" style=\"color:#e42313\"><strong>Die Serie.<\/strong><\/p>\n\n\n\n<h3 class=\"gb-headline gb-headline-6ead05a0 gb-headline-text\">Die Wissen ist eine Holschuld Reihe.<\/h3>\n\n\n\n<p><a href=\"https:\/\/www.ewigerbund.org\/film\/wissen-ist-eine-holschuld\/\">Wissen holen. \u2192<\/a><\/p>\n<\/div>\n\n\n\n<div class=\"wp-block-column cat-box-border is-layout-flow wp-block-column-is-layout-flow\">\n<figure class=\"wp-block-image size-full\"><a href=\"https:\/\/www.ewigerbund.org\/film\/filme\/\"><img loading=\"lazy\" decoding=\"async\" width=\"750\" height=\"350\" src=\"https:\/\/www.ewigerbund.org\/film\/wp-content\/uploads\/sites\/38\/2023\/01\/EB-Mediathek-Kino_v.jpg\" alt=\"\" class=\"wp-image-2022\" srcset=\"https:\/\/www.ewigerbund.org\/film\/wp-content\/uploads\/sites\/38\/2023\/01\/EB-Mediathek-Kino_v.jpg 750w, https:\/\/www.ewigerbund.org\/film\/wp-content\/uploads\/sites\/38\/2023\/01\/EB-Mediathek-Kino_v-300x140.jpg 300w\" sizes=\"auto, (max-width: 750px) 100vw, 750px\" \/><\/a><\/figure>\n\n\n\n<p class=\"has-text-color\" style=\"color:#e42313\"><strong>Spielfilme.<\/strong><\/p>\n\n\n\n<h3 class=\"gb-headline gb-headline-0150c9a7 gb-headline-text\">Historische Filme und Dokumentationen.<\/h3>\n\n\n\n<p><a href=\"https:\/\/www.ewigerbund.org\/film\/filme\/\">Ab ins Kino. \u2192<\/a><\/p>\n<\/div>\n<\/div>\n\n\n<div class=\"gb-container gb-container-a1a8b632\">\n\n<figure class=\"gb-block-image gb-block-image-83a35bdb\"><a href=\"https:\/\/www.ewigerbund.org\/film\/staatsumsturz-der-film\/\"><img loading=\"lazy\" decoding=\"async\" width=\"1920\" height=\"1080\" class=\"gb-image gb-image-83a35bdb\" src=\"https:\/\/www.ewigerbund.org\/film\/wp-content\/uploads\/sites\/38\/2025\/02\/Film-querformat-1920x1080-1.png\" alt=\"Der Film: Staastumsturz.\" title=\"Film-querformat-1920x1080\" srcset=\"https:\/\/www.ewigerbund.org\/film\/wp-content\/uploads\/sites\/38\/2025\/02\/Film-querformat-1920x1080-1.png 1920w, https:\/\/www.ewigerbund.org\/film\/wp-content\/uploads\/sites\/38\/2025\/02\/Film-querformat-1920x1080-1-300x169.png 300w, https:\/\/www.ewigerbund.org\/film\/wp-content\/uploads\/sites\/38\/2025\/02\/Film-querformat-1920x1080-1-1024x576.png 1024w, https:\/\/www.ewigerbund.org\/film\/wp-content\/uploads\/sites\/38\/2025\/02\/Film-querformat-1920x1080-1-768x432.png 768w, https:\/\/www.ewigerbund.org\/film\/wp-content\/uploads\/sites\/38\/2025\/02\/Film-querformat-1920x1080-1-1536x864.png 1536w\" sizes=\"auto, (max-width: 1920px) 100vw, 1920px\" \/><\/a><\/figure>\n\n<\/div>\n\n\n<div style=\"height:20px\" aria-hidden=\"true\" class=\"wp-block-spacer\"><\/div>\n\n\n<div class=\"gb-container gb-container-604730e0\"><div class=\"gb-inside-container\">\n\n<div class=\"wp-block-columns is-layout-flex wp-container-core-columns-is-layout-3 wp-block-columns-is-layout-flex\">\n<div class=\"wp-block-column cat-box-border is-layout-flow wp-block-column-is-layout-flow\">\n<figure class=\"wp-block-image size-full\"><a href=\"https:\/\/www.ewigerbund.org\/film\/filmothek\/reportagen-und-dokumentationen\/\"><img loading=\"lazy\" decoding=\"async\" width=\"750\" height=\"350\" src=\"https:\/\/www.ewigerbund.org\/film\/wp-content\/uploads\/sites\/38\/2024\/09\/EB-reportagen_v.jpg\" alt=\"\" class=\"wp-image-3176\" srcset=\"https:\/\/www.ewigerbund.org\/film\/wp-content\/uploads\/sites\/38\/2024\/09\/EB-reportagen_v.jpg 750w, https:\/\/www.ewigerbund.org\/film\/wp-content\/uploads\/sites\/38\/2024\/09\/EB-reportagen_v-300x140.jpg 300w\" sizes=\"auto, (max-width: 750px) 100vw, 750px\" \/><\/a><\/figure>\n\n\n\n<p class=\"has-text-color\" style=\"color:#e42313\"><strong>Reportagen und Dokumentationen.<\/strong><\/p>\n\n\n\n<h3 class=\"gb-headline gb-headline-244b503a gb-headline-text\">Geschichten und Erz\u00e4hlungen in Filmen dokumentiert.<\/h3>\n\n\n\n<p><a href=\"https:\/\/www.ewigerbund.org\/film\/filmothek\/reportagen-und-dokumentationen\/\">Erfahrungen sammeln. \u2192<\/a><\/p>\n<\/div>\n\n\n\n<div class=\"wp-block-column cat-box-border is-layout-flow wp-block-column-is-layout-flow\">\n<figure class=\"wp-block-image size-full\"><a href=\"https:\/\/www.ewigerbund.org\/film\/briefe-friedrichs-des-grossen\/\"><img loading=\"lazy\" decoding=\"async\" width=\"750\" height=\"350\" src=\"https:\/\/www.ewigerbund.org\/film\/wp-content\/uploads\/sites\/38\/2022\/05\/EB-Mediathek-BriefeFreidrich_v.jpg\" alt=\"\" class=\"wp-image-1956\" srcset=\"https:\/\/www.ewigerbund.org\/film\/wp-content\/uploads\/sites\/38\/2022\/05\/EB-Mediathek-BriefeFreidrich_v.jpg 750w, https:\/\/www.ewigerbund.org\/film\/wp-content\/uploads\/sites\/38\/2022\/05\/EB-Mediathek-BriefeFreidrich_v-300x140.jpg 300w\" sizes=\"auto, (max-width: 750px) 100vw, 750px\" \/><\/a><\/figure>\n\n\n\n<p class=\"has-text-color\" style=\"color:#e42313\"><strong>H\u00f6rspiele.<\/strong><\/p>\n\n\n\n<h3 class=\"gb-headline gb-headline-f5d69040 gb-headline-text\">Vorgelesene Werke mit Bildern untermalt.<\/h3>\n\n\n\n<p><a href=\"https:\/\/www.ewigerbund.org\/film\/briefe-friedrichs-des-grossen\/\">Zu den H\u00f6rspielen. \u2192<\/a><\/p>\n<\/div>\n\n\n\n<div class=\"wp-block-column cat-box-border has-background is-layout-flow wp-block-column-is-layout-flow\" style=\"background-color:#155d13\">\n<figure class=\"wp-block-image size-full\"><a href=\"https:\/\/staatsbibliothek.ewigerbund.org\/viewer\/index\/\" target=\"_blank\" rel=\"noreferrer noopener\"><img loading=\"lazy\" decoding=\"async\" width=\"750\" height=\"350\" src=\"https:\/\/www.ewigerbund.org\/film\/wp-content\/uploads\/sites\/38\/2023\/09\/EB-Mediathek-Stabi_v.jpg\" alt=\"Digitale Staatsbibliothek des ewigen Bundes\" class=\"wp-image-2956\" srcset=\"https:\/\/www.ewigerbund.org\/film\/wp-content\/uploads\/sites\/38\/2023\/09\/EB-Mediathek-Stabi_v.jpg 750w, https:\/\/www.ewigerbund.org\/film\/wp-content\/uploads\/sites\/38\/2023\/09\/EB-Mediathek-Stabi_v-300x140.jpg 300w\" sizes=\"auto, (max-width: 750px) 100vw, 750px\" \/><\/a><\/figure>\n\n\n\n<p class=\"has-white-color has-text-color\"><strong>Bibliothek.<\/strong><\/p>\n\n\n\n<h3 class=\"gb-headline gb-headline-7d236656 gb-headline-text\">Literatur aller Bundesstaaten ist in der digitalen Staatsbibliothek zu finden.<\/h3>\n\n\n\n<p class=\"has-white-color has-text-color has-link-color wp-elements-e90b508ef260378547e47332ad61e4ed\"><a href=\"https:\/\/staatsbibliothek.ewigerbund.org\/\" target=\"_blank\" rel=\"noreferrer noopener\">F\u00fcr Leseratten. \u2192<\/a><\/p>\n<\/div>\n<\/div>\n\n\n\n<div style=\"height:40px\" aria-hidden=\"true\" class=\"wp-block-spacer\"><\/div>\n\n<\/div><\/div>\n\n\n<h2 class=\"wp-block-heading\">Wahre Begebenheiten.<\/h2>\n\n\n\n<p>In der Filmothek findest Du alle Videos, welche bisher durch den ewigen Bund produziert wurden. Die bekannte Serie &#8222;Wissen ist eine Holschuld&#8220; hat vielen geholfen, den Einstieg in das Thema Kaiserreich zu verstehen und auf den Weg zum ewigen Bund zu leiten. Freue dich auf Wissenswertes, was Du in den Medien so nicht finden wirst.<\/p>\n\n\n\n<div style=\"height:100px\" aria-hidden=\"true\" class=\"wp-block-spacer\"><\/div>\n\n<\/div><\/div>","protected":false},"excerpt":{"rendered":"<p>Filme, Dokumentationen und mehr. Unsere Filme nehmen Dich mit auf eine fesselnde Reise voller Erkenntnisse. Tauche ein in die historische zeit der Kaiserbl\u00fcte, erkunde aktuelle Geschehnisse oder lasse Dich von der Vielzahl der Themen begeistern. Durch mitrei\u00dfende Erz\u00e4hlungen wecken unsere Filme Deine Neugier und regen auch zum Nachdenken an. &#8222;Heil Dir im Siegerkranz&#8220; zum Mitsingen. &#8230; <a title=\"Filmothek.\" class=\"read-more\" href=\"https:\/\/www.ewigerbund.org\/film\/filmothek\/\" aria-label=\"Mehr zu Filmothek.\">Weiterlesen &#8230;<\/a><\/p>\n","protected":false},"author":8,"featured_media":2125,"parent":0,"menu_order":0,"comment_status":"closed","ping_status":"closed","template":"","meta":{"footnotes":""},"categories":[36],"tags":[],"class_list":["post-1864","page","type-page","status-publish","has-post-thumbnail","hentry","category-filmothek"],"yoast_head":"<!-- This site is optimized with the Yoast SEO plugin v23.1 - https:\/\/yoast.com\/wordpress\/plugins\/seo\/ -->\n<title>Filmothek. | Ewiger Bund.<\/title>\n<meta name=\"description\" content=\"In der Filmothek vom ewigen Bund stehen interessante Kinofilme, die bekannte Reihe &quot;Wissen ist eine Holschuld&quot;, Vortr\u00e4ge u.v.m. bereit.\" \/>\n<meta name=\"robots\" content=\"index, follow, max-snippet:-1, max-image-preview:large, max-video-preview:-1\" \/>\n<link rel=\"canonical\" href=\"https:\/\/www.ewigerbund.org\/film\/filmothek\/\" \/>\n<meta property=\"og:locale\" content=\"de_DE\" \/>\n<meta property=\"og:type\" content=\"article\" \/>\n<meta property=\"og:title\" content=\"Filmothek. | Ewiger Bund.\" \/>\n<meta property=\"og:description\" content=\"Die Mediathek des ewigen Bundes ist eine Sammlung aller Videos, interessante Filme, Vortr\u00e4ge, H\u00f6rb\u00fccher, Drucksachen und vieles mehr.\" \/>\n<meta property=\"og:url\" content=\"https:\/\/www.ewigerbund.org\/film\/filmothek\/\" \/>\n<meta property=\"og:site_name\" content=\"Mediathek.\" \/>\n<meta property=\"article:modified_time\" content=\"2025-08-20T10:15:42+00:00\" \/>\n<meta property=\"og:image\" content=\"https:\/\/www.ewigerbund.org\/film\/wp-content\/uploads\/sites\/38\/2023\/01\/Kat-filmothek.jpg\" \/>\n\t<meta property=\"og:image:width\" content=\"1748\" \/>\n\t<meta property=\"og:image:height\" content=\"994\" \/>\n\t<meta property=\"og:image:type\" content=\"image\/jpeg\" \/>\n<meta name=\"twitter:card\" content=\"summary_large_image\" \/>\n<meta name=\"twitter:description\" content=\"Die Mediathek des ewigen Bundes ist eine Sammlung aller Videos, interessante Filme, Vortr\u00e4ge, H\u00f6rb\u00fccher, Drucksachen und vieles mehr.\" \/>\n<meta name=\"twitter:label1\" content=\"Gesch\u00e4tzte Lesezeit\" \/>\n\t<meta name=\"twitter:data1\" content=\"3\u00a0Minuten\" \/>\n<script type=\"application\/ld+json\" class=\"yoast-schema-graph\">{\"@context\":\"https:\/\/schema.org\",\"@graph\":[{\"@type\":\"WebPage\",\"@id\":\"https:\/\/www.ewigerbund.org\/film\/filmothek\/\",\"url\":\"https:\/\/www.ewigerbund.org\/film\/filmothek\/\",\"name\":\"Filmothek. | Ewiger Bund.\",\"isPartOf\":{\"@id\":\"https:\/\/www.ewigerbund.org\/film\/#website\"},\"primaryImageOfPage\":{\"@id\":\"https:\/\/www.ewigerbund.org\/film\/filmothek\/#primaryimage\"},\"image\":{\"@id\":\"https:\/\/www.ewigerbund.org\/film\/filmothek\/#primaryimage\"},\"thumbnailUrl\":\"https:\/\/www.ewigerbund.org\/film\/wp-content\/uploads\/sites\/38\/2023\/01\/Kat-filmothek.jpg\",\"datePublished\":\"2023-01-27T14:17:54+00:00\",\"dateModified\":\"2025-08-20T10:15:42+00:00\",\"description\":\"In der Filmothek vom ewigen Bund stehen interessante Kinofilme, die bekannte Reihe \\\"Wissen ist eine Holschuld\\\", Vortr\u00e4ge u.v.m. bereit.\",\"breadcrumb\":{\"@id\":\"https:\/\/www.ewigerbund.org\/film\/filmothek\/#breadcrumb\"},\"inLanguage\":\"de\",\"potentialAction\":[{\"@type\":\"ReadAction\",\"target\":[\"https:\/\/www.ewigerbund.org\/film\/filmothek\/\"]}]},{\"@type\":\"ImageObject\",\"inLanguage\":\"de\",\"@id\":\"https:\/\/www.ewigerbund.org\/film\/filmothek\/#primaryimage\",\"url\":\"https:\/\/www.ewigerbund.org\/film\/wp-content\/uploads\/sites\/38\/2023\/01\/Kat-filmothek.jpg\",\"contentUrl\":\"https:\/\/www.ewigerbund.org\/film\/wp-content\/uploads\/sites\/38\/2023\/01\/Kat-filmothek.jpg\",\"width\":1748,\"height\":994},{\"@type\":\"BreadcrumbList\",\"@id\":\"https:\/\/www.ewigerbund.org\/film\/filmothek\/#breadcrumb\",\"itemListElement\":[{\"@type\":\"ListItem\",\"position\":1,\"name\":\"Startseite\",\"item\":\"https:\/\/www.ewigerbund.org\/film\/\"},{\"@type\":\"ListItem\",\"position\":2,\"name\":\"Filmothek.\"}]},{\"@type\":\"WebSite\",\"@id\":\"https:\/\/www.ewigerbund.org\/film\/#website\",\"url\":\"https:\/\/www.ewigerbund.org\/film\/\",\"name\":\"Mediathek.\",\"description\":\"Verfassungsb\u00fcndnis der deutschen Einzelstaaten.\",\"publisher\":{\"@id\":\"https:\/\/www.ewigerbund.org\/film\/#organization\"},\"potentialAction\":[{\"@type\":\"SearchAction\",\"target\":{\"@type\":\"EntryPoint\",\"urlTemplate\":\"https:\/\/www.ewigerbund.org\/film\/?s={search_term_string}\"},\"query-input\":\"required name=search_term_string\"}],\"inLanguage\":\"de\"},{\"@type\":\"Organization\",\"@id\":\"https:\/\/www.ewigerbund.org\/film\/#organization\",\"name\":\"Mediathek.\",\"url\":\"https:\/\/www.ewigerbund.org\/film\/\",\"logo\":{\"@type\":\"ImageObject\",\"inLanguage\":\"de\",\"@id\":\"https:\/\/www.ewigerbund.org\/film\/#\/schema\/logo\/image\/\",\"url\":\"https:\/\/www.ewigerbund.org\/film\/wp-content\/uploads\/sites\/38\/2022\/11\/2022-09-20-Logo-EB_Schutzzone_V4_Transparent.png\",\"contentUrl\":\"https:\/\/www.ewigerbund.org\/film\/wp-content\/uploads\/sites\/38\/2022\/11\/2022-09-20-Logo-EB_Schutzzone_V4_Transparent.png\",\"width\":2000,\"height\":1982,\"caption\":\"Mediathek.\"},\"image\":{\"@id\":\"https:\/\/www.ewigerbund.org\/film\/#\/schema\/logo\/image\/\"}}]}<\/script>\n<!-- \/ Yoast SEO plugin. -->","yoast_head_json":{"title":"Filmothek. | Ewiger Bund.","description":"In der Filmothek vom ewigen Bund stehen interessante Kinofilme, die bekannte Reihe \"Wissen ist eine Holschuld\", Vortr\u00e4ge u.v.m. bereit.","robots":{"index":"index","follow":"follow","max-snippet":"max-snippet:-1","max-image-preview":"max-image-preview:large","max-video-preview":"max-video-preview:-1"},"canonical":"https:\/\/www.ewigerbund.org\/film\/filmothek\/","og_locale":"de_DE","og_type":"article","og_title":"Filmothek. | Ewiger Bund.","og_description":"Die Mediathek des ewigen Bundes ist eine Sammlung aller Videos, interessante Filme, Vortr\u00e4ge, H\u00f6rb\u00fccher, Drucksachen und vieles mehr.","og_url":"https:\/\/www.ewigerbund.org\/film\/filmothek\/","og_site_name":"Mediathek.","article_modified_time":"2025-08-20T10:15:42+00:00","og_image":[{"width":1748,"height":994,"url":"https:\/\/www.ewigerbund.org\/film\/wp-content\/uploads\/sites\/38\/2023\/01\/Kat-filmothek.jpg","type":"image\/jpeg"}],"twitter_card":"summary_large_image","twitter_description":"Die Mediathek des ewigen Bundes ist eine Sammlung aller Videos, interessante Filme, Vortr\u00e4ge, H\u00f6rb\u00fccher, Drucksachen und vieles mehr.","twitter_misc":{"Gesch\u00e4tzte Lesezeit":"3\u00a0Minuten"},"schema":{"@context":"https:\/\/schema.org","@graph":[{"@type":"WebPage","@id":"https:\/\/www.ewigerbund.org\/film\/filmothek\/","url":"https:\/\/www.ewigerbund.org\/film\/filmothek\/","name":"Filmothek. | Ewiger Bund.","isPartOf":{"@id":"https:\/\/www.ewigerbund.org\/film\/#website"},"primaryImageOfPage":{"@id":"https:\/\/www.ewigerbund.org\/film\/filmothek\/#primaryimage"},"image":{"@id":"https:\/\/www.ewigerbund.org\/film\/filmothek\/#primaryimage"},"thumbnailUrl":"https:\/\/www.ewigerbund.org\/film\/wp-content\/uploads\/sites\/38\/2023\/01\/Kat-filmothek.jpg","datePublished":"2023-01-27T14:17:54+00:00","dateModified":"2025-08-20T10:15:42+00:00","description":"In der Filmothek vom ewigen Bund stehen interessante Kinofilme, die bekannte Reihe \"Wissen ist eine Holschuld\", Vortr\u00e4ge u.v.m. bereit.","breadcrumb":{"@id":"https:\/\/www.ewigerbund.org\/film\/filmothek\/#breadcrumb"},"inLanguage":"de","potentialAction":[{"@type":"ReadAction","target":["https:\/\/www.ewigerbund.org\/film\/filmothek\/"]}]},{"@type":"ImageObject","inLanguage":"de","@id":"https:\/\/www.ewigerbund.org\/film\/filmothek\/#primaryimage","url":"https:\/\/www.ewigerbund.org\/film\/wp-content\/uploads\/sites\/38\/2023\/01\/Kat-filmothek.jpg","contentUrl":"https:\/\/www.ewigerbund.org\/film\/wp-content\/uploads\/sites\/38\/2023\/01\/Kat-filmothek.jpg","width":1748,"height":994},{"@type":"BreadcrumbList","@id":"https:\/\/www.ewigerbund.org\/film\/filmothek\/#breadcrumb","itemListElement":[{"@type":"ListItem","position":1,"name":"Startseite","item":"https:\/\/www.ewigerbund.org\/film\/"},{"@type":"ListItem","position":2,"name":"Filmothek."}]},{"@type":"WebSite","@id":"https:\/\/www.ewigerbund.org\/film\/#website","url":"https:\/\/www.ewigerbund.org\/film\/","name":"Mediathek.","description":"Verfassungsb\u00fcndnis der deutschen Einzelstaaten.","publisher":{"@id":"https:\/\/www.ewigerbund.org\/film\/#organization"},"potentialAction":[{"@type":"SearchAction","target":{"@type":"EntryPoint","urlTemplate":"https:\/\/www.ewigerbund.org\/film\/?s={search_term_string}"},"query-input":"required name=search_term_string"}],"inLanguage":"de"},{"@type":"Organization","@id":"https:\/\/www.ewigerbund.org\/film\/#organization","name":"Mediathek.","url":"https:\/\/www.ewigerbund.org\/film\/","logo":{"@type":"ImageObject","inLanguage":"de","@id":"https:\/\/www.ewigerbund.org\/film\/#\/schema\/logo\/image\/","url":"https:\/\/www.ewigerbund.org\/film\/wp-content\/uploads\/sites\/38\/2022\/11\/2022-09-20-Logo-EB_Schutzzone_V4_Transparent.png","contentUrl":"https:\/\/www.ewigerbund.org\/film\/wp-content\/uploads\/sites\/38\/2022\/11\/2022-09-20-Logo-EB_Schutzzone_V4_Transparent.png","width":2000,"height":1982,"caption":"Mediathek."},"image":{"@id":"https:\/\/www.ewigerbund.org\/film\/#\/schema\/logo\/image\/"}}]}},"_links":{"self":[{"href":"https:\/\/www.ewigerbund.org\/film\/wp-json\/wp\/v2\/pages\/1864","targetHints":{"allow":["GET"]}}],"collection":[{"href":"https:\/\/www.ewigerbund.org\/film\/wp-json\/wp\/v2\/pages"}],"about":[{"href":"https:\/\/www.ewigerbund.org\/film\/wp-json\/wp\/v2\/types\/page"}],"author":[{"embeddable":true,"href":"https:\/\/www.ewigerbund.org\/film\/wp-json\/wp\/v2\/users\/8"}],"replies":[{"embeddable":true,"href":"https:\/\/www.ewigerbund.org\/film\/wp-json\/wp\/v2\/comments?post=1864"}],"version-history":[{"count":71,"href":"https:\/\/www.ewigerbund.org\/film\/wp-json\/wp\/v2\/pages\/1864\/revisions"}],"predecessor-version":[{"id":3430,"href":"https:\/\/www.ewigerbund.org\/film\/wp-json\/wp\/v2\/pages\/1864\/revisions\/3430"}],"wp:featuredmedia":[{"embeddable":true,"href":"https:\/\/www.ewigerbund.org\/film\/wp-json\/wp\/v2\/media\/2125"}],"wp:attachment":[{"href":"https:\/\/www.ewigerbund.org\/film\/wp-json\/wp\/v2\/media?parent=1864"}],"wp:term":[{"taxonomy":"category","embeddable":true,"href":"https:\/\/www.ewigerbund.org\/film\/wp-json\/wp\/v2\/categories?post=1864"},{"taxonomy":"post_tag","embeddable":true,"href":"https:\/\/www.ewigerbund.org\/film\/wp-json\/wp\/v2\/tags?post=1864"}],"curies":[{"name":"wp","href":"https:\/\/api.w.org\/{rel}","templated":true}]}}