{"id":1274,"date":"2023-01-05T11:12:22","date_gmt":"2023-01-05T10:12:22","guid":{"rendered":"https:\/\/www.ewigerbund.org\/eb\/?page_id=1274"},"modified":"2024-10-22T15:44:55","modified_gmt":"2024-10-22T13:44:55","slug":"volkserfassung","status":"publish","type":"page","link":"https:\/\/www.ewigerbund.org\/eb\/volkserfassung\/","title":{"rendered":"Volkserfassung."},"content":{"rendered":"\n<p>Um V\u00f6lkerrecht geltend zu machen, bedarf es eines Volkes. Doch wo befindet sich dieses Volk oder besser gesagt:<\/p>\n\n\n\n<p>Wo sind die Deutschen?<\/p>\n\n\n\n<p>Unsere Altvorderen haben uns ein wahrhaftiges Erbe hinterlassen.<\/p>\n\n\n\n<blockquote class=\"wp-block-quote zitat-style is-layout-flow wp-block-quote-is-layout-flow\">\n<p>\u201eEin fundamentaler Akt der Reichsgesetzgebung war die Verabschiedung des Reichs- und Staatsangeh\u00f6rigkeitsgesetzes vom 22. Juli 1913 (RGBl. 583), es gab dem Staatsangeh\u00f6rigkeitsverh\u00e4ltnis einen erheblich verst\u00e4rkten Rechtsschutz. \u201e<\/p>\n<cite>&#8211; Huber, Dt. Verfassungsgeschichte seit 1789, Band 4, Seite 328.<\/cite><\/blockquote>\n\n\n\n<p>Mit Inkrafttreten dieses Gesetzes am 1. Januar 1914 wurden die Staatsangeh\u00f6rigen als Rechtssubjekt \u201eDeutscher&#8220; normiert. Innerhalb dessen gilt der Grundsatz ius sanguinis &#8211; Recht des Blutes. Die Deutschen haben das Recht und die Freiheit auf ewig vererbt bekommen. So lange noch ein deutsches Kind deutsches Blut innehat, so lange existiert der ewige Bund.<\/p>\n\n\n\n<p>Der ewige Bund ist bem\u00fcht, auf Grundlage des Freiz\u00fcgigkeitsgesetzes von 1867 die Deutschen zu erfassen. Dort hei\u00dft es, \u201e\u2026 hat auf Verlangen seine Bundesangeh\u00f6rigkeit \u2026 nachzuweisen.\u201c F\u00fcr den Nachweis der Bundesangeh\u00f6rigkeit gen\u00fcgt u. a. lt. dem Staatsrechtler <a href=\"https:\/\/bibliothek.ewigerbund.org\/?rcno_review=die-reichsverfassungsurkunde-vom-16-april-1871-und-die-wichtigsten-administrativgesetze-des-deutschen-reichs-1871\">Emil Riedel<\/a> die Glaubhaftmachung der Staatsangeh\u00f6rigkeit.<\/p>\n\n\n<div class=\"gb-container gb-container-b6ca0ffd\"><div class=\"gb-inside-container\">\n\n<div class=\"wp-block-columns are-vertically-aligned-center cat-box-border-mittelgrau is-layout-flex wp-container-core-columns-is-layout-1 wp-block-columns-is-layout-flex\">\n<div class=\"wp-block-column is-vertically-aligned-center is-layout-flow wp-block-column-is-layout-flow\"><div class=\"wp-block-image\">\n<figure class=\"aligncenter size-large\"><img decoding=\"async\" src=\"https:\/\/www.ewigerbund.org\/verfassungsrecht\/wp-content\/uploads\/sites\/10\/2023\/02\/EB-Staatsang-DeutscherIst_v.jpg\" alt=\"\"\/><\/figure><\/div><\/div>\n\n\n\n<div class=\"wp-block-column is-vertically-aligned-center is-layout-flow wp-block-column-is-layout-flow\">\n<p class=\"gb-headline gb-headline-2d592f11 gb-headline-text cat-box-titel\">Mehr erfahren.<\/p>\n\n\n<div class=\"gb-button-wrapper gb-button-wrapper-da97c365\">\n\n<a class=\"gb-button gb-button-d9ed5479 gb-button-text\" href=\"https:\/\/www.ewigerbund.org\/verfassungsrecht\/staatsangehoerigkeit\/nachweise\/\">RuStAG Nachweis.<\/a>\n\n<\/div><\/div>\n<\/div>\n\n<\/div><\/div>\n\n\n<div style=\"height:10px\" aria-hidden=\"true\" class=\"wp-block-spacer\"><\/div>\n\n\n\n<h2 class=\"wp-block-heading\"> Was ist eigentlich der DEUTSCH und was ist das deutsche Volk?<\/h2>\n\n\n\n<p>Durch die Manipulation der Deutschen von au\u00dfen und innen wurde es m\u00f6glich, da\u00df sich die Deutschen aus Unwissenheit zum DEUTSCH machen lie\u00dfen.<\/p>\n\n\n\n<p>Die Deutschen und das \u201edeutsche Volk\u201c existieren NUR und AUSSCHLIE\u00dfLICH im Rahmen des Deutschen Reiches mit der Verfassung aus dem Jahre 1871. Ein Blick auf die aktuelle Berichterstattung zeigt deutlich, da\u00df nirgends die Rede vom deutschen Volk (gem\u00e4\u00df RuStAG 1913) ist, sondern nur von der Bev\u00f6lkerung und diese wird im vereinten Wirtschaftsgebiet als \u201eDEUTSCH\u201c bezeichnet (siehe BRD-Personalausweis, Punkt <a href=\"https:\/\/www.ewigerbund.org\/verfassungsrecht\/staatsangehoerigkeit\/\">Staatsangeh\u00f6rigkeit<\/a>).<\/p>\n\n\n\n<h2 class=\"wp-block-heading\">Die L\u00f6sung.<\/h2>\n\n\n\n<p>Doch was ist nun dieser DEUTSCH? Ist DEUTSCH ein Staat?<\/p>\n\n\n\n<p>Nein! Der DEUTSCH ist ein entrechteter Deutscher, dem dies nicht bewu\u00dft ist. Und was ist ein Deutscher?<\/p>\n\n\n\n<p>Das wird ganz klar im RuStAG 1913 geregelt:<\/p>\n\n\n\n<blockquote class=\"wp-block-quote zitat-style is-layout-flow wp-block-quote-is-layout-flow\">\n<p>\u201eDeutscher ist, wer die Staatsangeh\u00f6rigkeit in einem Bundesstaat (\u00a7\u00a7 3 bis 32) oder die unmittelbare Reichsangeh\u00f6rigkeit (\u00a7\u00a7 33 bis 35) besitzt.\u201c<\/p>\n<cite>&#8211; Erster Abschnitt. Allgemeine Vorschriften. \u00a7 1.<\/cite><\/blockquote>\n\n\n\n<p>Den Reichstag und die Landtage w\u00e4hlen und f\u00fcr viele weitere Aufgaben k\u00f6nnen nur die Deutschen \u00fcbernehmen. Darum m\u00fc\u00dfen die Deutschen um unsere staatliche deutsche Verwaltung wieder aufzubauen, das RuStAG (Reichs- und Staatsangeh\u00f6rigkeitsgesetz von 1913) verstehen und anwenden. Deutsche sammelt und vereint euch!<\/p>\n\n\n\n<h2 class=\"wp-block-heading\">Meldung!<\/h2>\n\n\n\n<p>Nun ist es an jedem Einzelnen zu entscheiden, ob er und seine Nachkommen weiter fremdverwaltet und ausgebeutet werden sollen oder ob wir Deutschen nach \u00fcber 100 Jahren unser Schicksal endlich wieder in die eigenen H\u00e4nde nehmen und dadurch nicht mehr den Entzug von Privilegien f\u00fcrchten m\u00fcssen, sondern unsere garantierten Rechte genie\u00dfen k\u00f6nnen.<\/p>\n\n\n\n<p>Grundvoraussetzung f\u00fcr das Geltendmachen dieser Rechte f\u00fcr Deutsche ist der Abstammungsnachweis, also der Nachweis \u00fcber die Staatsangeh\u00f6rigkeit in einem deutschen Bundesstaat, und die Erfassung durch die im Aufbau befindliche deutsche Verwaltung.<\/p>\n\n\n<div class=\"gb-container gb-container-ffc3801c cat-box-border-hellgrau\"><div class=\"gb-inside-container\">\n\n<p class=\"gb-headline gb-headline-fbdf82dd\"><span class=\"gb-icon\"><svg aria-hidden=\"true\" role=\"img\" height=\"1em\" width=\"1em\" viewBox=\"0 0 512 512\" xmlns=\"http:\/\/www.w3.org\/2000\/svg\"><path fill=\"currentColor\" d=\"M256 8C119 8 8 119 8 256s111 248 248 248 248-111 248-248S393 8 256 8zm144 276c0 6.6-5.4 12-12 12h-92v92c0 6.6-5.4 12-12 12h-56c-6.6 0-12-5.4-12-12v-92h-92c-6.6 0-12-5.4-12-12v-56c0-6.6 5.4-12 12-12h92v-92c0-6.6 5.4-12 12-12h56c6.6 0 12 5.4 12 12v92h92c6.6 0 12 5.4 12 12v56z\"><\/path><\/svg><\/span><span class=\"gb-headline-text\">Jetzt melden und erfassen lassen!<\/span><\/p>\n\n\n<div class=\"gb-button-wrapper gb-button-wrapper-d96dfa88\">\n\n<a class=\"gb-button gb-button-39fc8476 gb-button-text\" href=\"https:\/\/meldung.ewigerbund.org\/meldung\/\" target=\"_blank\" rel=\"noopener noreferrer\">Zum Meldeformular.<\/a>\n\n<\/div>\n<\/div><\/div>\n\n\n<p>Es sei darauf hingewiesen, da\u00df im Moment nur Deutsche erfasst werden k\u00f6nnen. Wer seine deutsche Staatsangeh\u00f6rigkeit (noch) nicht nachweisen kann, ist unabh\u00e4ngig davon aufgerufen, sich beim vaterl\u00e4ndischen Hilfsdienst zur aktiven Mitarbeit melden.<\/p>\n\n\n\n<div style=\"height:30px\" aria-hidden=\"true\" class=\"wp-block-spacer\"><\/div>\n","protected":false},"excerpt":{"rendered":"<p>Um V\u00f6lkerrecht geltend zu machen, bedarf es eines Volkes. Doch wo befindet sich dieses Volk oder besser gesagt: Wo sind die Deutschen? Unsere Altvorderen haben uns ein wahrhaftiges Erbe hinterlassen. \u201eEin fundamentaler Akt der Reichsgesetzgebung war die Verabschiedung des Reichs- und Staatsangeh\u00f6rigkeitsgesetzes vom 22. Juli 1913 (RGBl. 583), es gab dem Staatsangeh\u00f6rigkeitsverh\u00e4ltnis einen erheblich verst\u00e4rkten [&hellip;]<\/p>\n","protected":false},"author":8,"featured_media":3205,"parent":0,"menu_order":0,"comment_status":"closed","ping_status":"closed","template":"template-6-beide-seitenleiste.php","meta":{"footnotes":""},"categories":[14],"tags":[],"class_list":["post-1274","page","type-page","status-publish","has-post-thumbnail","hentry","category-der-ewige-bund"],"yoast_head":"<!-- This site is optimized with the Yoast SEO plugin v23.1 - https:\/\/yoast.com\/wordpress\/plugins\/seo\/ -->\n<title>Volkserfassung. | Ewiger Bund.<\/title>\n<meta name=\"description\" content=\"Um V\u00f6lkerrecht geltend zu machen, bedarf es eines Volkes. Doch wo ist das deutsche Volk? Wir sammeln das deutsche Volk ein. Komm einfach mit!\" \/>\n<meta name=\"robots\" content=\"index, follow, max-snippet:-1, max-image-preview:large, max-video-preview:-1\" \/>\n<link rel=\"canonical\" href=\"https:\/\/www.ewigerbund.org\/eb\/volkserfassung\/\" \/>\n<meta property=\"og:locale\" content=\"de_DE\" \/>\n<meta property=\"og:type\" content=\"article\" \/>\n<meta property=\"og:title\" content=\"Volkserfassung. | Ewiger Bund.\" \/>\n<meta property=\"og:description\" content=\"Um V\u00f6lkerrecht geltend zu machen, bedarf es eines Volkes. Doch wo ist das deutsche Volk? Wir sammeln das deutsche Volk ein. Komm einfach mit!\" \/>\n<meta property=\"og:url\" content=\"https:\/\/www.ewigerbund.org\/eb\/volkserfassung\/\" \/>\n<meta property=\"og:site_name\" content=\"Der ewige Bund.\" \/>\n<meta property=\"article:modified_time\" content=\"2024-10-22T13:44:55+00:00\" \/>\n<meta property=\"og:image\" content=\"https:\/\/www.ewigerbund.org\/eb\/wp-content\/uploads\/sites\/42\/2024\/10\/eb-ewiger-bund-volkserfassung.jpg\" \/>\n\t<meta property=\"og:image:width\" content=\"1748\" \/>\n\t<meta property=\"og:image:height\" content=\"994\" \/>\n\t<meta property=\"og:image:type\" content=\"image\/jpeg\" \/>\n<meta name=\"twitter:card\" content=\"summary_large_image\" \/>\n<meta name=\"twitter:label1\" content=\"Gesch\u00e4tzte Lesezeit\" \/>\n\t<meta name=\"twitter:data1\" content=\"3\u00a0Minuten\" \/>\n<script type=\"application\/ld+json\" class=\"yoast-schema-graph\">{\"@context\":\"https:\/\/schema.org\",\"@graph\":[{\"@type\":\"WebPage\",\"@id\":\"https:\/\/www.ewigerbund.org\/eb\/volkserfassung\/\",\"url\":\"https:\/\/www.ewigerbund.org\/eb\/volkserfassung\/\",\"name\":\"Volkserfassung. | Ewiger Bund.\",\"isPartOf\":{\"@id\":\"https:\/\/www.ewigerbund.org\/eb\/#website\"},\"primaryImageOfPage\":{\"@id\":\"https:\/\/www.ewigerbund.org\/eb\/volkserfassung\/#primaryimage\"},\"image\":{\"@id\":\"https:\/\/www.ewigerbund.org\/eb\/volkserfassung\/#primaryimage\"},\"thumbnailUrl\":\"https:\/\/www.ewigerbund.org\/eb\/wp-content\/uploads\/sites\/42\/2024\/10\/eb-ewiger-bund-volkserfassung.jpg\",\"datePublished\":\"2023-01-05T10:12:22+00:00\",\"dateModified\":\"2024-10-22T13:44:55+00:00\",\"description\":\"Um V\u00f6lkerrecht geltend zu machen, bedarf es eines Volkes. Doch wo ist das deutsche Volk? Wir sammeln das deutsche Volk ein. Komm einfach mit!\",\"breadcrumb\":{\"@id\":\"https:\/\/www.ewigerbund.org\/eb\/volkserfassung\/#breadcrumb\"},\"inLanguage\":\"de\",\"potentialAction\":[{\"@type\":\"ReadAction\",\"target\":[\"https:\/\/www.ewigerbund.org\/eb\/volkserfassung\/\"]}]},{\"@type\":\"ImageObject\",\"inLanguage\":\"de\",\"@id\":\"https:\/\/www.ewigerbund.org\/eb\/volkserfassung\/#primaryimage\",\"url\":\"https:\/\/www.ewigerbund.org\/eb\/wp-content\/uploads\/sites\/42\/2024\/10\/eb-ewiger-bund-volkserfassung.jpg\",\"contentUrl\":\"https:\/\/www.ewigerbund.org\/eb\/wp-content\/uploads\/sites\/42\/2024\/10\/eb-ewiger-bund-volkserfassung.jpg\",\"width\":1748,\"height\":994,\"caption\":\"Ewiger Bund Volkserfassung\"},{\"@type\":\"BreadcrumbList\",\"@id\":\"https:\/\/www.ewigerbund.org\/eb\/volkserfassung\/#breadcrumb\",\"itemListElement\":[{\"@type\":\"ListItem\",\"position\":1,\"name\":\"Startseite\",\"item\":\"https:\/\/www.ewigerbund.org\/eb\/\"},{\"@type\":\"ListItem\",\"position\":2,\"name\":\"Volkserfassung.\"}]},{\"@type\":\"WebSite\",\"@id\":\"https:\/\/www.ewigerbund.org\/eb\/#website\",\"url\":\"https:\/\/www.ewigerbund.org\/eb\/\",\"name\":\"Der ewige Bund.\",\"description\":\"Verfassungsb\u00fcndnis der deutschen Einzelstaaten.\",\"publisher\":{\"@id\":\"https:\/\/www.ewigerbund.org\/eb\/#organization\"},\"potentialAction\":[{\"@type\":\"SearchAction\",\"target\":{\"@type\":\"EntryPoint\",\"urlTemplate\":\"https:\/\/www.ewigerbund.org\/eb\/?s={search_term_string}\"},\"query-input\":\"required name=search_term_string\"}],\"inLanguage\":\"de\"},{\"@type\":\"Organization\",\"@id\":\"https:\/\/www.ewigerbund.org\/eb\/#organization\",\"name\":\"Der ewige Bund.\",\"url\":\"https:\/\/www.ewigerbund.org\/eb\/\",\"logo\":{\"@type\":\"ImageObject\",\"inLanguage\":\"de\",\"@id\":\"https:\/\/www.ewigerbund.org\/eb\/#\/schema\/logo\/image\/\",\"url\":\"https:\/\/www.ewigerbund.org\/eb\/wp-content\/uploads\/sites\/42\/2023\/01\/2022-09-20-Logo-EB_Schutzzone_V4_Transparent.png\",\"contentUrl\":\"https:\/\/www.ewigerbund.org\/eb\/wp-content\/uploads\/sites\/42\/2023\/01\/2022-09-20-Logo-EB_Schutzzone_V4_Transparent.png\",\"width\":2000,\"height\":1982,\"caption\":\"Der ewige Bund.\"},\"image\":{\"@id\":\"https:\/\/www.ewigerbund.org\/eb\/#\/schema\/logo\/image\/\"}}]}<\/script>\n<!-- \/ Yoast SEO plugin. -->","yoast_head_json":{"title":"Volkserfassung. | Ewiger Bund.","description":"Um V\u00f6lkerrecht geltend zu machen, bedarf es eines Volkes. Doch wo ist das deutsche Volk? Wir sammeln das deutsche Volk ein. Komm einfach mit!","robots":{"index":"index","follow":"follow","max-snippet":"max-snippet:-1","max-image-preview":"max-image-preview:large","max-video-preview":"max-video-preview:-1"},"canonical":"https:\/\/www.ewigerbund.org\/eb\/volkserfassung\/","og_locale":"de_DE","og_type":"article","og_title":"Volkserfassung. | Ewiger Bund.","og_description":"Um V\u00f6lkerrecht geltend zu machen, bedarf es eines Volkes. Doch wo ist das deutsche Volk? Wir sammeln das deutsche Volk ein. Komm einfach mit!","og_url":"https:\/\/www.ewigerbund.org\/eb\/volkserfassung\/","og_site_name":"Der ewige Bund.","article_modified_time":"2024-10-22T13:44:55+00:00","og_image":[{"width":1748,"height":994,"url":"https:\/\/www.ewigerbund.org\/eb\/wp-content\/uploads\/sites\/42\/2024\/10\/eb-ewiger-bund-volkserfassung.jpg","type":"image\/jpeg"}],"twitter_card":"summary_large_image","twitter_misc":{"Gesch\u00e4tzte Lesezeit":"3\u00a0Minuten"},"schema":{"@context":"https:\/\/schema.org","@graph":[{"@type":"WebPage","@id":"https:\/\/www.ewigerbund.org\/eb\/volkserfassung\/","url":"https:\/\/www.ewigerbund.org\/eb\/volkserfassung\/","name":"Volkserfassung. | Ewiger Bund.","isPartOf":{"@id":"https:\/\/www.ewigerbund.org\/eb\/#website"},"primaryImageOfPage":{"@id":"https:\/\/www.ewigerbund.org\/eb\/volkserfassung\/#primaryimage"},"image":{"@id":"https:\/\/www.ewigerbund.org\/eb\/volkserfassung\/#primaryimage"},"thumbnailUrl":"https:\/\/www.ewigerbund.org\/eb\/wp-content\/uploads\/sites\/42\/2024\/10\/eb-ewiger-bund-volkserfassung.jpg","datePublished":"2023-01-05T10:12:22+00:00","dateModified":"2024-10-22T13:44:55+00:00","description":"Um V\u00f6lkerrecht geltend zu machen, bedarf es eines Volkes. Doch wo ist das deutsche Volk? Wir sammeln das deutsche Volk ein. Komm einfach mit!","breadcrumb":{"@id":"https:\/\/www.ewigerbund.org\/eb\/volkserfassung\/#breadcrumb"},"inLanguage":"de","potentialAction":[{"@type":"ReadAction","target":["https:\/\/www.ewigerbund.org\/eb\/volkserfassung\/"]}]},{"@type":"ImageObject","inLanguage":"de","@id":"https:\/\/www.ewigerbund.org\/eb\/volkserfassung\/#primaryimage","url":"https:\/\/www.ewigerbund.org\/eb\/wp-content\/uploads\/sites\/42\/2024\/10\/eb-ewiger-bund-volkserfassung.jpg","contentUrl":"https:\/\/www.ewigerbund.org\/eb\/wp-content\/uploads\/sites\/42\/2024\/10\/eb-ewiger-bund-volkserfassung.jpg","width":1748,"height":994,"caption":"Ewiger Bund Volkserfassung"},{"@type":"BreadcrumbList","@id":"https:\/\/www.ewigerbund.org\/eb\/volkserfassung\/#breadcrumb","itemListElement":[{"@type":"ListItem","position":1,"name":"Startseite","item":"https:\/\/www.ewigerbund.org\/eb\/"},{"@type":"ListItem","position":2,"name":"Volkserfassung."}]},{"@type":"WebSite","@id":"https:\/\/www.ewigerbund.org\/eb\/#website","url":"https:\/\/www.ewigerbund.org\/eb\/","name":"Der ewige Bund.","description":"Verfassungsb\u00fcndnis der deutschen Einzelstaaten.","publisher":{"@id":"https:\/\/www.ewigerbund.org\/eb\/#organization"},"potentialAction":[{"@type":"SearchAction","target":{"@type":"EntryPoint","urlTemplate":"https:\/\/www.ewigerbund.org\/eb\/?s={search_term_string}"},"query-input":"required name=search_term_string"}],"inLanguage":"de"},{"@type":"Organization","@id":"https:\/\/www.ewigerbund.org\/eb\/#organization","name":"Der ewige Bund.","url":"https:\/\/www.ewigerbund.org\/eb\/","logo":{"@type":"ImageObject","inLanguage":"de","@id":"https:\/\/www.ewigerbund.org\/eb\/#\/schema\/logo\/image\/","url":"https:\/\/www.ewigerbund.org\/eb\/wp-content\/uploads\/sites\/42\/2023\/01\/2022-09-20-Logo-EB_Schutzzone_V4_Transparent.png","contentUrl":"https:\/\/www.ewigerbund.org\/eb\/wp-content\/uploads\/sites\/42\/2023\/01\/2022-09-20-Logo-EB_Schutzzone_V4_Transparent.png","width":2000,"height":1982,"caption":"Der ewige Bund."},"image":{"@id":"https:\/\/www.ewigerbund.org\/eb\/#\/schema\/logo\/image\/"}}]}},"_links":{"self":[{"href":"https:\/\/www.ewigerbund.org\/eb\/wp-json\/wp\/v2\/pages\/1274","targetHints":{"allow":["GET"]}}],"collection":[{"href":"https:\/\/www.ewigerbund.org\/eb\/wp-json\/wp\/v2\/pages"}],"about":[{"href":"https:\/\/www.ewigerbund.org\/eb\/wp-json\/wp\/v2\/types\/page"}],"author":[{"embeddable":true,"href":"https:\/\/www.ewigerbund.org\/eb\/wp-json\/wp\/v2\/users\/8"}],"replies":[{"embeddable":true,"href":"https:\/\/www.ewigerbund.org\/eb\/wp-json\/wp\/v2\/comments?post=1274"}],"version-history":[{"count":50,"href":"https:\/\/www.ewigerbund.org\/eb\/wp-json\/wp\/v2\/pages\/1274\/revisions"}],"predecessor-version":[{"id":2934,"href":"https:\/\/www.ewigerbund.org\/eb\/wp-json\/wp\/v2\/pages\/1274\/revisions\/2934"}],"wp:featuredmedia":[{"embeddable":true,"href":"https:\/\/www.ewigerbund.org\/eb\/wp-json\/wp\/v2\/media\/3205"}],"wp:attachment":[{"href":"https:\/\/www.ewigerbund.org\/eb\/wp-json\/wp\/v2\/media?parent=1274"}],"wp:term":[{"taxonomy":"category","embeddable":true,"href":"https:\/\/www.ewigerbund.org\/eb\/wp-json\/wp\/v2\/categories?post=1274"},{"taxonomy":"post_tag","embeddable":true,"href":"https:\/\/www.ewigerbund.org\/eb\/wp-json\/wp\/v2\/tags?post=1274"}],"curies":[{"name":"wp","href":"https:\/\/api.w.org\/{rel}","templated":true}]}}