{"id":228,"date":"2026-01-17T15:13:08","date_gmt":"2026-01-17T14:13:08","guid":{"rendered":"https:\/\/www.ewigerbund.org\/bremen\/?page_id=228"},"modified":"2026-02-04T19:54:02","modified_gmt":"2026-02-04T18:54:02","slug":"gebiet","status":"publish","type":"page","link":"https:\/\/www.ewigerbund.org\/bremen\/wissensschatz\/gebiet\/","title":{"rendered":"Das Staatsgebiet"},"content":{"rendered":"\n<h2 class=\"wp-block-heading\"><a>Das Staatsgebiet.<\/a><\/h2>\n\n\n\n<p>Der bremische Staat besteht aus der Stadt Bremen und \u201edem mit derselben verbundenen Gebiet\u201c (s. \u00a7 1 der <a href=\"http:\/\/www.ewigerbund.org\/bremen\/wissen\/landesverwaltung\/verfassung\">Verfassung<\/a>). Letzteres wird gebildet aus den beiden Hafenst\u00e4dten, Vegesack und Bremerhaven, und dem Landgebiet.<\/p>\n\n\n\n<p>Das Staatsgebiet hat einen Fl\u00e4cheninhalt von 25.639 ha. Nach dem Gebietsumfang ist Bremen der kleinste unter den 26 im Deutschen Reiche vereinigten Staaten; nach der Einwohnerzahl steht es etwa an f\u00fcnfzehnter Stelle. Der wirtschaftlich und an Einwohnerzahl weitaus bedeutendste Teil des Gebietes ist die Stadt Bremen. Von den 276.944 Bewohnern des Staates wohnen in ihr 227.573 Personen; r\u00e4umlich umfa\u00dft das Gebiet der Stadt Bremen mehr als \u2155 des Staatsgebietes.<\/p>\n\n\n\n<p>Das Staatsgebiet ist nicht r\u00e4umlich geschlossen; die Hauptmasse bildet die Stadt Bremen mit dem sich daran schlie\u00dfenden Landgebiet. Die Hafenstadt Bremerhaven ist eine Enklave in der preu\u00dfischen Provinz Hannover. Die wichtigste Erweiterung des Gebietes, nachdem dasselbe im \u00fcbrigen mit den im Reichsdeputationshauptschluss von 1803 gemachten Erwerbungen gegeben war, erfolgte durch den Erwerb des Distriktes von Bremerhaven, zu dem auf Veranlassung des B\u00fcrgermeisters Smidt durch Vertrag mit Hannover vom 11. Januar 1827 der Grund gelegt und der durch sp\u00e4tere Vertr\u00e4ge mit Hannover und Preu\u00dfen mehrfach vergr\u00f6\u00dfert wurde. Zuletzt erwarb Bremen durch Vertr\u00e4ge mit Preu\u00dfen von 1904\/5 gegen Austausch eines entsprechenden Teiles seines Landgebietes ein Gebiet von ca. 587 ha, das jedoch nur zu einem kleinen Teil (ca. 32 ha) zur Erweiterung des Stadtgebietes von Bremerhaven, im \u00fcbrigen nur zu Hafen- und Schifffahrtszwecken verwandt werden darf. Mit dieser Vergr\u00f6\u00dferung umfasst der Bezirk von Bremerhaven jetzt 879 ha.<\/p>\n\n\n\n<h2 class=\"wp-block-heading\"><\/h2>\n\n\n\n<p><\/p>\n","protected":false},"excerpt":{"rendered":"<p>Das Staatsgebiet. Der bremische Staat besteht aus der Stadt Bremen und \u201edem mit derselben verbundenen Gebiet\u201c (s. \u00a7 1 der Verfassung). Letzteres wird gebildet aus den beiden Hafenst\u00e4dten, Vegesack und Bremerhaven, und dem Landgebiet. Das Staatsgebiet hat einen Fl\u00e4cheninhalt von 25.639 ha. Nach dem Gebietsumfang ist Bremen der kleinste unter den 26 im Deutschen Reiche &#8230; <a title=\"Das Staatsgebiet\" class=\"read-more\" href=\"https:\/\/www.ewigerbund.org\/bremen\/wissensschatz\/gebiet\/\" aria-label=\"Mehr zu Das Staatsgebiet\">Weiterlesen &#8230;<\/a><\/p>\n","protected":false},"author":30,"featured_media":0,"parent":238,"menu_order":0,"comment_status":"closed","ping_status":"closed","template":"template-6-beide-seitenleiste.php","meta":{"footnotes":""},"categories":[],"tags":[15],"class_list":["post-228","page","type-page","status-publish","hentry","tag-staatsgebiet"],"yoast_head":"<!-- This site is optimized with the Yoast SEO plugin v23.1 - https:\/\/yoast.com\/wordpress\/plugins\/seo\/ -->\n<title>Das Staatsgebiet - Freie Hansestadt Bremen<\/title>\n<meta name=\"robots\" content=\"index, follow, max-snippet:-1, max-image-preview:large, max-video-preview:-1\" \/>\n<link rel=\"canonical\" href=\"https:\/\/www.ewigerbund.org\/bremen\/wissensschatz\/gebiet\/\" \/>\n<meta property=\"og:locale\" content=\"de_DE\" \/>\n<meta property=\"og:type\" content=\"article\" \/>\n<meta property=\"og:title\" content=\"Das Staatsgebiet - Freie Hansestadt Bremen\" \/>\n<meta property=\"og:description\" content=\"Das Staatsgebiet. Der bremische Staat besteht aus der Stadt Bremen und \u201edem mit derselben verbundenen Gebiet\u201c (s. \u00a7 1 der Verfassung). Letzteres wird gebildet aus den beiden Hafenst\u00e4dten, Vegesack und Bremerhaven, und dem Landgebiet. Das Staatsgebiet hat einen Fl\u00e4cheninhalt von 25.639 ha. Nach dem Gebietsumfang ist Bremen der kleinste unter den 26 im Deutschen Reiche ... Weiterlesen ...\" \/>\n<meta property=\"og:url\" content=\"https:\/\/www.ewigerbund.org\/bremen\/wissensschatz\/gebiet\/\" \/>\n<meta property=\"og:site_name\" content=\"Freie Hansestadt Bremen\" \/>\n<meta property=\"article:modified_time\" content=\"2026-02-04T18:54:02+00:00\" \/>\n<meta name=\"twitter:card\" content=\"summary_large_image\" \/>\n<meta name=\"twitter:label1\" content=\"Gesch\u00e4tzte Lesezeit\" \/>\n\t<meta name=\"twitter:data1\" content=\"2\u00a0Minuten\" \/>\n<script type=\"application\/ld+json\" class=\"yoast-schema-graph\">{\"@context\":\"https:\/\/schema.org\",\"@graph\":[{\"@type\":\"WebPage\",\"@id\":\"https:\/\/www.ewigerbund.org\/bremen\/wissensschatz\/gebiet\/\",\"url\":\"https:\/\/www.ewigerbund.org\/bremen\/wissensschatz\/gebiet\/\",\"name\":\"Das Staatsgebiet - Freie Hansestadt Bremen\",\"isPartOf\":{\"@id\":\"https:\/\/www.ewigerbund.org\/bremen\/#website\"},\"datePublished\":\"2026-01-17T14:13:08+00:00\",\"dateModified\":\"2026-02-04T18:54:02+00:00\",\"breadcrumb\":{\"@id\":\"https:\/\/www.ewigerbund.org\/bremen\/wissensschatz\/gebiet\/#breadcrumb\"},\"inLanguage\":\"de\",\"potentialAction\":[{\"@type\":\"ReadAction\",\"target\":[\"https:\/\/www.ewigerbund.org\/bremen\/wissensschatz\/gebiet\/\"]}]},{\"@type\":\"BreadcrumbList\",\"@id\":\"https:\/\/www.ewigerbund.org\/bremen\/wissensschatz\/gebiet\/#breadcrumb\",\"itemListElement\":[{\"@type\":\"ListItem\",\"position\":1,\"name\":\"Startseite\",\"item\":\"https:\/\/www.ewigerbund.org\/bremen\/\"},{\"@type\":\"ListItem\",\"position\":2,\"name\":\"Wissensschatz\",\"item\":\"https:\/\/www.ewigerbund.org\/bremen\/wissensschatz\/\"},{\"@type\":\"ListItem\",\"position\":3,\"name\":\"Das Staatsgebiet\"}]},{\"@type\":\"WebSite\",\"@id\":\"https:\/\/www.ewigerbund.org\/bremen\/#website\",\"url\":\"https:\/\/www.ewigerbund.org\/bremen\/\",\"name\":\"Freie Hansestadt Bremen\",\"description\":\" im ewigen Bund.\",\"publisher\":{\"@id\":\"https:\/\/www.ewigerbund.org\/bremen\/#organization\"},\"potentialAction\":[{\"@type\":\"SearchAction\",\"target\":{\"@type\":\"EntryPoint\",\"urlTemplate\":\"https:\/\/www.ewigerbund.org\/bremen\/?s={search_term_string}\"},\"query-input\":\"required name=search_term_string\"}],\"inLanguage\":\"de\"},{\"@type\":\"Organization\",\"@id\":\"https:\/\/www.ewigerbund.org\/bremen\/#organization\",\"name\":\"Freie Hansestadt Bremen\",\"url\":\"https:\/\/www.ewigerbund.org\/bremen\/\",\"logo\":{\"@type\":\"ImageObject\",\"inLanguage\":\"de\",\"@id\":\"https:\/\/www.ewigerbund.org\/bremen\/#\/schema\/logo\/image\/\",\"url\":\"https:\/\/www.ewigerbund.org\/bremen\/wp-content\/uploads\/sites\/36\/2024\/11\/2024-11-25-signet-bremen-v2-512pixel.png\",\"contentUrl\":\"https:\/\/www.ewigerbund.org\/bremen\/wp-content\/uploads\/sites\/36\/2024\/11\/2024-11-25-signet-bremen-v2-512pixel.png\",\"width\":512,\"height\":512,\"caption\":\"Freie Hansestadt Bremen\"},\"image\":{\"@id\":\"https:\/\/www.ewigerbund.org\/bremen\/#\/schema\/logo\/image\/\"}}]}<\/script>\n<!-- \/ Yoast SEO plugin. -->","yoast_head_json":{"title":"Das Staatsgebiet - Freie Hansestadt Bremen","robots":{"index":"index","follow":"follow","max-snippet":"max-snippet:-1","max-image-preview":"max-image-preview:large","max-video-preview":"max-video-preview:-1"},"canonical":"https:\/\/www.ewigerbund.org\/bremen\/wissensschatz\/gebiet\/","og_locale":"de_DE","og_type":"article","og_title":"Das Staatsgebiet - Freie Hansestadt Bremen","og_description":"Das Staatsgebiet. Der bremische Staat besteht aus der Stadt Bremen und \u201edem mit derselben verbundenen Gebiet\u201c (s. \u00a7 1 der Verfassung). Letzteres wird gebildet aus den beiden Hafenst\u00e4dten, Vegesack und Bremerhaven, und dem Landgebiet. Das Staatsgebiet hat einen Fl\u00e4cheninhalt von 25.639 ha. Nach dem Gebietsumfang ist Bremen der kleinste unter den 26 im Deutschen Reiche ... Weiterlesen ...","og_url":"https:\/\/www.ewigerbund.org\/bremen\/wissensschatz\/gebiet\/","og_site_name":"Freie Hansestadt Bremen","article_modified_time":"2026-02-04T18:54:02+00:00","twitter_card":"summary_large_image","twitter_misc":{"Gesch\u00e4tzte Lesezeit":"2\u00a0Minuten"},"schema":{"@context":"https:\/\/schema.org","@graph":[{"@type":"WebPage","@id":"https:\/\/www.ewigerbund.org\/bremen\/wissensschatz\/gebiet\/","url":"https:\/\/www.ewigerbund.org\/bremen\/wissensschatz\/gebiet\/","name":"Das Staatsgebiet - Freie Hansestadt Bremen","isPartOf":{"@id":"https:\/\/www.ewigerbund.org\/bremen\/#website"},"datePublished":"2026-01-17T14:13:08+00:00","dateModified":"2026-02-04T18:54:02+00:00","breadcrumb":{"@id":"https:\/\/www.ewigerbund.org\/bremen\/wissensschatz\/gebiet\/#breadcrumb"},"inLanguage":"de","potentialAction":[{"@type":"ReadAction","target":["https:\/\/www.ewigerbund.org\/bremen\/wissensschatz\/gebiet\/"]}]},{"@type":"BreadcrumbList","@id":"https:\/\/www.ewigerbund.org\/bremen\/wissensschatz\/gebiet\/#breadcrumb","itemListElement":[{"@type":"ListItem","position":1,"name":"Startseite","item":"https:\/\/www.ewigerbund.org\/bremen\/"},{"@type":"ListItem","position":2,"name":"Wissensschatz","item":"https:\/\/www.ewigerbund.org\/bremen\/wissensschatz\/"},{"@type":"ListItem","position":3,"name":"Das Staatsgebiet"}]},{"@type":"WebSite","@id":"https:\/\/www.ewigerbund.org\/bremen\/#website","url":"https:\/\/www.ewigerbund.org\/bremen\/","name":"Freie Hansestadt Bremen","description":" im ewigen Bund.","publisher":{"@id":"https:\/\/www.ewigerbund.org\/bremen\/#organization"},"potentialAction":[{"@type":"SearchAction","target":{"@type":"EntryPoint","urlTemplate":"https:\/\/www.ewigerbund.org\/bremen\/?s={search_term_string}"},"query-input":"required name=search_term_string"}],"inLanguage":"de"},{"@type":"Organization","@id":"https:\/\/www.ewigerbund.org\/bremen\/#organization","name":"Freie Hansestadt Bremen","url":"https:\/\/www.ewigerbund.org\/bremen\/","logo":{"@type":"ImageObject","inLanguage":"de","@id":"https:\/\/www.ewigerbund.org\/bremen\/#\/schema\/logo\/image\/","url":"https:\/\/www.ewigerbund.org\/bremen\/wp-content\/uploads\/sites\/36\/2024\/11\/2024-11-25-signet-bremen-v2-512pixel.png","contentUrl":"https:\/\/www.ewigerbund.org\/bremen\/wp-content\/uploads\/sites\/36\/2024\/11\/2024-11-25-signet-bremen-v2-512pixel.png","width":512,"height":512,"caption":"Freie Hansestadt Bremen"},"image":{"@id":"https:\/\/www.ewigerbund.org\/bremen\/#\/schema\/logo\/image\/"}}]}},"_links":{"self":[{"href":"https:\/\/www.ewigerbund.org\/bremen\/wp-json\/wp\/v2\/pages\/228","targetHints":{"allow":["GET"]}}],"collection":[{"href":"https:\/\/www.ewigerbund.org\/bremen\/wp-json\/wp\/v2\/pages"}],"about":[{"href":"https:\/\/www.ewigerbund.org\/bremen\/wp-json\/wp\/v2\/types\/page"}],"author":[{"embeddable":true,"href":"https:\/\/www.ewigerbund.org\/bremen\/wp-json\/wp\/v2\/users\/30"}],"replies":[{"embeddable":true,"href":"https:\/\/www.ewigerbund.org\/bremen\/wp-json\/wp\/v2\/comments?post=228"}],"version-history":[{"count":3,"href":"https:\/\/www.ewigerbund.org\/bremen\/wp-json\/wp\/v2\/pages\/228\/revisions"}],"predecessor-version":[{"id":234,"href":"https:\/\/www.ewigerbund.org\/bremen\/wp-json\/wp\/v2\/pages\/228\/revisions\/234"}],"up":[{"embeddable":true,"href":"https:\/\/www.ewigerbund.org\/bremen\/wp-json\/wp\/v2\/pages\/238"}],"wp:attachment":[{"href":"https:\/\/www.ewigerbund.org\/bremen\/wp-json\/wp\/v2\/media?parent=228"}],"wp:term":[{"taxonomy":"category","embeddable":true,"href":"https:\/\/www.ewigerbund.org\/bremen\/wp-json\/wp\/v2\/categories?post=228"},{"taxonomy":"post_tag","embeddable":true,"href":"https:\/\/www.ewigerbund.org\/bremen\/wp-json\/wp\/v2\/tags?post=228"}],"curies":[{"name":"wp","href":"https:\/\/api.w.org\/{rel}","templated":true}]}}