{"id":924,"date":"2022-08-22T19:43:42","date_gmt":"2022-08-22T17:43:42","guid":{"rendered":"https:\/\/www.ewigerbund.org\/bayern\/?page_id=924"},"modified":"2023-12-16T04:37:15","modified_gmt":"2023-12-16T03:37:15","slug":"koenig-maximilian-i-von-bayern","status":"publish","type":"page","link":"https:\/\/www.ewigerbund.org\/bayern\/geschichte\/koenig-maximilian-i-von-bayern\/","title":{"rendered":"1799-1825. K\u00f6nig Maximilian I. von Bayern."},"content":{"rendered":"\n<h2 class=\"wp-block-heading\">Eine Erz\u00e4hlung aus dem Jahr 1879.<\/h2>\n\n\n\n<p>Wer in Bayern gewesen ist, als K\u00f6nig Maximilian I. Joseph das Land regierte oder jetzt noch dahin kommt, der wird von diesem K\u00f6nige vieles vernehmen, wor\u00fcber er sich freuen kann. Er war aber auch recht die Freude und der Hort seiner Untertanen, und diese liebten ihn, wie Kinder ihren Vater lieben. Auch war er jedem zug\u00e4nglich, und wer mit Tr\u00e4nen des Kummers bei ihm eintrat, der kam mit Tr\u00e4nen der Dankbarkeit von ihm heraus; denn auch wo er mit Taten nicht helfen konnte, half er mit tr\u00f6stenden Worten, die von dem Munde eines K\u00f6nigs noch besser zu Herzen gehen als von anderen. Schon ehe er hoffen konnte, K\u00f6nig von Bayern zu werden, galt Maximilian f\u00fcr den besten Mann im Lande und gewann die Herzen aller, die ihm nahekamen.<\/p>\n\n\n\n<h2 class=\"wp-block-heading\">Ein treues Herz.<\/h2>\n\n\n\n<p>Was aber gar oft geschieht, da\u00df, wenn Stand, Macht und Reichtum w\u00e4chst, das Herz sich zusammenzieht, und wenn der \u00e4u\u00dfere Mensch sich erhebt, der innere niedersinkt: Das widerfuhr dem guten Max Joseph nicht; sein Herz blieb, wie es gewesen war, ehe die Krone sein Haupt schm\u00fcckte, und der Strom menschlicher Gef\u00fchle ergo\u00df sich bei ihm noch reicher als zuvor unter dem k\u00f6niglichen Purpurmantel. Darum ist er nie in ein Haus getreten und nie in eine Stadt, ohne die Liebe der Bewohner zu gewinnen, und es war die Lust und der Stolz seines Volkes, ihm Zeichen der Liebe zu geben. Ich habe gesehen, wenn er von einer Reise oder sonst in die Hauptstadt zur\u00fcckkam und der offene Wagen langsam durch das Gedr\u00e4nge fuhr, da\u00df M\u00e4nner und Weiber geringen Standes durch die jubelnde Menge brachen, um dem K\u00f6nige die Hand zu reichen, und er keine zur\u00fcckwies, wie hart sie auch war.<\/p>\n\n\n\n<h2 class=\"wp-block-heading\">Mann des Volkes.<\/h2>\n\n\n\n<p>Gern mischte er sich unerkannt und unbegleitet unter das Landvolk und h\u00f6rte auf die Reden der Leute und fragte sie aus; denn er wu\u00dfte, da\u00df er so die Wahrheit besser erf\u00fchre als aus Zeitungen, die Lob und Tadel nach den Launen ihrer Abnehmer ausstreuen. Oft, wenn er einsam ging und ein bekanntes Gesicht von Weitem sah, rief er ihm ein freundliches Wort zu oder gr\u00fc\u00dfte mit der Hand, und der Begr\u00fc\u00dfte f\u00fchlte sich geehrt und erz\u00e4hlte es den seinigen wieder. Auch das erfreute alle Herzen, da\u00df er ein so guter und liebevoller Hausvater war, seine Kinder immer gern um sich hatte und so h\u00e4ufig an der Seite seiner Gemahlin auf einsamen Spazierg\u00e4ngen in vertraulichem Gespr\u00e4che gesehen wurde.<\/p>\n\n\n\n<p>Sein Ausgang aus dem Leben war, wie er ihn selbst gew\u00fcnscht hatte. Nur eine leise Ahnung von Unwohlsein ging voraus; aber niemand war besorgt, so wenig als er selbst; kein Arzt ward gerufen; kein Diener wachte bei ihm. Am Morgen des 13. Oktober 1825, da er nicht zur gew\u00f6hnlichen Fr\u00fchzeit aufstand und der Diener ungerufen in das Schlafzimmer trat, fand er ihn tot in derselben Lage, die er beim Niederlegen genommen hatte, ohne ein Zeichen des Schmerzes auf seinem Angesichte. Schlummernd war er durch die dunkle Pforte des Todes gegangen. Die Best\u00fcrzung des Volkes war gro\u00df, die Trauer allgemein. Es war die Wehklage verwaister Kinder um einen geliebten Vater &#8211; ein aufrichtiger Schmerz tiefer Liebe; und jede der zahllosen Tr\u00e4nen, die aus vollen Herzen um ihn flossen, war ein Opfer der Dankbarkeit und ein stummes Lob des unverge\u00dflichen K\u00f6nigs.<\/p>\n\n\n\n<h2 class=\"wp-block-heading\">Nach seinem Tod.<\/h2>\n\n\n\n<p>Einige Zeit nach seinem Tod wurde neben vielen anderen Dingen auch die Menagerie verkauft, die er in Nymphenburg gehalten hatte: viele seltene Tiere mannigfaltiger Art, auch \u00fcberseeische Papageien und Stare. Von den Letztern waren schon alle verkauft; nur einer war noch \u00fcbrig, der Letzte und von unscheinbarem \u00c4u\u00dfern. Still und mit struppigem Gefieder sa\u00df er auf der Stange, als ob er sich noch \u00fcber den Tod seines Herrn betr\u00fcbte, wie etwa ein alter Diener, wenn nach dem Tode seiner Herrschaft das Hausger\u00e4t fortgeschafft wird, unter dem er alt und grau geworden war, stumm umhergeht und sich gr\u00e4mt, da\u00df er das alles \u00fcberlebt. Als nun der alte, unscheinbare Vogel unter den Hammer kam, bot niemand darauf, und nachdem ihn der Ausrufer drei- oder viermal angeboten hatte und alles schwieg, wurde der K\u00e4fig mit dem Staare in eine Ecke bei Seite gesetzt und wurden andere Dinge ausgerufen.<\/p>\n\n\n\n<p>Auf einmal schallt es in der Ecke: \u201eMax Joseph, Vater Max!\u201c Alle K\u00f6pfe wendeten sich um nach der Seite hin, woher der Ruf kam. \u201eWer ist&#8217;s? Wer ruft?\u201c, fragten viele. Und einer, der dem K\u00e4fig zun\u00e4chst stand, sagte: \u201eEs ist der Star, der weggesetzt worden ist!\u201c Da riefen alle wie aus einem Munde: \u201eDen Star, den Star her!\u201c So kam der unscheinbare Vogel mit einem Male zu Ehren, weil es eben jedem vorkam, als habe die treue Liebe, die er selbst im Herzen hegte, durch den Vogel eine Stimme bekommen.<\/p>\n\n\n\n<h2 class=\"wp-block-heading\">&#8222;Vater Max&#8220;.<\/h2>\n\n\n\n<p>Der Star selbst aber, da alles um ihn her lebendig wurde und alle Anwesenden ihn liebkosten und lobten, wurde nun auch ganz munter und rief in einem fort: \u201eMax Joseph! Vater Max!\u201c Nicht, wie man zu sagen pflegt, als ob er daf\u00fcr bezahlt w\u00fcrde, sondern so recht aus vollem Herzen. Da wollte nun jeder den beredt gewordenen Vogel haben, und die Gebote jagten und \u00fcberstiegen sich, so da\u00df wohl nie ein Star so teuer bezahlt worden ist. Und der, welcher ihn endlich erhielt, meinte, einen Sieg gewonnen zu haben, und trug ihn im Triumphe nach Hause, und die andern beneideten ihn. Das war denn auch eine Leichenfeier von eigent\u00fcmlicher Art und gewi\u00df keine der schlechtesten.<\/p>\n\n\n<div class=\"gb-button-wrapper gb-button-wrapper-c7fba06a\">\n\n<a class=\"gb-button gb-button-787cb961 gb-button-text\" href=\"https:\/\/forum.bayern.ewigerbund.org\/viewtopic.php?t=296\" target=\"_blank\" rel=\"noopener noreferrer\">Dieser Beitrag hat dir gefallen? Hier kommentieren.<\/a>\n\n<\/div>\n\n\n<p><\/p>\n\n\n\n<p class=\"has-small-font-size\"><em>Quelle: Deutsches Lesebuch. Zweiter Theil. Realienbuch. Seite 300 ff.<\/em><\/p>\n","protected":false},"excerpt":{"rendered":"<p>Eine Erz\u00e4hlung aus dem Jahr 1879. Wer in Bayern gewesen ist, als K\u00f6nig Maximilian I. Joseph das Land regierte oder jetzt noch dahin kommt, der wird von diesem K\u00f6nige vieles vernehmen, wor\u00fcber er sich freuen kann. Er war aber auch recht die Freude und der Hort seiner Untertanen, und diese liebten ihn, wie Kinder ihren &#8230; <a title=\"1799-1825. K\u00f6nig Maximilian I. von Bayern.\" class=\"read-more\" href=\"https:\/\/www.ewigerbund.org\/bayern\/geschichte\/koenig-maximilian-i-von-bayern\/\" aria-label=\"Mehr zu 1799-1825. K\u00f6nig Maximilian I. von Bayern.\">Weiterlesen &#8230;<\/a><\/p>\n","protected":false},"author":1,"featured_media":2883,"parent":215,"menu_order":16,"comment_status":"closed","ping_status":"closed","template":"template-6-beide-seitenleiste.php","meta":{"footnotes":""},"categories":[7],"tags":[212,213],"class_list":["post-924","page","type-page","status-publish","has-post-thumbnail","hentry","category-geschichte","tag-koenig-maximilian-i","tag-nymphenburg"],"yoast_head":"<!-- This site is optimized with the Yoast SEO plugin v23.1 - https:\/\/yoast.com\/wordpress\/plugins\/seo\/ -->\n<title>1799-1825. K\u00f6nig Maximilian I. von Bayern. - K\u00f6nigreich Bayern<\/title>\n<meta name=\"description\" content=\"Wer in Bayern gewesen ist, als K\u00f6nig Maximilian I. Joseph das Land regierte oder wer noch jetzt dahin kommt, der wird von diesem K\u00f6nige...\" \/>\n<meta name=\"robots\" content=\"index, follow, max-snippet:-1, max-image-preview:large, max-video-preview:-1\" \/>\n<link rel=\"canonical\" href=\"https:\/\/www.ewigerbund.org\/bayern\/geschichte\/koenig-maximilian-i-von-bayern\/\" \/>\n<meta property=\"og:locale\" content=\"de_DE\" \/>\n<meta property=\"og:type\" content=\"article\" \/>\n<meta property=\"og:title\" content=\"1799-1825. K\u00f6nig Maximilian I. von Bayern. - K\u00f6nigreich Bayern\" \/>\n<meta property=\"og:description\" content=\"Wer in Bayern gewesen ist, als K\u00f6nig Maximilian I. Joseph das Land regierte oder wer noch jetzt dahin kommt, der wird von diesem K\u00f6nige...\" \/>\n<meta property=\"og:url\" content=\"https:\/\/www.ewigerbund.org\/bayern\/geschichte\/koenig-maximilian-i-von-bayern\/\" \/>\n<meta property=\"og:site_name\" content=\"K\u00f6nigreich Bayern\" \/>\n<meta property=\"article:modified_time\" content=\"2023-12-16T03:37:15+00:00\" \/>\n<meta property=\"og:image\" content=\"https:\/\/www.ewigerbund.org\/bayern\/wp-content\/uploads\/sites\/12\/2023\/06\/1709-1825_Koenig_Maiximilian_I_von_Bayern-1024x582-1.jpg\" \/>\n\t<meta property=\"og:image:width\" content=\"1024\" \/>\n\t<meta property=\"og:image:height\" content=\"582\" \/>\n\t<meta property=\"og:image:type\" content=\"image\/jpeg\" \/>\n<meta name=\"twitter:card\" content=\"summary_large_image\" \/>\n<meta name=\"twitter:label1\" content=\"Gesch\u00e4tzte Lesezeit\" \/>\n\t<meta name=\"twitter:data1\" content=\"6\u00a0Minuten\" \/>\n<script type=\"application\/ld+json\" class=\"yoast-schema-graph\">{\"@context\":\"https:\/\/schema.org\",\"@graph\":[{\"@type\":\"WebPage\",\"@id\":\"https:\/\/www.ewigerbund.org\/bayern\/geschichte\/koenig-maximilian-i-von-bayern\/\",\"url\":\"https:\/\/www.ewigerbund.org\/bayern\/geschichte\/koenig-maximilian-i-von-bayern\/\",\"name\":\"1799-1825. K\u00f6nig Maximilian I. von Bayern. - K\u00f6nigreich Bayern\",\"isPartOf\":{\"@id\":\"https:\/\/www.ewigerbund.org\/bayern\/#website\"},\"primaryImageOfPage\":{\"@id\":\"https:\/\/www.ewigerbund.org\/bayern\/geschichte\/koenig-maximilian-i-von-bayern\/#primaryimage\"},\"image\":{\"@id\":\"https:\/\/www.ewigerbund.org\/bayern\/geschichte\/koenig-maximilian-i-von-bayern\/#primaryimage\"},\"thumbnailUrl\":\"https:\/\/www.ewigerbund.org\/bayern\/wp-content\/uploads\/sites\/12\/2023\/06\/1709-1825_Koenig_Maiximilian_I_von_Bayern-1024x582-1.jpg\",\"datePublished\":\"2022-08-22T17:43:42+00:00\",\"dateModified\":\"2023-12-16T03:37:15+00:00\",\"description\":\"Wer in Bayern gewesen ist, als K\u00f6nig Maximilian I. Joseph das Land regierte oder wer noch jetzt dahin kommt, der wird von diesem K\u00f6nige...\",\"breadcrumb\":{\"@id\":\"https:\/\/www.ewigerbund.org\/bayern\/geschichte\/koenig-maximilian-i-von-bayern\/#breadcrumb\"},\"inLanguage\":\"de\",\"potentialAction\":[{\"@type\":\"ReadAction\",\"target\":[\"https:\/\/www.ewigerbund.org\/bayern\/geschichte\/koenig-maximilian-i-von-bayern\/\"]}]},{\"@type\":\"ImageObject\",\"inLanguage\":\"de\",\"@id\":\"https:\/\/www.ewigerbund.org\/bayern\/geschichte\/koenig-maximilian-i-von-bayern\/#primaryimage\",\"url\":\"https:\/\/www.ewigerbund.org\/bayern\/wp-content\/uploads\/sites\/12\/2023\/06\/1709-1825_Koenig_Maiximilian_I_von_Bayern-1024x582-1.jpg\",\"contentUrl\":\"https:\/\/www.ewigerbund.org\/bayern\/wp-content\/uploads\/sites\/12\/2023\/06\/1709-1825_Koenig_Maiximilian_I_von_Bayern-1024x582-1.jpg\",\"width\":1024,\"height\":582,\"caption\":\"1709-1825_Koenig_Maiximilian_I_von_Bayern-1024x582\"},{\"@type\":\"BreadcrumbList\",\"@id\":\"https:\/\/www.ewigerbund.org\/bayern\/geschichte\/koenig-maximilian-i-von-bayern\/#breadcrumb\",\"itemListElement\":[{\"@type\":\"ListItem\",\"position\":1,\"name\":\"Startseite\",\"item\":\"https:\/\/www.ewigerbund.org\/bayern\/\"},{\"@type\":\"ListItem\",\"position\":2,\"name\":\"Geschichte\",\"item\":\"https:\/\/www.ewigerbund.org\/bayern\/geschichte\/\"},{\"@type\":\"ListItem\",\"position\":3,\"name\":\"1799-1825. K\u00f6nig Maximilian I. von Bayern.\"}]},{\"@type\":\"WebSite\",\"@id\":\"https:\/\/www.ewigerbund.org\/bayern\/#website\",\"url\":\"https:\/\/www.ewigerbund.org\/bayern\/\",\"name\":\"K\u00f6nigreich Bayern\",\"description\":\"im ewigen Bund.\",\"publisher\":{\"@id\":\"https:\/\/www.ewigerbund.org\/bayern\/#organization\"},\"potentialAction\":[{\"@type\":\"SearchAction\",\"target\":{\"@type\":\"EntryPoint\",\"urlTemplate\":\"https:\/\/www.ewigerbund.org\/bayern\/?s={search_term_string}\"},\"query-input\":\"required name=search_term_string\"}],\"inLanguage\":\"de\"},{\"@type\":\"Organization\",\"@id\":\"https:\/\/www.ewigerbund.org\/bayern\/#organization\",\"name\":\"K\u00f6nigreich Bayern\",\"url\":\"https:\/\/www.ewigerbund.org\/bayern\/\",\"logo\":{\"@type\":\"ImageObject\",\"inLanguage\":\"de\",\"@id\":\"https:\/\/www.ewigerbund.org\/bayern\/#\/schema\/logo\/image\/\",\"url\":\"https:\/\/www.ewigerbund.org\/bayern\/wp-content\/uploads\/sites\/12\/2023\/02\/2023-02-24-Logo-EB-Bayern-Schutzzone_Schatten_BGweiss_V2_1200px.png\",\"contentUrl\":\"https:\/\/www.ewigerbund.org\/bayern\/wp-content\/uploads\/sites\/12\/2023\/02\/2023-02-24-Logo-EB-Bayern-Schutzzone_Schatten_BGweiss_V2_1200px.png\",\"width\":1200,\"height\":1200,\"caption\":\"K\u00f6nigreich Bayern\"},\"image\":{\"@id\":\"https:\/\/www.ewigerbund.org\/bayern\/#\/schema\/logo\/image\/\"}}]}<\/script>\n<!-- \/ Yoast SEO plugin. -->","yoast_head_json":{"title":"1799-1825. K\u00f6nig Maximilian I. von Bayern. - K\u00f6nigreich Bayern","description":"Wer in Bayern gewesen ist, als K\u00f6nig Maximilian I. Joseph das Land regierte oder wer noch jetzt dahin kommt, der wird von diesem K\u00f6nige...","robots":{"index":"index","follow":"follow","max-snippet":"max-snippet:-1","max-image-preview":"max-image-preview:large","max-video-preview":"max-video-preview:-1"},"canonical":"https:\/\/www.ewigerbund.org\/bayern\/geschichte\/koenig-maximilian-i-von-bayern\/","og_locale":"de_DE","og_type":"article","og_title":"1799-1825. K\u00f6nig Maximilian I. von Bayern. - K\u00f6nigreich Bayern","og_description":"Wer in Bayern gewesen ist, als K\u00f6nig Maximilian I. Joseph das Land regierte oder wer noch jetzt dahin kommt, der wird von diesem K\u00f6nige...","og_url":"https:\/\/www.ewigerbund.org\/bayern\/geschichte\/koenig-maximilian-i-von-bayern\/","og_site_name":"K\u00f6nigreich Bayern","article_modified_time":"2023-12-16T03:37:15+00:00","og_image":[{"width":1024,"height":582,"url":"https:\/\/www.ewigerbund.org\/bayern\/wp-content\/uploads\/sites\/12\/2023\/06\/1709-1825_Koenig_Maiximilian_I_von_Bayern-1024x582-1.jpg","type":"image\/jpeg"}],"twitter_card":"summary_large_image","twitter_misc":{"Gesch\u00e4tzte Lesezeit":"6\u00a0Minuten"},"schema":{"@context":"https:\/\/schema.org","@graph":[{"@type":"WebPage","@id":"https:\/\/www.ewigerbund.org\/bayern\/geschichte\/koenig-maximilian-i-von-bayern\/","url":"https:\/\/www.ewigerbund.org\/bayern\/geschichte\/koenig-maximilian-i-von-bayern\/","name":"1799-1825. K\u00f6nig Maximilian I. von Bayern. - K\u00f6nigreich Bayern","isPartOf":{"@id":"https:\/\/www.ewigerbund.org\/bayern\/#website"},"primaryImageOfPage":{"@id":"https:\/\/www.ewigerbund.org\/bayern\/geschichte\/koenig-maximilian-i-von-bayern\/#primaryimage"},"image":{"@id":"https:\/\/www.ewigerbund.org\/bayern\/geschichte\/koenig-maximilian-i-von-bayern\/#primaryimage"},"thumbnailUrl":"https:\/\/www.ewigerbund.org\/bayern\/wp-content\/uploads\/sites\/12\/2023\/06\/1709-1825_Koenig_Maiximilian_I_von_Bayern-1024x582-1.jpg","datePublished":"2022-08-22T17:43:42+00:00","dateModified":"2023-12-16T03:37:15+00:00","description":"Wer in Bayern gewesen ist, als K\u00f6nig Maximilian I. Joseph das Land regierte oder wer noch jetzt dahin kommt, der wird von diesem K\u00f6nige...","breadcrumb":{"@id":"https:\/\/www.ewigerbund.org\/bayern\/geschichte\/koenig-maximilian-i-von-bayern\/#breadcrumb"},"inLanguage":"de","potentialAction":[{"@type":"ReadAction","target":["https:\/\/www.ewigerbund.org\/bayern\/geschichte\/koenig-maximilian-i-von-bayern\/"]}]},{"@type":"ImageObject","inLanguage":"de","@id":"https:\/\/www.ewigerbund.org\/bayern\/geschichte\/koenig-maximilian-i-von-bayern\/#primaryimage","url":"https:\/\/www.ewigerbund.org\/bayern\/wp-content\/uploads\/sites\/12\/2023\/06\/1709-1825_Koenig_Maiximilian_I_von_Bayern-1024x582-1.jpg","contentUrl":"https:\/\/www.ewigerbund.org\/bayern\/wp-content\/uploads\/sites\/12\/2023\/06\/1709-1825_Koenig_Maiximilian_I_von_Bayern-1024x582-1.jpg","width":1024,"height":582,"caption":"1709-1825_Koenig_Maiximilian_I_von_Bayern-1024x582"},{"@type":"BreadcrumbList","@id":"https:\/\/www.ewigerbund.org\/bayern\/geschichte\/koenig-maximilian-i-von-bayern\/#breadcrumb","itemListElement":[{"@type":"ListItem","position":1,"name":"Startseite","item":"https:\/\/www.ewigerbund.org\/bayern\/"},{"@type":"ListItem","position":2,"name":"Geschichte","item":"https:\/\/www.ewigerbund.org\/bayern\/geschichte\/"},{"@type":"ListItem","position":3,"name":"1799-1825. K\u00f6nig Maximilian I. von Bayern."}]},{"@type":"WebSite","@id":"https:\/\/www.ewigerbund.org\/bayern\/#website","url":"https:\/\/www.ewigerbund.org\/bayern\/","name":"K\u00f6nigreich Bayern","description":"im ewigen Bund.","publisher":{"@id":"https:\/\/www.ewigerbund.org\/bayern\/#organization"},"potentialAction":[{"@type":"SearchAction","target":{"@type":"EntryPoint","urlTemplate":"https:\/\/www.ewigerbund.org\/bayern\/?s={search_term_string}"},"query-input":"required name=search_term_string"}],"inLanguage":"de"},{"@type":"Organization","@id":"https:\/\/www.ewigerbund.org\/bayern\/#organization","name":"K\u00f6nigreich Bayern","url":"https:\/\/www.ewigerbund.org\/bayern\/","logo":{"@type":"ImageObject","inLanguage":"de","@id":"https:\/\/www.ewigerbund.org\/bayern\/#\/schema\/logo\/image\/","url":"https:\/\/www.ewigerbund.org\/bayern\/wp-content\/uploads\/sites\/12\/2023\/02\/2023-02-24-Logo-EB-Bayern-Schutzzone_Schatten_BGweiss_V2_1200px.png","contentUrl":"https:\/\/www.ewigerbund.org\/bayern\/wp-content\/uploads\/sites\/12\/2023\/02\/2023-02-24-Logo-EB-Bayern-Schutzzone_Schatten_BGweiss_V2_1200px.png","width":1200,"height":1200,"caption":"K\u00f6nigreich Bayern"},"image":{"@id":"https:\/\/www.ewigerbund.org\/bayern\/#\/schema\/logo\/image\/"}}]}},"_links":{"self":[{"href":"https:\/\/www.ewigerbund.org\/bayern\/wp-json\/wp\/v2\/pages\/924","targetHints":{"allow":["GET"]}}],"collection":[{"href":"https:\/\/www.ewigerbund.org\/bayern\/wp-json\/wp\/v2\/pages"}],"about":[{"href":"https:\/\/www.ewigerbund.org\/bayern\/wp-json\/wp\/v2\/types\/page"}],"author":[{"embeddable":true,"href":"https:\/\/www.ewigerbund.org\/bayern\/wp-json\/wp\/v2\/users\/1"}],"replies":[{"embeddable":true,"href":"https:\/\/www.ewigerbund.org\/bayern\/wp-json\/wp\/v2\/comments?post=924"}],"version-history":[{"count":11,"href":"https:\/\/www.ewigerbund.org\/bayern\/wp-json\/wp\/v2\/pages\/924\/revisions"}],"predecessor-version":[{"id":4865,"href":"https:\/\/www.ewigerbund.org\/bayern\/wp-json\/wp\/v2\/pages\/924\/revisions\/4865"}],"up":[{"embeddable":true,"href":"https:\/\/www.ewigerbund.org\/bayern\/wp-json\/wp\/v2\/pages\/215"}],"wp:featuredmedia":[{"embeddable":true,"href":"https:\/\/www.ewigerbund.org\/bayern\/wp-json\/wp\/v2\/media\/2883"}],"wp:attachment":[{"href":"https:\/\/www.ewigerbund.org\/bayern\/wp-json\/wp\/v2\/media?parent=924"}],"wp:term":[{"taxonomy":"category","embeddable":true,"href":"https:\/\/www.ewigerbund.org\/bayern\/wp-json\/wp\/v2\/categories?post=924"},{"taxonomy":"post_tag","embeddable":true,"href":"https:\/\/www.ewigerbund.org\/bayern\/wp-json\/wp\/v2\/tags?post=924"}],"curies":[{"name":"wp","href":"https:\/\/api.w.org\/{rel}","templated":true}]}}