{"id":922,"date":"2022-08-22T19:32:13","date_gmt":"2022-08-22T17:32:13","guid":{"rendered":"https:\/\/www.ewigerbund.org\/bayern\/?page_id=922"},"modified":"2023-11-07T23:18:37","modified_gmt":"2023-11-07T22:18:37","slug":"kurfuerst-maximilian-i-von-bayern","status":"publish","type":"page","link":"https:\/\/www.ewigerbund.org\/bayern\/geschichte\/kurfuerst-maximilian-i-von-bayern\/","title":{"rendered":"1598-1651. Kurf\u00fcrst Maximilian I. von Bayern."},"content":{"rendered":"<div class=\"gb-container gb-container-cce403e9\">\n\n<p>W\u00e4hrend des ganzen <a href=\"https:\/\/www.ewigerbund.org\/bayern\/geschichte\/der-dreissigjaehrige-krieg\/\">Drei\u00dfigj\u00e4hrigen Krieges<\/a> und noch dar\u00fcber hinaus regierte in Bayern Maximilian I., zuerst (1598-1623) als Herzog und dann als Kurf\u00fcrst. Er geh\u00f6rte zu den bedeutendsten F\u00fcrsten seiner Zeit. Trotz der unseligen K\u00e4mpfe, an denen er den lebhaftesten Anteil nahm, gelang es ihm, in seinem Lande manches unverg\u00e4ngliche Werk der Kunst und der Kultur zu f\u00f6rdern.<\/p>\n\n<\/div>\n\n\n<p><strong>1. Ordnung der inneren Verh\u00e4ltnisse.<\/strong><\/p>\n\n\n<div class=\"gb-container gb-container-671520ab\">\n\n<p>Zun\u00e4chst sah er es als seine Hauptsorge an, die wirtschaftlichen Kr\u00e4fte des Landes zu heben und die unter seinem Vater Wilhelm V., dem Frommen, stark angewachsene Staatsschuld zu mindern. In diesem Bestreben wandte er der Salzproduktion besondere Sorgfalt zu und lie\u00df eine Solenleitung von Reichenhall nach Traunstein legen. Im sogenannten \u201eSalzkrieg&#8220; gegen den Salzburger Erzbischof, der den bayerischen Salzhandel zu sch\u00e4digen suchte, wu\u00dfte er seine Rechte kr\u00e4ftig zu wahren. Nach Ordnung der finanziellen Verh\u00e4ltnisse verwandte Maximilian einen Teil seiner reichen Eink\u00fcnfte auf die F\u00f6rderung der Kunst und Wissenschaft. So erbaute er die neue Residenz und legte den von Arkaden umgebenen Hofgarten an. Herrliche Kunstwerke, darunter das Grabdenkmal <a href=\"https:\/\/www.ewigerbund.org\/bayern\/geschichte\/friedrich-von-oesterreich-und-ludwig-von-bayern\/\">Ludwig des Bayern<\/a> in der Frauenkirche, lie\u00df er f\u00fcr die Gottesh\u00e4user und zum Schmucke seiner Residenz herstellen. Auf dem Marienplatze in M\u00fcnchen erstand zum Andenken an den Sieg am Wei\u00dfen Berge die pr\u00e4chtige \u201eMariens\u00e4ule&#8220;. Auch Erziehung und Unterricht des Volkes lagen dem tatkr\u00e4ftigen F\u00fcrsten sehr am Herzen. Mit besonderer Gunst f\u00f6rderte er die Universit\u00e4t Ingolstadt. Aber auch Mittel- und Volksschulen, besonders die seiner Hauptstadt, erfreuten sich seiner F\u00fcrsorge und Pflege. Ein einheitliches Gesetzbuch, das \u201eBayerische Landrecht\u201c, sollte die innere Verwaltung des Landes nach festen Normen regeln.<\/p>\n\n<\/div>\n\n\n<p><strong>2. Vorbereitung auf die kommenden K\u00e4mpfe.<\/strong><\/p>\n\n\n\n<p>Sein Hauptaugenmerk aber richtete der Herzog auf die Heranbildung eines t\u00fcchtigen Heeres. Denn mit scharfem Blicke erkannte er, da\u00df die religi\u00f6sen und politischen Gegens\u00e4tze im Deutschen Reiche auf schwere K\u00e4mpfe hindr\u00e4ngten und fr\u00fchzeitig wollte er Veranstaltungen treffen, die dem Herzogtum Bayern und seinem F\u00fcrstenhause einen ma\u00dfgebenden Einflu\u00df in den bevorstehenden Entscheidungen sichern mu\u00dften. Er legte deshalb einen Kriegsschatz an, dem er reiche Mittel zuf\u00fchrte und zum Lehrer und F\u00fchrer seiner Truppen erkor er sich einen wackeren und kriegskundigen K\u00e4mpen: den Niederl\u00e4nder Johann T&#8217;Serclaes von Tilly.<\/p>\n\n\n<div class=\"gb-container gb-container-6715a53c\">\n\n<p><strong>3. Maximilian im <a href=\"https:\/\/www.ewigerbund.org\/bayern\/geschichte\/der-dreissigjaehrige-krieg\/\">Drei\u00dfigj\u00e4hrigen Kriege<\/a>.<\/strong><\/p>\n\n<\/div>\n\n\n<p>So gewappnet, konnte sich Maximilian beim Ausbruche der schrecklichen Wirren, die den Hauptteil seiner langen Regierungszeit erf\u00fcllen sollten, dem Kaiser als der m\u00e4chtigste und einflu\u00dfreichste Bundesgenosse an die Seite stellen. Ihm hat es die katholische Sache in Deutschland im wesentlichen zu verdanken, da\u00df sie dem Ansturme, der sie so schwer bedrohte, nicht erlag. Zum Danke f\u00fcr seine Hilfe und f\u00fcr die zahlreichen gl\u00e4nzenden Siege seines Heeres verlieh ihm der Kaiser im Jahre 1623 die Kurw\u00fcrde und im Jahre 1628 wurde die Oberpfalz zu Bayern geschlagen.<\/p>\n\n\n\n<p><strong>4. Bayern nach dem Kriege.<\/strong><\/p>\n\n\n\n<p>Auch Bayerns Wohlstand ward durch die Schrecken des Krieges vernichtet worden und namentlich nach Tillys Tode (1632) hatte das Land unter wiederholten Einf\u00e4llen der Schweden schwer gelitten; allein Maximilians Regierungskunst wu\u00dfte manche blutende Wunde zu schlie\u00dfen; manches gro\u00dfe Werk der Wohlt\u00e4tigkeit linderte die Not und das Elend, die im Gefolge des Krieges in Stadt und Land eingezogen waren. In M\u00fcnchen gr\u00fcndete der Kurf\u00fcrst das Herzogs- und das Josephsspital und viele edle Stiftungen tragen noch heute seinen Namen.<\/p>\n\n\n\n<p><strong>5. Tod und Denkmal.<\/strong><\/p>\n\n\n<div class=\"gb-container gb-container-d94aeff8\">\n\n<p>1651 entschlief der treffliche F\u00fcrst in seiner Lieblingsstadt Ingolstadt. <a href=\"https:\/\/www.ewigerbund.org\/bayern\/geschichte\/koenig-ludwig-i\/\">K\u00f6nig Ludwig I.<\/a> lie\u00df ihm auf dem Wittelsbacher Platz in M\u00fcnchen ein herrliches Denkmal errichten, das, von Thorwaldsen modelliert und von Stiglmayer in Erz gegossen, den Kurf\u00fcrsten als Feldherrn in ritterlicher R\u00fcstung zeigt und wohl das vollendetste Denkmal in Deutschland darstellt.<\/p>\n\n<\/div>\n\n<div class=\"gb-button-wrapper gb-button-wrapper-22573b2c\">\n\n<a class=\"gb-button gb-button-a8607f87 gb-button-text\" href=\"https:\/\/forum.bayern.ewigerbund.org\/viewtopic.php?t=295\" target=\"_blank\" rel=\"noopener noreferrer\">Dieser Beitrag hat dir gefallen? Hier kommentieren.<\/a>\n\n<\/div>\n\n\n<p><\/p>\n\n\n\n<p class=\"has-small-font-size\"><em>Quelle: Bayerisches Realienbuch, <em>Bearbeitet von Dr. Hans Reinlein, Oberlehrer in M\u00fcnchen Realienbuch Nr.<\/em><\/em> 63, <em>171. bis 180. Gesamtauflage. Bielefeld und Leipzig 1915, Seite 79-81.<\/em><\/p>\n","protected":false},"excerpt":{"rendered":"<p>W\u00e4hrend des ganzen Drei\u00dfigj\u00e4hrigen Krieges und noch dar\u00fcber hinaus regierte in Bayern Maximilian I., zuerst (1598-1623) als Herzog und dann als Kurf\u00fcrst. Er geh\u00f6rte zu den bedeutendsten F\u00fcrsten seiner Zeit. Trotz der unseligen K\u00e4mpfe, an denen er den lebhaftesten Anteil nahm, gelang es ihm, in seinem Lande manches unverg\u00e4ngliche Werk der Kunst und der Kultur &#8230; <a title=\"1598-1651. Kurf\u00fcrst Maximilian I. von Bayern.\" class=\"read-more\" href=\"https:\/\/www.ewigerbund.org\/bayern\/geschichte\/kurfuerst-maximilian-i-von-bayern\/\" aria-label=\"Mehr zu 1598-1651. Kurf\u00fcrst Maximilian I. von Bayern.\">Weiterlesen &#8230;<\/a><\/p>\n","protected":false},"author":1,"featured_media":2872,"parent":215,"menu_order":7,"comment_status":"closed","ping_status":"closed","template":"template-6-beide-seitenleiste.php","meta":{"footnotes":""},"categories":[7],"tags":[209,207,210,203,206,204,208],"class_list":["post-922","page","type-page","status-publish","has-post-thumbnail","hentry","category-geschichte","tag-denkmal","tag-dreissigjaehriger-krieg","tag-frauenkirche","tag-ingolstadt","tag-kurfuerst-maximilian-i","tag-muenchen","tag-reichenhall"],"yoast_head":"<!-- This site is optimized with the Yoast SEO plugin v23.1 - https:\/\/yoast.com\/wordpress\/plugins\/seo\/ -->\n<title>1598-1651. Kurf\u00fcrst Maximilian I. von Bayern. - K\u00f6nigreich Bayern<\/title>\n<meta name=\"robots\" content=\"index, follow, max-snippet:-1, max-image-preview:large, max-video-preview:-1\" \/>\n<link rel=\"canonical\" href=\"https:\/\/www.ewigerbund.org\/bayern\/geschichte\/kurfuerst-maximilian-i-von-bayern\/\" \/>\n<meta property=\"og:locale\" content=\"de_DE\" \/>\n<meta property=\"og:type\" content=\"article\" \/>\n<meta property=\"og:title\" content=\"1598-1651. Kurf\u00fcrst Maximilian I. von Bayern. - K\u00f6nigreich Bayern\" \/>\n<meta property=\"og:description\" content=\"W\u00e4hrend des ganzen Drei\u00dfigj\u00e4hrigen Krieges und noch dar\u00fcber hinaus regierte in Bayern Maximilian I., zuerst (1598-1623) als Herzog und dann als Kurf\u00fcrst. Er geh\u00f6rte zu den bedeutendsten F\u00fcrsten seiner Zeit. Trotz der unseligen K\u00e4mpfe, an denen er den lebhaftesten Anteil nahm, gelang es ihm, in seinem Lande manches unverg\u00e4ngliche Werk der Kunst und der Kultur ... Weiterlesen ...\" \/>\n<meta property=\"og:url\" content=\"https:\/\/www.ewigerbund.org\/bayern\/geschichte\/kurfuerst-maximilian-i-von-bayern\/\" \/>\n<meta property=\"og:site_name\" content=\"K\u00f6nigreich Bayern\" \/>\n<meta property=\"article:modified_time\" content=\"2023-11-07T22:18:37+00:00\" \/>\n<meta property=\"og:image\" content=\"https:\/\/www.ewigerbund.org\/bayern\/wp-content\/uploads\/sites\/12\/2023\/06\/1598-1651_Kurfuerst_Maximilian_I_-1024x582-1.jpg\" \/>\n\t<meta property=\"og:image:width\" content=\"1024\" \/>\n\t<meta property=\"og:image:height\" content=\"582\" \/>\n\t<meta property=\"og:image:type\" content=\"image\/jpeg\" \/>\n<meta name=\"twitter:card\" content=\"summary_large_image\" \/>\n<meta name=\"twitter:label1\" content=\"Gesch\u00e4tzte Lesezeit\" \/>\n\t<meta name=\"twitter:data1\" content=\"4\u00a0Minuten\" \/>\n<script type=\"application\/ld+json\" class=\"yoast-schema-graph\">{\"@context\":\"https:\/\/schema.org\",\"@graph\":[{\"@type\":\"WebPage\",\"@id\":\"https:\/\/www.ewigerbund.org\/bayern\/geschichte\/kurfuerst-maximilian-i-von-bayern\/\",\"url\":\"https:\/\/www.ewigerbund.org\/bayern\/geschichte\/kurfuerst-maximilian-i-von-bayern\/\",\"name\":\"1598-1651. Kurf\u00fcrst Maximilian I. von Bayern. - K\u00f6nigreich Bayern\",\"isPartOf\":{\"@id\":\"https:\/\/www.ewigerbund.org\/bayern\/#website\"},\"primaryImageOfPage\":{\"@id\":\"https:\/\/www.ewigerbund.org\/bayern\/geschichte\/kurfuerst-maximilian-i-von-bayern\/#primaryimage\"},\"image\":{\"@id\":\"https:\/\/www.ewigerbund.org\/bayern\/geschichte\/kurfuerst-maximilian-i-von-bayern\/#primaryimage\"},\"thumbnailUrl\":\"https:\/\/www.ewigerbund.org\/bayern\/wp-content\/uploads\/sites\/12\/2023\/06\/1598-1651_Kurfuerst_Maximilian_I_-1024x582-1.jpg\",\"datePublished\":\"2022-08-22T17:32:13+00:00\",\"dateModified\":\"2023-11-07T22:18:37+00:00\",\"breadcrumb\":{\"@id\":\"https:\/\/www.ewigerbund.org\/bayern\/geschichte\/kurfuerst-maximilian-i-von-bayern\/#breadcrumb\"},\"inLanguage\":\"de\",\"potentialAction\":[{\"@type\":\"ReadAction\",\"target\":[\"https:\/\/www.ewigerbund.org\/bayern\/geschichte\/kurfuerst-maximilian-i-von-bayern\/\"]}]},{\"@type\":\"ImageObject\",\"inLanguage\":\"de\",\"@id\":\"https:\/\/www.ewigerbund.org\/bayern\/geschichte\/kurfuerst-maximilian-i-von-bayern\/#primaryimage\",\"url\":\"https:\/\/www.ewigerbund.org\/bayern\/wp-content\/uploads\/sites\/12\/2023\/06\/1598-1651_Kurfuerst_Maximilian_I_-1024x582-1.jpg\",\"contentUrl\":\"https:\/\/www.ewigerbund.org\/bayern\/wp-content\/uploads\/sites\/12\/2023\/06\/1598-1651_Kurfuerst_Maximilian_I_-1024x582-1.jpg\",\"width\":1024,\"height\":582,\"caption\":\"1598-1651_Kurfuerst_Maximilian_I_-1024x582\"},{\"@type\":\"BreadcrumbList\",\"@id\":\"https:\/\/www.ewigerbund.org\/bayern\/geschichte\/kurfuerst-maximilian-i-von-bayern\/#breadcrumb\",\"itemListElement\":[{\"@type\":\"ListItem\",\"position\":1,\"name\":\"Startseite\",\"item\":\"https:\/\/www.ewigerbund.org\/bayern\/\"},{\"@type\":\"ListItem\",\"position\":2,\"name\":\"Geschichte\",\"item\":\"https:\/\/www.ewigerbund.org\/bayern\/geschichte\/\"},{\"@type\":\"ListItem\",\"position\":3,\"name\":\"1598-1651. Kurf\u00fcrst Maximilian I. von Bayern.\"}]},{\"@type\":\"WebSite\",\"@id\":\"https:\/\/www.ewigerbund.org\/bayern\/#website\",\"url\":\"https:\/\/www.ewigerbund.org\/bayern\/\",\"name\":\"K\u00f6nigreich Bayern\",\"description\":\"im ewigen Bund.\",\"publisher\":{\"@id\":\"https:\/\/www.ewigerbund.org\/bayern\/#organization\"},\"potentialAction\":[{\"@type\":\"SearchAction\",\"target\":{\"@type\":\"EntryPoint\",\"urlTemplate\":\"https:\/\/www.ewigerbund.org\/bayern\/?s={search_term_string}\"},\"query-input\":\"required name=search_term_string\"}],\"inLanguage\":\"de\"},{\"@type\":\"Organization\",\"@id\":\"https:\/\/www.ewigerbund.org\/bayern\/#organization\",\"name\":\"K\u00f6nigreich Bayern\",\"url\":\"https:\/\/www.ewigerbund.org\/bayern\/\",\"logo\":{\"@type\":\"ImageObject\",\"inLanguage\":\"de\",\"@id\":\"https:\/\/www.ewigerbund.org\/bayern\/#\/schema\/logo\/image\/\",\"url\":\"https:\/\/www.ewigerbund.org\/bayern\/wp-content\/uploads\/sites\/12\/2023\/02\/2023-02-24-Logo-EB-Bayern-Schutzzone_Schatten_BGweiss_V2_1200px.png\",\"contentUrl\":\"https:\/\/www.ewigerbund.org\/bayern\/wp-content\/uploads\/sites\/12\/2023\/02\/2023-02-24-Logo-EB-Bayern-Schutzzone_Schatten_BGweiss_V2_1200px.png\",\"width\":1200,\"height\":1200,\"caption\":\"K\u00f6nigreich Bayern\"},\"image\":{\"@id\":\"https:\/\/www.ewigerbund.org\/bayern\/#\/schema\/logo\/image\/\"}}]}<\/script>\n<!-- \/ Yoast SEO plugin. -->","yoast_head_json":{"title":"1598-1651. Kurf\u00fcrst Maximilian I. von Bayern. - K\u00f6nigreich Bayern","robots":{"index":"index","follow":"follow","max-snippet":"max-snippet:-1","max-image-preview":"max-image-preview:large","max-video-preview":"max-video-preview:-1"},"canonical":"https:\/\/www.ewigerbund.org\/bayern\/geschichte\/kurfuerst-maximilian-i-von-bayern\/","og_locale":"de_DE","og_type":"article","og_title":"1598-1651. Kurf\u00fcrst Maximilian I. von Bayern. - K\u00f6nigreich Bayern","og_description":"W\u00e4hrend des ganzen Drei\u00dfigj\u00e4hrigen Krieges und noch dar\u00fcber hinaus regierte in Bayern Maximilian I., zuerst (1598-1623) als Herzog und dann als Kurf\u00fcrst. Er geh\u00f6rte zu den bedeutendsten F\u00fcrsten seiner Zeit. Trotz der unseligen K\u00e4mpfe, an denen er den lebhaftesten Anteil nahm, gelang es ihm, in seinem Lande manches unverg\u00e4ngliche Werk der Kunst und der Kultur ... Weiterlesen ...","og_url":"https:\/\/www.ewigerbund.org\/bayern\/geschichte\/kurfuerst-maximilian-i-von-bayern\/","og_site_name":"K\u00f6nigreich Bayern","article_modified_time":"2023-11-07T22:18:37+00:00","og_image":[{"width":1024,"height":582,"url":"https:\/\/www.ewigerbund.org\/bayern\/wp-content\/uploads\/sites\/12\/2023\/06\/1598-1651_Kurfuerst_Maximilian_I_-1024x582-1.jpg","type":"image\/jpeg"}],"twitter_card":"summary_large_image","twitter_misc":{"Gesch\u00e4tzte Lesezeit":"4\u00a0Minuten"},"schema":{"@context":"https:\/\/schema.org","@graph":[{"@type":"WebPage","@id":"https:\/\/www.ewigerbund.org\/bayern\/geschichte\/kurfuerst-maximilian-i-von-bayern\/","url":"https:\/\/www.ewigerbund.org\/bayern\/geschichte\/kurfuerst-maximilian-i-von-bayern\/","name":"1598-1651. Kurf\u00fcrst Maximilian I. von Bayern. - K\u00f6nigreich Bayern","isPartOf":{"@id":"https:\/\/www.ewigerbund.org\/bayern\/#website"},"primaryImageOfPage":{"@id":"https:\/\/www.ewigerbund.org\/bayern\/geschichte\/kurfuerst-maximilian-i-von-bayern\/#primaryimage"},"image":{"@id":"https:\/\/www.ewigerbund.org\/bayern\/geschichte\/kurfuerst-maximilian-i-von-bayern\/#primaryimage"},"thumbnailUrl":"https:\/\/www.ewigerbund.org\/bayern\/wp-content\/uploads\/sites\/12\/2023\/06\/1598-1651_Kurfuerst_Maximilian_I_-1024x582-1.jpg","datePublished":"2022-08-22T17:32:13+00:00","dateModified":"2023-11-07T22:18:37+00:00","breadcrumb":{"@id":"https:\/\/www.ewigerbund.org\/bayern\/geschichte\/kurfuerst-maximilian-i-von-bayern\/#breadcrumb"},"inLanguage":"de","potentialAction":[{"@type":"ReadAction","target":["https:\/\/www.ewigerbund.org\/bayern\/geschichte\/kurfuerst-maximilian-i-von-bayern\/"]}]},{"@type":"ImageObject","inLanguage":"de","@id":"https:\/\/www.ewigerbund.org\/bayern\/geschichte\/kurfuerst-maximilian-i-von-bayern\/#primaryimage","url":"https:\/\/www.ewigerbund.org\/bayern\/wp-content\/uploads\/sites\/12\/2023\/06\/1598-1651_Kurfuerst_Maximilian_I_-1024x582-1.jpg","contentUrl":"https:\/\/www.ewigerbund.org\/bayern\/wp-content\/uploads\/sites\/12\/2023\/06\/1598-1651_Kurfuerst_Maximilian_I_-1024x582-1.jpg","width":1024,"height":582,"caption":"1598-1651_Kurfuerst_Maximilian_I_-1024x582"},{"@type":"BreadcrumbList","@id":"https:\/\/www.ewigerbund.org\/bayern\/geschichte\/kurfuerst-maximilian-i-von-bayern\/#breadcrumb","itemListElement":[{"@type":"ListItem","position":1,"name":"Startseite","item":"https:\/\/www.ewigerbund.org\/bayern\/"},{"@type":"ListItem","position":2,"name":"Geschichte","item":"https:\/\/www.ewigerbund.org\/bayern\/geschichte\/"},{"@type":"ListItem","position":3,"name":"1598-1651. Kurf\u00fcrst Maximilian I. von Bayern."}]},{"@type":"WebSite","@id":"https:\/\/www.ewigerbund.org\/bayern\/#website","url":"https:\/\/www.ewigerbund.org\/bayern\/","name":"K\u00f6nigreich Bayern","description":"im ewigen Bund.","publisher":{"@id":"https:\/\/www.ewigerbund.org\/bayern\/#organization"},"potentialAction":[{"@type":"SearchAction","target":{"@type":"EntryPoint","urlTemplate":"https:\/\/www.ewigerbund.org\/bayern\/?s={search_term_string}"},"query-input":"required name=search_term_string"}],"inLanguage":"de"},{"@type":"Organization","@id":"https:\/\/www.ewigerbund.org\/bayern\/#organization","name":"K\u00f6nigreich Bayern","url":"https:\/\/www.ewigerbund.org\/bayern\/","logo":{"@type":"ImageObject","inLanguage":"de","@id":"https:\/\/www.ewigerbund.org\/bayern\/#\/schema\/logo\/image\/","url":"https:\/\/www.ewigerbund.org\/bayern\/wp-content\/uploads\/sites\/12\/2023\/02\/2023-02-24-Logo-EB-Bayern-Schutzzone_Schatten_BGweiss_V2_1200px.png","contentUrl":"https:\/\/www.ewigerbund.org\/bayern\/wp-content\/uploads\/sites\/12\/2023\/02\/2023-02-24-Logo-EB-Bayern-Schutzzone_Schatten_BGweiss_V2_1200px.png","width":1200,"height":1200,"caption":"K\u00f6nigreich Bayern"},"image":{"@id":"https:\/\/www.ewigerbund.org\/bayern\/#\/schema\/logo\/image\/"}}]}},"_links":{"self":[{"href":"https:\/\/www.ewigerbund.org\/bayern\/wp-json\/wp\/v2\/pages\/922","targetHints":{"allow":["GET"]}}],"collection":[{"href":"https:\/\/www.ewigerbund.org\/bayern\/wp-json\/wp\/v2\/pages"}],"about":[{"href":"https:\/\/www.ewigerbund.org\/bayern\/wp-json\/wp\/v2\/types\/page"}],"author":[{"embeddable":true,"href":"https:\/\/www.ewigerbund.org\/bayern\/wp-json\/wp\/v2\/users\/1"}],"replies":[{"embeddable":true,"href":"https:\/\/www.ewigerbund.org\/bayern\/wp-json\/wp\/v2\/comments?post=922"}],"version-history":[{"count":9,"href":"https:\/\/www.ewigerbund.org\/bayern\/wp-json\/wp\/v2\/pages\/922\/revisions"}],"predecessor-version":[{"id":4432,"href":"https:\/\/www.ewigerbund.org\/bayern\/wp-json\/wp\/v2\/pages\/922\/revisions\/4432"}],"up":[{"embeddable":true,"href":"https:\/\/www.ewigerbund.org\/bayern\/wp-json\/wp\/v2\/pages\/215"}],"wp:featuredmedia":[{"embeddable":true,"href":"https:\/\/www.ewigerbund.org\/bayern\/wp-json\/wp\/v2\/media\/2872"}],"wp:attachment":[{"href":"https:\/\/www.ewigerbund.org\/bayern\/wp-json\/wp\/v2\/media?parent=922"}],"wp:term":[{"taxonomy":"category","embeddable":true,"href":"https:\/\/www.ewigerbund.org\/bayern\/wp-json\/wp\/v2\/categories?post=922"},{"taxonomy":"post_tag","embeddable":true,"href":"https:\/\/www.ewigerbund.org\/bayern\/wp-json\/wp\/v2\/tags?post=922"}],"curies":[{"name":"wp","href":"https:\/\/api.w.org\/{rel}","templated":true}]}}