{"id":602,"date":"2022-08-12T16:28:23","date_gmt":"2022-08-12T14:28:23","guid":{"rendered":"https:\/\/www.ewigerbund.org\/bayern\/?page_id=602"},"modified":"2023-07-20T01:38:33","modified_gmt":"2023-07-19T23:38:33","slug":"gruendung-des-deutschen-zollvereines","status":"publish","type":"page","link":"https:\/\/www.ewigerbund.org\/bayern\/geschichte\/gruendung-des-deutschen-zollvereines\/","title":{"rendered":"1834. Gr\u00fcndung des deutschen Zollvereines."},"content":{"rendered":"\n<p>Von gro\u00dfer Wichtigkeit war die Gr\u00fcndung des Deutschen Zollvereins (1834). Bis dahin war n\u00e4mlich die Einfuhr der Waren aus einem Bundesstaat in den anderen nur gegen Zoll gestattet. Das war ungemein l\u00e4stig und hemmte den Handel sehr. Durch den Zollverein h\u00f6rte der Zoll auf, und nun bl\u00fchte der Handel bald kr\u00e4ftig empor. Der Zollverein war nach der im Jahre 1806 erfolgten Aufl\u00f6sung des \u201eHeiligen r\u00f6mischen Reiches deutscher Nation\u201c das erste feste Band, das sich wieder um die deutschen L\u00e4nder schlang, und bereitete die k\u00fcnftige Einigung vor.<\/p>\n\n\n<div class=\"gb-button-wrapper gb-button-wrapper-149b51b9\">\n\n<a class=\"gb-button gb-button-908f1ffa gb-button-text\" href=\"https:\/\/forum.bayern.ewigerbund.org\/viewtopic.php?t=262\" target=\"_blank\" rel=\"noopener noreferrer\">Dieser Beitrag hat dir gefallen? Hier kommentieren.<\/a>\n\n<\/div>\n\n\n<p><\/p>\n\n\n\n<p class=\"has-small-font-size\"><em>Quelle: Bayerisches Realienbuch. Bearbeitet von Dr. Hans Reinlein, Oberlehrer in M\u00fcnchen Realienbuch Nr. 63, 171. bis 180. Gesamt-Auflage. Bielefeld und Leipzig 1915, Seite 117 (letzter Absatz Friedenszeit 1815 &#8211; 1840).<\/em><\/p>\n","protected":false},"excerpt":{"rendered":"<p>Von gro\u00dfer Wichtigkeit war die Gr\u00fcndung des Deutschen Zollvereins (1834). Bis dahin war n\u00e4mlich die Einfuhr der Waren aus einem Bundesstaat in den anderen nur gegen Zoll gestattet. Das war ungemein l\u00e4stig und hemmte den Handel sehr. Durch den Zollverein h\u00f6rte der Zoll auf, und nun bl\u00fchte der Handel bald kr\u00e4ftig empor. Der Zollverein war &#8230; <a title=\"1834. Gr\u00fcndung des deutschen Zollvereines.\" class=\"read-more\" href=\"https:\/\/www.ewigerbund.org\/bayern\/geschichte\/gruendung-des-deutschen-zollvereines\/\" aria-label=\"Mehr zu 1834. Gr\u00fcndung des deutschen Zollvereines.\">Weiterlesen &#8230;<\/a><\/p>\n","protected":false},"author":1,"featured_media":2889,"parent":215,"menu_order":22,"comment_status":"closed","ping_status":"closed","template":"","meta":{"footnotes":""},"categories":[6,5,7],"tags":[116,110,111],"class_list":["post-602","page","type-page","status-publish","has-post-thumbnail","hentry","category-bayern","category-bundesstaat","category-geschichte","tag-handel","tag-zoll","tag-zollverein"],"yoast_head":"<!-- This site is optimized with the Yoast SEO plugin v23.1 - https:\/\/yoast.com\/wordpress\/plugins\/seo\/ -->\n<title>1834. Gr\u00fcndung des deutschen Zollvereines. - K\u00f6nigreich Bayern<\/title>\n<meta name=\"robots\" content=\"index, follow, max-snippet:-1, max-image-preview:large, max-video-preview:-1\" \/>\n<link rel=\"canonical\" href=\"https:\/\/www.ewigerbund.org\/bayern\/geschichte\/gruendung-des-deutschen-zollvereines\/\" \/>\n<meta property=\"og:locale\" content=\"de_DE\" \/>\n<meta property=\"og:type\" content=\"article\" \/>\n<meta property=\"og:title\" content=\"1834. Gr\u00fcndung des deutschen Zollvereines. - K\u00f6nigreich Bayern\" \/>\n<meta property=\"og:description\" content=\"Von gro\u00dfer Wichtigkeit war die Gr\u00fcndung des Deutschen Zollvereins (1834). Bis dahin war n\u00e4mlich die Einfuhr der Waren aus einem Bundesstaat in den anderen nur gegen Zoll gestattet. Das war ungemein l\u00e4stig und hemmte den Handel sehr. Durch den Zollverein h\u00f6rte der Zoll auf, und nun bl\u00fchte der Handel bald kr\u00e4ftig empor. Der Zollverein war ... Weiterlesen ...\" \/>\n<meta property=\"og:url\" content=\"https:\/\/www.ewigerbund.org\/bayern\/geschichte\/gruendung-des-deutschen-zollvereines\/\" \/>\n<meta property=\"og:site_name\" content=\"K\u00f6nigreich Bayern\" \/>\n<meta property=\"article:modified_time\" content=\"2023-07-19T23:38:33+00:00\" \/>\n<meta property=\"og:image\" content=\"https:\/\/www.ewigerbund.org\/bayern\/wp-content\/uploads\/sites\/12\/2023\/06\/Gruendung-des-Deutschen-Zollvereins-1024x580-1.jpg\" \/>\n\t<meta property=\"og:image:width\" content=\"1024\" \/>\n\t<meta property=\"og:image:height\" content=\"580\" \/>\n\t<meta property=\"og:image:type\" content=\"image\/jpeg\" \/>\n<meta name=\"twitter:card\" content=\"summary_large_image\" \/>\n<meta name=\"twitter:label1\" content=\"Gesch\u00e4tzte Lesezeit\" \/>\n\t<meta name=\"twitter:data1\" content=\"1\u00a0Minute\" \/>\n<script type=\"application\/ld+json\" class=\"yoast-schema-graph\">{\"@context\":\"https:\/\/schema.org\",\"@graph\":[{\"@type\":\"WebPage\",\"@id\":\"https:\/\/www.ewigerbund.org\/bayern\/geschichte\/gruendung-des-deutschen-zollvereines\/\",\"url\":\"https:\/\/www.ewigerbund.org\/bayern\/geschichte\/gruendung-des-deutschen-zollvereines\/\",\"name\":\"1834. Gr\u00fcndung des deutschen Zollvereines. - K\u00f6nigreich Bayern\",\"isPartOf\":{\"@id\":\"https:\/\/www.ewigerbund.org\/bayern\/#website\"},\"primaryImageOfPage\":{\"@id\":\"https:\/\/www.ewigerbund.org\/bayern\/geschichte\/gruendung-des-deutschen-zollvereines\/#primaryimage\"},\"image\":{\"@id\":\"https:\/\/www.ewigerbund.org\/bayern\/geschichte\/gruendung-des-deutschen-zollvereines\/#primaryimage\"},\"thumbnailUrl\":\"https:\/\/www.ewigerbund.org\/bayern\/wp-content\/uploads\/sites\/12\/2023\/06\/Gruendung-des-Deutschen-Zollvereins-1024x580-1.jpg\",\"datePublished\":\"2022-08-12T14:28:23+00:00\",\"dateModified\":\"2023-07-19T23:38:33+00:00\",\"breadcrumb\":{\"@id\":\"https:\/\/www.ewigerbund.org\/bayern\/geschichte\/gruendung-des-deutschen-zollvereines\/#breadcrumb\"},\"inLanguage\":\"de\",\"potentialAction\":[{\"@type\":\"ReadAction\",\"target\":[\"https:\/\/www.ewigerbund.org\/bayern\/geschichte\/gruendung-des-deutschen-zollvereines\/\"]}]},{\"@type\":\"ImageObject\",\"inLanguage\":\"de\",\"@id\":\"https:\/\/www.ewigerbund.org\/bayern\/geschichte\/gruendung-des-deutschen-zollvereines\/#primaryimage\",\"url\":\"https:\/\/www.ewigerbund.org\/bayern\/wp-content\/uploads\/sites\/12\/2023\/06\/Gruendung-des-Deutschen-Zollvereins-1024x580-1.jpg\",\"contentUrl\":\"https:\/\/www.ewigerbund.org\/bayern\/wp-content\/uploads\/sites\/12\/2023\/06\/Gruendung-des-Deutschen-Zollvereins-1024x580-1.jpg\",\"width\":1024,\"height\":580,\"caption\":\"Gruendung-des-Deutschen-Zollvereins-1024x580\"},{\"@type\":\"BreadcrumbList\",\"@id\":\"https:\/\/www.ewigerbund.org\/bayern\/geschichte\/gruendung-des-deutschen-zollvereines\/#breadcrumb\",\"itemListElement\":[{\"@type\":\"ListItem\",\"position\":1,\"name\":\"Startseite\",\"item\":\"https:\/\/www.ewigerbund.org\/bayern\/\"},{\"@type\":\"ListItem\",\"position\":2,\"name\":\"Geschichte\",\"item\":\"https:\/\/www.ewigerbund.org\/bayern\/geschichte\/\"},{\"@type\":\"ListItem\",\"position\":3,\"name\":\"1834. Gr\u00fcndung des deutschen Zollvereines.\"}]},{\"@type\":\"WebSite\",\"@id\":\"https:\/\/www.ewigerbund.org\/bayern\/#website\",\"url\":\"https:\/\/www.ewigerbund.org\/bayern\/\",\"name\":\"K\u00f6nigreich Bayern\",\"description\":\"im ewigen Bund.\",\"publisher\":{\"@id\":\"https:\/\/www.ewigerbund.org\/bayern\/#organization\"},\"potentialAction\":[{\"@type\":\"SearchAction\",\"target\":{\"@type\":\"EntryPoint\",\"urlTemplate\":\"https:\/\/www.ewigerbund.org\/bayern\/?s={search_term_string}\"},\"query-input\":\"required name=search_term_string\"}],\"inLanguage\":\"de\"},{\"@type\":\"Organization\",\"@id\":\"https:\/\/www.ewigerbund.org\/bayern\/#organization\",\"name\":\"K\u00f6nigreich Bayern\",\"url\":\"https:\/\/www.ewigerbund.org\/bayern\/\",\"logo\":{\"@type\":\"ImageObject\",\"inLanguage\":\"de\",\"@id\":\"https:\/\/www.ewigerbund.org\/bayern\/#\/schema\/logo\/image\/\",\"url\":\"https:\/\/www.ewigerbund.org\/bayern\/wp-content\/uploads\/sites\/12\/2023\/02\/2023-02-24-Logo-EB-Bayern-Schutzzone_Schatten_BGweiss_V2_1200px.png\",\"contentUrl\":\"https:\/\/www.ewigerbund.org\/bayern\/wp-content\/uploads\/sites\/12\/2023\/02\/2023-02-24-Logo-EB-Bayern-Schutzzone_Schatten_BGweiss_V2_1200px.png\",\"width\":1200,\"height\":1200,\"caption\":\"K\u00f6nigreich Bayern\"},\"image\":{\"@id\":\"https:\/\/www.ewigerbund.org\/bayern\/#\/schema\/logo\/image\/\"}}]}<\/script>\n<!-- \/ Yoast SEO plugin. -->","yoast_head_json":{"title":"1834. Gr\u00fcndung des deutschen Zollvereines. - K\u00f6nigreich Bayern","robots":{"index":"index","follow":"follow","max-snippet":"max-snippet:-1","max-image-preview":"max-image-preview:large","max-video-preview":"max-video-preview:-1"},"canonical":"https:\/\/www.ewigerbund.org\/bayern\/geschichte\/gruendung-des-deutschen-zollvereines\/","og_locale":"de_DE","og_type":"article","og_title":"1834. Gr\u00fcndung des deutschen Zollvereines. - K\u00f6nigreich Bayern","og_description":"Von gro\u00dfer Wichtigkeit war die Gr\u00fcndung des Deutschen Zollvereins (1834). Bis dahin war n\u00e4mlich die Einfuhr der Waren aus einem Bundesstaat in den anderen nur gegen Zoll gestattet. Das war ungemein l\u00e4stig und hemmte den Handel sehr. Durch den Zollverein h\u00f6rte der Zoll auf, und nun bl\u00fchte der Handel bald kr\u00e4ftig empor. Der Zollverein war ... Weiterlesen ...","og_url":"https:\/\/www.ewigerbund.org\/bayern\/geschichte\/gruendung-des-deutschen-zollvereines\/","og_site_name":"K\u00f6nigreich Bayern","article_modified_time":"2023-07-19T23:38:33+00:00","og_image":[{"width":1024,"height":580,"url":"https:\/\/www.ewigerbund.org\/bayern\/wp-content\/uploads\/sites\/12\/2023\/06\/Gruendung-des-Deutschen-Zollvereins-1024x580-1.jpg","type":"image\/jpeg"}],"twitter_card":"summary_large_image","twitter_misc":{"Gesch\u00e4tzte Lesezeit":"1\u00a0Minute"},"schema":{"@context":"https:\/\/schema.org","@graph":[{"@type":"WebPage","@id":"https:\/\/www.ewigerbund.org\/bayern\/geschichte\/gruendung-des-deutschen-zollvereines\/","url":"https:\/\/www.ewigerbund.org\/bayern\/geschichte\/gruendung-des-deutschen-zollvereines\/","name":"1834. Gr\u00fcndung des deutschen Zollvereines. - K\u00f6nigreich Bayern","isPartOf":{"@id":"https:\/\/www.ewigerbund.org\/bayern\/#website"},"primaryImageOfPage":{"@id":"https:\/\/www.ewigerbund.org\/bayern\/geschichte\/gruendung-des-deutschen-zollvereines\/#primaryimage"},"image":{"@id":"https:\/\/www.ewigerbund.org\/bayern\/geschichte\/gruendung-des-deutschen-zollvereines\/#primaryimage"},"thumbnailUrl":"https:\/\/www.ewigerbund.org\/bayern\/wp-content\/uploads\/sites\/12\/2023\/06\/Gruendung-des-Deutschen-Zollvereins-1024x580-1.jpg","datePublished":"2022-08-12T14:28:23+00:00","dateModified":"2023-07-19T23:38:33+00:00","breadcrumb":{"@id":"https:\/\/www.ewigerbund.org\/bayern\/geschichte\/gruendung-des-deutschen-zollvereines\/#breadcrumb"},"inLanguage":"de","potentialAction":[{"@type":"ReadAction","target":["https:\/\/www.ewigerbund.org\/bayern\/geschichte\/gruendung-des-deutschen-zollvereines\/"]}]},{"@type":"ImageObject","inLanguage":"de","@id":"https:\/\/www.ewigerbund.org\/bayern\/geschichte\/gruendung-des-deutschen-zollvereines\/#primaryimage","url":"https:\/\/www.ewigerbund.org\/bayern\/wp-content\/uploads\/sites\/12\/2023\/06\/Gruendung-des-Deutschen-Zollvereins-1024x580-1.jpg","contentUrl":"https:\/\/www.ewigerbund.org\/bayern\/wp-content\/uploads\/sites\/12\/2023\/06\/Gruendung-des-Deutschen-Zollvereins-1024x580-1.jpg","width":1024,"height":580,"caption":"Gruendung-des-Deutschen-Zollvereins-1024x580"},{"@type":"BreadcrumbList","@id":"https:\/\/www.ewigerbund.org\/bayern\/geschichte\/gruendung-des-deutschen-zollvereines\/#breadcrumb","itemListElement":[{"@type":"ListItem","position":1,"name":"Startseite","item":"https:\/\/www.ewigerbund.org\/bayern\/"},{"@type":"ListItem","position":2,"name":"Geschichte","item":"https:\/\/www.ewigerbund.org\/bayern\/geschichte\/"},{"@type":"ListItem","position":3,"name":"1834. Gr\u00fcndung des deutschen Zollvereines."}]},{"@type":"WebSite","@id":"https:\/\/www.ewigerbund.org\/bayern\/#website","url":"https:\/\/www.ewigerbund.org\/bayern\/","name":"K\u00f6nigreich Bayern","description":"im ewigen Bund.","publisher":{"@id":"https:\/\/www.ewigerbund.org\/bayern\/#organization"},"potentialAction":[{"@type":"SearchAction","target":{"@type":"EntryPoint","urlTemplate":"https:\/\/www.ewigerbund.org\/bayern\/?s={search_term_string}"},"query-input":"required name=search_term_string"}],"inLanguage":"de"},{"@type":"Organization","@id":"https:\/\/www.ewigerbund.org\/bayern\/#organization","name":"K\u00f6nigreich Bayern","url":"https:\/\/www.ewigerbund.org\/bayern\/","logo":{"@type":"ImageObject","inLanguage":"de","@id":"https:\/\/www.ewigerbund.org\/bayern\/#\/schema\/logo\/image\/","url":"https:\/\/www.ewigerbund.org\/bayern\/wp-content\/uploads\/sites\/12\/2023\/02\/2023-02-24-Logo-EB-Bayern-Schutzzone_Schatten_BGweiss_V2_1200px.png","contentUrl":"https:\/\/www.ewigerbund.org\/bayern\/wp-content\/uploads\/sites\/12\/2023\/02\/2023-02-24-Logo-EB-Bayern-Schutzzone_Schatten_BGweiss_V2_1200px.png","width":1200,"height":1200,"caption":"K\u00f6nigreich Bayern"},"image":{"@id":"https:\/\/www.ewigerbund.org\/bayern\/#\/schema\/logo\/image\/"}}]}},"_links":{"self":[{"href":"https:\/\/www.ewigerbund.org\/bayern\/wp-json\/wp\/v2\/pages\/602","targetHints":{"allow":["GET"]}}],"collection":[{"href":"https:\/\/www.ewigerbund.org\/bayern\/wp-json\/wp\/v2\/pages"}],"about":[{"href":"https:\/\/www.ewigerbund.org\/bayern\/wp-json\/wp\/v2\/types\/page"}],"author":[{"embeddable":true,"href":"https:\/\/www.ewigerbund.org\/bayern\/wp-json\/wp\/v2\/users\/1"}],"replies":[{"embeddable":true,"href":"https:\/\/www.ewigerbund.org\/bayern\/wp-json\/wp\/v2\/comments?post=602"}],"version-history":[{"count":5,"href":"https:\/\/www.ewigerbund.org\/bayern\/wp-json\/wp\/v2\/pages\/602\/revisions"}],"predecessor-version":[{"id":1706,"href":"https:\/\/www.ewigerbund.org\/bayern\/wp-json\/wp\/v2\/pages\/602\/revisions\/1706"}],"up":[{"embeddable":true,"href":"https:\/\/www.ewigerbund.org\/bayern\/wp-json\/wp\/v2\/pages\/215"}],"wp:featuredmedia":[{"embeddable":true,"href":"https:\/\/www.ewigerbund.org\/bayern\/wp-json\/wp\/v2\/media\/2889"}],"wp:attachment":[{"href":"https:\/\/www.ewigerbund.org\/bayern\/wp-json\/wp\/v2\/media?parent=602"}],"wp:term":[{"taxonomy":"category","embeddable":true,"href":"https:\/\/www.ewigerbund.org\/bayern\/wp-json\/wp\/v2\/categories?post=602"},{"taxonomy":"post_tag","embeddable":true,"href":"https:\/\/www.ewigerbund.org\/bayern\/wp-json\/wp\/v2\/tags?post=602"}],"curies":[{"name":"wp","href":"https:\/\/api.w.org\/{rel}","templated":true}]}}