{"id":504,"date":"2022-08-11T23:21:50","date_gmt":"2022-08-11T21:21:50","guid":{"rendered":"https:\/\/www.ewigerbund.org\/bayern\/?page_id=504"},"modified":"2023-11-04T17:44:32","modified_gmt":"2023-11-04T16:44:32","slug":"die-friedenszeit","status":"publish","type":"page","link":"https:\/\/www.ewigerbund.org\/bayern\/geschichte\/die-friedenszeit\/","title":{"rendered":"1815-1840. Die Friedenszeit."},"content":{"rendered":"\n<p>Die lange Friedenszeit, die der Gr\u00fcndung des Deutschen Bundes folgte, wirkte erfreulich auf die wirtschaftliche Entwicklung der deutschen Staaten. Insbesondere nahm die Landwirtschaft einen kr\u00e4ftigen Aufschwung durch die fortschreitende Befreiung des Bauernstandes von den altherk\u00f6mmlichen Lasten und Fronden, die Ausbreitung des Klee- und Kartoffelbaues und die Einwirkung der Naturwissenschaften auf die Behandlung und Verbesserung des Ackerbodens.<\/p>\n\n\n\n<p>Das wirtschaftliche Leben wurde durch die Einf\u00fchrung der Dampfmaschine v\u00f6llig umgestaltet. Zahlreiche Fabriken, die den Dampf als treibende Kraft benutzten, besch\u00e4ftigten Tausende von Arbeitern. So bildete sich neben dem Adels-, B\u00fcrger- und Bauernstand ein Vierter &#8211; der Arbeiterstand &#8211; aus. 1825 begann eine regelm\u00e4\u00dfige Dampfschifffahrt auf dem Rhein. Die erste Eisenbahn zwischen N\u00fcrnberg und F\u00fcrth wurde 1835 dem Betriebe \u00fcbergeben. Von gro\u00dfer Wichtigkeit war die Gr\u00fcndung des deutschen Zollvereins (1834). Bis dahin war n\u00e4mlich die Einfuhr der Waren aus einem Bundesstaat in den anderen nur gegen Zoll gestattet. Das war ungemein l\u00e4stig und hemmte den Handel sehr. Durch den Zollverein h\u00f6rte der Zoll auf, und nun bl\u00fchte der Handel bald kr\u00e4ftig empor. Der Zollverein war nach der im Jahre 1806 erfolgten Aufl\u00f6sung des \u201eHeiligen R\u00f6mischen Reiches deutscher Nation\u201c das erste feste Band, das sich wieder um die deutschen L\u00e4nder schlang, und bereitete die k\u00fcnftige Einigung vor.<\/p>\n\n\n\n<p>Auf dem Wiener Kongre\u00df waren f\u00fcr die dem Deutschen Bunde beigetretenen L\u00e4nder Verfassungen in Aussicht gestellt worden. Aber bald bildete sich gerade bei den Regierungen der gr\u00f6\u00dften Bundesstaaten die Meinung heraus, da\u00df von einer solchen \u00c4nderung \u00fcble Wirkungen f\u00fcr den Bestand und die Entwicklung des Staatslebens zu erwarten w\u00e4ren. Namentlich der \u00f6sterreichische Minister Metternich wandte sich deshalb mit den sch\u00e4rfsten Mitteln gegen alle Verfassungsbestrebungen, wie sie sich in vielen deutschen L\u00e4ndern geltend machten. Die F\u00fcrsten mehrerer Mittelstaaten lie\u00dfen sich aber nicht von ihrer Absicht abbringen, ihren Landeskindern gesetzlichen Anteil an der Regierung zu gew\u00e4hren. Vielen anderen Staaten voran erhielt Bayern im Jahre 1818 von seinem hochgesinnten F\u00fcrsten eine Verfassung, die sp\u00e4terhin anderen L\u00e4ndern vielfach zum Muster diente.<\/p>\n\n\n<div class=\"gb-button-wrapper gb-button-wrapper-12b82b70\">\n\n<a class=\"gb-button gb-button-c7a9f455 gb-button-text\" href=\"https:\/\/forum.bayern.ewigerbund.org\/viewtopic.php?t=261\" target=\"_blank\" rel=\"noopener noreferrer\">Dieser Beitrag hat dir gefallen? Hier kommentieren.<\/a>\n\n<\/div>\n\n\n<p><\/p>\n\n\n\n<p class=\"has-small-font-size\"><em>Quelle: Bayerisches Realienbuch. Bearbeitet von Dr. Hans Reinlein, Oberlehrer in M\u00fcnchen. Realienbuch Nr. 63, 171. bis 180. Gesamt-Auflage. Bielefeld und Leipzig 1915, Deutsche Geschichte, Seite 117-118<\/em>.<\/p>\n","protected":false},"excerpt":{"rendered":"<p>Die lange Friedenszeit, die der Gr\u00fcndung des Deutschen Bundes folgte, wirkte erfreulich auf die wirtschaftliche Entwicklung der deutschen Staaten. Insbesondere nahm die Landwirtschaft einen kr\u00e4ftigen Aufschwung durch die fortschreitende Befreiung des Bauernstandes von den altherk\u00f6mmlichen Lasten und Fronden, die Ausbreitung des Klee- und Kartoffelbaues und die Einwirkung der Naturwissenschaften auf die Behandlung und Verbesserung des &#8230; <a title=\"1815-1840. Die Friedenszeit.\" class=\"read-more\" href=\"https:\/\/www.ewigerbund.org\/bayern\/geschichte\/die-friedenszeit\/\" aria-label=\"Mehr zu 1815-1840. Die Friedenszeit.\">Weiterlesen &#8230;<\/a><\/p>\n","protected":false},"author":1,"featured_media":3228,"parent":215,"menu_order":19,"comment_status":"closed","ping_status":"closed","template":"template-6-beide-seitenleiste.php","meta":{"footnotes":""},"categories":[7],"tags":[107,106,108,113,115,109,103,116,114,84,105,111],"class_list":["post-504","page","type-page","status-publish","has-post-thumbnail","hentry","category-geschichte","tag-arbeiterstand","tag-aufschwung","tag-bauernstand","tag-bundesstaaten","tag-dampfmaschine","tag-eisenbahn","tag-friedenszeit","tag-handel","tag-verfassung","tag-wiener-kongress","tag-wirtschaftliche-entwicklung","tag-zollverein"],"yoast_head":"<!-- This site is optimized with the Yoast SEO plugin v23.1 - https:\/\/yoast.com\/wordpress\/plugins\/seo\/ -->\n<title>1815-1840. Die Friedenszeit. - K\u00f6nigreich Bayern<\/title>\n<meta name=\"robots\" content=\"index, follow, max-snippet:-1, max-image-preview:large, max-video-preview:-1\" \/>\n<link rel=\"canonical\" href=\"https:\/\/www.ewigerbund.org\/bayern\/geschichte\/die-friedenszeit\/\" \/>\n<meta property=\"og:locale\" content=\"de_DE\" \/>\n<meta property=\"og:type\" content=\"article\" \/>\n<meta property=\"og:title\" content=\"1815-1840. Die Friedenszeit. - K\u00f6nigreich Bayern\" \/>\n<meta property=\"og:description\" content=\"Die lange Friedenszeit, die der Gr\u00fcndung des Deutschen Bundes folgte, wirkte erfreulich auf die wirtschaftliche Entwicklung der deutschen Staaten. Insbesondere nahm die Landwirtschaft einen kr\u00e4ftigen Aufschwung durch die fortschreitende Befreiung des Bauernstandes von den altherk\u00f6mmlichen Lasten und Fronden, die Ausbreitung des Klee- und Kartoffelbaues und die Einwirkung der Naturwissenschaften auf die Behandlung und Verbesserung des ... Weiterlesen ...\" \/>\n<meta property=\"og:url\" content=\"https:\/\/www.ewigerbund.org\/bayern\/geschichte\/die-friedenszeit\/\" \/>\n<meta property=\"og:site_name\" content=\"K\u00f6nigreich Bayern\" \/>\n<meta property=\"article:modified_time\" content=\"2023-11-04T16:44:32+00:00\" \/>\n<meta property=\"og:image\" content=\"https:\/\/www.ewigerbund.org\/bayern\/wp-content\/uploads\/sites\/12\/2023\/07\/Friedenszeit-1024x580-1.jpg\" \/>\n\t<meta property=\"og:image:width\" content=\"1024\" \/>\n\t<meta property=\"og:image:height\" content=\"580\" \/>\n\t<meta property=\"og:image:type\" content=\"image\/jpeg\" \/>\n<meta name=\"twitter:card\" content=\"summary_large_image\" \/>\n<meta name=\"twitter:label1\" content=\"Gesch\u00e4tzte Lesezeit\" \/>\n\t<meta name=\"twitter:data1\" content=\"2\u00a0Minuten\" \/>\n<script type=\"application\/ld+json\" class=\"yoast-schema-graph\">{\"@context\":\"https:\/\/schema.org\",\"@graph\":[{\"@type\":\"WebPage\",\"@id\":\"https:\/\/www.ewigerbund.org\/bayern\/geschichte\/die-friedenszeit\/\",\"url\":\"https:\/\/www.ewigerbund.org\/bayern\/geschichte\/die-friedenszeit\/\",\"name\":\"1815-1840. Die Friedenszeit. - K\u00f6nigreich Bayern\",\"isPartOf\":{\"@id\":\"https:\/\/www.ewigerbund.org\/bayern\/#website\"},\"primaryImageOfPage\":{\"@id\":\"https:\/\/www.ewigerbund.org\/bayern\/geschichte\/die-friedenszeit\/#primaryimage\"},\"image\":{\"@id\":\"https:\/\/www.ewigerbund.org\/bayern\/geschichte\/die-friedenszeit\/#primaryimage\"},\"thumbnailUrl\":\"https:\/\/www.ewigerbund.org\/bayern\/wp-content\/uploads\/sites\/12\/2023\/07\/Friedenszeit-1024x580-1.jpg\",\"datePublished\":\"2022-08-11T21:21:50+00:00\",\"dateModified\":\"2023-11-04T16:44:32+00:00\",\"breadcrumb\":{\"@id\":\"https:\/\/www.ewigerbund.org\/bayern\/geschichte\/die-friedenszeit\/#breadcrumb\"},\"inLanguage\":\"de\",\"potentialAction\":[{\"@type\":\"ReadAction\",\"target\":[\"https:\/\/www.ewigerbund.org\/bayern\/geschichte\/die-friedenszeit\/\"]}]},{\"@type\":\"ImageObject\",\"inLanguage\":\"de\",\"@id\":\"https:\/\/www.ewigerbund.org\/bayern\/geschichte\/die-friedenszeit\/#primaryimage\",\"url\":\"https:\/\/www.ewigerbund.org\/bayern\/wp-content\/uploads\/sites\/12\/2023\/07\/Friedenszeit-1024x580-1.jpg\",\"contentUrl\":\"https:\/\/www.ewigerbund.org\/bayern\/wp-content\/uploads\/sites\/12\/2023\/07\/Friedenszeit-1024x580-1.jpg\",\"width\":1024,\"height\":580,\"caption\":\"Friedenszeit-1024x580\"},{\"@type\":\"BreadcrumbList\",\"@id\":\"https:\/\/www.ewigerbund.org\/bayern\/geschichte\/die-friedenszeit\/#breadcrumb\",\"itemListElement\":[{\"@type\":\"ListItem\",\"position\":1,\"name\":\"Startseite\",\"item\":\"https:\/\/www.ewigerbund.org\/bayern\/\"},{\"@type\":\"ListItem\",\"position\":2,\"name\":\"Geschichte\",\"item\":\"https:\/\/www.ewigerbund.org\/bayern\/geschichte\/\"},{\"@type\":\"ListItem\",\"position\":3,\"name\":\"1815-1840. Die Friedenszeit.\"}]},{\"@type\":\"WebSite\",\"@id\":\"https:\/\/www.ewigerbund.org\/bayern\/#website\",\"url\":\"https:\/\/www.ewigerbund.org\/bayern\/\",\"name\":\"K\u00f6nigreich Bayern\",\"description\":\"im ewigen Bund.\",\"publisher\":{\"@id\":\"https:\/\/www.ewigerbund.org\/bayern\/#organization\"},\"potentialAction\":[{\"@type\":\"SearchAction\",\"target\":{\"@type\":\"EntryPoint\",\"urlTemplate\":\"https:\/\/www.ewigerbund.org\/bayern\/?s={search_term_string}\"},\"query-input\":\"required name=search_term_string\"}],\"inLanguage\":\"de\"},{\"@type\":\"Organization\",\"@id\":\"https:\/\/www.ewigerbund.org\/bayern\/#organization\",\"name\":\"K\u00f6nigreich Bayern\",\"url\":\"https:\/\/www.ewigerbund.org\/bayern\/\",\"logo\":{\"@type\":\"ImageObject\",\"inLanguage\":\"de\",\"@id\":\"https:\/\/www.ewigerbund.org\/bayern\/#\/schema\/logo\/image\/\",\"url\":\"https:\/\/www.ewigerbund.org\/bayern\/wp-content\/uploads\/sites\/12\/2023\/02\/2023-02-24-Logo-EB-Bayern-Schutzzone_Schatten_BGweiss_V2_1200px.png\",\"contentUrl\":\"https:\/\/www.ewigerbund.org\/bayern\/wp-content\/uploads\/sites\/12\/2023\/02\/2023-02-24-Logo-EB-Bayern-Schutzzone_Schatten_BGweiss_V2_1200px.png\",\"width\":1200,\"height\":1200,\"caption\":\"K\u00f6nigreich Bayern\"},\"image\":{\"@id\":\"https:\/\/www.ewigerbund.org\/bayern\/#\/schema\/logo\/image\/\"}}]}<\/script>\n<!-- \/ Yoast SEO plugin. -->","yoast_head_json":{"title":"1815-1840. Die Friedenszeit. - K\u00f6nigreich Bayern","robots":{"index":"index","follow":"follow","max-snippet":"max-snippet:-1","max-image-preview":"max-image-preview:large","max-video-preview":"max-video-preview:-1"},"canonical":"https:\/\/www.ewigerbund.org\/bayern\/geschichte\/die-friedenszeit\/","og_locale":"de_DE","og_type":"article","og_title":"1815-1840. Die Friedenszeit. - K\u00f6nigreich Bayern","og_description":"Die lange Friedenszeit, die der Gr\u00fcndung des Deutschen Bundes folgte, wirkte erfreulich auf die wirtschaftliche Entwicklung der deutschen Staaten. Insbesondere nahm die Landwirtschaft einen kr\u00e4ftigen Aufschwung durch die fortschreitende Befreiung des Bauernstandes von den altherk\u00f6mmlichen Lasten und Fronden, die Ausbreitung des Klee- und Kartoffelbaues und die Einwirkung der Naturwissenschaften auf die Behandlung und Verbesserung des ... Weiterlesen ...","og_url":"https:\/\/www.ewigerbund.org\/bayern\/geschichte\/die-friedenszeit\/","og_site_name":"K\u00f6nigreich Bayern","article_modified_time":"2023-11-04T16:44:32+00:00","og_image":[{"width":1024,"height":580,"url":"https:\/\/www.ewigerbund.org\/bayern\/wp-content\/uploads\/sites\/12\/2023\/07\/Friedenszeit-1024x580-1.jpg","type":"image\/jpeg"}],"twitter_card":"summary_large_image","twitter_misc":{"Gesch\u00e4tzte Lesezeit":"2\u00a0Minuten"},"schema":{"@context":"https:\/\/schema.org","@graph":[{"@type":"WebPage","@id":"https:\/\/www.ewigerbund.org\/bayern\/geschichte\/die-friedenszeit\/","url":"https:\/\/www.ewigerbund.org\/bayern\/geschichte\/die-friedenszeit\/","name":"1815-1840. Die Friedenszeit. - K\u00f6nigreich Bayern","isPartOf":{"@id":"https:\/\/www.ewigerbund.org\/bayern\/#website"},"primaryImageOfPage":{"@id":"https:\/\/www.ewigerbund.org\/bayern\/geschichte\/die-friedenszeit\/#primaryimage"},"image":{"@id":"https:\/\/www.ewigerbund.org\/bayern\/geschichte\/die-friedenszeit\/#primaryimage"},"thumbnailUrl":"https:\/\/www.ewigerbund.org\/bayern\/wp-content\/uploads\/sites\/12\/2023\/07\/Friedenszeit-1024x580-1.jpg","datePublished":"2022-08-11T21:21:50+00:00","dateModified":"2023-11-04T16:44:32+00:00","breadcrumb":{"@id":"https:\/\/www.ewigerbund.org\/bayern\/geschichte\/die-friedenszeit\/#breadcrumb"},"inLanguage":"de","potentialAction":[{"@type":"ReadAction","target":["https:\/\/www.ewigerbund.org\/bayern\/geschichte\/die-friedenszeit\/"]}]},{"@type":"ImageObject","inLanguage":"de","@id":"https:\/\/www.ewigerbund.org\/bayern\/geschichte\/die-friedenszeit\/#primaryimage","url":"https:\/\/www.ewigerbund.org\/bayern\/wp-content\/uploads\/sites\/12\/2023\/07\/Friedenszeit-1024x580-1.jpg","contentUrl":"https:\/\/www.ewigerbund.org\/bayern\/wp-content\/uploads\/sites\/12\/2023\/07\/Friedenszeit-1024x580-1.jpg","width":1024,"height":580,"caption":"Friedenszeit-1024x580"},{"@type":"BreadcrumbList","@id":"https:\/\/www.ewigerbund.org\/bayern\/geschichte\/die-friedenszeit\/#breadcrumb","itemListElement":[{"@type":"ListItem","position":1,"name":"Startseite","item":"https:\/\/www.ewigerbund.org\/bayern\/"},{"@type":"ListItem","position":2,"name":"Geschichte","item":"https:\/\/www.ewigerbund.org\/bayern\/geschichte\/"},{"@type":"ListItem","position":3,"name":"1815-1840. Die Friedenszeit."}]},{"@type":"WebSite","@id":"https:\/\/www.ewigerbund.org\/bayern\/#website","url":"https:\/\/www.ewigerbund.org\/bayern\/","name":"K\u00f6nigreich Bayern","description":"im ewigen Bund.","publisher":{"@id":"https:\/\/www.ewigerbund.org\/bayern\/#organization"},"potentialAction":[{"@type":"SearchAction","target":{"@type":"EntryPoint","urlTemplate":"https:\/\/www.ewigerbund.org\/bayern\/?s={search_term_string}"},"query-input":"required name=search_term_string"}],"inLanguage":"de"},{"@type":"Organization","@id":"https:\/\/www.ewigerbund.org\/bayern\/#organization","name":"K\u00f6nigreich Bayern","url":"https:\/\/www.ewigerbund.org\/bayern\/","logo":{"@type":"ImageObject","inLanguage":"de","@id":"https:\/\/www.ewigerbund.org\/bayern\/#\/schema\/logo\/image\/","url":"https:\/\/www.ewigerbund.org\/bayern\/wp-content\/uploads\/sites\/12\/2023\/02\/2023-02-24-Logo-EB-Bayern-Schutzzone_Schatten_BGweiss_V2_1200px.png","contentUrl":"https:\/\/www.ewigerbund.org\/bayern\/wp-content\/uploads\/sites\/12\/2023\/02\/2023-02-24-Logo-EB-Bayern-Schutzzone_Schatten_BGweiss_V2_1200px.png","width":1200,"height":1200,"caption":"K\u00f6nigreich Bayern"},"image":{"@id":"https:\/\/www.ewigerbund.org\/bayern\/#\/schema\/logo\/image\/"}}]}},"_links":{"self":[{"href":"https:\/\/www.ewigerbund.org\/bayern\/wp-json\/wp\/v2\/pages\/504","targetHints":{"allow":["GET"]}}],"collection":[{"href":"https:\/\/www.ewigerbund.org\/bayern\/wp-json\/wp\/v2\/pages"}],"about":[{"href":"https:\/\/www.ewigerbund.org\/bayern\/wp-json\/wp\/v2\/types\/page"}],"author":[{"embeddable":true,"href":"https:\/\/www.ewigerbund.org\/bayern\/wp-json\/wp\/v2\/users\/1"}],"replies":[{"embeddable":true,"href":"https:\/\/www.ewigerbund.org\/bayern\/wp-json\/wp\/v2\/comments?post=504"}],"version-history":[{"count":9,"href":"https:\/\/www.ewigerbund.org\/bayern\/wp-json\/wp\/v2\/pages\/504\/revisions"}],"predecessor-version":[{"id":4307,"href":"https:\/\/www.ewigerbund.org\/bayern\/wp-json\/wp\/v2\/pages\/504\/revisions\/4307"}],"up":[{"embeddable":true,"href":"https:\/\/www.ewigerbund.org\/bayern\/wp-json\/wp\/v2\/pages\/215"}],"wp:featuredmedia":[{"embeddable":true,"href":"https:\/\/www.ewigerbund.org\/bayern\/wp-json\/wp\/v2\/media\/3228"}],"wp:attachment":[{"href":"https:\/\/www.ewigerbund.org\/bayern\/wp-json\/wp\/v2\/media?parent=504"}],"wp:term":[{"taxonomy":"category","embeddable":true,"href":"https:\/\/www.ewigerbund.org\/bayern\/wp-json\/wp\/v2\/categories?post=504"},{"taxonomy":"post_tag","embeddable":true,"href":"https:\/\/www.ewigerbund.org\/bayern\/wp-json\/wp\/v2\/tags?post=504"}],"curies":[{"name":"wp","href":"https:\/\/api.w.org\/{rel}","templated":true}]}}