{"id":495,"date":"2022-08-11T22:48:32","date_gmt":"2022-08-11T20:48:32","guid":{"rendered":"https:\/\/www.ewigerbund.org\/bayern\/?page_id=495"},"modified":"2023-04-12T20:38:27","modified_gmt":"2023-04-12T18:38:27","slug":"die-distriktsgemeinden","status":"publish","type":"page","link":"https:\/\/www.ewigerbund.org\/bayern\/staatsrecht\/die-distriktsgemeinden\/","title":{"rendered":"Die Distriktsgemeinden."},"content":{"rendered":"\n<p><strong>Rechtliche Stellung der Distriktsgemeinden<\/strong><\/p>\n\n\n\n<p>Die Distriktsgemeinden sind Gemeindeverb\u00e4nde h\u00f6herer Ordnung mit k\u00f6rperschaftlichen Rechten (Distr.-R.-Ges. Art. 1). Sie sind, gleich den Ortsgemeinden, gesetzlich notwendige Verb\u00e4nde, in welche der Staat \u2014 seine Angeh\u00f6rigen und sein Gebiet \u2014 sich gliedert. Nur die unmittelbaren St\u00e4dte sind vom Distriktsgemeindeverbande ausgeschlossen (Art. 35).<br>\u00dcber die Einteilung des Landes in Distriktsgemeinden bestimmt das Gesetz (Art. 1), da\u00df diesseits des Rheines jeder Amtsbezirk einer Distriktsverwaltungsbeh\u00f6rde, in der Pfalz jeder Kanton eine Distriktsgemeinde bilde. Das Gesetz bezeichnet die Distriktsgemeinden als \u201eKorporationen&#8220;. Es will damit ausdr\u00fccken, da\u00df sie keine blo\u00dfen Gesellschaften, sondern wahre Gemeinden mit juristischer Pers\u00f6nlichkeit seien.<\/p>\n\n\n\n<p>Die Bedeutung dieses Rechtssatzes ist eine \u00f6ffentlich rechtliche, insoferne er die Distriktsgemeinden als Gemeindeverb\u00e4nde bezeichnet, eine b\u00fcrgerlich rechtliche, insoferne er ihnen die Eigenschaft juristischer Personen zuschreibt. Mitglieder des Distriktsgemeindeverbandes sind die Ortsgemeinden und die Eigent\u00fcmer der Gemarkungen, die zu keiner Ortsgemeinde geh\u00f6ren. Da \u00fcbrigens die Ortsgemeinden nichts anderes sind, als die Gesamtheit der Gemeindeangeh\u00f6rigen, so kann man auch sagen, da\u00df die Ortsgemeindeangeh\u00f6rigen als solche zugleich Distriktsgemeindeangeh\u00f6rige seien. Eine besondere, von der Ortsgemeindeangeh\u00f6rigkeit rechtlich losgel\u00f6ste Distriktsgemeindeangeh\u00f6rigkeit des Einzelnen gibt es indessen nicht. Bez\u00fcglich der Verwaltungst\u00e4tigkeit der Distriktsgemeinden ist vor allem hervorzuheben, da\u00df dieselben durch ihre Organe, Distriktsrat und Distriktsausschu\u00df, keine obrigkeitliche oder Amtsgewalt innerhalb des Gemeindebezirkes aus\u00fcben. Ihre Organe sind in ihrem eigentlichen Wirkungskreise lediglich mit der Verwaltung der Gemeindeangelegenheiten befa\u00dft. Eine gesetzliche Abgrenzung dieser Angelegenheiten besteht nicht. Indessen ergibt es sich von selbst, da\u00df die Distriktsgemeinden nicht in Gebiete \u00fcbergreifen k\u00f6nnen, welche dem Staate oder andern Gemeindeverb\u00e4nden zugeh\u00f6ren. Bez\u00fcglich gewisser Verwaltungst\u00e4tigkeiten der Distriktsgemeinden ist gesetzlich teils festgestellt, da\u00df sie notwendig, teils au\u00dfer Zweifel gestellt, da\u00df sie zul\u00e4ssig sind.<\/p>\n\n\n\n<p>1) Art. 89 Abs. VII der dies jh. Gem.O.; Bl. f. adm. Pr. BD. 39 S. 131, v. Kahrl I S. 801 ff. 2) v. Seydel, Staatsrecht II S. 135 ff. 694 ff. W. v. Lermann, die bayer. Distriktsgemeindeordnung, M\u00fcnchen 1894.<br>3) Es wird jedoch nachstehende Ausnahme von der aufgestellten Regel zugelassen: \u201eWerden infolge einer Amtsorganisation mehrere Landgerichtsbezirke in einen Verwaltungsdistrikt vereinigt, so kann jeder dieser Bezirke als Distriktsgemeinde mit besonderer Vertretung fortbestehen\u201c. Vgl. dar\u00fcber v. Seydel, bayer. Staatsrecht II S. 139 ff.<\/p>\n\n\n\n<p>Dabei ist jedoch darauf hinzuweisen, da\u00df nicht alles, was Distriktslast ist, dadurch zum Gegenstande der distriktsgemeindlichen Verwaltung wird. Den Distriktsgemeinden k\u00f6nnen Lasten auch f\u00fcr Zwecke auferlegt sein, die nicht im Bereiche ihrer eigenen Verwaltung liegen. Die Distriktsgemeinden k\u00f6nnen so dann, innerhalb der oben angegebenen Grenzen, den Umkreis ihrer Verwaltungst\u00e4tigkeit \u00fcber das gesetzlich Notwendige hinaus erweitern. Einem Zwange k\u00f6nnen sie in dieser Beziehung nicht unterliegen. Hat aber eine solche Erweiterung in bleibender Weise stattgefunden, so wird die betreffende Verwaltungst\u00e4tigkeit zu einer rechtlich notwendigen (Art. 27).<\/p>\n\n\n\n<p>Die Distriktsgemeinden haben ein Recht selbst\u00e4ndiger Verwaltung nur in beschr\u00e4nktem Ma\u00dfe. Sie stehen in den wichtigsten Beziehungen unter Staatskuratel, im \u00fcbrigen unter Staatsaufsicht. Die Grenzen der einen und der anderen staatlichen Befugnis lassen sich nur nach einem formellen Gesichtspunkte angeben. Die Beschl\u00fcsse, welche der Distriktsrat fa\u00dft, bed\u00fcrfen in der Regel zu ihrer Rechtsg\u00fcltigkeit der Genehmigung der vorgesetzten Kreisregierung, Kammer des Innern (Art. 23). Beschl\u00fcsse des Distriktsausschusses dagegen bed\u00fcrfen solcher Best\u00e4tigung nicht, sie k\u00f6nnen nur, wenn sie Gesetzen oder Verordnungen zuwiderlaufen, durch die Regierung aussichtlich au\u00dfer Kraft gesetzt werden. Hieraus erhellt, da\u00df die Ausscheidung der Zust\u00e4ndigkeiten der beiden genannten Distriktsorgane (Art. 11, 16) zugleich f\u00fcr die Ausscheidung der Gebiete unfreier und freier Selbstverwaltung der Distriktsgemeinden ma\u00df gibt. Bez\u00fcglich dieser Ausscheidung aber gilt im allgemeinen der Grundsatz, da\u00df alle Angelegenheiten der Distriktsgemeinde zur Zust\u00e4ndigkeit des Distriktsrates geh\u00f6ren, welche nicht durch ausdr\u00fcckliche Gesetzesvorschrift dem Distriktsausschusse zugewiesen sind. Der Letztere ist das Organ der Distriktsgemeinde f\u00fcr die F\u00fchrung der laufenden Verwaltung, insbesondere der Verm\u00f6gensverwaltung. Er kann bei Gefahr auf Verzug statt des Distriktsrates die zur Abwehr erheblicher Nachteile erforderlichen Leistungen beschlie\u00dfen (Art. 25). Er hat ferner alle an den Distriktsrat zu bringenden Gegenst\u00e4nde vorzuberaten und vorzubereiten.<\/p>\n\n\n\n<p>Die Verwaltung aller Distriktsanstalten geschieht nach den vom Distriktsrate vorgeschlagenen oder gepr\u00fcften und von der Kreisregierung genehmigten Ordnungen. Die Aufsicht \u00fcber die Distriktsanstalten f\u00fchrt der Distriktsausschu\u00df.<br>Die distriktsgemeindlichen Organe haben au\u00dferdem noch eine Reihe einzelner Befugnisse und Obliegenheiten, insbesondere auch auf dem Gebiete der staatlichen Verwaltung.<\/p>\n\n\n\n<ol class=\"wp-block-list\">\n<li>Als Distriktslasten werden in Art. 27 u. a. genannt: Distriktsstra\u00dfen, Feuerl\u00f6schmaschinen, Hebammenunterricht, Besoldung der Distriktstier\u00e4rzte. Das Armenpflegeges. vom 29.April 1869 Art. 38, 39 erkl\u00e4rt die Distriktsgemeinden f\u00fcr berechtigt, Armenh\u00e4user, Besch\u00e4ftigungsanstalten, Armenkolonien, Krankenh\u00e4user und Erziehungsanstalten f\u00fcr verwahrloste Kinder zu errichten, ferner Spar- und Vorschu\u00dfkassen und \u00e4hnliche Anstalten zu gr\u00fcnden.<\/li>\n<\/ol>\n\n\n\n<p class=\"has-small-font-size\"><em>Quelle: Das Staatsrecht des K\u00f6nigreichs Bayern, Max von Seydel. Dritte Auflage 1903, S. 239.<\/em><\/p>\n","protected":false},"excerpt":{"rendered":"<p>Rechtliche Stellung der Distriktsgemeinden Die Distriktsgemeinden sind Gemeindeverb\u00e4nde h\u00f6herer Ordnung mit k\u00f6rperschaftlichen Rechten (Distr.-R.-Ges. Art. 1). Sie sind, gleich den Ortsgemeinden, gesetzlich notwendige Verb\u00e4nde, in welche der Staat \u2014 seine Angeh\u00f6rigen und sein Gebiet \u2014 sich gliedert. Nur die unmittelbaren St\u00e4dte sind vom Distriktsgemeindeverbande ausgeschlossen (Art. 35).\u00dcber die Einteilung des Landes in Distriktsgemeinden bestimmt das &#8230; <a title=\"Die Distriktsgemeinden.\" class=\"read-more\" href=\"https:\/\/www.ewigerbund.org\/bayern\/staatsrecht\/die-distriktsgemeinden\/\" aria-label=\"Mehr zu Die Distriktsgemeinden.\">Weiterlesen &#8230;<\/a><\/p>\n","protected":false},"author":1,"featured_media":898,"parent":269,"menu_order":2,"comment_status":"closed","ping_status":"closed","template":"template-5-rechte-seitenleiste.php","meta":{"footnotes":""},"categories":[6,5,94],"tags":[99,95,98,96,97],"class_list":["post-495","page","type-page","status-publish","has-post-thumbnail","hentry","category-bayern","category-bundesstaat","category-staats-und-verwaltungsrecht","tag-distriktausschuss","tag-distriktsgemeinden","tag-distriktsrat","tag-gemeindeverbaende","tag-koerperschaftliche-rechte"],"yoast_head":"<!-- This site is optimized with the Yoast SEO plugin v23.1 - https:\/\/yoast.com\/wordpress\/plugins\/seo\/ -->\n<title>Die Distriktsgemeinden. - K\u00f6nigreich Bayern<\/title>\n<meta name=\"robots\" content=\"index, follow, max-snippet:-1, max-image-preview:large, max-video-preview:-1\" \/>\n<link rel=\"canonical\" href=\"https:\/\/www.ewigerbund.org\/bayern\/staatsrecht\/die-distriktsgemeinden\/\" \/>\n<meta property=\"og:locale\" content=\"de_DE\" \/>\n<meta property=\"og:type\" content=\"article\" \/>\n<meta property=\"og:title\" content=\"Die Distriktsgemeinden. - K\u00f6nigreich Bayern\" \/>\n<meta property=\"og:description\" content=\"Rechtliche Stellung der Distriktsgemeinden Die Distriktsgemeinden sind Gemeindeverb\u00e4nde h\u00f6herer Ordnung mit k\u00f6rperschaftlichen Rechten (Distr.-R.-Ges. Art. 1). Sie sind, gleich den Ortsgemeinden, gesetzlich notwendige Verb\u00e4nde, in welche der Staat \u2014 seine Angeh\u00f6rigen und sein Gebiet \u2014 sich gliedert. Nur die unmittelbaren St\u00e4dte sind vom Distriktsgemeindeverbande ausgeschlossen (Art. 35).\u00dcber die Einteilung des Landes in Distriktsgemeinden bestimmt das ... Weiterlesen ...\" \/>\n<meta property=\"og:url\" content=\"https:\/\/www.ewigerbund.org\/bayern\/staatsrecht\/die-distriktsgemeinden\/\" \/>\n<meta property=\"og:site_name\" content=\"K\u00f6nigreich Bayern\" \/>\n<meta property=\"article:modified_time\" content=\"2023-04-12T18:38:27+00:00\" \/>\n<meta property=\"og:image\" content=\"https:\/\/www.ewigerbund.org\/bayern\/wp-content\/uploads\/sites\/12\/2022\/08\/Distriktgemeinden-1200px.jpg\" \/>\n\t<meta property=\"og:image:width\" content=\"1200\" \/>\n\t<meta property=\"og:image:height\" content=\"680\" \/>\n\t<meta property=\"og:image:type\" content=\"image\/jpeg\" \/>\n<meta name=\"twitter:card\" content=\"summary_large_image\" \/>\n<meta name=\"twitter:label1\" content=\"Gesch\u00e4tzte Lesezeit\" \/>\n\t<meta name=\"twitter:data1\" content=\"5\u00a0Minuten\" \/>\n<script type=\"application\/ld+json\" class=\"yoast-schema-graph\">{\"@context\":\"https:\/\/schema.org\",\"@graph\":[{\"@type\":\"WebPage\",\"@id\":\"https:\/\/www.ewigerbund.org\/bayern\/staatsrecht\/die-distriktsgemeinden\/\",\"url\":\"https:\/\/www.ewigerbund.org\/bayern\/staatsrecht\/die-distriktsgemeinden\/\",\"name\":\"Die Distriktsgemeinden. - K\u00f6nigreich Bayern\",\"isPartOf\":{\"@id\":\"https:\/\/www.ewigerbund.org\/bayern\/#website\"},\"primaryImageOfPage\":{\"@id\":\"https:\/\/www.ewigerbund.org\/bayern\/staatsrecht\/die-distriktsgemeinden\/#primaryimage\"},\"image\":{\"@id\":\"https:\/\/www.ewigerbund.org\/bayern\/staatsrecht\/die-distriktsgemeinden\/#primaryimage\"},\"thumbnailUrl\":\"https:\/\/www.ewigerbund.org\/bayern\/wp-content\/uploads\/sites\/12\/2022\/08\/Distriktgemeinden-1200px.jpg\",\"datePublished\":\"2022-08-11T20:48:32+00:00\",\"dateModified\":\"2023-04-12T18:38:27+00:00\",\"breadcrumb\":{\"@id\":\"https:\/\/www.ewigerbund.org\/bayern\/staatsrecht\/die-distriktsgemeinden\/#breadcrumb\"},\"inLanguage\":\"de\",\"potentialAction\":[{\"@type\":\"ReadAction\",\"target\":[\"https:\/\/www.ewigerbund.org\/bayern\/staatsrecht\/die-distriktsgemeinden\/\"]}]},{\"@type\":\"ImageObject\",\"inLanguage\":\"de\",\"@id\":\"https:\/\/www.ewigerbund.org\/bayern\/staatsrecht\/die-distriktsgemeinden\/#primaryimage\",\"url\":\"https:\/\/www.ewigerbund.org\/bayern\/wp-content\/uploads\/sites\/12\/2022\/08\/Distriktgemeinden-1200px.jpg\",\"contentUrl\":\"https:\/\/www.ewigerbund.org\/bayern\/wp-content\/uploads\/sites\/12\/2022\/08\/Distriktgemeinden-1200px.jpg\",\"width\":1200,\"height\":680},{\"@type\":\"BreadcrumbList\",\"@id\":\"https:\/\/www.ewigerbund.org\/bayern\/staatsrecht\/die-distriktsgemeinden\/#breadcrumb\",\"itemListElement\":[{\"@type\":\"ListItem\",\"position\":1,\"name\":\"Startseite\",\"item\":\"https:\/\/www.ewigerbund.org\/bayern\/\"},{\"@type\":\"ListItem\",\"position\":2,\"name\":\"Bayerisches Staatsrecht.\",\"item\":\"https:\/\/www.ewigerbund.org\/bayern\/staatsrecht\/\"},{\"@type\":\"ListItem\",\"position\":3,\"name\":\"Die Distriktsgemeinden.\"}]},{\"@type\":\"WebSite\",\"@id\":\"https:\/\/www.ewigerbund.org\/bayern\/#website\",\"url\":\"https:\/\/www.ewigerbund.org\/bayern\/\",\"name\":\"K\u00f6nigreich Bayern\",\"description\":\"im ewigen Bund.\",\"publisher\":{\"@id\":\"https:\/\/www.ewigerbund.org\/bayern\/#organization\"},\"potentialAction\":[{\"@type\":\"SearchAction\",\"target\":{\"@type\":\"EntryPoint\",\"urlTemplate\":\"https:\/\/www.ewigerbund.org\/bayern\/?s={search_term_string}\"},\"query-input\":\"required name=search_term_string\"}],\"inLanguage\":\"de\"},{\"@type\":\"Organization\",\"@id\":\"https:\/\/www.ewigerbund.org\/bayern\/#organization\",\"name\":\"K\u00f6nigreich Bayern\",\"url\":\"https:\/\/www.ewigerbund.org\/bayern\/\",\"logo\":{\"@type\":\"ImageObject\",\"inLanguage\":\"de\",\"@id\":\"https:\/\/www.ewigerbund.org\/bayern\/#\/schema\/logo\/image\/\",\"url\":\"https:\/\/www.ewigerbund.org\/bayern\/wp-content\/uploads\/sites\/12\/2023\/02\/2023-02-24-Logo-EB-Bayern-Schutzzone_Schatten_BGweiss_V2_1200px.png\",\"contentUrl\":\"https:\/\/www.ewigerbund.org\/bayern\/wp-content\/uploads\/sites\/12\/2023\/02\/2023-02-24-Logo-EB-Bayern-Schutzzone_Schatten_BGweiss_V2_1200px.png\",\"width\":1200,\"height\":1200,\"caption\":\"K\u00f6nigreich Bayern\"},\"image\":{\"@id\":\"https:\/\/www.ewigerbund.org\/bayern\/#\/schema\/logo\/image\/\"}}]}<\/script>\n<!-- \/ Yoast SEO plugin. -->","yoast_head_json":{"title":"Die Distriktsgemeinden. - K\u00f6nigreich Bayern","robots":{"index":"index","follow":"follow","max-snippet":"max-snippet:-1","max-image-preview":"max-image-preview:large","max-video-preview":"max-video-preview:-1"},"canonical":"https:\/\/www.ewigerbund.org\/bayern\/staatsrecht\/die-distriktsgemeinden\/","og_locale":"de_DE","og_type":"article","og_title":"Die Distriktsgemeinden. - K\u00f6nigreich Bayern","og_description":"Rechtliche Stellung der Distriktsgemeinden Die Distriktsgemeinden sind Gemeindeverb\u00e4nde h\u00f6herer Ordnung mit k\u00f6rperschaftlichen Rechten (Distr.-R.-Ges. Art. 1). Sie sind, gleich den Ortsgemeinden, gesetzlich notwendige Verb\u00e4nde, in welche der Staat \u2014 seine Angeh\u00f6rigen und sein Gebiet \u2014 sich gliedert. Nur die unmittelbaren St\u00e4dte sind vom Distriktsgemeindeverbande ausgeschlossen (Art. 35).\u00dcber die Einteilung des Landes in Distriktsgemeinden bestimmt das ... Weiterlesen ...","og_url":"https:\/\/www.ewigerbund.org\/bayern\/staatsrecht\/die-distriktsgemeinden\/","og_site_name":"K\u00f6nigreich Bayern","article_modified_time":"2023-04-12T18:38:27+00:00","og_image":[{"width":1200,"height":680,"url":"https:\/\/www.ewigerbund.org\/bayern\/wp-content\/uploads\/sites\/12\/2022\/08\/Distriktgemeinden-1200px.jpg","type":"image\/jpeg"}],"twitter_card":"summary_large_image","twitter_misc":{"Gesch\u00e4tzte Lesezeit":"5\u00a0Minuten"},"schema":{"@context":"https:\/\/schema.org","@graph":[{"@type":"WebPage","@id":"https:\/\/www.ewigerbund.org\/bayern\/staatsrecht\/die-distriktsgemeinden\/","url":"https:\/\/www.ewigerbund.org\/bayern\/staatsrecht\/die-distriktsgemeinden\/","name":"Die Distriktsgemeinden. - K\u00f6nigreich Bayern","isPartOf":{"@id":"https:\/\/www.ewigerbund.org\/bayern\/#website"},"primaryImageOfPage":{"@id":"https:\/\/www.ewigerbund.org\/bayern\/staatsrecht\/die-distriktsgemeinden\/#primaryimage"},"image":{"@id":"https:\/\/www.ewigerbund.org\/bayern\/staatsrecht\/die-distriktsgemeinden\/#primaryimage"},"thumbnailUrl":"https:\/\/www.ewigerbund.org\/bayern\/wp-content\/uploads\/sites\/12\/2022\/08\/Distriktgemeinden-1200px.jpg","datePublished":"2022-08-11T20:48:32+00:00","dateModified":"2023-04-12T18:38:27+00:00","breadcrumb":{"@id":"https:\/\/www.ewigerbund.org\/bayern\/staatsrecht\/die-distriktsgemeinden\/#breadcrumb"},"inLanguage":"de","potentialAction":[{"@type":"ReadAction","target":["https:\/\/www.ewigerbund.org\/bayern\/staatsrecht\/die-distriktsgemeinden\/"]}]},{"@type":"ImageObject","inLanguage":"de","@id":"https:\/\/www.ewigerbund.org\/bayern\/staatsrecht\/die-distriktsgemeinden\/#primaryimage","url":"https:\/\/www.ewigerbund.org\/bayern\/wp-content\/uploads\/sites\/12\/2022\/08\/Distriktgemeinden-1200px.jpg","contentUrl":"https:\/\/www.ewigerbund.org\/bayern\/wp-content\/uploads\/sites\/12\/2022\/08\/Distriktgemeinden-1200px.jpg","width":1200,"height":680},{"@type":"BreadcrumbList","@id":"https:\/\/www.ewigerbund.org\/bayern\/staatsrecht\/die-distriktsgemeinden\/#breadcrumb","itemListElement":[{"@type":"ListItem","position":1,"name":"Startseite","item":"https:\/\/www.ewigerbund.org\/bayern\/"},{"@type":"ListItem","position":2,"name":"Bayerisches Staatsrecht.","item":"https:\/\/www.ewigerbund.org\/bayern\/staatsrecht\/"},{"@type":"ListItem","position":3,"name":"Die Distriktsgemeinden."}]},{"@type":"WebSite","@id":"https:\/\/www.ewigerbund.org\/bayern\/#website","url":"https:\/\/www.ewigerbund.org\/bayern\/","name":"K\u00f6nigreich Bayern","description":"im ewigen Bund.","publisher":{"@id":"https:\/\/www.ewigerbund.org\/bayern\/#organization"},"potentialAction":[{"@type":"SearchAction","target":{"@type":"EntryPoint","urlTemplate":"https:\/\/www.ewigerbund.org\/bayern\/?s={search_term_string}"},"query-input":"required name=search_term_string"}],"inLanguage":"de"},{"@type":"Organization","@id":"https:\/\/www.ewigerbund.org\/bayern\/#organization","name":"K\u00f6nigreich Bayern","url":"https:\/\/www.ewigerbund.org\/bayern\/","logo":{"@type":"ImageObject","inLanguage":"de","@id":"https:\/\/www.ewigerbund.org\/bayern\/#\/schema\/logo\/image\/","url":"https:\/\/www.ewigerbund.org\/bayern\/wp-content\/uploads\/sites\/12\/2023\/02\/2023-02-24-Logo-EB-Bayern-Schutzzone_Schatten_BGweiss_V2_1200px.png","contentUrl":"https:\/\/www.ewigerbund.org\/bayern\/wp-content\/uploads\/sites\/12\/2023\/02\/2023-02-24-Logo-EB-Bayern-Schutzzone_Schatten_BGweiss_V2_1200px.png","width":1200,"height":1200,"caption":"K\u00f6nigreich Bayern"},"image":{"@id":"https:\/\/www.ewigerbund.org\/bayern\/#\/schema\/logo\/image\/"}}]}},"_links":{"self":[{"href":"https:\/\/www.ewigerbund.org\/bayern\/wp-json\/wp\/v2\/pages\/495","targetHints":{"allow":["GET"]}}],"collection":[{"href":"https:\/\/www.ewigerbund.org\/bayern\/wp-json\/wp\/v2\/pages"}],"about":[{"href":"https:\/\/www.ewigerbund.org\/bayern\/wp-json\/wp\/v2\/types\/page"}],"author":[{"embeddable":true,"href":"https:\/\/www.ewigerbund.org\/bayern\/wp-json\/wp\/v2\/users\/1"}],"replies":[{"embeddable":true,"href":"https:\/\/www.ewigerbund.org\/bayern\/wp-json\/wp\/v2\/comments?post=495"}],"version-history":[{"count":6,"href":"https:\/\/www.ewigerbund.org\/bayern\/wp-json\/wp\/v2\/pages\/495\/revisions"}],"predecessor-version":[{"id":1871,"href":"https:\/\/www.ewigerbund.org\/bayern\/wp-json\/wp\/v2\/pages\/495\/revisions\/1871"}],"up":[{"embeddable":true,"href":"https:\/\/www.ewigerbund.org\/bayern\/wp-json\/wp\/v2\/pages\/269"}],"wp:featuredmedia":[{"embeddable":true,"href":"https:\/\/www.ewigerbund.org\/bayern\/wp-json\/wp\/v2\/media\/898"}],"wp:attachment":[{"href":"https:\/\/www.ewigerbund.org\/bayern\/wp-json\/wp\/v2\/media?parent=495"}],"wp:term":[{"taxonomy":"category","embeddable":true,"href":"https:\/\/www.ewigerbund.org\/bayern\/wp-json\/wp\/v2\/categories?post=495"},{"taxonomy":"post_tag","embeddable":true,"href":"https:\/\/www.ewigerbund.org\/bayern\/wp-json\/wp\/v2\/tags?post=495"}],"curies":[{"name":"wp","href":"https:\/\/api.w.org\/{rel}","templated":true}]}}