{"id":294,"date":"2022-08-10T22:18:31","date_gmt":"2022-08-10T20:18:31","guid":{"rendered":"https:\/\/www.ewigerbund.org\/bayern\/?page_id=294"},"modified":"2023-11-04T17:53:40","modified_gmt":"2023-11-04T16:53:40","slug":"napoleons-feldzug-nach-russland","status":"publish","type":"page","link":"https:\/\/www.ewigerbund.org\/bayern\/geschichte\/napoleons-feldzug-nach-russland\/","title":{"rendered":"1812. Napoleons Feldzug nach Ru\u00dfland."},"content":{"rendered":"\n<h2 class=\"wp-block-heading\">1812. Napoleons Feldzug nach Ru\u00dfland.<\/h2>\n\n\n\n<p><strong>Veranlassung.<\/strong><\/p>\n\n\n\n<p>Nachdem Napoleon im Jahre 1809 auch die \u00d6sterreicher besiegt hatte, stand er auf dem Gipfel seiner Macht. Er war Herr \u00fcber 90 Millionen Menschen. Ganz Europa mit Ausnahme von England und Ru\u00dfland war bezwungen. Weil er England nicht angreifen konnte, wollte er durch die Festlandsperre den englischen Handel vernichten. Alle europ\u00e4ischen H\u00e4fen mu\u00dften den englischen Waren verschlossen werden. Zu Alexander von Ru\u00dfland stellte sich Napoleon zuerst freundlich. Als der Zar sich aber der Festlandsperre nicht mehr f\u00fcgen wollte, weil sie seinem Lande gro\u00dfen Schaden brachte, beschlo\u00df Napoleon, die Macht Ru\u00dflands zu brechen.<\/p>\n\n\n\n<p><strong>Zug gegen Moskau.<\/strong><\/p>\n\n\n\n<p>Im Sommer 1812 zog Napoleon mit mehr als 600.000 Mann &#8211; darunter 1\/3 Deutsche &#8211; nach Osten. Auch Bayern mu\u00dfte ein Hilfsheer von 30.000 Soldaten stellen.<\/p>\n\n\n\n<p>Er nahm seine Richtung nach Moskau. Nach sieben Wochen erreichte das Heer endlich Smolensk; dort hoffte es sich von den Strapazen zu erholen. Aber die Russen hielten die Stadt besetzt. Zwei Tage lang verteidigten sie den Ort &#8211; dann zogen sie ab. Die Stadt aber ging in Flammen auf, und am n\u00e4chsten Morgen fand Napoleon anstelle der Stadt nur einen Aschehaufen vor. M\u00fchsam ging der Zug vorw\u00e4rts. Bei Borodin, 100 km diesseits Moskau, stellten sich die Russen abermals zu Wehr. Napoleon siegte; die Russen zogen sich zur\u00fcck und \u00fcberlie\u00dfen ihre Hauptstadt Moskau dem Feinde.<\/p>\n\n\n\n<p><strong>Brand in Moskau.<\/strong><\/p>\n\n\n\n<p>Der Anblick dieser sch\u00f6nen Stadt erf\u00fcllte das ermattete Heer mit neuem Mute; dort gab es ja reiche Beute und Speise und Trank im \u00dcberflu\u00df. Aber sonderbar! Die Stra\u00dfen waren menschenleer, die Fenster der Pal\u00e4ste verhangen. Die Einwohner waren mit ihrer besten Habe gefl\u00fcchtet; nur etwa 12.000 Verbrecher, die man aus den Gef\u00e4ngnissen entlassen hatte, waren in der Stadt zur\u00fcckgeblieben. Napoleon bezog den Kreml, seine Armee die leer stehenden Pal\u00e4ste. Aber schon in der ersten Nacht brach an einzelnen Stellen Feuer aus, ebenso in der folgenden, und bald stand die ganze Stadt in Flammen. Die Russen selbst hatten das Feuer angelegt. Nun mu\u00dften die Truppen Napoleons vor der Stadt ein Lager beziehen.<\/p>\n\n\n\n<p><strong>R\u00fcckzug.<\/strong><\/p>\n\n\n\n<p>In dieser bedr\u00e4ngten Lage bot Napoleon dem Kaiser Alexander den Frieden an. Dieser lie\u00df ihm jedoch sagen: \u201eJetzt ist der Krieg nicht aus, jetzt soll er erst recht anfangen.\u201c So mu\u00dfte sich denn Napoleon Mitte Oktober zum R\u00fcckzuge entschlie\u00dfen. Anf\u00e4nglich war die Witterung noch l\u00e4ngere Zeit milde, aber im Heere herrschte bereits die gr\u00f6\u00dfte Unordnung, die vor allem durch die Zuchtlosigkeit und das liederliche Wesen der Soldaten hervorgerufen wurde. Ihren h\u00f6chsten Grad erreichte aber die Not, als das Wetter umschlug und Mangel an Lebensmitteln sich einstellte. Im Dezember stieg die K\u00e4lte bis auf 35 Grad, und hoher Schnee bedeckte Weg und Steg. Die Soldaten hatten kein Brot und verzehrten die gefallenen Pferde mit Hei\u00dfhunger. Ihre Schuhe und Stiefel waren zerrissen; die F\u00fc\u00dfe wurden mit Lumpen umwickelt; viele hinkten oder gingen auf Kr\u00fccken. Oft lagen am Morgen ganze Haufen tot um die erloschenen Wachtfeuer. Tag und Nacht umschw\u00e4rmten Kosaken die Fliehenden, und Tausende fielen in ihre H\u00e4nde.<\/p>\n\n\n\n<p>Das Schrecklichste auf dem R\u00fcckzuge war der \u00dcbergang \u00fcber die Beresina. Mit vieler M\u00fche baute man zwei Br\u00fccken \u00fcber den Flu\u00df, aber nur langsam konnte die Menschenmenge hin\u00fcber. Da am dritten Tage erschienen die Russen mit Kanonen und beschossen die Br\u00fccken.<\/p>\n\n\n\n<p>Nun st\u00fcrzte alles, was noch auf jener Seite war, auf die Br\u00fccken zu. Es entstand ein furchtbares Gedr\u00e4nge. Pl\u00f6tzlich brach die eine Br\u00fccke. Die Soldaten hinten wu\u00dften nichts davon und dr\u00e4ngten die vorderen mit Gewalt in den Flu\u00df hinein. Als man das Ungl\u00fcck entdeckte, st\u00fcrzte der Menschenschwarm sich auf die andere Br\u00fccke. Wagen, Pferde und Menschen lagen hier \u00fcber- und untereinander. Die nachfolgenden Truppen kletterten \u00fcber die am Boden liegenden hinweg, und Tausende st\u00fcrzten in den Flu\u00df. Als Napoleon mit dem Hauptheere hin\u00fcber war, wurde die Br\u00fccke abgebrochen. Wer noch dr\u00fcben war, fiel den Russen in die H\u00e4nde.<\/p>\n\n\n<div class=\"gb-container gb-container-c666f893\">\n\n<p>Von der gro\u00dfen Armee erreichten nur etwa 30.000 Mann, halb erfroren und verhungert, die polnische Grenze. (Den im russischen Feldzug gefallenen Bayern lie\u00df K\u00f6nig <a href=\"https:\/\/www.ewigerbund.org\/bayern\/geschichte\/koenig-ludwig-i\/\" target=\"_blank\" rel=\"noreferrer noopener\">Ludwig I.<\/a> in M\u00fcnchen ein herrliches Denkmal errichten, einen 30 m hohen Obelisk aus dem Erze eroberter Kanonen, der die Inschrift tr\u00e4gt: \u201eAuch sie starben f\u00fcr des Vaterlandes Befreiung&#8220;.)<\/p>\n\n<\/div>\n\n\n<p><strong>General York.<\/strong><\/p>\n\n\n\n<p>Als der General York, der mit dem preu\u00dfischen Hilfsheere in den Ostseeprovinzen stand, die Nachricht von dem schm\u00e4hlichen Ende des franz\u00f6sischen Hauptheeres erfuhr, erf\u00fcllte Freude seine Brust. Nur mit Widerwillen hatte er f\u00fcr die Sache der Franzosen gek\u00e4mpft. Jetzt hielt es ihn nicht l\u00e4nger. Am Weihnachtsabend trat er mit dem russischen General Diebitsch in Unterhandlungen, die damit endeten, da\u00df York sich von den Franzosen trennte. Seine Offiziere jubelten ihm zu. Er zeigte dem K\u00f6nige von Preu\u00dfen seinen Entschlu\u00df an und schrieb dabei: \u201eEurer Majest\u00e4t lege ich willig meinen Kopf zu F\u00fc\u00dfen, wenn ich gefehlt haben sollte. Ich w\u00fcrde mit der freudigen Beruhigung sterben, wenigstens nicht als treuer Untertan und wahrer Preu\u00dfe gefehlt zu haben.\u201d York wurde seines Kommandos entsetzt. Der Adjutant aber, der ihm diesen Befehl \u00fcberbringen sollte, wurde von den Russen aufgefangen und festgehalten, und so blieb York auf seinem Posten. \u2014 Der K\u00f6nig verlegte bald darauf seine Residenz nach Breslau.<\/p>\n\n\n<div class=\"gb-button-wrapper gb-button-wrapper-7b7f225b\">\n\n<a class=\"gb-button gb-button-8405ea76 gb-button-text\" href=\"https:\/\/forum.bayern.ewigerbund.org\/viewtopic.php?t=99\" target=\"_blank\" rel=\"noopener noreferrer\">Dieser Beitrag hat dir gefallen? Hier kommentieren.<\/a>\n\n<\/div>\n\n\n<p><\/p>\n\n\n\n<p class=\"has-small-font-size\"><em>Quelle: Bayerisches Realienbuch. Bearbeitet von Dr. Hans Reinlein, Oberlehrer in M\u00fcnchen Realienbuch Nr. 63, 171. bis 180. Gesamt-Auflage. Bielefeld und Leipzig 1915, Seite 111-112.<\/em><\/p>\n","protected":false},"excerpt":{"rendered":"<p>1812. Napoleons Feldzug nach Ru\u00dfland. Veranlassung. Nachdem Napoleon im Jahre 1809 auch die \u00d6sterreicher besiegt hatte, stand er auf dem Gipfel seiner Macht. Er war Herr \u00fcber 90 Millionen Menschen. Ganz Europa mit Ausnahme von England und Ru\u00dfland war bezwungen. Weil er England nicht angreifen konnte, wollte er durch die Festlandsperre den englischen Handel vernichten. &#8230; <a title=\"1812. Napoleons Feldzug nach Ru\u00dfland.\" class=\"read-more\" href=\"https:\/\/www.ewigerbund.org\/bayern\/geschichte\/napoleons-feldzug-nach-russland\/\" aria-label=\"Mehr zu 1812. Napoleons Feldzug nach Ru\u00dfland.\">Weiterlesen &#8230;<\/a><\/p>\n","protected":false},"author":1,"featured_media":2884,"parent":215,"menu_order":17,"comment_status":"closed","ping_status":"closed","template":"template-6-beide-seitenleiste.php","meta":{"footnotes":""},"categories":[7],"tags":[82,83,145,81],"class_list":["post-294","page","type-page","status-publish","has-post-thumbnail","hentry","category-geschichte","tag-feldzug-nach-russland","tag-kaiser-alexander","tag-ludwig-i","tag-napoleon"],"yoast_head":"<!-- This site is optimized with the Yoast SEO plugin v23.1 - https:\/\/yoast.com\/wordpress\/plugins\/seo\/ -->\n<title>1812. Napoleons Feldzug nach Ru\u00dfland. - K\u00f6nigreich Bayern<\/title>\n<meta name=\"robots\" content=\"index, follow, max-snippet:-1, max-image-preview:large, max-video-preview:-1\" \/>\n<link rel=\"canonical\" href=\"https:\/\/www.ewigerbund.org\/bayern\/geschichte\/napoleons-feldzug-nach-russland\/\" \/>\n<meta property=\"og:locale\" content=\"de_DE\" \/>\n<meta property=\"og:type\" content=\"article\" \/>\n<meta property=\"og:title\" content=\"1812. Napoleons Feldzug nach Ru\u00dfland. - K\u00f6nigreich Bayern\" \/>\n<meta property=\"og:description\" content=\"1812. Napoleons Feldzug nach Ru\u00dfland. Veranlassung. Nachdem Napoleon im Jahre 1809 auch die \u00d6sterreicher besiegt hatte, stand er auf dem Gipfel seiner Macht. Er war Herr \u00fcber 90 Millionen Menschen. Ganz Europa mit Ausnahme von England und Ru\u00dfland war bezwungen. Weil er England nicht angreifen konnte, wollte er durch die Festlandsperre den englischen Handel vernichten. ... Weiterlesen ...\" \/>\n<meta property=\"og:url\" content=\"https:\/\/www.ewigerbund.org\/bayern\/geschichte\/napoleons-feldzug-nach-russland\/\" \/>\n<meta property=\"og:site_name\" content=\"K\u00f6nigreich Bayern\" \/>\n<meta property=\"article:modified_time\" content=\"2023-11-04T16:53:40+00:00\" \/>\n<meta property=\"og:image\" content=\"https:\/\/www.ewigerbund.org\/bayern\/wp-content\/uploads\/sites\/12\/2023\/06\/NapoleonRusslandFeldzug-1200px-1024x580-1.jpg\" \/>\n\t<meta property=\"og:image:width\" content=\"1024\" \/>\n\t<meta property=\"og:image:height\" content=\"580\" \/>\n\t<meta property=\"og:image:type\" content=\"image\/jpeg\" \/>\n<meta name=\"twitter:card\" content=\"summary_large_image\" \/>\n<meta name=\"twitter:label1\" content=\"Gesch\u00e4tzte Lesezeit\" \/>\n\t<meta name=\"twitter:data1\" content=\"5\u00a0Minuten\" \/>\n<script type=\"application\/ld+json\" class=\"yoast-schema-graph\">{\"@context\":\"https:\/\/schema.org\",\"@graph\":[{\"@type\":\"WebPage\",\"@id\":\"https:\/\/www.ewigerbund.org\/bayern\/geschichte\/napoleons-feldzug-nach-russland\/\",\"url\":\"https:\/\/www.ewigerbund.org\/bayern\/geschichte\/napoleons-feldzug-nach-russland\/\",\"name\":\"1812. Napoleons Feldzug nach Ru\u00dfland. - K\u00f6nigreich Bayern\",\"isPartOf\":{\"@id\":\"https:\/\/www.ewigerbund.org\/bayern\/#website\"},\"primaryImageOfPage\":{\"@id\":\"https:\/\/www.ewigerbund.org\/bayern\/geschichte\/napoleons-feldzug-nach-russland\/#primaryimage\"},\"image\":{\"@id\":\"https:\/\/www.ewigerbund.org\/bayern\/geschichte\/napoleons-feldzug-nach-russland\/#primaryimage\"},\"thumbnailUrl\":\"https:\/\/www.ewigerbund.org\/bayern\/wp-content\/uploads\/sites\/12\/2023\/06\/NapoleonRusslandFeldzug-1200px-1024x580-1.jpg\",\"datePublished\":\"2022-08-10T20:18:31+00:00\",\"dateModified\":\"2023-11-04T16:53:40+00:00\",\"breadcrumb\":{\"@id\":\"https:\/\/www.ewigerbund.org\/bayern\/geschichte\/napoleons-feldzug-nach-russland\/#breadcrumb\"},\"inLanguage\":\"de\",\"potentialAction\":[{\"@type\":\"ReadAction\",\"target\":[\"https:\/\/www.ewigerbund.org\/bayern\/geschichte\/napoleons-feldzug-nach-russland\/\"]}]},{\"@type\":\"ImageObject\",\"inLanguage\":\"de\",\"@id\":\"https:\/\/www.ewigerbund.org\/bayern\/geschichte\/napoleons-feldzug-nach-russland\/#primaryimage\",\"url\":\"https:\/\/www.ewigerbund.org\/bayern\/wp-content\/uploads\/sites\/12\/2023\/06\/NapoleonRusslandFeldzug-1200px-1024x580-1.jpg\",\"contentUrl\":\"https:\/\/www.ewigerbund.org\/bayern\/wp-content\/uploads\/sites\/12\/2023\/06\/NapoleonRusslandFeldzug-1200px-1024x580-1.jpg\",\"width\":1024,\"height\":580,\"caption\":\"NapoleonRusslandFeldzug-1200px-1024x580\"},{\"@type\":\"BreadcrumbList\",\"@id\":\"https:\/\/www.ewigerbund.org\/bayern\/geschichte\/napoleons-feldzug-nach-russland\/#breadcrumb\",\"itemListElement\":[{\"@type\":\"ListItem\",\"position\":1,\"name\":\"Startseite\",\"item\":\"https:\/\/www.ewigerbund.org\/bayern\/\"},{\"@type\":\"ListItem\",\"position\":2,\"name\":\"Geschichte\",\"item\":\"https:\/\/www.ewigerbund.org\/bayern\/geschichte\/\"},{\"@type\":\"ListItem\",\"position\":3,\"name\":\"1812. Napoleons Feldzug nach Ru\u00dfland.\"}]},{\"@type\":\"WebSite\",\"@id\":\"https:\/\/www.ewigerbund.org\/bayern\/#website\",\"url\":\"https:\/\/www.ewigerbund.org\/bayern\/\",\"name\":\"K\u00f6nigreich Bayern\",\"description\":\"im ewigen Bund.\",\"publisher\":{\"@id\":\"https:\/\/www.ewigerbund.org\/bayern\/#organization\"},\"potentialAction\":[{\"@type\":\"SearchAction\",\"target\":{\"@type\":\"EntryPoint\",\"urlTemplate\":\"https:\/\/www.ewigerbund.org\/bayern\/?s={search_term_string}\"},\"query-input\":\"required name=search_term_string\"}],\"inLanguage\":\"de\"},{\"@type\":\"Organization\",\"@id\":\"https:\/\/www.ewigerbund.org\/bayern\/#organization\",\"name\":\"K\u00f6nigreich Bayern\",\"url\":\"https:\/\/www.ewigerbund.org\/bayern\/\",\"logo\":{\"@type\":\"ImageObject\",\"inLanguage\":\"de\",\"@id\":\"https:\/\/www.ewigerbund.org\/bayern\/#\/schema\/logo\/image\/\",\"url\":\"https:\/\/www.ewigerbund.org\/bayern\/wp-content\/uploads\/sites\/12\/2023\/02\/2023-02-24-Logo-EB-Bayern-Schutzzone_Schatten_BGweiss_V2_1200px.png\",\"contentUrl\":\"https:\/\/www.ewigerbund.org\/bayern\/wp-content\/uploads\/sites\/12\/2023\/02\/2023-02-24-Logo-EB-Bayern-Schutzzone_Schatten_BGweiss_V2_1200px.png\",\"width\":1200,\"height\":1200,\"caption\":\"K\u00f6nigreich Bayern\"},\"image\":{\"@id\":\"https:\/\/www.ewigerbund.org\/bayern\/#\/schema\/logo\/image\/\"}}]}<\/script>\n<!-- \/ Yoast SEO plugin. -->","yoast_head_json":{"title":"1812. Napoleons Feldzug nach Ru\u00dfland. - K\u00f6nigreich Bayern","robots":{"index":"index","follow":"follow","max-snippet":"max-snippet:-1","max-image-preview":"max-image-preview:large","max-video-preview":"max-video-preview:-1"},"canonical":"https:\/\/www.ewigerbund.org\/bayern\/geschichte\/napoleons-feldzug-nach-russland\/","og_locale":"de_DE","og_type":"article","og_title":"1812. Napoleons Feldzug nach Ru\u00dfland. - K\u00f6nigreich Bayern","og_description":"1812. Napoleons Feldzug nach Ru\u00dfland. Veranlassung. Nachdem Napoleon im Jahre 1809 auch die \u00d6sterreicher besiegt hatte, stand er auf dem Gipfel seiner Macht. Er war Herr \u00fcber 90 Millionen Menschen. Ganz Europa mit Ausnahme von England und Ru\u00dfland war bezwungen. Weil er England nicht angreifen konnte, wollte er durch die Festlandsperre den englischen Handel vernichten. ... Weiterlesen ...","og_url":"https:\/\/www.ewigerbund.org\/bayern\/geschichte\/napoleons-feldzug-nach-russland\/","og_site_name":"K\u00f6nigreich Bayern","article_modified_time":"2023-11-04T16:53:40+00:00","og_image":[{"width":1024,"height":580,"url":"https:\/\/www.ewigerbund.org\/bayern\/wp-content\/uploads\/sites\/12\/2023\/06\/NapoleonRusslandFeldzug-1200px-1024x580-1.jpg","type":"image\/jpeg"}],"twitter_card":"summary_large_image","twitter_misc":{"Gesch\u00e4tzte Lesezeit":"5\u00a0Minuten"},"schema":{"@context":"https:\/\/schema.org","@graph":[{"@type":"WebPage","@id":"https:\/\/www.ewigerbund.org\/bayern\/geschichte\/napoleons-feldzug-nach-russland\/","url":"https:\/\/www.ewigerbund.org\/bayern\/geschichte\/napoleons-feldzug-nach-russland\/","name":"1812. Napoleons Feldzug nach Ru\u00dfland. - K\u00f6nigreich Bayern","isPartOf":{"@id":"https:\/\/www.ewigerbund.org\/bayern\/#website"},"primaryImageOfPage":{"@id":"https:\/\/www.ewigerbund.org\/bayern\/geschichte\/napoleons-feldzug-nach-russland\/#primaryimage"},"image":{"@id":"https:\/\/www.ewigerbund.org\/bayern\/geschichte\/napoleons-feldzug-nach-russland\/#primaryimage"},"thumbnailUrl":"https:\/\/www.ewigerbund.org\/bayern\/wp-content\/uploads\/sites\/12\/2023\/06\/NapoleonRusslandFeldzug-1200px-1024x580-1.jpg","datePublished":"2022-08-10T20:18:31+00:00","dateModified":"2023-11-04T16:53:40+00:00","breadcrumb":{"@id":"https:\/\/www.ewigerbund.org\/bayern\/geschichte\/napoleons-feldzug-nach-russland\/#breadcrumb"},"inLanguage":"de","potentialAction":[{"@type":"ReadAction","target":["https:\/\/www.ewigerbund.org\/bayern\/geschichte\/napoleons-feldzug-nach-russland\/"]}]},{"@type":"ImageObject","inLanguage":"de","@id":"https:\/\/www.ewigerbund.org\/bayern\/geschichte\/napoleons-feldzug-nach-russland\/#primaryimage","url":"https:\/\/www.ewigerbund.org\/bayern\/wp-content\/uploads\/sites\/12\/2023\/06\/NapoleonRusslandFeldzug-1200px-1024x580-1.jpg","contentUrl":"https:\/\/www.ewigerbund.org\/bayern\/wp-content\/uploads\/sites\/12\/2023\/06\/NapoleonRusslandFeldzug-1200px-1024x580-1.jpg","width":1024,"height":580,"caption":"NapoleonRusslandFeldzug-1200px-1024x580"},{"@type":"BreadcrumbList","@id":"https:\/\/www.ewigerbund.org\/bayern\/geschichte\/napoleons-feldzug-nach-russland\/#breadcrumb","itemListElement":[{"@type":"ListItem","position":1,"name":"Startseite","item":"https:\/\/www.ewigerbund.org\/bayern\/"},{"@type":"ListItem","position":2,"name":"Geschichte","item":"https:\/\/www.ewigerbund.org\/bayern\/geschichte\/"},{"@type":"ListItem","position":3,"name":"1812. Napoleons Feldzug nach Ru\u00dfland."}]},{"@type":"WebSite","@id":"https:\/\/www.ewigerbund.org\/bayern\/#website","url":"https:\/\/www.ewigerbund.org\/bayern\/","name":"K\u00f6nigreich Bayern","description":"im ewigen Bund.","publisher":{"@id":"https:\/\/www.ewigerbund.org\/bayern\/#organization"},"potentialAction":[{"@type":"SearchAction","target":{"@type":"EntryPoint","urlTemplate":"https:\/\/www.ewigerbund.org\/bayern\/?s={search_term_string}"},"query-input":"required name=search_term_string"}],"inLanguage":"de"},{"@type":"Organization","@id":"https:\/\/www.ewigerbund.org\/bayern\/#organization","name":"K\u00f6nigreich Bayern","url":"https:\/\/www.ewigerbund.org\/bayern\/","logo":{"@type":"ImageObject","inLanguage":"de","@id":"https:\/\/www.ewigerbund.org\/bayern\/#\/schema\/logo\/image\/","url":"https:\/\/www.ewigerbund.org\/bayern\/wp-content\/uploads\/sites\/12\/2023\/02\/2023-02-24-Logo-EB-Bayern-Schutzzone_Schatten_BGweiss_V2_1200px.png","contentUrl":"https:\/\/www.ewigerbund.org\/bayern\/wp-content\/uploads\/sites\/12\/2023\/02\/2023-02-24-Logo-EB-Bayern-Schutzzone_Schatten_BGweiss_V2_1200px.png","width":1200,"height":1200,"caption":"K\u00f6nigreich Bayern"},"image":{"@id":"https:\/\/www.ewigerbund.org\/bayern\/#\/schema\/logo\/image\/"}}]}},"_links":{"self":[{"href":"https:\/\/www.ewigerbund.org\/bayern\/wp-json\/wp\/v2\/pages\/294","targetHints":{"allow":["GET"]}}],"collection":[{"href":"https:\/\/www.ewigerbund.org\/bayern\/wp-json\/wp\/v2\/pages"}],"about":[{"href":"https:\/\/www.ewigerbund.org\/bayern\/wp-json\/wp\/v2\/types\/page"}],"author":[{"embeddable":true,"href":"https:\/\/www.ewigerbund.org\/bayern\/wp-json\/wp\/v2\/users\/1"}],"replies":[{"embeddable":true,"href":"https:\/\/www.ewigerbund.org\/bayern\/wp-json\/wp\/v2\/comments?post=294"}],"version-history":[{"count":13,"href":"https:\/\/www.ewigerbund.org\/bayern\/wp-json\/wp\/v2\/pages\/294\/revisions"}],"predecessor-version":[{"id":4168,"href":"https:\/\/www.ewigerbund.org\/bayern\/wp-json\/wp\/v2\/pages\/294\/revisions\/4168"}],"up":[{"embeddable":true,"href":"https:\/\/www.ewigerbund.org\/bayern\/wp-json\/wp\/v2\/pages\/215"}],"wp:featuredmedia":[{"embeddable":true,"href":"https:\/\/www.ewigerbund.org\/bayern\/wp-json\/wp\/v2\/media\/2884"}],"wp:attachment":[{"href":"https:\/\/www.ewigerbund.org\/bayern\/wp-json\/wp\/v2\/media?parent=294"}],"wp:term":[{"taxonomy":"category","embeddable":true,"href":"https:\/\/www.ewigerbund.org\/bayern\/wp-json\/wp\/v2\/categories?post=294"},{"taxonomy":"post_tag","embeddable":true,"href":"https:\/\/www.ewigerbund.org\/bayern\/wp-json\/wp\/v2\/tags?post=294"}],"curies":[{"name":"wp","href":"https:\/\/api.w.org\/{rel}","templated":true}]}}