{"id":286,"date":"2022-08-10T21:44:27","date_gmt":"2022-08-10T19:44:27","guid":{"rendered":"https:\/\/www.ewigerbund.org\/bayern\/?page_id=286"},"modified":"2023-11-04T19:09:26","modified_gmt":"2023-11-04T18:09:26","slug":"die-verwuestung-der-pfalz-und-der-brand-speiers","status":"publish","type":"page","link":"https:\/\/www.ewigerbund.org\/bayern\/geschichte\/die-verwuestung-der-pfalz-und-der-brand-speiers\/","title":{"rendered":"1688. Die Verw\u00fcstung der Pfalz und der Brand Speiers."},"content":{"rendered":"\n<p>Wie Ludwig XIV. mitten im Frieden Stra\u00dfburg geraubt hatte, so fiel er im September 1688 ohne Kriegserkl\u00e4rung in die Pfalz ein. Rasch nacheinander hatten die Franzosen Kaiserslautern, Mainz, Heidelberg und Heilbronn genommen und sich so in den Besitz der Pfalz gesetzt, ehe man in Deutschland an Widerstand denken konnte. Um denselben, der f\u00fcr das Fr\u00fchjahr sicher zu erwarten war, unm\u00f6glich oder doch unwirksam zu machen, wollte Ludwig (der Sonnenk\u00f6nig Anm. d. Red.) zwischen Deutschland und Frankreich &#8222;eine W\u00fcste legen&#8220;. Es erging deshalb der unmenschliche Befehl, alle St\u00e4dte, Flecken und D\u00f6rfer der Pfalz niederzubrennen und das Land zu verw\u00fcsten.<\/p>\n\n\n\n<p>Den Bewohnern wurde dieses bekannt gegeben und ihnen eine dreit\u00e4gige Frist zu deren Rettung gestattet. Bald f\u00fcllten sich die Stra\u00dfen und Felder mit M\u00e4nnern, Weibern und Kindern, welche von ihrem Herde flohen. Viele erlagen dem Hunger und der K\u00e4lte; andere retteten kaum das nackte Leben.<\/p>\n\n\n\n<p>Mittlerweile begann das Werk der Zerst\u00f6rung. General M\u00e9lac vollf\u00fchrte es von Heidelberg aus mit hunnischer Grausamkeit. Aus jedem Orte schlugen die Flammen empor. Die mit Korn bestellten \u00c4cker wurden verw\u00fcstet, die Obstb\u00e4ume niedergehauen, die Weinpflanzungen zerst\u00f6rt. Weder Pal\u00e4ste und Tempel, Kl\u00f6ster und Krankenh\u00e4user, noch Kunstwerke oder Denkm\u00e4ler fanden Schonung. Das prachtvolle Heidelberger Schlo\u00df wurde ausgepl\u00fcndert und in die Luft gesprengt, Mannheim gleich Heidelberg niedergebrannt. Trostlos verlie\u00dfen die ungl\u00fccklichen Einwohner ihre Heimat. L\u00e4nger war die Stadt Speier geschont worden. Aber auch sie sollte mit ihrem ehrw\u00fcrdigen Dome den Flammen \u00fcberliefert werden.<\/p>\n\n\n\n<p>Im Mai 1689 wurde den Einwohnern angek\u00fcndigt, da\u00df ihre Stadt dem Erdboden gleich gemacht werden solle, da\u00df ihnen aber eine sechst\u00e4gige Frist zur Flucht nach Elsa\u00df, Lothringen oder Burgund gew\u00e4hrt, die Flucht auf das rechte Rheinufer jedoch bei Todesstrafe verboten sei. Der franz\u00f6sische Befehlshaber lie\u00df daraufhin die Stadt anz\u00fcnden. Ein Feuerbrand, den der Wind durch die Luft getragen hatte, flog in die Kuppel des Domes, z\u00fcndete und die Flamme schlug auf. Bald war der ganze Dom ein Feuerball. Die Glockenst\u00fchle, allm\u00e4hlich durchgebrannt, wichen aus dem Gef\u00fcge, krachten und st\u00fcrzten mitsamt der Glocken hinab. Der Brand f\u00e4rbte den Himmel auf einen Umkreis von vielen Stunden blutig roth und verk\u00fcndete den Untergang von Speier.<\/p>\n\n\n<div class=\"gb-container gb-container-86dd5fb3\">\n\n<p>Kurf\u00fcrst <a href=\"https:\/\/www.ewigerbund.org\/bayern\/geschichte\/max-emanuel-von-bayern\/\">Max Emanuel von Bayern<\/a> war einer der ersten deutschen F\u00fcrsten, der mit seinem Heere den Franzosen entgegenr\u00fcckte und im Vereine mit dem \u00d6sterreichischen Feldherrn Ludwig von Baden das weitere Vordringen derselben hemmte.<\/p>\n\n<\/div>\n\n<div class=\"gb-button-wrapper gb-button-wrapper-bef25c0b\">\n\n<a class=\"gb-button gb-button-5a10a7ea gb-button-text\" href=\"https:\/\/forum.bayern.ewigerbund.org\/viewtopic.php?t=44\" target=\"_blank\" rel=\"noopener noreferrer\">Dieser Beitrag hat dir gefallen? Hier kommentieren.<\/a>\n\n<\/div>\n\n\n<p><\/p>\n\n\n\n<p class=\"has-small-font-size\"><em>Quelle: Deutsches Lesebuch. F\u00fcr das Bed\u00fcrfni\u00df ungetheilter Volksschulen bearbeitet. Zweiter Theil: Realienbuch (Ausgabe f\u00fcr protestantische Schulen) Seite 285 ff, M\u00fcnchen 1879.<\/em><\/p>\n","protected":false},"excerpt":{"rendered":"<p>Wie Ludwig XIV. mitten im Frieden Stra\u00dfburg geraubt hatte, so fiel er im September 1688 ohne Kriegserkl\u00e4rung in die Pfalz ein. Rasch nacheinander hatten die Franzosen Kaiserslautern, Mainz, Heidelberg und Heilbronn genommen und sich so in den Besitz der Pfalz gesetzt, ehe man in Deutschland an Widerstand denken konnte. Um denselben, der f\u00fcr das Fr\u00fchjahr &#8230; <a title=\"1688. Die Verw\u00fcstung der Pfalz und der Brand Speiers.\" class=\"read-more\" href=\"https:\/\/www.ewigerbund.org\/bayern\/geschichte\/die-verwuestung-der-pfalz-und-der-brand-speiers\/\" aria-label=\"Mehr zu 1688. Die Verw\u00fcstung der Pfalz und der Brand Speiers.\">Weiterlesen &#8230;<\/a><\/p>\n","protected":false},"author":1,"featured_media":2878,"parent":215,"menu_order":11,"comment_status":"closed","ping_status":"closed","template":"template-6-beide-seitenleiste.php","meta":{"footnotes":""},"categories":[7],"tags":[143,69,71,76,30,72,77,31,70],"class_list":["post-286","page","type-page","status-publish","has-post-thumbnail","hentry","category-geschichte","tag-der-brand-speiers","tag-die-verwuestung-der-pfalz","tag-heidelberg","tag-ludwig-von-baden","tag-ludwig-xiv","tag-mannheim","tag-melac","tag-pfalz","tag-strassburg"],"yoast_head":"<!-- This site is optimized with the Yoast SEO plugin v23.1 - https:\/\/yoast.com\/wordpress\/plugins\/seo\/ -->\n<title>1688. Die Verw\u00fcstung der Pfalz und der Brand Speiers. - K\u00f6nigreich Bayern<\/title>\n<meta name=\"robots\" content=\"index, follow, max-snippet:-1, max-image-preview:large, max-video-preview:-1\" \/>\n<link rel=\"canonical\" href=\"https:\/\/www.ewigerbund.org\/bayern\/geschichte\/die-verwuestung-der-pfalz-und-der-brand-speiers\/\" \/>\n<meta property=\"og:locale\" content=\"de_DE\" \/>\n<meta property=\"og:type\" content=\"article\" \/>\n<meta property=\"og:title\" content=\"1688. Die Verw\u00fcstung der Pfalz und der Brand Speiers. - K\u00f6nigreich Bayern\" \/>\n<meta property=\"og:description\" content=\"Wie Ludwig XIV. mitten im Frieden Stra\u00dfburg geraubt hatte, so fiel er im September 1688 ohne Kriegserkl\u00e4rung in die Pfalz ein. Rasch nacheinander hatten die Franzosen Kaiserslautern, Mainz, Heidelberg und Heilbronn genommen und sich so in den Besitz der Pfalz gesetzt, ehe man in Deutschland an Widerstand denken konnte. Um denselben, der f\u00fcr das Fr\u00fchjahr ... Weiterlesen ...\" \/>\n<meta property=\"og:url\" content=\"https:\/\/www.ewigerbund.org\/bayern\/geschichte\/die-verwuestung-der-pfalz-und-der-brand-speiers\/\" \/>\n<meta property=\"og:site_name\" content=\"K\u00f6nigreich Bayern\" \/>\n<meta property=\"article:modified_time\" content=\"2023-11-04T18:09:26+00:00\" \/>\n<meta property=\"og:image\" content=\"https:\/\/www.ewigerbund.org\/bayern\/wp-content\/uploads\/sites\/12\/2023\/06\/1688.jpg\" \/>\n\t<meta property=\"og:image:width\" content=\"1024\" \/>\n\t<meta property=\"og:image:height\" content=\"580\" \/>\n\t<meta property=\"og:image:type\" content=\"image\/jpeg\" \/>\n<meta name=\"twitter:card\" content=\"summary_large_image\" \/>\n<meta name=\"twitter:label1\" content=\"Gesch\u00e4tzte Lesezeit\" \/>\n\t<meta name=\"twitter:data1\" content=\"3\u00a0Minuten\" \/>\n<script type=\"application\/ld+json\" class=\"yoast-schema-graph\">{\"@context\":\"https:\/\/schema.org\",\"@graph\":[{\"@type\":\"WebPage\",\"@id\":\"https:\/\/www.ewigerbund.org\/bayern\/geschichte\/die-verwuestung-der-pfalz-und-der-brand-speiers\/\",\"url\":\"https:\/\/www.ewigerbund.org\/bayern\/geschichte\/die-verwuestung-der-pfalz-und-der-brand-speiers\/\",\"name\":\"1688. Die Verw\u00fcstung der Pfalz und der Brand Speiers. - K\u00f6nigreich Bayern\",\"isPartOf\":{\"@id\":\"https:\/\/www.ewigerbund.org\/bayern\/#website\"},\"primaryImageOfPage\":{\"@id\":\"https:\/\/www.ewigerbund.org\/bayern\/geschichte\/die-verwuestung-der-pfalz-und-der-brand-speiers\/#primaryimage\"},\"image\":{\"@id\":\"https:\/\/www.ewigerbund.org\/bayern\/geschichte\/die-verwuestung-der-pfalz-und-der-brand-speiers\/#primaryimage\"},\"thumbnailUrl\":\"https:\/\/www.ewigerbund.org\/bayern\/wp-content\/uploads\/sites\/12\/2023\/06\/1688.jpg\",\"datePublished\":\"2022-08-10T19:44:27+00:00\",\"dateModified\":\"2023-11-04T18:09:26+00:00\",\"breadcrumb\":{\"@id\":\"https:\/\/www.ewigerbund.org\/bayern\/geschichte\/die-verwuestung-der-pfalz-und-der-brand-speiers\/#breadcrumb\"},\"inLanguage\":\"de\",\"potentialAction\":[{\"@type\":\"ReadAction\",\"target\":[\"https:\/\/www.ewigerbund.org\/bayern\/geschichte\/die-verwuestung-der-pfalz-und-der-brand-speiers\/\"]}]},{\"@type\":\"ImageObject\",\"inLanguage\":\"de\",\"@id\":\"https:\/\/www.ewigerbund.org\/bayern\/geschichte\/die-verwuestung-der-pfalz-und-der-brand-speiers\/#primaryimage\",\"url\":\"https:\/\/www.ewigerbund.org\/bayern\/wp-content\/uploads\/sites\/12\/2023\/06\/1688.jpg\",\"contentUrl\":\"https:\/\/www.ewigerbund.org\/bayern\/wp-content\/uploads\/sites\/12\/2023\/06\/1688.jpg\",\"width\":1024,\"height\":580,\"caption\":\"1688 Durlach\"},{\"@type\":\"BreadcrumbList\",\"@id\":\"https:\/\/www.ewigerbund.org\/bayern\/geschichte\/die-verwuestung-der-pfalz-und-der-brand-speiers\/#breadcrumb\",\"itemListElement\":[{\"@type\":\"ListItem\",\"position\":1,\"name\":\"Startseite\",\"item\":\"https:\/\/www.ewigerbund.org\/bayern\/\"},{\"@type\":\"ListItem\",\"position\":2,\"name\":\"Geschichte\",\"item\":\"https:\/\/www.ewigerbund.org\/bayern\/geschichte\/\"},{\"@type\":\"ListItem\",\"position\":3,\"name\":\"1688. Die Verw\u00fcstung der Pfalz und der Brand Speiers.\"}]},{\"@type\":\"WebSite\",\"@id\":\"https:\/\/www.ewigerbund.org\/bayern\/#website\",\"url\":\"https:\/\/www.ewigerbund.org\/bayern\/\",\"name\":\"K\u00f6nigreich Bayern\",\"description\":\"im ewigen Bund.\",\"publisher\":{\"@id\":\"https:\/\/www.ewigerbund.org\/bayern\/#organization\"},\"potentialAction\":[{\"@type\":\"SearchAction\",\"target\":{\"@type\":\"EntryPoint\",\"urlTemplate\":\"https:\/\/www.ewigerbund.org\/bayern\/?s={search_term_string}\"},\"query-input\":\"required name=search_term_string\"}],\"inLanguage\":\"de\"},{\"@type\":\"Organization\",\"@id\":\"https:\/\/www.ewigerbund.org\/bayern\/#organization\",\"name\":\"K\u00f6nigreich Bayern\",\"url\":\"https:\/\/www.ewigerbund.org\/bayern\/\",\"logo\":{\"@type\":\"ImageObject\",\"inLanguage\":\"de\",\"@id\":\"https:\/\/www.ewigerbund.org\/bayern\/#\/schema\/logo\/image\/\",\"url\":\"https:\/\/www.ewigerbund.org\/bayern\/wp-content\/uploads\/sites\/12\/2023\/02\/2023-02-24-Logo-EB-Bayern-Schutzzone_Schatten_BGweiss_V2_1200px.png\",\"contentUrl\":\"https:\/\/www.ewigerbund.org\/bayern\/wp-content\/uploads\/sites\/12\/2023\/02\/2023-02-24-Logo-EB-Bayern-Schutzzone_Schatten_BGweiss_V2_1200px.png\",\"width\":1200,\"height\":1200,\"caption\":\"K\u00f6nigreich Bayern\"},\"image\":{\"@id\":\"https:\/\/www.ewigerbund.org\/bayern\/#\/schema\/logo\/image\/\"}}]}<\/script>\n<!-- \/ Yoast SEO plugin. -->","yoast_head_json":{"title":"1688. Die Verw\u00fcstung der Pfalz und der Brand Speiers. - K\u00f6nigreich Bayern","robots":{"index":"index","follow":"follow","max-snippet":"max-snippet:-1","max-image-preview":"max-image-preview:large","max-video-preview":"max-video-preview:-1"},"canonical":"https:\/\/www.ewigerbund.org\/bayern\/geschichte\/die-verwuestung-der-pfalz-und-der-brand-speiers\/","og_locale":"de_DE","og_type":"article","og_title":"1688. Die Verw\u00fcstung der Pfalz und der Brand Speiers. - K\u00f6nigreich Bayern","og_description":"Wie Ludwig XIV. mitten im Frieden Stra\u00dfburg geraubt hatte, so fiel er im September 1688 ohne Kriegserkl\u00e4rung in die Pfalz ein. Rasch nacheinander hatten die Franzosen Kaiserslautern, Mainz, Heidelberg und Heilbronn genommen und sich so in den Besitz der Pfalz gesetzt, ehe man in Deutschland an Widerstand denken konnte. Um denselben, der f\u00fcr das Fr\u00fchjahr ... Weiterlesen ...","og_url":"https:\/\/www.ewigerbund.org\/bayern\/geschichte\/die-verwuestung-der-pfalz-und-der-brand-speiers\/","og_site_name":"K\u00f6nigreich Bayern","article_modified_time":"2023-11-04T18:09:26+00:00","og_image":[{"width":1024,"height":580,"url":"https:\/\/www.ewigerbund.org\/bayern\/wp-content\/uploads\/sites\/12\/2023\/06\/1688.jpg","type":"image\/jpeg"}],"twitter_card":"summary_large_image","twitter_misc":{"Gesch\u00e4tzte Lesezeit":"3\u00a0Minuten"},"schema":{"@context":"https:\/\/schema.org","@graph":[{"@type":"WebPage","@id":"https:\/\/www.ewigerbund.org\/bayern\/geschichte\/die-verwuestung-der-pfalz-und-der-brand-speiers\/","url":"https:\/\/www.ewigerbund.org\/bayern\/geschichte\/die-verwuestung-der-pfalz-und-der-brand-speiers\/","name":"1688. Die Verw\u00fcstung der Pfalz und der Brand Speiers. - K\u00f6nigreich Bayern","isPartOf":{"@id":"https:\/\/www.ewigerbund.org\/bayern\/#website"},"primaryImageOfPage":{"@id":"https:\/\/www.ewigerbund.org\/bayern\/geschichte\/die-verwuestung-der-pfalz-und-der-brand-speiers\/#primaryimage"},"image":{"@id":"https:\/\/www.ewigerbund.org\/bayern\/geschichte\/die-verwuestung-der-pfalz-und-der-brand-speiers\/#primaryimage"},"thumbnailUrl":"https:\/\/www.ewigerbund.org\/bayern\/wp-content\/uploads\/sites\/12\/2023\/06\/1688.jpg","datePublished":"2022-08-10T19:44:27+00:00","dateModified":"2023-11-04T18:09:26+00:00","breadcrumb":{"@id":"https:\/\/www.ewigerbund.org\/bayern\/geschichte\/die-verwuestung-der-pfalz-und-der-brand-speiers\/#breadcrumb"},"inLanguage":"de","potentialAction":[{"@type":"ReadAction","target":["https:\/\/www.ewigerbund.org\/bayern\/geschichte\/die-verwuestung-der-pfalz-und-der-brand-speiers\/"]}]},{"@type":"ImageObject","inLanguage":"de","@id":"https:\/\/www.ewigerbund.org\/bayern\/geschichte\/die-verwuestung-der-pfalz-und-der-brand-speiers\/#primaryimage","url":"https:\/\/www.ewigerbund.org\/bayern\/wp-content\/uploads\/sites\/12\/2023\/06\/1688.jpg","contentUrl":"https:\/\/www.ewigerbund.org\/bayern\/wp-content\/uploads\/sites\/12\/2023\/06\/1688.jpg","width":1024,"height":580,"caption":"1688 Durlach"},{"@type":"BreadcrumbList","@id":"https:\/\/www.ewigerbund.org\/bayern\/geschichte\/die-verwuestung-der-pfalz-und-der-brand-speiers\/#breadcrumb","itemListElement":[{"@type":"ListItem","position":1,"name":"Startseite","item":"https:\/\/www.ewigerbund.org\/bayern\/"},{"@type":"ListItem","position":2,"name":"Geschichte","item":"https:\/\/www.ewigerbund.org\/bayern\/geschichte\/"},{"@type":"ListItem","position":3,"name":"1688. Die Verw\u00fcstung der Pfalz und der Brand Speiers."}]},{"@type":"WebSite","@id":"https:\/\/www.ewigerbund.org\/bayern\/#website","url":"https:\/\/www.ewigerbund.org\/bayern\/","name":"K\u00f6nigreich Bayern","description":"im ewigen Bund.","publisher":{"@id":"https:\/\/www.ewigerbund.org\/bayern\/#organization"},"potentialAction":[{"@type":"SearchAction","target":{"@type":"EntryPoint","urlTemplate":"https:\/\/www.ewigerbund.org\/bayern\/?s={search_term_string}"},"query-input":"required name=search_term_string"}],"inLanguage":"de"},{"@type":"Organization","@id":"https:\/\/www.ewigerbund.org\/bayern\/#organization","name":"K\u00f6nigreich Bayern","url":"https:\/\/www.ewigerbund.org\/bayern\/","logo":{"@type":"ImageObject","inLanguage":"de","@id":"https:\/\/www.ewigerbund.org\/bayern\/#\/schema\/logo\/image\/","url":"https:\/\/www.ewigerbund.org\/bayern\/wp-content\/uploads\/sites\/12\/2023\/02\/2023-02-24-Logo-EB-Bayern-Schutzzone_Schatten_BGweiss_V2_1200px.png","contentUrl":"https:\/\/www.ewigerbund.org\/bayern\/wp-content\/uploads\/sites\/12\/2023\/02\/2023-02-24-Logo-EB-Bayern-Schutzzone_Schatten_BGweiss_V2_1200px.png","width":1200,"height":1200,"caption":"K\u00f6nigreich Bayern"},"image":{"@id":"https:\/\/www.ewigerbund.org\/bayern\/#\/schema\/logo\/image\/"}}]}},"_links":{"self":[{"href":"https:\/\/www.ewigerbund.org\/bayern\/wp-json\/wp\/v2\/pages\/286","targetHints":{"allow":["GET"]}}],"collection":[{"href":"https:\/\/www.ewigerbund.org\/bayern\/wp-json\/wp\/v2\/pages"}],"about":[{"href":"https:\/\/www.ewigerbund.org\/bayern\/wp-json\/wp\/v2\/types\/page"}],"author":[{"embeddable":true,"href":"https:\/\/www.ewigerbund.org\/bayern\/wp-json\/wp\/v2\/users\/1"}],"replies":[{"embeddable":true,"href":"https:\/\/www.ewigerbund.org\/bayern\/wp-json\/wp\/v2\/comments?post=286"}],"version-history":[{"count":7,"href":"https:\/\/www.ewigerbund.org\/bayern\/wp-json\/wp\/v2\/pages\/286\/revisions"}],"predecessor-version":[{"id":4314,"href":"https:\/\/www.ewigerbund.org\/bayern\/wp-json\/wp\/v2\/pages\/286\/revisions\/4314"}],"up":[{"embeddable":true,"href":"https:\/\/www.ewigerbund.org\/bayern\/wp-json\/wp\/v2\/pages\/215"}],"wp:featuredmedia":[{"embeddable":true,"href":"https:\/\/www.ewigerbund.org\/bayern\/wp-json\/wp\/v2\/media\/2878"}],"wp:attachment":[{"href":"https:\/\/www.ewigerbund.org\/bayern\/wp-json\/wp\/v2\/media?parent=286"}],"wp:term":[{"taxonomy":"category","embeddable":true,"href":"https:\/\/www.ewigerbund.org\/bayern\/wp-json\/wp\/v2\/categories?post=286"},{"taxonomy":"post_tag","embeddable":true,"href":"https:\/\/www.ewigerbund.org\/bayern\/wp-json\/wp\/v2\/tags?post=286"}],"curies":[{"name":"wp","href":"https:\/\/api.w.org\/{rel}","templated":true}]}}