{"id":269,"date":"2022-08-10T20:14:42","date_gmt":"2022-08-10T18:14:42","guid":{"rendered":"https:\/\/www.ewigerbund.org\/bayern\/?page_id=269"},"modified":"2023-12-04T19:37:40","modified_gmt":"2023-12-04T18:37:40","slug":"staatsrecht","status":"publish","type":"page","link":"https:\/\/www.ewigerbund.org\/bayern\/staatsrecht\/","title":{"rendered":"Bayerisches Staatsrecht."},"content":{"rendered":"<div class=\"gb-container gb-container-94d14a12\">\n<div class=\"gb-container gb-container-04e12863\"><div class=\"gb-inside-container\">\n<div class=\"gb-button-wrapper gb-button-wrapper-a30aae17\">\n\n<a class=\"gb-button gb-button-b9e9720c gb-button-text\" href=\"https:\/\/www.ewigerbund.org\/bayern\/staatsrecht\/staats-und-verfassungsrecht\/\">Staats- und Verfassungsrecht.<\/a>\n\n\n\n<a class=\"gb-button gb-button-489988bb gb-button-text\" href=\"https:\/\/www.ewigerbund.org\/bayern\/staatsrecht\/verwaltungsrecht\/\">Verwaltungsrecht.<\/a>\n\n\n\n<a class=\"gb-button gb-button-0f0c164e gb-button-text\" href=\"https:\/\/www.ewigerbund.org\/bayern\/staatsrecht\/buergerliches-recht\/\">B\u00fcrgerliches Recht.<\/a>\n\n\n\n<a class=\"gb-button gb-button-f5f774fa gb-button-text\" href=\"https:\/\/www.ewigerbund.org\/bayern\/staatsrecht\/strafrecht\/\">Strafrecht.<\/a>\n\n\n\n<a class=\"gb-button gb-button-39bf3b51 gb-button-text\" href=\"https:\/\/www.ewigerbund.org\/bayern\/staatsrecht\/strafprozess\/\">Strafprozess.<\/a>\n\n\n\n<a class=\"gb-button gb-button-d13d42d3 gb-button-text\" href=\"https:\/\/www.ewigerbund.org\/bayern\/staatsrecht\/voelkerrecht\/\">V\u00f6lkerrecht.<\/a>\n\n<\/div>\n<\/div><\/div>\n<\/div>\n\n\n<div style=\"height:50px\" aria-hidden=\"true\" class=\"wp-block-spacer\"><\/div>\n\n\n\n<h2 class=\"gb-headline gb-headline-88eb76ee gb-headline-text\">Das Rechtswesen im K\u00f6nigreich Bayern.<\/h2>\n\n\n\n<p>Keine Gemeinschaft von Menschen kann bestehen ohne bestimmte, f\u00fcr alle Gemeinschaftsglieder verbindliche Vorschriften. Sogar die Kinder verabreden, wenn sie sich zu ihren Spielen vereinigen, zur Verh\u00fctung von Streit feste Spielregeln. Noch viel wichtiger und unentbehrlicher sind naturgem\u00e4\u00df solche allgemein g\u00fcltigen Vorschriften im Staate, in welchem auf engem Raume eine gro\u00dfe Anzahl verschieden gesinnter Menschen leben, die zueinander in zahlreichen Beziehungen verschiedenster Art stehen. Wollte da jeder tun, was ihm beliebt, so w\u00fcrde die Verwirrung allgemein sein, Unordnung und Gewalttat w\u00fcrden herrschen, der Krieg aller gegen alle w\u00fcrde entbrennen.<\/p>\n\n\n\n<p>Die Gesamtheit der in einem Staate bestehenden, allgemein g\u00fcltigen Vorschriften hei\u00dft sein Recht. Aber nicht nur die staatliche Gemeinschaft, auch jede andere Gemeinschaft besitzt ihr Recht. So gibt es ein Kirchenrecht, welches die Vorschriften f\u00fcr das Leben der kirchlichen Gemeinschaften enth\u00e4lt, und ein auf Gebr\u00e4uche und Gewohnheiten sowie auf Vertr\u00e4ge gegr\u00fcndetes V\u00f6lkerrecht, welches den Verkehr der Staaten untereinander in einzelnen Beziehungen regelt.<\/p>\n\n\n\n<p>Das heutige staatliche Recht beruht fast ausschlie\u00dflich auf ausdr\u00fccklichen, von den zust\u00e4ndigen Organen der Staatsgewalt gegebenen und daher allgemein g\u00fcltigen Vorschriften, den Gesetzen. Die zur Ausf\u00fchrung und zum Vollzug der Gesetze erforderlichen Einzelvorschriften, welche nicht alle in den Gesetzen selbst Aufnahme finden k\u00f6nnen, sind in den Verordnungen enthalten. Diese werden von den allgemein oder durch das Gesetz besonders dazu erm\u00e4chtigten Organen der Regierung erlassen. Die Gesetze und Verordnungen zusammen machen also das geschriebene Recht eines Volkes aus.<\/p>\n\n\n\n<div style=\"height:50px\" aria-hidden=\"true\" class=\"wp-block-spacer\"><\/div>\n\n\n\n<div class=\"wp-block-columns is-layout-flex wp-container-core-columns-is-layout-1 wp-block-columns-is-layout-flex\">\n<div class=\"wp-block-column cat-box-border is-layout-flow wp-block-column-is-layout-flow\">\n<figure class=\"wp-block-image size-large\"><a href=\"https:\/\/www.ewigerbund.org\/bayern\/staatsrecht\/staats-und-verfassungsrecht\/\"><img loading=\"lazy\" decoding=\"async\" width=\"1024\" height=\"576\" src=\"https:\/\/www.ewigerbund.org\/bayern\/wp-content\/uploads\/sites\/12\/2023\/12\/Staats_und_Verfassungsrecht-1024x576.jpg\" alt=\"\" class=\"wp-image-4683\" srcset=\"https:\/\/www.ewigerbund.org\/bayern\/wp-content\/uploads\/sites\/12\/2023\/12\/Staats_und_Verfassungsrecht-1024x576.jpg 1024w, https:\/\/www.ewigerbund.org\/bayern\/wp-content\/uploads\/sites\/12\/2023\/12\/Staats_und_Verfassungsrecht-300x169.jpg 300w, https:\/\/www.ewigerbund.org\/bayern\/wp-content\/uploads\/sites\/12\/2023\/12\/Staats_und_Verfassungsrecht-768x432.jpg 768w, https:\/\/www.ewigerbund.org\/bayern\/wp-content\/uploads\/sites\/12\/2023\/12\/Staats_und_Verfassungsrecht.jpg 1280w\" sizes=\"auto, (max-width: 1024px) 100vw, 1024px\" \/><\/a><\/figure>\n\n\n\n<h2 class=\"gb-headline gb-headline-07a8c573 gb-headline-text\">Staats- und Verfassungsrecht<\/h2>\n\n\n<div class=\"gb-container gb-container-091dd165\">\n\n<p>Dieses trifft Bestimmungen dar\u00fcber, in welcher Weise der Staat organisiert ist, wer die Gesetze zu erlassen hat und wie sie zustande kommen, welche staatsb\u00fcrgerlichen Rechte den Staatsb\u00fcrgern zustehen und welche Pflichten ihnen obliegen. <a href=\"https:\/\/www.ewigerbund.org\/bayern\/?page_id=1929\">Mehr&#8230;<\/a><\/p>\n\n<\/div><\/div>\n\n\n\n<div class=\"wp-block-column cat-box-border is-layout-flow wp-block-column-is-layout-flow\">\n<figure class=\"wp-block-image size-large\"><a href=\"https:\/\/www.ewigerbund.org\/bayern\/staatsrecht\/verwaltungsrecht\/\"><img loading=\"lazy\" decoding=\"async\" width=\"1024\" height=\"576\" src=\"https:\/\/www.ewigerbund.org\/bayern\/wp-content\/uploads\/sites\/12\/2023\/12\/verwaltungsrecht-1024x576.jpg\" alt=\"\" class=\"wp-image-4678\" srcset=\"https:\/\/www.ewigerbund.org\/bayern\/wp-content\/uploads\/sites\/12\/2023\/12\/verwaltungsrecht-1024x576.jpg 1024w, https:\/\/www.ewigerbund.org\/bayern\/wp-content\/uploads\/sites\/12\/2023\/12\/verwaltungsrecht-300x169.jpg 300w, https:\/\/www.ewigerbund.org\/bayern\/wp-content\/uploads\/sites\/12\/2023\/12\/verwaltungsrecht-768x432.jpg 768w, https:\/\/www.ewigerbund.org\/bayern\/wp-content\/uploads\/sites\/12\/2023\/12\/verwaltungsrecht.jpg 1280w\" sizes=\"auto, (max-width: 1024px) 100vw, 1024px\" \/><\/a><\/figure>\n\n\n\n<h2 class=\"gb-headline gb-headline-ff075a6f gb-headline-text\">Verwaltungsrecht<\/h2>\n\n\n<div class=\"gb-container gb-container-39ade301\">\n\n<p>Das Verwaltungsrecht enth\u00e4lt die Vorschriften, nach denen die Organe der Regierungsgewalt (mit Ausnahme der Gerichte) bei Aus\u00fcbung ihrer auf Erf\u00fcllung der Staatsaufgaben gerichteten T\u00e4tigkeit zu verfahren haben. Diese auf Verwirklichung der Wohlfahrtszwecke des Staats abzielende T\u00e4tigkeit hei\u00dft Verwaltung. <br><a href=\"https:\/\/www.ewigerbund.org\/bayern\/?page_id=1931\">Mehr&#8230;<\/a><\/p>\n\n<\/div><\/div>\n\n\n\n<div class=\"wp-block-column cat-box-border is-layout-flow wp-block-column-is-layout-flow\">\n<figure class=\"wp-block-image size-large\"><a href=\"https:\/\/www.ewigerbund.org\/bayern\/staatsrecht\/buergerliches-recht\/\"><img loading=\"lazy\" decoding=\"async\" width=\"1024\" height=\"576\" src=\"https:\/\/www.ewigerbund.org\/bayern\/wp-content\/uploads\/sites\/12\/2023\/12\/buergerliches-recht-1-1024x576.jpg\" alt=\"\" class=\"wp-image-4640\" srcset=\"https:\/\/www.ewigerbund.org\/bayern\/wp-content\/uploads\/sites\/12\/2023\/12\/buergerliches-recht-1-1024x576.jpg 1024w, https:\/\/www.ewigerbund.org\/bayern\/wp-content\/uploads\/sites\/12\/2023\/12\/buergerliches-recht-1-300x169.jpg 300w, https:\/\/www.ewigerbund.org\/bayern\/wp-content\/uploads\/sites\/12\/2023\/12\/buergerliches-recht-1-768x432.jpg 768w, https:\/\/www.ewigerbund.org\/bayern\/wp-content\/uploads\/sites\/12\/2023\/12\/buergerliches-recht-1.jpg 1280w\" sizes=\"auto, (max-width: 1024px) 100vw, 1024px\" \/><\/a><\/figure>\n\n\n\n<h2 class=\"gb-headline gb-headline-2c8f440e gb-headline-text\">B\u00fcrgerliches Recht<\/h2>\n\n\n<div class=\"gb-container gb-container-b74a5334\">\n\n<p>Das b\u00fcrgerliche Recht (auch Privatrecht oder Zivilrecht genannt) regelt die Beziehungen der einzelnen untereinander.<br><a href=\"https:\/\/www.ewigerbund.org\/bayern\/?page_id=1933\">Mehr&#8230;<\/a><\/p>\n\n<\/div><\/div>\n<\/div>\n\n\n\n<div class=\"wp-block-columns is-layout-flex wp-container-core-columns-is-layout-2 wp-block-columns-is-layout-flex\">\n<div class=\"wp-block-column cat-box-border is-layout-flow wp-block-column-is-layout-flow\">\n<figure class=\"wp-block-image size-large\"><a href=\"https:\/\/www.ewigerbund.org\/bayern\/staatsrecht\/strafrecht\/\"><img loading=\"lazy\" decoding=\"async\" width=\"1024\" height=\"576\" src=\"https:\/\/www.ewigerbund.org\/bayern\/wp-content\/uploads\/sites\/12\/2023\/12\/strafrecht-1024x576.jpg\" alt=\"\" class=\"wp-image-4671\" srcset=\"https:\/\/www.ewigerbund.org\/bayern\/wp-content\/uploads\/sites\/12\/2023\/12\/strafrecht-1024x576.jpg 1024w, https:\/\/www.ewigerbund.org\/bayern\/wp-content\/uploads\/sites\/12\/2023\/12\/strafrecht-300x169.jpg 300w, https:\/\/www.ewigerbund.org\/bayern\/wp-content\/uploads\/sites\/12\/2023\/12\/strafrecht-768x432.jpg 768w, https:\/\/www.ewigerbund.org\/bayern\/wp-content\/uploads\/sites\/12\/2023\/12\/strafrecht.jpg 1280w\" sizes=\"auto, (max-width: 1024px) 100vw, 1024px\" \/><\/a><\/figure>\n\n\n\n<h2 class=\"gb-headline gb-headline-abd2066d gb-headline-text\">Strafrecht<\/h2>\n\n\n<div class=\"gb-container gb-container-605ec56a\">\n\n<p>Das Strafrecht bestimmt, welche Handlungen und Unterlassungen im Interesse der Allgemeinheit verboten sind und mit welchen Strafen sie belegt werden.<br><a href=\"https:\/\/www.ewigerbund.org\/bayern\/?page_id=1936\">Mehr&#8230;<\/a><\/p>\n\n<\/div><\/div>\n\n\n\n<div class=\"wp-block-column cat-box-border is-layout-flow wp-block-column-is-layout-flow\">\n<figure class=\"wp-block-image size-large\"><a href=\"https:\/\/www.ewigerbund.org\/bayern\/staatsrecht\/strafprozess\/\"><img loading=\"lazy\" decoding=\"async\" width=\"1024\" height=\"576\" src=\"https:\/\/www.ewigerbund.org\/bayern\/wp-content\/uploads\/sites\/12\/2023\/12\/strafprozessrecht-1024x576.jpg\" alt=\"\" class=\"wp-image-4666\" srcset=\"https:\/\/www.ewigerbund.org\/bayern\/wp-content\/uploads\/sites\/12\/2023\/12\/strafprozessrecht-1024x576.jpg 1024w, https:\/\/www.ewigerbund.org\/bayern\/wp-content\/uploads\/sites\/12\/2023\/12\/strafprozessrecht-300x169.jpg 300w, https:\/\/www.ewigerbund.org\/bayern\/wp-content\/uploads\/sites\/12\/2023\/12\/strafprozessrecht-768x432.jpg 768w, https:\/\/www.ewigerbund.org\/bayern\/wp-content\/uploads\/sites\/12\/2023\/12\/strafprozessrecht.jpg 1280w\" sizes=\"auto, (max-width: 1024px) 100vw, 1024px\" \/><\/a><\/figure>\n\n\n\n<h2 class=\"gb-headline gb-headline-f0ff9f06 gb-headline-text\">Strafprozess<\/h2>\n\n\n<div class=\"gb-container gb-container-f9aeb58c\">\n\n<p>Regelt das Verfahren, das zur Festsetzung der nach dem Strafrecht verwirkten Strafen einzuhalten ist.<br><a href=\"https:\/\/www.ewigerbund.org\/bayern\/?page_id=1939\">Mehr&#8230;<\/a><\/p>\n\n<\/div><\/div>\n\n\n\n<div class=\"wp-block-column cat-box-border is-layout-flow wp-block-column-is-layout-flow\">\n<figure class=\"wp-block-image size-large\"><a href=\"https:\/\/www.ewigerbund.org\/bayern\/staatsrecht\/voelkerrecht\/\"><img loading=\"lazy\" decoding=\"async\" width=\"1024\" height=\"576\" src=\"https:\/\/www.ewigerbund.org\/bayern\/wp-content\/uploads\/sites\/12\/2023\/12\/voelkerrecht-1024x576.jpg\" alt=\"\" class=\"wp-image-4676\" srcset=\"https:\/\/www.ewigerbund.org\/bayern\/wp-content\/uploads\/sites\/12\/2023\/12\/voelkerrecht-1024x576.jpg 1024w, https:\/\/www.ewigerbund.org\/bayern\/wp-content\/uploads\/sites\/12\/2023\/12\/voelkerrecht-300x169.jpg 300w, https:\/\/www.ewigerbund.org\/bayern\/wp-content\/uploads\/sites\/12\/2023\/12\/voelkerrecht-768x432.jpg 768w, https:\/\/www.ewigerbund.org\/bayern\/wp-content\/uploads\/sites\/12\/2023\/12\/voelkerrecht.jpg 1280w\" sizes=\"auto, (max-width: 1024px) 100vw, 1024px\" \/><\/a><\/figure>\n\n\n\n<h2 class=\"gb-headline gb-headline-2d37b72b gb-headline-text\">V\u00f6lkerrecht<\/h2>\n\n\n<div class=\"gb-container gb-container-a7b214ee\">\n\n<p>Regelungen und Abkommen die Beziehungen zwischen den V\u00f6lkerrechtssubjekten (meist Staaten) auf der Grundlage der Gleichrangigkeit betreffend.<br><a href=\"https:\/\/www.ewigerbund.org\/bayern\/?page_id=1941\">Mehr&#8230;<\/a><\/p>\n\n<\/div><\/div>\n<\/div>\n","protected":false},"excerpt":{"rendered":"<p>Das Rechtswesen im K\u00f6nigreich Bayern. Keine Gemeinschaft von Menschen kann bestehen ohne bestimmte, f\u00fcr alle Gemeinschaftsglieder verbindliche Vorschriften. Sogar die Kinder verabreden, wenn sie sich zu ihren Spielen vereinigen, zur Verh\u00fctung von Streit feste Spielregeln. Noch viel wichtiger und unentbehrlicher sind naturgem\u00e4\u00df solche allgemein g\u00fcltigen Vorschriften im Staate, in welchem auf engem Raume eine gro\u00dfe &#8230; <a title=\"Bayerisches Staatsrecht.\" class=\"read-more\" href=\"https:\/\/www.ewigerbund.org\/bayern\/staatsrecht\/\" aria-label=\"Mehr zu Bayerisches Staatsrecht.\">Weiterlesen &#8230;<\/a><\/p>\n","protected":false},"author":1,"featured_media":4655,"parent":0,"menu_order":0,"comment_status":"closed","ping_status":"closed","template":"","meta":{"footnotes":""},"categories":[6,5,94],"tags":[447,43,613,618],"class_list":["post-269","page","type-page","status-publish","has-post-thumbnail","hentry","category-bayern","category-bundesstaat","category-staats-und-verwaltungsrecht","tag-gesetze","tag-koenigreich-bayern","tag-rechtswesen","tag-regeln"],"yoast_head":"<!-- This site is optimized with the Yoast SEO plugin v23.1 - https:\/\/yoast.com\/wordpress\/plugins\/seo\/ -->\n<title>Bayerisches Staatsrecht. - K\u00f6nigreich Bayern<\/title>\n<meta name=\"description\" content=\"Keine Gemeinschaft von Menschen kann bestehen ohne bestimmte, f\u00fcr alle Gemeinschaftsglieder verbindliche Vorschriften ...\" \/>\n<meta name=\"robots\" content=\"index, follow, max-snippet:-1, max-image-preview:large, max-video-preview:-1\" \/>\n<link rel=\"canonical\" href=\"https:\/\/www.ewigerbund.org\/bayern\/staatsrecht\/\" \/>\n<meta property=\"og:locale\" content=\"de_DE\" \/>\n<meta property=\"og:type\" content=\"article\" \/>\n<meta property=\"og:title\" content=\"Bayerisches Staatsrecht. - K\u00f6nigreich Bayern\" \/>\n<meta property=\"og:description\" content=\"Keine Gemeinschaft von Menschen kann bestehen ohne bestimmte, f\u00fcr alle Gemeinschaftsglieder verbindliche Vorschriften ...\" \/>\n<meta property=\"og:url\" content=\"https:\/\/www.ewigerbund.org\/bayern\/staatsrecht\/\" \/>\n<meta property=\"og:site_name\" content=\"K\u00f6nigreich Bayern\" \/>\n<meta property=\"article:modified_time\" content=\"2023-12-04T18:37:40+00:00\" \/>\n<meta property=\"og:image\" content=\"https:\/\/www.ewigerbund.org\/bayern\/wp-content\/uploads\/sites\/12\/2023\/12\/rechtswesen.jpg\" \/>\n\t<meta property=\"og:image:width\" content=\"1280\" \/>\n\t<meta property=\"og:image:height\" content=\"720\" \/>\n\t<meta property=\"og:image:type\" content=\"image\/jpeg\" \/>\n<meta name=\"twitter:card\" content=\"summary_large_image\" \/>\n<meta name=\"twitter:label1\" content=\"Gesch\u00e4tzte Lesezeit\" \/>\n\t<meta name=\"twitter:data1\" content=\"4\u00a0Minuten\" \/>\n<script type=\"application\/ld+json\" class=\"yoast-schema-graph\">{\"@context\":\"https:\/\/schema.org\",\"@graph\":[{\"@type\":\"WebPage\",\"@id\":\"https:\/\/www.ewigerbund.org\/bayern\/staatsrecht\/\",\"url\":\"https:\/\/www.ewigerbund.org\/bayern\/staatsrecht\/\",\"name\":\"Bayerisches Staatsrecht. - K\u00f6nigreich Bayern\",\"isPartOf\":{\"@id\":\"https:\/\/www.ewigerbund.org\/bayern\/#website\"},\"primaryImageOfPage\":{\"@id\":\"https:\/\/www.ewigerbund.org\/bayern\/staatsrecht\/#primaryimage\"},\"image\":{\"@id\":\"https:\/\/www.ewigerbund.org\/bayern\/staatsrecht\/#primaryimage\"},\"thumbnailUrl\":\"https:\/\/www.ewigerbund.org\/bayern\/wp-content\/uploads\/sites\/12\/2023\/12\/rechtswesen.jpg\",\"datePublished\":\"2022-08-10T18:14:42+00:00\",\"dateModified\":\"2023-12-04T18:37:40+00:00\",\"description\":\"Keine Gemeinschaft von Menschen kann bestehen ohne bestimmte, f\u00fcr alle Gemeinschaftsglieder verbindliche Vorschriften ...\",\"breadcrumb\":{\"@id\":\"https:\/\/www.ewigerbund.org\/bayern\/staatsrecht\/#breadcrumb\"},\"inLanguage\":\"de\",\"potentialAction\":[{\"@type\":\"ReadAction\",\"target\":[\"https:\/\/www.ewigerbund.org\/bayern\/staatsrecht\/\"]}]},{\"@type\":\"ImageObject\",\"inLanguage\":\"de\",\"@id\":\"https:\/\/www.ewigerbund.org\/bayern\/staatsrecht\/#primaryimage\",\"url\":\"https:\/\/www.ewigerbund.org\/bayern\/wp-content\/uploads\/sites\/12\/2023\/12\/rechtswesen.jpg\",\"contentUrl\":\"https:\/\/www.ewigerbund.org\/bayern\/wp-content\/uploads\/sites\/12\/2023\/12\/rechtswesen.jpg\",\"width\":1280,\"height\":720},{\"@type\":\"BreadcrumbList\",\"@id\":\"https:\/\/www.ewigerbund.org\/bayern\/staatsrecht\/#breadcrumb\",\"itemListElement\":[{\"@type\":\"ListItem\",\"position\":1,\"name\":\"Startseite\",\"item\":\"https:\/\/www.ewigerbund.org\/bayern\/\"},{\"@type\":\"ListItem\",\"position\":2,\"name\":\"Bayerisches Staatsrecht.\"}]},{\"@type\":\"WebSite\",\"@id\":\"https:\/\/www.ewigerbund.org\/bayern\/#website\",\"url\":\"https:\/\/www.ewigerbund.org\/bayern\/\",\"name\":\"K\u00f6nigreich Bayern\",\"description\":\"im ewigen Bund.\",\"publisher\":{\"@id\":\"https:\/\/www.ewigerbund.org\/bayern\/#organization\"},\"potentialAction\":[{\"@type\":\"SearchAction\",\"target\":{\"@type\":\"EntryPoint\",\"urlTemplate\":\"https:\/\/www.ewigerbund.org\/bayern\/?s={search_term_string}\"},\"query-input\":\"required name=search_term_string\"}],\"inLanguage\":\"de\"},{\"@type\":\"Organization\",\"@id\":\"https:\/\/www.ewigerbund.org\/bayern\/#organization\",\"name\":\"K\u00f6nigreich Bayern\",\"url\":\"https:\/\/www.ewigerbund.org\/bayern\/\",\"logo\":{\"@type\":\"ImageObject\",\"inLanguage\":\"de\",\"@id\":\"https:\/\/www.ewigerbund.org\/bayern\/#\/schema\/logo\/image\/\",\"url\":\"https:\/\/www.ewigerbund.org\/bayern\/wp-content\/uploads\/sites\/12\/2023\/02\/2023-02-24-Logo-EB-Bayern-Schutzzone_Schatten_BGweiss_V2_1200px.png\",\"contentUrl\":\"https:\/\/www.ewigerbund.org\/bayern\/wp-content\/uploads\/sites\/12\/2023\/02\/2023-02-24-Logo-EB-Bayern-Schutzzone_Schatten_BGweiss_V2_1200px.png\",\"width\":1200,\"height\":1200,\"caption\":\"K\u00f6nigreich Bayern\"},\"image\":{\"@id\":\"https:\/\/www.ewigerbund.org\/bayern\/#\/schema\/logo\/image\/\"}}]}<\/script>\n<!-- \/ Yoast SEO plugin. -->","yoast_head_json":{"title":"Bayerisches Staatsrecht. - K\u00f6nigreich Bayern","description":"Keine Gemeinschaft von Menschen kann bestehen ohne bestimmte, f\u00fcr alle Gemeinschaftsglieder verbindliche Vorschriften ...","robots":{"index":"index","follow":"follow","max-snippet":"max-snippet:-1","max-image-preview":"max-image-preview:large","max-video-preview":"max-video-preview:-1"},"canonical":"https:\/\/www.ewigerbund.org\/bayern\/staatsrecht\/","og_locale":"de_DE","og_type":"article","og_title":"Bayerisches Staatsrecht. - K\u00f6nigreich Bayern","og_description":"Keine Gemeinschaft von Menschen kann bestehen ohne bestimmte, f\u00fcr alle Gemeinschaftsglieder verbindliche Vorschriften ...","og_url":"https:\/\/www.ewigerbund.org\/bayern\/staatsrecht\/","og_site_name":"K\u00f6nigreich Bayern","article_modified_time":"2023-12-04T18:37:40+00:00","og_image":[{"width":1280,"height":720,"url":"https:\/\/www.ewigerbund.org\/bayern\/wp-content\/uploads\/sites\/12\/2023\/12\/rechtswesen.jpg","type":"image\/jpeg"}],"twitter_card":"summary_large_image","twitter_misc":{"Gesch\u00e4tzte Lesezeit":"4\u00a0Minuten"},"schema":{"@context":"https:\/\/schema.org","@graph":[{"@type":"WebPage","@id":"https:\/\/www.ewigerbund.org\/bayern\/staatsrecht\/","url":"https:\/\/www.ewigerbund.org\/bayern\/staatsrecht\/","name":"Bayerisches Staatsrecht. - K\u00f6nigreich Bayern","isPartOf":{"@id":"https:\/\/www.ewigerbund.org\/bayern\/#website"},"primaryImageOfPage":{"@id":"https:\/\/www.ewigerbund.org\/bayern\/staatsrecht\/#primaryimage"},"image":{"@id":"https:\/\/www.ewigerbund.org\/bayern\/staatsrecht\/#primaryimage"},"thumbnailUrl":"https:\/\/www.ewigerbund.org\/bayern\/wp-content\/uploads\/sites\/12\/2023\/12\/rechtswesen.jpg","datePublished":"2022-08-10T18:14:42+00:00","dateModified":"2023-12-04T18:37:40+00:00","description":"Keine Gemeinschaft von Menschen kann bestehen ohne bestimmte, f\u00fcr alle Gemeinschaftsglieder verbindliche Vorschriften ...","breadcrumb":{"@id":"https:\/\/www.ewigerbund.org\/bayern\/staatsrecht\/#breadcrumb"},"inLanguage":"de","potentialAction":[{"@type":"ReadAction","target":["https:\/\/www.ewigerbund.org\/bayern\/staatsrecht\/"]}]},{"@type":"ImageObject","inLanguage":"de","@id":"https:\/\/www.ewigerbund.org\/bayern\/staatsrecht\/#primaryimage","url":"https:\/\/www.ewigerbund.org\/bayern\/wp-content\/uploads\/sites\/12\/2023\/12\/rechtswesen.jpg","contentUrl":"https:\/\/www.ewigerbund.org\/bayern\/wp-content\/uploads\/sites\/12\/2023\/12\/rechtswesen.jpg","width":1280,"height":720},{"@type":"BreadcrumbList","@id":"https:\/\/www.ewigerbund.org\/bayern\/staatsrecht\/#breadcrumb","itemListElement":[{"@type":"ListItem","position":1,"name":"Startseite","item":"https:\/\/www.ewigerbund.org\/bayern\/"},{"@type":"ListItem","position":2,"name":"Bayerisches Staatsrecht."}]},{"@type":"WebSite","@id":"https:\/\/www.ewigerbund.org\/bayern\/#website","url":"https:\/\/www.ewigerbund.org\/bayern\/","name":"K\u00f6nigreich Bayern","description":"im ewigen Bund.","publisher":{"@id":"https:\/\/www.ewigerbund.org\/bayern\/#organization"},"potentialAction":[{"@type":"SearchAction","target":{"@type":"EntryPoint","urlTemplate":"https:\/\/www.ewigerbund.org\/bayern\/?s={search_term_string}"},"query-input":"required name=search_term_string"}],"inLanguage":"de"},{"@type":"Organization","@id":"https:\/\/www.ewigerbund.org\/bayern\/#organization","name":"K\u00f6nigreich Bayern","url":"https:\/\/www.ewigerbund.org\/bayern\/","logo":{"@type":"ImageObject","inLanguage":"de","@id":"https:\/\/www.ewigerbund.org\/bayern\/#\/schema\/logo\/image\/","url":"https:\/\/www.ewigerbund.org\/bayern\/wp-content\/uploads\/sites\/12\/2023\/02\/2023-02-24-Logo-EB-Bayern-Schutzzone_Schatten_BGweiss_V2_1200px.png","contentUrl":"https:\/\/www.ewigerbund.org\/bayern\/wp-content\/uploads\/sites\/12\/2023\/02\/2023-02-24-Logo-EB-Bayern-Schutzzone_Schatten_BGweiss_V2_1200px.png","width":1200,"height":1200,"caption":"K\u00f6nigreich Bayern"},"image":{"@id":"https:\/\/www.ewigerbund.org\/bayern\/#\/schema\/logo\/image\/"}}]}},"_links":{"self":[{"href":"https:\/\/www.ewigerbund.org\/bayern\/wp-json\/wp\/v2\/pages\/269","targetHints":{"allow":["GET"]}}],"collection":[{"href":"https:\/\/www.ewigerbund.org\/bayern\/wp-json\/wp\/v2\/pages"}],"about":[{"href":"https:\/\/www.ewigerbund.org\/bayern\/wp-json\/wp\/v2\/types\/page"}],"author":[{"embeddable":true,"href":"https:\/\/www.ewigerbund.org\/bayern\/wp-json\/wp\/v2\/users\/1"}],"replies":[{"embeddable":true,"href":"https:\/\/www.ewigerbund.org\/bayern\/wp-json\/wp\/v2\/comments?post=269"}],"version-history":[{"count":40,"href":"https:\/\/www.ewigerbund.org\/bayern\/wp-json\/wp\/v2\/pages\/269\/revisions"}],"predecessor-version":[{"id":4806,"href":"https:\/\/www.ewigerbund.org\/bayern\/wp-json\/wp\/v2\/pages\/269\/revisions\/4806"}],"wp:featuredmedia":[{"embeddable":true,"href":"https:\/\/www.ewigerbund.org\/bayern\/wp-json\/wp\/v2\/media\/4655"}],"wp:attachment":[{"href":"https:\/\/www.ewigerbund.org\/bayern\/wp-json\/wp\/v2\/media?parent=269"}],"wp:term":[{"taxonomy":"category","embeddable":true,"href":"https:\/\/www.ewigerbund.org\/bayern\/wp-json\/wp\/v2\/categories?post=269"},{"taxonomy":"post_tag","embeddable":true,"href":"https:\/\/www.ewigerbund.org\/bayern\/wp-json\/wp\/v2\/tags?post=269"}],"curies":[{"name":"wp","href":"https:\/\/api.w.org\/{rel}","templated":true}]}}