{"id":2297,"date":"2023-06-03T12:54:05","date_gmt":"2023-06-03T10:54:05","guid":{"rendered":"https:\/\/www.ewigerbund.org\/bayern\/?page_id=2297"},"modified":"2023-11-28T14:24:36","modified_gmt":"2023-11-28T13:24:36","slug":"was-zu-tun-ist","status":"publish","type":"page","link":"https:\/\/www.ewigerbund.org\/bayern\/startseite\/herz-eb\/was-zu-tun-ist\/","title":{"rendered":"Was zu tun ist."},"content":{"rendered":"\n<h2 class=\"gb-headline gb-headline-015badc8 gb-headline-text\">Reaktion zeigen &#8211; Reaktion sein!<\/h2>\n\n\n<div class=\"gb-container gb-container-24f3012f\">\n\n<p>Das Erste, das wirklich ein jeder sofort tun kann, ist, sich auf seine Herkunft und Kultur zu besinnen. Viel zu lange schon adaptieren wir fremde Sitten, Kultur und Sprache und verleugnen dabei uns selbst und unsere Eigenart. Deshalb sollte sich ein jeder zu seinen Wurzeln und zu seiner Heimat bekennen. Ohne Kenntnis des Vaterlandes keine Vaterlandsliebe! Ohne Vaterlandsliebe kein Bestand eines Staates!<\/p>\n\n\n\n<p>Mittlerweile sp\u00fcren viele, da\u00df sich etwas \u00e4ndern mu\u00df. Ver\u00e4nderungen beginnen aber immer in einem selbst. Die ersten Schritte ins Reich f\u00fchren deshalb nach innen. Das Streben nach Tugendhaftigkeit schafft den hierf\u00fcr dringend erforderlichen Rahmen. Danach folgt das klare innere Bekenntnis zu K\u00f6nig, Volk und Vaterland.<\/p>\n\n\n\n<p>Zu beherzigen sei auch, da\u00df <a href=\"https:\/\/www.ewigerbund.org\/film\/wissen-ist-eine-holschuld\/\">Wissen eine Holschuld ist<\/a>! La\u00df dir nicht l\u00e4nger die Welt von anderen erkl\u00e4ren, besuch unsere <a href=\"https:\/\/staatsbibliothek.ewigerbund.org\/viewer\/index\/\">Bibliothek<\/a> und mach dir dein eigenes Bild!<\/p>\n\n\n\n<p>Ein weiteres Motto ergibt sich aus einem Gedicht von Johann Gottlieb Fichte, dessen Zeilen ein jeder verinnerlichen sollte:<\/p>\n\n<\/div>\n\n\n<blockquote class=\"wp-block-quote zitat-style is-layout-flow wp-block-quote-is-layout-flow\">\n<blockquote class=\"wp-block-quote is-layout-flow wp-block-quote-is-layout-flow\">\n<p>&#8222;Du sollst an Deutschlands Zukunft glauben,<br>an Deines Volkes Aufersteh&#8217;n!<br>La\u00df diesen Glauben Dir nicht rauben,<br>trotz allem, allem was geschehn!<br>Und handeln sollst Du so, als hinge<br>von Dir und Deinem Tun allein<br>das Schicksal ab der Deutschen Dinge,<br>und die Verantwortung w\u00e4r Dein!&#8220;<\/p>\n<\/blockquote>\n<\/blockquote>\n\n\n<div class=\"gb-container gb-container-0baac49f\">\n\n<p>Mach dir deine Verantwortung bewu\u00dft. Noch nie wurde Freiheit geschenkt &#8211; noch nie wurde sie hinter einer b\u00fcrgerlichen Fassade erstritten! <\/p>\n\n\n\n<p>Erfolg besteht immer noch aus drei Buchstaben: T U N. Ohne eigene Initiative kann es nicht gelingen. Und wenn du bereit bist, Verantwortung f\u00fcr das Schicksal der bayerischen und deutschen Dinge mitzutragen,&nbsp;<a href=\"https:\/\/t.me\/koenigreichbayern1806\">melde dich an<\/a>&nbsp;und unterst\u00fctze eine unserer zahlreichen Unternehmungen.<\/p>\n\n\n\n<p><a href=\"https:\/\/www.ewigerbund.org\/bayern\/startseite\/herz-eb\/wir-in-bayern\/\">Weiterlesen-&gt;<\/a><\/p>\n\n<\/div>","protected":false},"excerpt":{"rendered":"<p>Reaktion zeigen &#8211; Reaktion sein! Das Erste, das wirklich ein jeder sofort tun kann, ist, sich auf seine Herkunft und Kultur zu besinnen. Viel zu lange schon adaptieren wir fremde Sitten, Kultur und Sprache und verleugnen dabei uns selbst und unsere Eigenart. Deshalb sollte sich ein jeder zu seinen Wurzeln und zu seiner Heimat bekennen. &#8230; <a title=\"Was zu tun ist.\" class=\"read-more\" href=\"https:\/\/www.ewigerbund.org\/bayern\/startseite\/herz-eb\/was-zu-tun-ist\/\" aria-label=\"Mehr zu Was zu tun ist.\">Weiterlesen &#8230;<\/a><\/p>\n","protected":false},"author":16,"featured_media":2780,"parent":1969,"menu_order":0,"comment_status":"closed","ping_status":"closed","template":"template-6-beide-seitenleiste.php","meta":{"footnotes":""},"categories":[1,6,5],"tags":[512,171,506,511,513,502,514,501],"class_list":["post-2297","page","type-page","status-publish","has-post-thumbnail","hentry","category-allgemein","category-bayern","category-bundesstaat","tag-bayerisches-volk","tag-bayern","tag-deutsches-volk","tag-gueltiges-recht","tag-legitimitaet","tag-reaktion","tag-rechtsbruch","tag-staatsgewalt"],"yoast_head":"<!-- This site is optimized with the Yoast SEO plugin v23.1 - https:\/\/yoast.com\/wordpress\/plugins\/seo\/ -->\n<title>Was zu tun ist. - K\u00f6nigreich Bayern<\/title>\n<meta name=\"description\" content=\"Das Erste, das wirklich ein jeder sofort tun kann, ist, sich auf seine Herkunft und Kultur zu besinnen.\" \/>\n<meta name=\"robots\" content=\"index, follow, max-snippet:-1, max-image-preview:large, max-video-preview:-1\" \/>\n<link rel=\"canonical\" href=\"https:\/\/www.ewigerbund.org\/bayern\/startseite\/herz-eb\/was-zu-tun-ist\/\" \/>\n<meta property=\"og:locale\" content=\"de_DE\" \/>\n<meta property=\"og:type\" content=\"article\" \/>\n<meta property=\"og:title\" content=\"Was zu tun ist. - K\u00f6nigreich Bayern\" \/>\n<meta property=\"og:description\" content=\"Das Erste, das wirklich ein jeder sofort tun kann, ist, sich auf seine Herkunft und Kultur zu besinnen.\" \/>\n<meta property=\"og:url\" content=\"https:\/\/www.ewigerbund.org\/bayern\/startseite\/herz-eb\/was-zu-tun-ist\/\" \/>\n<meta property=\"og:site_name\" content=\"K\u00f6nigreich Bayern\" \/>\n<meta property=\"article:modified_time\" content=\"2023-11-28T13:24:36+00:00\" \/>\n<meta property=\"og:image\" content=\"https:\/\/www.ewigerbund.org\/bayern\/wp-content\/uploads\/sites\/12\/2023\/06\/Was-zu-tun-ist-Banner-1.jpg\" \/>\n\t<meta property=\"og:image:width\" content=\"1920\" \/>\n\t<meta property=\"og:image:height\" content=\"350\" \/>\n\t<meta property=\"og:image:type\" content=\"image\/jpeg\" \/>\n<meta name=\"twitter:card\" content=\"summary_large_image\" \/>\n<meta name=\"twitter:label1\" content=\"Gesch\u00e4tzte Lesezeit\" \/>\n\t<meta name=\"twitter:data1\" content=\"2\u00a0Minuten\" \/>\n<script type=\"application\/ld+json\" class=\"yoast-schema-graph\">{\"@context\":\"https:\/\/schema.org\",\"@graph\":[{\"@type\":[\"WebPage\",\"AboutPage\"],\"@id\":\"https:\/\/www.ewigerbund.org\/bayern\/startseite\/herz-eb\/was-zu-tun-ist\/\",\"url\":\"https:\/\/www.ewigerbund.org\/bayern\/startseite\/herz-eb\/was-zu-tun-ist\/\",\"name\":\"Was zu tun ist. - K\u00f6nigreich Bayern\",\"isPartOf\":{\"@id\":\"https:\/\/www.ewigerbund.org\/bayern\/#website\"},\"primaryImageOfPage\":{\"@id\":\"https:\/\/www.ewigerbund.org\/bayern\/startseite\/herz-eb\/was-zu-tun-ist\/#primaryimage\"},\"image\":{\"@id\":\"https:\/\/www.ewigerbund.org\/bayern\/startseite\/herz-eb\/was-zu-tun-ist\/#primaryimage\"},\"thumbnailUrl\":\"https:\/\/www.ewigerbund.org\/bayern\/wp-content\/uploads\/sites\/12\/2023\/06\/Was-zu-tun-ist-Banner-1.jpg\",\"datePublished\":\"2023-06-03T10:54:05+00:00\",\"dateModified\":\"2023-11-28T13:24:36+00:00\",\"description\":\"Das Erste, das wirklich ein jeder sofort tun kann, ist, sich auf seine Herkunft und Kultur zu besinnen.\",\"breadcrumb\":{\"@id\":\"https:\/\/www.ewigerbund.org\/bayern\/startseite\/herz-eb\/was-zu-tun-ist\/#breadcrumb\"},\"inLanguage\":\"de\",\"potentialAction\":[{\"@type\":\"ReadAction\",\"target\":[\"https:\/\/www.ewigerbund.org\/bayern\/startseite\/herz-eb\/was-zu-tun-ist\/\"]}]},{\"@type\":\"ImageObject\",\"inLanguage\":\"de\",\"@id\":\"https:\/\/www.ewigerbund.org\/bayern\/startseite\/herz-eb\/was-zu-tun-ist\/#primaryimage\",\"url\":\"https:\/\/www.ewigerbund.org\/bayern\/wp-content\/uploads\/sites\/12\/2023\/06\/Was-zu-tun-ist-Banner-1.jpg\",\"contentUrl\":\"https:\/\/www.ewigerbund.org\/bayern\/wp-content\/uploads\/sites\/12\/2023\/06\/Was-zu-tun-ist-Banner-1.jpg\",\"width\":1920,\"height\":350,\"caption\":\"Was-zu-tun-ist-Banner\"},{\"@type\":\"BreadcrumbList\",\"@id\":\"https:\/\/www.ewigerbund.org\/bayern\/startseite\/herz-eb\/was-zu-tun-ist\/#breadcrumb\",\"itemListElement\":[{\"@type\":\"ListItem\",\"position\":1,\"name\":\"Startseite\",\"item\":\"https:\/\/www.ewigerbund.org\/bayern\/\"},{\"@type\":\"ListItem\",\"position\":2,\"name\":\"Startseite.\",\"item\":\"https:\/\/www.ewigerbund.org\/bayern\/\"},{\"@type\":\"ListItem\",\"position\":3,\"name\":\"HERZST\u00dcCK DES EWIGEN BUNDES.\",\"item\":\"https:\/\/www.ewigerbund.org\/bayern\/startseite\/herz-eb\/\"},{\"@type\":\"ListItem\",\"position\":4,\"name\":\"Was zu tun ist.\"}]},{\"@type\":\"WebSite\",\"@id\":\"https:\/\/www.ewigerbund.org\/bayern\/#website\",\"url\":\"https:\/\/www.ewigerbund.org\/bayern\/\",\"name\":\"K\u00f6nigreich Bayern\",\"description\":\"im ewigen Bund.\",\"publisher\":{\"@id\":\"https:\/\/www.ewigerbund.org\/bayern\/#organization\"},\"potentialAction\":[{\"@type\":\"SearchAction\",\"target\":{\"@type\":\"EntryPoint\",\"urlTemplate\":\"https:\/\/www.ewigerbund.org\/bayern\/?s={search_term_string}\"},\"query-input\":\"required name=search_term_string\"}],\"inLanguage\":\"de\"},{\"@type\":\"Organization\",\"@id\":\"https:\/\/www.ewigerbund.org\/bayern\/#organization\",\"name\":\"K\u00f6nigreich Bayern\",\"url\":\"https:\/\/www.ewigerbund.org\/bayern\/\",\"logo\":{\"@type\":\"ImageObject\",\"inLanguage\":\"de\",\"@id\":\"https:\/\/www.ewigerbund.org\/bayern\/#\/schema\/logo\/image\/\",\"url\":\"https:\/\/www.ewigerbund.org\/bayern\/wp-content\/uploads\/sites\/12\/2023\/02\/2023-02-24-Logo-EB-Bayern-Schutzzone_Schatten_BGweiss_V2_1200px.png\",\"contentUrl\":\"https:\/\/www.ewigerbund.org\/bayern\/wp-content\/uploads\/sites\/12\/2023\/02\/2023-02-24-Logo-EB-Bayern-Schutzzone_Schatten_BGweiss_V2_1200px.png\",\"width\":1200,\"height\":1200,\"caption\":\"K\u00f6nigreich Bayern\"},\"image\":{\"@id\":\"https:\/\/www.ewigerbund.org\/bayern\/#\/schema\/logo\/image\/\"}}]}<\/script>\n<!-- \/ Yoast SEO plugin. -->","yoast_head_json":{"title":"Was zu tun ist. - K\u00f6nigreich Bayern","description":"Das Erste, das wirklich ein jeder sofort tun kann, ist, sich auf seine Herkunft und Kultur zu besinnen.","robots":{"index":"index","follow":"follow","max-snippet":"max-snippet:-1","max-image-preview":"max-image-preview:large","max-video-preview":"max-video-preview:-1"},"canonical":"https:\/\/www.ewigerbund.org\/bayern\/startseite\/herz-eb\/was-zu-tun-ist\/","og_locale":"de_DE","og_type":"article","og_title":"Was zu tun ist. - K\u00f6nigreich Bayern","og_description":"Das Erste, das wirklich ein jeder sofort tun kann, ist, sich auf seine Herkunft und Kultur zu besinnen.","og_url":"https:\/\/www.ewigerbund.org\/bayern\/startseite\/herz-eb\/was-zu-tun-ist\/","og_site_name":"K\u00f6nigreich Bayern","article_modified_time":"2023-11-28T13:24:36+00:00","og_image":[{"width":1920,"height":350,"url":"https:\/\/www.ewigerbund.org\/bayern\/wp-content\/uploads\/sites\/12\/2023\/06\/Was-zu-tun-ist-Banner-1.jpg","type":"image\/jpeg"}],"twitter_card":"summary_large_image","twitter_misc":{"Gesch\u00e4tzte Lesezeit":"2\u00a0Minuten"},"schema":{"@context":"https:\/\/schema.org","@graph":[{"@type":["WebPage","AboutPage"],"@id":"https:\/\/www.ewigerbund.org\/bayern\/startseite\/herz-eb\/was-zu-tun-ist\/","url":"https:\/\/www.ewigerbund.org\/bayern\/startseite\/herz-eb\/was-zu-tun-ist\/","name":"Was zu tun ist. - K\u00f6nigreich Bayern","isPartOf":{"@id":"https:\/\/www.ewigerbund.org\/bayern\/#website"},"primaryImageOfPage":{"@id":"https:\/\/www.ewigerbund.org\/bayern\/startseite\/herz-eb\/was-zu-tun-ist\/#primaryimage"},"image":{"@id":"https:\/\/www.ewigerbund.org\/bayern\/startseite\/herz-eb\/was-zu-tun-ist\/#primaryimage"},"thumbnailUrl":"https:\/\/www.ewigerbund.org\/bayern\/wp-content\/uploads\/sites\/12\/2023\/06\/Was-zu-tun-ist-Banner-1.jpg","datePublished":"2023-06-03T10:54:05+00:00","dateModified":"2023-11-28T13:24:36+00:00","description":"Das Erste, das wirklich ein jeder sofort tun kann, ist, sich auf seine Herkunft und Kultur zu besinnen.","breadcrumb":{"@id":"https:\/\/www.ewigerbund.org\/bayern\/startseite\/herz-eb\/was-zu-tun-ist\/#breadcrumb"},"inLanguage":"de","potentialAction":[{"@type":"ReadAction","target":["https:\/\/www.ewigerbund.org\/bayern\/startseite\/herz-eb\/was-zu-tun-ist\/"]}]},{"@type":"ImageObject","inLanguage":"de","@id":"https:\/\/www.ewigerbund.org\/bayern\/startseite\/herz-eb\/was-zu-tun-ist\/#primaryimage","url":"https:\/\/www.ewigerbund.org\/bayern\/wp-content\/uploads\/sites\/12\/2023\/06\/Was-zu-tun-ist-Banner-1.jpg","contentUrl":"https:\/\/www.ewigerbund.org\/bayern\/wp-content\/uploads\/sites\/12\/2023\/06\/Was-zu-tun-ist-Banner-1.jpg","width":1920,"height":350,"caption":"Was-zu-tun-ist-Banner"},{"@type":"BreadcrumbList","@id":"https:\/\/www.ewigerbund.org\/bayern\/startseite\/herz-eb\/was-zu-tun-ist\/#breadcrumb","itemListElement":[{"@type":"ListItem","position":1,"name":"Startseite","item":"https:\/\/www.ewigerbund.org\/bayern\/"},{"@type":"ListItem","position":2,"name":"Startseite.","item":"https:\/\/www.ewigerbund.org\/bayern\/"},{"@type":"ListItem","position":3,"name":"HERZST\u00dcCK DES EWIGEN BUNDES.","item":"https:\/\/www.ewigerbund.org\/bayern\/startseite\/herz-eb\/"},{"@type":"ListItem","position":4,"name":"Was zu tun ist."}]},{"@type":"WebSite","@id":"https:\/\/www.ewigerbund.org\/bayern\/#website","url":"https:\/\/www.ewigerbund.org\/bayern\/","name":"K\u00f6nigreich Bayern","description":"im ewigen Bund.","publisher":{"@id":"https:\/\/www.ewigerbund.org\/bayern\/#organization"},"potentialAction":[{"@type":"SearchAction","target":{"@type":"EntryPoint","urlTemplate":"https:\/\/www.ewigerbund.org\/bayern\/?s={search_term_string}"},"query-input":"required name=search_term_string"}],"inLanguage":"de"},{"@type":"Organization","@id":"https:\/\/www.ewigerbund.org\/bayern\/#organization","name":"K\u00f6nigreich Bayern","url":"https:\/\/www.ewigerbund.org\/bayern\/","logo":{"@type":"ImageObject","inLanguage":"de","@id":"https:\/\/www.ewigerbund.org\/bayern\/#\/schema\/logo\/image\/","url":"https:\/\/www.ewigerbund.org\/bayern\/wp-content\/uploads\/sites\/12\/2023\/02\/2023-02-24-Logo-EB-Bayern-Schutzzone_Schatten_BGweiss_V2_1200px.png","contentUrl":"https:\/\/www.ewigerbund.org\/bayern\/wp-content\/uploads\/sites\/12\/2023\/02\/2023-02-24-Logo-EB-Bayern-Schutzzone_Schatten_BGweiss_V2_1200px.png","width":1200,"height":1200,"caption":"K\u00f6nigreich Bayern"},"image":{"@id":"https:\/\/www.ewigerbund.org\/bayern\/#\/schema\/logo\/image\/"}}]}},"_links":{"self":[{"href":"https:\/\/www.ewigerbund.org\/bayern\/wp-json\/wp\/v2\/pages\/2297","targetHints":{"allow":["GET"]}}],"collection":[{"href":"https:\/\/www.ewigerbund.org\/bayern\/wp-json\/wp\/v2\/pages"}],"about":[{"href":"https:\/\/www.ewigerbund.org\/bayern\/wp-json\/wp\/v2\/types\/page"}],"author":[{"embeddable":true,"href":"https:\/\/www.ewigerbund.org\/bayern\/wp-json\/wp\/v2\/users\/16"}],"replies":[{"embeddable":true,"href":"https:\/\/www.ewigerbund.org\/bayern\/wp-json\/wp\/v2\/comments?post=2297"}],"version-history":[{"count":45,"href":"https:\/\/www.ewigerbund.org\/bayern\/wp-json\/wp\/v2\/pages\/2297\/revisions"}],"predecessor-version":[{"id":4606,"href":"https:\/\/www.ewigerbund.org\/bayern\/wp-json\/wp\/v2\/pages\/2297\/revisions\/4606"}],"up":[{"embeddable":true,"href":"https:\/\/www.ewigerbund.org\/bayern\/wp-json\/wp\/v2\/pages\/1969"}],"wp:featuredmedia":[{"embeddable":true,"href":"https:\/\/www.ewigerbund.org\/bayern\/wp-json\/wp\/v2\/media\/2780"}],"wp:attachment":[{"href":"https:\/\/www.ewigerbund.org\/bayern\/wp-json\/wp\/v2\/media?parent=2297"}],"wp:term":[{"taxonomy":"category","embeddable":true,"href":"https:\/\/www.ewigerbund.org\/bayern\/wp-json\/wp\/v2\/categories?post=2297"},{"taxonomy":"post_tag","embeddable":true,"href":"https:\/\/www.ewigerbund.org\/bayern\/wp-json\/wp\/v2\/tags?post=2297"}],"curies":[{"name":"wp","href":"https:\/\/api.w.org\/{rel}","templated":true}]}}