{"id":2291,"date":"2023-06-03T12:39:46","date_gmt":"2023-06-03T10:39:46","guid":{"rendered":"https:\/\/www.ewigerbund.org\/bayern\/?page_id=2291"},"modified":"2023-11-19T02:42:05","modified_gmt":"2023-11-19T01:42:05","slug":"warum-wir-das-tun","status":"publish","type":"page","link":"https:\/\/www.ewigerbund.org\/bayern\/startseite\/herz-eb\/warum-wir-das-tun\/","title":{"rendered":"Eine Standortbestimmung."},"content":{"rendered":"\n<h2 class=\"gb-headline gb-headline-77bc48c6 gb-headline-text\">Restauration der Monarchie &#8211; Die Ausgangslage.<\/h2>\n\n\n\n<div style=\"height:50px\" aria-hidden=\"true\" class=\"wp-block-spacer\"><\/div>\n\n\n<div class=\"gb-container gb-container-f37c086b\">\n\n<blockquote class=\"wp-block-quote zitat-style is-layout-flow wp-block-quote-is-layout-flow\">\n<p><em>&#8222;Gott mit ihm, dem Bayernk\u00f6nig!<\/em><\/p>\n\n\n\n<p><em>Segen \u00fcber sein Geschlecht!<\/em><\/p>\n\n\n\n<p><em>Denn mit seinem Volk in Frieden,<\/em><\/p>\n\n\n\n<p><em>wahrt er dessen heilig Recht!<\/em><\/p>\n\n\n\n<p><em>Gott mit ihm, dem Landesvater!<\/em><\/p>\n\n\n\n<p><em>Gott mit uns in jedem Gau!<\/em><\/p>\n\n\n\n<p><em>Gott mit Dir, Du Land der Bayern,<\/em><\/p>\n\n\n\n<p><em>deutsche Heimat, wei\u00df und blau!&#8220;<\/em><\/p>\n<cite><em>&#8211; Bayernhymne, 3. Strophe.<\/em><\/cite><\/blockquote>\n\n<\/div>\n\n\n<div style=\"height:46px\" aria-hidden=\"true\" class=\"wp-block-spacer\"><\/div>\n\n\n<div class=\"gb-container gb-container-7f5af5ba\">\n\n<h2 class=\"gb-headline gb-headline-fdd88595 gb-headline-text\">Sturz der Monarchien.<\/h2>\n\n\n\n<p>Der Sturz der 22 deutschen Monarchien sowie die Zertr\u00fcmmerung des russischen, des \u00f6sterreich-ungarischen und des osmanischen Kaiserreiches als Folge des Weltkrieges zog eine beispiellose Leidensgeschichte der betroffenen V\u00f6lker nach sich. In Deutschland folgte \u00fcber drei Generationen eine auf Geschichtsl\u00fcgen und Greuelpropaganda gest\u00fctzte Umerziehung. Der sozialistischen Umerziehung der Zwanzigerjahre folgte die nationalsozialistische Umerziehung der Drei\u00dfigerjahre, worauf ab 1945 die \u201ealliierte\u201c Umerziehung folgte.<\/p>\n\n\n\n<p>Den Deutschen der Gegenwart wurde damit jegliche Verbindung genommen, sowohl zu ihren Ahnen als auch zur stolzen <a href=\"https:\/\/www.ewigerbund.org\/geschichte\/\">deutschen Geschichte<\/a> und insbesondere zum Wesen der Monarchie. Dies macht sie bis heute zum Treibgut, welches der Pl\u00fcnderung wehrlos ausgeliefert ist.<\/p>\n\n\n\n<p>Mit der gewaltsamen Exilierung aller deutschen Monarchen begann ein fortw\u00e4hrender Niedergang deutschen Seins, der heute in allen weltlichen wie geistigen Bereichen seine grausamen Auswirkungen zeigt.<\/p>\n\n\n\n<p>Seit mehr als hundert Jahren werden Sprache und Kultur gesch\u00e4ndet, das Bildungswesen immer mehr ins Gegenteil verkehrt und der Volksk\u00f6rper samt Geist vergiftet. Der Kern des einstigen Staates, die Familien, werden zerst\u00f6rt, Leistungstr\u00e4ger zum Auswandern gen\u00f6tigt, Geburtenraten auf unterschiedlichste Weise gesenkt und fehlender deutscher Nachwuchs zum Anla\u00df f\u00fcr Neuansiedlungen Kulturfremder genommen. Inzwischen ist der Deutsche mehrheitlich abgefallen von einstigen Idealen, hat sich verf\u00fchren lassen und sich und sein Volk verraten. In weiten Teilen vollendet er das Zerst\u00f6rungswerk an sich selbst.<\/p>\n\n\n\n<p>Das Erbe der V\u00e4ter, die soviel Blut, Schwei\u00df und Tr\u00e4nen gaben, um uns eine Zukunft in Freiheit und Selbstbestimmung zu sichern, wird mit F\u00fc\u00dfen getreten. Zunehmend werden Degeneration und Entartung erkennbar. Aus unserem einst so stolz bl\u00fchendem Volk ist eine sittenlose und verkommene Gesellschaft geworden. Materialismus und Egoismus sind die leitenden &#8222;Ideale&#8220;. Da mit den <a href=\"https:\/\/www.ewigerbund.org\/film\/26-was-ist-wirklich-1918-geschehen\/\">Verbrechen des Novembers<\/a> 1918 offensichtlich der Weg der Rechtsstaatlichkeit gewaltsam verlassen wurde, kann mit Restauration der legitimen Regierungen der deutschen B\u00fcndnisstaaten der heutige Zustand rechtm\u00e4\u00dfig umgekehrt und Bayern sowie Gesamtdeutschland wieder auf den Boden von Recht und Ordnung gestellt werden. Doch was bedeutet denn &#8222;Restauration legitimer Staatsgewalt&#8220;?<\/p>\n\n<\/div>\n\n\n<div style=\"height:30px\" aria-hidden=\"true\" class=\"wp-block-spacer\"><\/div>\n\n\n\n<blockquote class=\"wp-block-quote zitat-style is-layout-flow wp-block-quote-is-layout-flow\">\n<p>\u201e<em>Die Befugnis zur Aus\u00fcbung der Staatsgewalt ist nicht durch den rechtm\u00e4\u00dfigen Erwerb, sondern nur durch den tats\u00e4chlichen Besitz derselben bedingt. Die Staatsgewalt kann in keinem Momente eines Repr\u00e4sentanten entbehren, der die Herrschaftsrechte handhabt. Da der vertriebene legitime Herrscher dazu nicht im Stande ist, so mu\u00df es der tats\u00e4chlich im Besitz befindliche illegitime Herrscher tun. [\u2026] Legitimit\u00e4t ist kein Wesensmoment der Staatsgewalt. Ein illegitimer Herrscher kann durch die Restauration des legitimen wieder verdr\u00e4ngt werden. In diesem Falle hat die illegitime Staatsgewalt den Charakter einer Zwischenherrschaft.\u201c<\/em><\/p>\n<cite>&#8211; Lehrbuch des Deutschen Staatsrechts. Band 1. Seite 26, 27. Meyer-Ansch\u00fctz. 1919.<\/cite><\/blockquote>\n\n\n\n<div style=\"height:30px\" aria-hidden=\"true\" class=\"wp-block-spacer\"><\/div>\n\n\n\n<blockquote class=\"wp-block-quote zitat-style is-layout-flow wp-block-quote-is-layout-flow\">\n<p>\u201e<em>In politischer Hinsicht versteht man unter Restauration die (Wieder-) Herstellung einer durch b\u00fcrgerliche Unruhen zerr\u00fctteten oder doch gewaltsam ver\u00e4nderten Staatsverfassung und besonders die Wiedereinsetzung eines entthronten Regenten oder einer vertriebenen Regentenfamilie in ihre vorigen Rechte.\u201c<\/em><\/p>\n<cite>&#8211; Brockhaus 1837<\/cite><\/blockquote>\n\n\n\n<div style=\"height:30px\" aria-hidden=\"true\" class=\"wp-block-spacer\"><\/div>\n\n\n<div class=\"gb-container gb-container-9cdb093a\">\n\n<h2 class=\"gb-headline gb-headline-7d6b3425 gb-headline-text\">Den Niedergang umkehren.<\/h2>\n\n\n\n<p>Mittels Restauration also kann dieser anhaltende Niedergang rechtm\u00e4\u00dfig und nachhaltig umgekehrt werden. Die Zukunft unserer Kinder h\u00e4ngt am Gl\u00fccke unseres Vaterlandes. Das K\u00f6nigreich Bayern als Mitglied im ewigen Bund schafft das Unterpfand dieses Gl\u00fcckes. Es schafft den Rahmen f\u00fcr ein Leben in Einigkeit und Recht und Freiheit. Nun liegt es an den Bayern selbst, den Rahmen f\u00fcr die Restauration ihres K\u00f6nigreichs zu schaffen. Seine Majest\u00e4t der K\u00f6nig von Bayern ist dabei der einzige und unbestechliche Garant f\u00fcr die verbrieften Rechte des bayerischen Volkes. <\/p>\n\n\n\n<p>Die Mission der bayerischen K\u00f6nige war von jeher die Pflege der geistigen, sittlichen und wirtschaftlichen Interessen ihres Volkes sowie die Verbesserung seiner Lebensbedingungen. Dazu geh\u00f6ren beispielsweise der Schutz vor Armut, Krankheit, Arbeitslosigkeit sowie die F\u00f6rderung von Bildung und Kultur. Das allgemeine Wohl (Salus publica) galt auch in Bayern als Kompa\u00df in allen politischen Entscheidungen. Aber so, wie der K\u00f6nig der Garant f\u00fcr die Rechte des bayerischen Volkes ist, so ist sein Volk, so sind seine Untertanen Garant f\u00fcr die seinigen. Einzig aus dem alleruntert\u00e4nigsten, treuesten Gehorsam zum K\u00f6nig von Bayern erw\u00e4chst dessen Handlungsf\u00e4higkeit, welche er zum Wohle und zum Schutze seines Volkes einsetzen kann.<\/p>\n\n\n\n<p>Die zwei Jahrtausende umfassende <a href=\"https:\/\/www.ewigerbund.org\/bayern\/geschichte\/\">Geschichte Bayerns<\/a> und die \u00fcber achthundert Jahre w\u00e4hrende dynastische Anh\u00e4nglichkeit an das Herrscherhaus sorgen bis heute f\u00fcr eine verh\u00e4ltnism\u00e4\u00dfig best\u00e4ndige Identit\u00e4t und ein eigenes, wenn auch nur mehr schemenhaftes Staatsbewusstsein der bayerischen Bev\u00f6lkerung. Darin l\u00e4\u00dft sich f\u00fcr uns eine besondere Verantwortung erkennen, die uns nicht nur f\u00fcr Bayern, sondern f\u00fcr das gesamte deutsche Vaterland zuf\u00e4llt. Dank der Geschicke unseres <a href=\"https:\/\/www.ewigerbund.org\/bayern\/geschichte\/die-wittelsbacher\/\">Herrscherhauses<\/a> und seinem bis heute unbelasteten, herzlichen und f\u00fcrsorglichen Verh\u00e4ltnisses zur Bev\u00f6lkerung, liefert Bayern den idealen Boden f\u00fcr eine Renaissance des monarchischen Gedankens. Als strahlendes Vorbild, aus Tradition fortschrittlich und innovativ, wird Bayern die Wiege eines erneuerten Bundes sein.<\/p>\n\n\n\n<h2 class=\"gb-headline gb-headline-8e731d1a gb-headline-text\">Wiederkehr des K\u00f6nigs.<\/h2>\n\n\n\n<p>Mit der Verbreitung des monarchischen Gedankens, der St\u00e4rkung von Verfassungstreue und Staatsbewu\u00dftsein sowie der Steigerung des Geschichtsbewu\u00dftseins wird in der bayerischen Bev\u00f6lkerung eine umfassende Zustimmung f\u00fcr die Wiederkehr des K\u00f6nigs und die Restauration des wohlwollend-f\u00fcrsorglichen Staatswesens des K\u00f6nigreichs Bayern erwachsen.<\/p>\n\n\n\n<p>Hierf\u00fcr rufen wir alle vaterl\u00e4ndisch gesinnten, ihrer Heimat in Treue fest verbundenen Menschen innerhalb Bayerns auf, sich dem Ruf nach Restauration der bayerischen Monarchie anzuschlie\u00dfen. <\/p>\n\n\n\n<p>Abonniere unseren <a href=\"https:\/\/www.ewigerbund.org\/mitteilungen\">Info-Brief<\/a>, um keine Beitr\u00e4ge zu verpassen, und folge uns auf <a href=\"https:\/\/t.me\/ewigerbundbayern\">Telegram!<\/a> Und wenn du genug davon hast, nur Zuschauer zu sein und aktiv deinen Beitrag zur Restauration des Vaterlandes leisten m\u00f6chtest, <a href=\"https:\/\/t.me\/koenigreichbayern1806\">schlie\u00df dich uns an!<\/a><\/p>\n\n\n\n<p><a href=\"https:\/\/www.ewigerbund.org\/bayern\/herz-eb\/was-zu-tun-ist\/\">Weiterlesen -&gt;<\/a><\/p>\n\n<\/div>","protected":false},"excerpt":{"rendered":"<p>Restauration der Monarchie &#8211; Die Ausgangslage. &#8222;Gott mit ihm, dem Bayernk\u00f6nig! Segen \u00fcber sein Geschlecht! Denn mit seinem Volk in Frieden, wahrt er dessen heilig Recht! Gott mit ihm, dem Landesvater! Gott mit uns in jedem Gau! Gott mit Dir, Du Land der Bayern, deutsche Heimat, wei\u00df und blau!&#8220; Sturz der Monarchien. Der Sturz der &#8230; <a title=\"Eine Standortbestimmung.\" class=\"read-more\" href=\"https:\/\/www.ewigerbund.org\/bayern\/startseite\/herz-eb\/warum-wir-das-tun\/\" aria-label=\"Mehr zu Eine Standortbestimmung.\">Weiterlesen &#8230;<\/a><\/p>\n","protected":false},"author":16,"featured_media":2778,"parent":1969,"menu_order":0,"comment_status":"closed","ping_status":"closed","template":"template-6-beide-seitenleiste.php","meta":{"footnotes":""},"categories":[1,6,5],"tags":[537,506,507,449,503,505,220,510,509,368,500,504,446,538,539,452],"class_list":["post-2291","page","type-page","status-publish","has-post-thumbnail","hentry","category-allgemein","category-bayern","category-bundesstaat","tag-ausgangslage","tag-deutsches-volk","tag-erbe","tag-familie","tag-koenigtum","tag-kultur","tag-monarchie","tag-ordnung","tag-pflichterfuellung","tag-recht","tag-restauration","tag-sprache","tag-staat","tag-standortbestimmung","tag-umerziehung","tag-volk"],"yoast_head":"<!-- This site is optimized with the Yoast SEO plugin v23.1 - https:\/\/yoast.com\/wordpress\/plugins\/seo\/ -->\n<title>Eine Standortbestimmung. - K\u00f6nigreich Bayern<\/title>\n<meta name=\"description\" content=\"Der Sturz der 22 deutschen Monarchien sowie die Zertr\u00fcmmerung des russischen, des \u00f6sterreich-ungarischen und des osmanischen Kaiserreiches...\" \/>\n<meta name=\"robots\" content=\"index, follow, max-snippet:-1, max-image-preview:large, max-video-preview:-1\" \/>\n<link rel=\"canonical\" href=\"https:\/\/www.ewigerbund.org\/bayern\/startseite\/herz-eb\/warum-wir-das-tun\/\" \/>\n<meta property=\"og:locale\" content=\"de_DE\" \/>\n<meta property=\"og:type\" content=\"article\" \/>\n<meta property=\"og:title\" content=\"Eine Standortbestimmung. - K\u00f6nigreich Bayern\" \/>\n<meta property=\"og:description\" content=\"Der Sturz der 22 deutschen Monarchien sowie die Zertr\u00fcmmerung des russischen, des \u00f6sterreich-ungarischen und des osmanischen Kaiserreiches...\" \/>\n<meta property=\"og:url\" content=\"https:\/\/www.ewigerbund.org\/bayern\/startseite\/herz-eb\/warum-wir-das-tun\/\" \/>\n<meta property=\"og:site_name\" content=\"K\u00f6nigreich Bayern\" \/>\n<meta property=\"article:modified_time\" content=\"2023-11-19T01:42:05+00:00\" \/>\n<meta property=\"og:image\" content=\"https:\/\/www.ewigerbund.org\/bayern\/wp-content\/uploads\/sites\/12\/2023\/06\/Warum-wir-das-tun-Banner-1.jpg\" \/>\n\t<meta property=\"og:image:width\" content=\"1920\" \/>\n\t<meta property=\"og:image:height\" content=\"350\" \/>\n\t<meta property=\"og:image:type\" content=\"image\/jpeg\" \/>\n<meta name=\"twitter:card\" content=\"summary_large_image\" \/>\n<meta name=\"twitter:label1\" content=\"Gesch\u00e4tzte Lesezeit\" \/>\n\t<meta name=\"twitter:data1\" content=\"4\u00a0Minuten\" \/>\n<script type=\"application\/ld+json\" class=\"yoast-schema-graph\">{\"@context\":\"https:\/\/schema.org\",\"@graph\":[{\"@type\":\"WebPage\",\"@id\":\"https:\/\/www.ewigerbund.org\/bayern\/startseite\/herz-eb\/warum-wir-das-tun\/\",\"url\":\"https:\/\/www.ewigerbund.org\/bayern\/startseite\/herz-eb\/warum-wir-das-tun\/\",\"name\":\"Eine Standortbestimmung. - K\u00f6nigreich Bayern\",\"isPartOf\":{\"@id\":\"https:\/\/www.ewigerbund.org\/bayern\/#website\"},\"primaryImageOfPage\":{\"@id\":\"https:\/\/www.ewigerbund.org\/bayern\/startseite\/herz-eb\/warum-wir-das-tun\/#primaryimage\"},\"image\":{\"@id\":\"https:\/\/www.ewigerbund.org\/bayern\/startseite\/herz-eb\/warum-wir-das-tun\/#primaryimage\"},\"thumbnailUrl\":\"https:\/\/www.ewigerbund.org\/bayern\/wp-content\/uploads\/sites\/12\/2023\/06\/Warum-wir-das-tun-Banner-1.jpg\",\"datePublished\":\"2023-06-03T10:39:46+00:00\",\"dateModified\":\"2023-11-19T01:42:05+00:00\",\"description\":\"Der Sturz der 22 deutschen Monarchien sowie die Zertr\u00fcmmerung des russischen, des \u00f6sterreich-ungarischen und des osmanischen Kaiserreiches...\",\"breadcrumb\":{\"@id\":\"https:\/\/www.ewigerbund.org\/bayern\/startseite\/herz-eb\/warum-wir-das-tun\/#breadcrumb\"},\"inLanguage\":\"de\",\"potentialAction\":[{\"@type\":\"ReadAction\",\"target\":[\"https:\/\/www.ewigerbund.org\/bayern\/startseite\/herz-eb\/warum-wir-das-tun\/\"]}]},{\"@type\":\"ImageObject\",\"inLanguage\":\"de\",\"@id\":\"https:\/\/www.ewigerbund.org\/bayern\/startseite\/herz-eb\/warum-wir-das-tun\/#primaryimage\",\"url\":\"https:\/\/www.ewigerbund.org\/bayern\/wp-content\/uploads\/sites\/12\/2023\/06\/Warum-wir-das-tun-Banner-1.jpg\",\"contentUrl\":\"https:\/\/www.ewigerbund.org\/bayern\/wp-content\/uploads\/sites\/12\/2023\/06\/Warum-wir-das-tun-Banner-1.jpg\",\"width\":1920,\"height\":350,\"caption\":\"Warum-wir-das-tun-Bann\"},{\"@type\":\"BreadcrumbList\",\"@id\":\"https:\/\/www.ewigerbund.org\/bayern\/startseite\/herz-eb\/warum-wir-das-tun\/#breadcrumb\",\"itemListElement\":[{\"@type\":\"ListItem\",\"position\":1,\"name\":\"Startseite\",\"item\":\"https:\/\/www.ewigerbund.org\/bayern\/\"},{\"@type\":\"ListItem\",\"position\":2,\"name\":\"Startseite.\",\"item\":\"https:\/\/www.ewigerbund.org\/bayern\/\"},{\"@type\":\"ListItem\",\"position\":3,\"name\":\"HERZST\u00dcCK DES EWIGEN BUNDES.\",\"item\":\"https:\/\/www.ewigerbund.org\/bayern\/startseite\/herz-eb\/\"},{\"@type\":\"ListItem\",\"position\":4,\"name\":\"Eine Standortbestimmung.\"}]},{\"@type\":\"WebSite\",\"@id\":\"https:\/\/www.ewigerbund.org\/bayern\/#website\",\"url\":\"https:\/\/www.ewigerbund.org\/bayern\/\",\"name\":\"K\u00f6nigreich Bayern\",\"description\":\"im ewigen Bund.\",\"publisher\":{\"@id\":\"https:\/\/www.ewigerbund.org\/bayern\/#organization\"},\"potentialAction\":[{\"@type\":\"SearchAction\",\"target\":{\"@type\":\"EntryPoint\",\"urlTemplate\":\"https:\/\/www.ewigerbund.org\/bayern\/?s={search_term_string}\"},\"query-input\":\"required name=search_term_string\"}],\"inLanguage\":\"de\"},{\"@type\":\"Organization\",\"@id\":\"https:\/\/www.ewigerbund.org\/bayern\/#organization\",\"name\":\"K\u00f6nigreich Bayern\",\"url\":\"https:\/\/www.ewigerbund.org\/bayern\/\",\"logo\":{\"@type\":\"ImageObject\",\"inLanguage\":\"de\",\"@id\":\"https:\/\/www.ewigerbund.org\/bayern\/#\/schema\/logo\/image\/\",\"url\":\"https:\/\/www.ewigerbund.org\/bayern\/wp-content\/uploads\/sites\/12\/2023\/02\/2023-02-24-Logo-EB-Bayern-Schutzzone_Schatten_BGweiss_V2_1200px.png\",\"contentUrl\":\"https:\/\/www.ewigerbund.org\/bayern\/wp-content\/uploads\/sites\/12\/2023\/02\/2023-02-24-Logo-EB-Bayern-Schutzzone_Schatten_BGweiss_V2_1200px.png\",\"width\":1200,\"height\":1200,\"caption\":\"K\u00f6nigreich Bayern\"},\"image\":{\"@id\":\"https:\/\/www.ewigerbund.org\/bayern\/#\/schema\/logo\/image\/\"}}]}<\/script>\n<!-- \/ Yoast SEO plugin. -->","yoast_head_json":{"title":"Eine Standortbestimmung. - K\u00f6nigreich Bayern","description":"Der Sturz der 22 deutschen Monarchien sowie die Zertr\u00fcmmerung des russischen, des \u00f6sterreich-ungarischen und des osmanischen Kaiserreiches...","robots":{"index":"index","follow":"follow","max-snippet":"max-snippet:-1","max-image-preview":"max-image-preview:large","max-video-preview":"max-video-preview:-1"},"canonical":"https:\/\/www.ewigerbund.org\/bayern\/startseite\/herz-eb\/warum-wir-das-tun\/","og_locale":"de_DE","og_type":"article","og_title":"Eine Standortbestimmung. - K\u00f6nigreich Bayern","og_description":"Der Sturz der 22 deutschen Monarchien sowie die Zertr\u00fcmmerung des russischen, des \u00f6sterreich-ungarischen und des osmanischen Kaiserreiches...","og_url":"https:\/\/www.ewigerbund.org\/bayern\/startseite\/herz-eb\/warum-wir-das-tun\/","og_site_name":"K\u00f6nigreich Bayern","article_modified_time":"2023-11-19T01:42:05+00:00","og_image":[{"width":1920,"height":350,"url":"https:\/\/www.ewigerbund.org\/bayern\/wp-content\/uploads\/sites\/12\/2023\/06\/Warum-wir-das-tun-Banner-1.jpg","type":"image\/jpeg"}],"twitter_card":"summary_large_image","twitter_misc":{"Gesch\u00e4tzte Lesezeit":"4\u00a0Minuten"},"schema":{"@context":"https:\/\/schema.org","@graph":[{"@type":"WebPage","@id":"https:\/\/www.ewigerbund.org\/bayern\/startseite\/herz-eb\/warum-wir-das-tun\/","url":"https:\/\/www.ewigerbund.org\/bayern\/startseite\/herz-eb\/warum-wir-das-tun\/","name":"Eine Standortbestimmung. - K\u00f6nigreich Bayern","isPartOf":{"@id":"https:\/\/www.ewigerbund.org\/bayern\/#website"},"primaryImageOfPage":{"@id":"https:\/\/www.ewigerbund.org\/bayern\/startseite\/herz-eb\/warum-wir-das-tun\/#primaryimage"},"image":{"@id":"https:\/\/www.ewigerbund.org\/bayern\/startseite\/herz-eb\/warum-wir-das-tun\/#primaryimage"},"thumbnailUrl":"https:\/\/www.ewigerbund.org\/bayern\/wp-content\/uploads\/sites\/12\/2023\/06\/Warum-wir-das-tun-Banner-1.jpg","datePublished":"2023-06-03T10:39:46+00:00","dateModified":"2023-11-19T01:42:05+00:00","description":"Der Sturz der 22 deutschen Monarchien sowie die Zertr\u00fcmmerung des russischen, des \u00f6sterreich-ungarischen und des osmanischen Kaiserreiches...","breadcrumb":{"@id":"https:\/\/www.ewigerbund.org\/bayern\/startseite\/herz-eb\/warum-wir-das-tun\/#breadcrumb"},"inLanguage":"de","potentialAction":[{"@type":"ReadAction","target":["https:\/\/www.ewigerbund.org\/bayern\/startseite\/herz-eb\/warum-wir-das-tun\/"]}]},{"@type":"ImageObject","inLanguage":"de","@id":"https:\/\/www.ewigerbund.org\/bayern\/startseite\/herz-eb\/warum-wir-das-tun\/#primaryimage","url":"https:\/\/www.ewigerbund.org\/bayern\/wp-content\/uploads\/sites\/12\/2023\/06\/Warum-wir-das-tun-Banner-1.jpg","contentUrl":"https:\/\/www.ewigerbund.org\/bayern\/wp-content\/uploads\/sites\/12\/2023\/06\/Warum-wir-das-tun-Banner-1.jpg","width":1920,"height":350,"caption":"Warum-wir-das-tun-Bann"},{"@type":"BreadcrumbList","@id":"https:\/\/www.ewigerbund.org\/bayern\/startseite\/herz-eb\/warum-wir-das-tun\/#breadcrumb","itemListElement":[{"@type":"ListItem","position":1,"name":"Startseite","item":"https:\/\/www.ewigerbund.org\/bayern\/"},{"@type":"ListItem","position":2,"name":"Startseite.","item":"https:\/\/www.ewigerbund.org\/bayern\/"},{"@type":"ListItem","position":3,"name":"HERZST\u00dcCK DES EWIGEN BUNDES.","item":"https:\/\/www.ewigerbund.org\/bayern\/startseite\/herz-eb\/"},{"@type":"ListItem","position":4,"name":"Eine Standortbestimmung."}]},{"@type":"WebSite","@id":"https:\/\/www.ewigerbund.org\/bayern\/#website","url":"https:\/\/www.ewigerbund.org\/bayern\/","name":"K\u00f6nigreich Bayern","description":"im ewigen Bund.","publisher":{"@id":"https:\/\/www.ewigerbund.org\/bayern\/#organization"},"potentialAction":[{"@type":"SearchAction","target":{"@type":"EntryPoint","urlTemplate":"https:\/\/www.ewigerbund.org\/bayern\/?s={search_term_string}"},"query-input":"required name=search_term_string"}],"inLanguage":"de"},{"@type":"Organization","@id":"https:\/\/www.ewigerbund.org\/bayern\/#organization","name":"K\u00f6nigreich Bayern","url":"https:\/\/www.ewigerbund.org\/bayern\/","logo":{"@type":"ImageObject","inLanguage":"de","@id":"https:\/\/www.ewigerbund.org\/bayern\/#\/schema\/logo\/image\/","url":"https:\/\/www.ewigerbund.org\/bayern\/wp-content\/uploads\/sites\/12\/2023\/02\/2023-02-24-Logo-EB-Bayern-Schutzzone_Schatten_BGweiss_V2_1200px.png","contentUrl":"https:\/\/www.ewigerbund.org\/bayern\/wp-content\/uploads\/sites\/12\/2023\/02\/2023-02-24-Logo-EB-Bayern-Schutzzone_Schatten_BGweiss_V2_1200px.png","width":1200,"height":1200,"caption":"K\u00f6nigreich Bayern"},"image":{"@id":"https:\/\/www.ewigerbund.org\/bayern\/#\/schema\/logo\/image\/"}}]}},"_links":{"self":[{"href":"https:\/\/www.ewigerbund.org\/bayern\/wp-json\/wp\/v2\/pages\/2291","targetHints":{"allow":["GET"]}}],"collection":[{"href":"https:\/\/www.ewigerbund.org\/bayern\/wp-json\/wp\/v2\/pages"}],"about":[{"href":"https:\/\/www.ewigerbund.org\/bayern\/wp-json\/wp\/v2\/types\/page"}],"author":[{"embeddable":true,"href":"https:\/\/www.ewigerbund.org\/bayern\/wp-json\/wp\/v2\/users\/16"}],"replies":[{"embeddable":true,"href":"https:\/\/www.ewigerbund.org\/bayern\/wp-json\/wp\/v2\/comments?post=2291"}],"version-history":[{"count":20,"href":"https:\/\/www.ewigerbund.org\/bayern\/wp-json\/wp\/v2\/pages\/2291\/revisions"}],"predecessor-version":[{"id":4551,"href":"https:\/\/www.ewigerbund.org\/bayern\/wp-json\/wp\/v2\/pages\/2291\/revisions\/4551"}],"up":[{"embeddable":true,"href":"https:\/\/www.ewigerbund.org\/bayern\/wp-json\/wp\/v2\/pages\/1969"}],"wp:featuredmedia":[{"embeddable":true,"href":"https:\/\/www.ewigerbund.org\/bayern\/wp-json\/wp\/v2\/media\/2778"}],"wp:attachment":[{"href":"https:\/\/www.ewigerbund.org\/bayern\/wp-json\/wp\/v2\/media?parent=2291"}],"wp:term":[{"taxonomy":"category","embeddable":true,"href":"https:\/\/www.ewigerbund.org\/bayern\/wp-json\/wp\/v2\/categories?post=2291"},{"taxonomy":"post_tag","embeddable":true,"href":"https:\/\/www.ewigerbund.org\/bayern\/wp-json\/wp\/v2\/tags?post=2291"}],"curies":[{"name":"wp","href":"https:\/\/api.w.org\/{rel}","templated":true}]}}