{"id":2282,"date":"2023-06-03T12:02:50","date_gmt":"2023-06-03T10:02:50","guid":{"rendered":"https:\/\/www.ewigerbund.org\/bayern\/?page_id=2282"},"modified":"2023-11-28T14:05:34","modified_gmt":"2023-11-28T13:05:34","slug":"unser-auftrag","status":"publish","type":"page","link":"https:\/\/www.ewigerbund.org\/bayern\/startseite\/herz-eb\/unser-auftrag\/","title":{"rendered":"Unser Auftrag."},"content":{"rendered":"<div class=\"gb-container gb-container-f9a82490\">\n<div class=\"gb-container gb-container-0045b70e\">\n\n<h2 class=\"gb-headline gb-headline-bbd7a78e gb-headline-text\">Restauration der Monarchie.<\/h2>\n\n\n\n<p>Unser Auftrag ist die Restauration (Wiederherstellung) des K\u00f6nigreichs Bayern. Wer zum Thema Restauration nach einer Richtmarke sucht, landet immer wieder beim <a href=\"https:\/\/www.ewigerbund.org\/geschichte\/19-jahrhundert\/1814-der-wiener-kongress-und-der-deutsche-bund\/\" target=\"_blank\" rel=\"noreferrer noopener\">Wiener Kongress<\/a> 1814\/15 und dem, was als Folge seiner Beschl\u00fcsse entstanden ist. Es wird hier eine Phase als Restauration bezeichnet, die mit dem Sturz Napoleons beginnt.<\/p>\n\n\n\n<p>Der Kaiser der Franzosen, wie er sich nannte, hatte die bestehende, durch die Auswirkungen der franz\u00f6sischen Revolution ohnehin bereits ersch\u00fctterte Ordnung in Europa gewaltsam zertr\u00fcmmert. Seine Hinterlassenschaft waren Tod, Verw\u00fcstung, wirre Zust\u00e4nde und haltlose B\u00fcndnisse. Die deswegen dringlich vorzunehmende Neuordnung Europas mit dem Bestreben der weitestgehenden Wahrung des Legitimit\u00e4tsprinzips nennt man heute &#8222;Restaurationsphase&#8220;.<\/p>\n\n\n\n<p>Bei Betrachtung der damaligen Zust\u00e4nde f\u00e4llt auf, da\u00df wir uns heute prinzipiell in einer ganz \u00e4hnlichen Situation befinden. Gerade deshalb ist es f\u00fcr uns nat\u00fcrlich in vielfacher Hinsicht von Interesse, was seinerzeit n\u00f6tig war, um die Restauration einzuleiten und endlich auch durchzuf\u00fchren.<\/p>\n\n\n\n<p>F\u00fcr unser Daf\u00fcrhalten lassen sich zwei wesentliche Merkmale feststellen: Zum einen demonstrierten die V\u00f6lker ihren Souver\u00e4nen die eigene Entschlossenheit, die tyrannische Fremdherrschaft abzustreifen &#8211; zum anderen waren aber auch legitime Strukturen vorhanden, welche die Staatsmacht zu tragen und den Staat zu organisieren vermochten.<\/p>\n\n\n\n<p>Diese Feststellung in Verbindung mit Aussagen der ma\u00dfgebenden H\u00e4user Bayerns und Preu\u00dfens geben uns entscheidende Hinweise darauf, wie wir unseren Auftrag erf\u00fcllen und eine neuerliche Restaurationsphase erwirken.<\/p>\n\n\n\n<p>Zuvorderst gilt es demnach, den Volkswillen, das hei\u00dft, die mehrheitliche Zustimmung der Bev\u00f6lkerung f\u00fcr eine Wiedereinf\u00fchrung der Monarchie zu gewinnen. Hierf\u00fcr sind die Bayern \u00fcber wesentliche historische sowie rechtliche Tatsachen zu unterrichten. Damit sorgen wir f\u00fcr ein gerechtes Geschichtsurteil und legen damit die Grundlage, um das wahre Wesen deutschen Rechts und monarchischer Staatsf\u00fchrung erkennbar zu machen.<\/p>\n\n\n\n<p>Ebenso ist aber die Aus\u00fcbung der legitimen Staatsgewalt zu gew\u00e4hrleisten, was nur mittels eines m\u00fcndigen und verfassungstreuen Volkes sichergestellt werden kann, dessen Beste sich ausreichend bef\u00e4higen, um dem Staat dienen zu k\u00f6nnen. Demnach ergeben sich also zwei in ihrem Wesen g\u00e4nzlich verschiedene Vorbedingungen f\u00fcr eine Restauration. Diese Vorbedingungen zu erf\u00fcllen ist unser Ziel! <a href=\"https:\/\/www.ewigerbund.org\/bayern\/herz-eb\/warum-wir-das-tun\/\">Weiterlesen -&gt;<\/a><\/p>\n\n<\/div>\n<\/div>","protected":false},"excerpt":{"rendered":"<p>Restauration der Monarchie. Unser Auftrag ist die Restauration (Wiederherstellung) des K\u00f6nigreichs Bayern. Wer zum Thema Restauration nach einer Richtmarke sucht, landet immer wieder beim Wiener Kongress 1814\/15 und dem, was als Folge seiner Beschl\u00fcsse entstanden ist. Es wird hier eine Phase als Restauration bezeichnet, die mit dem Sturz Napoleons beginnt. Der Kaiser der Franzosen, wie &#8230; <a title=\"Unser Auftrag.\" class=\"read-more\" href=\"https:\/\/www.ewigerbund.org\/bayern\/startseite\/herz-eb\/unser-auftrag\/\" aria-label=\"Mehr zu Unser Auftrag.\">Weiterlesen &#8230;<\/a><\/p>\n","protected":false},"author":16,"featured_media":2776,"parent":1969,"menu_order":0,"comment_status":"closed","ping_status":"closed","template":"template-6-beide-seitenleiste.php","meta":{"footnotes":""},"categories":[1,6,5],"tags":[494,536,43,220,500,501],"class_list":["post-2282","page","type-page","status-publish","has-post-thumbnail","hentry","category-allgemein","category-bayern","category-bundesstaat","tag-aktuelles","tag-auftrag","tag-koenigreich-bayern","tag-monarchie","tag-restauration","tag-staatsgewalt"],"yoast_head":"<!-- This site is optimized with the Yoast SEO plugin v23.1 - https:\/\/yoast.com\/wordpress\/plugins\/seo\/ -->\n<title>Unser Auftrag. - K\u00f6nigreich Bayern<\/title>\n<meta name=\"description\" content=\"Unser Auftrag ist die Restauration (Wiederherstellung) des K\u00f6nigreichs Bayern. Wer zum Thema Restauration nach einer Richtmarke sucht ...\" \/>\n<meta name=\"robots\" content=\"index, follow, max-snippet:-1, max-image-preview:large, max-video-preview:-1\" \/>\n<link rel=\"canonical\" href=\"https:\/\/www.ewigerbund.org\/bayern\/startseite\/herz-eb\/unser-auftrag\/\" \/>\n<meta property=\"og:locale\" content=\"de_DE\" \/>\n<meta property=\"og:type\" content=\"article\" \/>\n<meta property=\"og:title\" content=\"Unser Auftrag. - K\u00f6nigreich Bayern\" \/>\n<meta property=\"og:description\" content=\"Unser Auftrag ist die Restauration (Wiederherstellung) des K\u00f6nigreichs Bayern. Wer zum Thema Restauration nach einer Richtmarke sucht ...\" \/>\n<meta property=\"og:url\" content=\"https:\/\/www.ewigerbund.org\/bayern\/startseite\/herz-eb\/unser-auftrag\/\" \/>\n<meta property=\"og:site_name\" content=\"K\u00f6nigreich Bayern\" \/>\n<meta property=\"article:modified_time\" content=\"2023-11-28T13:05:34+00:00\" \/>\n<meta property=\"og:image\" content=\"https:\/\/www.ewigerbund.org\/bayern\/wp-content\/uploads\/sites\/12\/2023\/06\/Unser-Auftrag-Banner-1.jpg\" \/>\n\t<meta property=\"og:image:width\" content=\"1920\" \/>\n\t<meta property=\"og:image:height\" content=\"350\" \/>\n\t<meta property=\"og:image:type\" content=\"image\/jpeg\" \/>\n<meta name=\"twitter:card\" content=\"summary_large_image\" \/>\n<meta name=\"twitter:label1\" content=\"Gesch\u00e4tzte Lesezeit\" \/>\n\t<meta name=\"twitter:data1\" content=\"2\u00a0Minuten\" \/>\n<script type=\"application\/ld+json\" class=\"yoast-schema-graph\">{\"@context\":\"https:\/\/schema.org\",\"@graph\":[{\"@type\":[\"WebPage\",\"AboutPage\"],\"@id\":\"https:\/\/www.ewigerbund.org\/bayern\/startseite\/herz-eb\/unser-auftrag\/\",\"url\":\"https:\/\/www.ewigerbund.org\/bayern\/startseite\/herz-eb\/unser-auftrag\/\",\"name\":\"Unser Auftrag. - K\u00f6nigreich Bayern\",\"isPartOf\":{\"@id\":\"https:\/\/www.ewigerbund.org\/bayern\/#website\"},\"primaryImageOfPage\":{\"@id\":\"https:\/\/www.ewigerbund.org\/bayern\/startseite\/herz-eb\/unser-auftrag\/#primaryimage\"},\"image\":{\"@id\":\"https:\/\/www.ewigerbund.org\/bayern\/startseite\/herz-eb\/unser-auftrag\/#primaryimage\"},\"thumbnailUrl\":\"https:\/\/www.ewigerbund.org\/bayern\/wp-content\/uploads\/sites\/12\/2023\/06\/Unser-Auftrag-Banner-1.jpg\",\"datePublished\":\"2023-06-03T10:02:50+00:00\",\"dateModified\":\"2023-11-28T13:05:34+00:00\",\"description\":\"Unser Auftrag ist die Restauration (Wiederherstellung) des K\u00f6nigreichs Bayern. Wer zum Thema Restauration nach einer Richtmarke sucht ...\",\"breadcrumb\":{\"@id\":\"https:\/\/www.ewigerbund.org\/bayern\/startseite\/herz-eb\/unser-auftrag\/#breadcrumb\"},\"inLanguage\":\"de\",\"potentialAction\":[{\"@type\":\"ReadAction\",\"target\":[\"https:\/\/www.ewigerbund.org\/bayern\/startseite\/herz-eb\/unser-auftrag\/\"]}]},{\"@type\":\"ImageObject\",\"inLanguage\":\"de\",\"@id\":\"https:\/\/www.ewigerbund.org\/bayern\/startseite\/herz-eb\/unser-auftrag\/#primaryimage\",\"url\":\"https:\/\/www.ewigerbund.org\/bayern\/wp-content\/uploads\/sites\/12\/2023\/06\/Unser-Auftrag-Banner-1.jpg\",\"contentUrl\":\"https:\/\/www.ewigerbund.org\/bayern\/wp-content\/uploads\/sites\/12\/2023\/06\/Unser-Auftrag-Banner-1.jpg\",\"width\":1920,\"height\":350,\"caption\":\"Unser-Auftrag-Banner\"},{\"@type\":\"BreadcrumbList\",\"@id\":\"https:\/\/www.ewigerbund.org\/bayern\/startseite\/herz-eb\/unser-auftrag\/#breadcrumb\",\"itemListElement\":[{\"@type\":\"ListItem\",\"position\":1,\"name\":\"Startseite\",\"item\":\"https:\/\/www.ewigerbund.org\/bayern\/\"},{\"@type\":\"ListItem\",\"position\":2,\"name\":\"Startseite.\",\"item\":\"https:\/\/www.ewigerbund.org\/bayern\/\"},{\"@type\":\"ListItem\",\"position\":3,\"name\":\"HERZST\u00dcCK DES EWIGEN BUNDES.\",\"item\":\"https:\/\/www.ewigerbund.org\/bayern\/startseite\/herz-eb\/\"},{\"@type\":\"ListItem\",\"position\":4,\"name\":\"Unser Auftrag.\"}]},{\"@type\":\"WebSite\",\"@id\":\"https:\/\/www.ewigerbund.org\/bayern\/#website\",\"url\":\"https:\/\/www.ewigerbund.org\/bayern\/\",\"name\":\"K\u00f6nigreich Bayern\",\"description\":\"im ewigen Bund.\",\"publisher\":{\"@id\":\"https:\/\/www.ewigerbund.org\/bayern\/#organization\"},\"potentialAction\":[{\"@type\":\"SearchAction\",\"target\":{\"@type\":\"EntryPoint\",\"urlTemplate\":\"https:\/\/www.ewigerbund.org\/bayern\/?s={search_term_string}\"},\"query-input\":\"required name=search_term_string\"}],\"inLanguage\":\"de\"},{\"@type\":\"Organization\",\"@id\":\"https:\/\/www.ewigerbund.org\/bayern\/#organization\",\"name\":\"K\u00f6nigreich Bayern\",\"url\":\"https:\/\/www.ewigerbund.org\/bayern\/\",\"logo\":{\"@type\":\"ImageObject\",\"inLanguage\":\"de\",\"@id\":\"https:\/\/www.ewigerbund.org\/bayern\/#\/schema\/logo\/image\/\",\"url\":\"https:\/\/www.ewigerbund.org\/bayern\/wp-content\/uploads\/sites\/12\/2023\/02\/2023-02-24-Logo-EB-Bayern-Schutzzone_Schatten_BGweiss_V2_1200px.png\",\"contentUrl\":\"https:\/\/www.ewigerbund.org\/bayern\/wp-content\/uploads\/sites\/12\/2023\/02\/2023-02-24-Logo-EB-Bayern-Schutzzone_Schatten_BGweiss_V2_1200px.png\",\"width\":1200,\"height\":1200,\"caption\":\"K\u00f6nigreich Bayern\"},\"image\":{\"@id\":\"https:\/\/www.ewigerbund.org\/bayern\/#\/schema\/logo\/image\/\"}}]}<\/script>\n<!-- \/ Yoast SEO plugin. -->","yoast_head_json":{"title":"Unser Auftrag. - K\u00f6nigreich Bayern","description":"Unser Auftrag ist die Restauration (Wiederherstellung) des K\u00f6nigreichs Bayern. Wer zum Thema Restauration nach einer Richtmarke sucht ...","robots":{"index":"index","follow":"follow","max-snippet":"max-snippet:-1","max-image-preview":"max-image-preview:large","max-video-preview":"max-video-preview:-1"},"canonical":"https:\/\/www.ewigerbund.org\/bayern\/startseite\/herz-eb\/unser-auftrag\/","og_locale":"de_DE","og_type":"article","og_title":"Unser Auftrag. - K\u00f6nigreich Bayern","og_description":"Unser Auftrag ist die Restauration (Wiederherstellung) des K\u00f6nigreichs Bayern. Wer zum Thema Restauration nach einer Richtmarke sucht ...","og_url":"https:\/\/www.ewigerbund.org\/bayern\/startseite\/herz-eb\/unser-auftrag\/","og_site_name":"K\u00f6nigreich Bayern","article_modified_time":"2023-11-28T13:05:34+00:00","og_image":[{"width":1920,"height":350,"url":"https:\/\/www.ewigerbund.org\/bayern\/wp-content\/uploads\/sites\/12\/2023\/06\/Unser-Auftrag-Banner-1.jpg","type":"image\/jpeg"}],"twitter_card":"summary_large_image","twitter_misc":{"Gesch\u00e4tzte Lesezeit":"2\u00a0Minuten"},"schema":{"@context":"https:\/\/schema.org","@graph":[{"@type":["WebPage","AboutPage"],"@id":"https:\/\/www.ewigerbund.org\/bayern\/startseite\/herz-eb\/unser-auftrag\/","url":"https:\/\/www.ewigerbund.org\/bayern\/startseite\/herz-eb\/unser-auftrag\/","name":"Unser Auftrag. - K\u00f6nigreich Bayern","isPartOf":{"@id":"https:\/\/www.ewigerbund.org\/bayern\/#website"},"primaryImageOfPage":{"@id":"https:\/\/www.ewigerbund.org\/bayern\/startseite\/herz-eb\/unser-auftrag\/#primaryimage"},"image":{"@id":"https:\/\/www.ewigerbund.org\/bayern\/startseite\/herz-eb\/unser-auftrag\/#primaryimage"},"thumbnailUrl":"https:\/\/www.ewigerbund.org\/bayern\/wp-content\/uploads\/sites\/12\/2023\/06\/Unser-Auftrag-Banner-1.jpg","datePublished":"2023-06-03T10:02:50+00:00","dateModified":"2023-11-28T13:05:34+00:00","description":"Unser Auftrag ist die Restauration (Wiederherstellung) des K\u00f6nigreichs Bayern. Wer zum Thema Restauration nach einer Richtmarke sucht ...","breadcrumb":{"@id":"https:\/\/www.ewigerbund.org\/bayern\/startseite\/herz-eb\/unser-auftrag\/#breadcrumb"},"inLanguage":"de","potentialAction":[{"@type":"ReadAction","target":["https:\/\/www.ewigerbund.org\/bayern\/startseite\/herz-eb\/unser-auftrag\/"]}]},{"@type":"ImageObject","inLanguage":"de","@id":"https:\/\/www.ewigerbund.org\/bayern\/startseite\/herz-eb\/unser-auftrag\/#primaryimage","url":"https:\/\/www.ewigerbund.org\/bayern\/wp-content\/uploads\/sites\/12\/2023\/06\/Unser-Auftrag-Banner-1.jpg","contentUrl":"https:\/\/www.ewigerbund.org\/bayern\/wp-content\/uploads\/sites\/12\/2023\/06\/Unser-Auftrag-Banner-1.jpg","width":1920,"height":350,"caption":"Unser-Auftrag-Banner"},{"@type":"BreadcrumbList","@id":"https:\/\/www.ewigerbund.org\/bayern\/startseite\/herz-eb\/unser-auftrag\/#breadcrumb","itemListElement":[{"@type":"ListItem","position":1,"name":"Startseite","item":"https:\/\/www.ewigerbund.org\/bayern\/"},{"@type":"ListItem","position":2,"name":"Startseite.","item":"https:\/\/www.ewigerbund.org\/bayern\/"},{"@type":"ListItem","position":3,"name":"HERZST\u00dcCK DES EWIGEN BUNDES.","item":"https:\/\/www.ewigerbund.org\/bayern\/startseite\/herz-eb\/"},{"@type":"ListItem","position":4,"name":"Unser Auftrag."}]},{"@type":"WebSite","@id":"https:\/\/www.ewigerbund.org\/bayern\/#website","url":"https:\/\/www.ewigerbund.org\/bayern\/","name":"K\u00f6nigreich Bayern","description":"im ewigen Bund.","publisher":{"@id":"https:\/\/www.ewigerbund.org\/bayern\/#organization"},"potentialAction":[{"@type":"SearchAction","target":{"@type":"EntryPoint","urlTemplate":"https:\/\/www.ewigerbund.org\/bayern\/?s={search_term_string}"},"query-input":"required name=search_term_string"}],"inLanguage":"de"},{"@type":"Organization","@id":"https:\/\/www.ewigerbund.org\/bayern\/#organization","name":"K\u00f6nigreich Bayern","url":"https:\/\/www.ewigerbund.org\/bayern\/","logo":{"@type":"ImageObject","inLanguage":"de","@id":"https:\/\/www.ewigerbund.org\/bayern\/#\/schema\/logo\/image\/","url":"https:\/\/www.ewigerbund.org\/bayern\/wp-content\/uploads\/sites\/12\/2023\/02\/2023-02-24-Logo-EB-Bayern-Schutzzone_Schatten_BGweiss_V2_1200px.png","contentUrl":"https:\/\/www.ewigerbund.org\/bayern\/wp-content\/uploads\/sites\/12\/2023\/02\/2023-02-24-Logo-EB-Bayern-Schutzzone_Schatten_BGweiss_V2_1200px.png","width":1200,"height":1200,"caption":"K\u00f6nigreich Bayern"},"image":{"@id":"https:\/\/www.ewigerbund.org\/bayern\/#\/schema\/logo\/image\/"}}]}},"_links":{"self":[{"href":"https:\/\/www.ewigerbund.org\/bayern\/wp-json\/wp\/v2\/pages\/2282","targetHints":{"allow":["GET"]}}],"collection":[{"href":"https:\/\/www.ewigerbund.org\/bayern\/wp-json\/wp\/v2\/pages"}],"about":[{"href":"https:\/\/www.ewigerbund.org\/bayern\/wp-json\/wp\/v2\/types\/page"}],"author":[{"embeddable":true,"href":"https:\/\/www.ewigerbund.org\/bayern\/wp-json\/wp\/v2\/users\/16"}],"replies":[{"embeddable":true,"href":"https:\/\/www.ewigerbund.org\/bayern\/wp-json\/wp\/v2\/comments?post=2282"}],"version-history":[{"count":23,"href":"https:\/\/www.ewigerbund.org\/bayern\/wp-json\/wp\/v2\/pages\/2282\/revisions"}],"predecessor-version":[{"id":4602,"href":"https:\/\/www.ewigerbund.org\/bayern\/wp-json\/wp\/v2\/pages\/2282\/revisions\/4602"}],"up":[{"embeddable":true,"href":"https:\/\/www.ewigerbund.org\/bayern\/wp-json\/wp\/v2\/pages\/1969"}],"wp:featuredmedia":[{"embeddable":true,"href":"https:\/\/www.ewigerbund.org\/bayern\/wp-json\/wp\/v2\/media\/2776"}],"wp:attachment":[{"href":"https:\/\/www.ewigerbund.org\/bayern\/wp-json\/wp\/v2\/media?parent=2282"}],"wp:term":[{"taxonomy":"category","embeddable":true,"href":"https:\/\/www.ewigerbund.org\/bayern\/wp-json\/wp\/v2\/categories?post=2282"},{"taxonomy":"post_tag","embeddable":true,"href":"https:\/\/www.ewigerbund.org\/bayern\/wp-json\/wp\/v2\/tags?post=2282"}],"curies":[{"name":"wp","href":"https:\/\/api.w.org\/{rel}","templated":true}]}}